{"id":14124,"date":"2023-11-08T15:54:40","date_gmt":"2023-11-08T15:54:40","guid":{"rendered":"https:\/\/moverdb.com\/freight-forwarder\/freight-forwarding-uk\/horley-freight-forwarder\/"},"modified":"2026-01-08T14:58:03","modified_gmt":"2026-01-08T14:58:03","slug":"horley-freight-forwarder","status":"publish","type":"page","link":"https:\/\/moverdb.com\/et\/freight-forwarder\/freight-forwarding-uk\/horley-freight-forwarder\/","title":{"rendered":"2 Parimad Horley ekspedeerimisfirmad (2024)"},"content":{"rendered":"<p>J\u00e4rgnevalt vaatleme 2 <em>\"parim\"<\/em> Ekspedeerimisfirmad Horley 5-st.<\/p>\n<p>Lisateavet selle kohta, kuidas me valisime parimad, leiate meie KKK-osa l\u00f5pust.<\/p>\n<p><em>Pange t\u00e4hele, et j\u00e4rgmised nimekirjad ei ole konkreetses j\u00e4rjekorras ja me ei anna soovitusi \u00fchegi konkreetse ettev\u00f5tte kohta.<\/em><\/p>\n<h2>DMS International Ltd<\/h2>\n<p><img decoding=\"async\" src=\"https:\/\/moverdb.com\/wp-content\/uploads\/AF1QipPUGYskWBvhLSFrApRfWm5-GRtv3dDiA4EUyQ4_w408-h691-k-no.jpg\" alt='DMS International Ltd' class=\"aligncenter\"><\/p>\n<p><strong>Ettev\u00f5tte kirjeldus: <\/strong>DMS International Limited on rahvusvaheline logistikaekspert, kes on spetsialiseerunud j\u00e4rgmistele valdkondadele;<br \/>\nAjakriitiline t\u00f6\u00f6 24\/7 kogu maailmas<br \/>\npardakullerite (OBC) liikumine 24\/7 kogu maailmas<br \/>\nAircraft ON Ground (AOG) eksperdid 24\/\/7 kogu maailmas<br \/>\nNext Flight Out (NFO) spetsialistid 24\/7 kogu maailmas<br \/>\nT\u00e4itmise, komplekteerimise ja pakendamise ning jaotamise h\u00f5lbustajad nii 3PL kui ka 4PL puhul<br \/>\nEraldatud s\u00f5idukite v\u00e4ljasaatmine (Rush Drives) 24\/7 <a href=\"https:\/\/moverdb.com\/et\/moving-to-the-uk\/\" data-internallinksmanager029f6b8e52c=\"93\" title=\"Kolimine \u00dchendkuningriiki? 2022 Elamiskulud ja kolimisn\u00f5uanded\">UK<\/a> ja kogu Euroopa ja kaugemalgi<br \/>\nMeie kullerteenuse osakond pakub s\u00f5idukeid alates v\u00e4ikestest kaubikutest kuni liigendatud s\u00f5idukite ukselt uksele toimetamiseni.<br \/>\nMuusika\/meelelahutust\u00f6\u00f6stuse eri\u00fcrituste t\u00f6\u00f6 kogu maailmas<br \/>\nSpetsiaalne infotehnoloogia j\u00e4lgimiss\u00fcsteem k\u00f5igi liikumiste jaoks.<br \/>\nMeil on ka HUMSi osakond ja me oleme spetsialistid inimj\u00e4\u00e4nuste \u00fclemaailmses repatrieerimises.<\/p>\n<p><strong>T\u00e4iendavad teenused:<\/strong><\/p>\n<p>Kullerteenus<\/p>\n<p>Jaotusteenus<\/p>\n<p>Logistikateenus<\/p>\n<p>Transporditeenus<\/p>\n<p>Ladu<\/p>\n<p><strong>Aadress:<\/strong> Units 1 &amp; 11, Bridge Industrial Estate, Balcombe Rd, Horley RH6 9HU<\/p>\n<p><a href=\"https:\/\/dms-intl.com\/\" target=\"_new\" rel=\"noopener\">DMS International Ltd veebileht<\/a><\/p>\n<p><strong>L\u00e4bivaatamise tulemus: <\/strong>4.5<br \/> <strong>Arvamuste arv:<\/strong> 2<br \/><a href=\"https:\/\/www.google.co.uk\/maps?cid=16688674639725830230&#038;hl=en&#038;gl=GB\" target=\"_new\" rel=\"noopener\">Loe kommentaare<\/a><\/p>\n<h2>Seaspace International Forwarders<\/h2>\n<p><img decoding=\"async\" src=\"https:\/\/moverdb.com\/wp-content\/uploads\/thumbnailpanoidcf9WcnxAC8u-SvFzzOtosgcb_clientsearch.gws-prod.gpsw408h240yaw253.jpg\" alt='Seaspace International Forwarders' class=\"aligncenter\"><\/p>\n<p><strong>Ettev\u00f5tte kirjeldus: <\/strong>Ei ole ette n\u00e4htud<\/p>\n<p><strong>T\u00e4iendavad teenused:<\/strong><\/p>\n<p>Logistikateenus<\/p>\n<p>Ladustamisv\u00f5imalus<\/p>\n<p><strong>Aadress:<\/strong> Gatwick House, Peeks Brook Ln, Horley RH6 9ST<\/p>\n<p><a href=\"https:\/\/www.seaspace-int.com\/?utm_source=gmblisting&#038;utm_medium=organic&#038;utm_campaign=gmb\" target=\"_new\" rel=\"noopener\">Seaspace International Forwarders veebisait<\/a><\/p>\n<p><strong>L\u00e4bivaatamise tulemus: <\/strong>4.2<br \/> <strong>Arvamuste arv:<\/strong> 12<br \/><a href=\"https:\/\/www.google.co.uk\/maps?cid=6167122230326718562&#038;hl=en&#038;gl=GB\" target=\"_new\" rel=\"noopener\">Loe kommentaare<\/a><\/p>\n<h2>Kuidas me valisime parimad Horley ekspedeerimisfirmad<\/h2>\n<p>Alustasime 5 Horley ekspedeerimisfirma andmestikust, mille leidsime Google Mapsi kaudu, ja kitsendasime need 2 parimaks.<\/p>\n<p>Selleks eemaldasime k\u00f5ik ettev\u00f5tted, mis:<\/p>\n<ul>\n<li> Ei olnud veebilehte<\/li>\n<li> Ei olnud kommentaare<\/li>\n<li> Keskmine hinde oli alla 2,0<\/li>\n<\/ul>\n<p>Sel hetkel, kui meil oli 17 v\u00f5i v\u00e4hem ekspediitorit, loetlesime nad k\u00f5ik \u00fcles.<\/p>\n<p>Linnade puhul, kus meil j\u00e4i \u00fcle 17 saatja, tegime edasisi muudatusi, suurendades kas n\u00f5utavat hindamist (nt t\u00f5stes minimaalse hinde 2,0-lt 4,0-le) ja\/v\u00f5i suurendades n\u00f5utavate hindamiste minimaalset arvu (nt t\u00f5stes v\u00e4hemalt 1 hindamiselt v\u00e4hemalt 10-le).<\/p>\n<p>Pange t\u00e4hele, et me kasutasime ainult Google Maps'i \u00fclevaatuste andmeid, mitte muid kolmandate osapoolte veebisaite.<\/p>\n<p>Rohkem linnu:<\/p>\n<p><a href=\"https:\/\/moverdb.com\/et\/ekspediitor\/freight-forwarding-uk\/enfield-freight-forwarder\/\">Enfieldi ekspediitor<\/a><br \/><a href=\"https:\/\/moverdb.com\/et\/ekspediitor\/freight-forwarding-uk\/sutton-coldfield-freight-forwarder\/\">Sutton Coldfieldi ekspediitor<\/a><br \/><a href=\"https:\/\/moverdb.com\/et\/ekspediitor\/freight-forwarding-uk\/redditch-freight-forwarder\/\">Redditchi ekspediitor<\/a><br \/><a href=\"https:\/\/moverdb.com\/et\/ekspediitor\/freight-forwarding-uk\/greenhithe-freight-forwarder\/\">Greenhithe ekspediitor<\/a><br \/><a href=\"https:\/\/moverdb.com\/et\/ekspediitor\/freight-forwarding-uk\/loughborough-freight-forwarder\/\">Loughborough ekspediitor<\/a><\/p>","protected":false},"excerpt":{"rendered":"<p>Below we look at the 2 &#8220;best&#8221; Freight Forwarding companies in Horley out of 5. To learn more about how we chose the best please consult our FAQ section at the end. Please not the following listings are in no particular order and we are not making any recommendations for any particular company. DMS International [&hellip;]<\/p>\n","protected":false},"author":1,"featured_media":0,"parent":13427,"menu_order":0,"comment_status":"open","ping_status":"open","template":"","meta":{"_genesis_hide_title":false,"_genesis_hide_breadcrumbs":false,"_genesis_hide_singular_image":false,"_genesis_hide_footer_widgets":false,"_genesis_custom_body_class":"","_genesis_custom_post_class":"","_genesis_layout":"","footnotes":""},"class_list":{"0":"post-14124","1":"page","2":"type-page","3":"status-publish","5":"entry"},"_links":{"self":[{"href":"https:\/\/moverdb.com\/et\/wp-json\/wp\/v2\/pages\/14124","targetHints":{"allow":["GET"]}}],"collection":[{"href":"https:\/\/moverdb.com\/et\/wp-json\/wp\/v2\/pages"}],"about":[{"href":"https:\/\/moverdb.com\/et\/wp-json\/wp\/v2\/types\/page"}],"author":[{"embeddable":true,"href":"https:\/\/moverdb.com\/et\/wp-json\/wp\/v2\/users\/1"}],"replies":[{"embeddable":true,"href":"https:\/\/moverdb.com\/et\/wp-json\/wp\/v2\/comments?post=14124"}],"version-history":[{"count":1,"href":"https:\/\/moverdb.com\/et\/wp-json\/wp\/v2\/pages\/14124\/revisions"}],"predecessor-version":[{"id":15721,"href":"https:\/\/moverdb.com\/et\/wp-json\/wp\/v2\/pages\/14124\/revisions\/15721"}],"up":[{"embeddable":true,"href":"https:\/\/moverdb.com\/et\/wp-json\/wp\/v2\/pages\/13427"}],"wp:attachment":[{"href":"https:\/\/moverdb.com\/et\/wp-json\/wp\/v2\/media?parent=14124"}],"curies":[{"name":"wp","href":"https:\/\/api.w.org\/{rel}","templated":true}]}}