{"id":14115,"date":"2023-11-08T15:54:40","date_gmt":"2023-11-08T15:54:40","guid":{"rendered":"https:\/\/moverdb.com\/freight-forwarder\/freight-forwarding-uk\/denny-freight-forwarder\/"},"modified":"2026-01-08T14:56:04","modified_gmt":"2026-01-08T14:56:04","slug":"denny-freight-forwarder","status":"publish","type":"page","link":"https:\/\/moverdb.com\/et\/freight-forwarder\/freight-forwarding-uk\/denny-freight-forwarder\/","title":{"rendered":"2 parimat Denny ekspedeerimisfirmat (2024)"},"content":{"rendered":"<p>J\u00e4rgnevalt vaatleme 2 <em>\"parim\"<\/em> Ekspedeerimisfirmad Denny 2-st.<\/p>\n<p>Lisateavet selle kohta, kuidas me valisime parimad, leiate meie KKK-osa l\u00f5pust.<\/p>\n<p><em>Pange t\u00e4hele, et j\u00e4rgmised nimekirjad ei ole konkreetses j\u00e4rjekorras ja me ei anna soovitusi \u00fchegi konkreetse ettev\u00f5tte kohta.<\/em><\/p>\n<h2>Professional Direct Logistics UK Ltd.<\/h2>\n<p><img decoding=\"async\" src=\"https:\/\/moverdb.com\/wp-content\/uploads\/AF1QipPOth2vGRmSchhkRx8MuVj7mWfkzJ_rQq2N5ip_w427-h240-k-no.jpg\" alt='Professional Direct Logistics UK Ltd.' class=\"aligncenter\"><\/p>\n<p><strong>Ettev\u00f5tte kirjeldus: <\/strong>PDL asutati 1996. aastal kullerfirmana ja on t\u00e4naseks kujunenud v\u00e4ga professionaalseks rahvusvahelise logistika ja transpordi pakkujaks.<\/p>\n<p> PDL asub \u0160otimaa keskosas, keset teed \u0160otimaa ja <a href=\"\" data-internallinksmanager029f6b8e52c=\"44\" title=\"Edinburgh\">Edinburgh<\/a> ja <a href=\"\" data-internallinksmanager029f6b8e52c=\"46\" title=\"Glasgow\">Glasgow<\/a>.<\/p>\n<p> Meie \u00e4rieetika on alati olnud pakkuda oma klientidele professionaalset teenust konkurentsiv\u00f5imelise hinnaga, mis on meie ettev\u00f5tte j\u00e4tkuva edu v\u00f5tmetegur.<\/p>\n<p> PDL pakub meie klientidele kogu \u0160otimaal t\u00f5husat turustus- ja kogumisteenust.<\/p>\n<p> S\u00f5idukid ulatuvad v\u00e4ikestest kaubikutest kuni 44-tonniste veokiteni, meie Euroopa grupivedude teenus kogub kogu \u0160otimaal ja v\u00e4ljumised toimuvad iga kahe n\u00e4dala tagant.<\/p>\n<p><strong>T\u00e4iendavad teenused:<\/strong><\/p>\n<p>Kullerteenus<\/p>\n<p>Jaotusteenus<\/p>\n<p>Peat\u00f6\u00f6v\u00f5tja<\/p>\n<p>Logistikateenus<\/p>\n<p>Veoteenus<\/p>\n<p>Ladustamisv\u00f5imalus<\/p>\n<p>Transporditeenus<\/p>\n<p>Veoettev\u00f5tte<\/p>\n<p>Ladu<\/p>\n<p><strong>Aadress:<\/strong> 1, Winchester Court, Denny FK6 6QR<\/p>\n<p><a href=\"https:\/\/professional-direct-logistics-uk-ltd.business.site\/\" target=\"_new\" rel=\"noopener\">Professional Direct Logistics UK Ltd. veebisait<\/a><\/p>\n<p><strong>L\u00e4bivaatamise tulemus: <\/strong>4.4<br \/> <strong>Arvamuste arv:<\/strong> 14<br \/><a href=\"https:\/\/www.google.co.uk\/maps?cid=15794844380641143676&#038;hl=en&#038;gl=GB\" target=\"_new\" rel=\"noopener\">Loe kommentaare<\/a><\/p>\n<h2>IFS Worldwide Ltd<\/h2>\n<p><img decoding=\"async\" src=\"https:\/\/moverdb.com\/wp-content\/uploads\/thumbnailpanoidJPXawOYBvfcLAUhvTF6JxAcb_clientsearch.gws-prod.gpsw408h240yaw144.jpg\" alt='IFS Worldwide Ltd' class=\"aligncenter\"><\/p>\n<p><strong>Ettev\u00f5tte kirjeldus: <\/strong>Ei ole ette n\u00e4htud<\/p>\n<p><strong>T\u00e4iendavad teenused:<\/strong><\/p>\n<p>Tarnefirma<\/p>\n<p><strong>Aadress:<\/strong> Winchester Ct, Denny FK6 6QR<\/p>\n<p><a href=\"http:\/\/www.ifsww.co.uk\/\" target=\"_new\" rel=\"noopener\">IFS Worldwide Ltd veebileht<\/a><\/p>\n<p><strong>L\u00e4bivaatamise tulemus: <\/strong>4.8<br \/> <strong>Arvamuste arv:<\/strong> 12<br \/><a href=\"https:\/\/www.google.co.uk\/maps?cid=1496819135681390890&#038;hl=en&#038;gl=GB\" target=\"_new\" rel=\"noopener\">Loe kommentaare<\/a><\/p>\n<h2>Kuidas me valisime parimad Denny ekspedeerimisfirmad<\/h2>\n<p>Alustasime 2 Denny ekspedeerimisfirma andmestikust, mille leidsime Google Mapsi kaudu, ja kitsendasime need 2 parimat.<\/p>\n<p>Selleks eemaldasime k\u00f5ik ettev\u00f5tted, mis:<\/p>\n<ul>\n<li> Ei olnud veebilehte<\/li>\n<li> Ei olnud kommentaare<\/li>\n<li> Keskmine hinde oli alla 2,0<\/li>\n<\/ul>\n<p>Sel hetkel, kui meil oli 17 v\u00f5i v\u00e4hem ekspediitorit, loetlesime nad k\u00f5ik \u00fcles.<\/p>\n<p>Linnade puhul, kus meil j\u00e4i \u00fcle 17 saatja, tegime edasisi muudatusi, suurendades kas n\u00f5utavat hindamist (nt t\u00f5stes minimaalse hinde 2,0-lt 4,0-le) ja\/v\u00f5i suurendades n\u00f5utavate hindamiste minimaalset arvu (nt t\u00f5stes v\u00e4hemalt 1 hindamiselt v\u00e4hemalt 10-le).<\/p>\n<p>Pange t\u00e4hele, et me kasutasime ainult Google Maps'i \u00fclevaatuste andmeid, mitte muid kolmandate osapoolte veebisaite.<\/p>\n<p>Rohkem linnu:<\/p>\n<p><a href=\"https:\/\/moverdb.com\/et\/ekspediitor\/freight-forwarding-uk\/bordon-freight-forwarder\/\">Bordoni ekspediitor<\/a><br \/><a href=\"https:\/\/moverdb.com\/et\/ekspediitor\/freight-forwarding-uk\/pudsey-freight-forwarder\/\">Pudsey ekspediitor<\/a><br \/><a href=\"https:\/\/moverdb.com\/et\/ekspediitor\/freight-forwarding-uk\/horley-freight-forwarder\/\">Horley ekspediitor<\/a><br \/><a href=\"https:\/\/moverdb.com\/et\/ekspediitor\/freight-forwarding-uk\/enfield-freight-forwarder\/\">Enfieldi ekspediitor<\/a><br \/><a href=\"https:\/\/moverdb.com\/et\/ekspediitor\/freight-forwarding-uk\/sutton-coldfield-freight-forwarder\/\">Sutton Coldfieldi ekspediitor<\/a><\/p>","protected":false},"excerpt":{"rendered":"<p>Below we look at the 2 &#8220;best&#8221; Freight Forwarding companies in Denny out of 2. To learn more about how we chose the best please consult our FAQ section at the end. Please not the following listings are in no particular order and we are not making any recommendations for any particular company. Professional Direct [&hellip;]<\/p>\n","protected":false},"author":1,"featured_media":0,"parent":13427,"menu_order":0,"comment_status":"open","ping_status":"open","template":"","meta":{"_genesis_hide_title":false,"_genesis_hide_breadcrumbs":false,"_genesis_hide_singular_image":false,"_genesis_hide_footer_widgets":false,"_genesis_custom_body_class":"","_genesis_custom_post_class":"","_genesis_layout":"","footnotes":""},"class_list":{"0":"post-14115","1":"page","2":"type-page","3":"status-publish","5":"entry"},"_links":{"self":[{"href":"https:\/\/moverdb.com\/et\/wp-json\/wp\/v2\/pages\/14115","targetHints":{"allow":["GET"]}}],"collection":[{"href":"https:\/\/moverdb.com\/et\/wp-json\/wp\/v2\/pages"}],"about":[{"href":"https:\/\/moverdb.com\/et\/wp-json\/wp\/v2\/types\/page"}],"author":[{"embeddable":true,"href":"https:\/\/moverdb.com\/et\/wp-json\/wp\/v2\/users\/1"}],"replies":[{"embeddable":true,"href":"https:\/\/moverdb.com\/et\/wp-json\/wp\/v2\/comments?post=14115"}],"version-history":[{"count":1,"href":"https:\/\/moverdb.com\/et\/wp-json\/wp\/v2\/pages\/14115\/revisions"}],"predecessor-version":[{"id":15714,"href":"https:\/\/moverdb.com\/et\/wp-json\/wp\/v2\/pages\/14115\/revisions\/15714"}],"up":[{"embeddable":true,"href":"https:\/\/moverdb.com\/et\/wp-json\/wp\/v2\/pages\/13427"}],"wp:attachment":[{"href":"https:\/\/moverdb.com\/et\/wp-json\/wp\/v2\/media?parent=14115"}],"curies":[{"name":"wp","href":"https:\/\/api.w.org\/{rel}","templated":true}]}}