{"id":14112,"date":"2023-11-08T15:54:40","date_gmt":"2023-11-08T15:54:40","guid":{"rendered":"https:\/\/moverdb.com\/freight-forwarder\/freight-forwarding-uk\/bury-saint-edmunds-freight-forwarder\/"},"modified":"2026-01-08T14:55:59","modified_gmt":"2026-01-08T14:55:59","slug":"bury-saint-edmunds-freight-forwarder","status":"publish","type":"page","link":"https:\/\/moverdb.com\/et\/freight-forwarder\/freight-forwarding-uk\/bury-saint-edmunds-freight-forwarder\/","title":{"rendered":"2 Parimad Bury Saint Edmundsi ekspedeerimisfirmad (2024)"},"content":{"rendered":"<p>J\u00e4rgnevalt vaatleme 2 <em>\"parim\"<\/em> Ekspedeerimisfirmad Bury Saint Edmundsis 2-st.<\/p>\n<p>Lisateavet selle kohta, kuidas me valisime parimad, leiate meie KKK-osa l\u00f5pust.<\/p>\n<p><em>Pange t\u00e4hele, et j\u00e4rgmised nimekirjad ei ole konkreetses j\u00e4rjekorras ja me ei anna soovitusi \u00fchegi konkreetse ettev\u00f5tte kohta.<\/em><\/p>\n<h2>Reed Forwarding Ltd<\/h2>\n<p><img decoding=\"async\" src=\"https:\/\/moverdb.com\/wp-content\/uploads\/AF1QipNTbTC32k9gCdbUpF0LLn1UAlicvpNxWWsZuv59w408-h544-k-no.jpg\" alt='Reed Forwarding Ltd' class=\"aligncenter\"><\/p>\n<p><strong>Ettev\u00f5tte kirjeldus: <\/strong>Reed Forwarding Limited on s\u00f5ltumatu ekspedeerimisfirma, mis tegutseb edukalt alates 1998. aastast.<\/p>\n<p> K\u00f5igil meie t\u00f6\u00f6tajatel on aastatepikkune kogemus k\u00f5igis laevanduse ja laonduse valdkondades, mida me oma igap\u00e4evases tegevuses v\u00e4ga t\u00f5husalt rakendame.<\/p>\n<p>Me oleme uhked k\u00f5igile meie klientidele pakutava personaalse teenuse \u00fcle, me m\u00f5istame, et iga klient on erinev ja me kohandame oma teenust vastavalt teie erin\u00f5uetele.<\/p>\n<p><strong>T\u00e4iendavad teenused:<\/strong><\/p>\n<p>Ei ole loetletud<\/p>\n<p><strong>Aadress:<\/strong> 7 Chapel Pond Hill, Bury Saint Edmunds IP32 7HT<\/p>\n<p><a href=\"https:\/\/reedforwarding.co.uk\/\" target=\"_new\" rel=\"noopener\">Reed Forwarding Ltd veebisait<\/a><\/p>\n<p><strong>L\u00e4bivaatamise tulemus: <\/strong>3.1<br \/> <strong>Arvamuste arv:<\/strong> 8<br \/><a href=\"https:\/\/www.google.co.uk\/maps?cid=15182902090348424627&#038;hl=en&#038;gl=GB\" target=\"_new\" rel=\"noopener\">Loe kommentaare<\/a><\/p>\n<h2>Cross Trades &amp; Logistics Ltd<\/h2>\n<p><img decoding=\"async\" src=\"https:\/\/moverdb.com\/wp-content\/uploads\/thumbnailpanoidpSrqIz_xnoORd9rZ1yInMwcb_clientsearch.gws-prod.gpsw408h240yaw175.jpg\" alt='Cross Trades &amp; Logistics Ltd' class=\"aligncenter\"><\/p>\n<p><strong>Ettev\u00f5tte kirjeldus: <\/strong>Rahvusvaheline logistika \u00f5hu-, mere-, maantee- ja raudteelogistika.<\/p>\n<p><strong>T\u00e4iendavad teenused:<\/strong><\/p>\n<p>Ei ole loetletud<\/p>\n<p><strong>Aadress:<\/strong> 22 Oswyn Cl, Bury Saint Edmunds IP32 7DP<\/p>\n<p><a href=\"http:\/\/www.ctll.co.uk\/\" target=\"_new\" rel=\"noopener\">Cross Trades &amp; Logistics Ltd veebileht<\/a><\/p>\n<p><strong>L\u00e4bivaatamise tulemus: <\/strong>5<br \/> <strong>Arvamuste arv:<\/strong> 1<br \/><a href=\"https:\/\/www.google.co.uk\/maps?cid=97997939429703085&#038;hl=en&#038;gl=GB\" target=\"_new\" rel=\"noopener\">Loe kommentaare<\/a><\/p>\n<h2>Kuidas me valisime parimad Bury Saint Edmunds'i ekspedeerimisfirmad<\/h2>\n<p>Alustasime 2 Bury Saint Edmunds'i ekspedeerimisfirma andmestikust, mille leidsime Google Mapsi kaudu, ja kitsendasime selle 2 parimaks.<\/p>\n<p>Selleks eemaldasime k\u00f5ik ettev\u00f5tted, mis:<\/p>\n<ul>\n<li> Ei olnud veebilehte<\/li>\n<li> Ei olnud kommentaare<\/li>\n<li> Keskmine hinde oli alla 2,0<\/li>\n<\/ul>\n<p>Sel hetkel, kui meil oli 17 v\u00f5i v\u00e4hem ekspediitorit, loetlesime nad k\u00f5ik \u00fcles.<\/p>\n<p>Linnade puhul, kus meil j\u00e4i \u00fcle 17 saatja, tegime edasisi muudatusi, suurendades kas n\u00f5utavat hindamist (nt t\u00f5stes minimaalse hinde 2,0-lt 4,0-le) ja\/v\u00f5i suurendades n\u00f5utavate hindamiste minimaalset arvu (nt t\u00f5stes v\u00e4hemalt 1 hindamiselt v\u00e4hemalt 10-le).<\/p>\n<p>Pange t\u00e4hele, et me kasutasime ainult Google Maps'i \u00fclevaatuste andmeid, mitte muid kolmandate osapoolte veebisaite.<\/p>\n<p>Rohkem linnu:<\/p>\n<p><a href=\"https:\/\/moverdb.com\/et\/ekspediitor\/freight-forwarding-uk\/denny-freight-forwarder\/\">Denny ekspediitor<\/a><br \/><a href=\"https:\/\/moverdb.com\/et\/ekspediitor\/freight-forwarding-uk\/bordon-freight-forwarder\/\">Bordoni ekspediitor<\/a><br \/><a href=\"https:\/\/moverdb.com\/et\/ekspediitor\/freight-forwarding-uk\/pudsey-freight-forwarder\/\">Pudsey ekspediitor<\/a><br \/><a href=\"https:\/\/moverdb.com\/et\/ekspediitor\/freight-forwarding-uk\/horley-freight-forwarder\/\">Horley ekspediitor<\/a><br \/><a href=\"https:\/\/moverdb.com\/et\/ekspediitor\/freight-forwarding-uk\/enfield-freight-forwarder\/\">Enfieldi ekspediitor<\/a><\/p>","protected":false},"excerpt":{"rendered":"<p>Below we look at the 2 &#8220;best&#8221; Freight Forwarding companies in Bury Saint Edmunds out of 2. To learn more about how we chose the best please consult our FAQ section at the end. Please not the following listings are in no particular order and we are not making any recommendations for any particular company. [&hellip;]<\/p>\n","protected":false},"author":1,"featured_media":0,"parent":13427,"menu_order":0,"comment_status":"open","ping_status":"open","template":"","meta":{"_genesis_hide_title":false,"_genesis_hide_breadcrumbs":false,"_genesis_hide_singular_image":false,"_genesis_hide_footer_widgets":false,"_genesis_custom_body_class":"","_genesis_custom_post_class":"","_genesis_layout":"","footnotes":""},"class_list":{"0":"post-14112","1":"page","2":"type-page","3":"status-publish","5":"entry"},"_links":{"self":[{"href":"https:\/\/moverdb.com\/et\/wp-json\/wp\/v2\/pages\/14112","targetHints":{"allow":["GET"]}}],"collection":[{"href":"https:\/\/moverdb.com\/et\/wp-json\/wp\/v2\/pages"}],"about":[{"href":"https:\/\/moverdb.com\/et\/wp-json\/wp\/v2\/types\/page"}],"author":[{"embeddable":true,"href":"https:\/\/moverdb.com\/et\/wp-json\/wp\/v2\/users\/1"}],"replies":[{"embeddable":true,"href":"https:\/\/moverdb.com\/et\/wp-json\/wp\/v2\/comments?post=14112"}],"version-history":[{"count":1,"href":"https:\/\/moverdb.com\/et\/wp-json\/wp\/v2\/pages\/14112\/revisions"}],"predecessor-version":[{"id":15709,"href":"https:\/\/moverdb.com\/et\/wp-json\/wp\/v2\/pages\/14112\/revisions\/15709"}],"up":[{"embeddable":true,"href":"https:\/\/moverdb.com\/et\/wp-json\/wp\/v2\/pages\/13427"}],"wp:attachment":[{"href":"https:\/\/moverdb.com\/et\/wp-json\/wp\/v2\/media?parent=14112"}],"curies":[{"name":"wp","href":"https:\/\/api.w.org\/{rel}","templated":true}]}}