{"id":14043,"date":"2023-11-08T15:54:18","date_gmt":"2023-11-08T15:54:18","guid":{"rendered":"https:\/\/moverdb.com\/freight-forwarder\/freight-forwarding-uk\/wembley-freight-forwarder\/"},"modified":"2026-01-08T14:58:43","modified_gmt":"2026-01-08T14:58:43","slug":"wembley-freight-forwarder","status":"publish","type":"page","link":"https:\/\/moverdb.com\/et\/freight-forwarder\/freight-forwarding-uk\/wembley-freight-forwarder\/","title":{"rendered":"2 Parimad Wembley ekspedeerimisfirmad (2024)"},"content":{"rendered":"<p>J\u00e4rgnevalt vaatleme 2 <em>\"parim\"<\/em> Ekspedeerimisfirmad Wembley 8-st.<\/p>\n<p>Lisateavet selle kohta, kuidas me valisime parimad, leiate meie KKK-osa l\u00f5pust.<\/p>\n<p><em>Pange t\u00e4hele, et j\u00e4rgmised nimekirjad ei ole konkreetses j\u00e4rjekorras ja me ei anna soovitusi \u00fchegi konkreetse ettev\u00f5tte kohta.<\/em><\/p>\n<h2>Air Cargo Global Kenya (www.Kenya-AirCargo.com)<\/h2>\n<p><img decoding=\"async\" src=\"https:\/\/moverdb.com\/wp-content\/uploads\/AF1QipOJY_kDodVzmgJtYC-sWixwmPVY3CyvwDW6i-MZw426-h240-k-no.jpg\" alt='Air Cargo Global Kenya (www.Kenya-AirCargo.com)' class=\"aligncenter\"><\/p>\n<p><strong>Ettev\u00f5tte kirjeldus: <\/strong>Air Cargo Globalis <a href=\"https:\/\/moverdb.com\/et\/moving-companies\/moving-companies-kenya\/\" data-internallinksmanager029f6b8e52c=\"305\" title=\"4 parimat rahvusvahelist kolimisfirmat Keenias\">Kenya<\/a> pakume Keeniasse juhtivat kaubaveoteenust, mis on kuluefektiivne ja turvaline.<\/p>\n<p> Me oleme uhked, et pakkuda ukselt uksele laevandus Kenyasse, kas vajate \u00f5huvedu v\u00f5i mereveo oma personali m\u00f5ju, online shopping, liigne pagas, v\u00f5i kaubandusliku lasti.<\/p>\n<p>Pakume:<\/p>\n<p>Kaubavedu Keeniasse<br \/>\nKaubavedu Zimbabwesse<br \/>\nKaubavedu Ugandasse<br \/>\nKaubavedu Somaaliasse<br \/>\nKaubavedu Aafrikasse<br \/>\nKaubavedu Ruandasse<br \/>\n\u00d5huvedu Angoolasse<br \/>\n\u00d5huvedu sihtkohta <a href=\"https:\/\/moverdb.com\/et\/moving-companies\/burkina-faso-moving-companies\/\" data-internallinksmanager029f6b8e52c=\"221\" title=\"Parimad rahvusvahelised kolimisfirmad Burkina Fasos\">Burkina Faso<\/a><br \/>\nLennuveod Beninisse<br \/>\n\u00d5huvedu sihtkohta <a href=\"https:\/\/moverdb.com\/et\/moving-companies\/botswana-moving-companies\/\" data-internallinksmanager029f6b8e52c=\"167\" title=\"Parimad rahvusvahelised kolimisfirmad Botswanas\">Botswana<\/a><br \/>\nLennuveod Kesk-Aafrika Vabariiki<br \/>\nLennuveod Elevandiluurannikule<br \/>\n\u00d5huvedu sihtkohta <a href=\"https:\/\/moverdb.com\/et\/moving-companies\/cameroon-moving-companies\/\" data-internallinksmanager029f6b8e52c=\"222\" title=\"Parimad rahvusvahelised kolimisfirmad Kamerunis\">Kamerun<\/a><br \/>\n\u00d5huvedu sihtkohta <a href=\"https:\/\/moverdb.com\/et\/moving-companies\/algeria\/\" data-internallinksmanager029f6b8e52c=\"166\" title=\"3 parimat rahvusvahelist kolimisfirmat Al\u017eeerias\">Al\u017eeeria<\/a><br \/>\n\u00d5huvedu sihtkohta <a href=\"https:\/\/moverdb.com\/et\/moving-companies\/egypt-moving-companies\/\" data-internallinksmanager029f6b8e52c=\"200\" title=\"11 parimat rahvusvahelist kolimisfirmat Egiptuses\">Egiptus<\/a><br \/>\nLennuveod L\u00e4\u00e4ne-Saharasse<br \/>\n\u00d5huvedu sihtkohta <a href=\"https:\/\/moverdb.com\/et\/moving-companies\/moving-companies-ethiopia\/\" data-internallinksmanager029f6b8e52c=\"214\" title=\"5 parimat rahvusvahelist kolimisfirmat Etioopias\">Etioopia<\/a><br \/>\nLennuveod Gabonisse<br \/>\n\u00d5huvedu sihtkohta <a href=\"https:\/\/moverdb.com\/et\/moving-companies\/moving-companies-ghana\/\" data-internallinksmanager029f6b8e52c=\"228\" title=\"2 Parimad rahvusvahelised kolimisfirmad Ghanas\">Ghana<\/a><br \/>\nLennuveod Gambiasse<\/p>\n<p><strong>T\u00e4iendavad teenused:<\/strong><\/p>\n<p>Kullerteenus<\/p>\n<p><strong>Aadress:<\/strong> Wembley Park Business Centre, Access, First Way, Wembley HA9 0JD<\/p>\n<p><a href=\"http:\/\/www.kenya-aircargo.com\/\" target=\"_new\" rel=\"noopener\">Air Cargo Global Kenya (www.Kenya-AirCargo.com) veebileht<\/a><\/p>\n<p><strong>L\u00e4bivaatamise tulemus: <\/strong>4.3<br \/> <strong>Arvamuste arv:<\/strong> 11<br \/><a href=\"https:\/\/www.google.co.uk\/maps?cid=18136524815790858633&#038;hl=en&#038;gl=GB\" target=\"_new\" rel=\"noopener\">Loe kommentaare<\/a><\/p>\n<h2>Arab Africa Cargo Ltd (DHL Express, kaubavedu L\u00e4his-Itta, Aafrikasse )<\/h2>\n<p><img decoding=\"async\" src=\"https:\/\/moverdb.com\/wp-content\/uploads\/AF1QipMecEC7NKx9s8WtQBwD4kH-jRmke_zzboxdmd5-w648-h240-k-no.jpg\" alt='Arab Africa Cargo Ltd (DHL Express, kaubavedu L\u00e4his-Itta, Aafrikasse )' class=\"aligncenter\"><\/p>\n<p><strong>Ettev\u00f5tte kirjeldus: <\/strong>Arab Africa cargo pakub kiireid ja turvalisi lennutranspordi ja DHL Expressi teenuseid alates <a href=\"https:\/\/moverdb.com\/et\/moving-to-the-uk\/\" data-internallinksmanager029f6b8e52c=\"93\" title=\"Kolimine \u00dchendkuningriiki? 2022 Elamiskulud ja kolimisn\u00f5uanded\">UK<\/a> ja Euroopast L\u00e4his-Itta, Aafrikasse, Aasiasse ja mujale maailma.<\/p>\n<p> Pakume k\u00f5iki teenuseid k\u00f5igil liinidel, sealhulgas ekspress- ja otseliinidel.<\/p>\n<p> Kui aga aeg ei v\u00f5imalda, oleme v\u00f5imelised pakkuma ka alternatiivseid lahendusi, n\u00e4iteks edasil\u00fckatud ja konsolideeritud teenuseid, et viia kulud vastavusse t\u00e4htaegadega.<\/p>\n<p>Me oleme aidanud oma klientidel vedada isiklikku ja \u00e4rilist kaupa, olgu see siis liigne pagas v\u00f5i kaubaalused lennutranspordi kaudu mujale maailma.<\/p>\n<p>+442030027757<\/p>\n<p><strong>T\u00e4iendavad teenused:<\/strong><\/p>\n<p>Kullerteenus<\/p>\n<p><strong>Aadress:<\/strong> Access Business Centre, First Way, Wembley HA9 0JD<\/p>\n<p><a href=\"http:\/\/arabafricacargo.com\/\" target=\"_new\" rel=\"noopener\">Arab Africa Cargo Ltd (DHL Express, kaubavedu L\u00e4his-Itta, Aafrikasse ) veebisait<\/a><\/p>\n<p><strong>L\u00e4bivaatamise tulemus: <\/strong>4.5<br \/> <strong>Arvamuste arv:<\/strong> 8<br \/><a href=\"https:\/\/www.google.co.uk\/maps?cid=2013360732440905948&#038;hl=en&#038;gl=GB\" target=\"_new\" rel=\"noopener\">Loe kommentaare<\/a><\/p>\n<h2>Kuidas me valisime parimad Wembley ekspedeerimisfirmad<\/h2>\n<p>Alustasime 8 Wembley ekspedeerimisfirma andmestikust, mille leidsime Google Mapsi kaudu, ja kitsendasime need 2 parimaks.<\/p>\n<p>Selleks eemaldasime k\u00f5ik ettev\u00f5tted, mis:<\/p>\n<ul>\n<li> Ei olnud veebilehte<\/li>\n<li> Ei olnud kommentaare<\/li>\n<li> Keskmine hinde oli alla 2,0<\/li>\n<\/ul>\n<p>Sel hetkel, kui meil oli 17 v\u00f5i v\u00e4hem ekspediitorit, loetlesime nad k\u00f5ik \u00fcles.<\/p>\n<p>Linnade puhul, kus meil j\u00e4i \u00fcle 17 saatja, tegime edasisi muudatusi, suurendades kas n\u00f5utavat hindamist (nt t\u00f5stes minimaalse hinde 2,0-lt 4,0-le) ja\/v\u00f5i suurendades n\u00f5utavate hindamiste minimaalset arvu (nt t\u00f5stes v\u00e4hemalt 1 hindamiselt v\u00e4hemalt 10-le).<\/p>\n<p>Pange t\u00e4hele, et me kasutasime ainult Google Maps'i \u00fclevaatuste andmeid, mitte muid kolmandate osapoolte veebisaite.<\/p>\n<p>Rohkem linnu:<\/p>\n<p><a href=\"https:\/\/moverdb.com\/et\/ekspediitor\/freight-forwarding-uk\/hockley-freight-forwarder\/\">Hockley ekspediitor<\/a><br \/><a href=\"https:\/\/moverdb.com\/et\/ekspediitor\/freight-forwarding-uk\/fareham-freight-forwarder\/\">Farehami ekspediitor<\/a><br \/><a href=\"https:\/\/moverdb.com\/et\/ekspediitor\/freight-forwarding-uk\/normanton-freight-forwarder\/\">Normantoni ekspediitor<\/a><br \/><a href=\"https:\/\/moverdb.com\/et\/ekspediitor\/freight-forwarding-uk\/solihull-freight-forwarder\/\">Solihulli ekspediitor<\/a><br \/><a href=\"https:\/\/moverdb.com\/et\/ekspediitor\/freight-forwarding-uk\/cleckheaton-freight-forwarder\/\">Cleckheaton ekspediitor<\/a><\/p>","protected":false},"excerpt":{"rendered":"<p>Below we look at the 2 &#8220;best&#8221; Freight Forwarding companies in Wembley out of 8. To learn more about how we chose the best please consult our FAQ section at the end. Please not the following listings are in no particular order and we are not making any recommendations for any particular company. Air Cargo [&hellip;]<\/p>\n","protected":false},"author":1,"featured_media":0,"parent":13427,"menu_order":0,"comment_status":"open","ping_status":"open","template":"","meta":{"_genesis_hide_title":false,"_genesis_hide_breadcrumbs":false,"_genesis_hide_singular_image":false,"_genesis_hide_footer_widgets":false,"_genesis_custom_body_class":"","_genesis_custom_post_class":"","_genesis_layout":"","footnotes":""},"class_list":{"0":"post-14043","1":"page","2":"type-page","3":"status-publish","5":"entry"},"_links":{"self":[{"href":"https:\/\/moverdb.com\/et\/wp-json\/wp\/v2\/pages\/14043","targetHints":{"allow":["GET"]}}],"collection":[{"href":"https:\/\/moverdb.com\/et\/wp-json\/wp\/v2\/pages"}],"about":[{"href":"https:\/\/moverdb.com\/et\/wp-json\/wp\/v2\/types\/page"}],"author":[{"embeddable":true,"href":"https:\/\/moverdb.com\/et\/wp-json\/wp\/v2\/users\/1"}],"replies":[{"embeddable":true,"href":"https:\/\/moverdb.com\/et\/wp-json\/wp\/v2\/comments?post=14043"}],"version-history":[{"count":1,"href":"https:\/\/moverdb.com\/et\/wp-json\/wp\/v2\/pages\/14043\/revisions"}],"predecessor-version":[{"id":15756,"href":"https:\/\/moverdb.com\/et\/wp-json\/wp\/v2\/pages\/14043\/revisions\/15756"}],"up":[{"embeddable":true,"href":"https:\/\/moverdb.com\/et\/wp-json\/wp\/v2\/pages\/13427"}],"wp:attachment":[{"href":"https:\/\/moverdb.com\/et\/wp-json\/wp\/v2\/media?parent=14043"}],"curies":[{"name":"wp","href":"https:\/\/api.w.org\/{rel}","templated":true}]}}