{"id":14040,"date":"2023-11-08T15:54:18","date_gmt":"2023-11-08T15:54:18","guid":{"rendered":"https:\/\/moverdb.com\/freight-forwarder\/freight-forwarding-uk\/newport-freight-forwarder\/"},"modified":"2026-01-08T14:58:12","modified_gmt":"2026-01-08T14:58:12","slug":"newport-freight-forwarder","status":"publish","type":"page","link":"https:\/\/moverdb.com\/et\/freight-forwarder\/freight-forwarding-uk\/newport-freight-forwarder\/","title":{"rendered":"2 Parimad Newporti ekspedeerimisfirmad (2024)"},"content":{"rendered":"<p>J\u00e4rgnevalt vaatleme 2 <em>\"parim\"<\/em> Ekspedeerimisfirmad Newportis 7-st.<\/p>\n<p>Lisateavet selle kohta, kuidas me valisime parimad, leiate meie KKK-osa l\u00f5pust.<\/p>\n<p><em>Pange t\u00e4hele, et j\u00e4rgmised nimekirjad ei ole konkreetses j\u00e4rjekorras ja me ei anna soovitusi \u00fchegi konkreetse ettev\u00f5tte kohta.<\/em><\/p>\n<h2>GP Logistics Ltd Newport<\/h2>\n<p><img decoding=\"async\" src=\"https:\/\/moverdb.com\/wp-content\/uploads\/thumbnailpanoidseKIloYPo-hY9hlq5dRCjAcb_clientsearch.gws-prod.gpsw408h240yaw47.jpg\" alt='GP Logistics Ltd Newport' class=\"aligncenter\"><\/p>\n<p><strong>Ettev\u00f5tte kirjeldus: <\/strong>S\u00f5ltumatud ekspedeerimis- ja projektivedude lahendused<\/p>\n<p>Pange t\u00e4hele, et me ei paku jaem\u00fc\u00fcjatele v\u00f5i veebip\u00f5histele veebisaitidele kohaletoimetamisteenust.<\/p>\n<p> On olemas ettev\u00f5te, mille nimi on sarnane meie omaga (GP Logistic Services), kuid meil ei ole nendega mingit seost.<\/p>\n<p><strong>T\u00e4iendavad teenused:<\/strong><\/p>\n<p>Ei ole loetletud<\/p>\n<p><strong>Aadress:<\/strong> IMPERIAL PARK, GCELL Building, S Lake Dr, Newport NP10 8AS<\/p>\n<p><a href=\"http:\/\/www.gp-logistics.co.uk\/\" target=\"_new\" rel=\"noopener\">GP Logistics Ltd Newport veebileht<\/a><\/p>\n<p><strong>L\u00e4bivaatamise tulemus: <\/strong>2.1<br \/> <strong>Arvamuste arv:<\/strong> 11<br \/><a href=\"https:\/\/www.google.co.uk\/maps?cid=2722381763954114553&#038;hl=en&#038;gl=GB\" target=\"_new\" rel=\"noopener\">Loe kommentaare<\/a><\/p>\n<h2>JP Logistics Solutions<\/h2>\n<p><img decoding=\"async\" src=\"https:\/\/moverdb.com\/wp-content\/uploads\/AF1QipM7e4r0SFYerNAzLb-NTiaFmEo3aS1l25DhFGTw477-h240-k-no.png\" alt='JP Logistics Solutions' class=\"aligncenter\"><\/p>\n<p><strong>Ettev\u00f5tte kirjeldus: <\/strong>JP Shipping Services Limited on <a href=\"https:\/\/moverdb.com\/et\/moving-to-the-uk\/\" data-internallinksmanager029f6b8e52c=\"93\" title=\"Kolimine \u00dchendkuningriiki? 2022 Elamiskulud ja kolimisn\u00f5uanded\">UK<\/a> registreeritud ettev\u00f5te ja logistiline osakond kaua aega tegutsenud <a href=\"https:\/\/moverdb.com\/et\/moving-companies\/moving-companies-jamaica\/\" data-internallinksmanager029f6b8e52c=\"310\" title=\"2 parimat rahvusvahelist kolimisfirmat Jamaical\">Jamaica<\/a> Producers Group, mille ajalugu ulatub aastasse 1929.<\/p>\n<p> Algselt loodud selleks, et rahuldada Jamaica banaanit\u00f6\u00f6stuse vajadusi \u00dchendkuningriigi piires toimuva veo ja logistilise toetuse osas, on ta aastate jooksul kasutanud seda kogemust oma tegevuse arendamiseks ja laiendamiseks.<\/p>\n<p>JP Shipping Services on v\u00e4ga uhke oma Kariibi mere p\u00e4randi \u00fcle, mis sai alguse juba 1930ndatel aastatel.<\/p>\n<p> Kuigi meie asukoht on praegu suures osas \u00dchendkuningriigis, oleme endiselt Kariibi mere piirkonna omanikud ja osa JP Group LTD-st, mis asub Kingstonis, Jamaical.<\/p>\n<p><strong>T\u00e4iendavad teenused:<\/strong><\/p>\n<p>Kullerteenus<\/p>\n<p>Tollimaakler<\/p>\n<p>Jaotusteenus<\/p>\n<p>Logistikateenus<\/p>\n<p>Veoteenus<\/p>\n<p>Ladu<\/p>\n<p><strong>Aadress:<\/strong> ABP peahoone, (l\u00f5unapoolne sissep\u00e4\u00e4s), Alexandra Dock, Newport NP20 2NP<\/p>\n<p><a href=\"http:\/\/www.jpshipping.co.uk\/\" target=\"_new\" rel=\"noopener\">JP Logistics Solutions veebileht<\/a><\/p>\n<p><strong>L\u00e4bivaatamise tulemus: <\/strong>5<br \/> <strong>Arvamuste arv:<\/strong> 1<br \/><a href=\"https:\/\/www.google.co.uk\/maps?cid=2500320586524155374&#038;hl=en&#038;gl=GB\" target=\"_new\" rel=\"noopener\">Loe kommentaare<\/a><\/p>\n<h2>Kuidas me valisime parimad Newporti ekspedeerimisfirmad<\/h2>\n<p>Alustasime 7 Newporti ekspedeerimisettev\u00f5tte andmestikust, mille leidsime Google Mapsi kaudu, ja kitsendasime need 2 parimaks.<\/p>\n<p>Selleks eemaldasime k\u00f5ik ettev\u00f5tted, mis:<\/p>\n<ul>\n<li> Ei olnud veebilehte<\/li>\n<li> Ei olnud kommentaare<\/li>\n<li> Keskmine hinde oli alla 2,0<\/li>\n<\/ul>\n<p>Sel hetkel, kui meil oli 17 v\u00f5i v\u00e4hem ekspediitorit, loetlesime nad k\u00f5ik \u00fcles.<\/p>\n<p>Linnade puhul, kus meil j\u00e4i \u00fcle 17 saatja, tegime edasisi muudatusi, suurendades kas n\u00f5utavat hindamist (nt t\u00f5stes minimaalse hinde 2,0-lt 4,0-le) ja\/v\u00f5i suurendades n\u00f5utavate hindamiste minimaalset arvu (nt t\u00f5stes v\u00e4hemalt 1 hindamiselt v\u00e4hemalt 10-le).<\/p>\n<p>Pange t\u00e4hele, et me kasutasime ainult Google Maps'i \u00fclevaatuste andmeid, mitte muid kolmandate osapoolte veebisaite.<\/p>\n<p>Rohkem linnu:<\/p>\n<p><a href=\"https:\/\/moverdb.com\/et\/ekspediitor\/freight-forwarding-uk\/wembley-freight-forwarder\/\">Wembley ekspediitor<\/a><br \/><a href=\"https:\/\/moverdb.com\/et\/ekspediitor\/freight-forwarding-uk\/hockley-freight-forwarder\/\">Hockley ekspediitor<\/a><br \/><a href=\"https:\/\/moverdb.com\/et\/ekspediitor\/freight-forwarding-uk\/fareham-freight-forwarder\/\">Farehami ekspediitor<\/a><br \/><a href=\"https:\/\/moverdb.com\/et\/ekspediitor\/freight-forwarding-uk\/normanton-freight-forwarder\/\">Normantoni ekspediitor<\/a><br \/><a href=\"https:\/\/moverdb.com\/et\/ekspediitor\/freight-forwarding-uk\/solihull-freight-forwarder\/\">Solihulli ekspediitor<\/a><\/p>","protected":false},"excerpt":{"rendered":"<p>Below we look at the 2 &#8220;best&#8221; Freight Forwarding companies in Newport out of 7. To learn more about how we chose the best please consult our FAQ section at the end. Please not the following listings are in no particular order and we are not making any recommendations for any particular company. GP Logistics [&hellip;]<\/p>\n","protected":false},"author":1,"featured_media":0,"parent":13427,"menu_order":0,"comment_status":"open","ping_status":"open","template":"","meta":{"_genesis_hide_title":false,"_genesis_hide_breadcrumbs":false,"_genesis_hide_singular_image":false,"_genesis_hide_footer_widgets":false,"_genesis_custom_body_class":"","_genesis_custom_post_class":"","_genesis_layout":"","footnotes":""},"class_list":{"0":"post-14040","1":"page","2":"type-page","3":"status-publish","5":"entry"},"_links":{"self":[{"href":"https:\/\/moverdb.com\/et\/wp-json\/wp\/v2\/pages\/14040","targetHints":{"allow":["GET"]}}],"collection":[{"href":"https:\/\/moverdb.com\/et\/wp-json\/wp\/v2\/pages"}],"about":[{"href":"https:\/\/moverdb.com\/et\/wp-json\/wp\/v2\/types\/page"}],"author":[{"embeddable":true,"href":"https:\/\/moverdb.com\/et\/wp-json\/wp\/v2\/users\/1"}],"replies":[{"embeddable":true,"href":"https:\/\/moverdb.com\/et\/wp-json\/wp\/v2\/comments?post=14040"}],"version-history":[{"count":1,"href":"https:\/\/moverdb.com\/et\/wp-json\/wp\/v2\/pages\/14040\/revisions"}],"predecessor-version":[{"id":15730,"href":"https:\/\/moverdb.com\/et\/wp-json\/wp\/v2\/pages\/14040\/revisions\/15730"}],"up":[{"embeddable":true,"href":"https:\/\/moverdb.com\/et\/wp-json\/wp\/v2\/pages\/13427"}],"wp:attachment":[{"href":"https:\/\/moverdb.com\/et\/wp-json\/wp\/v2\/media?parent=14040"}],"curies":[{"name":"wp","href":"https:\/\/api.w.org\/{rel}","templated":true}]}}