{"id":14034,"date":"2023-11-08T15:53:54","date_gmt":"2023-11-08T15:53:54","guid":{"rendered":"https:\/\/moverdb.com\/freight-forwarder\/freight-forwarding-uk\/newcastle-upon-tyne-freight-forwarder\/"},"modified":"2026-01-08T14:58:11","modified_gmt":"2026-01-08T14:58:11","slug":"newcastle-upon-tyne-freight-forwarder","status":"publish","type":"page","link":"https:\/\/moverdb.com\/et\/freight-forwarder\/freight-forwarding-uk\/newcastle-upon-tyne-freight-forwarder\/","title":{"rendered":"2 Parimad Newcastle upon Tyne ekspedeerimisfirmad (2024)"},"content":{"rendered":"<p>J\u00e4rgnevalt vaatleme 2 <em>\"parim\"<\/em> Ekspedeerimisfirmad Newcastle upon Tyne'is 9-st.<\/p>\n<p>Lisateavet selle kohta, kuidas me valisime parimad, leiate meie KKK-osa l\u00f5pust.<\/p>\n<p><em>Pange t\u00e4hele, et j\u00e4rgmised nimekirjad ei ole konkreetses j\u00e4rjekorras ja me ei anna soovitusi \u00fchegi konkreetse ettev\u00f5tte kohta.<\/em><\/p>\n<h2>\u00dclemaailmsed lennuteenused<\/h2>\n<p><img decoding=\"async\" src=\"\" alt=\"\u00dclemaailmsed lennuteenused\" class=\"aligncenter\"><\/p>\n<p><strong>Ettev\u00f5tte kirjeldus: <\/strong>Ei ole ette n\u00e4htud<\/p>\n<p><strong>T\u00e4iendavad teenused:<\/strong><\/p>\n<p>Ei ole loetletud<\/p>\n<p><strong>Aadress:<\/strong> Newcastle International Airport, Airport Freightway Freight Village, Woolsington, Newcastle upon Tyne NE13 8BH<\/p>\n<p><a href=\"https:\/\/www.wfs.aero\/\" target=\"_new\" rel=\"noopener\">Worldwide Flight Services veebileht<\/a><\/p>\n<p><strong>L\u00e4bivaatamise tulemus: <\/strong>4.3<br \/> <strong>Arvamuste arv:<\/strong> 10<br \/><a href=\"https:\/\/www.google.co.uk\/maps?cid=15607528302162113827&#038;hl=en&#038;gl=GB\" target=\"_new\" rel=\"noopener\">Loe kommentaare<\/a><\/p>\n<h2>Staadioni eksporditeenused<\/h2>\n<p><img decoding=\"async\" src=\"https:\/\/moverdb.com\/wp-content\/uploads\/AF1QipNbJpafx0rQLiLxsp-PicBp0f6XDpvl3c9HG6kw408-h271-k-no.jpg\" alt='Staadioni eksporditeenused' class=\"aligncenter\"><\/p>\n<p><strong>Ettev\u00f5tte kirjeldus: <\/strong>Stadium Export Services pakub k\u00f5ikeh\u00f5lmavat eksporditeenust, alates ekspordiks kohandatud pakenditest kuni erinevate veolahendusteni.<\/p>\n<p> Me \u00fchendame pikaajalised kaubaveoalased teadmised teie veovajadustele kohandatud kaubaveoteenuste paketiga.<\/p>\n<p> Meie s\u00f5bralik meeskond abistab teid igal sammul, k\u00f5rvaldades ekspedeerimisega seotud koormuse.<\/p>\n<p> Meil on kogenud projekteerimis-, pakendamis- ja transpordimeeskond, kes on valmis pakkuma teile turvalist, t\u00f6\u00f6kindlat ja kuluefektiivset lahendust, mis tagab, et teie esemed j\u00f5uavad sihtkohta iga kord ideaalses seisukorras.<\/p>\n<p>Kas on vaja ladustada raskeid kaupu? Stadium Export Services pakub turvalist ja kindlat laopinda Kirde-Euroopas.<\/p>\n<p><strong>T\u00e4iendavad teenused:<\/strong><\/p>\n<p>Tollimaakler<\/p>\n<p>Pakendiettev\u00f5te<\/p>\n<p>Pakendiettev\u00f5tjad ja -teenused<\/p>\n<p>Veoteenus<\/p>\n<p>Ladustamisv\u00f5imalus<\/p>\n<p>Ladu<\/p>\n<p><strong>Aadress:<\/strong> Longrigg, Swalwell, Newcastle upon Tyne NE16 3AS<\/p>\n<p><a href=\"http:\/\/www.stadiumexport.co.uk\/\" target=\"_new\" rel=\"noopener\">Staadioni eksporditeenuste veebisait<\/a><\/p>\n<p><strong>L\u00e4bivaatamise tulemus: <\/strong>5<br \/> <strong>Arvamuste arv:<\/strong> 10<br \/><a href=\"https:\/\/www.google.co.uk\/maps?cid=11505822617303750695&#038;hl=en&#038;gl=GB\" target=\"_new\" rel=\"noopener\">Loe kommentaare<\/a><\/p>\n<h2>Kuidas me valisime parimad Newcastle upon Tyne ekspedeerimisfirmad<\/h2>\n<p>Alustasime 9 Newcastle upon Tyne'i kaubaveoettev\u00f5tte andmestikust, mille leidsime Google Mapsi kaudu, ja kitsendasime selle 2 parimaks.<\/p>\n<p>Selleks eemaldasime k\u00f5ik ettev\u00f5tted, mis:<\/p>\n<ul>\n<li> Ei olnud veebilehte<\/li>\n<li> Ei olnud kommentaare<\/li>\n<li> Keskmine hinde oli alla 2,0<\/li>\n<\/ul>\n<p>Sel hetkel, kui meil oli 17 v\u00f5i v\u00e4hem ekspediitorit, loetlesime nad k\u00f5ik \u00fcles.<\/p>\n<p>Linnade puhul, kus meil j\u00e4i \u00fcle 17 saatja, tegime edasisi muudatusi, suurendades kas n\u00f5utavat hindamist (nt t\u00f5stes minimaalse hinde 2,0-lt 4,0-le) ja\/v\u00f5i suurendades n\u00f5utavate hindamiste minimaalset arvu (nt t\u00f5stes v\u00e4hemalt 1 hindamiselt v\u00e4hemalt 10-le).<\/p>\n<p>Pange t\u00e4hele, et me kasutasime ainult Google Maps'i \u00fclevaatuste andmeid, mitte muid kolmandate osapoolte veebisaite.<\/p>\n<p>Rohkem linnu:<\/p>\n<p><a href=\"https:\/\/moverdb.com\/et\/ekspediitor\/freight-forwarding-uk\/great-yarmouth-freight-forwarder\/\">Great Yarmouthi ekspediitor<\/a><br \/><a href=\"https:\/\/moverdb.com\/et\/ekspediitor\/freight-forwarding-uk\/newport-freight-forwarder\/\">Newporti ekspediitor<\/a><br \/><a href=\"https:\/\/moverdb.com\/et\/ekspediitor\/freight-forwarding-uk\/wembley-freight-forwarder\/\">Wembley ekspediitor<\/a><br \/><a href=\"https:\/\/moverdb.com\/et\/ekspediitor\/freight-forwarding-uk\/hockley-freight-forwarder\/\">Hockley ekspediitor<\/a><br \/><a href=\"https:\/\/moverdb.com\/et\/ekspediitor\/freight-forwarding-uk\/fareham-freight-forwarder\/\">Farehami ekspediitor<\/a><\/p>","protected":false},"excerpt":{"rendered":"<p>Below we look at the 2 &#8220;best&#8221; Freight Forwarding companies in Newcastle upon Tyne out of 9. To learn more about how we chose the best please consult our FAQ section at the end. Please not the following listings are in no particular order and we are not making any recommendations for any particular company. [&hellip;]<\/p>\n","protected":false},"author":1,"featured_media":0,"parent":13427,"menu_order":0,"comment_status":"open","ping_status":"open","template":"","meta":{"_genesis_hide_title":false,"_genesis_hide_breadcrumbs":false,"_genesis_hide_singular_image":false,"_genesis_hide_footer_widgets":false,"_genesis_custom_body_class":"","_genesis_custom_post_class":"","_genesis_layout":"","footnotes":""},"class_list":{"0":"post-14034","1":"page","2":"type-page","3":"status-publish","5":"entry"},"_links":{"self":[{"href":"https:\/\/moverdb.com\/et\/wp-json\/wp\/v2\/pages\/14034","targetHints":{"allow":["GET"]}}],"collection":[{"href":"https:\/\/moverdb.com\/et\/wp-json\/wp\/v2\/pages"}],"about":[{"href":"https:\/\/moverdb.com\/et\/wp-json\/wp\/v2\/types\/page"}],"author":[{"embeddable":true,"href":"https:\/\/moverdb.com\/et\/wp-json\/wp\/v2\/users\/1"}],"replies":[{"embeddable":true,"href":"https:\/\/moverdb.com\/et\/wp-json\/wp\/v2\/comments?post=14034"}],"version-history":[{"count":1,"href":"https:\/\/moverdb.com\/et\/wp-json\/wp\/v2\/pages\/14034\/revisions"}],"predecessor-version":[{"id":15729,"href":"https:\/\/moverdb.com\/et\/wp-json\/wp\/v2\/pages\/14034\/revisions\/15729"}],"up":[{"embeddable":true,"href":"https:\/\/moverdb.com\/et\/wp-json\/wp\/v2\/pages\/13427"}],"wp:attachment":[{"href":"https:\/\/moverdb.com\/et\/wp-json\/wp\/v2\/media?parent=14034"}],"curies":[{"name":"wp","href":"https:\/\/api.w.org\/{rel}","templated":true}]}}