{"id":13993,"date":"2023-11-08T15:53:54","date_gmt":"2023-11-08T15:53:54","guid":{"rendered":"https:\/\/moverdb.com\/freight-forwarder\/freight-forwarding-uk\/maldon-freight-forwarder\/"},"modified":"2026-01-08T13:17:37","modified_gmt":"2026-01-08T13:17:37","slug":"maldon-freight-forwarder","status":"publish","type":"page","link":"https:\/\/moverdb.com\/et\/freight-forwarder\/freight-forwarding-uk\/maldon-freight-forwarder\/","title":{"rendered":"3 parimat Maldoni ekspedeerimisfirmat (2024)"},"content":{"rendered":"<p>J\u00e4rgnevalt vaatleme 3 <em>\"parim\"<\/em> Ekspedeerimisfirmad Maldonis 10-st.<\/p>\n<p>Lisateavet selle kohta, kuidas me valisime parimad, leiate meie KKK-osa l\u00f5pust.<\/p>\n<p><em>Pange t\u00e4hele, et j\u00e4rgmised nimekirjad ei ole konkreetses j\u00e4rjekorras ja me ei anna soovitusi \u00fchegi konkreetse ettev\u00f5tte kohta.<\/em><\/p>\n<div id=\"ez-toc-container\" class=\"ez-toc-v2_0_82_2 ez-toc-wrap-left counter-hierarchy ez-toc-counter ez-toc-transparent ez-toc-container-direction\">\n<div class=\"ez-toc-title-container\">\n<p class=\"ez-toc-title\" style=\"cursor:inherit\">Jaotised<\/p>\n<span class=\"ez-toc-title-toggle\"><a href=\"#\" class=\"ez-toc-pull-right ez-toc-btn ez-toc-btn-xs ez-toc-btn-default ez-toc-toggle\" aria-label=\"Sisukorra vaheldumine\"><span class=\"ez-toc-js-icon-con\"><span class=\"\"><span class=\"eztoc-hide\" style=\"display:none;\">Toggle<\/span><span class=\"ez-toc-icon-toggle-span\"><svg style=\"fill: #999;color:#999\" xmlns=\"http:\/\/www.w3.org\/2000\/svg\" class=\"list-377408\" width=\"20px\" height=\"20px\" viewbox=\"0 0 24 24\" fill=\"none\"><path d=\"M6 6H4v2h2V6zm14 0H8v2h12V6zM4 11h2v2H4v-2zm16 0H8v2h12v-2zM4 16h2v2H4v-2zm16 0H8v2h12v-2z\" fill=\"currentColor\"><\/path><\/svg><svg style=\"fill: #999;color:#999\" class=\"arrow-unsorted-368013\" xmlns=\"http:\/\/www.w3.org\/2000\/svg\" width=\"10px\" height=\"10px\" viewbox=\"0 0 24 24\" version=\"1.2\" baseprofile=\"tiny\"><path d=\"M18.2 9.3l-6.2-6.3-6.2 6.3c-.2.2-.3.4-.3.7s.1.5.3.7c.2.2.4.3.7.3h11c.3 0 .5-.1.7-.3.2-.2.3-.5.3-.7s-.1-.5-.3-.7zM5.8 14.7l6.2 6.3 6.2-6.3c.2-.2.3-.5.3-.7s-.1-.5-.3-.7c-.2-.2-.4-.3-.7-.3h-11c-.3 0-.5.1-.7.3-.2.2-.3.5-.3.7s.1.5.3.7z\"\/><\/svg><\/span><\/span><\/span><\/a><\/span><\/div>\n<nav><ul class='ez-toc-list ez-toc-list-level-1 eztoc-toggle-hide-by-default' ><li class='ez-toc-page-1 ez-toc-heading-level-2'><a class=\"ez-toc-link ez-toc-heading-1\" href=\"https:\/\/moverdb.com\/et\/freight-forwarder\/freight-forwarding-uk\/maldon-freight-forwarder\/#Power_Forwarding_Ltd_Essex\" >Power Forwarding Ltd Essex<\/a><\/li><li class='ez-toc-page-1 ez-toc-heading-level-2'><a class=\"ez-toc-link ez-toc-heading-2\" href=\"https:\/\/moverdb.com\/et\/freight-forwarder\/freight-forwarding-uk\/maldon-freight-forwarder\/#Car_Shipping_Made_Simple\" >Auto vedu lihtsaks tehtud<\/a><\/li><li class='ez-toc-page-1 ez-toc-heading-level-2'><a class=\"ez-toc-link ez-toc-heading-3\" href=\"https:\/\/moverdb.com\/et\/freight-forwarder\/freight-forwarding-uk\/maldon-freight-forwarder\/#Cargo_Marketing_Services_Ltd\" >Cargo Marketing Services Ltd<\/a><\/li><li class='ez-toc-page-1 ez-toc-heading-level-2'><a class=\"ez-toc-link ez-toc-heading-4\" href=\"https:\/\/moverdb.com\/et\/freight-forwarder\/freight-forwarding-uk\/maldon-freight-forwarder\/#How_we_picked_the_best_Maldon_Freight_Forwarding_Companies\" >Kuidas me valisime parimad Maldoni ekspedeerimisfirmad<\/a><\/li><\/ul><\/nav><\/div>\n<h2><span class=\"ez-toc-section\" id=\"Power_Forwarding_Ltd_Essex\"><\/span>Power Forwarding Ltd Essex<span class=\"ez-toc-section-end\"><\/span><\/h2>\n<p><img decoding=\"async\" src=\"https:\/\/moverdb.com\/wp-content\/uploads\/AF1QipNldDWo1WcV0NHQxxXaIAJ9TSSP34S-EpuJFAKqw408-h593-k-no.jpg\" alt='Power Forwarding Ltd Essex' class=\"aligncenter\"><\/p>\n<p><strong>Ettev\u00f5tte kirjeldus: <\/strong>Power Forwarding p\u00fc\u00fcab k\u00f5rvaldada eksportijate ja importijate jaoks k\u00f5ik laevanduse keerukused.<\/p>\n<p> Pakkudes professionaalset juhendamist, et protsess kulgeks k\u00f5igile oma klientidele v\u00f5imalikult sujuvalt.<\/p>\n<p> Spetsialiseerunud lennu-, mere- ja maanteeveole, ladustamisele ja tollivormistusele.<\/p>\n<p> Nad pakuvad kiiret reageerimisaega, suurep\u00e4raseid hindu, BIFA ja FIATA akrediteeritud t\u00f6\u00f6tajaid ning t\u00e4ielikult toimivat \u00fclemaailmset v\u00f5rgustikku, et olla oma valdkonna parimad.<\/p>\n<p> Mis v\u00f5ime pakkuda \u00fclemaailmset laevanduse nad peaksid olema teie esimene <a href=\"https:\/\/moverdb.com\/et\/top-49-container-ports\/\" data-internallinksmanager029f6b8e52c=\"80\" title=\"Top 49 suurimat ja tihedaima liiklusega konteinersadamat 2025. aastal\">sadam<\/a> mis tahes k\u00fcsimuste puhul, mis v\u00f5ivad olla seotud rahvusvahelise ekspordi v\u00f5i impordiga.<\/p>\n<p> V\u00f5tke \u00fchendust meeskonnaga, et rohkem teada saada, nad vastavad teie k\u00fcsimustele v\u00f5i p\u00e4ringutele hea meelega.<\/p>\n<p><strong>T\u00e4iendavad teenused:<\/strong><\/p>\n<p>Ei ole loetletud<\/p>\n<p><strong>Aadress:<\/strong> B\u00fcroo 12, Bentalls Shopping Centre, 28 Colchester Rd, Heybridge, Maldon CM9 4GD<\/p>\n<p><a href=\"http:\/\/www.powerforwarding.com\/\" target=\"_new\" rel=\"noopener\">Power Forwarding Ltd Essexi veebisait<\/a><\/p>\n<p><strong>L\u00e4bivaatamise tulemus: <\/strong>4.3<br \/> <strong>Arvamuste arv:<\/strong> 16<br \/><a href=\"https:\/\/www.google.co.uk\/maps?cid=14541926269948356998&#038;hl=en&#038;gl=GB\" target=\"_new\" rel=\"noopener\">Loe kommentaare<\/a><\/p>\n<h2><span class=\"ez-toc-section\" id=\"Car_Shipping_Made_Simple\"><\/span>Auto vedu lihtsaks tehtud<span class=\"ez-toc-section-end\"><\/span><\/h2>\n<p><img decoding=\"async\" src=\"https:\/\/moverdb.com\/wp-content\/uploads\/AF1QipNYyFib9uPjEVa7o-aTIDoeKF_sKZmOsJyYEg1Uw426-h240-k-no.png\" alt='Auto vedu lihtsaks tehtud' class=\"aligncenter\"><\/p>\n<p><strong>Ettev\u00f5tte kirjeldus: <\/strong>The <a href=\"https:\/\/moverdb.com\/et\/car-transport-shipping\/\" data-internallinksmanager029f6b8e52c=\"2\" title=\"2026 Rahvusvaheline autoveo ja s\u00f5idukite veo hinnapakkumised\">Autolaevandus<\/a> eksperdid, igan\u00e4dalased ekspordi- ja imporditeenused kogu maailmas.<\/p>\n<p> L\u00e4bipaistev hinnakujundus, mis on saadaval 24\/7 meie kodulehel, t\u00e4ielik j\u00e4lgimine ja j\u00e4lgimine.<\/p>\n<p><strong>T\u00e4iendavad teenused:<\/strong><\/p>\n<p>S\u00f5iduki veoagent<\/p>\n<p><strong>Aadress:<\/strong> Fullbridge House, Fullbridge, Maldon CM9 4NX<\/p>\n<p><a href=\"http:\/\/www.carshippingmadesimple.com\/\" target=\"_new\" rel=\"noopener\">Autolaevanduse lihtsaks tehtud veebileht<\/a><\/p>\n<p><strong>L\u00e4bivaatamise tulemus: <\/strong>4.5<br \/> <strong>Arvamuste arv:<\/strong> 8<br \/><a href=\"https:\/\/www.google.co.uk\/maps?cid=17489635601078454444&#038;hl=en&#038;gl=GB\" target=\"_new\" rel=\"noopener\">Loe kommentaare<\/a><\/p>\n<h2><span class=\"ez-toc-section\" id=\"Cargo_Marketing_Services_Ltd\"><\/span>Cargo Marketing Services Ltd<span class=\"ez-toc-section-end\"><\/span><\/h2>\n<p><img decoding=\"async\" src=\"https:\/\/moverdb.com\/wp-content\/uploads\/AF1QipPu7J42kn6yl02liPMy9JT_2Cmo_IthVFgNPsU0w426-h240-k-no.jpg\" alt='Cargo Marketing Services Ltd' class=\"aligncenter\"><\/p>\n<p><strong>Ettev\u00f5tte kirjeldus: <\/strong>Ei ole ette n\u00e4htud<\/p>\n<p><strong>T\u00e4iendavad teenused:<\/strong><\/p>\n<p>Ei ole loetletud<\/p>\n<p><strong>Aadress:<\/strong> Fullbridge House, Fullbridge, Maldon CM9 4NX<\/p>\n<p><a href=\"https:\/\/www.cargomarketing.com\/\" target=\"_new\" rel=\"noopener\">Cargo Marketing Services Ltd veebileht<\/a><\/p>\n<p><strong>L\u00e4bivaatamise tulemus: <\/strong>5<br \/> <strong>Arvamuste arv:<\/strong> 1<br \/><a href=\"https:\/\/www.google.co.uk\/maps?cid=2265029552815970914&#038;hl=en&#038;gl=GB\" target=\"_new\" rel=\"noopener\">Loe kommentaare<\/a><\/p>\n<h2><span class=\"ez-toc-section\" id=\"How_we_picked_the_best_Maldon_Freight_Forwarding_Companies\"><\/span>Kuidas me valisime parimad Maldoni ekspedeerimisfirmad<span class=\"ez-toc-section-end\"><\/span><\/h2>\n<p>Alustasime 10 Maldoni ekspedeerimisettev\u00f5tte andmestikust, mille leidsime Google Mapsi kaudu, ja kitsendasime selle 3 parimaks.<\/p>\n<p>Selleks eemaldasime k\u00f5ik ettev\u00f5tted, mis:<\/p>\n<ul>\n<li> Ei olnud veebilehte<\/li>\n<li> Ei olnud kommentaare<\/li>\n<li> Keskmine hinde oli alla 2,0<\/li>\n<\/ul>\n<p>Sel hetkel, kui meil oli 17 v\u00f5i v\u00e4hem ekspediitorit, loetlesime nad k\u00f5ik \u00fcles.<\/p>\n<p>Linnade puhul, kus meil j\u00e4i \u00fcle 17 saatja, tegime edasisi muudatusi, suurendades kas n\u00f5utavat hindamist (nt t\u00f5stes minimaalse hinde 2,0-lt 4,0-le) ja\/v\u00f5i suurendades n\u00f5utavate hindamiste minimaalset arvu (nt t\u00f5stes v\u00e4hemalt 1 hindamiselt v\u00e4hemalt 10-le).<\/p>\n<p>Pange t\u00e4hele, et me kasutasime ainult Google Maps'i \u00fclevaatuste andmeid, mitte muid kolmandate osapoolte veebisaite.<\/p>\n<p>Rohkem linnu:<\/p>\n<p><a href=\"https:\/\/moverdb.com\/et\/ekspediitor\/freight-forwarding-uk\/bellshill-freight-forwarder\/\">Bellshilli ekspediitor<\/a><br \/><a href=\"https:\/\/moverdb.com\/et\/ekspediitor\/freight-forwarding-uk\/middlesbrough-freight-forwarder\/\">Middlesbrough ekspediitorid<\/a><br \/><a href=\"https:\/\/moverdb.com\/et\/ekspediitor\/freight-forwarding-uk\/hessle-freight-forwarder\/\">Hessle'i ekspediitor<\/a><br \/><a href=\"https:\/\/moverdb.com\/et\/ekspediitor\/freight-forwarding-uk\/newtownabbey-freight-forwarder\/\">Newtownabbey ekspedeerija<\/a><br \/><a href=\"https:\/\/moverdb.com\/et\/ekspediitor\/freight-forwarding-uk\/preston-freight-forwarder\/\">Preston ekspediitor<\/a><\/p>","protected":false},"excerpt":{"rendered":"<p>Below we look at the 3 &#8220;best&#8221; Freight Forwarding companies in Maldon out of 10. To learn more about how we chose the best please consult our FAQ section at the end. Please not the following listings are in no particular order and we are not making any recommendations for any particular company. Power Forwarding [&hellip;]<\/p>\n","protected":false},"author":1,"featured_media":0,"parent":13427,"menu_order":0,"comment_status":"open","ping_status":"open","template":"","meta":{"_genesis_hide_title":false,"_genesis_hide_breadcrumbs":false,"_genesis_hide_singular_image":false,"_genesis_hide_footer_widgets":false,"_genesis_custom_body_class":"","_genesis_custom_post_class":"","_genesis_layout":"","footnotes":""},"class_list":{"0":"post-13993","1":"page","2":"type-page","3":"status-publish","5":"entry"},"_links":{"self":[{"href":"https:\/\/moverdb.com\/et\/wp-json\/wp\/v2\/pages\/13993","targetHints":{"allow":["GET"]}}],"collection":[{"href":"https:\/\/moverdb.com\/et\/wp-json\/wp\/v2\/pages"}],"about":[{"href":"https:\/\/moverdb.com\/et\/wp-json\/wp\/v2\/types\/page"}],"author":[{"embeddable":true,"href":"https:\/\/moverdb.com\/et\/wp-json\/wp\/v2\/users\/1"}],"replies":[{"embeddable":true,"href":"https:\/\/moverdb.com\/et\/wp-json\/wp\/v2\/comments?post=13993"}],"version-history":[{"count":1,"href":"https:\/\/moverdb.com\/et\/wp-json\/wp\/v2\/pages\/13993\/revisions"}],"predecessor-version":[{"id":15770,"href":"https:\/\/moverdb.com\/et\/wp-json\/wp\/v2\/pages\/13993\/revisions\/15770"}],"up":[{"embeddable":true,"href":"https:\/\/moverdb.com\/et\/wp-json\/wp\/v2\/pages\/13427"}],"wp:attachment":[{"href":"https:\/\/moverdb.com\/et\/wp-json\/wp\/v2\/media?parent=13993"}],"curies":[{"name":"wp","href":"https:\/\/api.w.org\/{rel}","templated":true}]}}