{"id":13942,"date":"2023-11-08T15:53:26","date_gmt":"2023-11-08T15:53:26","guid":{"rendered":"https:\/\/moverdb.com\/freight-forwarder\/freight-forwarding-uk\/wakefield-freight-forwarder\/"},"modified":"2026-01-08T13:17:46","modified_gmt":"2026-01-08T13:17:46","slug":"wakefield-freight-forwarder","status":"publish","type":"page","link":"https:\/\/moverdb.com\/et\/freight-forwarder\/freight-forwarding-uk\/wakefield-freight-forwarder\/","title":{"rendered":"3 parimat Wakefieldi ekspedeerimisfirmat (2024)"},"content":{"rendered":"<p>J\u00e4rgnevalt vaatleme 3 <em>\"parim\"<\/em> Ekspedeerimisfirmad Wakefieldis 5-st.<\/p>\n<p>Lisateavet selle kohta, kuidas me valisime parimad, leiate meie KKK-osa l\u00f5pust.<\/p>\n<p><em>Pange t\u00e4hele, et j\u00e4rgmised nimekirjad ei ole konkreetses j\u00e4rjekorras ja me ei anna soovitusi \u00fchegi konkreetse ettev\u00f5tte kohta.<\/em><\/p>\n<div id=\"ez-toc-container\" class=\"ez-toc-v2_0_82_2 ez-toc-wrap-left counter-hierarchy ez-toc-counter ez-toc-transparent ez-toc-container-direction\">\n<div class=\"ez-toc-title-container\">\n<p class=\"ez-toc-title\" style=\"cursor:inherit\">Jaotised<\/p>\n<span class=\"ez-toc-title-toggle\"><a href=\"#\" class=\"ez-toc-pull-right ez-toc-btn ez-toc-btn-xs ez-toc-btn-default ez-toc-toggle\" aria-label=\"Sisukorra vaheldumine\"><span class=\"ez-toc-js-icon-con\"><span class=\"\"><span class=\"eztoc-hide\" style=\"display:none;\">Toggle<\/span><span class=\"ez-toc-icon-toggle-span\"><svg style=\"fill: #999;color:#999\" xmlns=\"http:\/\/www.w3.org\/2000\/svg\" class=\"list-377408\" width=\"20px\" height=\"20px\" viewbox=\"0 0 24 24\" fill=\"none\"><path d=\"M6 6H4v2h2V6zm14 0H8v2h12V6zM4 11h2v2H4v-2zm16 0H8v2h12v-2zM4 16h2v2H4v-2zm16 0H8v2h12v-2z\" fill=\"currentColor\"><\/path><\/svg><svg style=\"fill: #999;color:#999\" class=\"arrow-unsorted-368013\" xmlns=\"http:\/\/www.w3.org\/2000\/svg\" width=\"10px\" height=\"10px\" viewbox=\"0 0 24 24\" version=\"1.2\" baseprofile=\"tiny\"><path d=\"M18.2 9.3l-6.2-6.3-6.2 6.3c-.2.2-.3.4-.3.7s.1.5.3.7c.2.2.4.3.7.3h11c.3 0 .5-.1.7-.3.2-.2.3-.5.3-.7s-.1-.5-.3-.7zM5.8 14.7l6.2 6.3 6.2-6.3c.2-.2.3-.5.3-.7s-.1-.5-.3-.7c-.2-.2-.4-.3-.7-.3h-11c-.3 0-.5.1-.7.3-.2.2-.3.5-.3.7s.1.5.3.7z\"\/><\/svg><\/span><\/span><\/span><\/a><\/span><\/div>\n<nav><ul class='ez-toc-list ez-toc-list-level-1 eztoc-toggle-hide-by-default' ><li class='ez-toc-page-1 ez-toc-heading-level-2'><a class=\"ez-toc-link ez-toc-heading-1\" href=\"https:\/\/moverdb.com\/et\/freight-forwarder\/freight-forwarding-uk\/wakefield-freight-forwarder\/#Humber_Barges_Ltd\" >Humber Barges Ltd<\/a><\/li><li class='ez-toc-page-1 ez-toc-heading-level-2'><a class=\"ez-toc-link ez-toc-heading-2\" href=\"https:\/\/moverdb.com\/et\/freight-forwarder\/freight-forwarding-uk\/wakefield-freight-forwarder\/#Jenkar_Shipping_Ltd\" >Jenkar Shipping Ltd<\/a><\/li><li class='ez-toc-page-1 ez-toc-heading-level-2'><a class=\"ez-toc-link ez-toc-heading-3\" href=\"https:\/\/moverdb.com\/et\/freight-forwarder\/freight-forwarding-uk\/wakefield-freight-forwarder\/#GWT_Import_Export_Specialists_Ltd\" >GWT Import &amp; Export Specialists Ltd<\/a><\/li><li class='ez-toc-page-1 ez-toc-heading-level-2'><a class=\"ez-toc-link ez-toc-heading-4\" href=\"https:\/\/moverdb.com\/et\/freight-forwarder\/freight-forwarding-uk\/wakefield-freight-forwarder\/#How_we_picked_the_best_Wakefield_Freight_Forwarding_Companies\" >Kuidas me valisime parimad Wakefieldi ekspedeerimisfirmad<\/a><\/li><\/ul><\/nav><\/div>\n<h2><span class=\"ez-toc-section\" id=\"Humber_Barges_Ltd\"><\/span>Humber Barges Ltd<span class=\"ez-toc-section-end\"><\/span><\/h2>\n<p><img decoding=\"async\" src=\"https:\/\/moverdb.com\/wp-content\/uploads\/thumbnailpanoidSA-BYd3Si77iQRz8wZPRfwcb_clientsearch.gws-prod.gpsw408h240yaw71.jpg\" alt='Humber Barges Ltd' class=\"aligncenter\"><\/p>\n<p><strong>Ettev\u00f5tte kirjeldus: <\/strong>Ei ole ette n\u00e4htud<\/p>\n<p><strong>T\u00e4iendavad teenused:<\/strong><\/p>\n<p>Ei ole loetletud<\/p>\n<p><strong>Aadress:<\/strong> 95 Denby Dale Rd, Wakefield WF2 8DJ<\/p>\n<p><a href=\"http:\/\/humber-barges.co.uk\/\" target=\"_new\" rel=\"noopener\">Humber Barges Ltd veebisait<\/a><\/p>\n<p><strong>L\u00e4bivaatamise tulemus: <\/strong>5<br \/> <strong>Arvamuste arv:<\/strong> 1<br \/><a href=\"https:\/\/www.google.co.uk\/maps?cid=12149377830257114070&#038;hl=en&#038;gl=GB\" target=\"_new\" rel=\"noopener\">Loe kommentaare<\/a><\/p>\n<h2><span class=\"ez-toc-section\" id=\"Jenkar_Shipping_Ltd\"><\/span>Jenkar Shipping Ltd<span class=\"ez-toc-section-end\"><\/span><\/h2>\n<p><img decoding=\"async\" src=\"https:\/\/moverdb.com\/wp-content\/uploads\/AF1QipNhkqm-vL3svpBXLjCc7rxbRerspJlm1DxysxIw426-h240-k-no.jpg\" alt='Jenkar Shipping Ltd' class=\"aligncenter\"><\/p>\n<p><strong>Ettev\u00f5tte kirjeldus: <\/strong>Eraomanduses, \"Multi-Modal\". <a href=\"https:\/\/moverdb.com\/et\/freight-forwarder\/\" data-internallinksmanager029f6b8e52c=\"17\" title=\"Ekspedeerija ja NVOCC rahvusvaheliste kulude ja ettev\u00f5tete juhend\">Ekspediitor<\/a>' asutatud \u00fcle 40 aasta.<\/p>\n<p> Me pakume teenust, mis seab <a href=\"https:\/\/moverdb.com\/et\/moving-to-the-united-states\/\" data-internallinksmanager029f6b8e52c=\"94\" title=\"Kolimine Ameerika \u00dchendriikidesse? 2022 Elamiskulud ja kolimisn\u00f5uanded\">us<\/a> konkurentidest k\u00f5rvale.<\/p>\n<p><strong>T\u00e4iendavad teenused:<\/strong><\/p>\n<p>Logistikateenus<\/p>\n<p>Tarnefirma<\/p>\n<p>Ladu<\/p>\n<p><strong>Aadress:<\/strong> 41 Industrial Estate, Unit C2 Telford Way, Wakefield WF2 0XW<\/p>\n<p><a href=\"http:\/\/www.jenkar.com\/\" target=\"_new\" rel=\"noopener\">Jenkar Shipping Ltd veebisait<\/a><\/p>\n<p><strong>L\u00e4bivaatamise tulemus: <\/strong>4.6<br \/> <strong>Arvamuste arv:<\/strong> 52<br \/><a href=\"https:\/\/www.google.co.uk\/maps?cid=10446267189295738620&#038;hl=en&#038;gl=GB\" target=\"_new\" rel=\"noopener\">Loe kommentaare<\/a><\/p>\n<h2><span class=\"ez-toc-section\" id=\"GWT_Import_Export_Specialists_Ltd\"><\/span>GWT Import &amp; Export Specialists Ltd<span class=\"ez-toc-section-end\"><\/span><\/h2>\n<p><img decoding=\"async\" src=\"https:\/\/moverdb.com\/wp-content\/uploads\/thumbnailpanoidSJRA8xfdG8B7oZzMh_Zgpwcb_clientsearch.gws-prod.gpsw408h240yaw82.jpg\" alt='GWT Import &amp; Export Specialists Ltd' class=\"aligncenter\"><\/p>\n<p><strong>Ettev\u00f5tte kirjeldus: <\/strong>Ei ole ette n\u00e4htud<\/p>\n<p><strong>T\u00e4iendavad teenused:<\/strong><\/p>\n<p>Tollimaakler<\/p>\n<p>Transporditeenus<\/p>\n<p><strong>Aadress:<\/strong> 93 Lawefield Ln, Wakefield WF2 8SU<\/p>\n<p><a href=\"https:\/\/gwtimpex.co.uk\/\" target=\"_new\" rel=\"noopener\">GWT Import &amp; Export Specialists Ltd veebileht<\/a><\/p>\n<p><strong>L\u00e4bivaatamise tulemus: <\/strong>5<br \/> <strong>Arvamuste arv:<\/strong> 3<br \/><a href=\"https:\/\/www.google.co.uk\/maps?cid=3559297219774265921&#038;hl=en&#038;gl=GB\" target=\"_new\" rel=\"noopener\">Loe kommentaare<\/a><\/p>\n<h2><span class=\"ez-toc-section\" id=\"How_we_picked_the_best_Wakefield_Freight_Forwarding_Companies\"><\/span>Kuidas me valisime parimad Wakefieldi ekspedeerimisfirmad<span class=\"ez-toc-section-end\"><\/span><\/h2>\n<p>Alustasime 5 Wakefieldi ekspedeerimisettev\u00f5tte andmestikust, mille leidsime Google Mapsi kaudu, ja kitsendasime need 3 parimaks.<\/p>\n<p>Selleks eemaldasime k\u00f5ik ettev\u00f5tted, mis:<\/p>\n<ul>\n<li> Ei olnud veebilehte<\/li>\n<li> Ei olnud kommentaare<\/li>\n<li> Keskmine hinde oli alla 2,0<\/li>\n<\/ul>\n<p>Sel hetkel, kui meil oli 17 v\u00f5i v\u00e4hem ekspediitorit, loetlesime nad k\u00f5ik \u00fcles.<\/p>\n<p>Linnade puhul, kus meil j\u00e4i \u00fcle 17 saatja, tegime edasisi muudatusi, suurendades kas n\u00f5utavat hindamist (nt t\u00f5stes minimaalse hinde 2,0-lt 4,0-le) ja\/v\u00f5i suurendades n\u00f5utavate hindamiste minimaalset arvu (nt t\u00f5stes v\u00e4hemalt 1 hindamiselt v\u00e4hemalt 10-le).<\/p>\n<p>Pange t\u00e4hele, et me kasutasime ainult Google Maps'i \u00fclevaatuste andmeid, mitte muid kolmandate osapoolte veebisaite.<\/p>\n<p>Rohkem linnu:<\/p>\n<p><a href=\"https:\/\/moverdb.com\/et\/ekspediitor\/freight-forwarding-uk\/christchurch-freight-forwarder\/\">Christchurchi ekspediitor<\/a><br \/><a href=\"https:\/\/moverdb.com\/et\/ekspediitor\/freight-forwarding-uk\/braintree-freight-forwarder\/\">Braintree ekspediitor<\/a><br \/><a href=\"https:\/\/moverdb.com\/et\/ekspediitor\/freight-forwarding-uk\/ilford-freight-forwarder\/\">Ilfordi ekspediitor<\/a><br \/><a href=\"https:\/\/moverdb.com\/et\/ekspediitor\/freight-forwarding-uk\/stockport-freight-forwarder\/\">Stockporti ekspediitor<\/a><br \/><a href=\"https:\/\/moverdb.com\/et\/ekspediitor\/freight-forwarding-uk\/colchester-freight-forwarder\/\">Colchesteri ekspediitor<\/a><\/p>","protected":false},"excerpt":{"rendered":"<p>Below we look at the 3 &#8220;best&#8221; Freight Forwarding companies in Wakefield out of 5. To learn more about how we chose the best please consult our FAQ section at the end. Please not the following listings are in no particular order and we are not making any recommendations for any particular company. Humber Barges [&hellip;]<\/p>\n","protected":false},"author":1,"featured_media":0,"parent":13427,"menu_order":0,"comment_status":"open","ping_status":"open","template":"","meta":{"_genesis_hide_title":false,"_genesis_hide_breadcrumbs":false,"_genesis_hide_singular_image":false,"_genesis_hide_footer_widgets":false,"_genesis_custom_body_class":"","_genesis_custom_post_class":"","_genesis_layout":"","footnotes":""},"class_list":{"0":"post-13942","1":"page","2":"type-page","3":"status-publish","5":"entry"},"_links":{"self":[{"href":"https:\/\/moverdb.com\/et\/wp-json\/wp\/v2\/pages\/13942","targetHints":{"allow":["GET"]}}],"collection":[{"href":"https:\/\/moverdb.com\/et\/wp-json\/wp\/v2\/pages"}],"about":[{"href":"https:\/\/moverdb.com\/et\/wp-json\/wp\/v2\/types\/page"}],"author":[{"embeddable":true,"href":"https:\/\/moverdb.com\/et\/wp-json\/wp\/v2\/users\/1"}],"replies":[{"embeddable":true,"href":"https:\/\/moverdb.com\/et\/wp-json\/wp\/v2\/comments?post=13942"}],"version-history":[{"count":1,"href":"https:\/\/moverdb.com\/et\/wp-json\/wp\/v2\/pages\/13942\/revisions"}],"predecessor-version":[{"id":15779,"href":"https:\/\/moverdb.com\/et\/wp-json\/wp\/v2\/pages\/13942\/revisions\/15779"}],"up":[{"embeddable":true,"href":"https:\/\/moverdb.com\/et\/wp-json\/wp\/v2\/pages\/13427"}],"wp:attachment":[{"href":"https:\/\/moverdb.com\/et\/wp-json\/wp\/v2\/media?parent=13942"}],"curies":[{"name":"wp","href":"https:\/\/api.w.org\/{rel}","templated":true}]}}