{"id":13934,"date":"2023-11-08T15:53:26","date_gmt":"2023-11-08T15:53:26","guid":{"rendered":"https:\/\/moverdb.com\/freight-forwarder\/freight-forwarding-uk\/heywood-freight-forwarder\/"},"modified":"2026-01-08T13:17:31","modified_gmt":"2026-01-08T13:17:31","slug":"heywood-freight-forwarder","status":"publish","type":"page","link":"https:\/\/moverdb.com\/et\/freight-forwarder\/freight-forwarding-uk\/heywood-freight-forwarder\/","title":{"rendered":"3 parimat Heywoodi ekspedeerimisfirmat (2024)"},"content":{"rendered":"<p>J\u00e4rgnevalt vaatleme 3 <em>\"parim\"<\/em> Ekspedeerimisfirmad Heywoodis 3-st.<\/p>\n<p>Lisateavet selle kohta, kuidas me valisime parimad, leiate meie KKK-osa l\u00f5pust.<\/p>\n<p><em>Pange t\u00e4hele, et j\u00e4rgmised nimekirjad ei ole konkreetses j\u00e4rjekorras ja me ei anna soovitusi \u00fchegi konkreetse ettev\u00f5tte kohta.<\/em><\/p>\n<div id=\"ez-toc-container\" class=\"ez-toc-v2_0_82_2 ez-toc-wrap-left counter-hierarchy ez-toc-counter ez-toc-transparent ez-toc-container-direction\">\n<div class=\"ez-toc-title-container\">\n<p class=\"ez-toc-title\" style=\"cursor:inherit\">Jaotised<\/p>\n<span class=\"ez-toc-title-toggle\"><a href=\"#\" class=\"ez-toc-pull-right ez-toc-btn ez-toc-btn-xs ez-toc-btn-default ez-toc-toggle\" aria-label=\"Sisukorra vaheldumine\"><span class=\"ez-toc-js-icon-con\"><span class=\"\"><span class=\"eztoc-hide\" style=\"display:none;\">Toggle<\/span><span class=\"ez-toc-icon-toggle-span\"><svg style=\"fill: #999;color:#999\" xmlns=\"http:\/\/www.w3.org\/2000\/svg\" class=\"list-377408\" width=\"20px\" height=\"20px\" viewbox=\"0 0 24 24\" fill=\"none\"><path d=\"M6 6H4v2h2V6zm14 0H8v2h12V6zM4 11h2v2H4v-2zm16 0H8v2h12v-2zM4 16h2v2H4v-2zm16 0H8v2h12v-2z\" fill=\"currentColor\"><\/path><\/svg><svg style=\"fill: #999;color:#999\" class=\"arrow-unsorted-368013\" xmlns=\"http:\/\/www.w3.org\/2000\/svg\" width=\"10px\" height=\"10px\" viewbox=\"0 0 24 24\" version=\"1.2\" baseprofile=\"tiny\"><path d=\"M18.2 9.3l-6.2-6.3-6.2 6.3c-.2.2-.3.4-.3.7s.1.5.3.7c.2.2.4.3.7.3h11c.3 0 .5-.1.7-.3.2-.2.3-.5.3-.7s-.1-.5-.3-.7zM5.8 14.7l6.2 6.3 6.2-6.3c.2-.2.3-.5.3-.7s-.1-.5-.3-.7c-.2-.2-.4-.3-.7-.3h-11c-.3 0-.5.1-.7.3-.2.2-.3.5-.3.7s.1.5.3.7z\"\/><\/svg><\/span><\/span><\/span><\/a><\/span><\/div>\n<nav><ul class='ez-toc-list ez-toc-list-level-1 eztoc-toggle-hide-by-default' ><li class='ez-toc-page-1 ez-toc-heading-level-2'><a class=\"ez-toc-link ez-toc-heading-1\" href=\"https:\/\/moverdb.com\/et\/freight-forwarder\/freight-forwarding-uk\/heywood-freight-forwarder\/#ITD_Global_Head_Office\" >ITD \u00fclemaailmne peakontor<\/a><\/li><li class='ez-toc-page-1 ez-toc-heading-level-2'><a class=\"ez-toc-link ez-toc-heading-2\" href=\"https:\/\/moverdb.com\/et\/freight-forwarder\/freight-forwarding-uk\/heywood-freight-forwarder\/#Ital_Logistics_Limited\" >Ital Logistics Limited<\/a><\/li><li class='ez-toc-page-1 ez-toc-heading-level-2'><a class=\"ez-toc-link ez-toc-heading-3\" href=\"https:\/\/moverdb.com\/et\/freight-forwarder\/freight-forwarding-uk\/heywood-freight-forwarder\/#Uniexpress_Ltd\" >Uniexpress Ltd<\/a><\/li><li class='ez-toc-page-1 ez-toc-heading-level-2'><a class=\"ez-toc-link ez-toc-heading-4\" href=\"https:\/\/moverdb.com\/et\/freight-forwarder\/freight-forwarding-uk\/heywood-freight-forwarder\/#How_we_picked_the_best_Heywood_Freight_Forwarding_Companies\" >Kuidas me valisime parimad Heywoodi ekspedeerimisfirmad<\/a><\/li><\/ul><\/nav><\/div>\n<h2><span class=\"ez-toc-section\" id=\"ITD_Global_Head_Office\"><\/span>ITD \u00fclemaailmne peakontor<span class=\"ez-toc-section-end\"><\/span><\/h2>\n<p><img decoding=\"async\" src=\"https:\/\/moverdb.com\/wp-content\/uploads\/AF1QipNrIAOK1pecyCJuhvNkN5Kl6uFxDNLuH-T9Ee2qw470-h240-k-no.jpg\" alt='ITD \u00fclemaailmne peakontor' class=\"aligncenter\"><\/p>\n<p><strong>Ettev\u00f5tte kirjeldus: <\/strong>ITD Global pakub rahvusvahelisi kullerteenuseid, usaldusv\u00e4\u00e4rseid ekspress- v\u00f5i \u00f6konoomseid lennutransporditeenuseid, mis v\u00f5imaldavad teil importida v\u00f5i eksportida oma kaupu t\u00f5husamalt ja kulut\u00f5husamalt, toimetades teie saadetised kuhugi maailma, kuhu ja millal te neid vajate.<\/p>\n<p> ITD pakub ka e-kaubanduse pakiveolahendusi, mis pakuvad integreeritud e-kaubanduse platvormi, millel on vajalikud v\u00f5imalused sujuvaks k\u00e4ttetoimetamiseks, paremaks klienditagasiside saamiseks ja suuremaks t\u00f5hususeks.<\/p>\n<p><strong>T\u00e4iendavad teenused:<\/strong><\/p>\n<p>Kullerteenus<\/p>\n<p>E-kaubanduse agentuur<\/p>\n<p>Tarnefirma<\/p>\n<p><strong>Aadress:<\/strong> Unit A, Birch Industrial Park, Whittle Ln, Heywood OL10 2SX<\/p>\n<p><a href=\"http:\/\/www.itdglobal.com\/\" target=\"_new\" rel=\"noopener\">ITD \u00fclemaailmse peakontori veebisait<\/a><\/p>\n<p><strong>L\u00e4bivaatamise tulemus: <\/strong>3.9<br \/> <strong>Arvamuste arv:<\/strong> 34<br \/><a href=\"https:\/\/www.google.co.uk\/maps?cid=6159889693986751776&#038;hl=en&#038;gl=GB\" target=\"_new\" rel=\"noopener\">Loe kommentaare<\/a><\/p>\n<h2><span class=\"ez-toc-section\" id=\"Ital_Logistics_Limited\"><\/span>Ital Logistics Limited<span class=\"ez-toc-section-end\"><\/span><\/h2>\n<p><img decoding=\"async\" src=\"https:\/\/moverdb.com\/wp-content\/uploads\/AF1QipMCZ7lxoxZMg4LNZI1lLbAimTIjJq0mm-y4Ko2fw408-h306-k-no.jpg\" alt='Ital Logistics Limited' class=\"aligncenter\"><\/p>\n<p><strong>Ettev\u00f5tte kirjeldus: <\/strong><br \/>\nITAL Logistics on Briti kaubaveoettev\u00f5te, millel on itaaliap\u00e4rane maitse.<\/p>\n<p> Ettev\u00f5te hakkas spetsialiseeruma kaubavedudele, mis toimusid ajavahemikus <a href=\"https:\/\/moverdb.com\/et\/moving-to-the-uk\/\" data-internallinksmanager029f6b8e52c=\"93\" title=\"Kolimine \u00dchendkuningriiki? 2022 Elamiskulud ja kolimisn\u00f5uanded\">UK<\/a> ja <a href=\"https:\/\/moverdb.com\/et\/moving-to-italy\/\" data-internallinksmanager029f6b8e52c=\"346\" title=\"Kolimine Itaaliasse? 2023 elamiskulud ja kolimisn\u00f5uanded\">Itaalia<\/a>, kuid on vahepeal laiendanud oma teenust, et h\u00f5lmata <a href=\"https:\/\/moverdb.com\/et\/moving-to-spain\/\" data-internallinksmanager029f6b8e52c=\"266\" title=\"Kolimine Hispaaniasse? 2023 elamiskulud ja kolimisn\u00f5uanded\">Hispaania<\/a>, <a href=\"https:\/\/moverdb.com\/et\/moving-to-greece\/\" data-internallinksmanager029f6b8e52c=\"353\" title=\"Kreekasse kolimine? 2023 elamiskulud ja kolimisn\u00f5uanded\">Kreeka<\/a>, <a href=\"https:\/\/moverdb.com\/et\/moving-to-portugal\/\" data-internallinksmanager029f6b8e52c=\"316\" title=\"Kolimine Portugali? 2023 elamiskulud ja kolimisn\u00f5uanded\">Portugal<\/a>ning mitmed Kesk-, L\u00e4\u00e4ne- ja Ida-Euroopa riigid.<\/p>\n<p> ITAL Logistics pakub igan\u00e4dalast regulaar- ja kiirveo teenust (48 tunni jooksul).<\/p>\n<p> Samuti on tal kogemused ohtlike kaupade, n\u00e4iteks kemikaalide vedamisel.<\/p>\n<p><strong>T\u00e4iendavad teenused:<\/strong><\/p>\n<p>Tarnefirma<\/p>\n<p><strong>Aadress:<\/strong> Unit 1, Birch Business Park, Whittle Ln, Heywood OL10 2SX<\/p>\n<p><a href=\"http:\/\/www.ital-logistics.com\/\" target=\"_new\" rel=\"noopener\">Ital Logistics Limited veebileht<\/a><\/p>\n<p><strong>L\u00e4bivaatamise tulemus: <\/strong>4<br \/> <strong>Arvamuste arv:<\/strong> 92<br \/><a href=\"https:\/\/www.google.co.uk\/maps?cid=3298825447208770271&#038;hl=en&#038;gl=GB\" target=\"_new\" rel=\"noopener\">Loe kommentaare<\/a><\/p>\n<h2><span class=\"ez-toc-section\" id=\"Uniexpress_Ltd\"><\/span>Uniexpress Ltd<span class=\"ez-toc-section-end\"><\/span><\/h2>\n<p><img decoding=\"async\" src=\"\" alt=\"Uniexpress Ltd\" class=\"aligncenter\"><\/p>\n<p><strong>Ettev\u00f5tte kirjeldus: <\/strong>Ei ole ette n\u00e4htud<\/p>\n<p><strong>T\u00e4iendavad teenused:<\/strong><\/p>\n<p>Ei ole loetletud<\/p>\n<p><strong>Aadress:<\/strong> heywoodi jaotuspark, \u00fcksus B4 3&amp;4, Heywood OL10 2TT<\/p>\n<p><a href=\"https:\/\/uniexpress.co.uk\/\" target=\"_new\" rel=\"noopener\">Uniexpress Ltd veebisait<\/a><\/p>\n<p><strong>L\u00e4bivaatamise tulemus: <\/strong>5<br \/> <strong>Arvamuste arv:<\/strong> 1<br \/><a href=\"https:\/\/www.google.co.uk\/maps?cid=12989075388009781764&#038;hl=en&#038;gl=GB\" target=\"_new\" rel=\"noopener\">Loe kommentaare<\/a><\/p>\n<h2><span class=\"ez-toc-section\" id=\"How_we_picked_the_best_Heywood_Freight_Forwarding_Companies\"><\/span>Kuidas me valisime parimad Heywoodi ekspedeerimisfirmad<span class=\"ez-toc-section-end\"><\/span><\/h2>\n<p>Alustasime 3 Heywoodi ekspedeerimisettev\u00f5tte andmestikust, mille leidsime Google Mapsi kaudu, ja kitsendasime selle 3 parima hulka.<\/p>\n<p>Selleks eemaldasime k\u00f5ik ettev\u00f5tted, mis:<\/p>\n<ul>\n<li> Ei olnud veebilehte<\/li>\n<li> Ei olnud kommentaare<\/li>\n<li> Keskmine hinde oli alla 2,0<\/li>\n<\/ul>\n<p>Sel hetkel, kui meil oli 17 v\u00f5i v\u00e4hem ekspediitorit, loetlesime nad k\u00f5ik \u00fcles.<\/p>\n<p>Linnade puhul, kus meil j\u00e4i \u00fcle 17 saatja, tegime edasisi muudatusi, suurendades kas n\u00f5utavat hindamist (nt t\u00f5stes minimaalse hinde 2,0-lt 4,0-le) ja\/v\u00f5i suurendades n\u00f5utavate hindamiste minimaalset arvu (nt t\u00f5stes v\u00e4hemalt 1 hindamiselt v\u00e4hemalt 10-le).<\/p>\n<p>Pange t\u00e4hele, et me kasutasime ainult Google Maps'i \u00fclevaatuste andmeid, mitte muid kolmandate osapoolte veebisaite.<\/p>\n<p>Rohkem linnu:<\/p>\n<p><a href=\"https:\/\/moverdb.com\/et\/ekspediitor\/freight-forwarding-uk\/edinburgh-freight-forwarder\/\">Edinburghi ekspediitor<\/a><br \/><a href=\"https:\/\/moverdb.com\/et\/ekspediitor\/freight-forwarding-uk\/wakefield-freight-forwarder\/\">Wakefieldi ekspediitor<\/a><br \/><a href=\"https:\/\/moverdb.com\/et\/ekspediitor\/freight-forwarding-uk\/christchurch-freight-forwarder\/\">Christchurchi ekspediitor<\/a><br \/><a href=\"https:\/\/moverdb.com\/et\/ekspediitor\/freight-forwarding-uk\/braintree-freight-forwarder\/\">Braintree ekspediitor<\/a><br \/><a href=\"https:\/\/moverdb.com\/et\/ekspediitor\/freight-forwarding-uk\/ilford-freight-forwarder\/\">Ilfordi ekspediitor<\/a><\/p>","protected":false},"excerpt":{"rendered":"<p>Below we look at the 3 &#8220;best&#8221; Freight Forwarding companies in Heywood out of 3. To learn more about how we chose the best please consult our FAQ section at the end. Please not the following listings are in no particular order and we are not making any recommendations for any particular company. ITD Global [&hellip;]<\/p>\n","protected":false},"author":1,"featured_media":0,"parent":13427,"menu_order":0,"comment_status":"open","ping_status":"open","template":"","meta":{"_genesis_hide_title":false,"_genesis_hide_breadcrumbs":false,"_genesis_hide_singular_image":false,"_genesis_hide_footer_widgets":false,"_genesis_custom_body_class":"","_genesis_custom_post_class":"","_genesis_layout":"","footnotes":""},"class_list":{"0":"post-13934","1":"page","2":"type-page","3":"status-publish","5":"entry"},"_links":{"self":[{"href":"https:\/\/moverdb.com\/et\/wp-json\/wp\/v2\/pages\/13934","targetHints":{"allow":["GET"]}}],"collection":[{"href":"https:\/\/moverdb.com\/et\/wp-json\/wp\/v2\/pages"}],"about":[{"href":"https:\/\/moverdb.com\/et\/wp-json\/wp\/v2\/types\/page"}],"author":[{"embeddable":true,"href":"https:\/\/moverdb.com\/et\/wp-json\/wp\/v2\/users\/1"}],"replies":[{"embeddable":true,"href":"https:\/\/moverdb.com\/et\/wp-json\/wp\/v2\/comments?post=13934"}],"version-history":[{"count":1,"href":"https:\/\/moverdb.com\/et\/wp-json\/wp\/v2\/pages\/13934\/revisions"}],"predecessor-version":[{"id":15767,"href":"https:\/\/moverdb.com\/et\/wp-json\/wp\/v2\/pages\/13934\/revisions\/15767"}],"up":[{"embeddable":true,"href":"https:\/\/moverdb.com\/et\/wp-json\/wp\/v2\/pages\/13427"}],"wp:attachment":[{"href":"https:\/\/moverdb.com\/et\/wp-json\/wp\/v2\/media?parent=13934"}],"curies":[{"name":"wp","href":"https:\/\/api.w.org\/{rel}","templated":true}]}}