{"id":13877,"date":"2023-11-08T15:52:42","date_gmt":"2023-11-08T15:52:42","guid":{"rendered":"https:\/\/moverdb.com\/freight-forwarder\/freight-forwarding-uk\/rainham-freight-forwarder\/"},"modified":"2026-01-08T13:18:01","modified_gmt":"2026-01-08T13:18:01","slug":"rainham-freight-forwarder","status":"publish","type":"page","link":"https:\/\/moverdb.com\/et\/freight-forwarder\/freight-forwarding-uk\/rainham-freight-forwarder\/","title":{"rendered":"5 parimat Rainhami ekspedeerimisfirmat (2024)"},"content":{"rendered":"<p>J\u00e4rgnevalt vaatleme 5 <em>\"parim\"<\/em> Ekspedeerimisfirmad Rainhamis 12-st.<\/p>\n<p>Lisateavet selle kohta, kuidas me valisime parimad, leiate meie KKK-osa l\u00f5pust.<\/p>\n<p><em>Pange t\u00e4hele, et j\u00e4rgmised nimekirjad ei ole konkreetses j\u00e4rjekorras ja me ei anna soovitusi \u00fchegi konkreetse ettev\u00f5tte kohta.<\/em><\/p>\n<div id=\"ez-toc-container\" class=\"ez-toc-v2_0_82_2 ez-toc-wrap-left counter-hierarchy ez-toc-counter ez-toc-transparent ez-toc-container-direction\">\n<div class=\"ez-toc-title-container\">\n<p class=\"ez-toc-title\" style=\"cursor:inherit\">Jaotised<\/p>\n<span class=\"ez-toc-title-toggle\"><a href=\"#\" class=\"ez-toc-pull-right ez-toc-btn ez-toc-btn-xs ez-toc-btn-default ez-toc-toggle\" aria-label=\"Sisukorra vaheldumine\"><span class=\"ez-toc-js-icon-con\"><span class=\"\"><span class=\"eztoc-hide\" style=\"display:none;\">Toggle<\/span><span class=\"ez-toc-icon-toggle-span\"><svg style=\"fill: #999;color:#999\" xmlns=\"http:\/\/www.w3.org\/2000\/svg\" class=\"list-377408\" width=\"20px\" height=\"20px\" viewbox=\"0 0 24 24\" fill=\"none\"><path d=\"M6 6H4v2h2V6zm14 0H8v2h12V6zM4 11h2v2H4v-2zm16 0H8v2h12v-2zM4 16h2v2H4v-2zm16 0H8v2h12v-2z\" fill=\"currentColor\"><\/path><\/svg><svg style=\"fill: #999;color:#999\" class=\"arrow-unsorted-368013\" xmlns=\"http:\/\/www.w3.org\/2000\/svg\" width=\"10px\" height=\"10px\" viewbox=\"0 0 24 24\" version=\"1.2\" baseprofile=\"tiny\"><path d=\"M18.2 9.3l-6.2-6.3-6.2 6.3c-.2.2-.3.4-.3.7s.1.5.3.7c.2.2.4.3.7.3h11c.3 0 .5-.1.7-.3.2-.2.3-.5.3-.7s-.1-.5-.3-.7zM5.8 14.7l6.2 6.3 6.2-6.3c.2-.2.3-.5.3-.7s-.1-.5-.3-.7c-.2-.2-.4-.3-.7-.3h-11c-.3 0-.5.1-.7.3-.2.2-.3.5-.3.7s.1.5.3.7z\"\/><\/svg><\/span><\/span><\/span><\/a><\/span><\/div>\n<nav><ul class='ez-toc-list ez-toc-list-level-1 eztoc-toggle-hide-by-default' ><li class='ez-toc-page-1 ez-toc-heading-level-2'><a class=\"ez-toc-link ez-toc-heading-1\" href=\"https:\/\/moverdb.com\/et\/freight-forwarder\/freight-forwarding-uk\/rainham-freight-forwarder\/#Mds_Cargo_Freight_Services\" >Mds Cargo kaubaveoteenused<\/a><\/li><li class='ez-toc-page-1 ez-toc-heading-level-2'><a class=\"ez-toc-link ez-toc-heading-2\" href=\"https:\/\/moverdb.com\/et\/freight-forwarder\/freight-forwarding-uk\/rainham-freight-forwarder\/#Tanganyika_Export_Services_Ltd\" >Tanganyika Export Services Ltd<\/a><\/li><li class='ez-toc-page-1 ez-toc-heading-level-2'><a class=\"ez-toc-link ez-toc-heading-3\" href=\"https:\/\/moverdb.com\/et\/freight-forwarder\/freight-forwarding-uk\/rainham-freight-forwarder\/#Delamode_Anglia\" >Delamode Anglia<\/a><\/li><li class='ez-toc-page-1 ez-toc-heading-level-2'><a class=\"ez-toc-link ez-toc-heading-4\" href=\"https:\/\/moverdb.com\/et\/freight-forwarder\/freight-forwarding-uk\/rainham-freight-forwarder\/#Maximum_Logistics_ltd\" >Maximum Logistics Ltd<\/a><\/li><li class='ez-toc-page-1 ez-toc-heading-level-2'><a class=\"ez-toc-link ez-toc-heading-5\" href=\"https:\/\/moverdb.com\/et\/freight-forwarder\/freight-forwarding-uk\/rainham-freight-forwarder\/#Eagle_Cargo_Services_Ltd\" >Eagle Cargo Services Ltd<\/a><\/li><li class='ez-toc-page-1 ez-toc-heading-level-2'><a class=\"ez-toc-link ez-toc-heading-6\" href=\"https:\/\/moverdb.com\/et\/freight-forwarder\/freight-forwarding-uk\/rainham-freight-forwarder\/#How_we_picked_the_best_Rainham_Freight_Forwarding_Companies\" >Kuidas me valisime parimad Rainhami ekspedeerimisfirmad<\/a><\/li><\/ul><\/nav><\/div>\n<h2><span class=\"ez-toc-section\" id=\"Mds_Cargo_Freight_Services\"><\/span>Mds Cargo kaubaveoteenused<span class=\"ez-toc-section-end\"><\/span><\/h2>\n<p><img decoding=\"async\" src=\"https:\/\/moverdb.com\/wp-content\/uploads\/AF1QipNam006StLwo-uvfi2m6TlnqsgKrbZvBdoSX3P1w408-h544-k-no.jpg\" alt='Mds Cargo kaubaveoteenused' class=\"aligncenter\"><\/p>\n<p><strong>Ettev\u00f5tte kirjeldus: <\/strong>MDS Cargo on ekspedeerimisteenus, et <a href=\"https:\/\/moverdb.com\/et\/moving-companies\/moving-companies-nigeria\/\" data-internallinksmanager029f6b8e52c=\"280\" title=\"10 Best International Moving Firmad Nigeeria\">Nigeeria<\/a> , <a href=\"https:\/\/moverdb.com\/et\/moving-companies\/moving-companies-ghana\/\" data-internallinksmanager029f6b8e52c=\"228\" title=\"2 Parimad rahvusvahelised kolimisfirmad Ghanas\">Ghana<\/a> ja teistes Aafrika riikides.<\/p>\n<p> Oleme spetsialiseerunud kaupade impordile ja ekspordile alates <a href=\"https:\/\/moverdb.com\/et\/moving-to-the-uk\/\" data-internallinksmanager029f6b8e52c=\"93\" title=\"Kolimine \u00dchendkuningriiki? 2022 Elamiskulud ja kolimisn\u00f5uanded\">UK<\/a> , EL L\u00e4\u00e4ne-Aafrika riikidele.<\/p>\n<p> Me saame aidata j\u00e4rgmiste teenustega;<br \/>\n1.<\/p>\n<p> Kaupade import ja eksport \u00dchendkuningriigist ELi Nigeeriasse ja Ghanasse \u00f5hu- ja meretranspordiga.<\/p>\n<p> Meie mereveod s\u00f5idavad kord kuus ja \u00f5huveod v\u00e4ljuvad igal reedel.<\/p>\n<p>2.<\/p>\n<p> Kaupade vastuv\u00f5tmine ja konsolideerimine klientidele.<\/p>\n<p> Me v\u00f5ime ladustada kaupu klientidele tasuta kuni 20 p\u00e4eva kuni saatmiseni.<\/p>\n<p>3.<\/p>\n<p> Pakume ka hanke- ja veoteenuseid v\u00e4ikestele ja suurtele ettev\u00f5tetele, see tuleb paketina.<br \/>\n4.<\/p>\n<p> Pakume ladustamist ja igasuguseid pakendimaterjale turvaliseks saatmiseks.<\/p>\n<p>K\u00fclasta <a href=\"https:\/\/moverdb.com\/et\/moving-to-the-united-states\/\" data-internallinksmanager029f6b8e52c=\"94\" title=\"Kolimine Ameerika \u00dchendriikidesse? 2022 Elamiskulud ja kolimisn\u00f5uanded\">us<\/a> Rainham | Orsett | Basildon<\/p>\n<p><strong>T\u00e4iendavad teenused:<\/strong><\/p>\n<p>Ei ole loetletud<\/p>\n<p><strong>Aadress:<\/strong> MDS Cargo LCS LTD, 5 Lamson Rd, Rainham RM13 9YY<\/p>\n<p><a href=\"http:\/\/www.mdscargo.com\/\" target=\"_new\" rel=\"noopener\">Mds Cargo Freight Services veebisait<\/a><\/p>\n<p><strong>L\u00e4bivaatamise tulemus: <\/strong>4.4<br \/> <strong>Arvamuste arv:<\/strong> 19<br \/><a href=\"https:\/\/www.google.co.uk\/maps?cid=2770966211954205573&#038;hl=en&#038;gl=GB\" target=\"_new\" rel=\"noopener\">Loe kommentaare<\/a><\/p>\n<h2><span class=\"ez-toc-section\" id=\"Tanganyika_Export_Services_Ltd\"><\/span>Tanganyika Export Services Ltd<span class=\"ez-toc-section-end\"><\/span><\/h2>\n<p><img decoding=\"async\" src=\"https:\/\/moverdb.com\/wp-content\/uploads\/AF1QipOm7c1hAKSxC8qPip7BUkVOR5Ez0OBt3ImrhLtTw408-h725-k-no.jpg\" alt='Tanganyika Export Services Ltd' class=\"aligncenter\"><\/p>\n<p><strong>Ettev\u00f5tte kirjeldus: <\/strong>Ei ole ette n\u00e4htud<\/p>\n<p><strong>T\u00e4iendavad teenused:<\/strong><\/p>\n<p>Ladustamisv\u00f5imalus<\/p>\n<p><strong>Aadress:<\/strong> \u00fcksus 11, Noak Industrial Estate, New Rd, Rainham RM13 9EB<\/p>\n<p><a href=\"http:\/\/www.tanganyikaexport.com\/\" target=\"_new\" rel=\"noopener\">Tanganyika Export Services Ltd veebisait<\/a><\/p>\n<p><strong>L\u00e4bivaatamise tulemus: <\/strong>3.8<br \/> <strong>Arvamuste arv:<\/strong> 14<br \/><a href=\"https:\/\/www.google.co.uk\/maps?cid=13320201533691965430&#038;hl=en&#038;gl=GB\" target=\"_new\" rel=\"noopener\">Loe kommentaare<\/a><\/p>\n<h2><span class=\"ez-toc-section\" id=\"Delamode_Anglia\"><\/span>Delamode Anglia<span class=\"ez-toc-section-end\"><\/span><\/h2>\n<p><img decoding=\"async\" src=\"\" alt=\"Delamode Anglia\" class=\"aligncenter\"><\/p>\n<p><strong>Ettev\u00f5tte kirjeldus: <\/strong>Delamode Anglia, mis kuulub Xpediator Plc Groupi, on teie kaubaveo haldamise spetsialistid.<\/p>\n<p>Olenemata sellest, millist tarneahela teenuse lahendust teie ettev\u00f5te vajab, saate k\u00f5rgetasemelist ja edumeelset kvaliteeti ja valdkondlikku oskusteavet, mida toetab v\u00f5rratu klienditugi.<\/p>\n<p><strong>T\u00e4iendavad teenused:<\/strong><\/p>\n<p>Ei ole loetletud<\/p>\n<p><strong>Aadress:<\/strong> The Anglia Centre, Fairview Industrial Park, Blackwater Cl, Rainham RM13 8UA<\/p>\n<p><a href=\"http:\/\/www.delamode-anglia.com\/\" target=\"_new\" rel=\"noopener\">Delamode Anglia veebisait<\/a><\/p>\n<p><strong>L\u00e4bivaatamise tulemus: <\/strong>2.3<br \/> <strong>Arvamuste arv:<\/strong> 3<br \/><a href=\"https:\/\/www.google.co.uk\/maps?cid=17233713952928852100&#038;hl=en&#038;gl=GB\" target=\"_new\" rel=\"noopener\">Loe kommentaare<\/a><\/p>\n<h2><span class=\"ez-toc-section\" id=\"Maximum_Logistics_ltd\"><\/span>Maximum Logistics Ltd<span class=\"ez-toc-section-end\"><\/span><\/h2>\n<p><img decoding=\"async\" src=\"https:\/\/moverdb.com\/wp-content\/uploads\/thumbnailpanoidUmRBfZFKQpmy4eWqKhQMZQcb_clientsearch.gws-prod.gpsw408h240yaw37.jpg\" alt='Maximum Logistics Ltd' class=\"aligncenter\"><\/p>\n<p><strong>Ettev\u00f5tte kirjeldus: <\/strong>Ei ole ette n\u00e4htud<\/p>\n<p><strong>T\u00e4iendavad teenused:<\/strong><\/p>\n<p>Jaotusteenus<\/p>\n<p>Logistikateenus<\/p>\n<p><strong>Aadress:<\/strong> \u00dcksus 4 Salamons Way, Rainham RM13 9UL<\/p>\n<p><a href=\"https:\/\/www.facebook.com\/pages\/Maximum-Logistics\/271878739664967?fref=ts\" target=\"_new\" rel=\"noopener\">Maximum Logistics Ltd veebileht<\/a><\/p>\n<p><strong>L\u00e4bivaatamise tulemus: <\/strong>3.2<br \/> <strong>Arvamuste arv:<\/strong> 23<br \/><a href=\"https:\/\/www.google.co.uk\/maps?cid=7463031270613870319&#038;hl=en&#038;gl=GB\" target=\"_new\" rel=\"noopener\">Loe kommentaare<\/a><\/p>\n<h2><span class=\"ez-toc-section\" id=\"Eagle_Cargo_Services_Ltd\"><\/span>Eagle Cargo Services Ltd<span class=\"ez-toc-section-end\"><\/span><\/h2>\n<p><img decoding=\"async\" src=\"https:\/\/moverdb.com\/wp-content\/uploads\/AF1QipP_IKmjeYjnx5i7JUCbND_D89KNdXkrDJyVt0Esw408-h271-k-no.jpg\" alt='Eagle Cargo Services Ltd' class=\"aligncenter\"><\/p>\n<p><strong>Ettev\u00f5tte kirjeldus: <\/strong>Ei ole ette n\u00e4htud<\/p>\n<p><strong>T\u00e4iendavad teenused:<\/strong><\/p>\n<p>Ei ole loetletud<\/p>\n<p><strong>Aadress:<\/strong> 3B Lamson Rd, Rainham RM13 9YY<\/p>\n<p><a href=\"http:\/\/www.eaglecargoservices.com\/\" target=\"_new\" rel=\"noopener\">Eagle Cargo Services Ltd veebisait<\/a><\/p>\n<p><strong>L\u00e4bivaatamise tulemus: <\/strong>4.8<br \/> <strong>Arvamuste arv:<\/strong> 54<br \/><a href=\"https:\/\/www.google.co.uk\/maps?cid=7344038607440430613&#038;hl=en&#038;gl=GB\" target=\"_new\" rel=\"noopener\">Loe kommentaare<\/a><\/p>\n<h2><span class=\"ez-toc-section\" id=\"How_we_picked_the_best_Rainham_Freight_Forwarding_Companies\"><\/span>Kuidas me valisime parimad Rainhami ekspedeerimisfirmad<span class=\"ez-toc-section-end\"><\/span><\/h2>\n<p>Alustasime 12 Rainhami ekspedeerimisfirma andmestikust, mille leidsime Google Mapsi kaudu, ja kitsendasime need 5 parimaks.<\/p>\n<p>Selleks eemaldasime k\u00f5ik ettev\u00f5tted, mis:<\/p>\n<ul>\n<li> Ei olnud veebilehte<\/li>\n<li> Ei olnud kommentaare<\/li>\n<li> Keskmine hinde oli alla 2,0<\/li>\n<\/ul>\n<p>Sel hetkel, kui meil oli 17 v\u00f5i v\u00e4hem ekspediitorit, loetlesime nad k\u00f5ik \u00fcles.<\/p>\n<p>Linnade puhul, kus meil j\u00e4i \u00fcle 17 saatja, tegime edasisi muudatusi, suurendades kas n\u00f5utavat hindamist (nt t\u00f5stes minimaalse hinde 2,0-lt 4,0-le) ja\/v\u00f5i suurendades n\u00f5utavate hindamiste minimaalset arvu (nt t\u00f5stes v\u00e4hemalt 1 hindamiselt v\u00e4hemalt 10-le).<\/p>\n<p>Pange t\u00e4hele, et me kasutasime ainult Google Maps'i \u00fclevaatuste andmeid, mitte muid kolmandate osapoolte veebisaite.<\/p>\n<p>Rohkem linnu:<\/p>\n<p><a href=\"https:\/\/moverdb.com\/et\/ekspediitor\/freight-forwarding-uk\/gravesend-freight-forwarder\/\">Gravesendi ekspediitor<\/a><br \/><a href=\"https:\/\/moverdb.com\/et\/ekspediitor\/freight-forwarding-uk\/harrow-freight-forwarder\/\">Harrow ekspediitor<\/a><br \/><a href=\"https:\/\/moverdb.com\/et\/ekspediitor\/freight-forwarding-uk\/nottingham-freight-forwarder\/\">Nottinghami ekspediitor<\/a><br \/><a href=\"https:\/\/moverdb.com\/et\/ekspediitor\/freight-forwarding-uk\/rotherham-freight-forwarder\/\">Rotherhami ekspediitor<\/a><br \/><a href=\"https:\/\/moverdb.com\/et\/ekspediitor\/freight-forwarding-uk\/crawley-freight-forwarder\/\">Crawley ekspediitor<\/a><\/p>","protected":false},"excerpt":{"rendered":"<p>Below we look at the 5 &#8220;best&#8221; Freight Forwarding companies in Rainham out of 12. To learn more about how we chose the best please consult our FAQ section at the end. Please not the following listings are in no particular order and we are not making any recommendations for any particular company. Mds Cargo [&hellip;]<\/p>\n","protected":false},"author":1,"featured_media":0,"parent":13427,"menu_order":0,"comment_status":"open","ping_status":"open","template":"","meta":{"_genesis_hide_title":false,"_genesis_hide_breadcrumbs":false,"_genesis_hide_singular_image":false,"_genesis_hide_footer_widgets":false,"_genesis_custom_body_class":"","_genesis_custom_post_class":"","_genesis_layout":"","footnotes":""},"class_list":{"0":"post-13877","1":"page","2":"type-page","3":"status-publish","5":"entry"},"_links":{"self":[{"href":"https:\/\/moverdb.com\/et\/wp-json\/wp\/v2\/pages\/13877","targetHints":{"allow":["GET"]}}],"collection":[{"href":"https:\/\/moverdb.com\/et\/wp-json\/wp\/v2\/pages"}],"about":[{"href":"https:\/\/moverdb.com\/et\/wp-json\/wp\/v2\/types\/page"}],"author":[{"embeddable":true,"href":"https:\/\/moverdb.com\/et\/wp-json\/wp\/v2\/users\/1"}],"replies":[{"embeddable":true,"href":"https:\/\/moverdb.com\/et\/wp-json\/wp\/v2\/comments?post=13877"}],"version-history":[{"count":1,"href":"https:\/\/moverdb.com\/et\/wp-json\/wp\/v2\/pages\/13877\/revisions"}],"predecessor-version":[{"id":15792,"href":"https:\/\/moverdb.com\/et\/wp-json\/wp\/v2\/pages\/13877\/revisions\/15792"}],"up":[{"embeddable":true,"href":"https:\/\/moverdb.com\/et\/wp-json\/wp\/v2\/pages\/13427"}],"wp:attachment":[{"href":"https:\/\/moverdb.com\/et\/wp-json\/wp\/v2\/media?parent=13877"}],"curies":[{"name":"wp","href":"https:\/\/api.w.org\/{rel}","templated":true}]}}