{"id":13762,"date":"2023-11-08T15:52:42","date_gmt":"2023-11-08T15:52:42","guid":{"rendered":"https:\/\/moverdb.com\/freight-forwarder\/freight-forwarding-uk\/west-drayton-freight-forwarder\/"},"modified":"2026-01-08T13:18:17","modified_gmt":"2026-01-08T13:18:17","slug":"west-drayton-freight-forwarder","status":"publish","type":"page","link":"https:\/\/moverdb.com\/et\/freight-forwarder\/freight-forwarding-uk\/west-drayton-freight-forwarder\/","title":{"rendered":"8 parimat West Draytoni ekspedeerimisfirmat (2024)"},"content":{"rendered":"<p>J\u00e4rgnevalt vaatleme 8 <em>\"parim\"<\/em> Ekspedeerimisfirmad West Draytonis 19-st.<\/p>\n<p>Lisateavet selle kohta, kuidas me valisime parimad, leiate meie KKK-osa l\u00f5pust.<\/p>\n<p><em>Pange t\u00e4hele, et j\u00e4rgmised nimekirjad ei ole konkreetses j\u00e4rjekorras ja me ei anna soovitusi \u00fchegi konkreetse ettev\u00f5tte kohta.<\/em><\/p>\n<div id=\"ez-toc-container\" class=\"ez-toc-v2_0_82_2 ez-toc-wrap-left counter-hierarchy ez-toc-counter ez-toc-transparent ez-toc-container-direction\">\n<div class=\"ez-toc-title-container\">\n<p class=\"ez-toc-title\" style=\"cursor:inherit\">Jaotised<\/p>\n<span class=\"ez-toc-title-toggle\"><a href=\"#\" class=\"ez-toc-pull-right ez-toc-btn ez-toc-btn-xs ez-toc-btn-default ez-toc-toggle\" aria-label=\"Sisukorra vaheldumine\"><span class=\"ez-toc-js-icon-con\"><span class=\"\"><span class=\"eztoc-hide\" style=\"display:none;\">Toggle<\/span><span class=\"ez-toc-icon-toggle-span\"><svg style=\"fill: #999;color:#999\" xmlns=\"http:\/\/www.w3.org\/2000\/svg\" class=\"list-377408\" width=\"20px\" height=\"20px\" viewbox=\"0 0 24 24\" fill=\"none\"><path d=\"M6 6H4v2h2V6zm14 0H8v2h12V6zM4 11h2v2H4v-2zm16 0H8v2h12v-2zM4 16h2v2H4v-2zm16 0H8v2h12v-2z\" fill=\"currentColor\"><\/path><\/svg><svg style=\"fill: #999;color:#999\" class=\"arrow-unsorted-368013\" xmlns=\"http:\/\/www.w3.org\/2000\/svg\" width=\"10px\" height=\"10px\" viewbox=\"0 0 24 24\" version=\"1.2\" baseprofile=\"tiny\"><path d=\"M18.2 9.3l-6.2-6.3-6.2 6.3c-.2.2-.3.4-.3.7s.1.5.3.7c.2.2.4.3.7.3h11c.3 0 .5-.1.7-.3.2-.2.3-.5.3-.7s-.1-.5-.3-.7zM5.8 14.7l6.2 6.3 6.2-6.3c.2-.2.3-.5.3-.7s-.1-.5-.3-.7c-.2-.2-.4-.3-.7-.3h-11c-.3 0-.5.1-.7.3-.2.2-.3.5-.3.7s.1.5.3.7z\"\/><\/svg><\/span><\/span><\/span><\/a><\/span><\/div>\n<nav><ul class='ez-toc-list ez-toc-list-level-1 eztoc-toggle-hide-by-default' ><li class='ez-toc-page-1 ez-toc-heading-level-2'><a class=\"ez-toc-link ez-toc-heading-1\" href=\"https:\/\/moverdb.com\/et\/freight-forwarder\/freight-forwarding-uk\/west-drayton-freight-forwarder\/#Senator_International_Freight\" >Senator International Freight<\/a><\/li><li class='ez-toc-page-1 ez-toc-heading-level-2'><a class=\"ez-toc-link ez-toc-heading-2\" href=\"https:\/\/moverdb.com\/et\/freight-forwarder\/freight-forwarding-uk\/west-drayton-freight-forwarder\/#Logfret_UK_Ltd\" >Logfret UK Ltd<\/a><\/li><li class='ez-toc-page-1 ez-toc-heading-level-2'><a class=\"ez-toc-link ez-toc-heading-3\" href=\"https:\/\/moverdb.com\/et\/freight-forwarder\/freight-forwarding-uk\/west-drayton-freight-forwarder\/#Air_Menzies_International\" >Air Menzies International<\/a><\/li><li class='ez-toc-page-1 ez-toc-heading-level-2'><a class=\"ez-toc-link ez-toc-heading-4\" href=\"https:\/\/moverdb.com\/et\/freight-forwarder\/freight-forwarding-uk\/west-drayton-freight-forwarder\/#ETL_Logistics\" >ETL logistika<\/a><\/li><li class='ez-toc-page-1 ez-toc-heading-level-2'><a class=\"ez-toc-link ez-toc-heading-5\" href=\"https:\/\/moverdb.com\/et\/freight-forwarder\/freight-forwarding-uk\/west-drayton-freight-forwarder\/#Nissin_UK_Ltd\" >Nissin UK Ltd<\/a><\/li><li class='ez-toc-page-1 ez-toc-heading-level-2'><a class=\"ez-toc-link ez-toc-heading-6\" href=\"https:\/\/moverdb.com\/et\/freight-forwarder\/freight-forwarding-uk\/west-drayton-freight-forwarder\/#Digital_Freight_Ltd\" >Digital Freight Ltd<\/a><\/li><li class='ez-toc-page-1 ez-toc-heading-level-2'><a class=\"ez-toc-link ez-toc-heading-7\" href=\"https:\/\/moverdb.com\/et\/freight-forwarder\/freight-forwarding-uk\/west-drayton-freight-forwarder\/#Superior_Freight_Services_UK_Ltd\" >Superior Freight Services (UK) Ltd<\/a><\/li><li class='ez-toc-page-1 ez-toc-heading-level-2'><a class=\"ez-toc-link ez-toc-heading-8\" href=\"https:\/\/moverdb.com\/et\/freight-forwarder\/freight-forwarding-uk\/west-drayton-freight-forwarder\/#Brunel_Air_Cargo_Services_Ltd\" >Brunel Air Cargo Services Ltd<\/a><\/li><li class='ez-toc-page-1 ez-toc-heading-level-2'><a class=\"ez-toc-link ez-toc-heading-9\" href=\"https:\/\/moverdb.com\/et\/freight-forwarder\/freight-forwarding-uk\/west-drayton-freight-forwarder\/#How_we_picked_the_best_West_Drayton_Freight_Forwarding_Companies\" >Kuidas me valisime parimad West Draytoni ekspedeerimisfirmad<\/a><\/li><\/ul><\/nav><\/div>\n<h2><span class=\"ez-toc-section\" id=\"Senator_International_Freight\"><\/span>Senator International Freight<span class=\"ez-toc-section-end\"><\/span><\/h2>\n<p><img decoding=\"async\" src=\"https:\/\/moverdb.com\/wp-content\/uploads\/AF1QipOISErVT_w5a_rhL9s_IXJhB1Y9Edx06xzP-Kqww426-h240-k-no.jpg\" alt='Senator International Freight' class=\"aligncenter\"><\/p>\n<p><strong>Ettev\u00f5tte kirjeldus: <\/strong>Ei ole ette n\u00e4htud<\/p>\n<p><strong>T\u00e4iendavad teenused:<\/strong><\/p>\n<p>Ei ole loetletud<\/p>\n<p><strong>Aadress:<\/strong> 4, 280 Heathrow Blvd, Bath Rd, Harmondsworth, Sipson, West Drayton UB7 0DQ<\/p>\n<p><a href=\"http:\/\/www.senator-international.com\/\" target=\"_new\" rel=\"noopener\">Senator International Freight veebisait<\/a><\/p>\n<p><strong>L\u00e4bivaatamise tulemus: <\/strong>4<br \/> <strong>Arvamuste arv:<\/strong> 1<br \/><a href=\"https:\/\/www.google.co.uk\/maps?cid=7267190133147730441&#038;hl=en&#038;gl=GB\" target=\"_new\" rel=\"noopener\">Loe kommentaare<\/a><\/p>\n<h2><span class=\"ez-toc-section\" id=\"Logfret_UK_Ltd\"><\/span>Logfret UK Ltd<span class=\"ez-toc-section-end\"><\/span><\/h2>\n<p><img decoding=\"async\" src=\"https:\/\/moverdb.com\/wp-content\/uploads\/thumbnailpanoidfT-VDVki58AcK1BL-pH6ngcb_clientsearch.gws-prod.gpsw408h240yaw299.jpg\" alt='Logfret UK Ltd' class=\"aligncenter\"><\/p>\n<p><strong>Ettev\u00f5tte kirjeldus: <\/strong>Ei ole ette n\u00e4htud<\/p>\n<p><strong>T\u00e4iendavad teenused:<\/strong><\/p>\n<p>Ei ole loetletud<\/p>\n<p><strong>Aadress:<\/strong> Unit 2\/Polar Park\/Bath Rd, West Drayton UB7 0DG<\/p>\n<p><a href=\"https:\/\/www.logfret.co.uk\/\" target=\"_new\" rel=\"noopener\">Logfret UK Ltd veebileht<\/a><\/p>\n<p><strong>L\u00e4bivaatamise tulemus: <\/strong>3<br \/> <strong>Arvamuste arv:<\/strong> 2<br \/><a href=\"https:\/\/www.google.co.uk\/maps?cid=14718266833171163331&#038;hl=en&#038;gl=GB\" target=\"_new\" rel=\"noopener\">Loe kommentaare<\/a><\/p>\n<h2><span class=\"ez-toc-section\" id=\"Air_Menzies_International\"><\/span>Air Menzies International<span class=\"ez-toc-section-end\"><\/span><\/h2>\n<p><img decoding=\"async\" src=\"https:\/\/moverdb.com\/wp-content\/uploads\/AF1QipNP4OKj8zu0hLPm64ZwJ692I5GN_x0364w7GlWnw408-h306-k-no.jpg\" alt='Air Menzies International' class=\"aligncenter\"><\/p>\n<p><strong>Ettev\u00f5tte kirjeldus: <\/strong>Oleme olnud lennutranspordi hulgim\u00fc\u00fcgituru esirinnas alates 1976. aastast.<\/p>\n<p> Innovatiivsete kaubatoodete v\u00e4ljat\u00f6\u00f6tamine<br \/>\nja kasutades uusimaid tehnoloogiaid, et luua oma klientidele turuliidriks olevaid tooteid ja teenuseid:<\/p>\n<p>AMI-l on lihtne visioon: olla parimaks hulgim\u00fc\u00fcgipartneriks, kes pakub tipptasemel teenust.<\/p>\n<p><strong>T\u00e4iendavad teenused:<\/strong><\/p>\n<p>Kullerteenus<\/p>\n<p>Impordi-ekspordiettev\u00f5te<\/p>\n<p><strong>Aadress:<\/strong> Unit 2B Polar Pk, Bath Rd, Heathrow, Harmondsworth, West Drayton UB7 0DG<\/p>\n<p><a href=\"https:\/\/airmenzies.com\/\" target=\"_new\" rel=\"noopener\">Air Menzies Internationali veebisait<\/a><\/p>\n<p><strong>L\u00e4bivaatamise tulemus: <\/strong>4<br \/> <strong>Arvamuste arv:<\/strong> 94<br \/><a href=\"https:\/\/www.google.co.uk\/maps?cid=10524140971545474116&#038;hl=en&#038;gl=GB\" target=\"_new\" rel=\"noopener\">Loe kommentaare<\/a><\/p>\n<h2><span class=\"ez-toc-section\" id=\"ETL_Logistics\"><\/span>ETL logistika<span class=\"ez-toc-section-end\"><\/span><\/h2>\n<p><img decoding=\"async\" src=\"https:\/\/moverdb.com\/wp-content\/uploads\/AF1QipMqegtRBRy9LGArdUuKDt5ZX90gP0WRLsl_dsbnw408-h306-k-no.jpg\" alt='ETL logistika' class=\"aligncenter\"><\/p>\n<p><strong>Ettev\u00f5tte kirjeldus: <\/strong>Ekspedeerimis- ja veoteenused<\/p>\n<p><strong>T\u00e4iendavad teenused:<\/strong><\/p>\n<p>Kullerteenus<\/p>\n<p>Ladustamisv\u00f5imalus<\/p>\n<p>Transporditeenus<\/p>\n<p>Veoettev\u00f5tte<\/p>\n<p><strong>Aadress:<\/strong> Unit 1 Polar Pk, Bath Rd, Harmondsworth, West Drayton UB7 0EX<\/p>\n<p><a href=\"http:\/\/www.etl-logistics.com\/\" target=\"_new\" rel=\"noopener\">ETL Logistics veebileht<\/a><\/p>\n<p><strong>L\u00e4bivaatamise tulemus: <\/strong>5<br \/> <strong>Arvamuste arv:<\/strong> 1<br \/><a href=\"https:\/\/www.google.co.uk\/maps?cid=11743352734587467770&#038;hl=en&#038;gl=GB\" target=\"_new\" rel=\"noopener\">Loe kommentaare<\/a><\/p>\n<h2><span class=\"ez-toc-section\" id=\"Nissin_UK_Ltd\"><\/span>Nissin UK Ltd<span class=\"ez-toc-section-end\"><\/span><\/h2>\n<p><img decoding=\"async\" src=\"https:\/\/moverdb.com\/wp-content\/uploads\/AF1QipNGm-ZyySUrcQE472NCTVt2P-CIfKssWmr172MWw426-h240-k-no.jpg\" alt='Nissin UK Ltd' class=\"aligncenter\"><\/p>\n<p><strong>Ettev\u00f5tte kirjeldus: <\/strong>Nissin <a href=\"https:\/\/moverdb.com\/et\/moving-to-the-uk\/\" data-internallinksmanager029f6b8e52c=\"93\" title=\"Kolimine \u00dchendkuningriiki? 2022 Elamiskulud ja kolimisn\u00f5uanded\">UK<\/a> pakub ulatuslikke teadmisi integreeritud logistikateenuste kohta.<\/p>\n<p> Oma valdkonna spetsialistina tegeleme nii maismaa-, \u00f5hu- ja mereveoga kui ka k\u00f5igi sellega seotud logistikateenustega.<\/p>\n<p> Me suudame oma \u00fclemaailmse v\u00f5rgustiku kaudu \u00fchendada v\u00f5tmekohti \u00fcle kogu maailma.<\/p>\n<p><strong>T\u00e4iendavad teenused:<\/strong><\/p>\n<p>Ei ole loetletud<\/p>\n<p><strong>Aadress:<\/strong> Unit 5, Horton Industrial Park, Horton Rd, West Drayton UB7 8JD<\/p>\n<p><a href=\"https:\/\/nissinuk.com\/\" target=\"_new\" rel=\"noopener\">Nissin UK Ltd veebisait<\/a><\/p>\n<p><strong>L\u00e4bivaatamise tulemus: <\/strong>4.3<br \/> <strong>Arvamuste arv:<\/strong> 11<br \/><a href=\"https:\/\/www.google.co.uk\/maps?cid=6135907761394379491&#038;hl=en&#038;gl=GB\" target=\"_new\" rel=\"noopener\">Loe kommentaare<\/a><\/p>\n<h2><span class=\"ez-toc-section\" id=\"Digital_Freight_Ltd\"><\/span>Digital Freight Ltd<span class=\"ez-toc-section-end\"><\/span><\/h2>\n<p><img decoding=\"async\" src=\"https:\/\/moverdb.com\/wp-content\/uploads\/AF1QipPBFgDudXHeLkpxrKAHMl9ByIj43vKO6waE7bUVw408-h406-k-no.png\" alt='Digital Freight Ltd' class=\"aligncenter\"><\/p>\n<p><strong>Ettev\u00f5tte kirjeldus: <\/strong>Ei ole ette n\u00e4htud<\/p>\n<p><strong>T\u00e4iendavad teenused:<\/strong><\/p>\n<p>Logistikateenus<\/p>\n<p>Tarnefirma<\/p>\n<p><strong>Aadress:<\/strong> 6 Saxon Way, Harmondsworth, West Drayton UB7 0LW<\/p>\n<p><a href=\"http:\/\/www.digitalfreight.co.uk\/\" target=\"_new\" rel=\"noopener\">Digital Freight Ltd veebisait<\/a><\/p>\n<p><strong>L\u00e4bivaatamise tulemus: <\/strong>5<br \/> <strong>Arvamuste arv:<\/strong> 4<br \/><a href=\"https:\/\/www.google.co.uk\/maps?cid=16144390286023381618&#038;hl=en&#038;gl=GB\" target=\"_new\" rel=\"noopener\">Loe kommentaare<\/a><\/p>\n<h2><span class=\"ez-toc-section\" id=\"Superior_Freight_Services_UK_Ltd\"><\/span>Superior Freight Services (UK) Ltd<span class=\"ez-toc-section-end\"><\/span><\/h2>\n<p><img decoding=\"async\" src=\"https:\/\/moverdb.com\/wp-content\/uploads\/AF1QipN3aqf2_s1Ob-wZrc4_Y1O84Q5TTSrD4CPLip1Mw426-h240-k-no.jpg\" alt='Superior Freight Services (UK) Ltd' class=\"aligncenter\"><\/p>\n<p><strong>Ettev\u00f5tte kirjeldus: <\/strong><a href=\"https:\/\/moverdb.com\/et\/freight-forwarder\/\" data-internallinksmanager029f6b8e52c=\"17\" title=\"Ekspedeerija ja NVOCC rahvusvaheliste kulude ja ettev\u00f5tete juhend\">Ekspediitor<\/a>, Tollimaakler, kes pakub teie ettev\u00f5ttele kohandatud tarneahela lahendusi.<\/p>\n<p><strong>T\u00e4iendavad teenused:<\/strong><\/p>\n<p>Ei ole loetletud<\/p>\n<p><strong>Aadress:<\/strong> Unit 1 Polar Pk, Harmondsworth, West Drayton UB7 0EX<\/p>\n<p><a href=\"http:\/\/www.supuk.com\/\" target=\"_new\" rel=\"noopener\">Superior Freight Services (UK) Ltd veebileht<\/a><\/p>\n<p><strong>L\u00e4bivaatamise tulemus: <\/strong>4.4<br \/> <strong>Arvamuste arv:<\/strong> 8<br \/><a href=\"https:\/\/www.google.co.uk\/maps?cid=10974161933277074827&#038;hl=en&#038;gl=GB\" target=\"_new\" rel=\"noopener\">Loe kommentaare<\/a><\/p>\n<h2><span class=\"ez-toc-section\" id=\"Brunel_Air_Cargo_Services_Ltd\"><\/span>Brunel Air Cargo Services Ltd<span class=\"ez-toc-section-end\"><\/span><\/h2>\n<p><img decoding=\"async\" src=\"https:\/\/moverdb.com\/wp-content\/uploads\/AF1QipO3yUJ-8NmSj3R0uMmk1hKBwtZF-e3CglfxXg2w408-h271-k-no.jpg\" alt='Brunel Air Cargo Services Ltd' class=\"aligncenter\"><\/p>\n<p><strong>Ettev\u00f5tte kirjeldus: <\/strong>Ei ole ette n\u00e4htud<\/p>\n<p><strong>T\u00e4iendavad teenused:<\/strong><\/p>\n<p>Ei ole loetletud<\/p>\n<p><strong>Aadress:<\/strong> Unit 6 Airport Gate, Bath Rd, Harmondsworth, Sipson, West Drayton UB7 0NA<\/p>\n<p><a href=\"http:\/\/www.brunelaircargo.co.uk\/\" target=\"_new\" rel=\"noopener\">Brunel Air Cargo Services Ltd veebisait<\/a><\/p>\n<p><strong>L\u00e4bivaatamise tulemus: <\/strong>4.9<br \/> <strong>Arvamuste arv:<\/strong> 8<br \/><a href=\"https:\/\/www.google.co.uk\/maps?cid=12541096950748876461&#038;hl=en&#038;gl=GB\" target=\"_new\" rel=\"noopener\">Loe kommentaare<\/a><\/p>\n<h2><span class=\"ez-toc-section\" id=\"How_we_picked_the_best_West_Drayton_Freight_Forwarding_Companies\"><\/span>Kuidas me valisime parimad West Draytoni ekspedeerimisfirmad<span class=\"ez-toc-section-end\"><\/span><\/h2>\n<p>Alustasime 19 West Draytoni ekspedeerimisfirma andmestikust, mille leidsime Google Mapsi kaudu, ja kitsendasime selle 8 parimaks.<\/p>\n<p>Selleks eemaldasime k\u00f5ik ettev\u00f5tted, mis:<\/p>\n<ul>\n<li> Ei olnud veebilehte<\/li>\n<li> Ei olnud kommentaare<\/li>\n<li> Keskmine hinde oli alla 2,0<\/li>\n<\/ul>\n<p>Sel hetkel, kui meil oli 17 v\u00f5i v\u00e4hem ekspediitorit, loetlesime nad k\u00f5ik \u00fcles.<\/p>\n<p>Linnade puhul, kus meil j\u00e4i \u00fcle 17 saatja, tegime edasisi muudatusi, suurendades kas n\u00f5utavat hindamist (nt t\u00f5stes minimaalse hinde 2,0-lt 4,0-le) ja\/v\u00f5i suurendades n\u00f5utavate hindamiste minimaalset arvu (nt t\u00f5stes v\u00e4hemalt 1 hindamiselt v\u00e4hemalt 10-le).<\/p>\n<p>Pange t\u00e4hele, et me kasutasime ainult Google Maps'i \u00fclevaatuste andmeid, mitte muid kolmandate osapoolte veebisaite.<\/p>\n<p>Rohkem linnu:<\/p>\n<p><a href=\"https:\/\/moverdb.com\/et\/ekspediitor\/freight-forwarding-uk\/glasgow-freight-forwarder\/\">Glasgow ekspediitor<\/a><br \/><a href=\"https:\/\/moverdb.com\/et\/ekspediitor\/freight-forwarding-uk\/barking-freight-forwarder\/\">Barking ekspediitor<\/a><br \/><a href=\"https:\/\/moverdb.com\/et\/ekspediitor\/freight-forwarding-uk\/staines-freight-forwarder\/\">Staines Ekspedeerija<\/a><br \/><a href=\"https:\/\/moverdb.com\/et\/ekspediitor\/freight-forwarding-uk\/leicester-freight-forwarder\/\">Leicester ekspediitor<\/a><br \/><a href=\"https:\/\/moverdb.com\/et\/ekspediitor\/freight-forwarding-uk\/dartford-freight-forwarder\/\">Dartfordi ekspediitor<\/a><\/p>","protected":false},"excerpt":{"rendered":"<p>Below we look at the 8 &#8220;best&#8221; Freight Forwarding companies in West Drayton out of 19. To learn more about how we chose the best please consult our FAQ section at the end. Please not the following listings are in no particular order and we are not making any recommendations for any particular company. Senator [&hellip;]<\/p>\n","protected":false},"author":1,"featured_media":0,"parent":13427,"menu_order":0,"comment_status":"open","ping_status":"open","template":"","meta":{"_genesis_hide_title":false,"_genesis_hide_breadcrumbs":false,"_genesis_hide_singular_image":false,"_genesis_hide_footer_widgets":false,"_genesis_custom_body_class":"","_genesis_custom_post_class":"","_genesis_layout":"","footnotes":""},"class_list":{"0":"post-13762","1":"page","2":"type-page","3":"status-publish","5":"entry"},"_links":{"self":[{"href":"https:\/\/moverdb.com\/et\/wp-json\/wp\/v2\/pages\/13762","targetHints":{"allow":["GET"]}}],"collection":[{"href":"https:\/\/moverdb.com\/et\/wp-json\/wp\/v2\/pages"}],"about":[{"href":"https:\/\/moverdb.com\/et\/wp-json\/wp\/v2\/types\/page"}],"author":[{"embeddable":true,"href":"https:\/\/moverdb.com\/et\/wp-json\/wp\/v2\/users\/1"}],"replies":[{"embeddable":true,"href":"https:\/\/moverdb.com\/et\/wp-json\/wp\/v2\/comments?post=13762"}],"version-history":[{"count":1,"href":"https:\/\/moverdb.com\/et\/wp-json\/wp\/v2\/pages\/13762\/revisions"}],"predecessor-version":[{"id":15807,"href":"https:\/\/moverdb.com\/et\/wp-json\/wp\/v2\/pages\/13762\/revisions\/15807"}],"up":[{"embeddable":true,"href":"https:\/\/moverdb.com\/et\/wp-json\/wp\/v2\/pages\/13427"}],"wp:attachment":[{"href":"https:\/\/moverdb.com\/et\/wp-json\/wp\/v2\/media?parent=13762"}],"curies":[{"name":"wp","href":"https:\/\/api.w.org\/{rel}","templated":true}]}}