{"id":13753,"date":"2023-11-08T15:52:42","date_gmt":"2023-11-08T15:52:42","guid":{"rendered":"https:\/\/moverdb.com\/freight-forwarder\/freight-forwarding-uk\/coventry-freight-forwarder\/"},"modified":"2026-01-08T13:18:18","modified_gmt":"2026-01-08T13:18:18","slug":"coventry-freight-forwarder","status":"publish","type":"page","link":"https:\/\/moverdb.com\/et\/freight-forwarder\/freight-forwarding-uk\/coventry-freight-forwarder\/","title":{"rendered":"9 parimat Coventry ekspedeerimisfirmat (2024)"},"content":{"rendered":"<p>J\u00e4rgnevalt vaatleme 9 <em>\"parim\"<\/em> Ekspedeerimisfirmad Coventry 16-st.<\/p>\n<p>Lisateavet selle kohta, kuidas me valisime parimad, leiate meie KKK-osa l\u00f5pust.<\/p>\n<p><em>Pange t\u00e4hele, et j\u00e4rgmised nimekirjad ei ole konkreetses j\u00e4rjekorras ja me ei anna soovitusi \u00fchegi konkreetse ettev\u00f5tte kohta.<\/em><\/p>\n<div id=\"ez-toc-container\" class=\"ez-toc-v2_0_82_2 ez-toc-wrap-left counter-hierarchy ez-toc-counter ez-toc-transparent ez-toc-container-direction\">\n<div class=\"ez-toc-title-container\">\n<p class=\"ez-toc-title\" style=\"cursor:inherit\">Jaotised<\/p>\n<span class=\"ez-toc-title-toggle\"><a href=\"#\" class=\"ez-toc-pull-right ez-toc-btn ez-toc-btn-xs ez-toc-btn-default ez-toc-toggle\" aria-label=\"Sisukorra vaheldumine\"><span class=\"ez-toc-js-icon-con\"><span class=\"\"><span class=\"eztoc-hide\" style=\"display:none;\">Toggle<\/span><span class=\"ez-toc-icon-toggle-span\"><svg style=\"fill: #999;color:#999\" xmlns=\"http:\/\/www.w3.org\/2000\/svg\" class=\"list-377408\" width=\"20px\" height=\"20px\" viewbox=\"0 0 24 24\" fill=\"none\"><path d=\"M6 6H4v2h2V6zm14 0H8v2h12V6zM4 11h2v2H4v-2zm16 0H8v2h12v-2zM4 16h2v2H4v-2zm16 0H8v2h12v-2z\" fill=\"currentColor\"><\/path><\/svg><svg style=\"fill: #999;color:#999\" class=\"arrow-unsorted-368013\" xmlns=\"http:\/\/www.w3.org\/2000\/svg\" width=\"10px\" height=\"10px\" viewbox=\"0 0 24 24\" version=\"1.2\" baseprofile=\"tiny\"><path d=\"M18.2 9.3l-6.2-6.3-6.2 6.3c-.2.2-.3.4-.3.7s.1.5.3.7c.2.2.4.3.7.3h11c.3 0 .5-.1.7-.3.2-.2.3-.5.3-.7s-.1-.5-.3-.7zM5.8 14.7l6.2 6.3 6.2-6.3c.2-.2.3-.5.3-.7s-.1-.5-.3-.7c-.2-.2-.4-.3-.7-.3h-11c-.3 0-.5.1-.7.3-.2.2-.3.5-.3.7s.1.5.3.7z\"\/><\/svg><\/span><\/span><\/span><\/a><\/span><\/div>\n<nav><ul class='ez-toc-list ez-toc-list-level-1 eztoc-toggle-hide-by-default' ><li class='ez-toc-page-1 ez-toc-heading-level-2'><a class=\"ez-toc-link ez-toc-heading-1\" href=\"https:\/\/moverdb.com\/et\/freight-forwarder\/freight-forwarding-uk\/coventry-freight-forwarder\/#Rim_Logistics_Ltd\" >Rim Logistics Ltd<\/a><\/li><li class='ez-toc-page-1 ez-toc-heading-level-2'><a class=\"ez-toc-link ez-toc-heading-2\" href=\"https:\/\/moverdb.com\/et\/freight-forwarder\/freight-forwarding-uk\/coventry-freight-forwarder\/#Asia_Trade_Partners\" >Aasia kaubanduspartnerid<\/a><\/li><li class='ez-toc-page-1 ez-toc-heading-level-2'><a class=\"ez-toc-link ez-toc-heading-3\" href=\"https:\/\/moverdb.com\/et\/freight-forwarder\/freight-forwarding-uk\/coventry-freight-forwarder\/#Homeland_Cargo_Services\" >Kodumaa kaubaveoteenused<\/a><\/li><li class='ez-toc-page-1 ez-toc-heading-level-2'><a class=\"ez-toc-link ez-toc-heading-4\" href=\"https:\/\/moverdb.com\/et\/freight-forwarder\/freight-forwarding-uk\/coventry-freight-forwarder\/#Fagan_Whalley_Ltd\" >Fagan &amp; Whalley Ltd<\/a><\/li><li class='ez-toc-page-1 ez-toc-heading-level-2'><a class=\"ez-toc-link ez-toc-heading-5\" href=\"https:\/\/moverdb.com\/et\/freight-forwarder\/freight-forwarding-uk\/coventry-freight-forwarder\/#A5_Logistics_Ltd\" >A5 Logistics Ltd<\/a><\/li><li class='ez-toc-page-1 ez-toc-heading-level-2'><a class=\"ez-toc-link ez-toc-heading-6\" href=\"https:\/\/moverdb.com\/et\/freight-forwarder\/freight-forwarding-uk\/coventry-freight-forwarder\/#Network_International_Cargo_UK_Ltd\" >Network International Cargo UK Ltd<\/a><\/li><li class='ez-toc-page-1 ez-toc-heading-level-2'><a class=\"ez-toc-link ez-toc-heading-7\" href=\"https:\/\/moverdb.com\/et\/freight-forwarder\/freight-forwarding-uk\/coventry-freight-forwarder\/#Retail_Transport_Services_Ltd\" >Jaem\u00fc\u00fcgi transporditeenused Ltd<\/a><\/li><li class='ez-toc-page-1 ez-toc-heading-level-2'><a class=\"ez-toc-link ez-toc-heading-8\" href=\"https:\/\/moverdb.com\/et\/freight-forwarder\/freight-forwarding-uk\/coventry-freight-forwarder\/#Kanan_Ltd\" >Kanan Ltd<\/a><\/li><li class='ez-toc-page-1 ez-toc-heading-level-2'><a class=\"ez-toc-link ez-toc-heading-9\" href=\"https:\/\/moverdb.com\/et\/freight-forwarder\/freight-forwarding-uk\/coventry-freight-forwarder\/#Logik_Logistics_International_Ltd\" >Logik Logistics International Ltd<\/a><\/li><li class='ez-toc-page-1 ez-toc-heading-level-2'><a class=\"ez-toc-link ez-toc-heading-10\" href=\"https:\/\/moverdb.com\/et\/freight-forwarder\/freight-forwarding-uk\/coventry-freight-forwarder\/#How_we_picked_the_best_Coventry_Freight_Forwarding_Companies\" >Kuidas me valisime parimad Coventry ekspedeerimisfirmad<\/a><\/li><\/ul><\/nav><\/div>\n<h2><span class=\"ez-toc-section\" id=\"Rim_Logistics_Ltd\"><\/span>Rim Logistics Ltd<span class=\"ez-toc-section-end\"><\/span><\/h2>\n<p><img decoding=\"async\" src=\"\" alt=\"Rim Logistics Ltd\" class=\"aligncenter\"><\/p>\n<p><strong>Ettev\u00f5tte kirjeldus: <\/strong>Ei ole ette n\u00e4htud<\/p>\n<p><strong>T\u00e4iendavad teenused:<\/strong><\/p>\n<p>Ei ole loetletud<\/p>\n<p><strong>Aadress:<\/strong> 1, Home Farm Courtyard, Home Farm, Meriden Rd, Berkswell, Coventry CV7 7SL<\/p>\n<p><a href=\"https:\/\/www.rimlogistics.com\/\" target=\"_new\" rel=\"noopener\">Rim Logistics Ltd veebisait<\/a><\/p>\n<p><strong>L\u00e4bivaatamise tulemus: <\/strong>4<br \/> <strong>Arvamuste arv:<\/strong> 2<br \/><a href=\"https:\/\/www.google.co.uk\/maps?cid=10666133398999280130&#038;hl=en&#038;gl=GB\" target=\"_new\" rel=\"noopener\">Loe kommentaare<\/a><\/p>\n<h2><span class=\"ez-toc-section\" id=\"Asia_Trade_Partners\"><\/span>Aasia kaubanduspartnerid<span class=\"ez-toc-section-end\"><\/span><\/h2>\n<p><img decoding=\"async\" src=\"https:\/\/moverdb.com\/wp-content\/uploads\/thumbnailpanoidp49b41W9Fy79Y6opIQKQvwcb_clientsearch.gws-prod.gpsw408h240yaw236.jpg\" alt='Aasia kaubanduspartnerid' class=\"aligncenter\"><\/p>\n<p><strong>Ettev\u00f5tte kirjeldus: <\/strong>Rahvusvaheline kaubaveo ekspedeerimine<\/p>\n<p><strong>T\u00e4iendavad teenused:<\/strong><\/p>\n<p>Ei ole loetletud<\/p>\n<p><strong>Aadress:<\/strong> Puma Way, Coventry CV1 5FB<\/p>\n<p><a href=\"http:\/\/www.asiatradepartners.co.uk\/\" target=\"_new\" rel=\"noopener\">Asia Trade Partners veebisait<\/a><\/p>\n<p><strong>L\u00e4bivaatamise tulemus: <\/strong>5<br \/> <strong>Arvamuste arv:<\/strong> 2<br \/><a href=\"https:\/\/www.google.co.uk\/maps?cid=13348971754802593495&#038;hl=en&#038;gl=GB\" target=\"_new\" rel=\"noopener\">Loe kommentaare<\/a><\/p>\n<h2><span class=\"ez-toc-section\" id=\"Homeland_Cargo_Services\"><\/span>Kodumaa kaubaveoteenused<span class=\"ez-toc-section-end\"><\/span><\/h2>\n<p><img decoding=\"async\" src=\"https:\/\/moverdb.com\/wp-content\/uploads\/thumbnailpanoidqYkfIXhK49q7Y3LkPAzSHAcb_clientsearch.gws-prod.gpsw408h240yaw216.jpg\" alt='Kodumaa kaubaveoteenused' class=\"aligncenter\"><\/p>\n<p><strong>Ettev\u00f5tte kirjeldus: <\/strong>Ei ole ette n\u00e4htud<\/p>\n<p><strong>T\u00e4iendavad teenused:<\/strong><\/p>\n<p>Ei ole loetletud<\/p>\n<p><strong>Aadress:<\/strong> 15 Napier St, Coventry CV1 5PR<\/p>\n<p><a href=\"https:\/\/www.homelandcargoservices.com\/\" target=\"_new\" rel=\"noopener\">Homeland Cargo Services veebisait<\/a><\/p>\n<p><strong>L\u00e4bivaatamise tulemus: <\/strong>4.4<br \/> <strong>Arvamuste arv:<\/strong> 5<br \/><a href=\"https:\/\/www.google.co.uk\/maps?cid=10352623799605963500&#038;hl=en&#038;gl=GB\" target=\"_new\" rel=\"noopener\">Loe kommentaare<\/a><\/p>\n<h2><span class=\"ez-toc-section\" id=\"Fagan_Whalley_Ltd\"><\/span>Fagan &amp; Whalley Ltd<span class=\"ez-toc-section-end\"><\/span><\/h2>\n<p><img decoding=\"async\" src=\"https:\/\/moverdb.com\/wp-content\/uploads\/AF1QipOGln_07MpQ3joTd9hcNm9e6nVR86bdKr0Kj5gVw408-h271-k-no.jpg\" alt='Fagan &amp; Whalley Ltd' class=\"aligncenter\"><\/p>\n<p><strong>Ettev\u00f5tte kirjeldus: <\/strong>Ei ole ette n\u00e4htud<\/p>\n<p><strong>T\u00e4iendavad teenused:<\/strong><\/p>\n<p>Transporditeenus<\/p>\n<p>Ladu<\/p>\n<p><strong>Aadress:<\/strong> Bayton Rd, Exhall, Coventry CV7 9EJ<\/p>\n<p><a href=\"http:\/\/www.faganwhalley.co.uk\/\" target=\"_new\" rel=\"noopener\">Fagan &amp; Whalley Ltd veebisait<\/a><\/p>\n<p><strong>L\u00e4bivaatamise tulemus: <\/strong>3.9<br \/> <strong>Arvamuste arv:<\/strong> 63<br \/><a href=\"https:\/\/www.google.co.uk\/maps?cid=15920020929344102927&#038;hl=en&#038;gl=GB\" target=\"_new\" rel=\"noopener\">Loe kommentaare<\/a><\/p>\n<h2><span class=\"ez-toc-section\" id=\"A5_Logistics_Ltd\"><\/span>A5 Logistics Ltd<span class=\"ez-toc-section-end\"><\/span><\/h2>\n<p><img decoding=\"async\" src=\"https:\/\/moverdb.com\/wp-content\/uploads\/AF1QipM4PkWurX6XnL_vBMMssfY5EA302pxnx-Ctrm9zw408-h544-k-no.jpg\" alt='A5 Logistics Ltd' class=\"aligncenter\"><\/p>\n<p><strong>Ettev\u00f5tte kirjeldus: <\/strong>Ei ole ette n\u00e4htud<\/p>\n<p><strong>T\u00e4iendavad teenused:<\/strong><\/p>\n<p>Ei ole loetletud<\/p>\n<p><strong>Aadress:<\/strong> Unit F1, Little Heath Industrial Estate, Coventry CV6 7ND<\/p>\n<p><a href=\"http:\/\/www.a5logisticsltd.co.uk\/\" target=\"_new\" rel=\"noopener\">A5 Logistics Ltd veebileht<\/a><\/p>\n<p><strong>L\u00e4bivaatamise tulemus: <\/strong>4.4<br \/> <strong>Arvamuste arv:<\/strong> 14<br \/><a href=\"https:\/\/www.google.co.uk\/maps?cid=1823145758875350571&#038;hl=en&#038;gl=GB\" target=\"_new\" rel=\"noopener\">Loe kommentaare<\/a><\/p>\n<h2><span class=\"ez-toc-section\" id=\"Network_International_Cargo_UK_Ltd\"><\/span>Network International Cargo UK Ltd<span class=\"ez-toc-section-end\"><\/span><\/h2>\n<p><img decoding=\"async\" src=\"https:\/\/moverdb.com\/wp-content\/uploads\/thumbnailpanoidd17YpTauhG4wvpPvqdKeuQcb_clientsearch.gws-prod.gpsw408h240yaw261.jpg\" alt='Network International Cargo UK Ltd' class=\"aligncenter\"><\/p>\n<p><strong>Ettev\u00f5tte kirjeldus: <\/strong>Ei ole ette n\u00e4htud<\/p>\n<p><strong>T\u00e4iendavad teenused:<\/strong><\/p>\n<p>Ei ole loetletud<\/p>\n<p><strong>Aadress:<\/strong> Unit 1, 2 Richardson Way, Coventry CV2 2TA<\/p>\n<p><a href=\"http:\/\/nic.ie\/\" target=\"_new\" rel=\"noopener\">Network International Cargo UK Ltd veebisait<\/a><\/p>\n<p><strong>L\u00e4bivaatamise tulemus: <\/strong>4.7<br \/> <strong>Arvamuste arv:<\/strong> 15<br \/><a href=\"https:\/\/www.google.co.uk\/maps?cid=7553618547576797529&#038;hl=en&#038;gl=GB\" target=\"_new\" rel=\"noopener\">Loe kommentaare<\/a><\/p>\n<h2><span class=\"ez-toc-section\" id=\"Retail_Transport_Services_Ltd\"><\/span>Jaem\u00fc\u00fcgi transporditeenused Ltd<span class=\"ez-toc-section-end\"><\/span><\/h2>\n<p><img decoding=\"async\" src=\"https:\/\/moverdb.com\/wp-content\/uploads\/thumbnailpanoidxT8yl_JU2aN99ZUbnJXbjQcb_clientsearch.gws-prod.gpsw408h240yaw115.jpg\" alt='Jaem\u00fc\u00fcgi transporditeenused Ltd' class=\"aligncenter\"><\/p>\n<p><strong>Ettev\u00f5tte kirjeldus: <\/strong>Ei ole ette n\u00e4htud<\/p>\n<p><strong>T\u00e4iendavad teenused:<\/strong><\/p>\n<p>Ei ole loetletud<\/p>\n<p><strong>Aadress:<\/strong> Building, 2, Hawkins, 4 Corporation St, Coventry CV1 1GF<\/p>\n<p><a href=\"http:\/\/www.retailtransport.com\/\" target=\"_new\" rel=\"noopener\">Retail Transport Services Ltd veebileht<\/a><\/p>\n<p><strong>L\u00e4bivaatamise tulemus: <\/strong>4.7<br \/> <strong>Arvamuste arv:<\/strong> 3<br \/><a href=\"https:\/\/www.google.co.uk\/maps?cid=7293012108189299300&#038;hl=en&#038;gl=GB\" target=\"_new\" rel=\"noopener\">Loe kommentaare<\/a><\/p>\n<h2><span class=\"ez-toc-section\" id=\"Kanan_Ltd\"><\/span>Kanan Ltd<span class=\"ez-toc-section-end\"><\/span><\/h2>\n<p><img decoding=\"async\" src=\"https:\/\/moverdb.com\/wp-content\/uploads\/thumbnailpanoidlUWPAqrZoCo1Mzv6hhJLvgcb_clientsearch.gws-prod.gpsw408h240yaw232.jpg\" alt='Kanan Ltd' class=\"aligncenter\"><\/p>\n<p><strong>Ettev\u00f5tte kirjeldus: <\/strong>Ei ole ette n\u00e4htud<\/p>\n<p><strong>T\u00e4iendavad teenused:<\/strong><\/p>\n<p>Ei ole loetletud<\/p>\n<p><strong>Aadress:<\/strong> 48 Witnell Rd, Coventry CV6 3LF<\/p>\n<p><a href=\"http:\/\/kananltd.com\/\" target=\"_new\" rel=\"noopener\">Kanan Ltd veebisait<\/a><\/p>\n<p><strong>L\u00e4bivaatamise tulemus: <\/strong>5<br \/> <strong>Arvamuste arv:<\/strong> 3<br \/><a href=\"https:\/\/www.google.co.uk\/maps?cid=15166777984508518409&#038;hl=en&#038;gl=GB\" target=\"_new\" rel=\"noopener\">Loe kommentaare<\/a><\/p>\n<h2><span class=\"ez-toc-section\" id=\"Logik_Logistics_International_Ltd\"><\/span>Logik Logistics International Ltd<span class=\"ez-toc-section-end\"><\/span><\/h2>\n<p><img decoding=\"async\" src=\"https:\/\/moverdb.com\/wp-content\/uploads\/AF1QipOBV3zJ3qYvS_hBH_UOm26gqKxLcw3WOu9qaUgGw408-h287-k-no.png\" alt='Logik Logistics International Ltd' class=\"aligncenter\"><\/p>\n<p><strong>Ettev\u00f5tte kirjeldus: <\/strong>Logik Logistics pakub kohandatud ajakriitilisi ja regulaarseid transpordilahendusi, mis aitavad ettev\u00f5tetel sujuvalt toimida, sealhulgas maantee- ja lennutransporditeenused, lennukite tellimusvedu ja pardakullerteenused (OBC).<\/p>\n<p> Meie logistikaspetsialistid rakendavad oma teadmisi, et tagada teie ajakriitilise kaubaveo hoolikas juhtimine ja ajakava j\u00e4rgimine k\u00f5ige kulutasuvamal viisil, kusjuures kiirus ja turvalisus on standardiks.<\/p>\n<p><strong>T\u00e4iendavad teenused:<\/strong><\/p>\n<p>Ei ole loetletud<\/p>\n<p><strong>Aadress:<\/strong> Logik Logistics International Ltd, Stonebridge Golf Centre, Somers Rd, Meriden, Coventry CV7 7PL<\/p>\n<p><a href=\"http:\/\/www.lgk-logistics.com\/\" target=\"_new\" rel=\"noopener\">Logik Logistics International Ltd veebileht<\/a><\/p>\n<p><strong>L\u00e4bivaatamise tulemus: <\/strong>4.7<br \/> <strong>Arvamuste arv:<\/strong> 15<br \/><a href=\"https:\/\/www.google.co.uk\/maps?cid=8962025795497080316&#038;hl=en&#038;gl=GB\" target=\"_new\" rel=\"noopener\">Loe kommentaare<\/a><\/p>\n<h2><span class=\"ez-toc-section\" id=\"How_we_picked_the_best_Coventry_Freight_Forwarding_Companies\"><\/span>Kuidas me valisime parimad Coventry ekspedeerimisfirmad<span class=\"ez-toc-section-end\"><\/span><\/h2>\n<p>Alustasime 16 Coventry ekspedeerimisfirma andmestikust, mille leidsime Google Mapsi kaudu, ja kitsendasime selle 9 parimaks.<\/p>\n<p>Selleks eemaldasime k\u00f5ik ettev\u00f5tted, mis:<\/p>\n<ul>\n<li> Ei olnud veebilehte<\/li>\n<li> Ei olnud kommentaare<\/li>\n<li> Keskmine hinde oli alla 2,0<\/li>\n<\/ul>\n<p>Sel hetkel, kui meil oli 17 v\u00f5i v\u00e4hem ekspediitorit, loetlesime nad k\u00f5ik \u00fcles.<\/p>\n<p>Linnade puhul, kus meil j\u00e4i \u00fcle 17 saatja, tegime edasisi muudatusi, suurendades kas n\u00f5utavat hindamist (nt t\u00f5stes minimaalse hinde 2,0-lt 4,0-le) ja\/v\u00f5i suurendades n\u00f5utavate hindamiste minimaalset arvu (nt t\u00f5stes v\u00e4hemalt 1 hindamiselt v\u00e4hemalt 10-le).<\/p>\n<p>Pange t\u00e4hele, et me kasutasime ainult Google Maps'i \u00fclevaatuste andmeid, mitte muid kolmandate osapoolte veebisaite.<\/p>\n<p>Rohkem linnu:<\/p>\n<p><a href=\"https:\/\/moverdb.com\/et\/ekspediitor\/freight-forwarding-uk\/west-drayton-freight-forwarder\/\">West Draytoni ekspediitor<\/a><br \/><a href=\"https:\/\/moverdb.com\/et\/ekspediitor\/freight-forwarding-uk\/glasgow-freight-forwarder\/\">Glasgow ekspediitor<\/a><br \/><a href=\"https:\/\/moverdb.com\/et\/ekspediitor\/freight-forwarding-uk\/barking-freight-forwarder\/\">Barking ekspediitor<\/a><br \/><a href=\"https:\/\/moverdb.com\/et\/ekspediitor\/freight-forwarding-uk\/staines-freight-forwarder\/\">Staines Ekspedeerija<\/a><br \/><a href=\"https:\/\/moverdb.com\/et\/ekspediitor\/freight-forwarding-uk\/leicester-freight-forwarder\/\">Leicester ekspediitor<\/a><\/p>","protected":false},"excerpt":{"rendered":"<p>Below we look at the 9 &#8220;best&#8221; Freight Forwarding companies in Coventry out of 16. To learn more about how we chose the best please consult our FAQ section at the end. Please not the following listings are in no particular order and we are not making any recommendations for any particular company. Rim Logistics [&hellip;]<\/p>\n","protected":false},"author":1,"featured_media":0,"parent":13427,"menu_order":0,"comment_status":"open","ping_status":"open","template":"","meta":{"_genesis_hide_title":false,"_genesis_hide_breadcrumbs":false,"_genesis_hide_singular_image":false,"_genesis_hide_footer_widgets":false,"_genesis_custom_body_class":"","_genesis_custom_post_class":"","_genesis_layout":"","footnotes":""},"class_list":{"0":"post-13753","1":"page","2":"type-page","3":"status-publish","5":"entry"},"_links":{"self":[{"href":"https:\/\/moverdb.com\/et\/wp-json\/wp\/v2\/pages\/13753","targetHints":{"allow":["GET"]}}],"collection":[{"href":"https:\/\/moverdb.com\/et\/wp-json\/wp\/v2\/pages"}],"about":[{"href":"https:\/\/moverdb.com\/et\/wp-json\/wp\/v2\/types\/page"}],"author":[{"embeddable":true,"href":"https:\/\/moverdb.com\/et\/wp-json\/wp\/v2\/users\/1"}],"replies":[{"embeddable":true,"href":"https:\/\/moverdb.com\/et\/wp-json\/wp\/v2\/comments?post=13753"}],"version-history":[{"count":1,"href":"https:\/\/moverdb.com\/et\/wp-json\/wp\/v2\/pages\/13753\/revisions"}],"predecessor-version":[{"id":15808,"href":"https:\/\/moverdb.com\/et\/wp-json\/wp\/v2\/pages\/13753\/revisions\/15808"}],"up":[{"embeddable":true,"href":"https:\/\/moverdb.com\/et\/wp-json\/wp\/v2\/pages\/13427"}],"wp:attachment":[{"href":"https:\/\/moverdb.com\/et\/wp-json\/wp\/v2\/media?parent=13753"}],"curies":[{"name":"wp","href":"https:\/\/api.w.org\/{rel}","templated":true}]}}