{"id":13744,"date":"2023-11-08T15:52:42","date_gmt":"2023-11-08T15:52:42","guid":{"rendered":"https:\/\/moverdb.com\/freight-forwarder\/freight-forwarding-uk\/southall-freight-forwarder\/"},"modified":"2026-01-08T13:18:19","modified_gmt":"2026-01-08T13:18:19","slug":"southall-freight-forwarder","status":"publish","type":"page","link":"https:\/\/moverdb.com\/et\/freight-forwarder\/freight-forwarding-uk\/southall-freight-forwarder\/","title":{"rendered":"9 parimat Southall ekspedeerimisfirmat (2024)"},"content":{"rendered":"<p>J\u00e4rgnevalt vaatleme 9 <em>\"parim\"<\/em> Ekspedeerimisfirmad Southallis 16-st.<\/p>\n<p>Lisateavet selle kohta, kuidas me valisime parimad, leiate meie KKK-osa l\u00f5pust.<\/p>\n<p><em>Pange t\u00e4hele, et j\u00e4rgmised nimekirjad ei ole konkreetses j\u00e4rjekorras ja me ei anna soovitusi \u00fchegi konkreetse ettev\u00f5tte kohta.<\/em><\/p>\n<div id=\"ez-toc-container\" class=\"ez-toc-v2_0_82_2 ez-toc-wrap-left counter-hierarchy ez-toc-counter ez-toc-transparent ez-toc-container-direction\">\n<div class=\"ez-toc-title-container\">\n<p class=\"ez-toc-title\" style=\"cursor:inherit\">Jaotised<\/p>\n<span class=\"ez-toc-title-toggle\"><a href=\"#\" class=\"ez-toc-pull-right ez-toc-btn ez-toc-btn-xs ez-toc-btn-default ez-toc-toggle\" aria-label=\"Sisukorra vaheldumine\"><span class=\"ez-toc-js-icon-con\"><span class=\"\"><span class=\"eztoc-hide\" style=\"display:none;\">Toggle<\/span><span class=\"ez-toc-icon-toggle-span\"><svg style=\"fill: #999;color:#999\" xmlns=\"http:\/\/www.w3.org\/2000\/svg\" class=\"list-377408\" width=\"20px\" height=\"20px\" viewbox=\"0 0 24 24\" fill=\"none\"><path d=\"M6 6H4v2h2V6zm14 0H8v2h12V6zM4 11h2v2H4v-2zm16 0H8v2h12v-2zM4 16h2v2H4v-2zm16 0H8v2h12v-2z\" fill=\"currentColor\"><\/path><\/svg><svg style=\"fill: #999;color:#999\" class=\"arrow-unsorted-368013\" xmlns=\"http:\/\/www.w3.org\/2000\/svg\" width=\"10px\" height=\"10px\" viewbox=\"0 0 24 24\" version=\"1.2\" baseprofile=\"tiny\"><path d=\"M18.2 9.3l-6.2-6.3-6.2 6.3c-.2.2-.3.4-.3.7s.1.5.3.7c.2.2.4.3.7.3h11c.3 0 .5-.1.7-.3.2-.2.3-.5.3-.7s-.1-.5-.3-.7zM5.8 14.7l6.2 6.3 6.2-6.3c.2-.2.3-.5.3-.7s-.1-.5-.3-.7c-.2-.2-.4-.3-.7-.3h-11c-.3 0-.5.1-.7.3-.2.2-.3.5-.3.7s.1.5.3.7z\"\/><\/svg><\/span><\/span><\/span><\/a><\/span><\/div>\n<nav><ul class='ez-toc-list ez-toc-list-level-1 eztoc-toggle-hide-by-default' ><li class='ez-toc-page-1 ez-toc-heading-level-2'><a class=\"ez-toc-link ez-toc-heading-1\" href=\"https:\/\/moverdb.com\/et\/freight-forwarder\/freight-forwarding-uk\/southall-freight-forwarder\/#SMS_Dhaliwal_Transport_Ltd\" >SMS Dhaliwal Transport Ltd<\/a><\/li><li class='ez-toc-page-1 ez-toc-heading-level-2'><a class=\"ez-toc-link ez-toc-heading-2\" href=\"https:\/\/moverdb.com\/et\/freight-forwarder\/freight-forwarding-uk\/southall-freight-forwarder\/#TRIPLE_A_GLOBAL_CARGO_LOGISTICS_LTD\" >TRIPLE A GLOBAL CARGO LOGISTICS LTD<\/a><\/li><li class='ez-toc-page-1 ez-toc-heading-level-2'><a class=\"ez-toc-link ez-toc-heading-3\" href=\"https:\/\/moverdb.com\/et\/freight-forwarder\/freight-forwarding-uk\/southall-freight-forwarder\/#Fast_Cargo_Ltd\" >Fast Cargo Ltd<\/a><\/li><li class='ez-toc-page-1 ez-toc-heading-level-2'><a class=\"ez-toc-link ez-toc-heading-4\" href=\"https:\/\/moverdb.com\/et\/freight-forwarder\/freight-forwarding-uk\/southall-freight-forwarder\/#Hodan_Cargo_Ltd\" >Hodan Cargo Ltd<\/a><\/li><li class='ez-toc-page-1 ez-toc-heading-level-2'><a class=\"ez-toc-link ez-toc-heading-5\" href=\"https:\/\/moverdb.com\/et\/freight-forwarder\/freight-forwarding-uk\/southall-freight-forwarder\/#Freight_Line_Services_LTD\" >Freight Line Services LTD<\/a><\/li><li class='ez-toc-page-1 ez-toc-heading-level-2'><a class=\"ez-toc-link ez-toc-heading-6\" href=\"https:\/\/moverdb.com\/et\/freight-forwarder\/freight-forwarding-uk\/southall-freight-forwarder\/#Parcel_world_Limited\" >Parcel world Limited<\/a><\/li><li class='ez-toc-page-1 ez-toc-heading-level-2'><a class=\"ez-toc-link ez-toc-heading-7\" href=\"https:\/\/moverdb.com\/et\/freight-forwarder\/freight-forwarding-uk\/southall-freight-forwarder\/#Fast_Cargo_Services_Ltd\" >Fast Cargo Services Ltd<\/a><\/li><li class='ez-toc-page-1 ez-toc-heading-level-2'><a class=\"ez-toc-link ez-toc-heading-8\" href=\"https:\/\/moverdb.com\/et\/freight-forwarder\/freight-forwarding-uk\/southall-freight-forwarder\/#BLMG_LTD\" >BLMG LTD<\/a><\/li><li class='ez-toc-page-1 ez-toc-heading-level-2'><a class=\"ez-toc-link ez-toc-heading-9\" href=\"https:\/\/moverdb.com\/et\/freight-forwarder\/freight-forwarding-uk\/southall-freight-forwarder\/#MDFreight\" >M.D.Freight<\/a><\/li><li class='ez-toc-page-1 ez-toc-heading-level-2'><a class=\"ez-toc-link ez-toc-heading-10\" href=\"https:\/\/moverdb.com\/et\/freight-forwarder\/freight-forwarding-uk\/southall-freight-forwarder\/#How_we_picked_the_best_Southall_Freight_Forwarding_Companies\" >Kuidas me valisime parimad Southall ekspedeerimisfirmad<\/a><\/li><\/ul><\/nav><\/div>\n<h2><span class=\"ez-toc-section\" id=\"SMS_Dhaliwal_Transport_Ltd\"><\/span>SMS Dhaliwal Transport Ltd<span class=\"ez-toc-section-end\"><\/span><\/h2>\n<p><img decoding=\"async\" src=\"https:\/\/moverdb.com\/wp-content\/uploads\/thumbnailpanoidU40fBLvrEQnowa1fPAaGmgcb_clientsearch.gws-prod.gpsw408h240yaw232.jpg\" alt='SMS Dhaliwal Transport Ltd' class=\"aligncenter\"><\/p>\n<p><strong>Ettev\u00f5tte kirjeldus: <\/strong>SMS Dhaliwal Transport Ltd on \u00fcks suurimaid transpordiettev\u00f5tteid aastal <a href=\"https:\/\/moverdb.com\/et\/moving-to-the-uk\/\" data-internallinksmanager029f6b8e52c=\"93\" title=\"Kolimine \u00dchendkuningriiki? 2022 Elamiskulud ja kolimisn\u00f5uanded\">\u00dchendkuningriik<\/a> ja mille peakontor asub Southallis.<\/p>\n<p> Olles kaubaveoettev\u00f5tja ja <a href=\"https:\/\/moverdb.com\/et\/freight-forwarder\/\" data-internallinksmanager029f6b8e52c=\"17\" title=\"Ekspedeerija ja NVOCC rahvusvaheliste kulude ja ettev\u00f5tete juhend\">Ekspediitor<\/a>, meil on tarbes\u00f5idukid, veoautojuhid, raskeveokite vedu, transpordilogistika ja raskeveokite jaotusteenus.<\/p>\n<p> Meil on kogu t\u00f6\u00f6stusharus v\u00f5rratu maine ohutuse, usaldusv\u00e4\u00e4rsuse ja klienditeeninduse osas, mille tulemuseks on <a href=\"https:\/\/moverdb.com\/et\/moving-to-the-united-states\/\" data-internallinksmanager029f6b8e52c=\"94\" title=\"Kolimine Ameerika \u00dchendriikidesse? 2022 Elamiskulud ja kolimisn\u00f5uanded\">us<\/a> olles esimene valik m\u00f5nele riigi suurimale ehitus-, rendi- ja kommunaalettev\u00f5ttele.<\/p>\n<p> Alates lihtsatest \u00fchekordsetest kolimistest kuni keerukate liftide, suurem\u00f5\u00f5tmeliste koormate ja moodulhoonete paigaldamiseni - meil on k\u00f5ik olemas.<\/p>\n<p><strong>T\u00e4iendavad teenused:<\/strong><\/p>\n<p>Logistikateenus<\/p>\n<p>Veoettev\u00f5tte<\/p>\n<p><strong>Aadress:<\/strong> 67 Brent Rd, Southall UB2 5LA<\/p>\n<p><a href=\"http:\/\/smsdhaliwal.co.uk\/\" target=\"_new\" rel=\"noopener\">SMS Dhaliwal Transport Ltd veebileht<\/a><\/p>\n<p><strong>L\u00e4bivaatamise tulemus: <\/strong>5<br \/> <strong>Arvamuste arv:<\/strong> 2<br \/><a href=\"https:\/\/www.google.co.uk\/maps?cid=8101554762267100004&#038;hl=en&#038;gl=GB\" target=\"_new\" rel=\"noopener\">Loe kommentaare<\/a><\/p>\n<h2><span class=\"ez-toc-section\" id=\"TRIPLE_A_GLOBAL_CARGO_LOGISTICS_LTD\"><\/span>TRIPLE A GLOBAL CARGO LOGISTICS LTD<span class=\"ez-toc-section-end\"><\/span><\/h2>\n<p><img decoding=\"async\" src=\"https:\/\/moverdb.com\/wp-content\/uploads\/AF1QipPqs6Ojtm6XYwWGIDaI2L92G9zsRsAhwzVpf1sEw426-h240-k-no.jpg\" alt='TRIPLE A GLOBAL CARGO LOGISTICS LTD' class=\"aligncenter\"><\/p>\n<p><strong>Ettev\u00f5tte kirjeldus: <\/strong>Triple A Global Cargo Logistics on teie eelistatud esmane logistikapartner, kes pakub sujuvat laevandust \u00dchendkuningriigist j\u00e4rgmistesse sihtkohtadesse <a href=\"https:\/\/moverdb.com\/et\/moving-companies\/moving-companies-kenya\/\" data-internallinksmanager029f6b8e52c=\"305\" title=\"4 parimat rahvusvahelist kolimisfirmat Keenias\">Kenya<\/a>.<\/p>\n<p> Meie teenuste hulka kuuluvad ukselt-uksele saatmine, ekspress-, \u00f5hu- ja mereveod. <a href=\"https:\/\/moverdb.com\/et\/container-shipping\/\" data-internallinksmanager029f6b8e52c=\"3\" title=\"Rahvusvaheliste konteinerite veohindade graafik: aprill 2026\">konteinervedu<\/a>, tollivormistus, seadmete ja kaupade hankimine, elanike tagasip\u00f6\u00f6rdumise abi ja laoplatside ladustamisv\u00f5imalused.<\/p>\n<p> Konkurentsiv\u00f5imeliste hindade ja erakordse klienditeenindusega tagame kiire ja t\u00f5husa tarne.<\/p>\n<p> Oleme uhked oma p\u00fchendumuse \u00fcle kliendi rahulolule, seades esikohale selge suhtluse, vastutuleliku teeninduse ja usaldusv\u00e4\u00e4rse tarne.<\/p>\n<p> M\u00f5istes oma klientide vajadusi ja pakkudes neile kohandatud veolahendusi, on meie eesm\u00e4rk pikaajalised suhted ja saada usaldusv\u00e4\u00e4rseks partneriks kaubaveologistikas.<\/p>\n<p> Lisateabe saamiseks v\u00f5tke meiega juba t\u00e4na \u00fchendust<\/p>\n<p><strong>T\u00e4iendavad teenused:<\/strong><\/p>\n<p>Logistikateenus<\/p>\n<p>Veoteenus<\/p>\n<p><strong>Aadress:<\/strong> UNIT Z01, 8A Canal Yard, Hayes Rd, Hounslow, Southall UB2 5NA<\/p>\n<p><a href=\"http:\/\/www.tripleafreight.co.uk\/\" target=\"_new\" rel=\"noopener\">TRIPLE A GLOBAL CARGO LOGISTICS LTD veebisait<\/a><\/p>\n<p><strong>L\u00e4bivaatamise tulemus: <\/strong>5<br \/> <strong>Arvamuste arv:<\/strong> 24<br \/><a href=\"https:\/\/www.google.co.uk\/maps?cid=6900515453734720060&#038;hl=en&#038;gl=GB\" target=\"_new\" rel=\"noopener\">Loe kommentaare<\/a><\/p>\n<h2><span class=\"ez-toc-section\" id=\"Fast_Cargo_Ltd\"><\/span>Fast Cargo Ltd<span class=\"ez-toc-section-end\"><\/span><\/h2>\n<p><img decoding=\"async\" src=\"https:\/\/moverdb.com\/wp-content\/uploads\/thumbnailpanoidZszgS4EG6t8soRqkqEr-AAcb_clientsearch.gws-prod.gpsw408h240yaw188.jpg\" alt='Fast Cargo Ltd' class=\"aligncenter\"><\/p>\n<p><strong>Ettev\u00f5tte kirjeldus: <\/strong>Ei ole ette n\u00e4htud<\/p>\n<p><strong>T\u00e4iendavad teenused:<\/strong><\/p>\n<p>Kullerteenus<\/p>\n<p>Logistikateenus<\/p>\n<p>Tarnefirma<\/p>\n<p><strong>Aadress:<\/strong> Canalside Gardens, Southall UB2 5TJ<\/p>\n<p><a href=\"http:\/\/www.fastcargoservicesltd.com\/\" target=\"_new\" rel=\"noopener\">Fast Cargo Ltd veebisait<\/a><\/p>\n<p><strong>L\u00e4bivaatamise tulemus: <\/strong>4<br \/> <strong>Arvamuste arv:<\/strong> 6<br \/><a href=\"https:\/\/www.google.co.uk\/maps?cid=17136849923592829230&#038;hl=en&#038;gl=GB\" target=\"_new\" rel=\"noopener\">Loe kommentaare<\/a><\/p>\n<h2><span class=\"ez-toc-section\" id=\"Hodan_Cargo_Ltd\"><\/span>Hodan Cargo Ltd<span class=\"ez-toc-section-end\"><\/span><\/h2>\n<p><img decoding=\"async\" src=\"https:\/\/moverdb.com\/wp-content\/uploads\/thumbnailpanoidTeNPkID55nbJbTvzKjkcdAcb_clientsearch.gws-prod.gpsw408h240yaw18.jpg\" alt='Hodan Cargo Ltd' class=\"aligncenter\"><\/p>\n<p><strong>Ettev\u00f5tte kirjeldus: <\/strong>Hodan Cargo Ltd on ekspressvedu <a href=\"https:\/\/moverdb.com\/et\/shipping-companies\/\" data-internallinksmanager029f6b8e52c=\"4\" title=\"Top 10 rahvusvahelist konteinerilaevandusettev\u00f5tet\">laevandusettev\u00f5te<\/a> asub \u00dchendkuningriigis ja omab kontoreid Keenias, Somaalias, Somaalimaal, Ugandas ja Tansaanias.<\/p>\n<p> Saadame pakke Euroopast Ida-Aafrikasse.<\/p>\n<p> kliendid, kes soovivad osta Amazonist, Ebayst ja k\u00f5ikidest Euroopa suurtest saitidest\/br\u00e4ndidest, saavad saata oma paki meie londoni lattu ja me toimetame selle kuue p\u00e4eva jooksul kohale.<\/p>\n<p> teeme \u00f5hu- ja mereveo.<\/p>\n<p> v\u00f5ime ka teie nimel sisseoste teha v\u00f5i teid \u00fchendada k\u00f5igi Euroopa tarnijatega, olgu see siis isiklikuks v\u00f5i \u00e4riliseks otstarbeks.<\/p>\n<p><strong>T\u00e4iendavad teenused:<\/strong><\/p>\n<p>Ei ole loetletud<\/p>\n<p><strong>Aadress:<\/strong> Unit Z01 C\/O Hodan Cargo 8a Canal Yard, Hayes Rd, Southall UB2 5NA<\/p>\n<p><a href=\"http:\/\/www.hodancargo.com\/\" target=\"_new\" rel=\"noopener\">Hodan Cargo Ltd veebisait<\/a><\/p>\n<p><strong>L\u00e4bivaatamise tulemus: <\/strong>5<br \/> <strong>Arvamuste arv:<\/strong> 2<br \/><a href=\"https:\/\/www.google.co.uk\/maps?cid=3990577677848957395&#038;hl=en&#038;gl=GB\" target=\"_new\" rel=\"noopener\">Loe kommentaare<\/a><\/p>\n<h2><span class=\"ez-toc-section\" id=\"Freight_Line_Services_LTD\"><\/span>Freight Line Services LTD<span class=\"ez-toc-section-end\"><\/span><\/h2>\n<p><img decoding=\"async\" src=\"https:\/\/moverdb.com\/wp-content\/uploads\/AF1QipPtN8oi0L7myggj51rZPfY_RliE50SrJZxHGxttw408-h272-k-no.jpg\" alt='Freight Line Services LTD' class=\"aligncenter\"><\/p>\n<p><strong>Ettev\u00f5tte kirjeldus: <\/strong>Ei ole ette n\u00e4htud<\/p>\n<p><strong>T\u00e4iendavad teenused:<\/strong><\/p>\n<p>Ei ole loetletud<\/p>\n<p><strong>Aadress:<\/strong> Unit 5H, Charles House, Bridge Rd, Southall UB2 4BD<\/p>\n<p><a href=\"http:\/\/www.freightlines.co.uk\/\" target=\"_new\" rel=\"noopener\">Freight Line Services LTD veebisait<\/a><\/p>\n<p><strong>L\u00e4bivaatamise tulemus: <\/strong>5<br \/> <strong>Arvamuste arv:<\/strong> 1<br \/><a href=\"https:\/\/www.google.co.uk\/maps?cid=14431999574836574694&#038;hl=en&#038;gl=GB\" target=\"_new\" rel=\"noopener\">Loe kommentaare<\/a><\/p>\n<h2><span class=\"ez-toc-section\" id=\"Parcel_world_Limited\"><\/span>Parcel world Limited<span class=\"ez-toc-section-end\"><\/span><\/h2>\n<p><img decoding=\"async\" src=\"https:\/\/moverdb.com\/wp-content\/uploads\/AF1QipNBfzF9GBP3u80QI97y7M4S-JpNWNKjc8I8UfQ_w426-h240-k-no.jpg\" alt='Parcel world Limited' class=\"aligncenter\"><\/p>\n<p><strong>Ettev\u00f5tte kirjeldus: <\/strong>Ei ole ette n\u00e4htud<\/p>\n<p><strong>T\u00e4iendavad teenused:<\/strong><\/p>\n<p>Ei ole loetletud<\/p>\n<p><strong>Aadress:<\/strong> Unit 18, Enterprise Centre, Bridge Rd, Southall UB2 4AE<\/p>\n<p><a href=\"http:\/\/www.parcelworldltd.co.uk\/\" target=\"_new\" rel=\"noopener\">Parcel world Limited veebileht<\/a><\/p>\n<p><strong>L\u00e4bivaatamise tulemus: <\/strong>2.6<br \/> <strong>Arvamuste arv:<\/strong> 10<br \/><a href=\"https:\/\/www.google.co.uk\/maps?cid=8578209696165819131&#038;hl=en&#038;gl=GB\" target=\"_new\" rel=\"noopener\">Loe kommentaare<\/a><\/p>\n<h2><span class=\"ez-toc-section\" id=\"Fast_Cargo_Services_Ltd\"><\/span>Fast Cargo Services Ltd<span class=\"ez-toc-section-end\"><\/span><\/h2>\n<p><img decoding=\"async\" src=\"https:\/\/moverdb.com\/wp-content\/uploads\/AF1QipPUuyrO2yFluTZac0IY5ETVH6ENmwvoPgJlAKF0w428-h240-k-no.png\" alt='Fast Cargo Services Ltd' class=\"aligncenter\"><\/p>\n<p><strong>Ettev\u00f5tte kirjeldus: <\/strong>Fast Cargo Services Ltd on uhke, et pakub usaldusv\u00e4\u00e4rseid, paindlikke ja kuluefektiivseid kaubaveoteenuseid klientidele kogu \u00dchendkuningriigis, mida saab kohandada vastavalt nende individuaalsetele veovajadustele ja -n\u00f5uetele.<\/p>\n<p>Meie kaubaveoteenused on \u00fcletamatud ja pakuvad ettev\u00f5ttele usaldusv\u00e4\u00e4rset ja paindlikku v\u00f5imalust saata oma tooteid Pakistani v\u00f5i Pakistanist \u00dchendkuningriiki.<\/p>\n<p><strong>T\u00e4iendavad teenused:<\/strong><\/p>\n<p>Kullerteenus<\/p>\n<p>Tarnefirma<\/p>\n<p><strong>Aadress:<\/strong> 65A South Rd, Southall UB1 1SQ<\/p>\n<p><a href=\"http:\/\/www.fastcargoservicesltd.com\/\" target=\"_new\" rel=\"noopener\">Fast Cargo Services Ltd veebileht<\/a><\/p>\n<p><strong>L\u00e4bivaatamise tulemus: <\/strong>4<br \/> <strong>Arvamuste arv:<\/strong> 152<br \/><a href=\"https:\/\/www.google.co.uk\/maps?cid=2045029359146269528&#038;hl=en&#038;gl=GB\" target=\"_new\" rel=\"noopener\">Loe kommentaare<\/a><\/p>\n<h2><span class=\"ez-toc-section\" id=\"BLMG_LTD\"><\/span>BLMG LTD<span class=\"ez-toc-section-end\"><\/span><\/h2>\n<p><img decoding=\"async\" src=\"https:\/\/moverdb.com\/wp-content\/uploads\/AF1QipNWDhKFilLxFpXHGtOsB-aoc07oN3AXtmQoJsH4w408-h544-k-no.jpg\" alt='BLMG LTD' class=\"aligncenter\"><\/p>\n<p><strong>Ettev\u00f5tte kirjeldus: <\/strong>Ei ole ette n\u00e4htud<\/p>\n<p><strong>T\u00e4iendavad teenused:<\/strong><\/p>\n<p>Ei ole loetletud<\/p>\n<p><strong>Aadress:<\/strong> Old Manor Rd, Southall UB2 5JN<\/p>\n<p><a href=\"http:\/\/www.blmgltd.co.uk\/\" target=\"_new\" rel=\"noopener\">BLMG LTD veebisait<\/a><\/p>\n<p><strong>L\u00e4bivaatamise tulemus: <\/strong>5<br \/> <strong>Arvamuste arv:<\/strong> 7<br \/><a href=\"https:\/\/www.google.co.uk\/maps?cid=14646947985281151984&#038;hl=en&#038;gl=GB\" target=\"_new\" rel=\"noopener\">Loe kommentaare<\/a><\/p>\n<h2><span class=\"ez-toc-section\" id=\"MDFreight\"><\/span>M.D.Freight<span class=\"ez-toc-section-end\"><\/span><\/h2>\n<p><img decoding=\"async\" src=\"https:\/\/moverdb.com\/wp-content\/uploads\/thumbnailpanoidSm815cK3YwKcxQzm7DccBAcb_clientsearch.gws-prod.gpsw408h240yaw39.jpg\" alt='M.D.Freight' class=\"aligncenter\"><\/p>\n<p><strong>Ettev\u00f5tte kirjeldus: <\/strong>Ei ole ette n\u00e4htud<\/p>\n<p><strong>T\u00e4iendavad teenused:<\/strong><\/p>\n<p>Ei ole loetletud<\/p>\n<p><strong>Aadress:<\/strong> 4 Christopher Rd, Hounslow, Southall UB2 5YG<\/p>\n<p><a href=\"http:\/\/www.mdfreight.co.uk\/\" target=\"_new\" rel=\"noopener\">M.D.Freight veebisait<\/a><\/p>\n<p><strong>L\u00e4bivaatamise tulemus: <\/strong>5<br \/> <strong>Arvamuste arv:<\/strong> 1<br \/><a href=\"https:\/\/www.google.co.uk\/maps?cid=18131493015880467154&#038;hl=en&#038;gl=GB\" target=\"_new\" rel=\"noopener\">Loe kommentaare<\/a><\/p>\n<h2><span class=\"ez-toc-section\" id=\"How_we_picked_the_best_Southall_Freight_Forwarding_Companies\"><\/span>Kuidas me valisime parimad Southall ekspedeerimisfirmad<span class=\"ez-toc-section-end\"><\/span><\/h2>\n<p>Alustasime 16 Southall'i kaubaveoettev\u00f5tte andmestikust, mille leidsime Google Maps'i kaudu, ja kitsendasime selle 9 parimaks.<\/p>\n<p>Selleks eemaldasime k\u00f5ik ettev\u00f5tted, mis:<\/p>\n<ul>\n<li> Ei olnud veebilehte<\/li>\n<li> Ei olnud kommentaare<\/li>\n<li> Keskmine hinde oli alla 2,0<\/li>\n<\/ul>\n<p>Sel hetkel, kui meil oli 17 v\u00f5i v\u00e4hem ekspediitorit, loetlesime nad k\u00f5ik \u00fcles.<\/p>\n<p>Linnade puhul, kus meil j\u00e4i \u00fcle 17 saatja, tegime edasisi muudatusi, suurendades kas n\u00f5utavat hindamist (nt t\u00f5stes minimaalse hinde 2,0-lt 4,0-le) ja\/v\u00f5i suurendades n\u00f5utavate hindamiste minimaalset arvu (nt t\u00f5stes v\u00e4hemalt 1 hindamiselt v\u00e4hemalt 10-le).<\/p>\n<p>Pange t\u00e4hele, et me kasutasime ainult Google Maps'i \u00fclevaatuste andmeid, mitte muid kolmandate osapoolte veebisaite.<\/p>\n<p>Rohkem linnu:<\/p>\n<p><a href=\"https:\/\/moverdb.com\/et\/ekspediitor\/freight-forwarding-uk\/coventry-freight-forwarder\/\">Coventry ekspediitor<\/a><br \/><a href=\"https:\/\/moverdb.com\/et\/ekspediitor\/freight-forwarding-uk\/west-drayton-freight-forwarder\/\">West Draytoni ekspediitor<\/a><br \/><a href=\"https:\/\/moverdb.com\/et\/ekspediitor\/freight-forwarding-uk\/glasgow-freight-forwarder\/\">Glasgow ekspediitor<\/a><br \/><a href=\"https:\/\/moverdb.com\/et\/ekspediitor\/freight-forwarding-uk\/barking-freight-forwarder\/\">Barking ekspediitor<\/a><br \/><a href=\"https:\/\/moverdb.com\/et\/ekspediitor\/freight-forwarding-uk\/staines-freight-forwarder\/\">Staines Ekspedeerija<\/a><\/p>","protected":false},"excerpt":{"rendered":"<p>Below we look at the 9 &#8220;best&#8221; Freight Forwarding companies in Southall out of 16. To learn more about how we chose the best please consult our FAQ section at the end. Please not the following listings are in no particular order and we are not making any recommendations for any particular company. SMS Dhaliwal [&hellip;]<\/p>\n","protected":false},"author":1,"featured_media":0,"parent":13427,"menu_order":0,"comment_status":"open","ping_status":"open","template":"","meta":{"_genesis_hide_title":false,"_genesis_hide_breadcrumbs":false,"_genesis_hide_singular_image":false,"_genesis_hide_footer_widgets":false,"_genesis_custom_body_class":"","_genesis_custom_post_class":"","_genesis_layout":"","footnotes":""},"class_list":{"0":"post-13744","1":"page","2":"type-page","3":"status-publish","5":"entry"},"_links":{"self":[{"href":"https:\/\/moverdb.com\/et\/wp-json\/wp\/v2\/pages\/13744","targetHints":{"allow":["GET"]}}],"collection":[{"href":"https:\/\/moverdb.com\/et\/wp-json\/wp\/v2\/pages"}],"about":[{"href":"https:\/\/moverdb.com\/et\/wp-json\/wp\/v2\/types\/page"}],"author":[{"embeddable":true,"href":"https:\/\/moverdb.com\/et\/wp-json\/wp\/v2\/users\/1"}],"replies":[{"embeddable":true,"href":"https:\/\/moverdb.com\/et\/wp-json\/wp\/v2\/comments?post=13744"}],"version-history":[{"count":1,"href":"https:\/\/moverdb.com\/et\/wp-json\/wp\/v2\/pages\/13744\/revisions"}],"predecessor-version":[{"id":15809,"href":"https:\/\/moverdb.com\/et\/wp-json\/wp\/v2\/pages\/13744\/revisions\/15809"}],"up":[{"embeddable":true,"href":"https:\/\/moverdb.com\/et\/wp-json\/wp\/v2\/pages\/13427"}],"wp:attachment":[{"href":"https:\/\/moverdb.com\/et\/wp-json\/wp\/v2\/media?parent=13744"}],"curies":[{"name":"wp","href":"https:\/\/api.w.org\/{rel}","templated":true}]}}