{"id":13725,"date":"2023-11-08T15:51:25","date_gmt":"2023-11-08T15:51:25","guid":{"rendered":"https:\/\/moverdb.com\/freight-forwarder\/freight-forwarding-uk\/bradford-freight-forwarder\/"},"modified":"2026-01-08T14:55:27","modified_gmt":"2026-01-08T14:55:27","slug":"bradford-freight-forwarder","status":"publish","type":"page","link":"https:\/\/moverdb.com\/et\/freight-forwarder\/freight-forwarding-uk\/bradford-freight-forwarder\/","title":{"rendered":"11 parimat Bradfordi ekspedeerimisfirmat (2024)"},"content":{"rendered":"<p>J\u00e4rgnevalt vaatleme 11 <em>\"parim\"<\/em> Ekspedeerimisfirmad Bradfordis 23-st.<\/p>\n<p>Lisateavet selle kohta, kuidas me valisime parimad, leiate meie KKK-osa l\u00f5pust.<\/p>\n<p><em>Pange t\u00e4hele, et j\u00e4rgmised nimekirjad ei ole konkreetses j\u00e4rjekorras ja me ei anna soovitusi \u00fchegi konkreetse ettev\u00f5tte kohta.<\/em><\/p>\n<div id=\"ez-toc-container\" class=\"ez-toc-v2_0_82_2 ez-toc-wrap-left counter-hierarchy ez-toc-counter ez-toc-transparent ez-toc-container-direction\">\n<div class=\"ez-toc-title-container\">\n<p class=\"ez-toc-title\" style=\"cursor:inherit\">Jaotised<\/p>\n<span class=\"ez-toc-title-toggle\"><a href=\"#\" class=\"ez-toc-pull-right ez-toc-btn ez-toc-btn-xs ez-toc-btn-default ez-toc-toggle\" aria-label=\"Sisukorra vaheldumine\"><span class=\"ez-toc-js-icon-con\"><span class=\"\"><span class=\"eztoc-hide\" style=\"display:none;\">Toggle<\/span><span class=\"ez-toc-icon-toggle-span\"><svg style=\"fill: #999;color:#999\" xmlns=\"http:\/\/www.w3.org\/2000\/svg\" class=\"list-377408\" width=\"20px\" height=\"20px\" viewbox=\"0 0 24 24\" fill=\"none\"><path d=\"M6 6H4v2h2V6zm14 0H8v2h12V6zM4 11h2v2H4v-2zm16 0H8v2h12v-2zM4 16h2v2H4v-2zm16 0H8v2h12v-2z\" fill=\"currentColor\"><\/path><\/svg><svg style=\"fill: #999;color:#999\" class=\"arrow-unsorted-368013\" xmlns=\"http:\/\/www.w3.org\/2000\/svg\" width=\"10px\" height=\"10px\" viewbox=\"0 0 24 24\" version=\"1.2\" baseprofile=\"tiny\"><path d=\"M18.2 9.3l-6.2-6.3-6.2 6.3c-.2.2-.3.4-.3.7s.1.5.3.7c.2.2.4.3.7.3h11c.3 0 .5-.1.7-.3.2-.2.3-.5.3-.7s-.1-.5-.3-.7zM5.8 14.7l6.2 6.3 6.2-6.3c.2-.2.3-.5.3-.7s-.1-.5-.3-.7c-.2-.2-.4-.3-.7-.3h-11c-.3 0-.5.1-.7.3-.2.2-.3.5-.3.7s.1.5.3.7z\"\/><\/svg><\/span><\/span><\/span><\/a><\/span><\/div>\n<nav><ul class='ez-toc-list ez-toc-list-level-1 eztoc-toggle-hide-by-default' ><li class='ez-toc-page-1 ez-toc-heading-level-2'><a class=\"ez-toc-link ez-toc-heading-1\" href=\"https:\/\/moverdb.com\/et\/freight-forwarder\/freight-forwarding-uk\/bradford-freight-forwarder\/#Rhenus_Logistics_Ltd\" >Rhenus Logistics Ltd<\/a><\/li><li class='ez-toc-page-1 ez-toc-heading-level-2'><a class=\"ez-toc-link ez-toc-heading-2\" href=\"https:\/\/moverdb.com\/et\/freight-forwarder\/freight-forwarding-uk\/bradford-freight-forwarder\/#Vantage_Cargo\" >Vantage Cargo<\/a><\/li><li class='ez-toc-page-1 ez-toc-heading-level-2'><a class=\"ez-toc-link ez-toc-heading-3\" href=\"https:\/\/moverdb.com\/et\/freight-forwarder\/freight-forwarding-uk\/bradford-freight-forwarder\/#A_H_SPRINTERS_LTD\" >A &amp; H SPRINTERS LTD<\/a><\/li><li class='ez-toc-page-1 ez-toc-heading-level-2'><a class=\"ez-toc-link ez-toc-heading-4\" href=\"https:\/\/moverdb.com\/et\/freight-forwarder\/freight-forwarding-uk\/bradford-freight-forwarder\/#Uniexpress_Limited\" >Uniexpress Limited<\/a><\/li><li class='ez-toc-page-1 ez-toc-heading-level-2'><a class=\"ez-toc-link ez-toc-heading-5\" href=\"https:\/\/moverdb.com\/et\/freight-forwarder\/freight-forwarding-uk\/bradford-freight-forwarder\/#Vantage_Trdaing_Ltd\" >Vantage Trdaing Ltd<\/a><\/li><li class='ez-toc-page-1 ez-toc-heading-level-2'><a class=\"ez-toc-link ez-toc-heading-6\" href=\"https:\/\/moverdb.com\/et\/freight-forwarder\/freight-forwarding-uk\/bradford-freight-forwarder\/#Transmec_Bradford\" >Transmec Bradford<\/a><\/li><li class='ez-toc-page-1 ez-toc-heading-level-2'><a class=\"ez-toc-link ez-toc-heading-7\" href=\"https:\/\/moverdb.com\/et\/freight-forwarder\/freight-forwarding-uk\/bradford-freight-forwarder\/#Circle_Express\" >Circle Express<\/a><\/li><li class='ez-toc-page-1 ez-toc-heading-level-2'><a class=\"ez-toc-link ez-toc-heading-8\" href=\"https:\/\/moverdb.com\/et\/freight-forwarder\/freight-forwarding-uk\/bradford-freight-forwarder\/#CMI_Logistics_Ltd\" >CMI Logistics Ltd<\/a><\/li><li class='ez-toc-page-1 ez-toc-heading-level-2'><a class=\"ez-toc-link ez-toc-heading-9\" href=\"https:\/\/moverdb.com\/et\/freight-forwarder\/freight-forwarding-uk\/bradford-freight-forwarder\/#MC_Logistics_Ltd\" >MC Logistics Ltd<\/a><\/li><li class='ez-toc-page-1 ez-toc-heading-level-2'><a class=\"ez-toc-link ez-toc-heading-10\" href=\"https:\/\/moverdb.com\/et\/freight-forwarder\/freight-forwarding-uk\/bradford-freight-forwarder\/#PAK_Asia_Cargo_Services_Ltd\" >PAK Asia Cargo Services Ltd<\/a><\/li><li class='ez-toc-page-1 ez-toc-heading-level-2'><a class=\"ez-toc-link ez-toc-heading-11\" href=\"https:\/\/moverdb.com\/et\/freight-forwarder\/freight-forwarding-uk\/bradford-freight-forwarder\/#Andante_Freight_Ltd\" >Andante Freight Ltd<\/a><\/li><li class='ez-toc-page-1 ez-toc-heading-level-2'><a class=\"ez-toc-link ez-toc-heading-12\" href=\"https:\/\/moverdb.com\/et\/freight-forwarder\/freight-forwarding-uk\/bradford-freight-forwarder\/#How_we_picked_the_best_Bradford_Freight_Forwarding_Companies\" >Kuidas me valisime parimad Bradfordi ekspedeerimisfirmad<\/a><\/li><\/ul><\/nav><\/div>\n<h2><span class=\"ez-toc-section\" id=\"Rhenus_Logistics_Ltd\"><\/span>Rhenus Logistics Ltd<span class=\"ez-toc-section-end\"><\/span><\/h2>\n<p><img decoding=\"async\" src=\"https:\/\/moverdb.com\/wp-content\/uploads\/AF1QipP8m7fh1rLI-Cdro-YIqDmbeTJrEh44sSMMzk_Ww408-h252-k-no.jpg\" alt='Rhenus Logistics Ltd' class=\"aligncenter\"><\/p>\n<p><strong>Ettev\u00f5tte kirjeldus: <\/strong>Pakume kvaliteetseid ja kulut\u00f5husaid kaubaveologistikalahendusi eksportijatele ja importijatele.<\/p>\n<p> Rhenus Logistics on 75 aasta jooksul t\u00f5estanud oma tulemuslikkust ja p\u00fchendunud tulemustele, mis on viinud Rhenus Logisticsi suurettev\u00f5tjana otse maismaaturgudele ja n\u00fc\u00fcd ka t\u00e4iendavate teenuste osutamiseni \u00fclemaailmsetesse sihtkohtadesse.<\/p>\n<p> Meil on kadestamisv\u00e4\u00e4rne maine kiire, paindliku, sagedase ja s\u00f5braliku teeninduse poolest.<\/p>\n<p><strong>T\u00e4iendavad teenused:<\/strong><\/p>\n<p>Jaotusteenus<\/p>\n<p>Logistikateenus<\/p>\n<p>Tarnefirma<\/p>\n<p>Transporditeenus<\/p>\n<p><strong>Aadress:<\/strong> Brighouse Rd, Low Moor, Bradford BD12 0QF<\/p>\n<p><a href=\"https:\/\/www.rhenus.group\/uk\/en\/\" target=\"_new\" rel=\"noopener\">Rhenus Logistics Ltd veebileht<\/a><\/p>\n<p><strong>L\u00e4bivaatamise tulemus: <\/strong>3.4<br \/> <strong>Arvamuste arv:<\/strong> 198<br \/><a href=\"https:\/\/www.google.co.uk\/maps?cid=7795098104302593572&#038;hl=en&#038;gl=GB\" target=\"_new\" rel=\"noopener\">Loe kommentaare<\/a><\/p>\n<h2><span class=\"ez-toc-section\" id=\"Vantage_Cargo\"><\/span>Vantage Cargo<span class=\"ez-toc-section-end\"><\/span><\/h2>\n<p><img decoding=\"async\" src=\"https:\/\/moverdb.com\/wp-content\/uploads\/AF1QipOMzSTB6Cz9m4OeigEXyPbKm33o5qiz1TdMdRMaw408-h306-k-no.jpg\" alt='Vantage Cargo' class=\"aligncenter\"><\/p>\n<p><strong>Ettev\u00f5tte kirjeldus: <\/strong>Ei ole ette n\u00e4htud<\/p>\n<p><strong>T\u00e4iendavad teenused:<\/strong><\/p>\n<p>Ei ole loetletud<\/p>\n<p><strong>Aadress:<\/strong> UNIT 55, Listerhills Science Park, Campus Road, Bradford BD7 1HR<\/p>\n<p><a href=\"http:\/\/www.vantagecargo.com\/\" target=\"_new\" rel=\"noopener\">Vantage Cargo veebisait<\/a><\/p>\n<p><strong>L\u00e4bivaatamise tulemus: <\/strong>4.8<br \/> <strong>Arvamuste arv:<\/strong> 4<br \/><a href=\"https:\/\/www.google.co.uk\/maps?cid=7008974209818324067&#038;hl=en&#038;gl=GB\" target=\"_new\" rel=\"noopener\">Loe kommentaare<\/a><\/p>\n<h2><span class=\"ez-toc-section\" id=\"A_H_SPRINTERS_LTD\"><\/span>A &amp; H SPRINTERS LTD<span class=\"ez-toc-section-end\"><\/span><\/h2>\n<p><img decoding=\"async\" src=\"https:\/\/moverdb.com\/wp-content\/uploads\/thumbnailpanoidy9Te__xK62aTIaec47C1vgcb_clientsearch.gws-prod.gpsw408h240yaw83.jpg\" alt='A &amp; H SPRINTERS LTD' class=\"aligncenter\"><\/p>\n<p><strong>Ettev\u00f5tte kirjeldus: <\/strong>Oleme spetsialiseerunud sama p\u00e4eva ja j\u00e4rgmise p\u00e4eva kullerteenusele kogu riigis. <a href=\"https:\/\/moverdb.com\/et\/moving-to-the-uk\/\" data-internallinksmanager029f6b8e52c=\"93\" title=\"Kolimine \u00dchendkuningriiki? 2022 Elamiskulud ja kolimisn\u00f5uanded\">UK<\/a> ja \u00fcleriigiline, me teenindame b2b l\u00f5ppkasutajateni.<\/p>\n<p>Mida iganes, millal iganes, kus iganes, me saame seda teie jaoks teha vaid \u00fche k\u00f5ne kaugusel.<\/p>\n<p><strong>T\u00e4iendavad teenused:<\/strong><\/p>\n<p>Ei ole loetletud<\/p>\n<p><strong>Aadress:<\/strong> 5 Hedge Cl, Bradford BD8 0AB<\/p>\n<p><a href=\"http:\/\/www.anhsprinters.com\/\" target=\"_new\" rel=\"noopener\">A &amp; H SPRINTERS LTD veebisait<\/a><\/p>\n<p><strong>L\u00e4bivaatamise tulemus: <\/strong>5<br \/> <strong>Arvamuste arv:<\/strong> 5<br \/><a href=\"https:\/\/www.google.co.uk\/maps?cid=16732559495961320132&#038;hl=en&#038;gl=GB\" target=\"_new\" rel=\"noopener\">Loe kommentaare<\/a><\/p>\n<h2><span class=\"ez-toc-section\" id=\"Uniexpress_Limited\"><\/span>Uniexpress Limited<span class=\"ez-toc-section-end\"><\/span><\/h2>\n<p><img decoding=\"async\" src=\"https:\/\/moverdb.com\/wp-content\/uploads\/AF1QipOq-OIQ5ff5uOldLm9v98W1tG4Prt8V98ZgmTtzw662-h240-k-no.jpg\" alt='Uniexpress Limited' class=\"aligncenter\"><\/p>\n<p><strong>Ettev\u00f5tte kirjeldus: <\/strong>Ei ole ette n\u00e4htud<\/p>\n<p><strong>T\u00e4iendavad teenused:<\/strong><\/p>\n<p>Ei ole loetletud<\/p>\n<p><strong>Aadress:<\/strong> Navigation Point, 30 North St, Bradford BD1 4EW<\/p>\n<p><a href=\"https:\/\/uniexpress.co.uk\/\" target=\"_new\" rel=\"noopener\">Uniexpress Limited veebisait<\/a><\/p>\n<p><strong>L\u00e4bivaatamise tulemus: <\/strong>3.7<br \/> <strong>Arvamuste arv:<\/strong> 12<br \/><a href=\"https:\/\/www.google.co.uk\/maps?cid=5416788757439321935&#038;hl=en&#038;gl=GB\" target=\"_new\" rel=\"noopener\">Loe kommentaare<\/a><\/p>\n<h2><span class=\"ez-toc-section\" id=\"Vantage_Trdaing_Ltd\"><\/span>Vantage Trdaing Ltd<span class=\"ez-toc-section-end\"><\/span><\/h2>\n<p><img decoding=\"async\" src=\"https:\/\/moverdb.com\/wp-content\/uploads\/thumbnailpanoidVimcEANIeEE48O1E_Z0xpQcb_clientsearch.gws-prod.gpsw408h240yaw3.jpg\" alt='Vantage Trdaing Ltd' class=\"aligncenter\"><\/p>\n<p><strong>Ettev\u00f5tte kirjeldus: <\/strong>Vantage Tarding ehk Vantage Cargo on usaldusv\u00e4\u00e4rne nimi rahvusvahelise kaubaveo ja tollivormistuse valdkonnas.<\/p>\n<p> Me aitame ekspordi, impordi kaupade pakkudes laevandus- ja tolliteenuseid \u00f5hu-, mere- ja maanteel.<\/p>\n<p><strong>T\u00e4iendavad teenused:<\/strong><\/p>\n<p>Tollin\u00f5ustaja<\/p>\n<p>Logistikateenus<\/p>\n<p><strong>Aadress:<\/strong> Unit 55, Listerhills Science Park, Campus Rd, Bradford BD7 1HR<\/p>\n<p><a href=\"https:\/\/vantagecargo.com\/\" target=\"_new\" rel=\"noopener\">Vantage Trdaing Ltd veebisait<\/a><\/p>\n<p><strong>L\u00e4bivaatamise tulemus: <\/strong>5<br \/> <strong>Arvamuste arv:<\/strong> 1<br \/><a href=\"https:\/\/www.google.co.uk\/maps?cid=8597106068897191230&#038;hl=en&#038;gl=GB\" target=\"_new\" rel=\"noopener\">Loe kommentaare<\/a><\/p>\n<h2><span class=\"ez-toc-section\" id=\"Transmec_Bradford\"><\/span>Transmec Bradford<span class=\"ez-toc-section-end\"><\/span><\/h2>\n<p><img decoding=\"async\" src=\"https:\/\/moverdb.com\/wp-content\/uploads\/AF1QipPBF2gPenbaUEb_Sh61s4APdtFNolsMP3bExFCZw700-h240-k-no.jpg\" alt='Transmec Bradford' class=\"aligncenter\"><\/p>\n<p><strong>Ettev\u00f5tte kirjeldus: <\/strong>Ei ole ette n\u00e4htud<\/p>\n<p><strong>T\u00e4iendavad teenused:<\/strong><\/p>\n<p>Logistikateenus<\/p>\n<p>Tarnefirma<\/p>\n<p>Veoettev\u00f5tte<\/p>\n<p><strong>Aadress:<\/strong> Woodroyd Industrial Estate, Dealburn Rd, Low Moor, Bradford BD12 0RG<\/p>\n<p><a href=\"http:\/\/www.transmecgroup.com\/\" target=\"_new\" rel=\"noopener\">Transmec Bradfordi veebisait<\/a><\/p>\n<p><strong>L\u00e4bivaatamise tulemus: <\/strong>4.6<br \/> <strong>Arvamuste arv:<\/strong> 63<br \/><a href=\"https:\/\/www.google.co.uk\/maps?cid=15368583186989161569&#038;hl=en&#038;gl=GB\" target=\"_new\" rel=\"noopener\">Loe kommentaare<\/a><\/p>\n<h2><span class=\"ez-toc-section\" id=\"Circle_Express\"><\/span>Circle Express<span class=\"ez-toc-section-end\"><\/span><\/h2>\n<p><img decoding=\"async\" src=\"https:\/\/moverdb.com\/wp-content\/uploads\/thumbnailpanoidvlSehEvrEl7hsC1_SDqKywcb_clientsearch.gws-prod.gpsw408h240yaw240.jpg\" alt='Circle Express' class=\"aligncenter\"><\/p>\n<p><strong>Ettev\u00f5tte kirjeldus: <\/strong>Ei ole ette n\u00e4htud<\/p>\n<p><strong>T\u00e4iendavad teenused:<\/strong><\/p>\n<p>Logistika<\/p>\n<p><strong>Aadress:<\/strong> 8 Wharfedale Rd, Euroway Industrial Estate, Bradford BD4 6SG<\/p>\n<p><a href=\"https:\/\/www.circleexpress.co.uk\/\" target=\"_new\" rel=\"noopener\">Circle Expressi veebisait<\/a><\/p>\n<p><strong>L\u00e4bivaatamise tulemus: <\/strong>2.6<br \/> <strong>Arvamuste arv:<\/strong> 5<br \/><a href=\"https:\/\/www.google.co.uk\/maps?cid=11390195525846399046&#038;hl=en&#038;gl=GB\" target=\"_new\" rel=\"noopener\">Loe kommentaare<\/a><\/p>\n<h2><span class=\"ez-toc-section\" id=\"CMI_Logistics_Ltd\"><\/span>CMI Logistics Ltd<span class=\"ez-toc-section-end\"><\/span><\/h2>\n<p><img decoding=\"async\" src=\"https:\/\/moverdb.com\/wp-content\/uploads\/AF1QipN2BTmrtNkRm59mHNRraJcrdIaG2ZqSk6Js9AWew408-h306-k-no.jpg\" alt='CMI Logistics Ltd' class=\"aligncenter\"><\/p>\n<p><strong>Ettev\u00f5tte kirjeldus: <\/strong>Rahvusvaheline <a href=\"https:\/\/moverdb.com\/et\/freight-forwarder\/\" data-internallinksmanager029f6b8e52c=\"17\" title=\"Ekspedeerija ja NVOCC rahvusvaheliste kulude ja ettev\u00f5tete juhend\">Ekspediitor<\/a><\/p>\n<p><strong>T\u00e4iendavad teenused:<\/strong><\/p>\n<p>Kullerteenus<\/p>\n<p>Tollimaakler<\/p>\n<p>Impordi-ekspordiettev\u00f5te<\/p>\n<p>Logistikateenus<\/p>\n<p>Tarnefirma<\/p>\n<p>Veoteenus<\/p>\n<p>Ladu<\/p>\n<p><strong>Aadress:<\/strong> Sapphire House, Albion Rd, Greengates, Bradford BD10 9TQ<\/p>\n<p><a href=\"http:\/\/www.cmilogistics.co.uk\/\" target=\"_new\" rel=\"noopener\">CMI Logistics Ltd veebisait<\/a><\/p>\n<p><strong>L\u00e4bivaatamise tulemus: <\/strong>4.2<br \/> <strong>Arvamuste arv:<\/strong> 11<br \/><a href=\"https:\/\/www.google.co.uk\/maps?cid=5455479875644729029&#038;hl=en&#038;gl=GB\" target=\"_new\" rel=\"noopener\">Loe kommentaare<\/a><\/p>\n<h2><span class=\"ez-toc-section\" id=\"MC_Logistics_Ltd\"><\/span>MC Logistics Ltd<span class=\"ez-toc-section-end\"><\/span><\/h2>\n<p><img decoding=\"async\" src=\"https:\/\/moverdb.com\/wp-content\/uploads\/AF1QipMCm8X_Y7UGF0mp1-QAdWai80hmi62wH09t-OWfw408-h306-k-no.jpg\" alt='MC Logistics Ltd' class=\"aligncenter\"><\/p>\n<p><strong>Ettev\u00f5tte kirjeldus: <\/strong>Ei ole ette n\u00e4htud<\/p>\n<p><strong>T\u00e4iendavad teenused:<\/strong><\/p>\n<p>Pakendiettev\u00f5tjad ja -teenused<\/p>\n<p>Tarnefirma<\/p>\n<p><strong>Aadress:<\/strong> MacLean House, New Works Rd, Low Moor, Bradford BD12 0LZ<\/p>\n<p><a href=\"http:\/\/www.mc3logistics.com\/\" target=\"_new\" rel=\"noopener\">MC Logistics Ltd veebileht<\/a><\/p>\n<p><strong>L\u00e4bivaatamise tulemus: <\/strong>4<br \/> <strong>Arvamuste arv:<\/strong> 3<br \/><a href=\"https:\/\/www.google.co.uk\/maps?cid=5476343764991484590&#038;hl=en&#038;gl=GB\" target=\"_new\" rel=\"noopener\">Loe kommentaare<\/a><\/p>\n<h2><span class=\"ez-toc-section\" id=\"PAK_Asia_Cargo_Services_Ltd\"><\/span>PAK Asia Cargo Services Ltd<span class=\"ez-toc-section-end\"><\/span><\/h2>\n<p><img decoding=\"async\" src=\"https:\/\/moverdb.com\/wp-content\/uploads\/AF1QipMJr3orvg_FkMHKiznDoJJ8VHIXtHIfDw3Fxf4yw426-h240-k-no.jpg\" alt='PAK Asia Cargo Services Ltd' class=\"aligncenter\"><\/p>\n<p><strong>Ettev\u00f5tte kirjeldus: <\/strong>last Pakistani<\/p>\n<p><strong>T\u00e4iendavad teenused:<\/strong><\/p>\n<p>Ei ole loetletud<\/p>\n<p><strong>Aadress:<\/strong> 74A Lumb Ln, Bradford BD8 8JZ<\/p>\n<p><a href=\"http:\/\/www.pakasiacargoservice.co.uk\/\" target=\"_new\" rel=\"noopener\">PAK Asia Cargo Services Ltd veebisait<\/a><\/p>\n<p><strong>L\u00e4bivaatamise tulemus: <\/strong>4<br \/> <strong>Arvamuste arv:<\/strong> 4<br \/><a href=\"https:\/\/www.google.co.uk\/maps?cid=14078454204797251788&#038;hl=en&#038;gl=GB\" target=\"_new\" rel=\"noopener\">Loe kommentaare<\/a><\/p>\n<h2><span class=\"ez-toc-section\" id=\"Andante_Freight_Ltd\"><\/span>Andante Freight Ltd<span class=\"ez-toc-section-end\"><\/span><\/h2>\n<p><img decoding=\"async\" src=\"https:\/\/moverdb.com\/wp-content\/uploads\/thumbnailpanoidCDa-NU-iq_6I0XBrpsKeawcb_clientsearch.gws-prod.gpsw408h240yaw157.jpg\" alt='Andante Freight Ltd' class=\"aligncenter\"><\/p>\n<p><strong>Ettev\u00f5tte kirjeldus: <\/strong>Ei ole ette n\u00e4htud<\/p>\n<p><strong>T\u00e4iendavad teenused:<\/strong><\/p>\n<p>Tarnefirma<\/p>\n<p>Transporditeenus<\/p>\n<p><strong>Aadress:<\/strong> 183 Thornton Rd, Bradford BD1 2JD<\/p>\n<p><a href=\"http:\/\/www.andantefreight.com\/\" target=\"_new\" rel=\"noopener\">Andante Freight Ltd veebisait<\/a><\/p>\n<p><strong>L\u00e4bivaatamise tulemus: <\/strong>4.1<br \/> <strong>Arvamuste arv:<\/strong> 27<br \/><a href=\"https:\/\/www.google.co.uk\/maps?cid=15644654208551577984&#038;hl=en&#038;gl=GB\" target=\"_new\" rel=\"noopener\">Loe kommentaare<\/a><\/p>\n<h2><span class=\"ez-toc-section\" id=\"How_we_picked_the_best_Bradford_Freight_Forwarding_Companies\"><\/span>Kuidas me valisime parimad Bradfordi ekspedeerimisfirmad<span class=\"ez-toc-section-end\"><\/span><\/h2>\n<p>Alustasime 23 Bradfordi ekspedeerimisettev\u00f5tte andmestikust, mille leidsime Google Mapsi kaudu, ja kitsendasime selle 11 parimaks.<\/p>\n<p>Selleks eemaldasime k\u00f5ik ettev\u00f5tted, mis:<\/p>\n<ul>\n<li> Ei olnud veebilehte<\/li>\n<li> Ei olnud kommentaare<\/li>\n<li> Keskmine hinde oli alla 2,0<\/li>\n<\/ul>\n<p>Sel hetkel, kui meil oli 17 v\u00f5i v\u00e4hem ekspediitorit, loetlesime nad k\u00f5ik \u00fcles.<\/p>\n<p>Linnade puhul, kus meil j\u00e4i \u00fcle 17 saatja, tegime edasisi muudatusi, suurendades kas n\u00f5utavat hindamist (nt t\u00f5stes minimaalse hinde 2,0-lt 4,0-le) ja\/v\u00f5i suurendades n\u00f5utavate hindamiste minimaalset arvu (nt t\u00f5stes v\u00e4hemalt 1 hindamiselt v\u00e4hemalt 10-le).<\/p>\n<p>Pange t\u00e4hele, et me kasutasime ainult Google Maps'i \u00fclevaatuste andmeid, mitte muid kolmandate osapoolte veebisaite.<\/p>\n<p>Rohkem linnu:<\/p>\n<p><a href=\"https:\/\/moverdb.com\/et\/ekspediitor\/freight-forwarding-uk\/derby-freight-forwarder\/\">Derby ekspediitor<\/a><br \/><a href=\"https:\/\/moverdb.com\/et\/ekspediitor\/freight-forwarding-uk\/southall-freight-forwarder\/\">Southall ekspediitor<\/a><br \/><a href=\"https:\/\/moverdb.com\/et\/ekspediitor\/freight-forwarding-uk\/coventry-freight-forwarder\/\">Coventry ekspediitor<\/a><br \/><a href=\"https:\/\/moverdb.com\/et\/ekspediitor\/freight-forwarding-uk\/west-drayton-freight-forwarder\/\">West Draytoni ekspediitor<\/a><br \/><a href=\"https:\/\/moverdb.com\/et\/ekspediitor\/freight-forwarding-uk\/glasgow-freight-forwarder\/\">Glasgow ekspediitor<\/a><\/p>","protected":false},"excerpt":{"rendered":"<p>Below we look at the 11 &#8220;best&#8221; Freight Forwarding companies in Bradford out of 23. To learn more about how we chose the best please consult our FAQ section at the end. Please not the following listings are in no particular order and we are not making any recommendations for any particular company. Rhenus Logistics [&hellip;]<\/p>\n","protected":false},"author":1,"featured_media":0,"parent":13427,"menu_order":0,"comment_status":"open","ping_status":"open","template":"","meta":{"_genesis_hide_title":false,"_genesis_hide_breadcrumbs":false,"_genesis_hide_singular_image":false,"_genesis_hide_footer_widgets":false,"_genesis_custom_body_class":"","_genesis_custom_post_class":"","_genesis_layout":"","footnotes":""},"class_list":{"0":"post-13725","1":"page","2":"type-page","3":"status-publish","5":"entry"},"_links":{"self":[{"href":"https:\/\/moverdb.com\/et\/wp-json\/wp\/v2\/pages\/13725","targetHints":{"allow":["GET"]}}],"collection":[{"href":"https:\/\/moverdb.com\/et\/wp-json\/wp\/v2\/pages"}],"about":[{"href":"https:\/\/moverdb.com\/et\/wp-json\/wp\/v2\/types\/page"}],"author":[{"embeddable":true,"href":"https:\/\/moverdb.com\/et\/wp-json\/wp\/v2\/users\/1"}],"replies":[{"embeddable":true,"href":"https:\/\/moverdb.com\/et\/wp-json\/wp\/v2\/comments?post=13725"}],"version-history":[{"count":1,"href":"https:\/\/moverdb.com\/et\/wp-json\/wp\/v2\/pages\/13725\/revisions"}],"predecessor-version":[{"id":15681,"href":"https:\/\/moverdb.com\/et\/wp-json\/wp\/v2\/pages\/13725\/revisions\/15681"}],"up":[{"embeddable":true,"href":"https:\/\/moverdb.com\/et\/wp-json\/wp\/v2\/pages\/13427"}],"wp:attachment":[{"href":"https:\/\/moverdb.com\/et\/wp-json\/wp\/v2\/media?parent=13725"}],"curies":[{"name":"wp","href":"https:\/\/api.w.org\/{rel}","templated":true}]}}