{"id":13654,"date":"2023-11-08T15:51:25","date_gmt":"2023-11-08T15:51:25","guid":{"rendered":"https:\/\/moverdb.com\/freight-forwarder\/freight-forwarding-uk\/dover-freight-forwarder\/"},"modified":"2026-01-08T14:55:33","modified_gmt":"2026-01-08T14:55:33","slug":"dover-freight-forwarder","status":"publish","type":"page","link":"https:\/\/moverdb.com\/et\/freight-forwarder\/freight-forwarding-uk\/dover-freight-forwarder\/","title":{"rendered":"12 parimat Doveri ekspedeerimisfirmat (2024)"},"content":{"rendered":"<p>J\u00e4rgnevalt vaatleme 12 <em>\"parim\"<\/em> Ekspedeerimisfirmad Doveris 25-st.<\/p>\n<p>Lisateavet selle kohta, kuidas me valisime parimad, leiate meie KKK-osa l\u00f5pust.<\/p>\n<p><em>Pange t\u00e4hele, et j\u00e4rgmised nimekirjad ei ole konkreetses j\u00e4rjekorras ja me ei anna soovitusi \u00fchegi konkreetse ettev\u00f5tte kohta.<\/em><\/p>\n<div id=\"ez-toc-container\" class=\"ez-toc-v2_0_82_2 ez-toc-wrap-left counter-hierarchy ez-toc-counter ez-toc-transparent ez-toc-container-direction\">\n<div class=\"ez-toc-title-container\">\n<p class=\"ez-toc-title\" style=\"cursor:inherit\">Jaotised<\/p>\n<span class=\"ez-toc-title-toggle\"><a href=\"#\" class=\"ez-toc-pull-right ez-toc-btn ez-toc-btn-xs ez-toc-btn-default ez-toc-toggle\" aria-label=\"Sisukorra vaheldumine\"><span class=\"ez-toc-js-icon-con\"><span class=\"\"><span class=\"eztoc-hide\" style=\"display:none;\">Toggle<\/span><span class=\"ez-toc-icon-toggle-span\"><svg style=\"fill: #999;color:#999\" xmlns=\"http:\/\/www.w3.org\/2000\/svg\" class=\"list-377408\" width=\"20px\" height=\"20px\" viewbox=\"0 0 24 24\" fill=\"none\"><path d=\"M6 6H4v2h2V6zm14 0H8v2h12V6zM4 11h2v2H4v-2zm16 0H8v2h12v-2zM4 16h2v2H4v-2zm16 0H8v2h12v-2z\" fill=\"currentColor\"><\/path><\/svg><svg style=\"fill: #999;color:#999\" class=\"arrow-unsorted-368013\" xmlns=\"http:\/\/www.w3.org\/2000\/svg\" width=\"10px\" height=\"10px\" viewbox=\"0 0 24 24\" version=\"1.2\" baseprofile=\"tiny\"><path d=\"M18.2 9.3l-6.2-6.3-6.2 6.3c-.2.2-.3.4-.3.7s.1.5.3.7c.2.2.4.3.7.3h11c.3 0 .5-.1.7-.3.2-.2.3-.5.3-.7s-.1-.5-.3-.7zM5.8 14.7l6.2 6.3 6.2-6.3c.2-.2.3-.5.3-.7s-.1-.5-.3-.7c-.2-.2-.4-.3-.7-.3h-11c-.3 0-.5.1-.7.3-.2.2-.3.5-.3.7s.1.5.3.7z\"\/><\/svg><\/span><\/span><\/span><\/a><\/span><\/div>\n<nav><ul class='ez-toc-list ez-toc-list-level-1 eztoc-toggle-hide-by-default' ><li class='ez-toc-page-1 ez-toc-heading-level-2'><a class=\"ez-toc-link ez-toc-heading-1\" href=\"https:\/\/moverdb.com\/et\/freight-forwarder\/freight-forwarding-uk\/dover-freight-forwarder\/#DHL_Freight\" >DHL Freight<\/a><\/li><li class='ez-toc-page-1 ez-toc-heading-level-2'><a class=\"ez-toc-link ez-toc-heading-2\" href=\"https:\/\/moverdb.com\/et\/freight-forwarder\/freight-forwarding-uk\/dover-freight-forwarder\/#Global_Freight_Connections_Ltd\" >Global Freight Connections Ltd<\/a><\/li><li class='ez-toc-page-1 ez-toc-heading-level-2'><a class=\"ez-toc-link ez-toc-heading-3\" href=\"https:\/\/moverdb.com\/et\/freight-forwarder\/freight-forwarding-uk\/dover-freight-forwarder\/#JSA_GLOBAL_LTD_DOVER\" >JSA GLOBAL LTD DOVER<\/a><\/li><li class='ez-toc-page-1 ez-toc-heading-level-2'><a class=\"ez-toc-link ez-toc-heading-4\" href=\"https:\/\/moverdb.com\/et\/freight-forwarder\/freight-forwarding-uk\/dover-freight-forwarder\/#Comfret_TTD_Ltd\" >Comfret TTD Ltd<\/a><\/li><li class='ez-toc-page-1 ez-toc-heading-level-2'><a class=\"ez-toc-link ez-toc-heading-5\" href=\"https:\/\/moverdb.com\/et\/freight-forwarder\/freight-forwarding-uk\/dover-freight-forwarder\/#Freight_Direct_Ltd\" >Freight Direct Ltd<\/a><\/li><li class='ez-toc-page-1 ez-toc-heading-level-2'><a class=\"ez-toc-link ez-toc-heading-6\" href=\"https:\/\/moverdb.com\/et\/freight-forwarder\/freight-forwarding-uk\/dover-freight-forwarder\/#Clearfr8_Ltd_Customs_Clearance_Logistics\" >Clearfr8 Ltd tollivormistus ja logistika<\/a><\/li><li class='ez-toc-page-1 ez-toc-heading-level-2'><a class=\"ez-toc-link ez-toc-heading-7\" href=\"https:\/\/moverdb.com\/et\/freight-forwarder\/freight-forwarding-uk\/dover-freight-forwarder\/#Eurolink_Services_Ltd\" >Eurolink Services Ltd<\/a><\/li><li class='ez-toc-page-1 ez-toc-heading-level-2'><a class=\"ez-toc-link ez-toc-heading-8\" href=\"https:\/\/moverdb.com\/et\/freight-forwarder\/freight-forwarding-uk\/dover-freight-forwarder\/#FS_Mackenzie_Ltd\" >F.S. Mackenzie Ltd<\/a><\/li><li class='ez-toc-page-1 ez-toc-heading-level-2'><a class=\"ez-toc-link ez-toc-heading-9\" href=\"https:\/\/moverdb.com\/et\/freight-forwarder\/freight-forwarding-uk\/dover-freight-forwarder\/#COYOTE_Logistics_UK\" >COYOTE Logistics (\u00dchendkuningriik)<\/a><\/li><li class='ez-toc-page-1 ez-toc-heading-level-2'><a class=\"ez-toc-link ez-toc-heading-10\" href=\"https:\/\/moverdb.com\/et\/freight-forwarder\/freight-forwarding-uk\/dover-freight-forwarder\/#Clear_Fr8_Limited\" >Selge Fr8 Limited<\/a><\/li><li class='ez-toc-page-1 ez-toc-heading-level-2'><a class=\"ez-toc-link ez-toc-heading-11\" href=\"https:\/\/moverdb.com\/et\/freight-forwarder\/freight-forwarding-uk\/dover-freight-forwarder\/#Sitra_UK_Ltd\" >Sitra UK Ltd<\/a><\/li><li class='ez-toc-page-1 ez-toc-heading-level-2'><a class=\"ez-toc-link ez-toc-heading-12\" href=\"https:\/\/moverdb.com\/et\/freight-forwarder\/freight-forwarding-uk\/dover-freight-forwarder\/#Priority_Freight\" >Prioriteetne kaubavedu<\/a><\/li><li class='ez-toc-page-1 ez-toc-heading-level-2'><a class=\"ez-toc-link ez-toc-heading-13\" href=\"https:\/\/moverdb.com\/et\/freight-forwarder\/freight-forwarding-uk\/dover-freight-forwarder\/#How_we_picked_the_best_Dover_Freight_Forwarding_Companies\" >Kuidas me valisime parimad Doveri ekspedeerimisfirmad<\/a><\/li><\/ul><\/nav><\/div>\n<h2><span class=\"ez-toc-section\" id=\"DHL_Freight\"><\/span>DHL Freight<span class=\"ez-toc-section-end\"><\/span><\/h2>\n<p><img decoding=\"async\" src=\"https:\/\/moverdb.com\/wp-content\/uploads\/thumbnailpanoidhyIMg0p_vRkaauSQ64sAmwcb_clientsearch.gws-prod.gpsw408h240yaw243.jpg\" alt='DHL Freight' class=\"aligncenter\"><\/p>\n<p><strong>Ettev\u00f5tte kirjeldus: <\/strong>Ei ole ette n\u00e4htud<\/p>\n<p><strong>T\u00e4iendavad teenused:<\/strong><\/p>\n<p>Ei ole loetletud<\/p>\n<p><strong>Aadress:<\/strong> Charlton House, Dour St, Dover CT16 1AT, <a href=\"https:\/\/moverdb.com\/et\/moving-to-the-uk\/\" data-internallinksmanager029f6b8e52c=\"93\" title=\"Kolimine \u00dchendkuningriiki? 2022 Elamiskulud ja kolimisn\u00f5uanded\">\u00dchendkuningriik<\/a><\/p>\n<p><a href=\"http:\/\/www.dhl.co.uk\/freight\" target=\"_new\" rel=\"noopener\">DHL Freight veebisait<\/a><\/p>\n<p><strong>L\u00e4bivaatamise tulemus: <\/strong>5<br \/> <strong>Arvamuste arv:<\/strong> 2<br \/><a href=\"https:\/\/www.google.fr\/maps?cid=8689316315570098281&#038;hl=en&#038;gl=FR\" target=\"_new\" rel=\"noopener\">Loe kommentaare<\/a><\/p>\n<h2><span class=\"ez-toc-section\" id=\"Global_Freight_Connections_Ltd\"><\/span>Global Freight Connections Ltd<span class=\"ez-toc-section-end\"><\/span><\/h2>\n<p><img decoding=\"async\" src=\"https:\/\/moverdb.com\/wp-content\/uploads\/AF1QipMGVrsQ6MvlRYJcMBYXdSS9D9g3rWx0v5MjAGilw408-h408-k-no.jpg\" alt='Global Freight Connections Ltd' class=\"aligncenter\"><\/p>\n<p><strong>Ettev\u00f5tte kirjeldus: <\/strong>GFC asutas 2002. aastal tegevdirektor Paul Marshall.<\/p>\n<p> Alates meie loomisest oleme kasvanud suuruselt ja mainelt juhtivaks s\u00f5ltumatuks <a href=\"https:\/\/moverdb.com\/et\/freight-forwarder\/\" data-internallinksmanager029f6b8e52c=\"17\" title=\"Ekspedeerija ja NVOCC rahvusvaheliste kulude ja ettev\u00f5tete juhend\">ekspediitor<\/a> tuntud ja tunnustatud kogu t\u00f6\u00f6stusharus professionaalse ja usaldusv\u00e4\u00e4rse teenuse osutamise eest, s\u00e4ilitades samal ajal k\u00f5ik need olulised isiklikud suhted meie klientidega.<\/p>\n<p>GFC edu on saavutanud v\u00e4ga kogenud ja p\u00fchendunud meeskond, kes teeb koost\u00f6\u00f6d, et s\u00e4ilitada k\u00f5rgeid standardeid, mida meie kliendid ootavad, koos \u00fclemaailmsete, k\u00e4sitsi valitud esindajate ja partnerite v\u00f5rgustikuga, mis v\u00f5imaldab. <a href=\"https:\/\/moverdb.com\/et\/moving-to-the-united-states\/\" data-internallinksmanager029f6b8e52c=\"94\" title=\"Kolimine Ameerika \u00dchendriikidesse? 2022 Elamiskulud ja kolimisn\u00f5uanded\">us<\/a> pakkuda esmaklassilist, \u00fclemaailmset teenust.<\/p>\n<p><strong>T\u00e4iendavad teenused:<\/strong><\/p>\n<p>Ei ole loetletud<\/p>\n<p><strong>Aadress:<\/strong> Poulton Business Park, Poulton Cl, Dover CT17 0HL<\/p>\n<p><a href=\"https:\/\/www.gfc-group.co.uk\/\" target=\"_new\" rel=\"noopener\">Global Freight Connections Ltd veebisait<\/a><\/p>\n<p><strong>L\u00e4bivaatamise tulemus: <\/strong>5<br \/> <strong>Arvamuste arv:<\/strong> 1<br \/><a href=\"https:\/\/www.google.co.uk\/maps?cid=5202575149502542298&#038;hl=en&#038;gl=GB\" target=\"_new\" rel=\"noopener\">Loe kommentaare<\/a><\/p>\n<h2><span class=\"ez-toc-section\" id=\"JSA_GLOBAL_LTD_DOVER\"><\/span>JSA GLOBAL LTD DOVER<span class=\"ez-toc-section-end\"><\/span><\/h2>\n<p><img decoding=\"async\" src=\"https:\/\/moverdb.com\/wp-content\/uploads\/thumbnailpanoidej2wXG3j1YMIc4VZMkXnFQcb_clientsearch.gws-prod.gpsw408h240yaw84.jpg\" alt='JSA GLOBAL LTD DOVER' class=\"aligncenter\"><\/p>\n<p><strong>Ettev\u00f5tte kirjeldus: <\/strong>Ei ole ette n\u00e4htud<\/p>\n<p><strong>T\u00e4iendavad teenused:<\/strong><\/p>\n<p>Ei ole loetletud<\/p>\n<p><strong>Aadress:<\/strong> Lord Warden Square, Dover CT17 9EH<\/p>\n<p><a href=\"http:\/\/www.jsaglobal.com\/home\" target=\"_new\" rel=\"noopener\">JSA GLOBAL LTD DOVERi veebisait<\/a><\/p>\n<p><strong>L\u00e4bivaatamise tulemus: <\/strong>4<br \/> <strong>Arvamuste arv:<\/strong> 3<br \/><a href=\"https:\/\/www.google.co.uk\/maps?cid=8521773904523701803&#038;hl=en&#038;gl=GB\" target=\"_new\" rel=\"noopener\">Loe kommentaare<\/a><\/p>\n<h2><span class=\"ez-toc-section\" id=\"Comfret_TTD_Ltd\"><\/span>Comfret TTD Ltd<span class=\"ez-toc-section-end\"><\/span><\/h2>\n<p><img decoding=\"async\" src=\"https:\/\/moverdb.com\/wp-content\/uploads\/thumbnailpanoidAbR95c620APvNEPVFZYCnQcb_clientsearch.gws-prod.gpsw408h240yaw89.jpg\" alt='Comfret TTD Ltd' class=\"aligncenter\"><\/p>\n<p><strong>Ettev\u00f5tte kirjeldus: <\/strong>Ei ole ette n\u00e4htud<\/p>\n<p><strong>T\u00e4iendavad teenused:<\/strong><\/p>\n<p>Ei ole loetletud<\/p>\n<p><strong>Aadress:<\/strong> White Cliffs Business Centre, Honeywood Road, Whitfield, Dover CT16 3EH<\/p>\n<p><a href=\"https:\/\/www.comfret-ttd.com\/\" target=\"_new\" rel=\"noopener\">Comfret TTD Ltd veebisait<\/a><\/p>\n<p><strong>L\u00e4bivaatamise tulemus: <\/strong>5<br \/> <strong>Arvamuste arv:<\/strong> 1<br \/><a href=\"https:\/\/www.google.co.uk\/maps?cid=11232541911890760340&#038;hl=en&#038;gl=GB\" target=\"_new\" rel=\"noopener\">Loe kommentaare<\/a><\/p>\n<h2><span class=\"ez-toc-section\" id=\"Freight_Direct_Ltd\"><\/span>Freight Direct Ltd<span class=\"ez-toc-section-end\"><\/span><\/h2>\n<p><img decoding=\"async\" src=\"https:\/\/moverdb.com\/wp-content\/uploads\/thumbnailpanoidS2dNWLK7C9yxbDvnlWEjEwcb_clientsearch.gws-prod.gpsw408h240yaw54.jpg\" alt='Freight Direct Ltd' class=\"aligncenter\"><\/p>\n<p><strong>Ettev\u00f5tte kirjeldus: <\/strong>Ei ole ette n\u00e4htud<\/p>\n<p><strong>T\u00e4iendavad teenused:<\/strong><\/p>\n<p>Ei ole loetletud<\/p>\n<p><strong>Aadress:<\/strong> Honeywood House, 1A, Honeywood Rd, Whitfield, Dover CT16 3EH<\/p>\n<p><a href=\"http:\/\/www.freightdirectuk.com\/\" target=\"_new\" rel=\"noopener\">Freight Direct Ltd veebisait<\/a><\/p>\n<p><strong>L\u00e4bivaatamise tulemus: <\/strong>5<br \/> <strong>Arvamuste arv:<\/strong> 1<br \/><a href=\"https:\/\/www.google.co.uk\/maps?cid=14905862351930954093&#038;hl=en&#038;gl=GB\" target=\"_new\" rel=\"noopener\">Loe kommentaare<\/a><\/p>\n<h2><span class=\"ez-toc-section\" id=\"Clearfr8_Ltd_Customs_Clearance_Logistics\"><\/span>Clearfr8 Ltd tollivormistus ja logistika<span class=\"ez-toc-section-end\"><\/span><\/h2>\n<p><img decoding=\"async\" src=\"https:\/\/moverdb.com\/wp-content\/uploads\/thumbnailpanoidAaLYoxrdlEiAML_EHwEfLgcb_clientsearch.gws-prod.gpsw408h240yaw274.jpg\" alt='Clearfr8 Ltd tollivormistus ja logistika' class=\"aligncenter\"><\/p>\n<p><strong>Ettev\u00f5tte kirjeldus: <\/strong>Ei ole ette n\u00e4htud<\/p>\n<p><strong>T\u00e4iendavad teenused:<\/strong><\/p>\n<p>Tollimaakler<\/p>\n<p>Jaotusteenus<\/p>\n<p>Ladu<\/p>\n<p><strong>Aadress:<\/strong> Clear Fr8 Limited, Hammond House, Limekiln St, Dover CT17 9EF<\/p>\n<p><a href=\"http:\/\/www.clearfr8.com\/\" target=\"_new\" rel=\"noopener\">Clearfr8 Ltd tollivormistuse ja logistika veebileht<\/a><\/p>\n<p><strong>L\u00e4bivaatamise tulemus: <\/strong>5<br \/> <strong>Arvamuste arv:<\/strong> 1<br \/><a href=\"https:\/\/www.google.co.uk\/maps?cid=5654440680659315796&#038;hl=en&#038;gl=GB\" target=\"_new\" rel=\"noopener\">Loe kommentaare<\/a><\/p>\n<h2><span class=\"ez-toc-section\" id=\"Eurolink_Services_Ltd\"><\/span>Eurolink Services Ltd<span class=\"ez-toc-section-end\"><\/span><\/h2>\n<p><img decoding=\"async\" src=\"https:\/\/moverdb.com\/wp-content\/uploads\/thumbnailpanoidJBG7V8Fd5MK_7iAZ-38tNwcb_clientsearch.gws-prod.gpsw408h240yaw83.jpg\" alt='Eurolink Services Ltd' class=\"aligncenter\"><\/p>\n<p><strong>Ettev\u00f5tte kirjeldus: <\/strong>Ei ole ette n\u00e4htud<\/p>\n<p><strong>T\u00e4iendavad teenused:<\/strong><\/p>\n<p>Ei ole loetletud<\/p>\n<p><strong>Aadress:<\/strong> Mezzanine Floor, Lord Warden House, 22 24 Lord Warden Square, Dover CT17 9EQ<\/p>\n<p><a href=\"http:\/\/www.eurolinkservices.co.uk\/\" target=\"_new\" rel=\"noopener\">Eurolink Services Ltd veebileht<\/a><\/p>\n<p><strong>L\u00e4bivaatamise tulemus: <\/strong>5<br \/> <strong>Arvamuste arv:<\/strong> 1<br \/><a href=\"https:\/\/www.google.co.uk\/maps?cid=4330724897310804793&#038;hl=en&#038;gl=GB\" target=\"_new\" rel=\"noopener\">Loe kommentaare<\/a><\/p>\n<h2><span class=\"ez-toc-section\" id=\"FS_Mackenzie_Ltd\"><\/span>F.S. Mackenzie Ltd<span class=\"ez-toc-section-end\"><\/span><\/h2>\n<p><img decoding=\"async\" src=\"https:\/\/moverdb.com\/wp-content\/uploads\/thumbnailpanoidQeKKdycD6JvMEUMtwmvKdgcb_clientsearch.gws-prod.gpsw408h240yaw207.jpg\" alt='F.S. Mackenzie Ltd' class=\"aligncenter\"><\/p>\n<p><strong>Ettev\u00f5tte kirjeldus: <\/strong>\u00dclemaailmsete kaubaveolahenduste pakkumine<\/p>\n<p><strong>T\u00e4iendavad teenused:<\/strong><\/p>\n<p>Ei ole loetletud<\/p>\n<p><strong>Aadress:<\/strong> Poulton Cl, Dover CT17 0HL<\/p>\n<p><a href=\"http:\/\/www.fsmac.com\/\" target=\"_new\" rel=\"noopener\">F.S. Mackenzie Ltd veebisait<\/a><\/p>\n<p><strong>L\u00e4bivaatamise tulemus: <\/strong>5<br \/> <strong>Arvamuste arv:<\/strong> 1<br \/><a href=\"https:\/\/www.google.co.uk\/maps?cid=11366469388786379796&#038;hl=en&#038;gl=GB\" target=\"_new\" rel=\"noopener\">Loe kommentaare<\/a><\/p>\n<h2><span class=\"ez-toc-section\" id=\"COYOTE_Logistics_UK\"><\/span>COYOTE Logistics (\u00dchendkuningriik)<span class=\"ez-toc-section-end\"><\/span><\/h2>\n<p><img decoding=\"async\" src=\"https:\/\/moverdb.com\/wp-content\/uploads\/AF1QipMgBiMHtiTU_WOBKJlCNciXJxwEO0sZDTZCWR6qw426-h240-k-no.jpg\" alt='COYOTE Logistics (\u00dchendkuningriik)' class=\"aligncenter\"><\/p>\n<p><strong>Ettev\u00f5tte kirjeldus: <\/strong>Ei ole ette n\u00e4htud<\/p>\n<p><strong>T\u00e4iendavad teenused:<\/strong><\/p>\n<p>Ei ole loetletud<\/p>\n<p><strong>Aadress:<\/strong> Viies korrus Maybrook House, Queens Gardens, Dover CT17 9AH<\/p>\n<p><a href=\"https:\/\/www.coyotelogistics.com\/\" target=\"_new\" rel=\"noopener\">COYOTE Logistics (UK) veebileht<\/a><\/p>\n<p><strong>L\u00e4bivaatamise tulemus: <\/strong>4.2<br \/> <strong>Arvamuste arv:<\/strong> 6<br \/><a href=\"https:\/\/www.google.co.uk\/maps?cid=6956996484917909858&#038;hl=en&#038;gl=GB\" target=\"_new\" rel=\"noopener\">Loe kommentaare<\/a><\/p>\n<h2><span class=\"ez-toc-section\" id=\"Clear_Fr8_Limited\"><\/span>Selge Fr8 Limited<span class=\"ez-toc-section-end\"><\/span><\/h2>\n<p><img decoding=\"async\" src=\"https:\/\/moverdb.com\/wp-content\/uploads\/thumbnailpanoidDGHBrRu0t1iyy4EgzoEIwQcb_clientsearch.gws-prod.gpsw408h240yaw59.jpg\" alt='Selge Fr8 Limited' class=\"aligncenter\"><\/p>\n<p><strong>Ettev\u00f5tte kirjeldus: <\/strong>Clear Fr8 Limited on 2017. aastal asutatud 50-aastase kogemuse p\u00f5hjal kaubaveo-, tollivormistus- ja transpordit\u00f6\u00f6stuses ning pakub turvalist k\u00e4tepaari, kes hoolitseb teie ja teie klientide vajaduste eest.<\/p>\n<p> Olenemata sellest, kas tegemist on maantee-, mere-, \u00f5hu- v\u00f5i raudteetranspordiga, eristub Clear Fr8 Limited selle poolest, et pakub oma klientidele tasuta ja erapooletut n\u00f5u k\u00f5igis tollivormistuse, ekspedeerimise v\u00f5i tarneahela lahendustega seotud k\u00fcsimustes.<\/p>\n<p> katab k\u00f5ik suuremad \u00dchendkuningriigi maantee-, mere-, \u00f5hu- ja raudteetransporditeenused. <a href=\"https:\/\/moverdb.com\/et\/top-49-container-ports\/\" data-internallinksmanager029f6b8e52c=\"80\" title=\"Top 49 suurimat ja tihedaima liiklusega konteinersadamat 2025. aastal\">sadamad<\/a> meie 24-tunnise t\u00f6\u00f6ajaga kontorist, mis asub Doveri l\u00e4hedal, Kentis, pakume kohalikke teadmisi, et teie v\u00f5i teie klientide veos j\u00f5uaks \u00f5igeaegselt ja tollieeskirjadele vastavalt kohale.<\/p>\n<p><strong>T\u00e4iendavad teenused:<\/strong><\/p>\n<p>Ei ole loetletud<\/p>\n<p><strong>Aadress:<\/strong> Hammond House, Limekiln St, Dover CT17 9EF<\/p>\n<p><a href=\"https:\/\/clearfr8.com\/\" target=\"_new\" rel=\"noopener\">Clear Fr8 Limited veebisait<\/a><\/p>\n<p><strong>L\u00e4bivaatamise tulemus: <\/strong>5<br \/> <strong>Arvamuste arv:<\/strong> 4<br \/><a href=\"https:\/\/www.google.co.uk\/maps?cid=3034304738884427400&#038;hl=en&#038;gl=GB\" target=\"_new\" rel=\"noopener\">Loe kommentaare<\/a><\/p>\n<h2><span class=\"ez-toc-section\" id=\"Sitra_UK_Ltd\"><\/span>Sitra UK Ltd<span class=\"ez-toc-section-end\"><\/span><\/h2>\n<p><img decoding=\"async\" src=\"https:\/\/moverdb.com\/wp-content\/uploads\/AF1QipMwdG9b4UoI5D2KNqlDYX5p4ThRV66T5so8Fzoxw426-h240-k-no.jpg\" alt='Sitra UK Ltd' class=\"aligncenter\"><\/p>\n<p><strong>Ettev\u00f5tte kirjeldus: <\/strong>Ei ole ette n\u00e4htud<\/p>\n<p><strong>T\u00e4iendavad teenused:<\/strong><\/p>\n<p>Ei ole loetletud<\/p>\n<p><strong>Aadress:<\/strong> 2 Honeywood Cl, Whitfield, Dover CT16 3PX<\/p>\n<p><a href=\"https:\/\/www.sitra-group.com\/en\/\" target=\"_new\" rel=\"noopener\">Sitra UK Ltd veebisait<\/a><\/p>\n<p><strong>L\u00e4bivaatamise tulemus: <\/strong>3.9<br \/> <strong>Arvamuste arv:<\/strong> 52<br \/><a href=\"https:\/\/www.google.co.uk\/maps?cid=14668402309509598013&#038;hl=en&#038;gl=GB\" target=\"_new\" rel=\"noopener\">Loe kommentaare<\/a><\/p>\n<h2><span class=\"ez-toc-section\" id=\"Priority_Freight\"><\/span>Prioriteetne kaubavedu<span class=\"ez-toc-section-end\"><\/span><\/h2>\n<p><img decoding=\"async\" src=\"https:\/\/moverdb.com\/wp-content\/uploads\/thumbnailpanoid81W6LbQTKvtEkULieMa29Qcb_clientsearch.gws-prod.gpsw408h240yaw319.jpg\" alt='Prioriteetne kaubavedu' class=\"aligncenter\"><\/p>\n<p><strong>Ettev\u00f5tte kirjeldus: <\/strong>Ei ole ette n\u00e4htud<\/p>\n<p><strong>T\u00e4iendavad teenused:<\/strong><\/p>\n<p>Ei ole loetletud<\/p>\n<p><strong>Aadress:<\/strong> Whitfield, Dover CT16 3NJ<\/p>\n<p><a href=\"https:\/\/priorityfreight.com\/\" target=\"_new\" rel=\"noopener\">Prioriteedi kaubaveo veebisait<\/a><\/p>\n<p><strong>L\u00e4bivaatamise tulemus: <\/strong>5<br \/> <strong>Arvamuste arv:<\/strong> 3<br \/><a href=\"https:\/\/www.google.co.uk\/maps?cid=5254570117316346898&#038;hl=en&#038;gl=GB\" target=\"_new\" rel=\"noopener\">Loe kommentaare<\/a><\/p>\n<h2><span class=\"ez-toc-section\" id=\"How_we_picked_the_best_Dover_Freight_Forwarding_Companies\"><\/span>Kuidas me valisime parimad Doveri ekspedeerimisfirmad<span class=\"ez-toc-section-end\"><\/span><\/h2>\n<p>Alustasime 25 Doveri ekspedeerimisettev\u00f5tte andmestikust, mille leidsime Google Mapsi kaudu, ja kitsendasime selle 12 parima hulka.<\/p>\n<p>Selleks eemaldasime k\u00f5ik ettev\u00f5tted, mis:<\/p>\n<ul>\n<li> Ei olnud veebilehte<\/li>\n<li> Ei olnud kommentaare<\/li>\n<li> Keskmine hinde oli alla 2,0<\/li>\n<\/ul>\n<p>Sel hetkel, kui meil oli 17 v\u00f5i v\u00e4hem ekspediitorit, loetlesime nad k\u00f5ik \u00fcles.<\/p>\n<p>Linnade puhul, kus meil j\u00e4i \u00fcle 17 saatja, tegime edasisi muudatusi, suurendades kas n\u00f5utavat hindamist (nt t\u00f5stes minimaalse hinde 2,0-lt 4,0-le) ja\/v\u00f5i suurendades n\u00f5utavate hindamiste minimaalset arvu (nt t\u00f5stes v\u00e4hemalt 1 hindamiselt v\u00e4hemalt 10-le).<\/p>\n<p>Pange t\u00e4hele, et me kasutasime ainult Google Maps'i \u00fclevaatuste andmeid, mitte muid kolmandate osapoolte veebisaite.<\/p>\n<p>Rohkem linnu:<\/p>\n<p><a href=\"https:\/\/moverdb.com\/et\/ekspediitor\/freight-forwarding-uk\/ashford-freight-forwarder\/\">Ashfordi ekspediitor<\/a><br \/><a href=\"https:\/\/moverdb.com\/et\/ekspediitor\/freight-forwarding-uk\/egham-freight-forwarder\/\">Egham ekspediitor<\/a><br \/><a href=\"https:\/\/moverdb.com\/et\/ekspediitor\/freight-forwarding-uk\/leeds-freight-forwarder\/\">Leedsi ekspediitor<\/a><br \/><a href=\"https:\/\/moverdb.com\/et\/ekspediitor\/freight-forwarding-uk\/belfast-freight-forwarder\/\">Belfasti ekspediitor<\/a><br \/><a href=\"https:\/\/moverdb.com\/et\/ekspediitor\/freight-forwarding-uk\/hayes-freight-forwarder\/\">Hayes ekspediitor<\/a><\/p>","protected":false},"excerpt":{"rendered":"<p>Below we look at the 12 &#8220;best&#8221; Freight Forwarding companies in Dover out of 25. To learn more about how we chose the best please consult our FAQ section at the end. Please not the following listings are in no particular order and we are not making any recommendations for any particular company. DHL Freight [&hellip;]<\/p>\n","protected":false},"author":1,"featured_media":0,"parent":13427,"menu_order":0,"comment_status":"open","ping_status":"open","template":"","meta":{"_genesis_hide_title":false,"_genesis_hide_breadcrumbs":false,"_genesis_hide_singular_image":false,"_genesis_hide_footer_widgets":false,"_genesis_custom_body_class":"","_genesis_custom_post_class":"","_genesis_layout":"","footnotes":""},"class_list":{"0":"post-13654","1":"page","2":"type-page","3":"status-publish","5":"entry"},"_links":{"self":[{"href":"https:\/\/moverdb.com\/et\/wp-json\/wp\/v2\/pages\/13654","targetHints":{"allow":["GET"]}}],"collection":[{"href":"https:\/\/moverdb.com\/et\/wp-json\/wp\/v2\/pages"}],"about":[{"href":"https:\/\/moverdb.com\/et\/wp-json\/wp\/v2\/types\/page"}],"author":[{"embeddable":true,"href":"https:\/\/moverdb.com\/et\/wp-json\/wp\/v2\/users\/1"}],"replies":[{"embeddable":true,"href":"https:\/\/moverdb.com\/et\/wp-json\/wp\/v2\/comments?post=13654"}],"version-history":[{"count":1,"href":"https:\/\/moverdb.com\/et\/wp-json\/wp\/v2\/pages\/13654\/revisions"}],"predecessor-version":[{"id":15686,"href":"https:\/\/moverdb.com\/et\/wp-json\/wp\/v2\/pages\/13654\/revisions\/15686"}],"up":[{"embeddable":true,"href":"https:\/\/moverdb.com\/et\/wp-json\/wp\/v2\/pages\/13427"}],"wp:attachment":[{"href":"https:\/\/moverdb.com\/et\/wp-json\/wp\/v2\/media?parent=13654"}],"curies":[{"name":"wp","href":"https:\/\/api.w.org\/{rel}","templated":true}]}}