{"id":13614,"date":"2023-11-08T15:51:25","date_gmt":"2023-11-08T15:51:25","guid":{"rendered":"https:\/\/moverdb.com\/freight-forwarder\/freight-forwarding-uk\/hounslow-freight-forwarder\/"},"modified":"2026-01-08T14:55:37","modified_gmt":"2026-01-08T14:55:37","slug":"hounslow-freight-forwarder","status":"publish","type":"page","link":"https:\/\/moverdb.com\/et\/freight-forwarder\/freight-forwarding-uk\/hounslow-freight-forwarder\/","title":{"rendered":"15 parimat Hounslow ekspedeerimisfirmat (2024)"},"content":{"rendered":"<p>J\u00e4rgnevalt vaatleme 15 <em>\"parim\"<\/em> Ekspedeerimisfirmad Hounslow's 51-st.<\/p>\n<p>Lisateavet selle kohta, kuidas me valisime parimad, leiate meie KKK-osa l\u00f5pust.<\/p>\n<p><em>Pange t\u00e4hele, et j\u00e4rgmised nimekirjad ei ole konkreetses j\u00e4rjekorras ja me ei anna soovitusi \u00fchegi konkreetse ettev\u00f5tte kohta.<\/em><\/p>\n<div id=\"ez-toc-container\" class=\"ez-toc-v2_0_82_2 ez-toc-wrap-left counter-hierarchy ez-toc-counter ez-toc-transparent ez-toc-container-direction\">\n<div class=\"ez-toc-title-container\">\n<p class=\"ez-toc-title\" style=\"cursor:inherit\">Jaotised<\/p>\n<span class=\"ez-toc-title-toggle\"><a href=\"#\" class=\"ez-toc-pull-right ez-toc-btn ez-toc-btn-xs ez-toc-btn-default ez-toc-toggle\" aria-label=\"Sisukorra vaheldumine\"><span class=\"ez-toc-js-icon-con\"><span class=\"\"><span class=\"eztoc-hide\" style=\"display:none;\">Toggle<\/span><span class=\"ez-toc-icon-toggle-span\"><svg style=\"fill: #999;color:#999\" xmlns=\"http:\/\/www.w3.org\/2000\/svg\" class=\"list-377408\" width=\"20px\" height=\"20px\" viewbox=\"0 0 24 24\" fill=\"none\"><path d=\"M6 6H4v2h2V6zm14 0H8v2h12V6zM4 11h2v2H4v-2zm16 0H8v2h12v-2zM4 16h2v2H4v-2zm16 0H8v2h12v-2z\" fill=\"currentColor\"><\/path><\/svg><svg style=\"fill: #999;color:#999\" class=\"arrow-unsorted-368013\" xmlns=\"http:\/\/www.w3.org\/2000\/svg\" width=\"10px\" height=\"10px\" viewbox=\"0 0 24 24\" version=\"1.2\" baseprofile=\"tiny\"><path d=\"M18.2 9.3l-6.2-6.3-6.2 6.3c-.2.2-.3.4-.3.7s.1.5.3.7c.2.2.4.3.7.3h11c.3 0 .5-.1.7-.3.2-.2.3-.5.3-.7s-.1-.5-.3-.7zM5.8 14.7l6.2 6.3 6.2-6.3c.2-.2.3-.5.3-.7s-.1-.5-.3-.7c-.2-.2-.4-.3-.7-.3h-11c-.3 0-.5.1-.7.3-.2.2-.3.5-.3.7s.1.5.3.7z\"\/><\/svg><\/span><\/span><\/span><\/a><\/span><\/div>\n<nav><ul class='ez-toc-list ez-toc-list-level-1 eztoc-toggle-hide-by-default' ><li class='ez-toc-page-1 ez-toc-heading-level-2'><a class=\"ez-toc-link ez-toc-heading-1\" href=\"https:\/\/moverdb.com\/et\/freight-forwarder\/freight-forwarding-uk\/hounslow-freight-forwarder\/#Globe_Air_Cargo\" >Globe Air Cargo<\/a><\/li><li class='ez-toc-page-1 ez-toc-heading-level-2'><a class=\"ez-toc-link ez-toc-heading-2\" href=\"https:\/\/moverdb.com\/et\/freight-forwarder\/freight-forwarding-uk\/hounslow-freight-forwarder\/#Expressway_Handling_Ltd\" >Expressway Handling Ltd<\/a><\/li><li class='ez-toc-page-1 ez-toc-heading-level-2'><a class=\"ez-toc-link ez-toc-heading-3\" href=\"https:\/\/moverdb.com\/et\/freight-forwarder\/freight-forwarding-uk\/hounslow-freight-forwarder\/#Freight-link_Heathrow_Ltd\" >Freight-link Heathrow Ltd<\/a><\/li><li class='ez-toc-page-1 ez-toc-heading-level-2'><a class=\"ez-toc-link ez-toc-heading-4\" href=\"https:\/\/moverdb.com\/et\/freight-forwarder\/freight-forwarding-uk\/hounslow-freight-forwarder\/#Air_Marine_Ltd\" >Air Marine Ltd<\/a><\/li><li class='ez-toc-page-1 ez-toc-heading-level-2'><a class=\"ez-toc-link ez-toc-heading-5\" href=\"https:\/\/moverdb.com\/et\/freight-forwarder\/freight-forwarding-uk\/hounslow-freight-forwarder\/#American_Airlines_Cargo\" >American Airlines Cargo<\/a><\/li><li class='ez-toc-page-1 ez-toc-heading-level-2'><a class=\"ez-toc-link ez-toc-heading-6\" href=\"https:\/\/moverdb.com\/et\/freight-forwarder\/freight-forwarding-uk\/hounslow-freight-forwarder\/#Airport_Perishable_Handling_Ltd\" >Airport Perishable Handling Ltd<\/a><\/li><li class='ez-toc-page-1 ez-toc-heading-level-2'><a class=\"ez-toc-link ez-toc-heading-7\" href=\"https:\/\/moverdb.com\/et\/freight-forwarder\/freight-forwarding-uk\/hounslow-freight-forwarder\/#E_S_F_Freight_Ltd\" >E S F Freight Ltd<\/a><\/li><li class='ez-toc-page-1 ez-toc-heading-level-2'><a class=\"ez-toc-link ez-toc-heading-8\" href=\"https:\/\/moverdb.com\/et\/freight-forwarder\/freight-forwarding-uk\/hounslow-freight-forwarder\/#Rohlig_UK_Ltd\" >Rohlig UK Ltd<\/a><\/li><li class='ez-toc-page-1 ez-toc-heading-level-2'><a class=\"ez-toc-link ez-toc-heading-9\" href=\"https:\/\/moverdb.com\/et\/freight-forwarder\/freight-forwarding-uk\/hounslow-freight-forwarder\/#Apxcel_Freight_Services_Ltd\" >Apxcel Freight Services Ltd<\/a><\/li><li class='ez-toc-page-1 ez-toc-heading-level-2'><a class=\"ez-toc-link ez-toc-heading-10\" href=\"https:\/\/moverdb.com\/et\/freight-forwarder\/freight-forwarding-uk\/hounslow-freight-forwarder\/#Morrison_Express_Corporation_UK_Ltd\" >Morrison Express Corporation UK Ltd<\/a><\/li><li class='ez-toc-page-1 ez-toc-heading-level-2'><a class=\"ez-toc-link ez-toc-heading-11\" href=\"https:\/\/moverdb.com\/et\/freight-forwarder\/freight-forwarding-uk\/hounslow-freight-forwarder\/#Yamato_Transport_Europe_B_V\" >Yamato Transport Europe B V<\/a><\/li><li class='ez-toc-page-1 ez-toc-heading-level-2'><a class=\"ez-toc-link ez-toc-heading-12\" href=\"https:\/\/moverdb.com\/et\/freight-forwarder\/freight-forwarding-uk\/hounslow-freight-forwarder\/#ASM_Freight_Services_UK_Customs_Clearance_Agent\" >ASM Freight Services UK tollivormistusagent<\/a><\/li><li class='ez-toc-page-1 ez-toc-heading-level-2'><a class=\"ez-toc-link ez-toc-heading-13\" href=\"https:\/\/moverdb.com\/et\/freight-forwarder\/freight-forwarding-uk\/hounslow-freight-forwarder\/#GR_FREIGHT_SERVICES_UK_CUSTOM_CLEARANCE_AGENT\" >GR KAUBAVEOTEENUSED UK TOLLIVORMISTUSAGENT<\/a><\/li><li class='ez-toc-page-1 ez-toc-heading-level-2'><a class=\"ez-toc-link ez-toc-heading-14\" href=\"https:\/\/moverdb.com\/et\/freight-forwarder\/freight-forwarding-uk\/hounslow-freight-forwarder\/#Ligentia\" >Ligentia<\/a><\/li><li class='ez-toc-page-1 ez-toc-heading-level-2'><a class=\"ez-toc-link ez-toc-heading-15\" href=\"https:\/\/moverdb.com\/et\/freight-forwarder\/freight-forwarding-uk\/hounslow-freight-forwarder\/#Global_Freight_Systems\" >Globaalsed kaubaveos\u00fcsteemid<\/a><\/li><li class='ez-toc-page-1 ez-toc-heading-level-2'><a class=\"ez-toc-link ez-toc-heading-16\" href=\"https:\/\/moverdb.com\/et\/freight-forwarder\/freight-forwarding-uk\/hounslow-freight-forwarder\/#How_we_picked_the_best_Hounslow_Freight_Forwarding_Companies\" >Kuidas me valisime parimad Hounslow ekspedeerimisfirmad<\/a><\/li><\/ul><\/nav><\/div>\n<h2><span class=\"ez-toc-section\" id=\"Globe_Air_Cargo\"><\/span>Globe Air Cargo<span class=\"ez-toc-section-end\"><\/span><\/h2>\n<p><img decoding=\"async\" src=\"https:\/\/moverdb.com\/wp-content\/uploads\/AF1QipNNdu4AMbqsTW2QB8ny0p7xePBSqz2mYQwupFnqw426-h240-k-no.jpg\" alt='Globe Air Cargo' class=\"aligncenter\"><\/p>\n<p><strong>Ettev\u00f5tte kirjeldus: <\/strong>Ei ole ette n\u00e4htud<\/p>\n<p><strong>T\u00e4iendavad teenused:<\/strong><\/p>\n<p>Ei ole loetletud<\/p>\n<p><strong>Aadress:<\/strong> 550 Shoreham Rd E, Hounslow TW6 3UA<\/p>\n<p><a href=\"https:\/\/ecsgroup.aero\/\" target=\"_new\" rel=\"noopener\">Globe Air Cargo veebisait<\/a><\/p>\n<p><strong>L\u00e4bivaatamise tulemus: <\/strong>4<br \/> <strong>Arvamuste arv:<\/strong> 4<br \/><a href=\"https:\/\/www.google.co.uk\/maps?cid=18184129094433607559&#038;hl=en&#038;gl=GB\" target=\"_new\" rel=\"noopener\">Loe kommentaare<\/a><\/p>\n<h2><span class=\"ez-toc-section\" id=\"Expressway_Handling_Ltd\"><\/span>Expressway Handling Ltd<span class=\"ez-toc-section-end\"><\/span><\/h2>\n<p><img decoding=\"async\" src=\"https:\/\/moverdb.com\/wp-content\/uploads\/AF1QipPpoxWmh-py9KzNsR0O0sEOLKbBVqW6dQNW82Yqw408-h306-k-no.jpg\" alt=\"Expressway Handling Ltd\" class=\"aligncenter\"><\/p>\n<p><strong>Ettev\u00f5tte kirjeldus: <\/strong>Expressway Handling on Heathrow lennujaama piirides asuv eraomanduses olev ettev\u00f5te.<\/p>\n<p> Me oleme uhked oma teenuse \u00fcle, mida me saavutame pidevalt areneva I.<\/p>\n<p>T.<\/p>\n<p> s\u00fcsteemid ja vanad head kliendisuhted.<\/p>\n<p>Meie Heathrow's asuvast kontorist pakume <a href=\"https:\/\/moverdb.com\/et\/moving-to-the-uk\/\" data-internallinksmanager029f6b8e52c=\"93\" title=\"Kolimine \u00dchendkuningriiki? 2022 Elamiskulud ja kolimisn\u00f5uanded\">UK<\/a> ja Euroopa jaotusteenused koos kaubak\u00e4itluse ja lennukauba l\u00e4bivaatusega.<\/p>\n<p>Me m\u00f5istame, et logistikat\u00f6\u00f6stuses on meie klientide jaoks aeg v\u00e4ga v\u00e4\u00e4rtuslik, seega p\u00fc\u00fcame pakkuda \"One Stop Shop\" l\u00e4henemist.<\/p>\n<p> Kas see toimub meie mitmek\u00fclgse s\u00f5idukipargi kaudu, mis katab \u00dchendkuningriiki ja Euroopat, v\u00f5i meie enda tsiviillennundusameti poolt heakskiidetud laoruumide kaudu, kus on t\u00e4ielik kohapealne lennukauba l\u00e4bivaatus.<\/p>\n<p>.<\/p>\n<p>.<\/p>\n<p>.<\/p>\n<p>.<\/p>\n<p>.<\/p>\n<p>.<\/p>\n<p> me saame aidata.<\/p>\n<p><strong>T\u00e4iendavad teenused:<\/strong><\/p>\n<p>Tarnefirma<\/p>\n<p><strong>Aadress:<\/strong> Unit 5 Central Park Estate, Staines Rd TW4 5DJ<\/p>\n<p><a href=\"http:\/\/expresswayhandling.co.uk\/\" target=\"_new\" rel=\"noopener\">Expressway Handling Ltd veebileht<\/a><\/p>\n<p><strong>L\u00e4bivaatamise tulemus: <\/strong>4.2<br \/> <strong>Arvamuste arv:<\/strong> 14<br \/><a href=\"https:\/\/www.google.co.uk\/maps?cid=14018976019360760688&#038;hl=en&#038;gl=GB\" target=\"_new\" rel=\"noopener\">Loe kommentaare<\/a><\/p>\n<h2><span class=\"ez-toc-section\" id=\"Freight-link_Heathrow_Ltd\"><\/span>Freight-link Heathrow Ltd<span class=\"ez-toc-section-end\"><\/span><\/h2>\n<p><img decoding=\"async\" src=\"https:\/\/moverdb.com\/wp-content\/uploads\/thumbnailpanoidG5H1AQFtvGKCDGCb9jcOJAcb_clientsearch.gws-prod.gpsw408h240yaw328.jpg\" alt='Freight-link Heathrow Ltd' class=\"aligncenter\"><\/p>\n<p><strong>Ettev\u00f5tte kirjeldus: <\/strong>Ei ole ette n\u00e4htud<\/p>\n<p><strong>T\u00e4iendavad teenused:<\/strong><\/p>\n<p>Ei ole loetletud<\/p>\n<p><strong>Aadress:<\/strong> \u00dclemine tase X2, Eastern Perimeter Road, Hounslow TW6 2GE<\/p>\n<p><a href=\"http:\/\/www.freight-linkheathrow.net\/\" target=\"_new\" rel=\"noopener\">Freight-link Heathrow Ltd veebisait<\/a><\/p>\n<p><strong>L\u00e4bivaatamise tulemus: <\/strong>4<br \/> <strong>Arvamuste arv:<\/strong> 4<br \/><a href=\"https:\/\/www.google.co.uk\/maps?cid=11902433720063367172&#038;hl=en&#038;gl=GB\" target=\"_new\" rel=\"noopener\">Loe kommentaare<\/a><\/p>\n<h2><span class=\"ez-toc-section\" id=\"Air_Marine_Ltd\"><\/span>Air Marine Ltd<span class=\"ez-toc-section-end\"><\/span><\/h2>\n<p><img decoding=\"async\" src=\"\" alt=\"Air Marine Ltd\" class=\"aligncenter\"><\/p>\n<p><strong>Ettev\u00f5tte kirjeldus: <\/strong>Ei ole ette n\u00e4htud<\/p>\n<p><strong>T\u00e4iendavad teenused:<\/strong><\/p>\n<p>Ei ole loetletud<\/p>\n<p><strong>Aadress:<\/strong> Building\/202 Elgin Cres, Hounslow TW6 2RX<\/p>\n<p><a href=\"http:\/\/www.airmarine.co.uk\/\" target=\"_new\" rel=\"noopener\">Air Marine Ltd veebisait<\/a><\/p>\n<p><strong>L\u00e4bivaatamise tulemus: <\/strong>4.8<br \/> <strong>Arvamuste arv:<\/strong> 5<br \/><a href=\"https:\/\/www.google.co.uk\/maps?cid=10321598327856490311&#038;hl=en&#038;gl=GB\" target=\"_new\" rel=\"noopener\">Loe kommentaare<\/a><\/p>\n<h2><span class=\"ez-toc-section\" id=\"American_Airlines_Cargo\"><\/span>American Airlines Cargo<span class=\"ez-toc-section-end\"><\/span><\/h2>\n<p><img decoding=\"async\" src=\"https:\/\/moverdb.com\/wp-content\/uploads\/AF1QipNVK7JRlQZo6S851rSq1f3zzXlbYKpS0_Aoh44jw408-h272-k-no.jpg\" alt='American Airlines Cargo' class=\"aligncenter\"><\/p>\n<p><strong>Ettev\u00f5tte kirjeldus: <\/strong>Ei ole ette n\u00e4htud<\/p>\n<p><strong>T\u00e4iendavad teenused:<\/strong><\/p>\n<p>Ei ole loetletud<\/p>\n<p><strong>Aadress:<\/strong> 552 Shoreham Rd E, Hounslow TW6 3NH<\/p>\n<p><a href=\"https:\/\/www.aacargo.com\/index.html\" target=\"_new\" rel=\"noopener\">American Airlines Cargo veebisait<\/a><\/p>\n<p><strong>L\u00e4bivaatamise tulemus: <\/strong>4<br \/> <strong>Arvamuste arv:<\/strong> 58<br \/><a href=\"https:\/\/www.google.co.uk\/maps?cid=8823833653476083562&#038;hl=en&#038;gl=GB\" target=\"_new\" rel=\"noopener\">Loe kommentaare<\/a><\/p>\n<h2><span class=\"ez-toc-section\" id=\"Airport_Perishable_Handling_Ltd\"><\/span>Airport Perishable Handling Ltd<span class=\"ez-toc-section-end\"><\/span><\/h2>\n<p><img decoding=\"async\" src=\"\" alt=\"Airport Perishable Handling Ltd\" class=\"aligncenter\"><\/p>\n<p><strong>Ettev\u00f5tte kirjeldus: <\/strong>Ei ole ette n\u00e4htud<\/p>\n<p><strong>T\u00e4iendavad teenused:<\/strong><\/p>\n<p>Ei ole loetletud<\/p>\n<p><strong>Aadress:<\/strong> 588 Sandringham Rd, Hounslow TW6 3SF<\/p>\n<p><a href=\"https:\/\/www.airportperishablehandling.com\/pages\/contact-us\" target=\"_new\" rel=\"noopener\">Airport Perishable Handling Ltd veebisait<\/a><\/p>\n<p><strong>L\u00e4bivaatamise tulemus: <\/strong>5<br \/> <strong>Arvamuste arv:<\/strong> 2<br \/><a href=\"https:\/\/www.google.co.uk\/maps?cid=1137786957161513222&#038;hl=en&#038;gl=GB\" target=\"_new\" rel=\"noopener\">Loe kommentaare<\/a><\/p>\n<h2><span class=\"ez-toc-section\" id=\"E_S_F_Freight_Ltd\"><\/span>E S F Freight Ltd<span class=\"ez-toc-section-end\"><\/span><\/h2>\n<p><img decoding=\"async\" src=\"https:\/\/moverdb.com\/wp-content\/uploads\/thumbnailpanoidBmgANQm8T3qvsz1nPiduMAcb_clientsearch.gws-prod.gpsw408h240yaw266.jpg\" alt='E S F Freight Ltd' class=\"aligncenter\"><\/p>\n<p><strong>Ettev\u00f5tte kirjeldus: <\/strong>Ei ole ette n\u00e4htud<\/p>\n<p><strong>T\u00e4iendavad teenused:<\/strong><\/p>\n<p>Ei ole loetletud<\/p>\n<p><strong>Aadress:<\/strong> 50 Salisbury Rd, Hounslow TW4 6JQ<\/p>\n<p><a href=\"http:\/\/esffreight.co.uk\/\" target=\"_new\" rel=\"noopener\">E S F Freight Ltd veebisait<\/a><\/p>\n<p><strong>L\u00e4bivaatamise tulemus: <\/strong>5<br \/> <strong>Arvamuste arv:<\/strong> 1<br \/><a href=\"https:\/\/www.google.co.uk\/maps?cid=8565816224196322685&#038;hl=en&#038;gl=GB\" target=\"_new\" rel=\"noopener\">Loe kommentaare<\/a><\/p>\n<h2><span class=\"ez-toc-section\" id=\"Rohlig_UK_Ltd\"><\/span>Rohlig UK Ltd<span class=\"ez-toc-section-end\"><\/span><\/h2>\n<p><img decoding=\"async\" src=\"https:\/\/moverdb.com\/wp-content\/uploads\/AF1QipNVvr88LWiuTG2fiHevQnNRtaOAZoNeSFo4yLxYw460-h240-k-no.png\" alt='Rohlig UK Ltd' class=\"aligncenter\"><\/p>\n<p><strong>Ettev\u00f5tte kirjeldus: <\/strong>Ei ole ette n\u00e4htud<\/p>\n<p><strong>T\u00e4iendavad teenused:<\/strong><\/p>\n<p>Ei ole loetletud<\/p>\n<p><strong>Aadress:<\/strong> World Business Centre, Newall Rd, Hounslow TW6 2TA<\/p>\n<p><a href=\"http:\/\/www.rohlig.com\/\" target=\"_new\" rel=\"noopener\">Rohlig UK Ltd veebileht<\/a><\/p>\n<p><strong>L\u00e4bivaatamise tulemus: <\/strong>5<br \/> <strong>Arvamuste arv:<\/strong> 1<br \/><a href=\"https:\/\/www.google.co.uk\/maps?cid=4362682240548828503&#038;hl=en&#038;gl=GB\" target=\"_new\" rel=\"noopener\">Loe kommentaare<\/a><\/p>\n<h2><span class=\"ez-toc-section\" id=\"Apxcel_Freight_Services_Ltd\"><\/span>Apxcel Freight Services Ltd<span class=\"ez-toc-section-end\"><\/span><\/h2>\n<p><img decoding=\"async\" src=\"https:\/\/moverdb.com\/wp-content\/uploads\/thumbnailpanoidBmgANQm8T3qvsz1nPiduMAcb_clientsearch.gws-prod.gpsw408h240yaw276.jpg\" alt='Apxcel Freight Services Ltd' class=\"aligncenter\"><\/p>\n<p><strong>Ettev\u00f5tte kirjeldus: <\/strong>Tollimaakler, mereveod, lennutransport, ekspedeerimisteenus, impordi- ja ekspordikonsultatsioonid, tollimaaklerid.<\/p>\n<p><strong>T\u00e4iendavad teenused:<\/strong><\/p>\n<p>Tollimaakler<\/p>\n<p>Tollin\u00f5ustaja<\/p>\n<p><strong>Aadress:<\/strong> Suite 12a, 3. korrus, Vista Centre, 50 Salisbury Rd, Hounslow TW4 6JQ<\/p>\n<p><a href=\"http:\/\/www.apxcel.com\/\" target=\"_new\" rel=\"noopener\">Apxcel Freight Services Ltd veebileht<\/a><\/p>\n<p><strong>L\u00e4bivaatamise tulemus: <\/strong>5<br \/> <strong>Arvamuste arv:<\/strong> 3<br \/><a href=\"https:\/\/www.google.co.uk\/maps?cid=5505076040473385360&#038;hl=en&#038;gl=GB\" target=\"_new\" rel=\"noopener\">Loe kommentaare<\/a><\/p>\n<h2><span class=\"ez-toc-section\" id=\"Morrison_Express_Corporation_UK_Ltd\"><\/span>Morrison Express Corporation UK Ltd<span class=\"ez-toc-section-end\"><\/span><\/h2>\n<p><img decoding=\"async\" src=\"https:\/\/moverdb.com\/wp-content\/uploads\/thumbnailpanoidtVxhUDEsv8IcgsjA5horeQcb_clientsearch.gws-prod.gpsw408h240yaw299.jpg\" alt='Morrison Express Corporation UK Ltd' class=\"aligncenter\"><\/p>\n<p><strong>Ettev\u00f5tte kirjeldus: <\/strong>Morrison Express Corporation avas oma uksed 1972. aastal.<\/p>\n<p> Nimetati Taiwani k\u00f5rgeima m\u00e4e, Jade Mountain Range'i Morrison Peak'i j\u00e4rgi.<\/p>\n<p> Kui me alustasime tegevust, oli meie vaim tugev ja meie eesm\u00e4rk k\u00f5rgelennuline.<\/p>\n<p> Lihtsalt, et elada oma nime j\u00e4rgi.<\/p>\n<p> P\u00fc\u00fcdma j\u00f5uda maailma transpordi- ja logistikavaldkonna tippu, k\u00f5ige k\u00f5rgemale tippu.<\/p>\n<p><strong>T\u00e4iendavad teenused:<\/strong><\/p>\n<p>Ei ole loetletud<\/p>\n<p><strong>Aadress:<\/strong> Unit 6, X2 Building, Eastern Perimeter Rd, Hatton, Hounslow UB7 0EX<\/p>\n<p><a href=\"http:\/\/www.morrisonexpress.com\/index.php\" target=\"_new\" rel=\"noopener\">Morrison Express Corporation UK Ltd veebisait<\/a><\/p>\n<p><strong>L\u00e4bivaatamise tulemus: <\/strong>5<br \/> <strong>Arvamuste arv:<\/strong> 1<br \/><a href=\"https:\/\/www.google.co.uk\/maps?cid=13042134536585827117&#038;hl=en&#038;gl=GB\" target=\"_new\" rel=\"noopener\">Loe kommentaare<\/a><\/p>\n<h2><span class=\"ez-toc-section\" id=\"Yamato_Transport_Europe_B_V\"><\/span>Yamato Transport Europe B V<span class=\"ez-toc-section-end\"><\/span><\/h2>\n<p><img decoding=\"async\" src=\"\" alt=\"Yamato Transport Europe B V\" class=\"aligncenter\"><\/p>\n<p><strong>Ettev\u00f5tte kirjeldus: <\/strong>Ei ole ette n\u00e4htud<\/p>\n<p><strong>T\u00e4iendavad teenused:<\/strong><\/p>\n<p>Ei ole loetletud<\/p>\n<p><strong>Aadress:<\/strong> Unit 2, Heathrow International Trading Estate, Green Ln, Hounslow TW4 6HB<\/p>\n<p><a href=\"https:\/\/www.yamatoeurope.com\/\" target=\"_new\" rel=\"noopener\">Yamato Transport Europe B V veebisait<\/a><\/p>\n<p><strong>L\u00e4bivaatamise tulemus: <\/strong>5<br \/> <strong>Arvamuste arv:<\/strong> 5<br \/><a href=\"https:\/\/www.google.co.uk\/maps?cid=13699711474701205415&#038;hl=en&#038;gl=GB\" target=\"_new\" rel=\"noopener\">Loe kommentaare<\/a><\/p>\n<h2><span class=\"ez-toc-section\" id=\"ASM_Freight_Services_UK_Customs_Clearance_Agent\"><\/span>ASM Freight Services UK tollivormistusagent<span class=\"ez-toc-section-end\"><\/span><\/h2>\n<p><img decoding=\"async\" src=\"https:\/\/moverdb.com\/wp-content\/uploads\/AF1QipMBZnPnADmo57P5gYeXtHl6Xt9qeww3cAmGNgS4w408-h306-k-no.png\" alt='ASM Freight Services UK tollivormistusagent' class=\"aligncenter\"><\/p>\n<p><strong>Ettev\u00f5tte kirjeldus: <\/strong>ASM on kasvanud juhtivaks \u00fclemaailmse tarneahela ja logistikalahenduste pakkujaks \u00f5hu-, mere- ja laotranspordi ning abitegevuste ja -lahenduste kaudu.<\/p>\n<p> Pakume Heathrow tollivormistus, import Heathrow, mereveod Heathrow, lennutransport Heathrow, konteineri tollivormistus Heathrow ja logistilised lahendused.<\/p>\n<p> Meie j\u00e4tkuv kasv kiirelt arenevas keskkonnas on tunnistus meie p\u00e4evast p\u00e4eva v\u00f5etud kohustusest pakkuda ainulaadset, kvaliteetset, boutique-taolist teenust, j\u00e4tkates samas alati tavap\u00e4raste logistikateenuste pakkujate normide vaidlustamist.<\/p>\n<p><strong>T\u00e4iendavad teenused:<\/strong><\/p>\n<p>Tollimaakler<\/p>\n<p>Tolliladu<\/p>\n<p>Impordi-ekspordiettev\u00f5te<\/p>\n<p>Logistikateenus<\/p>\n<p>Tarnefirma<\/p>\n<p><strong>Aadress:<\/strong> Heathrow lennujaam, Jolyon House, Amberley Way, Hounslow TW4 6BH.<\/p>\n<p><a href=\"https:\/\/asmfreight.co.uk\/\" target=\"_new\" rel=\"noopener\">ASM Freight Services UK tollivormistusagentuuri veebisait<\/a><\/p>\n<p><strong>L\u00e4bivaatamise tulemus: <\/strong>5<br \/> <strong>Arvamuste arv:<\/strong> 67<br \/><a href=\"https:\/\/www.google.co.uk\/maps?cid=10709402844354100596&#038;hl=en&#038;gl=GB\" target=\"_new\" rel=\"noopener\">Loe kommentaare<\/a><\/p>\n<h2><span class=\"ez-toc-section\" id=\"GR_FREIGHT_SERVICES_UK_CUSTOM_CLEARANCE_AGENT\"><\/span>GR KAUBAVEOTEENUSED UK TOLLIVORMISTUSAGENT<span class=\"ez-toc-section-end\"><\/span><\/h2>\n<p><img decoding=\"async\" src=\"https:\/\/moverdb.com\/wp-content\/uploads\/AF1QipO359fre5KsBdit3U_HXEbB4w7zihF8p6CDOFTBw408-h289-k-no.jpg\" alt='GR KAUBAVEOTEENUSED UK TOLLIVORMISTUSAGENT' class=\"aligncenter\"><\/p>\n<p><strong>Ettev\u00f5tte kirjeldus: <\/strong>GR Freight Services pakub teile parimaid teenuseid v\u00e4ga m\u00f5istlike hindadega.<\/p>\n<p> Me oleme s\u00f5ltumatu \u00dchendkuningriigis asuv kaubaveo ja tollivormistuse ekspordi-\/impordiettev\u00f5te.<\/p>\n<p><strong>T\u00e4iendavad teenused:<\/strong><\/p>\n<p>Ei ole loetletud<\/p>\n<p><strong>Aadress:<\/strong> VISTA CENTRE, 50 Salisbury Rd, Hounslow TW4 6JQ<\/p>\n<p><a href=\"https:\/\/grfreightservices.com\/\" target=\"_new\" rel=\"noopener\">GR FREIGHT SERVICES UK CUSTOM CLEARANCE AGENT veebisait<\/a><\/p>\n<p><strong>L\u00e4bivaatamise tulemus: <\/strong>4.9<br \/> <strong>Arvamuste arv:<\/strong> 103<br \/><a href=\"https:\/\/www.google.co.uk\/maps?cid=4914496501845168104&#038;hl=en&#038;gl=GB\" target=\"_new\" rel=\"noopener\">Loe kommentaare<\/a><\/p>\n<h2><span class=\"ez-toc-section\" id=\"Ligentia\"><\/span>Ligentia<span class=\"ez-toc-section-end\"><\/span><\/h2>\n<p><img decoding=\"async\" src=\"https:\/\/moverdb.com\/wp-content\/uploads\/AF1QipMp-rdB8OLG27ZYzeaSre2H-uCmWQ9hC38qc5L2w408-h725-k-no.jpg\" alt='Ligentia' class=\"aligncenter\"><\/p>\n<p><strong>Ettev\u00f5tte kirjeldus: <\/strong>Ei ole ette n\u00e4htud<\/p>\n<p><strong>T\u00e4iendavad teenused:<\/strong><\/p>\n<p>Logistika<\/p>\n<p><strong>Aadress:<\/strong> Unit C Parkway West, Cranford Ln, Heston TW5 9QA<\/p>\n<p><a href=\"http:\/\/www.ligentia.com\/\" target=\"_new\" rel=\"noopener\">Ligentia veebisait<\/a><\/p>\n<p><strong>L\u00e4bivaatamise tulemus: <\/strong>4.8<br \/> <strong>Arvamuste arv:<\/strong> 9<br \/><a href=\"https:\/\/www.google.co.uk\/maps?cid=8622497080151257850&#038;hl=en&#038;gl=GB\" target=\"_new\" rel=\"noopener\">Loe kommentaare<\/a><\/p>\n<h2><span class=\"ez-toc-section\" id=\"Global_Freight_Systems\"><\/span>Globaalsed kaubaveos\u00fcsteemid<span class=\"ez-toc-section-end\"><\/span><\/h2>\n<p><img decoding=\"async\" src=\"\" alt=\"Globaalsed kaubaveos\u00fcsteemid\" class=\"aligncenter\"><\/p>\n<p><strong>Ettev\u00f5tte kirjeldus: <\/strong>Ei ole ette n\u00e4htud<\/p>\n<p><strong>T\u00e4iendavad teenused:<\/strong><\/p>\n<p>Ei ole loetletud<\/p>\n<p><strong>Aadress:<\/strong> Heathrow Airport, Unit 5, X2 Building, Eastern Perimeter Rd, Hatton TW6 2GE<\/p>\n<p><a href=\"http:\/\/globalfreightsystems.co.uk\/\" target=\"_new\" rel=\"noopener\">Global Freight Systems veebisait<\/a><\/p>\n<p><strong>L\u00e4bivaatamise tulemus: <\/strong>5<br \/> <strong>Arvamuste arv:<\/strong> 1<br \/><a href=\"https:\/\/www.google.co.uk\/maps?cid=14963894912548206567&#038;hl=en&#038;gl=GB\" target=\"_new\" rel=\"noopener\">Loe kommentaare<\/a><\/p>\n<h2><span class=\"ez-toc-section\" id=\"How_we_picked_the_best_Hounslow_Freight_Forwarding_Companies\"><\/span>Kuidas me valisime parimad Hounslow ekspedeerimisfirmad<span class=\"ez-toc-section-end\"><\/span><\/h2>\n<p>Alustasime 51 Hounslow kaubaveoettev\u00f5tte andmestikust, mille leidsime Google Mapsi kaudu, ja kitsendasime selle 15 parimaks.<\/p>\n<p>Selleks eemaldasime k\u00f5ik ettev\u00f5tted, mis:<\/p>\n<ul>\n<li> Ei olnud veebilehte<\/li>\n<li> Ei olnud kommentaare<\/li>\n<li> Keskmine hinde oli alla 2,0<\/li>\n<\/ul>\n<p>Sel hetkel, kui meil oli 17 v\u00f5i v\u00e4hem ekspediitorit, loetlesime nad k\u00f5ik \u00fcles.<\/p>\n<p>Linnade puhul, kus meil j\u00e4i \u00fcle 17 saatja, tegime edasisi muudatusi, suurendades kas n\u00f5utavat hindamist (nt t\u00f5stes minimaalse hinde 2,0-lt 4,0-le) ja\/v\u00f5i suurendades n\u00f5utavate hindamiste minimaalset arvu (nt t\u00f5stes v\u00e4hemalt 1 hindamiselt v\u00e4hemalt 10-le).<\/p>\n<p>Pange t\u00e4hele, et me kasutasime ainult Google Maps'i \u00fclevaatuste andmeid, mitte muid kolmandate osapoolte veebisaite.<\/p>\n<p>Rohkem linnu:<\/p>\n<p><a href=\"https:\/\/moverdb.com\/et\/ekspediitor\/freight-forwarding-uk\/bristol-freight-forwarder\/\">Bristoli ekspediitor<\/a><br \/><a href=\"https:\/\/moverdb.com\/et\/ekspediitor\/freight-forwarding-uk\/sheffield-freight-forwarder\/\">Sheffieldi ekspediitor<\/a><br \/><a href=\"https:\/\/moverdb.com\/et\/ekspediitor\/freight-forwarding-uk\/dover-freight-forwarder\/\">Doveri ekspediitor<\/a><br \/><a href=\"https:\/\/moverdb.com\/et\/ekspediitor\/freight-forwarding-uk\/ashford-freight-forwarder\/\">Ashfordi ekspediitor<\/a><br \/><a href=\"https:\/\/moverdb.com\/et\/ekspediitor\/freight-forwarding-uk\/egham-freight-forwarder\/\">Egham ekspediitor<\/a><\/p>","protected":false},"excerpt":{"rendered":"<p>Below we look at the 15 &#8220;best&#8221; Freight Forwarding companies in Hounslow out of 51. To learn more about how we chose the best please consult our FAQ section at the end. Please not the following listings are in no particular order and we are not making any recommendations for any particular company. Globe Air [&hellip;]<\/p>\n","protected":false},"author":1,"featured_media":0,"parent":13427,"menu_order":0,"comment_status":"open","ping_status":"open","template":"","meta":{"_genesis_hide_title":false,"_genesis_hide_breadcrumbs":false,"_genesis_hide_singular_image":false,"_genesis_hide_footer_widgets":false,"_genesis_custom_body_class":"","_genesis_custom_post_class":"","_genesis_layout":"","footnotes":""},"class_list":{"0":"post-13614","1":"page","2":"type-page","3":"status-publish","5":"entry","6":"has-post-thumbnail"},"_links":{"self":[{"href":"https:\/\/moverdb.com\/et\/wp-json\/wp\/v2\/pages\/13614","targetHints":{"allow":["GET"]}}],"collection":[{"href":"https:\/\/moverdb.com\/et\/wp-json\/wp\/v2\/pages"}],"about":[{"href":"https:\/\/moverdb.com\/et\/wp-json\/wp\/v2\/types\/page"}],"author":[{"embeddable":true,"href":"https:\/\/moverdb.com\/et\/wp-json\/wp\/v2\/users\/1"}],"replies":[{"embeddable":true,"href":"https:\/\/moverdb.com\/et\/wp-json\/wp\/v2\/comments?post=13614"}],"version-history":[{"count":1,"href":"https:\/\/moverdb.com\/et\/wp-json\/wp\/v2\/pages\/13614\/revisions"}],"predecessor-version":[{"id":15690,"href":"https:\/\/moverdb.com\/et\/wp-json\/wp\/v2\/pages\/13614\/revisions\/15690"}],"up":[{"embeddable":true,"href":"https:\/\/moverdb.com\/et\/wp-json\/wp\/v2\/pages\/13427"}],"wp:attachment":[{"href":"https:\/\/moverdb.com\/et\/wp-json\/wp\/v2\/media?parent=13614"}],"curies":[{"name":"wp","href":"https:\/\/api.w.org\/{rel}","templated":true}]}}