{"id":11671,"date":"2023-11-29T10:19:29","date_gmt":"2023-11-29T10:19:29","guid":{"rendered":"https:\/\/moverdb.com\/?page_id=11671"},"modified":"2026-01-08T15:23:52","modified_gmt":"2026-01-08T15:23:52","slug":"moving-companies-us-utah","status":"publish","type":"page","link":"https:\/\/moverdb.com\/et\/moving-companies\/moving-companies-us-utah\/","title":{"rendered":"2 parimat rahvusvahelist kolimisfirmat Utahis"},"content":{"rendered":"<p>Kolimine v\u00f5ib olla \u00fcks k\u00f5ige stressirohkemaid aegu teie elus, seega miks mitte v\u00f5tta appi <a href=\"https:\/\/moverdb.com\/et\/moving-companies\/\" data-internallinksmanager029f6b8e52c=\"79\" title=\"Top 25 rahvusvahelist kolimisfirmat Internetis\">kolimisfirma<\/a> et v\u00e4hendada survet? Kolimisfirma v\u00f5ib planeerida teie kolimist, korraldada transpordi ja pakkimise ning tegeleda ka tolliga, kui te kolivate riikide puhul. Allpool oleme koostanud nimekirja <a href=\"https:\/\/moverdb.com\/et\/moving-to-the-united-states\/moving-to-utah\/\" data-internallinksmanager029f6b8e52c=\"439\" title=\"Kolimine Utah&#039;sse? 2023 elamiskulud ja kolimisn\u00f5uanded\">Utah<\/a> p\u00f5hineb <a href=\"https:\/\/moverdb.com\/et\/international-removals\/\" data-internallinksmanager029f6b8e52c=\"27\" title=\"36 Parimad rahvusvahelised kolimisfirmad \u00dchendkuningriigis\">kolimisfirmad<\/a> mis on liikmed <a href=\"https:\/\/moverdb.com\/et\/iam\/\" data-internallinksmanager029f6b8e52c=\"23\" title=\"Rahvusvaheline kolijate assotsiatsioon (IAM) Selgitatud\">Rahvusvaheline kolijate assotsiatsioon<\/a> (IAM) ja\/v\u00f5i <a href=\"https:\/\/moverdb.com\/et\/fidi-faim\/\" data-internallinksmanager029f6b8e52c=\"16\" title=\"FIDI &amp; FAIM (FIDI akrediteeritud rahvusvaheline kolija) selgitatud\">FIDI<\/a> akrediteeritud rahvusvaheline kolija (FAIM), kes v\u00f5iks teid teie kolimisel aidata.<\/p>\n<h2><strong>1. Legacy Moving<\/strong><\/h2>\n<p><img loading=\"lazy\" decoding=\"async\" class=\"alignnone size-full wp-image-11363\" src=\"https:\/\/moverdb.com\/wp-content\/uploads\/Legacy-Moving-international-moving-company.png\" alt=\"Legacy Moving rahvusvaheline kolimisfirma\" width=\"1440\" height=\"675\" data-wp-pid=\"11363\" srcset=\"https:\/\/moverdb.com\/wp-content\/uploads\/Legacy-Moving-international-moving-company.png 1440w, https:\/\/moverdb.com\/wp-content\/uploads\/Legacy-Moving-international-moving-company-300x141.png 300w, https:\/\/moverdb.com\/wp-content\/uploads\/Legacy-Moving-international-moving-company-1024x480.png 1024w, https:\/\/moverdb.com\/wp-content\/uploads\/Legacy-Moving-international-moving-company-18x8.png 18w, https:\/\/moverdb.com\/wp-content\/uploads\/Legacy-Moving-international-moving-company-600x281.png 600w\" sizes=\"auto, (max-width: 1440px) 100vw, 1440px\" \/><\/p>\n<ul>\n<li>Riiklikud liikumised<\/li>\n<li>Rahvusvahelised liikumised<\/li>\n<li>Elamu kolimine<\/li>\n<li>\u00c4ri- ja kontorik\u00e4igud<\/li>\n<li>T\u00e4isteenust pakkuvad kolimisteenused<\/li>\n<li>Pakkimisteenus<\/li>\n<li>Transpordi korraldamine<\/li>\n<li>Kogenud konsultandid<\/li>\n<li>Kindlustatud<\/li>\n<li>Turvaline ladustamine<\/li>\n<\/ul>\n<p>Legacy Moving on St George'is asuv kolimis- ja ladustamisettev\u00f5te. Nad on IAMi liige kuueaastase kogemusega, mis annab neile riikliku ja rahvusvahelise kolimisettev\u00f5tete v\u00f5rgustiku, millega nad saavad koost\u00f6\u00f6d teha.<\/p>\n<p>Legacy Moving pakub elamu-, \u00e4ri- ja kontorikorraldust kaug- ja rahvusvaheliselt. Nad pakuvad pakkimisteenust, mis kasutab professionaalseid pakkimisvahendeid ja koolitatud t\u00f6\u00f6tajaid, et tagada teie asjade turvaline pakkimine. Nad pakuvad kogenud konsultante, kes toetavad teid teie kolimise ajal ning nende teenused on litsentseeritud ja kindlustatud. Samuti pakuvad nad turvalisi hoiuruume, kui vajate neid v\u00e4ljaviimisel v\u00f5i enne sissekolimist.<\/p>\n<p>Veebileht: <a href=\"https:\/\/legacymovingstgeorge.com\/\" target=\"_blank\" rel=\"noopener\">https:\/\/legacymovingstgeorge.com\/<\/a><\/p>\n<h2><strong>2. Mesa kolimine ja ladustamine<\/strong><\/h2>\n<p><img loading=\"lazy\" decoding=\"async\" class=\"alignnone size-full wp-image-11375\" src=\"https:\/\/moverdb.com\/wp-content\/uploads\/Mesa-Moving-Storage-international-moving-company.png\" alt=\"Mesa Moving &amp; Storage rahvusvaheline kolimisfirma\" width=\"1440\" height=\"678\" data-wp-pid=\"11375\" srcset=\"https:\/\/moverdb.com\/wp-content\/uploads\/Mesa-Moving-Storage-international-moving-company.png 1440w, https:\/\/moverdb.com\/wp-content\/uploads\/Mesa-Moving-Storage-international-moving-company-300x141.png 300w, https:\/\/moverdb.com\/wp-content\/uploads\/Mesa-Moving-Storage-international-moving-company-1024x482.png 1024w, https:\/\/moverdb.com\/wp-content\/uploads\/Mesa-Moving-Storage-international-moving-company-18x8.png 18w, https:\/\/moverdb.com\/wp-content\/uploads\/Mesa-Moving-Storage-international-moving-company-600x283.png 600w\" sizes=\"auto, (max-width: 1440px) 100vw, 1440px\" \/><\/p>\n<ul>\n<li>Kohalikud kolimised<\/li>\n<li>Kaugliinide \u00fcmberpaigutamine<\/li>\n<li>Kodumajapidamiste kolimised<\/li>\n<li>Kontori- ja \u00e4ritegevuse kolimised<\/li>\n<li>Pakkimisteenus<\/li>\n<li>Transpordikorraldus<\/li>\n<li>Kunsti ja antiigi k\u00e4sitlemine<\/li>\n<li><a href=\"https:\/\/moverdb.com\/et\/car-transport-shipping\/\" data-internallinksmanager029f6b8e52c=\"2\" title=\"2026 Rahvusvaheline autoveo ja s\u00f5idukite veo hinnapakkumised\">S\u00f5iduki saatmine<\/a><\/li>\n<li>Ladustamisv\u00f5imalused<\/li>\n<\/ul>\n<p>Mesa Moving &amp; Storage on 1981. aastal asutatud kolimisfirma, mille tegevuskohad asuvad Salt Lake Citys, <a href=\"https:\/\/moverdb.com\/et\/moving-to-the-united-states\/moving-to-colorado\/\" data-internallinksmanager029f6b8e52c=\"399\" title=\"Koloradosse kolimine? 2023 elamiskulud ja kolimisn\u00f5uanded\">Colorado<\/a> <a href=\"https:\/\/moverdb.com\/et\/moving-to-the-united-states\/moving-to-idaho\/\" data-internallinksmanager029f6b8e52c=\"405\" title=\"Kolimine Idahosse? 2023 elamiskulud ja kolimisn\u00f5uanded\">Idaho<\/a> ja <a href=\"https:\/\/moverdb.com\/et\/moving-to-the-united-states\/moving-to-montana\/\" data-internallinksmanager029f6b8e52c=\"461\" title=\"Kolimine Montanasse? 2024 elamiskulud ja kolimisn\u00f5uanded\">Montana<\/a>. Nad on United Van Lines'i agent, mis annab neile riiklike kolimisfirmade v\u00f5rgustiku, millega nad saavad koost\u00f6\u00f6d teha. Nad on 12-aastase kogemusega IAMi liige ja on akrediteeritud FIDI poolt.<\/p>\n<p>Mesa Moving &amp; Storage pakub kodude ja kontorite kolimisteenuseid nii kohalikul kui ka riiklikul tasandil. Nad pakuvad professionaalset pakkimisteenust koos kvalifitseeritud ja koolitatud kolijatega, kes tagavad, et teie esemed on transpordiks asjakohaselt ja turvaliselt pakitud, olenemata nende kujust ja suurusest.<\/p>\n<p>Veebileht: <a href=\"https:\/\/mesamoving.com\/\" target=\"_blank\" rel=\"noopener\">https:\/\/mesamoving.com\/<\/a><\/p>","protected":false},"excerpt":{"rendered":"<p>Moving can be one of the most stressful times in your life, so why not enlist the support of a moving company to reduce the pressure? A moving company can plan your move, arrange transportation and pack your belongings as well as handle customs if moving countries. Below we have compiled a list of Utah [&hellip;]<\/p>\n","protected":false},"author":4,"featured_media":11363,"parent":190,"menu_order":0,"comment_status":"closed","ping_status":"closed","template":"","meta":{"_genesis_hide_title":false,"_genesis_hide_breadcrumbs":false,"_genesis_hide_singular_image":false,"_genesis_hide_footer_widgets":false,"_genesis_custom_body_class":"","_genesis_custom_post_class":"","_genesis_layout":"","footnotes":""},"class_list":{"0":"post-11671","1":"page","2":"type-page","3":"status-publish","4":"has-post-thumbnail","6":"entry"},"_links":{"self":[{"href":"https:\/\/moverdb.com\/et\/wp-json\/wp\/v2\/pages\/11671","targetHints":{"allow":["GET"]}}],"collection":[{"href":"https:\/\/moverdb.com\/et\/wp-json\/wp\/v2\/pages"}],"about":[{"href":"https:\/\/moverdb.com\/et\/wp-json\/wp\/v2\/types\/page"}],"author":[{"embeddable":true,"href":"https:\/\/moverdb.com\/et\/wp-json\/wp\/v2\/users\/4"}],"replies":[{"embeddable":true,"href":"https:\/\/moverdb.com\/et\/wp-json\/wp\/v2\/comments?post=11671"}],"version-history":[{"count":1,"href":"https:\/\/moverdb.com\/et\/wp-json\/wp\/v2\/pages\/11671\/revisions"}],"predecessor-version":[{"id":11672,"href":"https:\/\/moverdb.com\/et\/wp-json\/wp\/v2\/pages\/11671\/revisions\/11672"}],"up":[{"embeddable":true,"href":"https:\/\/moverdb.com\/et\/wp-json\/wp\/v2\/pages\/190"}],"wp:featuredmedia":[{"embeddable":true,"href":"https:\/\/moverdb.com\/et\/wp-json\/wp\/v2\/media\/11363"}],"wp:attachment":[{"href":"https:\/\/moverdb.com\/et\/wp-json\/wp\/v2\/media?parent=11671"}],"curies":[{"name":"wp","href":"https:\/\/api.w.org\/{rel}","templated":true}]}}