{"id":11668,"date":"2023-11-29T10:49:05","date_gmt":"2023-11-29T10:49:05","guid":{"rendered":"https:\/\/moverdb.com\/?page_id=11668"},"modified":"2026-01-08T15:29:30","modified_gmt":"2026-01-08T15:29:30","slug":"moving-companies-us-texas","status":"publish","type":"page","link":"https:\/\/moverdb.com\/et\/moving-companies\/moving-companies-us-texas\/","title":{"rendered":"7 parimat rahvusvahelist kolimisfirmat Texases"},"content":{"rendered":"<p>Kolimise planeerimine v\u00f5ib olla stressirohke aeg, seega miks mitte v\u00f5tta appi <a href=\"https:\/\/moverdb.com\/et\/moving-companies\/\" data-internallinksmanager029f6b8e52c=\"79\" title=\"Top 25 rahvusvahelist kolimisfirmat Internetis\">kolimisfirma<\/a> et valgustada oma koormust? Nad saavad aidata planeerimisel, pakivad teie asjad ja korraldavad transpordi, samuti tegelevad nad tolliga, kui kolimine toimub rahvusvaheliselt. Allpool oleme koostanud nimekirja <a href=\"https:\/\/moverdb.com\/et\/moving-to-the-united-states\/moving-to-texas\/\" data-internallinksmanager029f6b8e52c=\"397\" title=\"Elamiskulud ja kolimisn\u00f5uanded 2023 Texases?\">Texas<\/a> p\u00f5hineb <a href=\"https:\/\/moverdb.com\/et\/international-removals\/\" data-internallinksmanager029f6b8e52c=\"27\" title=\"36 Parimad rahvusvahelised kolimisfirmad \u00dchendkuningriigis\">kolimisfirmad<\/a> mis on liikmed <a href=\"https:\/\/moverdb.com\/et\/iam\/\" data-internallinksmanager029f6b8e52c=\"23\" title=\"Rahvusvaheline kolijate assotsiatsioon (IAM) Selgitatud\">Rahvusvaheline kolijate assotsiatsioon<\/a> (IAM) ja\/v\u00f5i <a href=\"https:\/\/moverdb.com\/et\/fidi-faim\/\" data-internallinksmanager029f6b8e52c=\"16\" title=\"FIDI &amp; FAIM (FIDI akrediteeritud rahvusvaheline kolija) selgitatud\">FIDI<\/a> Akrediteeritud rahvusvaheline kolija (FAIM), kes v\u00f5iks teid kolimisel aidata.<\/p>\n<div id=\"ez-toc-container\" class=\"ez-toc-v2_0_82_2 ez-toc-wrap-left counter-hierarchy ez-toc-counter ez-toc-transparent ez-toc-container-direction\">\n<div class=\"ez-toc-title-container\">\n<p class=\"ez-toc-title\" style=\"cursor:inherit\">Jaotised<\/p>\n<span class=\"ez-toc-title-toggle\"><a href=\"#\" class=\"ez-toc-pull-right ez-toc-btn ez-toc-btn-xs ez-toc-btn-default ez-toc-toggle\" aria-label=\"Sisukorra vaheldumine\"><span class=\"ez-toc-js-icon-con\"><span class=\"\"><span class=\"eztoc-hide\" style=\"display:none;\">Toggle<\/span><span class=\"ez-toc-icon-toggle-span\"><svg style=\"fill: #999;color:#999\" xmlns=\"http:\/\/www.w3.org\/2000\/svg\" class=\"list-377408\" width=\"20px\" height=\"20px\" viewbox=\"0 0 24 24\" fill=\"none\"><path d=\"M6 6H4v2h2V6zm14 0H8v2h12V6zM4 11h2v2H4v-2zm16 0H8v2h12v-2zM4 16h2v2H4v-2zm16 0H8v2h12v-2z\" fill=\"currentColor\"><\/path><\/svg><svg style=\"fill: #999;color:#999\" class=\"arrow-unsorted-368013\" xmlns=\"http:\/\/www.w3.org\/2000\/svg\" width=\"10px\" height=\"10px\" viewbox=\"0 0 24 24\" version=\"1.2\" baseprofile=\"tiny\"><path d=\"M18.2 9.3l-6.2-6.3-6.2 6.3c-.2.2-.3.4-.3.7s.1.5.3.7c.2.2.4.3.7.3h11c.3 0 .5-.1.7-.3.2-.2.3-.5.3-.7s-.1-.5-.3-.7zM5.8 14.7l6.2 6.3 6.2-6.3c.2-.2.3-.5.3-.7s-.1-.5-.3-.7c-.2-.2-.4-.3-.7-.3h-11c-.3 0-.5.1-.7.3-.2.2-.3.5-.3.7s.1.5.3.7z\"\/><\/svg><\/span><\/span><\/span><\/a><\/span><\/div>\n<nav><ul class='ez-toc-list ez-toc-list-level-1 eztoc-toggle-hide-by-default' ><li class='ez-toc-page-1 ez-toc-heading-level-2'><a class=\"ez-toc-link ez-toc-heading-1\" href=\"https:\/\/moverdb.com\/et\/moving-companies\/moving-companies-us-texas\/#1_A-1_Freeman_Moving_Group\" >1. A-1 Freeman Moving Group<\/a><\/li><li class='ez-toc-page-1 ez-toc-heading-level-2'><a class=\"ez-toc-link ez-toc-heading-2\" href=\"https:\/\/moverdb.com\/et\/moving-companies\/moving-companies-us-texas\/#2_Central_Transportation_Systems\" >2. Kesksed transpordis\u00fcsteemid<\/a><\/li><li class='ez-toc-page-1 ez-toc-heading-level-2'><a class=\"ez-toc-link ez-toc-heading-3\" href=\"https:\/\/moverdb.com\/et\/moving-companies\/moving-companies-us-texas\/#3_Daryl_Flood_Moving_Storage\" >3. Daryl Flood Moving &amp; Storage<\/a><\/li><li class='ez-toc-page-1 ez-toc-heading-level-2'><a class=\"ez-toc-link ez-toc-heading-4\" href=\"https:\/\/moverdb.com\/et\/moving-companies\/moving-companies-us-texas\/#4_Firefighters_Finest_Moving_Storage\" >4. Tulet\u00f5rjuja parim kolimine ja ladustamine<\/a><\/li><li class='ez-toc-page-1 ez-toc-heading-level-2'><a class=\"ez-toc-link ez-toc-heading-5\" href=\"https:\/\/moverdb.com\/et\/moving-companies\/moving-companies-us-texas\/#5_Scobey_Moving_Storage\" >5. Scobey kolimine ja ladustamine<\/a><\/li><li class='ez-toc-page-1 ez-toc-heading-level-2'><a class=\"ez-toc-link ez-toc-heading-6\" href=\"https:\/\/moverdb.com\/et\/moving-companies\/moving-companies-us-texas\/#6_Trans_Global_Auto_Logistics\" >6. Trans Global Auto Logistics<\/a><\/li><li class='ez-toc-page-1 ez-toc-heading-level-2'><a class=\"ez-toc-link ez-toc-heading-7\" href=\"https:\/\/moverdb.com\/et\/moving-companies\/moving-companies-us-texas\/#7_Transportation_Worldwide\" >7. Transport kogu maailmas<\/a><\/li><\/ul><\/nav><\/div>\n<h2><span class=\"ez-toc-section\" id=\"1_A-1_Freeman_Moving_Group\"><\/span><strong>1. A-1 Freeman Moving Group<\/strong><span class=\"ez-toc-section-end\"><\/span><\/h2>\n<p><img loading=\"lazy\" decoding=\"async\" class=\"alignnone size-full wp-image-11236\" src=\"https:\/\/moverdb.com\/wp-content\/uploads\/A1-Freeman-Moving-Group-international-moving-company.png\" alt=\"A1 Freeman Moving Group rahvusvaheline kolimisfirma\" width=\"1440\" height=\"675\" data-wp-pid=\"11236\" srcset=\"https:\/\/moverdb.com\/wp-content\/uploads\/A1-Freeman-Moving-Group-international-moving-company.png 1440w, https:\/\/moverdb.com\/wp-content\/uploads\/A1-Freeman-Moving-Group-international-moving-company-300x141.png 300w, https:\/\/moverdb.com\/wp-content\/uploads\/A1-Freeman-Moving-Group-international-moving-company-1024x480.png 1024w, https:\/\/moverdb.com\/wp-content\/uploads\/A1-Freeman-Moving-Group-international-moving-company-18x8.png 18w, https:\/\/moverdb.com\/wp-content\/uploads\/A1-Freeman-Moving-Group-international-moving-company-600x281.png 600w\" sizes=\"auto, (max-width: 1440px) 100vw, 1440px\" \/><\/p>\n<ul>\n<li>Kohalikud ja pikamaa kolimised<\/li>\n<li>Rahvusvahelised liikumised<\/li>\n<li>Elamu kolimine<\/li>\n<li>Kaubanduslikud k\u00e4igud<\/li>\n<li>Ettev\u00f5tete \u00fcmberpaigutused<\/li>\n<li>Liikumiseelne tugi<\/li>\n<li>Pakkimise v\u00f5imalused<\/li>\n<li>Tollivormistus<\/li>\n<li>S\u00f5iduki transport<\/li>\n<li>Ladustamisv\u00f5imalused<\/li>\n<\/ul>\n<p>A-1 Freeman Moving Group on 1974. aastal asutatud kolimis-, \u00fcmberpaigutamis- ja transpordifirma, millel on 12 tegevuskohta \u00fcle kogu maailma. <a href=\"https:\/\/moverdb.com\/et\/moving-to-the-united-states\/\" data-internallinksmanager029f6b8e52c=\"94\" title=\"Kolimine Ameerika \u00dchendriikidesse? 2022 Elamiskulud ja kolimisn\u00f5uanded\">USA<\/a> sealhulgas kuus Texases aastal <a href=\"https:\/\/moverdb.com\/et\/moving-to-dallas\/\" data-internallinksmanager029f6b8e52c=\"41\" title=\"Kolimine Dallasesse? 2022 elamiskulud ja kolimisn\u00f5uanded\">Dallas<\/a>, El Paso, <a href=\"https:\/\/moverdb.com\/et\/moving-to-houston\/\" data-internallinksmanager029f6b8e52c=\"47\" title=\"Kolimine Houstonisse? 2022 elamiskulud ja kolimisn\u00f5uanded\">Houston<\/a>, San Antonio, Wichita Falls ja Nolanville. Nad on North American Van Lines'i agent, mis annab neile liikuvate agentide v\u00f5rgustiku, kellega nad saavad koost\u00f6\u00f6d teha. Nad on IAM-i liige 33-aastase kogemusega.<\/p>\n<p>A-1 Freeman Moving Group pakub tasuta hinnapakkumist ja pakub eelplaneerimise tuge. Neil on t\u00e4ielikult koolitatud ja kvalifitseeritud meeskonnad, kes pakuvad professionaalseid ja kohandatud pakkimisteenuseid, valides t\u00e4isteenuse pakkimise, ainult habraste osade pakkimise ja isepakkimise v\u00f5imalusi.<\/p>\n<p>Veebileht: <a href=\"https:\/\/www.a-1freeman.com\/\" target=\"_blank\" rel=\"noopener\">https:\/\/www.a-1freeman.com\/<\/a><\/p>\n<h2><span class=\"ez-toc-section\" id=\"2_Central_Transportation_Systems\"><\/span><strong>2. Kesksed transpordis\u00fcsteemid<\/strong><span class=\"ez-toc-section-end\"><\/span><\/h2>\n<p><img loading=\"lazy\" decoding=\"async\" class=\"alignnone size-full wp-image-11283\" src=\"https:\/\/moverdb.com\/wp-content\/uploads\/Central-Transportation-Systems-international-moving-company.png\" alt=\"Central Transportation Systems rahvusvaheline kolimisfirma\" width=\"1440\" height=\"676\" data-wp-pid=\"11283\" srcset=\"https:\/\/moverdb.com\/wp-content\/uploads\/Central-Transportation-Systems-international-moving-company.png 1440w, https:\/\/moverdb.com\/wp-content\/uploads\/Central-Transportation-Systems-international-moving-company-300x141.png 300w, https:\/\/moverdb.com\/wp-content\/uploads\/Central-Transportation-Systems-international-moving-company-1024x481.png 1024w, https:\/\/moverdb.com\/wp-content\/uploads\/Central-Transportation-Systems-international-moving-company-18x8.png 18w, https:\/\/moverdb.com\/wp-content\/uploads\/Central-Transportation-Systems-international-moving-company-600x282.png 600w\" sizes=\"auto, (max-width: 1440px) 100vw, 1440px\" \/><\/p>\n<ul>\n<li>Kohalikud ja pikamaa kolimised<\/li>\n<li>Rahvusvahelised liikumised<\/li>\n<li>Elamu kolimine<\/li>\n<li>Kaubanduslikud k\u00e4igud<\/li>\n<li>Ukselt-uksele teenus<\/li>\n<li>Spetsiaalsed kolimiskoordinaatorid<\/li>\n<li>Pakkimisteenus<\/li>\n<li>Tollivormistus<\/li>\n<li>T\u00e4ielik kindlustuskaitse<\/li>\n<li>L\u00fchi- ja pikaajaline ladustamine<\/li>\n<\/ul>\n<p>Central Transportation Systems on kolimis- ja ladustamisettev\u00f5te, mille asukohad asuvad El Pasos, Austinis, Killeenis ja Wacos. Nad on United Van Lines'i agent ja neil on professionaalne partnerite v\u00f5rgustik, mis pakub kolmanda osapoole logistikat ja aitab neil oma teenuseid pakkuda. Nad on 96-aastase kogemusega IAMi liige.<\/p>\n<p>Central Transportation Systems pakub uksest-ukseni kolimisteenuseid koos kvalifitseeritud kolimiskoordinaatoriga, kes koostab teie vajadustele ja eelarvele kohandatud kolimisplaani. Nad pakuvad t\u00e4isteenuse kolimist koos kvalifitseeritud kolijate meeskonnaga, kes pakivad ja pakivad teie asjad oskuslikult ning tegelevad tollivormistusega.<\/p>\n<p>Veebileht: <a href=\"http:\/\/www.centralsystems.com\" target=\"_blank\" rel=\"noopener\">http:\/\/www.centralsystems.com<\/a><\/p>\n<h2><span class=\"ez-toc-section\" id=\"3_Daryl_Flood_Moving_Storage\"><\/span><strong>3. Daryl Flood Moving &amp; Storage<\/strong><span class=\"ez-toc-section-end\"><\/span><\/h2>\n<p><img loading=\"lazy\" decoding=\"async\" class=\"alignnone size-full wp-image-11303\" src=\"https:\/\/moverdb.com\/wp-content\/uploads\/Daryl-Flood-Moving-Storage-international-moving-company.png\" alt=\"Daryl Flood Moving &amp; Storage rahvusvaheline kolimisfirma\" width=\"1440\" height=\"675\" data-wp-pid=\"11303\" srcset=\"https:\/\/moverdb.com\/wp-content\/uploads\/Daryl-Flood-Moving-Storage-international-moving-company.png 1440w, https:\/\/moverdb.com\/wp-content\/uploads\/Daryl-Flood-Moving-Storage-international-moving-company-300x141.png 300w, https:\/\/moverdb.com\/wp-content\/uploads\/Daryl-Flood-Moving-Storage-international-moving-company-1024x480.png 1024w, https:\/\/moverdb.com\/wp-content\/uploads\/Daryl-Flood-Moving-Storage-international-moving-company-18x8.png 18w, https:\/\/moverdb.com\/wp-content\/uploads\/Daryl-Flood-Moving-Storage-international-moving-company-600x281.png 600w\" sizes=\"auto, (max-width: 1440px) 100vw, 1440px\" \/><\/p>\n<ul>\n<li>Kohalikud ja pikamaa kolimised<\/li>\n<li>Rahvusvahelised liikumised<\/li>\n<li>Elamu kolimine<\/li>\n<li>Kontori kolimised<\/li>\n<li>Spetsiaalne rahvusvahelise kolimise koordinaator<\/li>\n<li>Ukselt-uksele teenus<\/li>\n<li>Pakkimisteenus<\/li>\n<li>Tollitoetus<\/li>\n<li>Sisseseadmisteenused<\/li>\n<li>Turvalised hoiuteenused<\/li>\n<\/ul>\n<p>Daryl Flood Moving &amp; Storage on 1982. aastal asutatud kolimisfirma, mille asukohad asuvad Austinis ja Dallases, <a href=\"https:\/\/moverdb.com\/et\/moving-to-fort-worth\/\" data-internallinksmanager029f6b8e52c=\"45\" title=\"Kolimine Fort Worthi? 2022 elamiskulud ja kolimisn\u00f5uanded\">Fort Worth<\/a>, Houston ja San Antonio. Nad on Mayflower Van Lines'i agent, mis annab neile laiema kolimisettev\u00f5tete v\u00f5rgustiku, millega nad saavad oma teenuste osutamiseks koost\u00f6\u00f6d teha kogu USAs. Nad on akrediteeritud FIDI poolt.<\/p>\n<p>Daryl Flood Moving &amp; Storage pakub kohandatud ukselt-uksele kolimisteenuseid, mille puhul on v\u00f5imalik valida nii t\u00e4isteenust kui ka iseendale pakkimise v\u00f5imalusi. Nad pakuvad kontrollitud ja koolitatud professionaalseid kolimismeeskondi, kes suudavad teie asjad t\u00e4ielikult v\u00f5i osaliselt pakendada, kasutades kvaliteetseid pakkematerjale. Nad pakuvad sisseelamisteenuseid, sealhulgas kodu ja kooli otsimist, orienteerumist ja ajutist majutust.<\/p>\n<p>Veebileht: <a href=\"http:\/\/www.darylflood.com\" target=\"_blank\" rel=\"noopener\">http:\/\/www.darylflood.com<\/a><\/p>\n<h2><span class=\"ez-toc-section\" id=\"4_Firefighters_Finest_Moving_Storage\"><\/span><strong>4. Tulet\u00f5rjuja parim kolimine ja ladustamine<\/strong><span class=\"ez-toc-section-end\"><\/span><\/h2>\n<p><img loading=\"lazy\" decoding=\"async\" class=\"alignnone size-full wp-image-11320\" src=\"https:\/\/moverdb.com\/wp-content\/uploads\/Firefightings-Finest-Moving-Storage-international-moving-company.png\" alt=\"Firefightings Finest Moving &amp; Storage rahvusvaheline kolimisfirma\" width=\"1440\" height=\"676\" data-wp-pid=\"11320\" srcset=\"https:\/\/moverdb.com\/wp-content\/uploads\/Firefightings-Finest-Moving-Storage-international-moving-company.png 1440w, https:\/\/moverdb.com\/wp-content\/uploads\/Firefightings-Finest-Moving-Storage-international-moving-company-300x141.png 300w, https:\/\/moverdb.com\/wp-content\/uploads\/Firefightings-Finest-Moving-Storage-international-moving-company-1024x481.png 1024w, https:\/\/moverdb.com\/wp-content\/uploads\/Firefightings-Finest-Moving-Storage-international-moving-company-18x8.png 18w, https:\/\/moverdb.com\/wp-content\/uploads\/Firefightings-Finest-Moving-Storage-international-moving-company-600x282.png 600w\" sizes=\"auto, (max-width: 1440px) 100vw, 1440px\" \/><\/p>\n<ul>\n<li>Kohalikud kolimised<\/li>\n<li>Kaugliinide \u00fcmberpaigutamine<\/li>\n<li>Kodumajapidamiste kolimised<\/li>\n<li>Ettev\u00f5tte liikumine<\/li>\n<li>Tasuta hinnang<\/li>\n<li>Pakkimisteenus<\/li>\n<li>Transpordi korraldamine<\/li>\n<li>Kaunite kunstiteoste ja antiigi k\u00e4sitlemine<\/li>\n<li>V\u00e4ljapakkimise teenus<\/li>\n<li>Pika- ja l\u00fchiajaline ladustamine<\/li>\n<\/ul>\n<p>Firefighting's Finest Moving &amp; Storage on kolimisfirma, mida alustasid 2001. aastal kaks t\u00f6\u00f6v\u00e4liselt t\u00f6\u00f6tavat tulet\u00f5rjujat ja mis on n\u00fc\u00fcdseks laiendanud oma asukohti Fort Worthis, Dallasis, Houstonis ja Austinis. Nad on 19-aastase kogemusega IAMi liige, mis annab neile kolimisettev\u00f5tete v\u00f5rgustiku, millega nad saavad koost\u00f6\u00f6d teha.<\/p>\n<p>Tulet\u00f5rje parimad kolimine &amp; ladustamine pakub tasuta <a href=\"https:\/\/moverdb.com\/et\/quotes\/\" data-internallinksmanager029f6b8e52c=\"26\" title=\"Rahvusvaheliste kolimiste hinnapakkumised: 12 k\u00fcsimust, mida k\u00fcsida oma kolija\">liikuv tsitaat<\/a> ja nad aitavad teil kolimist planeerida. Neil on kvaliteetsed professionaalsed kolimismeeskonnad, kes pakuvad polsterdamist, venitusfooliumi, k\u00e4rusid ja muud varustust, et kaitsta teie esemeid transpordil, eriti habraste esemete puhul.<\/p>\n<p>Veebileht: <a href=\"http:\/\/www.firefightermovers.com\" target=\"_blank\" rel=\"noopener\">http:\/\/www.firefightermovers.com<\/a><\/p>\n<h2><span class=\"ez-toc-section\" id=\"5_Scobey_Moving_Storage\"><\/span><strong>5. Scobey kolimine ja ladustamine<\/strong><span class=\"ez-toc-section-end\"><\/span><\/h2>\n<p><img loading=\"lazy\" decoding=\"async\" class=\"alignnone size-full wp-image-11436\" src=\"https:\/\/moverdb.com\/wp-content\/uploads\/Scobey-Moving-Storage-international-moving-company.png\" alt=\"Scobey Moving &amp; Storage rahvusvaheline kolimisfirma\" width=\"1440\" height=\"675\" data-wp-pid=\"11436\" srcset=\"https:\/\/moverdb.com\/wp-content\/uploads\/Scobey-Moving-Storage-international-moving-company.png 1440w, https:\/\/moverdb.com\/wp-content\/uploads\/Scobey-Moving-Storage-international-moving-company-300x141.png 300w, https:\/\/moverdb.com\/wp-content\/uploads\/Scobey-Moving-Storage-international-moving-company-1024x480.png 1024w, https:\/\/moverdb.com\/wp-content\/uploads\/Scobey-Moving-Storage-international-moving-company-18x8.png 18w, https:\/\/moverdb.com\/wp-content\/uploads\/Scobey-Moving-Storage-international-moving-company-600x281.png 600w\" sizes=\"auto, (max-width: 1440px) 100vw, 1440px\" \/><\/p>\n<ul>\n<li>Kohalikud ja pikamaa kolimised<\/li>\n<li>Rahvusvahelised liikumised<\/li>\n<li>Kodumajapidamiste kolimised<\/li>\n<li>Kaubanduslikud k\u00e4igud<\/li>\n<li>S\u00f5jav\u00e4e ja valitsuse \u00fcmberpaigutused<\/li>\n<li>Isikup\u00e4rastatud teenused<\/li>\n<li>T\u00e4isteenust pakkuvad kolimised<\/li>\n<li>Pakkimisv\u00f5imaluste valik<\/li>\n<li>Saadetise j\u00e4lgimine<\/li>\n<li>L\u00fchi- ja pikaajaline ladustamine<\/li>\n<\/ul>\n<p>Scobey Moving &amp; Storage on kolimisteenuseid pakkuv ettev\u00f5te, mille asukohad asuvad Killeenis, El Pasos ja San Antonios. Nad on seotud Mayflower Transitiga ja neil on mitmekesine kolimisettev\u00f5tete v\u00f5rgustik, mis toetab neid kolimis- ja ladustamisteenuste pakkumisel. Nad on IAMi liige 110-aastase kogemusega.<\/p>\n<p>Scobey Moving &amp; Storage pakub teie kolimisvajaduste hindamiseks ja hinnapakkumise koostamiseks isiklikku v\u00f5i virtuaalset \u00fclevaatust. Nad pakuvad pakkimisteenuseid v\u00f5i ise pakkimise v\u00f5imalusi. Nad pakuvad personaalset ukselt-uksele kolimisteenust koos teid toetava kolimiskoordinaatoriga. Nad pakuvad pakkimisteenuseid koos kohandatud pakkimisega ja t\u00e4ieliku asendusv\u00e4\u00e4rtuse katmisega.<\/p>\n<p>Veebileht: <a href=\"http:\/\/www.scobeymoving.com\/\" target=\"_blank\" rel=\"noopener\">http:\/\/www.scobeymoving.com\/<\/a><\/p>\n<h2><span class=\"ez-toc-section\" id=\"6_Trans_Global_Auto_Logistics\"><\/span><strong>6. Trans Global Auto Logistics<\/strong><span class=\"ez-toc-section-end\"><\/span><\/h2>\n<p><img loading=\"lazy\" decoding=\"async\" class=\"alignnone size-full wp-image-11459\" src=\"https:\/\/moverdb.com\/wp-content\/uploads\/Trans-Global-Auto-Logistics-international-moving-company.png\" alt=\"Trans Global Auto Logistics rahvusvaheline kolimisfirma\" width=\"1440\" height=\"655\" data-wp-pid=\"11459\" srcset=\"https:\/\/moverdb.com\/wp-content\/uploads\/Trans-Global-Auto-Logistics-international-moving-company.png 1440w, https:\/\/moverdb.com\/wp-content\/uploads\/Trans-Global-Auto-Logistics-international-moving-company-300x136.png 300w, https:\/\/moverdb.com\/wp-content\/uploads\/Trans-Global-Auto-Logistics-international-moving-company-1024x466.png 1024w, https:\/\/moverdb.com\/wp-content\/uploads\/Trans-Global-Auto-Logistics-international-moving-company-18x8.png 18w, https:\/\/moverdb.com\/wp-content\/uploads\/Trans-Global-Auto-Logistics-international-moving-company-600x273.png 600w\" sizes=\"auto, (max-width: 1440px) 100vw, 1440px\" \/><\/p>\n<ul>\n<li>Riiklikud liikumised<\/li>\n<li>Rahvusvahelised liikumised<\/li>\n<li>Kodumajapidamiste kolimised<\/li>\n<li>Kaubanduslikud k\u00e4igud<\/li>\n<li>Autotransport<\/li>\n<li>Paaditransport<\/li>\n<li>Raskeveokite vedu<\/li>\n<li>Valik avatud v\u00f5i suletud transpordi vahel<\/li>\n<li>Maismaa-, \u00f5hu- ja meretransport<\/li>\n<li>Tollivormistus<\/li>\n<\/ul>\n<p>Trans Global Auto Logistics on autologistika ja raskete kaupade <a href=\"https:\/\/moverdb.com\/et\/shipping-companies\/\" data-internallinksmanager029f6b8e52c=\"4\" title=\"Top 10 rahvusvahelist konteinerilaevandusettev\u00f5tet\">laevandusettev\u00f5te<\/a> mis on litsentseeritud ja kindlustatud mitte-laevaomanikuna tegutsev \u00fchine vedaja (<a href=\"https:\/\/moverdb.com\/et\/freight-forwarder\/\" data-internallinksmanager029f6b8e52c=\"17\" title=\"Ekspedeerija ja NVOCC rahvusvaheliste kulude ja ettev\u00f5tete juhend\">NVOCC<\/a>), millel on asukohad Arlingtonis, Orlandos ja Charlestonis, <a href=\"https:\/\/moverdb.com\/et\/moving-to-the-united-states\/moving-to-new-jersey\/\" data-internallinksmanager029f6b8e52c=\"417\" title=\"Kolimine New Jersey&#039;sse? 2023 elamiskulud ja kolimisn\u00f5uanded\">New Jersey<\/a> ja Savannah. Nad pakuvad ka ainult majapidamiskaupade vedu. Nad on IAMi liige.<\/p>\n<p>Trans Global Auto Logistics pakub tasuta hinnapakkumist teie kauba teisaldamiseks ja nende veosevedude spetsialistid teevad teiega koost\u00f6\u00f6d, et m\u00f5ista teie vajadusi ja anda t\u00e4pne hinnang. Nad suudavad liigutada erinevaid s\u00f5idukeid alates klassikalistest autodest kuni paatide ja raskete t\u00f6\u00f6stuslike seadmetega, valides avatud v\u00f5i suletud transpordi.<\/p>\n<p>Veebileht: <a href=\"http:\/\/www.tgal.us\" target=\"_blank\" rel=\"noopener\">http:\/\/www.tgal.us<\/a><\/p>\n<h2><span class=\"ez-toc-section\" id=\"7_Transportation_Worldwide\"><\/span><strong>7. Transport kogu maailmas<\/strong><span class=\"ez-toc-section-end\"><\/span><\/h2>\n<p><img loading=\"lazy\" decoding=\"async\" class=\"alignnone size-full wp-image-11460\" src=\"https:\/\/moverdb.com\/wp-content\/uploads\/Transportation-Worldwide-international-moving-company.png\" alt=\"Transport Worldwide rahvusvaheline liikuv ettev\u00f5te\" width=\"1440\" height=\"654\" data-wp-pid=\"11460\" srcset=\"https:\/\/moverdb.com\/wp-content\/uploads\/Transportation-Worldwide-international-moving-company.png 1440w, https:\/\/moverdb.com\/wp-content\/uploads\/Transportation-Worldwide-international-moving-company-300x136.png 300w, https:\/\/moverdb.com\/wp-content\/uploads\/Transportation-Worldwide-international-moving-company-1024x465.png 1024w, https:\/\/moverdb.com\/wp-content\/uploads\/Transportation-Worldwide-international-moving-company-18x8.png 18w, https:\/\/moverdb.com\/wp-content\/uploads\/Transportation-Worldwide-international-moving-company-600x273.png 600w\" sizes=\"auto, (max-width: 1440px) 100vw, 1440px\" \/><\/p>\n<ul>\n<li>Riiklikud liikumised<\/li>\n<li>Rahvusvahelised liikumised<\/li>\n<li>Kodumajapidamiste kolimised<\/li>\n<li>Ettev\u00f5tete \u00fcmberpaigutused<\/li>\n<li>\u00dcks kontaktpunkt<\/li>\n<li>Liikumise juhtimine<\/li>\n<li>Saadetise j\u00e4lgimine<\/li>\n<li>Tollitoetus<\/li>\n<li>Turvaline ladustamine<\/li>\n<\/ul>\n<p>Transportation Worldwide on \u00fcle 30-aastase kogemusega kolimis- ja transpordifirma, mis asub Katy's. Nad pakuvad rahvusvahelisi kolimisteenuseid enam kui 135 riigis \u00fcle maailma, mida nad osutavad koost\u00f6\u00f6s hoolikalt v\u00e4lja t\u00f6\u00f6tatud suhetega. Nad on 36-aastase kogemusega IAMi liige ja FIDI poolt akrediteeritud.<\/p>\n<p>Transportation Worldwide pakub toetust \u00fcksikisikutele, kes kolivad, ja ettev\u00f5tetele, kes kolivad oma t\u00f6\u00f6tajaid, mis v\u00f5ib h\u00f5lmata abi poliitikate, eelarveanal\u00fc\u00fcsi ja mitme kolimise edenemise j\u00e4lgimist ning nende kohta aruandluse koostamist. Nad toetavad rahvusvahelisi kolijaid oma rikkalike teadmiste ja kogemustega erinevatesse riikidesse kolimisel.<\/p>\n<p>Veebileht: <a href=\"https:\/\/www.twwmove.com\/\" target=\"_blank\" rel=\"noopener\">https:\/\/www.twwmove.com\/<\/a><\/p>","protected":false},"excerpt":{"rendered":"<p>Planning a move can be a stressful time, so why not enlist the help of a moving company to enlighten your load? They can assist with the planning, can pack your belongings and arrange transportation as well as deal with customs if moving internationally. Below we have compiled a list of Texas based removal companies [&hellip;]<\/p>\n","protected":false},"author":4,"featured_media":11236,"parent":190,"menu_order":0,"comment_status":"closed","ping_status":"closed","template":"","meta":{"_genesis_hide_title":false,"_genesis_hide_breadcrumbs":false,"_genesis_hide_singular_image":false,"_genesis_hide_footer_widgets":false,"_genesis_custom_body_class":"","_genesis_custom_post_class":"","_genesis_layout":"","footnotes":""},"class_list":{"0":"post-11668","1":"page","2":"type-page","3":"status-publish","4":"has-post-thumbnail","6":"entry"},"_links":{"self":[{"href":"https:\/\/moverdb.com\/et\/wp-json\/wp\/v2\/pages\/11668","targetHints":{"allow":["GET"]}}],"collection":[{"href":"https:\/\/moverdb.com\/et\/wp-json\/wp\/v2\/pages"}],"about":[{"href":"https:\/\/moverdb.com\/et\/wp-json\/wp\/v2\/types\/page"}],"author":[{"embeddable":true,"href":"https:\/\/moverdb.com\/et\/wp-json\/wp\/v2\/users\/4"}],"replies":[{"embeddable":true,"href":"https:\/\/moverdb.com\/et\/wp-json\/wp\/v2\/comments?post=11668"}],"version-history":[{"count":2,"href":"https:\/\/moverdb.com\/et\/wp-json\/wp\/v2\/pages\/11668\/revisions"}],"predecessor-version":[{"id":11670,"href":"https:\/\/moverdb.com\/et\/wp-json\/wp\/v2\/pages\/11668\/revisions\/11670"}],"up":[{"embeddable":true,"href":"https:\/\/moverdb.com\/et\/wp-json\/wp\/v2\/pages\/190"}],"wp:featuredmedia":[{"embeddable":true,"href":"https:\/\/moverdb.com\/et\/wp-json\/wp\/v2\/media\/11236"}],"wp:attachment":[{"href":"https:\/\/moverdb.com\/et\/wp-json\/wp\/v2\/media?parent=11668"}],"curies":[{"name":"wp","href":"https:\/\/api.w.org\/{rel}","templated":true}]}}