{"id":11666,"date":"2023-11-29T10:31:41","date_gmt":"2023-11-29T10:31:41","guid":{"rendered":"https:\/\/moverdb.com\/?page_id=11666"},"modified":"2026-01-08T15:24:27","modified_gmt":"2026-01-08T15:24:27","slug":"moving-companies-us-tennessee","status":"publish","type":"page","link":"https:\/\/moverdb.com\/et\/moving-companies\/moving-companies-us-tennessee\/","title":{"rendered":"3 parimat rahvusvahelist kolimisfirmat Tennessee's"},"content":{"rendered":"<p>Kas te plaanite kolida? Siis v\u00f5tke t\u00f6\u00f6le teenusepakkuja <a href=\"https:\/\/moverdb.com\/et\/moving-companies\/\" data-internallinksmanager029f6b8e52c=\"79\" title=\"Top 25 rahvusvahelist kolimisfirmat Internetis\">kolimisfirma<\/a> v\u00f5iks t\u00f5esti aidata t\u00f6\u00f6koormust v\u00e4hendada. Nad v\u00f5ivad aidata teil kolimise planeerimisel, transpordi korraldamisel, asjade pakkimisel ja rahvusvaheliste kolimiste puhul tolliga tegelemisel. Allpool oleme koostanud nimekirja <a href=\"https:\/\/moverdb.com\/et\/moving-to-the-united-states\/moving-to-tennessee\/\" data-internallinksmanager029f6b8e52c=\"406\" title=\"Tennessee&#039;sse kolimine? 2023 elamiskulud ja kolimisn\u00f5uanded\">Tennessee<\/a> p\u00f5hineb <a href=\"https:\/\/moverdb.com\/et\/international-removals\/\" data-internallinksmanager029f6b8e52c=\"27\" title=\"36 Parimad rahvusvahelised kolimisfirmad \u00dchendkuningriigis\">kolimisfirmad<\/a> mis on liikmed <a href=\"https:\/\/moverdb.com\/et\/iam\/\" data-internallinksmanager029f6b8e52c=\"23\" title=\"Rahvusvaheline kolijate assotsiatsioon (IAM) Selgitatud\">Rahvusvaheline kolijate assotsiatsioon<\/a> (IAM) ja\/v\u00f5i <a href=\"https:\/\/moverdb.com\/et\/fidi-faim\/\" data-internallinksmanager029f6b8e52c=\"16\" title=\"FIDI &amp; FAIM (FIDI akrediteeritud rahvusvaheline kolija) selgitatud\">FIDI<\/a> akrediteeritud rahvusvaheline kolija (FAIM), kes v\u00f5iks teid teie kolimisel aidata.<\/p>\n<h2><strong>1. Apex Moving &amp; Storage<\/strong><\/h2>\n<p><img loading=\"lazy\" decoding=\"async\" class=\"alignnone size-full wp-image-11256\" src=\"https:\/\/moverdb.com\/wp-content\/uploads\/Apex-Moving-Storage-international-moving-company.png\" alt=\"Apex Moving &amp; Storage rahvusvaheline kolimisfirma\" width=\"1440\" height=\"680\" data-wp-pid=\"11256\" srcset=\"https:\/\/moverdb.com\/wp-content\/uploads\/Apex-Moving-Storage-international-moving-company.png 1440w, https:\/\/moverdb.com\/wp-content\/uploads\/Apex-Moving-Storage-international-moving-company-300x142.png 300w, https:\/\/moverdb.com\/wp-content\/uploads\/Apex-Moving-Storage-international-moving-company-1024x484.png 1024w, https:\/\/moverdb.com\/wp-content\/uploads\/Apex-Moving-Storage-international-moving-company-18x9.png 18w, https:\/\/moverdb.com\/wp-content\/uploads\/Apex-Moving-Storage-international-moving-company-600x283.png 600w\" sizes=\"auto, (max-width: 1440px) 100vw, 1440px\" \/><\/p>\n<ul>\n<li>Kohalikud ja pikamaa kolimised<\/li>\n<li>Rahvusvahelised liikumised<\/li>\n<li>Elamu kolimine<\/li>\n<li>Kaubanduslikud k\u00e4igud<\/li>\n<li>Ettev\u00f5tete \u00fcmberpaigutused<\/li>\n<li>T\u00e4ielik pakkimisteenus<\/li>\n<li>Transpordi korraldus<\/li>\n<li>Tollivormistus<\/li>\n<li>Veoauto j\u00e4lgimise tehnoloogia<\/li>\n<li>Ladustamisteenused<\/li>\n<\/ul>\n<p>Apex Moving &amp; Storage on 1972. aastal asutatud kolimisfirma, mis asub Antiochis. Nad on Atlas Interstate Agent, mis \u00fchendab neid rahvusvahelise professionaalsete kolijate v\u00f5rgustikuga, et neid toetada. Nad on IAM-i liige 45-aastase kogemusega.<\/p>\n<p>Apex Moving &amp; Storage pakub teenuseid nii v\u00e4ikeste kui ka suurte kolimiste puhul ning suudab luua eelarves\u00f5bralikke v\u00f5imalusi, mis sobivad k\u00f5igile vajadustele. Nad pakuvad ukselt-uksele kolimisteenuseid koos kolimiseelse konsultatsiooniga ja teile m\u00e4\u00e4ratakse isiklik kolimiskoordinaator, kes teid toetab. Nad pakuvad t\u00e4ielikku pakkimisteenust ja korraldavad v\u00e4lismaal kolimise korral transpordi koos tollivormistusega.<\/p>\n<p>Veebileht: <a href=\"http:\/\/www.apexmoving.com\/\" target=\"_blank\" rel=\"noopener\">http:\/\/www.apexmoving.com\/<\/a><\/p>\n<h2><strong>2. Elizabethi kolimisteenus<\/strong><\/h2>\n<p><img loading=\"lazy\" decoding=\"async\" class=\"alignnone size-full wp-image-11315\" src=\"https:\/\/moverdb.com\/wp-content\/uploads\/Elizabeths-Moving-Service-international-moving-company.png\" alt=\"Elizabeths Moving Service rahvusvaheline kolimisfirma\" width=\"1440\" height=\"675\" data-wp-pid=\"11315\" srcset=\"https:\/\/moverdb.com\/wp-content\/uploads\/Elizabeths-Moving-Service-international-moving-company.png 1440w, https:\/\/moverdb.com\/wp-content\/uploads\/Elizabeths-Moving-Service-international-moving-company-300x141.png 300w, https:\/\/moverdb.com\/wp-content\/uploads\/Elizabeths-Moving-Service-international-moving-company-1024x480.png 1024w, https:\/\/moverdb.com\/wp-content\/uploads\/Elizabeths-Moving-Service-international-moving-company-18x8.png 18w, https:\/\/moverdb.com\/wp-content\/uploads\/Elizabeths-Moving-Service-international-moving-company-600x281.png 600w\" sizes=\"auto, (max-width: 1440px) 100vw, 1440px\" \/><\/p>\n<ul>\n<li>Kohalikud kolimised<\/li>\n<li>Kaugliinide \u00fcmberpaigutamine<\/li>\n<li>Kodumajapidamiste kolimised<\/li>\n<li>Kontori- ja \u00e4ritegevuse kolimised<\/li>\n<li>Kohandatud kolimisplaan<\/li>\n<li>Pakkimisteenus<\/li>\n<li>Transpordi korraldus<\/li>\n<li>Seadme paigaldamine<\/li>\n<li>Kaunite kunstide k\u00e4sitlemine<\/li>\n<li>Turvalised ladustamisv\u00f5imalused<\/li>\n<\/ul>\n<p>Elizabeth's Moving Service on Chattanoogas asuv kolimis- ja ladustamisettev\u00f5te. Nad on IAMi liige kuueaastase kogemusega, mis annab neile kolimisagentide v\u00f5rgustiku, kellega nad saavad koost\u00f6\u00f6d teha, et pakkuda teenuseid v\u00e4ljaspool oma tegevuspiirkonda.<\/p>\n<p>Elizabeth's Moving Service pakub t\u00e4pse hinnapakkumise koostamiseks kodust k\u00fcsitlust. Nad pakuvad t\u00e4isteenust, kus nad pakivad ja saadavad teie asjad kohalikuks, kaug- ja rahvusvaheliseks kolimiseks. Nad pakuvad kvaliteetset pakkimisteenust koolitatud pakendajatega, kes kaitsevad teie asju transpordi ajal, mis h\u00f5lmab puitkaste hapraste esemete jaoks ja teie kodu kaitsmist kolimise ajal.<\/p>\n<p>Veebileht: <a href=\"http:\/\/www.elizabethsmoving.com\" target=\"_blank\" rel=\"noopener\">http:\/\/www.elizabethsmoving.com<\/a><\/p>\n<h2><strong>3. Still Transfer Company<\/strong><\/h2>\n<p><img loading=\"lazy\" decoding=\"async\" class=\"alignnone size-full wp-image-11449\" src=\"https:\/\/moverdb.com\/wp-content\/uploads\/Still-Transfer-Company-international-moving-company.png\" alt=\"Still Transfer Company rahvusvaheline kolimisfirma\" width=\"1440\" height=\"677\" data-wp-pid=\"11449\" srcset=\"https:\/\/moverdb.com\/wp-content\/uploads\/Still-Transfer-Company-international-moving-company.png 1440w, https:\/\/moverdb.com\/wp-content\/uploads\/Still-Transfer-Company-international-moving-company-300x141.png 300w, https:\/\/moverdb.com\/wp-content\/uploads\/Still-Transfer-Company-international-moving-company-1024x481.png 1024w, https:\/\/moverdb.com\/wp-content\/uploads\/Still-Transfer-Company-international-moving-company-18x8.png 18w, https:\/\/moverdb.com\/wp-content\/uploads\/Still-Transfer-Company-international-moving-company-600x282.png 600w\" sizes=\"auto, (max-width: 1440px) 100vw, 1440px\" \/><\/p>\n<ul>\n<li>Kohalikud ja pikamaa kolimised<\/li>\n<li>Rahvusvahelised liikumised<\/li>\n<li>Elamu kolimine<\/li>\n<li>\u00c4ri- ja kontorik\u00e4igud<\/li>\n<li>Pakkimisteenus<\/li>\n<li>Transpordi korraldus<\/li>\n<li>Tollimaaklerlus<\/li>\n<li>Muusikainstrument liigub<\/li>\n<li>Turvaline l\u00fchi- ja pikaajaline ladustamine<\/li>\n<\/ul>\n<p>Still Transfer Company on 1928. aastal asutatud kolimis- ja ekspedeerimisfirma, mis asub Kingsportis. Nad on 95-aastase kogemusega IAMi liige, mis annab neile \u00fclemaailmse kolimisettev\u00f5tete v\u00f5rgustiku, kellega nad saavad teenuste osutamiseks koost\u00f6\u00f6d teha.<\/p>\n<p>Still Transfer Company pakub v\u00e4ikeseid ja suuri kolimisteenuseid kohalike, kaug- ja rahvusvaheliste kolimiste puhul elamu-, \u00e4ri-, kontori- ja t\u00f6\u00f6stuskolimiste puhul. Nad pakuvad kolimis- ja pakkimisteenuseid, et teie asjad turvaliselt sihtkohta toimetada, ning pakuvad ka tollimaaklerlust. Nad pakuvad ka turvalisi ladustamisv\u00f5imalusi l\u00fchiajaliselt v\u00f5i pikaajaliselt.<\/p>\n<p>Veebileht: <a href=\"http:\/\/www.stilltransfer.net\" target=\"_blank\" rel=\"noopener\">http:\/\/www.stilltransfer.net<\/a><\/p>","protected":false},"excerpt":{"rendered":"<p>Are you planning a move? Then engaging the services of a moving company could really help ease the workload. They can assist with planning your move, transportation arrangements, packing your belongings and handling customs on international moves. Below we have compiled a list of Tennessee based removal companies that are members of the International Association [&hellip;]<\/p>\n","protected":false},"author":4,"featured_media":11256,"parent":190,"menu_order":0,"comment_status":"closed","ping_status":"closed","template":"","meta":{"_genesis_hide_title":false,"_genesis_hide_breadcrumbs":false,"_genesis_hide_singular_image":false,"_genesis_hide_footer_widgets":false,"_genesis_custom_body_class":"","_genesis_custom_post_class":"","_genesis_layout":"","footnotes":""},"class_list":{"0":"post-11666","1":"page","2":"type-page","3":"status-publish","4":"has-post-thumbnail","6":"entry"},"_links":{"self":[{"href":"https:\/\/moverdb.com\/et\/wp-json\/wp\/v2\/pages\/11666","targetHints":{"allow":["GET"]}}],"collection":[{"href":"https:\/\/moverdb.com\/et\/wp-json\/wp\/v2\/pages"}],"about":[{"href":"https:\/\/moverdb.com\/et\/wp-json\/wp\/v2\/types\/page"}],"author":[{"embeddable":true,"href":"https:\/\/moverdb.com\/et\/wp-json\/wp\/v2\/users\/4"}],"replies":[{"embeddable":true,"href":"https:\/\/moverdb.com\/et\/wp-json\/wp\/v2\/comments?post=11666"}],"version-history":[{"count":1,"href":"https:\/\/moverdb.com\/et\/wp-json\/wp\/v2\/pages\/11666\/revisions"}],"predecessor-version":[{"id":11667,"href":"https:\/\/moverdb.com\/et\/wp-json\/wp\/v2\/pages\/11666\/revisions\/11667"}],"up":[{"embeddable":true,"href":"https:\/\/moverdb.com\/et\/wp-json\/wp\/v2\/pages\/190"}],"wp:featuredmedia":[{"embeddable":true,"href":"https:\/\/moverdb.com\/et\/wp-json\/wp\/v2\/media\/11256"}],"wp:attachment":[{"href":"https:\/\/moverdb.com\/et\/wp-json\/wp\/v2\/media?parent=11666"}],"curies":[{"name":"wp","href":"https:\/\/api.w.org\/{rel}","templated":true}]}}