{"id":11645,"date":"2023-11-29T10:51:46","date_gmt":"2023-11-29T10:51:46","guid":{"rendered":"https:\/\/moverdb.com\/?page_id=11645"},"modified":"2026-01-08T15:29:00","modified_gmt":"2026-01-08T15:29:00","slug":"moving-companies-us-north-carolina","status":"publish","type":"page","link":"https:\/\/moverdb.com\/et\/moving-companies\/moving-companies-us-north-carolina\/","title":{"rendered":"5 parimat rahvusvahelist kolimisfirmat P\u00f5hja-Carolinas"},"content":{"rendered":"<p>Kolimine v\u00f5ib olla \u00fcks k\u00f5ige stressirohkemaid hetki teie elus, seega miks mitte v\u00e4hendada survet, v\u00f5ttes t\u00f6\u00f6le <a href=\"https:\/\/moverdb.com\/et\/moving-companies\/\" data-internallinksmanager029f6b8e52c=\"79\" title=\"Top 25 rahvusvahelist kolimisfirmat Internetis\">kolimisfirma<\/a> teha osa t\u00f6\u00f6st teie eest? See v\u00f5ib h\u00f5lmata kolimise planeerimist, oma asjade pakkimist, transpordi korraldamist ja tolliga tegelemist. Allpool oleme koostanud nimekirja <a href=\"https:\/\/moverdb.com\/et\/moving-to-the-united-states\/moving-to-north-carolina\/\" data-internallinksmanager029f6b8e52c=\"411\" title=\"P\u00f5hja-Carolinasse kolimine? 2023 elamiskulud ja kolimisn\u00f5uanded\">P\u00f5hja-Carolina<\/a> p\u00f5hineb <a href=\"https:\/\/moverdb.com\/et\/international-removals\/\" data-internallinksmanager029f6b8e52c=\"27\" title=\"36 Parimad rahvusvahelised kolimisfirmad \u00dchendkuningriigis\">kolimisfirmad<\/a> mis on liikmed <a href=\"https:\/\/moverdb.com\/et\/iam\/\" data-internallinksmanager029f6b8e52c=\"23\" title=\"Rahvusvaheline kolijate assotsiatsioon (IAM) Selgitatud\">Rahvusvaheline kolijate assotsiatsioon<\/a> (IAM) ja\/v\u00f5i <a href=\"https:\/\/moverdb.com\/et\/fidi-faim\/\" data-internallinksmanager029f6b8e52c=\"16\" title=\"FIDI &amp; FAIM (FIDI akrediteeritud rahvusvaheline kolija) selgitatud\">FIDI<\/a> akrediteeritud rahvusvaheline kolija (FAIM), kes v\u00f5iks teid teie kolimisel aidata.<\/p>\n<div id=\"ez-toc-container\" class=\"ez-toc-v2_0_82_2 ez-toc-wrap-left counter-hierarchy ez-toc-counter ez-toc-transparent ez-toc-container-direction\">\n<div class=\"ez-toc-title-container\">\n<p class=\"ez-toc-title\" style=\"cursor:inherit\">Jaotised<\/p>\n<span class=\"ez-toc-title-toggle\"><a href=\"#\" class=\"ez-toc-pull-right ez-toc-btn ez-toc-btn-xs ez-toc-btn-default ez-toc-toggle\" aria-label=\"Sisukorra vaheldumine\"><span class=\"ez-toc-js-icon-con\"><span class=\"\"><span class=\"eztoc-hide\" style=\"display:none;\">Toggle<\/span><span class=\"ez-toc-icon-toggle-span\"><svg style=\"fill: #999;color:#999\" xmlns=\"http:\/\/www.w3.org\/2000\/svg\" class=\"list-377408\" width=\"20px\" height=\"20px\" viewbox=\"0 0 24 24\" fill=\"none\"><path d=\"M6 6H4v2h2V6zm14 0H8v2h12V6zM4 11h2v2H4v-2zm16 0H8v2h12v-2zM4 16h2v2H4v-2zm16 0H8v2h12v-2z\" fill=\"currentColor\"><\/path><\/svg><svg style=\"fill: #999;color:#999\" class=\"arrow-unsorted-368013\" xmlns=\"http:\/\/www.w3.org\/2000\/svg\" width=\"10px\" height=\"10px\" viewbox=\"0 0 24 24\" version=\"1.2\" baseprofile=\"tiny\"><path d=\"M18.2 9.3l-6.2-6.3-6.2 6.3c-.2.2-.3.4-.3.7s.1.5.3.7c.2.2.4.3.7.3h11c.3 0 .5-.1.7-.3.2-.2.3-.5.3-.7s-.1-.5-.3-.7zM5.8 14.7l6.2 6.3 6.2-6.3c.2-.2.3-.5.3-.7s-.1-.5-.3-.7c-.2-.2-.4-.3-.7-.3h-11c-.3 0-.5.1-.7.3-.2.2-.3.5-.3.7s.1.5.3.7z\"\/><\/svg><\/span><\/span><\/span><\/a><\/span><\/div>\n<nav><ul class='ez-toc-list ez-toc-list-level-1 eztoc-toggle-hide-by-default' ><li class='ez-toc-page-1 ez-toc-heading-level-2'><a class=\"ez-toc-link ez-toc-heading-1\" href=\"https:\/\/moverdb.com\/et\/moving-companies\/moving-companies-us-north-carolina\/#1_All_American_Relocation\" >1. K\u00f5ik Ameerika \u00fcmberpaigutamine<\/a><\/li><li class='ez-toc-page-1 ez-toc-heading-level-2'><a class=\"ez-toc-link ez-toc-heading-2\" href=\"https:\/\/moverdb.com\/et\/moving-companies\/moving-companies-us-north-carolina\/#2_Hilldrup\" >2. Hilldrup<\/a><\/li><li class='ez-toc-page-1 ez-toc-heading-level-2'><a class=\"ez-toc-link ez-toc-heading-3\" href=\"https:\/\/moverdb.com\/et\/moving-companies\/moving-companies-us-north-carolina\/#3_Sandhills_Moving_Storage\" >3. Sandhills Moving &amp; Storage<\/a><\/li><li class='ez-toc-page-1 ez-toc-heading-level-2'><a class=\"ez-toc-link ez-toc-heading-4\" href=\"https:\/\/moverdb.com\/et\/moving-companies\/moving-companies-us-north-carolina\/#4_Seacorp\" >4. Seacorp<\/a><\/li><li class='ez-toc-page-1 ez-toc-heading-level-2'><a class=\"ez-toc-link ez-toc-heading-5\" href=\"https:\/\/moverdb.com\/et\/moving-companies\/moving-companies-us-north-carolina\/#5_Zippy_Shell\" >5. Zippy Shell<\/a><\/li><\/ul><\/nav><\/div>\n<h2><span class=\"ez-toc-section\" id=\"1_All_American_Relocation\"><\/span><strong>1. K\u00f5ik Ameerika \u00fcmberpaigutamine<\/strong><span class=\"ez-toc-section-end\"><\/span><\/h2>\n<p><img loading=\"lazy\" decoding=\"async\" class=\"alignnone size-full wp-image-11251\" src=\"https:\/\/moverdb.com\/wp-content\/uploads\/All-American-Relocation-international-moving-company.png\" alt=\"All American Relocation rahvusvaheline kolimisfirma\" width=\"1440\" height=\"675\" data-wp-pid=\"11251\" srcset=\"https:\/\/moverdb.com\/wp-content\/uploads\/All-American-Relocation-international-moving-company.png 1440w, https:\/\/moverdb.com\/wp-content\/uploads\/All-American-Relocation-international-moving-company-300x141.png 300w, https:\/\/moverdb.com\/wp-content\/uploads\/All-American-Relocation-international-moving-company-1024x480.png 1024w, https:\/\/moverdb.com\/wp-content\/uploads\/All-American-Relocation-international-moving-company-18x8.png 18w, https:\/\/moverdb.com\/wp-content\/uploads\/All-American-Relocation-international-moving-company-600x281.png 600w\" sizes=\"auto, (max-width: 1440px) 100vw, 1440px\" \/><\/p>\n<ul>\n<li>Kohalikud ja pikamaa kolimised<\/li>\n<li>Rahvusvahelised liikumised<\/li>\n<li>Elamu kolimine<\/li>\n<li>Kontori kolimised<\/li>\n<li>T\u00f6\u00f6tajate \u00fcmberpaigutamine<\/li>\n<li>Ukselt-uksele teenus<\/li>\n<li>Pakkimisteenus<\/li>\n<li>Transport \u00f5hu-, mere- ja maismaatranspordiga<\/li>\n<li><a href=\"https:\/\/moverdb.com\/et\/car-transport-shipping\/\" data-internallinksmanager029f6b8e52c=\"2\" title=\"2026 Rahvusvaheline autoveo ja s\u00f5idukite veo hinnapakkumised\">S\u00f5iduki saatmine<\/a><\/li>\n<li>L\u00fchi- ja pikaajaline ladustamine<\/li>\n<\/ul>\n<p>All American Relocation on t\u00e4isteenust pakkuv kolimisfirma, mille asukohad asuvad Rayleigh's ja Charlotte'is. Nad on Mayfloweri agent, mis annab neile liikuvate agentide v\u00f5rgustiku, kellega koost\u00f6\u00f6d teha. Nad on IAMi liige 25-aastase kogemusega.<\/p>\n<p>All American Relocation pakub tasuta <a href=\"https:\/\/moverdb.com\/et\/quotes\/\" data-internallinksmanager029f6b8e52c=\"26\" title=\"Rahvusvaheliste kolimiste hinnapakkumised: 12 k\u00fcsimust, mida k\u00fcsida oma kolija\">liikuv tsitaat<\/a> ja videok\u00fcsitlus, et hinnata teie vajadusi. Nad pakuvad uksest-ukseni teenust koos spetsiaalse kolimiskoordinaatoriga, kes juhib teie kolimist. Nad pakuvad koolitatud pakkimismeeskonda, kes kasutab rahvusvahelistele standarditele vastavaid k\u00f5rgekvaliteedilisi pakkematerjale. Nad pakuvad ka s\u00f5idukite saatmist, l\u00e4hte- ja sihtkoha teenuseid P\u00f5hja-Carolinas ning ladustamisv\u00f5imalusi.<\/p>\n<p>Veebileht: <a href=\"http:\/\/www.aarelocation.com\" target=\"_blank\" rel=\"noopener\">http:\/\/www.aarelocation.com<\/a><\/p>\n<h2><span class=\"ez-toc-section\" id=\"2_Hilldrup\"><\/span><strong>2. Hilldrup<\/strong><span class=\"ez-toc-section-end\"><\/span><\/h2>\n<p><img loading=\"lazy\" decoding=\"async\" class=\"alignnone size-full wp-image-11339\" src=\"https:\/\/moverdb.com\/wp-content\/uploads\/Hilldrup-international-moving-company.png\" alt=\"Hilldrup rahvusvaheline kolimisfirma\" width=\"1440\" height=\"674\" data-wp-pid=\"11339\" srcset=\"https:\/\/moverdb.com\/wp-content\/uploads\/Hilldrup-international-moving-company.png 1440w, https:\/\/moverdb.com\/wp-content\/uploads\/Hilldrup-international-moving-company-300x140.png 300w, https:\/\/moverdb.com\/wp-content\/uploads\/Hilldrup-international-moving-company-1024x479.png 1024w, https:\/\/moverdb.com\/wp-content\/uploads\/Hilldrup-international-moving-company-18x8.png 18w, https:\/\/moverdb.com\/wp-content\/uploads\/Hilldrup-international-moving-company-600x281.png 600w\" sizes=\"auto, (max-width: 1440px) 100vw, 1440px\" \/><\/p>\n<ul>\n<li>Kohalikud ja pikamaa kolimised<\/li>\n<li>Rahvusvahelised \u00fcmberpaigutused<\/li>\n<li>Elamu kolimine<\/li>\n<li>\u00c4ri- ja kontorik\u00e4igud<\/li>\n<li>T\u00f6\u00f6tajate \u00fcmberpaigutamine<\/li>\n<li>Spetsiaalne liikumisn\u00f5ustaja<\/li>\n<li>Virtuaalne k\u00fcsitlus<\/li>\n<li>Pakkimisteenus<\/li>\n<li>Kaitske oma kodu<\/li>\n<li>L\u00fchi- ja pikaajaline ladustamine<\/li>\n<\/ul>\n<p>Hilldrup on 1903. aastal asutatud kolimis-, ladustamis- ja logistikafirma, millel on 10 filiaali, sealhulgas Charlotte ja Garner P\u00f5hja-Carolinas. Nad on seotud United Van Lines'i ja Mayflower Transitiga, mis annab neile laia agentide v\u00f5rgustiku, kellega nad saavad koost\u00f6\u00f6d teha. Nad on 120-aastase kogemusega IAMi liige ja FIDI poolt akrediteeritud.<\/p>\n<p>Hilldrup pakub teie vajadustele kohandatud kolimislahendusi, mille hulka kuuluvad nii t\u00e4isteenuse pakkimine kui ka DIY-v\u00f5imalused. Nad pakuvad kolimisn\u00f5ustajat kui \u00fchtset kontaktpunkti kogu teie kolimise ajal. Nende pakkimisteenus kasutab parimaid pakkematerjale ning pakib ja kastib haprad esemed.<\/p>\n<p>Veebileht: <a href=\"https:\/\/www.hilldrup.com\/\" target=\"_blank\" rel=\"noopener\">https:\/\/www.hilldrup.com\/\/<\/a><\/p>\n<h2><span class=\"ez-toc-section\" id=\"3_Sandhills_Moving_Storage\"><\/span><strong>3. Sandhills Moving &amp; Storage<\/strong><span class=\"ez-toc-section-end\"><\/span><\/h2>\n<p><img loading=\"lazy\" decoding=\"async\" class=\"alignnone size-full wp-image-11433\" src=\"https:\/\/moverdb.com\/wp-content\/uploads\/Sandhill-Moving-Storage-international-moving-company.png\" alt=\"Sandhill Moving &amp; Storage rahvusvaheline kolimisfirma\" width=\"1440\" height=\"676\" data-wp-pid=\"11433\" srcset=\"https:\/\/moverdb.com\/wp-content\/uploads\/Sandhill-Moving-Storage-international-moving-company.png 1440w, https:\/\/moverdb.com\/wp-content\/uploads\/Sandhill-Moving-Storage-international-moving-company-300x141.png 300w, https:\/\/moverdb.com\/wp-content\/uploads\/Sandhill-Moving-Storage-international-moving-company-1024x481.png 1024w, https:\/\/moverdb.com\/wp-content\/uploads\/Sandhill-Moving-Storage-international-moving-company-18x8.png 18w, https:\/\/moverdb.com\/wp-content\/uploads\/Sandhill-Moving-Storage-international-moving-company-600x282.png 600w\" sizes=\"auto, (max-width: 1440px) 100vw, 1440px\" \/><\/p>\n<ul>\n<li>Kohalikud ja pikamaa kolimised<\/li>\n<li>Rahvusvahelised liikumised<\/li>\n<li>Elamu kolimine<\/li>\n<li>\u00c4ri- ja kontorik\u00e4igud<\/li>\n<li>Isikliku kolimise koordinaator<\/li>\n<li>Pakkimisteenus<\/li>\n<li>Transpordi korraldus<\/li>\n<li>Tollitoetus<\/li>\n<li>Saadetise j\u00e4lgimine<\/li>\n<li>Ladustamisv\u00f5imalused<\/li>\n<\/ul>\n<p>Sandhills Moving &amp; Storage on transpordile ja ladustamisele spetsialiseerunud kolimisfirma, mille asukohad asuvad Southern Pinesis, Sanfordis ja Pittsboros. Nad on t\u00e4isteenust pakkuv Mayfloweri kolimisfirma, mis annab neile juurdep\u00e4\u00e4su rahvusvahelisele kolimisagentide v\u00f5rgustikule enam kui 180 riigis, ning nad on IAMi liige.<\/p>\n<p>Sandhills Moving &amp; Storage pakub k\u00f5ikeh\u00f5lmavaid kolimiskorraldusteenuseid ja nad m\u00e4\u00e4ravad teile isikliku kolimiskoordinaatori, kes abistab teid kogu kolimise ajal. Nad pakuvad individuaalseid kolimisteenuseid, mis h\u00f5lmavad pakkimisteenuseid, transpordi korraldamist ning dokumentide ja tolliga tegelemist. Nad pakuvad ka l\u00fchiajalisi ladustamisv\u00f5imalusi.<\/p>\n<p>Veebileht: <a href=\"http:\/\/www.sandhillsmoving.com\" target=\"_blank\" rel=\"noopener\">http:\/\/www.sandhillsmoving.com<\/a><\/p>\n<h2><span class=\"ez-toc-section\" id=\"4_Seacorp\"><\/span><strong>4. Seacorp<\/strong><span class=\"ez-toc-section-end\"><\/span><\/h2>\n<p><img loading=\"lazy\" decoding=\"async\" class=\"alignnone size-full wp-image-11438\" src=\"https:\/\/moverdb.com\/wp-content\/uploads\/Seacorp-international-moving-company.png\" alt=\"Seacorp rahvusvaheline kolimisfirma\" width=\"1440\" height=\"676\" data-wp-pid=\"11438\" srcset=\"https:\/\/moverdb.com\/wp-content\/uploads\/Seacorp-international-moving-company.png 1440w, https:\/\/moverdb.com\/wp-content\/uploads\/Seacorp-international-moving-company-300x141.png 300w, https:\/\/moverdb.com\/wp-content\/uploads\/Seacorp-international-moving-company-1024x481.png 1024w, https:\/\/moverdb.com\/wp-content\/uploads\/Seacorp-international-moving-company-18x8.png 18w, https:\/\/moverdb.com\/wp-content\/uploads\/Seacorp-international-moving-company-600x282.png 600w\" sizes=\"auto, (max-width: 1440px) 100vw, 1440px\" \/><\/p>\n<ul>\n<li>Riiklik kaubavedu<\/li>\n<li>Rahvusvaheline kaubavedu<\/li>\n<li>Logistika ukselt-uksele<\/li>\n<li>Laevanduse juhtimine<\/li>\n<li>Pakkimine ja kaubaaluste paigutamine<\/li>\n<li>Lennu-, mere- ja veoautotransport<\/li>\n<li>Saadetise j\u00e4lgimine<\/li>\n<li>Tollivormistus<\/li>\n<li>Impordi ja ekspordi k\u00e4sitlemine<\/li>\n<li>Kindlustus<\/li>\n<\/ul>\n<p>Seacorp on 1998. aastal asutatud logistikaettev\u00f5te, mille asukoht on Lincolntonis, P\u00f5hja-Carolinas. Neil on ulatuslik \u00fclemaailmne agentide v\u00f5rgustik, mis toetab neid nende teenuste osutamisel kogu maailmas. Nad on IAMi liige 25-aastase kogemusega.<\/p>\n<p>Seacorp otsib teie saadetise jaoks k\u00f5ige konkurentsiv\u00f5imelisemad hinnad ja parimad transiidiajad. Nad v\u00f5ivad korraldada transpordi \u00f5hu-, mere- v\u00f5i veoautotranspordi. Nad pakuvad erinevaid konteinervariante, sealhulgas t\u00e4iskonteinerite ja v\u00e4hem kui t\u00e4iskonteinerite veoseid. Nende teenuste hulka kuuluvad ka ekspordikorraldus ja merekindlustus.<\/p>\n<p>Veebileht: <a href=\"http:\/\/www.seacorpnc.com\" target=\"_blank\" rel=\"noopener\">http:\/\/www.seacorpnc.com<\/a><\/p>\n<h2><span class=\"ez-toc-section\" id=\"5_Zippy_Shell\"><\/span><strong>5. Zippy Shell<\/strong><span class=\"ez-toc-section-end\"><\/span><\/h2>\n<p><img loading=\"lazy\" decoding=\"async\" class=\"alignnone size-full wp-image-11483\" src=\"https:\/\/moverdb.com\/wp-content\/uploads\/Zippy-Shell-international-moving-company.png\" alt=\"Zippy Shell rahvusvaheline kolimisfirma\" width=\"1440\" height=\"676\" data-wp-pid=\"11483\" srcset=\"https:\/\/moverdb.com\/wp-content\/uploads\/Zippy-Shell-international-moving-company.png 1440w, https:\/\/moverdb.com\/wp-content\/uploads\/Zippy-Shell-international-moving-company-300x141.png 300w, https:\/\/moverdb.com\/wp-content\/uploads\/Zippy-Shell-international-moving-company-1024x481.png 1024w, https:\/\/moverdb.com\/wp-content\/uploads\/Zippy-Shell-international-moving-company-18x8.png 18w, https:\/\/moverdb.com\/wp-content\/uploads\/Zippy-Shell-international-moving-company-600x282.png 600w\" sizes=\"auto, (max-width: 1440px) 100vw, 1440px\" \/><\/p>\n<ul>\n<li>Kohalikud kolimised<\/li>\n<li>Kaugliinide \u00fcmberpaigutamine<\/li>\n<li>Elamu kolimine<\/li>\n<li>Ettev\u00f5tete \u00fcmberpaigutused<\/li>\n<li>\u00dcks kontaktpunkt<\/li>\n<li>Ukselt-uksele teenus<\/li>\n<li>Pakkimisteenused kolmanda osapoole kaudu<\/li>\n<li>Veoauto tarnimine<\/li>\n<li>Autotransport<\/li>\n<li>Turvalised salvestuslahendused<\/li>\n<\/ul>\n<p>Zippy Shell on Wake Forestis asuv kolimis- ja ladustamisettev\u00f5te. Nad pakuvad kohalikke ja pikamaa kolimis- ja ladustamislahendusi piirkonnas <a href=\"https:\/\/moverdb.com\/et\/moving-to-the-united-states\/\" data-internallinksmanager029f6b8e52c=\"94\" title=\"Kolimine Ameerika \u00dchendriikidesse? 2022 Elamiskulud ja kolimisn\u00f5uanded\">USA<\/a> kasutades oma veoautosid ja konteinereid. Nad on IAMi liige 14-aastase kogemusega.<\/p>\n<p>Zippy Shell pakub ainulaadseid ja kaasaskantavaid kolimis- ja ladustamislahendusi, sest nad tarnivad teile teisaldatava konteineri ja v\u00f5imaldavad teil kuni kolm p\u00e4eva seda ise pakkida v\u00f5i kasutada kolmanda osapoole pakkimisteenust. Nad v\u00f5tavad teisaldatava konteineri vastu ja viivad selle teie sihtkohta v\u00f5i hoiustavad seda oma turvalistes rajatistes \u00fcleriigiliselt l\u00fchi- v\u00f5i pikaajaliselt.<\/p>\n<p>Veebileht: <a href=\"http:\/\/zippyshell.com\" target=\"_blank\" rel=\"noopener\">http:\/\/zippyshell.com<\/a><\/p>","protected":false},"excerpt":{"rendered":"<p>Moving can be one of the most stressful times in your life so why not reduce the pressure by employing a moving company to do some of the work for you? This can include planning the move, packing your belongings, arranging transport and handling customs. Below we have compiled a list of North Carolina based [&hellip;]<\/p>\n","protected":false},"author":4,"featured_media":11251,"parent":190,"menu_order":0,"comment_status":"closed","ping_status":"closed","template":"","meta":{"_genesis_hide_title":false,"_genesis_hide_breadcrumbs":false,"_genesis_hide_singular_image":false,"_genesis_hide_footer_widgets":false,"_genesis_custom_body_class":"","_genesis_custom_post_class":"","_genesis_layout":"","footnotes":""},"class_list":{"0":"post-11645","1":"page","2":"type-page","3":"status-publish","4":"has-post-thumbnail","6":"entry"},"_links":{"self":[{"href":"https:\/\/moverdb.com\/et\/wp-json\/wp\/v2\/pages\/11645","targetHints":{"allow":["GET"]}}],"collection":[{"href":"https:\/\/moverdb.com\/et\/wp-json\/wp\/v2\/pages"}],"about":[{"href":"https:\/\/moverdb.com\/et\/wp-json\/wp\/v2\/types\/page"}],"author":[{"embeddable":true,"href":"https:\/\/moverdb.com\/et\/wp-json\/wp\/v2\/users\/4"}],"replies":[{"embeddable":true,"href":"https:\/\/moverdb.com\/et\/wp-json\/wp\/v2\/comments?post=11645"}],"version-history":[{"count":2,"href":"https:\/\/moverdb.com\/et\/wp-json\/wp\/v2\/pages\/11645\/revisions"}],"predecessor-version":[{"id":11647,"href":"https:\/\/moverdb.com\/et\/wp-json\/wp\/v2\/pages\/11645\/revisions\/11647"}],"up":[{"embeddable":true,"href":"https:\/\/moverdb.com\/et\/wp-json\/wp\/v2\/pages\/190"}],"wp:featuredmedia":[{"embeddable":true,"href":"https:\/\/moverdb.com\/et\/wp-json\/wp\/v2\/media\/11251"}],"wp:attachment":[{"href":"https:\/\/moverdb.com\/et\/wp-json\/wp\/v2\/media?parent=11645"}],"curies":[{"name":"wp","href":"https:\/\/api.w.org\/{rel}","templated":true}]}}