{"id":11624,"date":"2023-11-22T15:50:03","date_gmt":"2023-11-22T15:50:03","guid":{"rendered":"https:\/\/moverdb.com\/?page_id=11624"},"modified":"2026-01-08T15:30:12","modified_gmt":"2026-01-08T15:30:12","slug":"moving-companies-nevada","status":"publish","type":"page","link":"https:\/\/moverdb.com\/et\/moving-companies\/moving-companies-nevada\/","title":{"rendered":"Parimad rahvusvahelised kolimisfirmad Nevadas"},"content":{"rendered":"<p>Kolimine v\u00f5ib olla \u00fcks k\u00f5ige stressirohkemaid hetki teie elus, seega miks p\u00fc\u00fcda seda k\u00f5ike ise teha? A <a href=\"https:\/\/moverdb.com\/et\/moving-companies\/\" data-internallinksmanager029f6b8e52c=\"79\" title=\"Top 25 rahvusvahelist kolimisfirmat Internetis\">kolimisfirma<\/a> v\u00f5ib v\u00f5tta enda peale paljud \u00fclesanded, nagu kolimise korraldamine, transpordi korraldamine, pakkimine ja paberimajanduse t\u00e4itmine. Allpool oleme koostanud nimekirja <a href=\"https:\/\/moverdb.com\/et\/moving-to-the-united-states\/moving-to-nevada\/\" data-internallinksmanager029f6b8e52c=\"457\" title=\"Elamiskulud ja kolimisn\u00f5uanded 2024 Nevada?\">Nevada<\/a> p\u00f5hineb <a href=\"https:\/\/moverdb.com\/et\/international-removals\/\" data-internallinksmanager029f6b8e52c=\"27\" title=\"36 Parimad rahvusvahelised kolimisfirmad \u00dchendkuningriigis\">kolimisfirmad<\/a> mis on liikmed <a href=\"https:\/\/moverdb.com\/et\/iam\/\" data-internallinksmanager029f6b8e52c=\"23\" title=\"Rahvusvaheline kolijate assotsiatsioon (IAM) Selgitatud\">Rahvusvaheline kolijate assotsiatsioon<\/a> (IAM) ja\/v\u00f5i <a href=\"https:\/\/moverdb.com\/et\/fidi-faim\/\" data-internallinksmanager029f6b8e52c=\"16\" title=\"FIDI &amp; FAIM (FIDI akrediteeritud rahvusvaheline kolija) selgitatud\">FIDI<\/a> Akrediteeritud rahvusvaheline kolija (FAIM), kes v\u00f5iks teid kolimisel aidata.<\/p>\n<h2><strong>RenoRelo<\/strong><\/h2>\n<p><img loading=\"lazy\" decoding=\"async\" class=\"alignnone size-full wp-image-11423\" src=\"https:\/\/moverdb.com\/wp-content\/uploads\/RenoRelo-international-moving-company.png\" alt=\"RenoRelo rahvusvaheline kolimisfirma\" width=\"1440\" height=\"679\" data-wp-pid=\"11423\" srcset=\"https:\/\/moverdb.com\/wp-content\/uploads\/RenoRelo-international-moving-company.png 1440w, https:\/\/moverdb.com\/wp-content\/uploads\/RenoRelo-international-moving-company-300x141.png 300w, https:\/\/moverdb.com\/wp-content\/uploads\/RenoRelo-international-moving-company-1024x483.png 1024w, https:\/\/moverdb.com\/wp-content\/uploads\/RenoRelo-international-moving-company-18x8.png 18w, https:\/\/moverdb.com\/wp-content\/uploads\/RenoRelo-international-moving-company-600x283.png 600w\" sizes=\"auto, (max-width: 1440px) 100vw, 1440px\" \/><\/p>\n<ul>\n<li>Kohalikud ja riiklikud liikumised<\/li>\n<li>\u00dclemaailmsed liikumised<\/li>\n<li>Elamu kolimine<\/li>\n<li>\u00c4ri- ja kontorik\u00e4igud<\/li>\n<li>Ettev\u00f5tete \u00fcmberpaigutused<\/li>\n<li>T\u00e4isteenuste lahendused<\/li>\n<li>Pakkimisteenus<\/li>\n<li>Crating<\/li>\n<li>Transpordi korraldus<\/li>\n<li>Ladustamisv\u00f5imalused<\/li>\n<\/ul>\n<p>RenoRelo on t\u00e4isteenust pakkuv kolimisfirma, mille asukohad asuvad Renos, Spokane'is ja Boise'is. Nad on United Van Lines'i agent, mis annab neile kolimisettev\u00f5tete v\u00f5rgustiku, millega nad saavad teha koost\u00f6\u00f6d, et pakkuda oma teenuseid v\u00e4ljaspool oma tegevuspiirkondi. Nad on IAMi liige viieaastase kogemusega.<\/p>\n<p>RenoRelo pakub terviklikke kolimislahendusi elamu-, \u00e4ri- ja kontorikolimisteks ning ettev\u00f5tete \u00fcmberpaigutamisteks ELis. <a href=\"https:\/\/moverdb.com\/et\/moving-to-the-united-states\/\" data-internallinksmanager029f6b8e52c=\"94\" title=\"Kolimine Ameerika \u00dchendriikidesse? 2022 Elamiskulud ja kolimisn\u00f5uanded\">USA<\/a> ja rahvusvaheliselt. Nad pakuvad pakkimis- ja pakkimisteenuseid, et kaitsta teie asju transpordil. Nad korraldavad teie asjade transpordi ja koosk\u00f5lastavad kolmandate isikutega nende sihtkohta toimetamise.<\/p>\n<p>Veebileht: <a href=\"http:\/\/renoreloww.com\" target=\"_blank\" rel=\"noopener\">http:\/\/renoreloww.com<\/a><\/p>\n<h2>Muud kasulikud teejuhid Ameerika \u00dchendriikide kohta<\/h2>\n<ul>\n<li> <a href=\"https:\/\/moverdb.com\/et\/kolimine-uhinenud-riikidesse-2022-elamiskulud-umberpaigutamise-nipid\/moving-to-las-vegas\/\">Kolimine Las Vegasesse? 2024 elamiskulud ja kolimisn\u00f5uanded<\/a><\/li>\n<li> <a href=\"https:\/\/moverdb.com\/et\/kolimine-uhinenud-riikidesse-2022-elamiskulud-umberpaigutamise-nipid\/moving-to-nevada\/\">Elamiskulud ja kolimisn\u00f5uanded 2024 Nevada?<\/a><\/li>\n<li> <a href=\"https:\/\/moverdb.com\/et\/kolimine-uhinenud-riikidesse-2022-elamiskulud-umberpaigutamise-nipid\/movers-cost\/\">Kui palju maksab kolijate palkamine? 2024 USA kokkuhoiu juhend<\/a><\/li>\n<li> <a href=\"https:\/\/moverdb.com\/et\/kolimine-uhinenud-riikidesse-2022-elamiskulud-umberpaigutamise-nipid\/\">Kolimine Ameerika \u00dchendriikidesse? 2022 Elamiskulud ja kolimisn\u00f5uanded<\/a><\/li>\n<li> <a href=\"https:\/\/moverdb.com\/et\/kolimine-uhinenud-riikidesse-2022-elamiskulud-umberpaigutamise-nipid\/places-to-live-in-the-us\/\">13 Parimad kohad, kus elada Ameerika \u00dchendriikides<\/a><\/li>\n<li> <a href=\"https:\/\/moverdb.com\/et\/kolimine-uhinenud-riikidesse-2022-elamiskulud-umberpaigutamise-nipid\/elavad-2\/\">21 saladust USAs elamise kohta, mida enne kolimist teada tuleb<\/a><\/li>\n<\/ul>","protected":false},"excerpt":{"rendered":"<p>Moving can be one of the most stressful times in your life so why try to do it all by yourself? A moving company can take on many of the tasks such as organising the move, arranging transport, packing and completing paperwork. Below we have compiled a list of Nevada based removal companies that are [&hellip;]<\/p>\n","protected":false},"author":4,"featured_media":11423,"parent":190,"menu_order":0,"comment_status":"closed","ping_status":"closed","template":"","meta":{"_genesis_hide_title":false,"_genesis_hide_breadcrumbs":false,"_genesis_hide_singular_image":false,"_genesis_hide_footer_widgets":false,"_genesis_custom_body_class":"","_genesis_custom_post_class":"","_genesis_layout":"","footnotes":""},"class_list":{"0":"post-11624","1":"page","2":"type-page","3":"status-publish","4":"has-post-thumbnail","6":"entry"},"_links":{"self":[{"href":"https:\/\/moverdb.com\/et\/wp-json\/wp\/v2\/pages\/11624","targetHints":{"allow":["GET"]}}],"collection":[{"href":"https:\/\/moverdb.com\/et\/wp-json\/wp\/v2\/pages"}],"about":[{"href":"https:\/\/moverdb.com\/et\/wp-json\/wp\/v2\/types\/page"}],"author":[{"embeddable":true,"href":"https:\/\/moverdb.com\/et\/wp-json\/wp\/v2\/users\/4"}],"replies":[{"embeddable":true,"href":"https:\/\/moverdb.com\/et\/wp-json\/wp\/v2\/comments?post=11624"}],"version-history":[{"count":4,"href":"https:\/\/moverdb.com\/et\/wp-json\/wp\/v2\/pages\/11624\/revisions"}],"predecessor-version":[{"id":17660,"href":"https:\/\/moverdb.com\/et\/wp-json\/wp\/v2\/pages\/11624\/revisions\/17660"}],"up":[{"embeddable":true,"href":"https:\/\/moverdb.com\/et\/wp-json\/wp\/v2\/pages\/190"}],"wp:featuredmedia":[{"embeddable":true,"href":"https:\/\/moverdb.com\/et\/wp-json\/wp\/v2\/media\/11423"}],"wp:attachment":[{"href":"https:\/\/moverdb.com\/et\/wp-json\/wp\/v2\/media?parent=11624"}],"curies":[{"name":"wp","href":"https:\/\/api.w.org\/{rel}","templated":true}]}}