{"id":11617,"date":"2023-11-29T10:32:37","date_gmt":"2023-11-29T10:32:37","guid":{"rendered":"https:\/\/moverdb.com\/?page_id=11617"},"modified":"2026-01-08T15:24:23","modified_gmt":"2026-01-08T15:24:23","slug":"moving-companies-us-minnesota","status":"publish","type":"page","link":"https:\/\/moverdb.com\/et\/moving-companies\/moving-companies-us-minnesota\/","title":{"rendered":"3 parimat rahvusvahelist kolimisfirmat Minnesotas"},"content":{"rendered":"<p>Kolimine v\u00f5ib olla suur murrang ja seal on palju korraldada, nii et miks mitte v\u00f5tta osa survet maha, lastes a <a href=\"https:\/\/moverdb.com\/et\/moving-companies\/\" data-internallinksmanager029f6b8e52c=\"79\" title=\"Top 25 rahvusvahelist kolimisfirmat Internetis\">kolimisfirma<\/a> oma asjadega \u00fcmber k\u00e4ia? Nad saavad korraldada teie kolimise logistikat, samuti pakkimist ja vajaduse korral tolliga tegelemist. Allpool oleme koostanud nimekirja <a href=\"https:\/\/moverdb.com\/et\/moving-to-the-united-states\/moving-to-minnesota\/\" data-internallinksmanager029f6b8e52c=\"443\" title=\"Minnesotasse kolimine? 2023 elamiskulud ja kolimisn\u00f5uanded\">Minnesota<\/a> p\u00f5hineb <a href=\"https:\/\/moverdb.com\/et\/international-removals\/\" data-internallinksmanager029f6b8e52c=\"27\" title=\"36 Parimad rahvusvahelised kolimisfirmad \u00dchendkuningriigis\">kolimisfirmad<\/a> mis on liikmed <a href=\"https:\/\/moverdb.com\/et\/iam\/\" data-internallinksmanager029f6b8e52c=\"23\" title=\"Rahvusvaheline kolijate assotsiatsioon (IAM) Selgitatud\">Rahvusvaheline kolijate assotsiatsioon<\/a> (IAM) ja\/v\u00f5i <a href=\"https:\/\/moverdb.com\/et\/fidi-faim\/\" data-internallinksmanager029f6b8e52c=\"16\" title=\"FIDI &amp; FAIM (FIDI akrediteeritud rahvusvaheline kolija) selgitatud\">FIDI<\/a> akrediteeritud rahvusvaheline kolija (FAIM), kes v\u00f5iks teid teie kolimisel aidata.<\/p>\n<h2><strong>1. Action Moving Services<\/strong><\/h2>\n<p><img loading=\"lazy\" decoding=\"async\" class=\"alignnone size-full wp-image-11242\" src=\"https:\/\/moverdb.com\/wp-content\/uploads\/Action-Moving-Services-international-moving-company.png\" alt=\"Action Moving Services rahvusvaheline kolimisfirma\" width=\"1440\" height=\"678\" data-wp-pid=\"11242\" srcset=\"https:\/\/moverdb.com\/wp-content\/uploads\/Action-Moving-Services-international-moving-company.png 1440w, https:\/\/moverdb.com\/wp-content\/uploads\/Action-Moving-Services-international-moving-company-300x141.png 300w, https:\/\/moverdb.com\/wp-content\/uploads\/Action-Moving-Services-international-moving-company-1024x482.png 1024w, https:\/\/moverdb.com\/wp-content\/uploads\/Action-Moving-Services-international-moving-company-18x8.png 18w, https:\/\/moverdb.com\/wp-content\/uploads\/Action-Moving-Services-international-moving-company-600x283.png 600w\" sizes=\"auto, (max-width: 1440px) 100vw, 1440px\" \/><\/p>\n<ul>\n<li>Kohalikud ja pikamaa kolimised<\/li>\n<li>Rahvusvahelised liikumised<\/li>\n<li>Kodumajapidamiste kolimised<\/li>\n<li>Kontori- ja t\u00f6\u00f6stuslik kolimine<\/li>\n<li>Ettev\u00f5tete \u00fcmberpaigutused<\/li>\n<li>L\u00e4bivad lahendused<\/li>\n<li>Pakkimisteenus<\/li>\n<li>Tollitoetus<\/li>\n<li>Kunstiteoste k\u00e4itlemine<\/li>\n<li>Ladustamisteenused<\/li>\n<\/ul>\n<p>Action Moving Services on kohalik ja rahvusvaheline kolimisfirma, mis asub L\u00f5una-Burnsville'is. Nad on riikidevaheline agent Atlas Van Lines, mis annab neile riikliku ja rahvusvahelise v\u00f5rgustiku liikuvate agentide koost\u00f6\u00f6d. Nad on 42-aastase kogemusega IAM-i liige.<\/p>\n<p>Action Moving Services pakub terviklikke kolimis- ja \u00fcmberpaigutamisteenuseid, mis hoolitsevad teie kolimise k\u00f5igi aspektide eest. Nende teenuste hulka kuulub teie asjade turvaline pakkimine transpordiks ja nende lahtipakkimine sihtkohta saabumisel. Nad korraldavad teie asjade transpordi ja pakuvad tuge tolliga seotud k\u00fcsimustes.<\/p>\n<p>Veebileht: <a href=\"http:\/\/actionmoving.com\/\" target=\"_blank\" rel=\"noopener\">http:\/\/actionmoving.com\/<\/a><\/p>\n<h2><strong>2. Beltmann kolimine ja ladustamine<\/strong><\/h2>\n<p><img loading=\"lazy\" decoding=\"async\" class=\"alignnone size-full wp-image-11269\" src=\"https:\/\/moverdb.com\/wp-content\/uploads\/Beltmann-Relocation-Group-international-moving-company.png\" alt=\"Beltmann Relocation Group rahvusvaheline kolimisfirma\" width=\"1440\" height=\"682\" data-wp-pid=\"11269\" srcset=\"https:\/\/moverdb.com\/wp-content\/uploads\/Beltmann-Relocation-Group-international-moving-company.png 1440w, https:\/\/moverdb.com\/wp-content\/uploads\/Beltmann-Relocation-Group-international-moving-company-300x142.png 300w, https:\/\/moverdb.com\/wp-content\/uploads\/Beltmann-Relocation-Group-international-moving-company-1024x485.png 1024w, https:\/\/moverdb.com\/wp-content\/uploads\/Beltmann-Relocation-Group-international-moving-company-18x9.png 18w, https:\/\/moverdb.com\/wp-content\/uploads\/Beltmann-Relocation-Group-international-moving-company-600x284.png 600w\" sizes=\"auto, (max-width: 1440px) 100vw, 1440px\" \/><\/p>\n<ul>\n<li>Kohalikud ja riiklikud liikumised<\/li>\n<li>Rahvusvahelised liikumised<\/li>\n<li>Elamu kolimine<\/li>\n<li>Kontori kolimised<\/li>\n<li>Ettev\u00f5tete \u00fcmberpaigutused<\/li>\n<li>Liikumise koordinaator<\/li>\n<li>Pakkimisteenus<\/li>\n<li>Transpordi korraldamine<\/li>\n<li>Tollik\u00e4itlus<\/li>\n<li>Turvaline l\u00fchi- ja pikaajaline ladustamine<\/li>\n<\/ul>\n<p>Beltmann Moving &amp; Storage on alates 1923. aastast tegutsev kolimisfirma, millel on 11 asukohta \u00fcle kogu riigi. <a href=\"https:\/\/moverdb.com\/et\/moving-to-the-united-states\/\" data-internallinksmanager029f6b8e52c=\"94\" title=\"Kolimine Ameerika \u00dchendriikidesse? 2022 Elamiskulud ja kolimisn\u00f5uanded\">USA<\/a> sealhulgas Roseville. Nad on North American Van Lines'i agent, mis annab neile juurdep\u00e4\u00e4su \u00fclemaailmsele kolimis- ja ladustamisettev\u00f5tete v\u00f5rgustikule. Nad on IAMi liige 25-aastase kogemusega.<\/p>\n<p>Beltmann Moving &amp; Storage aitab teie kolimist sujuvamaks muuta, alustades tasuta kolimise hinnangu koostamisest. Nad pakuvad teile toetust kolimiskoordinaatoriga ja kohandavad oma teenuseid vastavalt teie vajadustele. Nad pakuvad pakkimisteenust, mis h\u00f5lmab m\u00f6\u00f6bli lahtiv\u00f5tmist ja kokkupanekut ning saabumisel lahtipakkimist.<\/p>\n<p>Veebileht: <a href=\"http:\/\/www.beltmann.com\" target=\"_blank\" rel=\"noopener\">http:\/\/www.beltmann.com<\/a><\/p>\n<h2><strong>3. Berger kolimine ja ladustamine<\/strong><\/h2>\n<p><img loading=\"lazy\" decoding=\"async\" class=\"alignnone size-full wp-image-11270\" src=\"https:\/\/moverdb.com\/wp-content\/uploads\/Berger-Moving-Storage-international-moving-company.png\" alt=\"Berger Moving &amp; Storage rahvusvaheline kolimisfirma\" width=\"1440\" height=\"677\" data-wp-pid=\"11270\" srcset=\"https:\/\/moverdb.com\/wp-content\/uploads\/Berger-Moving-Storage-international-moving-company.png 1440w, https:\/\/moverdb.com\/wp-content\/uploads\/Berger-Moving-Storage-international-moving-company-300x141.png 300w, https:\/\/moverdb.com\/wp-content\/uploads\/Berger-Moving-Storage-international-moving-company-1024x481.png 1024w, https:\/\/moverdb.com\/wp-content\/uploads\/Berger-Moving-Storage-international-moving-company-18x8.png 18w, https:\/\/moverdb.com\/wp-content\/uploads\/Berger-Moving-Storage-international-moving-company-600x282.png 600w\" sizes=\"auto, (max-width: 1440px) 100vw, 1440px\" \/><\/p>\n<ul>\n<li>Kohalikud ja pikamaa kolimised<\/li>\n<li>Rahvusvahelised liikumised<\/li>\n<li>Kodumajapidamiste kolimised<\/li>\n<li>Kaubanduslikud k\u00e4igud<\/li>\n<li>\u00dcmberpaigutamise koordinaator<\/li>\n<li>Pakkimisteenus<\/li>\n<li>Esemete inventuur<\/li>\n<li>Transpordi korraldamine<\/li>\n<li>Tollivormistus<\/li>\n<li>L\u00fchiajaline ladustamine<\/li>\n<\/ul>\n<p>Berger Moving &amp; Storage on 1910. aastal asutatud transporditeenuseid pakkuv ettev\u00f5te, mille asukoht on Saint Paulis ja mille v\u00f5rgustik koosneb 16 \u00fcleriigilisest asukohast. Nad on Allied Van Lines'i agent, mis on rahvusvaheline kolimisagentide v\u00f5rgustik. Nad on IAM-i liige 113-aastase kogemusega.<\/p>\n<p>Berger Moving &amp; Storage pakub rahvusvahelise kolimise konsultandiga tasuta hinnangut kolimise kohta kodus v\u00f5i virtuaalselt. \u00dcmberkolimise koordinaator aitab teid protsessi k\u00e4igus juhendada ja selgitada v\u00e4lja, milliseid pabereid on vaja teha. Nende pakkimisteenus kasutab rahvusvahelisi pakkimismeetodeid ja -materjale, et kaitsta teie esemeid, ning koostab inventuuri.<\/p>\n<p>Veebileht: <a href=\"https:\/\/www.bergerallied.com\" target=\"_blank\" rel=\"noopener\">https:\/\/www.bergerallied.com<\/a><\/p>","protected":false},"excerpt":{"rendered":"<p>Moving can be a big upheaval and there is a lot to arrange, so why not take some of the pressure off by letting a moving company handle your belongings? They can organise the logistics of your move as well as packing and deal with customs if needed. Below we have compiled a list of [&hellip;]<\/p>\n","protected":false},"author":4,"featured_media":11242,"parent":190,"menu_order":0,"comment_status":"closed","ping_status":"closed","template":"","meta":{"_genesis_hide_title":false,"_genesis_hide_breadcrumbs":false,"_genesis_hide_singular_image":false,"_genesis_hide_footer_widgets":false,"_genesis_custom_body_class":"","_genesis_custom_post_class":"","_genesis_layout":"","footnotes":""},"class_list":{"0":"post-11617","1":"page","2":"type-page","3":"status-publish","4":"has-post-thumbnail","6":"entry"},"_links":{"self":[{"href":"https:\/\/moverdb.com\/et\/wp-json\/wp\/v2\/pages\/11617","targetHints":{"allow":["GET"]}}],"collection":[{"href":"https:\/\/moverdb.com\/et\/wp-json\/wp\/v2\/pages"}],"about":[{"href":"https:\/\/moverdb.com\/et\/wp-json\/wp\/v2\/types\/page"}],"author":[{"embeddable":true,"href":"https:\/\/moverdb.com\/et\/wp-json\/wp\/v2\/users\/4"}],"replies":[{"embeddable":true,"href":"https:\/\/moverdb.com\/et\/wp-json\/wp\/v2\/comments?post=11617"}],"version-history":[{"count":1,"href":"https:\/\/moverdb.com\/et\/wp-json\/wp\/v2\/pages\/11617\/revisions"}],"predecessor-version":[{"id":11618,"href":"https:\/\/moverdb.com\/et\/wp-json\/wp\/v2\/pages\/11617\/revisions\/11618"}],"up":[{"embeddable":true,"href":"https:\/\/moverdb.com\/et\/wp-json\/wp\/v2\/pages\/190"}],"wp:featuredmedia":[{"embeddable":true,"href":"https:\/\/moverdb.com\/et\/wp-json\/wp\/v2\/media\/11242"}],"wp:attachment":[{"href":"https:\/\/moverdb.com\/et\/wp-json\/wp\/v2\/media?parent=11617"}],"curies":[{"name":"wp","href":"https:\/\/api.w.org\/{rel}","templated":true}]}}