{"id":11602,"date":"2023-11-29T10:33:42","date_gmt":"2023-11-29T10:33:42","guid":{"rendered":"https:\/\/moverdb.com\/?page_id=11602"},"modified":"2026-01-08T15:24:17","modified_gmt":"2026-01-08T15:24:17","slug":"moving-companies-us-jacksonville","status":"publish","type":"page","link":"https:\/\/moverdb.com\/et\/moving-companies\/moving-companies-us-jacksonville\/","title":{"rendered":"3 parimat rahvusvahelist kolimisfirmat Jacksonville'is"},"content":{"rendered":"<p>Kui te plaanite kolida Jacksonville'i v\u00f5i Jacksonville'i v\u00f5i sealt v\u00e4lja kohalikul, riiklikul v\u00f5i rahvusvahelisel tasandil, v\u00f5ite vajada abi. <a href=\"https:\/\/moverdb.com\/et\/moving-companies\/\" data-internallinksmanager029f6b8e52c=\"79\" title=\"Top 25 rahvusvahelist kolimisfirmat Internetis\">Kolimisfirmad<\/a> pakuvad mitmesugust abi, sealhulgas planeerimise, pakkimise, transpordi, tollivormistuse ja lahtipakkimise teenuseid. Allpool oleme koostanud nimekirja Jacksonville'is asuvatest ettev\u00f5tetest. <a href=\"https:\/\/moverdb.com\/et\/international-removals\/\" data-internallinksmanager029f6b8e52c=\"27\" title=\"36 Parimad rahvusvahelised kolimisfirmad \u00dchendkuningriigis\">kolimisfirmad<\/a> mis on liikmed <a href=\"https:\/\/moverdb.com\/et\/iam\/\" data-internallinksmanager029f6b8e52c=\"23\" title=\"Rahvusvaheline kolijate assotsiatsioon (IAM) Selgitatud\">Rahvusvaheline kolijate assotsiatsioon<\/a> (IAM) ja\/v\u00f5i <a href=\"https:\/\/moverdb.com\/et\/fidi-faim\/\" data-internallinksmanager029f6b8e52c=\"16\" title=\"FIDI &amp; FAIM (FIDI akrediteeritud rahvusvaheline kolija) selgitatud\">FIDI<\/a> akrediteeritud rahvusvaheline kolija (FAIM), kes v\u00f5iks teid teie kolimisel aidata.<\/p>\n<h2><strong>1. Conser kolimine ja ladustamine<\/strong><\/h2>\n<p><img loading=\"lazy\" decoding=\"async\" class=\"alignnone size-full wp-image-11292\" src=\"https:\/\/moverdb.com\/wp-content\/uploads\/Conser-Moving-Storage-international-moving-company.png\" alt=\"Conser Moving &amp; Storage rahvusvaheline kolimisfirma\" width=\"1440\" height=\"681\" data-wp-pid=\"11292\" srcset=\"https:\/\/moverdb.com\/wp-content\/uploads\/Conser-Moving-Storage-international-moving-company.png 1440w, https:\/\/moverdb.com\/wp-content\/uploads\/Conser-Moving-Storage-international-moving-company-300x142.png 300w, https:\/\/moverdb.com\/wp-content\/uploads\/Conser-Moving-Storage-international-moving-company-1024x484.png 1024w, https:\/\/moverdb.com\/wp-content\/uploads\/Conser-Moving-Storage-international-moving-company-18x9.png 18w, https:\/\/moverdb.com\/wp-content\/uploads\/Conser-Moving-Storage-international-moving-company-600x284.png 600w\" sizes=\"auto, (max-width: 1440px) 100vw, 1440px\" \/><\/p>\n<ul>\n<li>Kohalikud kolimised<\/li>\n<li>Kaugliinide \u00fcmberpaigutamine<\/li>\n<li>Elamu kolimine<\/li>\n<li>Kontori kolimised<\/li>\n<li>Kohandatud teenus<\/li>\n<li>Kolimisv\u00f5imaluste valik<\/li>\n<li>Liikumise juhtimine<\/li>\n<li>Transpordikorraldus<\/li>\n<li>Liikumiskaitse<\/li>\n<li>Ladustamisv\u00f5imalused<\/li>\n<\/ul>\n<p>Conser Moving &amp; Storage on kolimis- ja \u00fcmberpaigutamisettev\u00f5te, mis on spetsialiseerunud kodustele ja s\u00f5jalistele kolimistele ning asub Jacksonville'is. Nad on Mayflower Transit'i agent, mis on pakkunud kolimisteenuseid juba \u00fcle 90 aasta. Nad on IAMi liige 11-aastase kogemusega.<\/p>\n<p>Conser Moving &amp; Storage pakub teile kogu vajalikku tuge teie kolimiseks, v\u00f5imaldades teil koostada kolimisplaani, mis sisaldab kohandatavaid v\u00f5imalusi teile vajalike teenuste jaoks. Nad aitavad leida teie vajadustele, eelarvele ja ajakavale sobiva kolimisplaani.<\/p>\n<p>Veebileht: <a href=\"https:\/\/consermoving.com\" target=\"_blank\" rel=\"noopener\">https:\/\/consermoving.com<\/a><\/p>\n<h2><strong>2. DN Van Lines<\/strong><\/h2>\n<p><img loading=\"lazy\" decoding=\"async\" class=\"alignnone size-full wp-image-11307\" src=\"https:\/\/moverdb.com\/wp-content\/uploads\/DN-Van-Lines-international-moving-company.png\" alt=\"DN Van Lines rahvusvaheline kolimisfirma\" width=\"1440\" height=\"670\" data-wp-pid=\"11307\" srcset=\"https:\/\/moverdb.com\/wp-content\/uploads\/DN-Van-Lines-international-moving-company.png 1440w, https:\/\/moverdb.com\/wp-content\/uploads\/DN-Van-Lines-international-moving-company-300x140.png 300w, https:\/\/moverdb.com\/wp-content\/uploads\/DN-Van-Lines-international-moving-company-1024x476.png 1024w, https:\/\/moverdb.com\/wp-content\/uploads\/DN-Van-Lines-international-moving-company-18x8.png 18w, https:\/\/moverdb.com\/wp-content\/uploads\/DN-Van-Lines-international-moving-company-600x279.png 600w\" sizes=\"auto, (max-width: 1440px) 100vw, 1440px\" \/><\/p>\n<ul>\n<li>Kohalikud ja riikidevahelised kolimised<\/li>\n<li>Rahvusvahelised liikumised<\/li>\n<li>Kodumajapidamiste kolimised<\/li>\n<li>Kontori- ja \u00e4ritegevuse kolimised<\/li>\n<li>Isikliku \u00fcmberpaigutamise juht<\/li>\n<li>Pakkimisteenused<\/li>\n<li>Varude haldamine<\/li>\n<li>Transpordikorraldus<\/li>\n<li>Kindlustus<\/li>\n<li>Ladustamisteenused<\/li>\n<\/ul>\n<p>DN Van Lines on 2001. aastal asutatud kolimis- ja ladustamisettev\u00f5te, mille asukohad asuvad Jacksonville'is, <a href=\"https:\/\/moverdb.com\/et\/moving-to-the-united-states\/moving-to-massachusetts\/\" data-internallinksmanager029f6b8e52c=\"412\" title=\"Kolimine Massachusettsisse? 2023 elamiskulud ja kolimisn\u00f5uanded\">Massachusetts<\/a> ja <a href=\"https:\/\/moverdb.com\/et\/moving-to-the-united-states\/moving-to-virginia\/\" data-internallinksmanager029f6b8e52c=\"442\" title=\"Elamiskulud ja kolimisn\u00f5uanded 2023 Virginia?\">Virginia<\/a>. Nad teevad koost\u00f6\u00f6d usaldusv\u00e4\u00e4rse kolimisteenuste pakkujate v\u00f5rgustikuga \u00fcle kogu maailma, et neid aidata. Nad on IAMi liige 14-aastase kogemusega.<\/p>\n<p>DN Van Lines pakub teie kolimisvajaduste hindamiseks tasuta hinnangut ja kodust v\u00f5i virtuaalset \u00fclevaatust. Nad pakuvad isiklikku kolimisjuhti, kes koostab teie vajadustele kohandatud \u00fcksikasjaliku kolimisplaani ja abistab teid kogu kolimise ajal. Nad pakuvad pakkimisteenust, mis h\u00f5lmab teie esemete \u00fcksikasjalikku inventuuri.<\/p>\n<p>Veebileht: <a href=\"http:\/\/www.dnvanlines.com\" target=\"_blank\" rel=\"noopener\">http:\/\/www.dnvanlines.com<\/a><\/p>\n<h2><strong>3. Suddath<\/strong><\/h2>\n<p><img loading=\"lazy\" decoding=\"async\" class=\"alignnone size-full wp-image-11450\" src=\"https:\/\/moverdb.com\/wp-content\/uploads\/Suddath-international-moving-company.png\" alt=\"Suddath rahvusvaheline kolimisfirma\" width=\"1440\" height=\"677\" data-wp-pid=\"11450\" srcset=\"https:\/\/moverdb.com\/wp-content\/uploads\/Suddath-international-moving-company.png 1440w, https:\/\/moverdb.com\/wp-content\/uploads\/Suddath-international-moving-company-300x141.png 300w, https:\/\/moverdb.com\/wp-content\/uploads\/Suddath-international-moving-company-1024x481.png 1024w, https:\/\/moverdb.com\/wp-content\/uploads\/Suddath-international-moving-company-18x8.png 18w, https:\/\/moverdb.com\/wp-content\/uploads\/Suddath-international-moving-company-600x282.png 600w\" sizes=\"auto, (max-width: 1440px) 100vw, 1440px\" \/><\/p>\n<ul>\n<li>Kohalikud ja pikamaa kolimised<\/li>\n<li>Rahvusvahelised liikumised<\/li>\n<li>Kodumajapidamiste kolimised<\/li>\n<li>Kaubanduslikud k\u00e4igud<\/li>\n<li>L\u00e4biviidud teenus<\/li>\n<li>Pakkimisteenus<\/li>\n<li>Tollitoetus<\/li>\n<li>S\u00f5idukite ja lemmikloomade vedu<\/li>\n<li>Kindlustus<\/li>\n<li>L\u00fchi- ja pikaajaline ladustamine<\/li>\n<\/ul>\n<p>Suddath on 1919. aastal Jacksonville'is asutatud kolimis- ja logistikafirma, millel on veel 19 asukohta kogu riigis. <a href=\"https:\/\/moverdb.com\/et\/moving-to-the-united-states\/\" data-internallinksmanager029f6b8e52c=\"94\" title=\"Kolimine Ameerika \u00dchendriikidesse? 2022 Elamiskulud ja kolimisn\u00f5uanded\">USA<\/a>. Neil on \u00fclemaailmne kontrollitud ja v\u00e4ljakujunenud ettev\u00f5tete partnerite v\u00f5rgustik, mis aitab neil pakkuda l\u00f5pp-otsaga teenuseid 180 riigis \u00fcle kogu maailma. Nad on IAMi liige 104-aastase kogemusega.<\/p>\n<p>Suddath pakub k\u00f5iki teie kolimisvajadusi \u00fchest kohast ja spetsiaalse kolimisn\u00f5ustajaga, kes toetab teid igal sammul ja eelarves. Nad pakuvad personaalset l\u00e4henemist ja juhatavad teid tolli, dokumentide ja kindlustuse osas. Nad pakuvad ka lisateenuseid, sealhulgas sisseelamis- ja koristusteenuseid.<\/p>\n<p>Veebileht: <a href=\"https:\/\/suddath.com\" target=\"_blank\" rel=\"noopener\">https:\/\/suddath.com<\/a><\/p>","protected":false},"excerpt":{"rendered":"<p>If you are planning a move locally, nationally or internationally to or from Jacksonville you may want some assistance. Moving companies offer a variety of help including planning, packing, transportation, customs handling and unpacking services. Below we have compiled a list of Jacksonville based removal companies that are members of the International Association of Movers [&hellip;]<\/p>\n","protected":false},"author":4,"featured_media":11292,"parent":190,"menu_order":0,"comment_status":"closed","ping_status":"closed","template":"","meta":{"_genesis_hide_title":false,"_genesis_hide_breadcrumbs":false,"_genesis_hide_singular_image":false,"_genesis_hide_footer_widgets":false,"_genesis_custom_body_class":"","_genesis_custom_post_class":"","_genesis_layout":"","footnotes":""},"class_list":{"0":"post-11602","1":"page","2":"type-page","3":"status-publish","4":"has-post-thumbnail","6":"entry"},"_links":{"self":[{"href":"https:\/\/moverdb.com\/et\/wp-json\/wp\/v2\/pages\/11602","targetHints":{"allow":["GET"]}}],"collection":[{"href":"https:\/\/moverdb.com\/et\/wp-json\/wp\/v2\/pages"}],"about":[{"href":"https:\/\/moverdb.com\/et\/wp-json\/wp\/v2\/types\/page"}],"author":[{"embeddable":true,"href":"https:\/\/moverdb.com\/et\/wp-json\/wp\/v2\/users\/4"}],"replies":[{"embeddable":true,"href":"https:\/\/moverdb.com\/et\/wp-json\/wp\/v2\/comments?post=11602"}],"version-history":[{"count":1,"href":"https:\/\/moverdb.com\/et\/wp-json\/wp\/v2\/pages\/11602\/revisions"}],"predecessor-version":[{"id":11603,"href":"https:\/\/moverdb.com\/et\/wp-json\/wp\/v2\/pages\/11602\/revisions\/11603"}],"up":[{"embeddable":true,"href":"https:\/\/moverdb.com\/et\/wp-json\/wp\/v2\/pages\/190"}],"wp:featuredmedia":[{"embeddable":true,"href":"https:\/\/moverdb.com\/et\/wp-json\/wp\/v2\/media\/11292"}],"wp:attachment":[{"href":"https:\/\/moverdb.com\/et\/wp-json\/wp\/v2\/media?parent=11602"}],"curies":[{"name":"wp","href":"https:\/\/api.w.org\/{rel}","templated":true}]}}