{"id":11600,"date":"2023-11-29T10:45:01","date_gmt":"2023-11-29T10:45:01","guid":{"rendered":"https:\/\/moverdb.com\/?page_id=11600"},"modified":"2026-01-08T15:25:08","modified_gmt":"2026-01-08T15:25:08","slug":"moving-companies-us-indiana","status":"publish","type":"page","link":"https:\/\/moverdb.com\/et\/moving-companies\/moving-companies-us-indiana\/","title":{"rendered":"5 parimat rahvusvahelist kolimisfirmat Indianas"},"content":{"rendered":"<p>Kolimine v\u00f5ib olla stressirohke aeg, sest nii paljude asjadega tuleb \u017eongleerida. Seep\u00e4rast v\u00f5tavad paljud inimesed appi kolimispunkti. <a href=\"https:\/\/moverdb.com\/et\/moving-companies\/\" data-internallinksmanager029f6b8e52c=\"79\" title=\"Top 25 rahvusvahelist kolimisfirmat Internetis\">kolimisfirma<\/a> kuna nad saavad korraldada kolimist, pakendada, transportida teie asju ja korraldada tolliprotsesse, kui kolimine toimub rahvusvaheliselt. Allpool oleme koostanud nimekirja <a href=\"https:\/\/moverdb.com\/et\/moving-to-the-united-states\/moving-to-indiana\/\" data-internallinksmanager029f6b8e52c=\"445\" title=\"Indiana&#039;sse kolimine? 2023 elamiskulud ja kolimisn\u00f5uanded\">Indiana<\/a> p\u00f5hineb <a href=\"https:\/\/moverdb.com\/et\/international-removals\/\" data-internallinksmanager029f6b8e52c=\"27\" title=\"36 Parimad rahvusvahelised kolimisfirmad \u00dchendkuningriigis\">kolimisfirmad<\/a> mis on liikmed <a href=\"https:\/\/moverdb.com\/et\/iam\/\" data-internallinksmanager029f6b8e52c=\"23\" title=\"Rahvusvaheline kolijate assotsiatsioon (IAM) Selgitatud\">Rahvusvaheline kolijate assotsiatsioon<\/a> (IAM) ja\/v\u00f5i <a href=\"https:\/\/moverdb.com\/et\/fidi-faim\/\" data-internallinksmanager029f6b8e52c=\"16\" title=\"FIDI &amp; FAIM (FIDI akrediteeritud rahvusvaheline kolija) selgitatud\">FIDI<\/a> akrediteeritud rahvusvaheline kolija (FAIM), kes v\u00f5iks teid teie kolimisel aidata.<\/p>\n<div id=\"ez-toc-container\" class=\"ez-toc-v2_0_82_2 ez-toc-wrap-left counter-hierarchy ez-toc-counter ez-toc-transparent ez-toc-container-direction\">\n<div class=\"ez-toc-title-container\">\n<p class=\"ez-toc-title\" style=\"cursor:inherit\">Jaotised<\/p>\n<span class=\"ez-toc-title-toggle\"><a href=\"#\" class=\"ez-toc-pull-right ez-toc-btn ez-toc-btn-xs ez-toc-btn-default ez-toc-toggle\" aria-label=\"Sisukorra vaheldumine\"><span class=\"ez-toc-js-icon-con\"><span class=\"\"><span class=\"eztoc-hide\" style=\"display:none;\">Toggle<\/span><span class=\"ez-toc-icon-toggle-span\"><svg style=\"fill: #999;color:#999\" xmlns=\"http:\/\/www.w3.org\/2000\/svg\" class=\"list-377408\" width=\"20px\" height=\"20px\" viewbox=\"0 0 24 24\" fill=\"none\"><path d=\"M6 6H4v2h2V6zm14 0H8v2h12V6zM4 11h2v2H4v-2zm16 0H8v2h12v-2zM4 16h2v2H4v-2zm16 0H8v2h12v-2z\" fill=\"currentColor\"><\/path><\/svg><svg style=\"fill: #999;color:#999\" class=\"arrow-unsorted-368013\" xmlns=\"http:\/\/www.w3.org\/2000\/svg\" width=\"10px\" height=\"10px\" viewbox=\"0 0 24 24\" version=\"1.2\" baseprofile=\"tiny\"><path d=\"M18.2 9.3l-6.2-6.3-6.2 6.3c-.2.2-.3.4-.3.7s.1.5.3.7c.2.2.4.3.7.3h11c.3 0 .5-.1.7-.3.2-.2.3-.5.3-.7s-.1-.5-.3-.7zM5.8 14.7l6.2 6.3 6.2-6.3c.2-.2.3-.5.3-.7s-.1-.5-.3-.7c-.2-.2-.4-.3-.7-.3h-11c-.3 0-.5.1-.7.3-.2.2-.3.5-.3.7s.1.5.3.7z\"\/><\/svg><\/span><\/span><\/span><\/a><\/span><\/div>\n<nav><ul class='ez-toc-list ez-toc-list-level-1 eztoc-toggle-hide-by-default' ><li class='ez-toc-page-1 ez-toc-heading-level-2'><a class=\"ez-toc-link ez-toc-heading-1\" href=\"https:\/\/moverdb.com\/et\/moving-companies\/moving-companies-us-indiana\/#1_Atlas_International\" >1. Atlas International<\/a><\/li><li class='ez-toc-page-1 ez-toc-heading-level-2'><a class=\"ez-toc-link ez-toc-heading-2\" href=\"https:\/\/moverdb.com\/et\/moving-companies\/moving-companies-us-indiana\/#2_Atlantic_Relocation_Systems\" >2. Atlantic Relocation Systems<\/a><\/li><li class='ez-toc-page-1 ez-toc-heading-level-2'><a class=\"ez-toc-link ez-toc-heading-3\" href=\"https:\/\/moverdb.com\/et\/moving-companies\/moving-companies-us-indiana\/#3_Reindeer_Auto_Moving\" >3. P\u00f5hjap\u00f5dra automaatne liikumine<\/a><\/li><li class='ez-toc-page-1 ez-toc-heading-level-2'><a class=\"ez-toc-link ez-toc-heading-4\" href=\"https:\/\/moverdb.com\/et\/moving-companies\/moving-companies-us-indiana\/#4_Wheaton_World_Wide_Moving\" >4. Wheaton World Wide Moving<\/a><\/li><li class='ez-toc-page-1 ez-toc-heading-level-2'><a class=\"ez-toc-link ez-toc-heading-5\" href=\"https:\/\/moverdb.com\/et\/moving-companies\/moving-companies-us-indiana\/#5_Wickman_Worldwide_Services\" >5. Wickman Worldwide Services<\/a><\/li><\/ul><\/nav><\/div>\n<h2><span class=\"ez-toc-section\" id=\"1_Atlas_International\"><\/span><strong>1. Atlas International<\/strong><span class=\"ez-toc-section-end\"><\/span><\/h2>\n<p><img loading=\"lazy\" decoding=\"async\" class=\"alignnone size-full wp-image-11263\" src=\"https:\/\/moverdb.com\/wp-content\/uploads\/Atlas-International-moving-company-3.png\" alt=\"Atlas International kolimisfirma\" width=\"1440\" height=\"676\" data-wp-pid=\"11263\" srcset=\"https:\/\/moverdb.com\/wp-content\/uploads\/Atlas-International-moving-company-3.png 1440w, https:\/\/moverdb.com\/wp-content\/uploads\/Atlas-International-moving-company-3-300x141.png 300w, https:\/\/moverdb.com\/wp-content\/uploads\/Atlas-International-moving-company-3-1024x481.png 1024w, https:\/\/moverdb.com\/wp-content\/uploads\/Atlas-International-moving-company-3-18x8.png 18w, https:\/\/moverdb.com\/wp-content\/uploads\/Atlas-International-moving-company-3-600x282.png 600w\" sizes=\"auto, (max-width: 1440px) 100vw, 1440px\" \/><\/p>\n<ul>\n<li>Rahvusvahelised \u00fcmberpaigutused<\/li>\n<li>Eluaseme \u00fcmberpaigutamine<\/li>\n<li>Ettev\u00f5tete \u00fcmberpaigutused<\/li>\n<li>Ukselt-uksele teenus<\/li>\n<li>Professionaalne pakkimisteenus<\/li>\n<li>Mere- ja \u00f5hutransport<\/li>\n<li>Konteinerite valik<\/li>\n<li>Tollivormistus<\/li>\n<li>Kaitsekavad<\/li>\n<li>Ladustamisv\u00f5imalused<\/li>\n<\/ul>\n<p>Atlas International on 1960. aastal asutatud rahvusvaheline kolimisfirma, mis asub Evansville'is. Neil on ulatuslik \u00fclemaailmne v\u00f5rgustik, mis aitab neil pakkuda \u00fclemaailmseid kolimisteenuseid. Nad on 38-aastase kogemusega IAMi liige ja FIDI poolt akrediteeritud.<\/p>\n<p>Atlas International pakub tasuta kolimise \u00fclevaadet ja hinnangut. Nad koostavad kohandatud kolimisplaani, mis v\u00f5ib pakkuda t\u00e4isteenust. Nad pakuvad ukselt-uksele kolimisteenust rahvusvaheliste kolimisekspertide toel. Nad pakuvad pakkimisteenust, mis kaitseb teie esemeid, ning eriti hoolikalt hoolitsetakse habraste esemete eest.<\/p>\n<p>Veebileht: <a href=\"https:\/\/www.atlasintl.com\/\" target=\"_blank\" rel=\"noopener\">https:\/\/www.atlasintl.com\/<\/a><\/p>\n<h2><span class=\"ez-toc-section\" id=\"2_Atlantic_Relocation_Systems\"><\/span><strong>2. Atlantic Relocation Systems<\/strong><span class=\"ez-toc-section-end\"><\/span><\/h2>\n<p><img loading=\"lazy\" decoding=\"async\" class=\"alignnone size-full wp-image-11262\" src=\"https:\/\/moverdb.com\/wp-content\/uploads\/Atlantic-Relocation-Systems-international-moving-company.png\" alt=\"Atlantic Relocation Systems rahvusvaheline kolimisfirma\" width=\"1440\" height=\"677\" data-wp-pid=\"11262\" srcset=\"https:\/\/moverdb.com\/wp-content\/uploads\/Atlantic-Relocation-Systems-international-moving-company.png 1440w, https:\/\/moverdb.com\/wp-content\/uploads\/Atlantic-Relocation-Systems-international-moving-company-300x141.png 300w, https:\/\/moverdb.com\/wp-content\/uploads\/Atlantic-Relocation-Systems-international-moving-company-1024x481.png 1024w, https:\/\/moverdb.com\/wp-content\/uploads\/Atlantic-Relocation-Systems-international-moving-company-18x8.png 18w, https:\/\/moverdb.com\/wp-content\/uploads\/Atlantic-Relocation-Systems-international-moving-company-600x282.png 600w\" sizes=\"auto, (max-width: 1440px) 100vw, 1440px\" \/><\/p>\n<ul>\n<li>Kohalikud ja pikamaa kolimised<\/li>\n<li>Rahvusvahelised liikumised<\/li>\n<li>Kodumajapidamiste kolimised<\/li>\n<li>Kontori kolimised<\/li>\n<li>Eraldatud \u00fcmberpaigutamise koordinaator<\/li>\n<li>Pakkimisteenus<\/li>\n<li>Maantee-, \u00f5hu- ja meretransport<\/li>\n<li>Tolliga seotud toetus<\/li>\n<li>Kunstiteoste k\u00e4itlemine<\/li>\n<li>Ladustamislahendused<\/li>\n<\/ul>\n<p>Atlantic Relocation Systems on 1984. aastal asutatud rahvusvahelisi kolimisteenuseid pakkuv kolimisfirma, millel on 13 asukohta, sealhulgas \u00fcks Indianapolises. Atlas Van Lines grupi osana on neil juurdep\u00e4\u00e4s v\u00f5rgustikule, mis koosneb j\u00e4rgmistest ettev\u00f5tetest <a href=\"https:\/\/moverdb.com\/et\/moving-to-the-united-states\/\" data-internallinksmanager029f6b8e52c=\"94\" title=\"Kolimine Ameerika \u00dchendriikidesse? 2022 Elamiskulud ja kolimisn\u00f5uanded\">USA<\/a> kolimisfirmad ja ka laiem rahvusvaheline v\u00f5rgustik, mis neid abistab. Nad on 35-aastase kogemusega IAMi liige.<\/p>\n<p>Atlantic Relocation Systems pakub kohalikke ja kaugmobiilsideteenuseid, mille kohta nad pakuvad tasuta hinnangut kodus. Rahvusvaheliste kolimiste puhul pakuvad nad rahvusvahelist kolimiskoordinaatorit, kes juhib teie kolimist kogu protsessi v\u00e4ltel. Nad pakuvad p\u00f5hjalikke pakkimis-, transpordi- ja dokumenteerimisteenuseid.<\/p>\n<p>Veebileht: <a href=\"http:\/\/www.atlanticrelocation.com\" target=\"_blank\" rel=\"noopener\">http:\/\/www.atlanticrelocation.com<\/a><\/p>\n<h2><span class=\"ez-toc-section\" id=\"3_Reindeer_Auto_Moving\"><\/span><strong>3. P\u00f5hjap\u00f5dra automaatne liikumine<\/strong><span class=\"ez-toc-section-end\"><\/span><\/h2>\n<p><img loading=\"lazy\" decoding=\"async\" class=\"alignnone size-full wp-image-11420\" src=\"https:\/\/moverdb.com\/wp-content\/uploads\/Reindeer-Auto-Relocation-international-moving-company.png\" alt=\"Reindeer Auto Relocation rahvusvaheline kolimisfirma\" width=\"1440\" height=\"662\" data-wp-pid=\"11420\" srcset=\"https:\/\/moverdb.com\/wp-content\/uploads\/Reindeer-Auto-Relocation-international-moving-company.png 1440w, https:\/\/moverdb.com\/wp-content\/uploads\/Reindeer-Auto-Relocation-international-moving-company-300x138.png 300w, https:\/\/moverdb.com\/wp-content\/uploads\/Reindeer-Auto-Relocation-international-moving-company-1024x471.png 1024w, https:\/\/moverdb.com\/wp-content\/uploads\/Reindeer-Auto-Relocation-international-moving-company-18x8.png 18w, https:\/\/moverdb.com\/wp-content\/uploads\/Reindeer-Auto-Relocation-international-moving-company-600x276.png 600w\" sizes=\"auto, (max-width: 1440px) 100vw, 1440px\" \/><\/p>\n<ul>\n<li>S\u00f5iduki \u00fcmberpaigutamise spetsialist<\/li>\n<li>Riiklikud \u00fcmberpaigutused<\/li>\n<li>Rahvusvahelised \u00fcmberpaigutused<\/li>\n<li>Individuaalsed \u00fcmberpaigutused<\/li>\n<li>Ettev\u00f5tete \u00fcmberpaigutused<\/li>\n<li>Isikup\u00e4rastatud teenus<\/li>\n<li>Ukselt-uksele teenus<\/li>\n<li>Turvaline transport<\/li>\n<li>J\u00e4lgimisteenus<\/li>\n<li>Kindlustus<\/li>\n<\/ul>\n<p>Reindeer Auto Moving on alates 1997. aastast tegutsev riiklik ja rahvusvaheline kolimis- ja veoettev\u00f5te, mis asub Zionsville'is. Neil on ulatuslik mainekate ja kindlustatud vedajate v\u00f5rgustik, mis aitab neil pakkuda oma teenuseid riiklikul ja rahvusvahelisel tasandil. Nad on IAMi liige, kellel on seitsmeaastane kogemus.<\/p>\n<p>Reindeer Auto Moving pakub personaalset teenust liikuvate s\u00f5idukitega uksest-ukseni teenusega. Nad v\u00f5tavad teie s\u00f5iduki vastu ja toimetavad selle turvaliselt ja kindlalt teie sihtkohta, j\u00e4lgides samal ajal kogu protsessi kulgu. Nad pakuvad garanteeritud vastuv\u00f5tu- ja kohaletoimetamise kuup\u00e4evi, kasutades kas avatud v\u00f5i kinniseid veov\u00f5imalusi.<\/p>\n<p>Veebileht: <a href=\"http:\/\/www.reindeerauto.com\" target=\"_blank\" rel=\"noopener\">http:\/\/www.reindeerauto.com<\/a><\/p>\n<h2><span class=\"ez-toc-section\" id=\"4_Wheaton_World_Wide_Moving\"><\/span><strong>4. Wheaton World Wide Moving<\/strong><span class=\"ez-toc-section-end\"><\/span><\/h2>\n<p><img loading=\"lazy\" decoding=\"async\" class=\"alignnone size-full wp-image-11478\" src=\"https:\/\/moverdb.com\/wp-content\/uploads\/Wheaton-World-Wide-Moving-international-moving-company.png\" alt=\"Wheaton World Wide Moving rahvusvaheline kolimisfirma\" width=\"1440\" height=\"677\" data-wp-pid=\"11478\" srcset=\"https:\/\/moverdb.com\/wp-content\/uploads\/Wheaton-World-Wide-Moving-international-moving-company.png 1440w, https:\/\/moverdb.com\/wp-content\/uploads\/Wheaton-World-Wide-Moving-international-moving-company-300x141.png 300w, https:\/\/moverdb.com\/wp-content\/uploads\/Wheaton-World-Wide-Moving-international-moving-company-1024x481.png 1024w, https:\/\/moverdb.com\/wp-content\/uploads\/Wheaton-World-Wide-Moving-international-moving-company-18x8.png 18w, https:\/\/moverdb.com\/wp-content\/uploads\/Wheaton-World-Wide-Moving-international-moving-company-600x282.png 600w\" sizes=\"auto, (max-width: 1440px) 100vw, 1440px\" \/><\/p>\n<ul>\n<li>Kohalikud ja pikamaa kolimised<\/li>\n<li>Rahvusvahelised liikumised<\/li>\n<li>Kodumajapidamiste kolimised<\/li>\n<li>Kaubanduslikud k\u00e4igud<\/li>\n<li>Ettev\u00f5tete \u00fcmberpaigutused<\/li>\n<li>Pakkimisteenused<\/li>\n<li>Transpordi korraldus<\/li>\n<li><a href=\"https:\/\/moverdb.com\/et\/car-transport-shipping\/\" data-internallinksmanager029f6b8e52c=\"2\" title=\"2026 Rahvusvaheline autoveo ja s\u00f5idukite veo hinnapakkumised\">S\u00f5iduki saatmine<\/a><\/li>\n<li>Kaitsekavad<\/li>\n<li>L\u00fchi- ja pikaajaline ladustamine<\/li>\n<\/ul>\n<p>Wheaton World Wide Moving on 1945. aastal asutatud rahvusvaheline kolimisfirma, mis asub Indianapolises. Nad tegutsevad USAd katva agentide v\u00f5rgustiku kaudu, mis on kontrollitud, et tagada nende vastavus k\u00f5rgetele standarditele. Nad on IAMi liige 78-aastase kogemusega.<\/p>\n<p>Wheaton World Wide Moving on t\u00e4isteenust pakkuv kolimisfirma, mis m\u00e4\u00e4rab spetsiaalse kolimisjuhi. See algab koduse v\u00f5i virtuaalse hinnanguga, et m\u00e4\u00e4rata kindlaks teie kolimise maht. Nad pakuvad pakkimisteenust, mis v\u00f5ib h\u00f5lmata k\u00f5iki teie esemeid v\u00f5i ainult \u00f5rnu ja tundlikke esemeid.<\/p>\n<p>Veebileht: <a href=\"http:\/\/www.wheatonworldwide.com\" target=\"_blank\" rel=\"noopener\">http:\/\/www.wheatonworldwide.com<\/a><\/p>\n<h2><span class=\"ez-toc-section\" id=\"5_Wickman_Worldwide_Services\"><\/span><strong>5. Wickman Worldwide Services<\/strong><span class=\"ez-toc-section-end\"><\/span><\/h2>\n<p><img loading=\"lazy\" decoding=\"async\" class=\"alignnone size-full wp-image-11479\" src=\"https:\/\/moverdb.com\/wp-content\/uploads\/Wickman-Worldwide-Services-international-moving-company.png\" alt=\"Wickman Worldwide Services rahvusvaheline kolimisfirma\" width=\"1440\" height=\"675\" data-wp-pid=\"11479\" srcset=\"https:\/\/moverdb.com\/wp-content\/uploads\/Wickman-Worldwide-Services-international-moving-company.png 1440w, https:\/\/moverdb.com\/wp-content\/uploads\/Wickman-Worldwide-Services-international-moving-company-300x141.png 300w, https:\/\/moverdb.com\/wp-content\/uploads\/Wickman-Worldwide-Services-international-moving-company-1024x480.png 1024w, https:\/\/moverdb.com\/wp-content\/uploads\/Wickman-Worldwide-Services-international-moving-company-18x8.png 18w, https:\/\/moverdb.com\/wp-content\/uploads\/Wickman-Worldwide-Services-international-moving-company-600x281.png 600w\" sizes=\"auto, (max-width: 1440px) 100vw, 1440px\" \/><\/p>\n<ul>\n<li>Rahvusvahelised liikumised<\/li>\n<li>Kodumajapidamiste kolimised<\/li>\n<li>Kolimiseelne k\u00fcsitlus<\/li>\n<li>Professionaalne pakkimisteenus<\/li>\n<li>Veoauto-, raudtee-, mere- ja \u00f5hutransport<\/li>\n<li>Tollivormistus<\/li>\n<li>S\u00f5iduki saatmine<\/li>\n<li>Kolmandate isikute teenused kui lisav\u00f5imalused<\/li>\n<li>Kindlustus<\/li>\n<li>Turvaline ladustamine<\/li>\n<\/ul>\n<p>Wickman Worldwide Services on rahvusvaheline kolimis- ja <a href=\"https:\/\/moverdb.com\/et\/shipping-companies\/\" data-internallinksmanager029f6b8e52c=\"4\" title=\"Top 10 rahvusvahelist konteinerilaevandusettev\u00f5tet\">laevandusettev\u00f5te<\/a> mis asutati 1997. aastal ja mille peakorter asub Indianapolises. Neil on \u00fcle 150 riiki h\u00f5lmav agentuuride v\u00f5rgustik, mis aitab neil korraldada \u00fcmberpaigutusi \u00fcle kogu maailma. Nad on IAMi liige 26-aastase kogemusega.<\/p>\n<p>Wickman Worldwide Services pakub kolimiseelset \u00fclevaatust, et teha \u00fcksikasjalik hindamine teie vajaduste kindlakstegemiseks ja individuaalse hinnapakkumise koostamiseks. Nad pakuvad professionaalset pakkimisteenust kvalifitseeritud ja kindlustatud kolijatega, kes pakivad teie asjad kolimiseks turvaliselt. Nad korraldavad veoauto, raudtee-, mere- v\u00f5i \u00f5hutranspordi koos tollivormistusega ning saabumisel pakivad nad m\u00f6\u00f6bli lahti ja panevad selle kokku.<\/p>\n<p>Veebileht: <a href=\"http:\/\/wickmanworldwide.com\" target=\"_blank\" rel=\"noopener\">http:\/\/wickmanworldwide.com<\/a><\/p>","protected":false},"excerpt":{"rendered":"<p>Moving can be a stressful time with so many things to juggle. This is why many people enlist the help of a moving company as they can manage the move, pack, transport your belongings and sort out customs processes if moving internationally. Below we have compiled a list of Indiana based removal companies that are [&hellip;]<\/p>\n","protected":false},"author":4,"featured_media":11263,"parent":190,"menu_order":0,"comment_status":"closed","ping_status":"closed","template":"","meta":{"_genesis_hide_title":false,"_genesis_hide_breadcrumbs":false,"_genesis_hide_singular_image":false,"_genesis_hide_footer_widgets":false,"_genesis_custom_body_class":"","_genesis_custom_post_class":"","_genesis_layout":"","footnotes":""},"class_list":{"0":"post-11600","1":"page","2":"type-page","3":"status-publish","4":"has-post-thumbnail","6":"entry"},"_links":{"self":[{"href":"https:\/\/moverdb.com\/et\/wp-json\/wp\/v2\/pages\/11600","targetHints":{"allow":["GET"]}}],"collection":[{"href":"https:\/\/moverdb.com\/et\/wp-json\/wp\/v2\/pages"}],"about":[{"href":"https:\/\/moverdb.com\/et\/wp-json\/wp\/v2\/types\/page"}],"author":[{"embeddable":true,"href":"https:\/\/moverdb.com\/et\/wp-json\/wp\/v2\/users\/4"}],"replies":[{"embeddable":true,"href":"https:\/\/moverdb.com\/et\/wp-json\/wp\/v2\/comments?post=11600"}],"version-history":[{"count":1,"href":"https:\/\/moverdb.com\/et\/wp-json\/wp\/v2\/pages\/11600\/revisions"}],"predecessor-version":[{"id":11601,"href":"https:\/\/moverdb.com\/et\/wp-json\/wp\/v2\/pages\/11600\/revisions\/11601"}],"up":[{"embeddable":true,"href":"https:\/\/moverdb.com\/et\/wp-json\/wp\/v2\/pages\/190"}],"wp:featuredmedia":[{"embeddable":true,"href":"https:\/\/moverdb.com\/et\/wp-json\/wp\/v2\/media\/11263"}],"wp:attachment":[{"href":"https:\/\/moverdb.com\/et\/wp-json\/wp\/v2\/media?parent=11600"}],"curies":[{"name":"wp","href":"https:\/\/api.w.org\/{rel}","templated":true}]}}