{"id":11574,"date":"2023-11-29T10:39:50","date_gmt":"2023-11-29T10:39:50","guid":{"rendered":"https:\/\/moverdb.com\/?page_id=11574"},"modified":"2026-01-08T15:24:45","modified_gmt":"2026-01-08T15:24:45","slug":"moving-companies-in-honolulu-usa","status":"publish","type":"page","link":"https:\/\/moverdb.com\/et\/moving-companies\/moving-companies-in-honolulu-usa\/","title":{"rendered":"4 parimat rahvusvahelist kolimisfirmat Honolulus"},"content":{"rendered":"<p>Kohaliku v\u00f5i pikamaa kolimise planeerimine v\u00f5ib olla keeruline ja stressirohke, nii et kaasates \u00fche <a href=\"https:\/\/moverdb.com\/et\/moving-companies\/\" data-internallinksmanager029f6b8e52c=\"79\" title=\"Top 25 rahvusvahelist kolimisfirmat Internetis\">kolimisfirma<\/a> m\u00f5ne rolli \u00fclev\u00f5tmine v\u00f5ib t\u00f5esti aidata. Allpool oleme koostanud nimekirja Honolulu p\u00f5hinevatest <a href=\"https:\/\/moverdb.com\/et\/international-removals\/\" data-internallinksmanager029f6b8e52c=\"27\" title=\"36 Parimad rahvusvahelised kolimisfirmad \u00dchendkuningriigis\">kolimisfirmad<\/a> mis on liikmed <a href=\"https:\/\/moverdb.com\/et\/iam\/\" data-internallinksmanager029f6b8e52c=\"23\" title=\"Rahvusvaheline kolijate assotsiatsioon (IAM) Selgitatud\">Rahvusvaheline kolijate assotsiatsioon<\/a> (IAM) ja\/v\u00f5i <a href=\"https:\/\/moverdb.com\/et\/fidi-faim\/\" data-internallinksmanager029f6b8e52c=\"16\" title=\"FIDI &amp; FAIM (FIDI akrediteeritud rahvusvaheline kolija) selgitatud\">FIDI<\/a> akrediteeritud rahvusvaheline kolija (FAIM), kes v\u00f5iks teid teie kolimisel aidata.<\/p>\n<div id=\"ez-toc-container\" class=\"ez-toc-v2_0_82_2 ez-toc-wrap-left counter-hierarchy ez-toc-counter ez-toc-transparent ez-toc-container-direction\">\n<div class=\"ez-toc-title-container\">\n<p class=\"ez-toc-title\" style=\"cursor:inherit\">Jaotised<\/p>\n<span class=\"ez-toc-title-toggle\"><a href=\"#\" class=\"ez-toc-pull-right ez-toc-btn ez-toc-btn-xs ez-toc-btn-default ez-toc-toggle\" aria-label=\"Sisukorra vaheldumine\"><span class=\"ez-toc-js-icon-con\"><span class=\"\"><span class=\"eztoc-hide\" style=\"display:none;\">Toggle<\/span><span class=\"ez-toc-icon-toggle-span\"><svg style=\"fill: #999;color:#999\" xmlns=\"http:\/\/www.w3.org\/2000\/svg\" class=\"list-377408\" width=\"20px\" height=\"20px\" viewbox=\"0 0 24 24\" fill=\"none\"><path d=\"M6 6H4v2h2V6zm14 0H8v2h12V6zM4 11h2v2H4v-2zm16 0H8v2h12v-2zM4 16h2v2H4v-2zm16 0H8v2h12v-2z\" fill=\"currentColor\"><\/path><\/svg><svg style=\"fill: #999;color:#999\" class=\"arrow-unsorted-368013\" xmlns=\"http:\/\/www.w3.org\/2000\/svg\" width=\"10px\" height=\"10px\" viewbox=\"0 0 24 24\" version=\"1.2\" baseprofile=\"tiny\"><path d=\"M18.2 9.3l-6.2-6.3-6.2 6.3c-.2.2-.3.4-.3.7s.1.5.3.7c.2.2.4.3.7.3h11c.3 0 .5-.1.7-.3.2-.2.3-.5.3-.7s-.1-.5-.3-.7zM5.8 14.7l6.2 6.3 6.2-6.3c.2-.2.3-.5.3-.7s-.1-.5-.3-.7c-.2-.2-.4-.3-.7-.3h-11c-.3 0-.5.1-.7.3-.2.2-.3.5-.3.7s.1.5.3.7z\"\/><\/svg><\/span><\/span><\/span><\/a><\/span><\/div>\n<nav><ul class='ez-toc-list ez-toc-list-level-1 eztoc-toggle-hide-by-default' ><li class='ez-toc-page-1 ez-toc-heading-level-2'><a class=\"ez-toc-link ez-toc-heading-1\" href=\"https:\/\/moverdb.com\/et\/moving-companies\/moving-companies-in-honolulu-usa\/#1_Island_Movers\" >1. Saare kolijad<\/a><\/li><li class='ez-toc-page-1 ez-toc-heading-level-2'><a class=\"ez-toc-link ez-toc-heading-2\" href=\"https:\/\/moverdb.com\/et\/moving-companies\/moving-companies-in-honolulu-usa\/#2_Royal_Hawaiian_Movers\" >2. Royal Hawaiian Movers<\/a><\/li><li class='ez-toc-page-1 ez-toc-heading-level-2'><a class=\"ez-toc-link ez-toc-heading-3\" href=\"https:\/\/moverdb.com\/et\/moving-companies\/moving-companies-in-honolulu-usa\/#3_WestPac_International\" >3. WestPac International<\/a><\/li><li class='ez-toc-page-1 ez-toc-heading-level-2'><a class=\"ez-toc-link ez-toc-heading-4\" href=\"https:\/\/moverdb.com\/et\/moving-companies\/moving-companies-in-honolulu-usa\/#4_World_Wide_Movers_Inc\" >4. World Wide Movers Inc<\/a><\/li><\/ul><\/nav><\/div>\n<h2><span class=\"ez-toc-section\" id=\"1_Island_Movers\"><\/span><strong>1. Saare kolijad<\/strong><span class=\"ez-toc-section-end\"><\/span><\/h2>\n<p><img loading=\"lazy\" decoding=\"async\" class=\"alignnone size-full wp-image-11354\" src=\"https:\/\/moverdb.com\/wp-content\/uploads\/Island-Movers-international-moving-company.png\" alt=\"Island Movers rahvusvaheline kolimisfirma\" width=\"1440\" height=\"676\" data-wp-pid=\"11354\" srcset=\"https:\/\/moverdb.com\/wp-content\/uploads\/Island-Movers-international-moving-company.png 1440w, https:\/\/moverdb.com\/wp-content\/uploads\/Island-Movers-international-moving-company-300x141.png 300w, https:\/\/moverdb.com\/wp-content\/uploads\/Island-Movers-international-moving-company-1024x481.png 1024w, https:\/\/moverdb.com\/wp-content\/uploads\/Island-Movers-international-moving-company-18x8.png 18w, https:\/\/moverdb.com\/wp-content\/uploads\/Island-Movers-international-moving-company-600x282.png 600w\" sizes=\"auto, (max-width: 1440px) 100vw, 1440px\" \/><\/p>\n<ul>\n<li>Kohalikud ja riiklikud liikumised<\/li>\n<li>Rahvusvahelised liikumised<\/li>\n<li>Elamu kolimine<\/li>\n<li>Ettev\u00f5tte liikumine<\/li>\n<li>Liikumise juhtimine<\/li>\n<li>Ukselt-uksele v\u00f5i ukselt-uksele<a href=\"https:\/\/moverdb.com\/et\/top-49-container-ports\/\" data-internallinksmanager029f6b8e52c=\"80\" title=\"Top 49 suurimat ja tihedaima liiklusega konteinersadamat 2025. aastal\">sadam<\/a> teenus<\/li>\n<li>Tasuta hinnang<\/li>\n<li>Pakkimisteenuse valikud<\/li>\n<li>Transpordi korraldus<\/li>\n<li>L\u00fchi- ja pikaajaline ladustamine<\/li>\n<\/ul>\n<p>Island Movers on 1958. aastal asutatud kolimis- ja ekspedeerimisfirma, mis asub Honolulus. Nad teevad koost\u00f6\u00f6d partneragentidega \u00fcle kogu maailma, et pakkuda kolimisteenuseid \u00fclemaailmselt j\u00e4rgmistesse sihtkohtadesse v\u00f5i sihtkohtadest. <a href=\"https:\/\/moverdb.com\/et\/moving-to-the-united-states\/moving-to-hawaii\/\" data-internallinksmanager029f6b8e52c=\"403\" title=\"Kolimine Hawaiile? 2023 elamiskulud ja kolimisn\u00f5uanded\">Hawaii<\/a>. Nad on IAMi liige 65-aastase kogemusega.<\/p>\n<p>Island Movers pakub kolimisteenuseid teie kolimise Hawaii osas ja teeb koost\u00f6\u00f6d partnerite v\u00f5i teie valitud kolimisfirmaga teie praeguses asukohas, et koordineerida teie kolimist. Hawaii kolimiseks pakuvad nad pakkimisteenuseid v\u00f5i saate ise pakendada. Nad pakuvad Hawaii ladustamislahendusi, mille puhul on v\u00f5imalik valida pikaajaline v\u00f5i l\u00fchiajaline ladustamine turvalistes ladudes v\u00f5i 20- v\u00f5i 40-jalgsetes konteinerites.<\/p>\n<p>Veebileht: <a href=\"https:\/\/www.islandmovers.com\/\" target=\"_blank\" rel=\"noopener\">https:\/\/www.islandmovers.com\/<\/a><\/p>\n<h2><span class=\"ez-toc-section\" id=\"2_Royal_Hawaiian_Movers\"><\/span><strong>2. Royal Hawaiian Movers<\/strong><span class=\"ez-toc-section-end\"><\/span><\/h2>\n<p><img loading=\"lazy\" decoding=\"async\" class=\"alignnone size-full wp-image-11429\" src=\"https:\/\/moverdb.com\/wp-content\/uploads\/Royal-Hawaiian-Movers-international-moving-company.png\" alt=\"Royal Hawaiian Movers rahvusvaheline kolimisfirma\" width=\"1440\" height=\"683\" data-wp-pid=\"11429\" srcset=\"https:\/\/moverdb.com\/wp-content\/uploads\/Royal-Hawaiian-Movers-international-moving-company.png 1440w, https:\/\/moverdb.com\/wp-content\/uploads\/Royal-Hawaiian-Movers-international-moving-company-300x142.png 300w, https:\/\/moverdb.com\/wp-content\/uploads\/Royal-Hawaiian-Movers-international-moving-company-1024x486.png 1024w, https:\/\/moverdb.com\/wp-content\/uploads\/Royal-Hawaiian-Movers-international-moving-company-18x9.png 18w, https:\/\/moverdb.com\/wp-content\/uploads\/Royal-Hawaiian-Movers-international-moving-company-600x285.png 600w\" sizes=\"auto, (max-width: 1440px) 100vw, 1440px\" \/><\/p>\n<ul>\n<li>Kohalikud ja riiklikud liikumised<\/li>\n<li>Rahvusvahelised liikumised<\/li>\n<li>Kodumajapidamiste kolimised<\/li>\n<li>Ettev\u00f5tete \u00fcmberpaigutamine<\/li>\n<li>Isikup\u00e4rastatud teenused<\/li>\n<li>Pakkimisteenus<\/li>\n<li>Transpordi korraldus<\/li>\n<li>Tollitoetus<\/li>\n<li>S\u00f5iduki transport<\/li>\n<li>Ladustamisv\u00f5imalused<\/li>\n<\/ul>\n<p>Royal Hawaiian Movers on 1982. aastal asutatud kolimis- ja transpordifirma, mille kontorid asuvad Honolulus, Kahului, Keaau, Kailua ja Lihue. Nad on osa The DeWitt Companies perekonnast, millel on integreeritud kolimis- ja ladustamisteenuste v\u00f5rgustik. Nad on 41-aastase kogemusega IAMi liige.<\/p>\n<p>Royal Hawaiian Movers pakub isiklikku v\u00f5i virtuaalset kolimiseelset \u00fclevaatust ja planeerimisteenust, et korraldada teie kolimist kas ukselt-uksele v\u00f5i sadamast-sadamasse. Nad pakuvad teie vajadustele kohandatud individuaalset teenust ja toetavad teid k\u00f5igis kolimise aspektides, sealhulgas asjade pakkimisel, kodu mahalaadimisel ja kokkupanekul, transpordil, tavadel ja kultuurilistel n\u00f5uannetel.<\/p>\n<p>Veebileht: <a href=\"https:\/\/www.royalhawaiianmovers.com\/\" target=\"_blank\" rel=\"noopener\">https:\/\/www.royalhawaiianmovers.com\/<\/a><\/p>\n<h2><span class=\"ez-toc-section\" id=\"3_WestPac_International\"><\/span><strong>3. WestPac International<\/strong><span class=\"ez-toc-section-end\"><\/span><\/h2>\n<p><img loading=\"lazy\" decoding=\"async\" class=\"alignnone size-full wp-image-11477\" src=\"https:\/\/moverdb.com\/wp-content\/uploads\/WestPac-International-moving-company.png\" alt=\"WestPac International kolimisfirma\" width=\"1440\" height=\"682\" data-wp-pid=\"11477\" srcset=\"https:\/\/moverdb.com\/wp-content\/uploads\/WestPac-International-moving-company.png 1440w, https:\/\/moverdb.com\/wp-content\/uploads\/WestPac-International-moving-company-300x142.png 300w, https:\/\/moverdb.com\/wp-content\/uploads\/WestPac-International-moving-company-1024x485.png 1024w, https:\/\/moverdb.com\/wp-content\/uploads\/WestPac-International-moving-company-18x9.png 18w, https:\/\/moverdb.com\/wp-content\/uploads\/WestPac-International-moving-company-600x284.png 600w\" sizes=\"auto, (max-width: 1440px) 100vw, 1440px\" \/><\/p>\n<ul>\n<li>Kohalikud ja riiklikud liikumised<\/li>\n<li>Rahvusvahelised liikumised<\/li>\n<li>Elamu kolimine<\/li>\n<li>Kontori \u00fcmberpaigutamine<\/li>\n<li>Ukselt-uksele teenus<\/li>\n<li>Pakkimine ja pakkimine<\/li>\n<li>Kvaliteetsed pakkematerjalid<\/li>\n<li>Transpordi korraldamine<\/li>\n<li>Kindlustus<\/li>\n<li>Turvaline l\u00fchi- ja pikaajaline ladustamine<\/li>\n<\/ul>\n<p>WestPac International on \u00fcle 25-aastase kogemusega rahvusvaheline kolimisfirma, mis asub Honolulus. Nad on 23-aastase kogemusega IAMi liige, mis annab neile juurdep\u00e4\u00e4su rahvusvahelisele kolimisettev\u00f5tete v\u00f5rgustikule, mis saab neid toetada \u00fclemaailmsete kolimisteenustega.<\/p>\n<p>WestPac International pakub tasuta hinnangut ning otsib teie kolimiseks parima v\u00f5imaluse ja hinna. Nad pakuvad pakkimis- ja pakkimisteenust, mille puhul kasutatakse kvaliteetseid kolimismaterjale, v\u00f5i saate pakendada ise pakkimismaterjalidega. Nad korraldavad teie asjade transpordi sihtkohta ja pakuvad kindlustuskatet.<\/p>\n<p>Veebileht: <a href=\"https:\/\/www.westpacinternational.com\/\" target=\"_blank\" rel=\"noopener\">https:\/\/www.westpacinternational.com\/<\/a><\/p>\n<h2><span class=\"ez-toc-section\" id=\"4_World_Wide_Movers_Inc\"><\/span><strong>4. World Wide Movers Inc<\/strong><span class=\"ez-toc-section-end\"><\/span><\/h2>\n<p><img loading=\"lazy\" decoding=\"async\" class=\"alignnone size-full wp-image-11480\" src=\"https:\/\/moverdb.com\/wp-content\/uploads\/World-Wide-Movers-Inc-international-moving-company.png\" alt=\"World Wide Movers Inc rahvusvaheline kolimisfirma\" width=\"1440\" height=\"678\" data-wp-pid=\"11480\" srcset=\"https:\/\/moverdb.com\/wp-content\/uploads\/World-Wide-Movers-Inc-international-moving-company.png 1440w, https:\/\/moverdb.com\/wp-content\/uploads\/World-Wide-Movers-Inc-international-moving-company-300x141.png 300w, https:\/\/moverdb.com\/wp-content\/uploads\/World-Wide-Movers-Inc-international-moving-company-1024x482.png 1024w, https:\/\/moverdb.com\/wp-content\/uploads\/World-Wide-Movers-Inc-international-moving-company-18x8.png 18w, https:\/\/moverdb.com\/wp-content\/uploads\/World-Wide-Movers-Inc-international-moving-company-600x283.png 600w\" sizes=\"auto, (max-width: 1440px) 100vw, 1440px\" \/><\/p>\n<ul>\n<li>Kohalikud ja riiklikud liikumised<\/li>\n<li>Rahvusvahelised \u00fcmberpaigutused<\/li>\n<li>Elamu kolimine<\/li>\n<li>Ettev\u00f5tete \u00fcmberpaigutused<\/li>\n<li>Kohandatud kolimisplaan<\/li>\n<li>Pakkimisteenus<\/li>\n<li>Transpordi korraldus<\/li>\n<li><a href=\"https:\/\/moverdb.com\/et\/car-transport-shipping\/\" data-internallinksmanager029f6b8e52c=\"2\" title=\"2026 Rahvusvaheline autoveo ja s\u00f5idukite veo hinnapakkumised\">S\u00f5iduki transport<\/a><\/li>\n<li>Kindlustus<\/li>\n<li>Ladustamisv\u00f5imalused<\/li>\n<\/ul>\n<p>World Wide Movers Inc on 1963. aastal asutatud kolimis- ja ladustamisettev\u00f5te, mis asub Honolulus. Nad on United Van Lines, Mayflower Transit ja UniGroupi agent. Nad on 60-aastase kogemusega IAMi liige.<\/p>\n<p>World Wide Movers Inc pakub tasuta hinnapakkumist ja koostab teie vajadustele, ajakavale ja eelarvele kohandatud kolimisplaani. Nad pakuvad pakkimisv\u00f5imalusi, et anda teile paindlikkust selles osas, kui palju soovite kolimises osaleda - t\u00e4ielik pakkimisteenus, habras pakkimine ja DIY-pakkimine. Nende professionaalne kolijate meeskond kasutab esemete kaitsmiseks t\u00f6\u00f6stusharu standardseid materjale ja meetodeid ning v\u00f5ib pakkuda kohandatud kastid.<\/p>\n<p>Veebileht: <a href=\"https:\/\/world-widemovers.com\/honolulu-hawaii-moving-company\/\" target=\"_blank\" rel=\"noopener\">https:\/\/world-widemovers.com\/honolulu-hawaii-moving-company\/<\/a><\/p>","protected":false},"excerpt":{"rendered":"<p>Planning a move locally or long distance can be complicated and stressful so involving a moving company to take on some of the roles can really help. Below we have compiled a list of Honolulu based removal companies that are members of the International Association of Movers (IAM) and\/or FIDI Accredited International Mover (FAIM) who [&hellip;]<\/p>\n","protected":false},"author":4,"featured_media":11354,"parent":190,"menu_order":0,"comment_status":"closed","ping_status":"closed","template":"","meta":{"_genesis_hide_title":false,"_genesis_hide_breadcrumbs":false,"_genesis_hide_singular_image":false,"_genesis_hide_footer_widgets":false,"_genesis_custom_body_class":"","_genesis_custom_post_class":"","_genesis_layout":"","footnotes":""},"class_list":{"0":"post-11574","1":"page","2":"type-page","3":"status-publish","4":"has-post-thumbnail","6":"entry"},"_links":{"self":[{"href":"https:\/\/moverdb.com\/et\/wp-json\/wp\/v2\/pages\/11574","targetHints":{"allow":["GET"]}}],"collection":[{"href":"https:\/\/moverdb.com\/et\/wp-json\/wp\/v2\/pages"}],"about":[{"href":"https:\/\/moverdb.com\/et\/wp-json\/wp\/v2\/types\/page"}],"author":[{"embeddable":true,"href":"https:\/\/moverdb.com\/et\/wp-json\/wp\/v2\/users\/4"}],"replies":[{"embeddable":true,"href":"https:\/\/moverdb.com\/et\/wp-json\/wp\/v2\/comments?post=11574"}],"version-history":[{"count":1,"href":"https:\/\/moverdb.com\/et\/wp-json\/wp\/v2\/pages\/11574\/revisions"}],"predecessor-version":[{"id":11575,"href":"https:\/\/moverdb.com\/et\/wp-json\/wp\/v2\/pages\/11574\/revisions\/11575"}],"up":[{"embeddable":true,"href":"https:\/\/moverdb.com\/et\/wp-json\/wp\/v2\/pages\/190"}],"wp:featuredmedia":[{"embeddable":true,"href":"https:\/\/moverdb.com\/et\/wp-json\/wp\/v2\/media\/11354"}],"wp:attachment":[{"href":"https:\/\/moverdb.com\/et\/wp-json\/wp\/v2\/media?parent=11574"}],"curies":[{"name":"wp","href":"https:\/\/api.w.org\/{rel}","templated":true}]}}