{"id":11566,"date":"2023-11-29T10:45:44","date_gmt":"2023-11-29T10:45:44","guid":{"rendered":"https:\/\/moverdb.com\/?page_id=11566"},"modified":"2026-01-08T15:25:07","modified_gmt":"2026-01-08T15:25:07","slug":"moving-companies-us-georgia","status":"publish","type":"page","link":"https:\/\/moverdb.com\/et\/moving-companies\/moving-companies-us-georgia\/","title":{"rendered":"5 parimat rahvusvahelist kolimisfirmat Gruusias"},"content":{"rendered":"<p>Kolimisel on palju teha, n\u00e4iteks kolimise planeerimine ja korraldamine, transporditeenuse pakkuja valimine ja oma asjade pakkimine ning v\u00e4lismaale kolimise korral ka tolliga tegelemine. Paljusid neist tegevustest saab teostada <a href=\"https:\/\/moverdb.com\/et\/moving-companies\/\" data-internallinksmanager029f6b8e52c=\"79\" title=\"Top 25 rahvusvahelist kolimisfirmat Internetis\">kolimisfirma<\/a>. Allpool oleme koostanud nimekirja <a href=\"https:\/\/moverdb.com\/et\/moving-to-the-united-states\/moving-to-georgia\/\" data-internallinksmanager029f6b8e52c=\"402\" title=\"Gruusiasse kolimine? 2023 elamiskulud ja kolimisn\u00f5uanded\">Gruusia<\/a> p\u00f5hineb <a href=\"https:\/\/moverdb.com\/et\/international-removals\/\" data-internallinksmanager029f6b8e52c=\"27\" title=\"36 Parimad rahvusvahelised kolimisfirmad \u00dchendkuningriigis\">kolimisfirmad<\/a> mis on liikmed <a href=\"https:\/\/moverdb.com\/et\/iam\/\" data-internallinksmanager029f6b8e52c=\"23\" title=\"Rahvusvaheline kolijate assotsiatsioon (IAM) Selgitatud\">Rahvusvaheline kolijate assotsiatsioon<\/a> (IAM) ja\/v\u00f5i <a href=\"https:\/\/moverdb.com\/et\/fidi-faim\/\" data-internallinksmanager029f6b8e52c=\"16\" title=\"FIDI &amp; FAIM (FIDI akrediteeritud rahvusvaheline kolija) selgitatud\">FIDI<\/a> Akrediteeritud rahvusvaheline kolija (FAIM), kes v\u00f5iks teid kolimisel aidata.<\/p>\n<div id=\"ez-toc-container\" class=\"ez-toc-v2_0_82_2 ez-toc-wrap-left counter-hierarchy ez-toc-counter ez-toc-transparent ez-toc-container-direction\">\n<div class=\"ez-toc-title-container\">\n<p class=\"ez-toc-title\" style=\"cursor:inherit\">Jaotised<\/p>\n<span class=\"ez-toc-title-toggle\"><a href=\"#\" class=\"ez-toc-pull-right ez-toc-btn ez-toc-btn-xs ez-toc-btn-default ez-toc-toggle\" aria-label=\"Sisukorra vaheldumine\"><span class=\"ez-toc-js-icon-con\"><span class=\"\"><span class=\"eztoc-hide\" style=\"display:none;\">Toggle<\/span><span class=\"ez-toc-icon-toggle-span\"><svg style=\"fill: #999;color:#999\" xmlns=\"http:\/\/www.w3.org\/2000\/svg\" class=\"list-377408\" width=\"20px\" height=\"20px\" viewbox=\"0 0 24 24\" fill=\"none\"><path d=\"M6 6H4v2h2V6zm14 0H8v2h12V6zM4 11h2v2H4v-2zm16 0H8v2h12v-2zM4 16h2v2H4v-2zm16 0H8v2h12v-2z\" fill=\"currentColor\"><\/path><\/svg><svg style=\"fill: #999;color:#999\" class=\"arrow-unsorted-368013\" xmlns=\"http:\/\/www.w3.org\/2000\/svg\" width=\"10px\" height=\"10px\" viewbox=\"0 0 24 24\" version=\"1.2\" baseprofile=\"tiny\"><path d=\"M18.2 9.3l-6.2-6.3-6.2 6.3c-.2.2-.3.4-.3.7s.1.5.3.7c.2.2.4.3.7.3h11c.3 0 .5-.1.7-.3.2-.2.3-.5.3-.7s-.1-.5-.3-.7zM5.8 14.7l6.2 6.3 6.2-6.3c.2-.2.3-.5.3-.7s-.1-.5-.3-.7c-.2-.2-.4-.3-.7-.3h-11c-.3 0-.5.1-.7.3-.2.2-.3.5-.3.7s.1.5.3.7z\"\/><\/svg><\/span><\/span><\/span><\/a><\/span><\/div>\n<nav><ul class='ez-toc-list ez-toc-list-level-1 eztoc-toggle-hide-by-default' ><li class='ez-toc-page-1 ez-toc-heading-level-2'><a class=\"ez-toc-link ez-toc-heading-1\" href=\"https:\/\/moverdb.com\/et\/moving-companies\/moving-companies-us-georgia\/#1_A1_Freeman_Moving_Group\" >1. A1 Freeman Moving Group<\/a><\/li><li class='ez-toc-page-1 ez-toc-heading-level-2'><a class=\"ez-toc-link ez-toc-heading-2\" href=\"https:\/\/moverdb.com\/et\/moving-companies\/moving-companies-us-georgia\/#2_Atlantic_Relocation_Systems\" >2. Atlantic Relocation Systems<\/a><\/li><li class='ez-toc-page-1 ez-toc-heading-level-2'><a class=\"ez-toc-link ez-toc-heading-3\" href=\"https:\/\/moverdb.com\/et\/moving-companies\/moving-companies-us-georgia\/#3_Armstrong\" >3. Armstrong<\/a><\/li><li class='ez-toc-page-1 ez-toc-heading-level-2'><a class=\"ez-toc-link ez-toc-heading-4\" href=\"https:\/\/moverdb.com\/et\/moving-companies\/moving-companies-us-georgia\/#4_Beltmann_Moving_Storage\" >4. Beltmann kolimine ja ladustamine<\/a><\/li><li class='ez-toc-page-1 ez-toc-heading-level-2'><a class=\"ez-toc-link ez-toc-heading-5\" href=\"https:\/\/moverdb.com\/et\/moving-companies\/moving-companies-us-georgia\/#5_Hilldrup\" >5. Hilldrup<\/a><\/li><\/ul><\/nav><\/div>\n<h2><span class=\"ez-toc-section\" id=\"1_A1_Freeman_Moving_Group\"><\/span><strong>1. A1 Freeman Moving Group<\/strong><span class=\"ez-toc-section-end\"><\/span><\/h2>\n<p><img loading=\"lazy\" decoding=\"async\" class=\"alignnone size-full wp-image-11236\" src=\"https:\/\/moverdb.com\/wp-content\/uploads\/A1-Freeman-Moving-Group-international-moving-company.png\" alt=\"A1 Freeman Moving Group rahvusvaheline kolimisfirma\" width=\"1440\" height=\"675\" data-wp-pid=\"11236\" srcset=\"https:\/\/moverdb.com\/wp-content\/uploads\/A1-Freeman-Moving-Group-international-moving-company.png 1440w, https:\/\/moverdb.com\/wp-content\/uploads\/A1-Freeman-Moving-Group-international-moving-company-300x141.png 300w, https:\/\/moverdb.com\/wp-content\/uploads\/A1-Freeman-Moving-Group-international-moving-company-1024x480.png 1024w, https:\/\/moverdb.com\/wp-content\/uploads\/A1-Freeman-Moving-Group-international-moving-company-18x8.png 18w, https:\/\/moverdb.com\/wp-content\/uploads\/A1-Freeman-Moving-Group-international-moving-company-600x281.png 600w\" sizes=\"auto, (max-width: 1440px) 100vw, 1440px\" \/><\/p>\n<ul>\n<li>Kohalikud ja pikamaa kolimised<\/li>\n<li>Rahvusvahelised liikumised<\/li>\n<li>Kodumajapidamiste kolimised<\/li>\n<li>Ettev\u00f5tete \u00fcmberpaigutamine<\/li>\n<li>Kohandatud teenused<\/li>\n<li>Klienditeeninduse n\u00f5ustaja<\/li>\n<li>Pakkimisteenus<\/li>\n<li>Transpordi korraldus<\/li>\n<li>Tollitoetus<\/li>\n<li>Kolimisj\u00e4rgse j\u00e4lgimise eest vastutavad concierge'id<\/li>\n<\/ul>\n<p>A1 Freeman Moving Group on alates 1974. aastast tegutsev \u00fcmberpaigutamise ja transpordiga tegelev ettev\u00f5te, mille asukoht on <a href=\"https:\/\/moverdb.com\/et\/moving-to-atlanta\/\" data-internallinksmanager029f6b8e52c=\"32\" title=\"Kolimine Atlantasse? 2022 elamiskulud ja kolimisn\u00f5uanded\">Atlanta<\/a>. Nad on transpordiprofessionaalide v\u00f5rgustik, mis suudab pakkuda kolimisteenuseid nii kohalikul, riiklikul kui ka rahvusvahelisel tasandil. Nad on IAMi liige 33-aastase kogemusega.<\/p>\n<p>A1 Freeman Moving Group pakub kolimiseelset n\u00f5ustamist koos \u00fche oma esindajaga, kes viib teid l\u00e4bi protsessi ja aitab planeerida teie kolimist. Nad m\u00e4\u00e4ravad klienditeenindaja, kes juhib teie kolimise iga sammu. Nad koostavad kolimisplaani, mis h\u00f5lmab pakkimist, kohaletoimetamist, tolli- ja sisseseadmisteenuseid.<\/p>\n<p>Veebileht: <a href=\"http:\/\/www.a1freemanatlanta.com\/\" target=\"_blank\" rel=\"noopener\">http:\/\/www.a1freemanatlanta.com\/<\/a><\/p>\n<h2><span class=\"ez-toc-section\" id=\"2_Atlantic_Relocation_Systems\"><\/span><strong>2. Atlantic Relocation Systems<\/strong><span class=\"ez-toc-section-end\"><\/span><\/h2>\n<p><img loading=\"lazy\" decoding=\"async\" class=\"alignnone size-full wp-image-11262\" src=\"https:\/\/moverdb.com\/wp-content\/uploads\/Atlantic-Relocation-Systems-international-moving-company.png\" alt=\"Atlantic Relocation Systems rahvusvaheline kolimisfirma\" width=\"1440\" height=\"677\" data-wp-pid=\"11262\" srcset=\"https:\/\/moverdb.com\/wp-content\/uploads\/Atlantic-Relocation-Systems-international-moving-company.png 1440w, https:\/\/moverdb.com\/wp-content\/uploads\/Atlantic-Relocation-Systems-international-moving-company-300x141.png 300w, https:\/\/moverdb.com\/wp-content\/uploads\/Atlantic-Relocation-Systems-international-moving-company-1024x481.png 1024w, https:\/\/moverdb.com\/wp-content\/uploads\/Atlantic-Relocation-Systems-international-moving-company-18x8.png 18w, https:\/\/moverdb.com\/wp-content\/uploads\/Atlantic-Relocation-Systems-international-moving-company-600x282.png 600w\" sizes=\"auto, (max-width: 1440px) 100vw, 1440px\" \/><\/p>\n<ul>\n<li>Kohalikud ja pikamaa kolimised<\/li>\n<li>Rahvusvahelised liikumised<\/li>\n<li>Elamu kolimine<\/li>\n<li>Kontori kolimised<\/li>\n<li>\u00dcmberpaigutamise koordinaator<\/li>\n<li>Pakkimisteenus<\/li>\n<li>Maantee-, mere- ja \u00f5hutransport<\/li>\n<li>Dokumentatsiooniabi<\/li>\n<li>Kunstiteoste saatmine<\/li>\n<li>Ladustamisv\u00f5imalus<\/li>\n<\/ul>\n<p>Atlantic Relocation Systems on 1984. aastal asutatud rahvusvaheline kolimisfirma, millel on 13 filiaali \u00fcle kogu maailma. <a href=\"https:\/\/moverdb.com\/et\/moving-to-the-united-states\/\" data-internallinksmanager029f6b8e52c=\"94\" title=\"Kolimine Ameerika \u00dchendriikidesse? 2022 Elamiskulud ja kolimisn\u00f5uanded\">USA<\/a> koos \u00fchega Atlantas. Nad on Atlas Van Lines'i ettev\u00f5te, mis tagab neile katvuse kogu USAs ja neil on juurdep\u00e4\u00e4s rahvusvahelistele v\u00f5rgustikele, mis neid toetavad. Nad on 52-aastase kogemusega IAMi liige.<\/p>\n<p>Atlantic Relocation Systems pakub rahvusvahelistele kolijatele rahvusvahelise kolimise koordinaatorit, kes aitab teid kogu teie kolimise ajal. Kohalikele kolimistele pakutakse tasuta hinnangut kodus. Nad pakuvad pakkimisteenust, et kaitsta teie asju maantee-, mere- v\u00f5i \u00f5hutranspordi ajal, ning abistavad dokumentide t\u00e4itmisel.<\/p>\n<p>Veebileht: <a href=\"https:\/\/www.atlanticrelocation.com\/\" target=\"_blank\" rel=\"noopener\">https:\/\/www.atlanticrelocation.com\/<\/a><\/p>\n<h2><span class=\"ez-toc-section\" id=\"3_Armstrong\"><\/span><strong>3. Armstrong<\/strong><span class=\"ez-toc-section-end\"><\/span><\/h2>\n<p><img loading=\"lazy\" decoding=\"async\" class=\"alignnone size-full wp-image-11261\" src=\"https:\/\/moverdb.com\/wp-content\/uploads\/Armstrong-international-moving-company.png\" alt=\"Armstrongi rahvusvaheline kolimisfirma\" width=\"1440\" height=\"676\" data-wp-pid=\"11261\" srcset=\"https:\/\/moverdb.com\/wp-content\/uploads\/Armstrong-international-moving-company.png 1440w, https:\/\/moverdb.com\/wp-content\/uploads\/Armstrong-international-moving-company-300x141.png 300w, https:\/\/moverdb.com\/wp-content\/uploads\/Armstrong-international-moving-company-1024x481.png 1024w, https:\/\/moverdb.com\/wp-content\/uploads\/Armstrong-international-moving-company-18x8.png 18w, https:\/\/moverdb.com\/wp-content\/uploads\/Armstrong-international-moving-company-600x282.png 600w\" sizes=\"auto, (max-width: 1440px) 100vw, 1440px\" \/><\/p>\n<ul>\n<li>Kohalikud ja pikamaa kolimised<\/li>\n<li>Rahvusvahelised liikumised<\/li>\n<li>Elamu kolimine<\/li>\n<li>Kontori kolimised<\/li>\n<li>T\u00f6\u00f6tajate \u00fcmberpaigutamine<\/li>\n<li>Pakkimise v\u00f5imalused<\/li>\n<li>Lennu-, mere- ja maismaatransport<\/li>\n<li>Tollivormistus<\/li>\n<li>Sihtkoha teenused<\/li>\n<li>L\u00fchi- ja pikaajaline ladustamine<\/li>\n<\/ul>\n<p>Armstrong on kolimis-, \u00fcmberpaigutamis- ja logistikafirma, millel on 32 tegevuskohta \u00fcle kogu riigi, sealhulgas asukoht Atlantas. Neil on partnerite ja sidusettev\u00f5tete v\u00f5rgustik, kes aitavad neil pakkuda oma teenuseid rahvusvaheliselt. Nad on 38-aastase kogemusega IAMi liige ja FIDI poolt akrediteeritud.<\/p>\n<p>Armstrong pakub kolimiskorraldusteenuseid, mis h\u00f5lmavad t\u00e4ieliku v\u00f5i osalise pakkimise ja lahtipakkimise v\u00f5imalusi, mis v\u00f5ivad h\u00f5lmata ka pakkimist ja eripakkimist ning teie vara kaitsmist kolimise ajal. Nad korraldavad transpordi koos tollivormistusega. T\u00e4iendavad teenused h\u00f5lmavad kultuurikoolitust, kodu m\u00fc\u00fcki ja \u00fc\u00fcrimist ning ladustamisv\u00f5imalusi.<\/p>\n<p>Veebileht: <a href=\"https:\/\/www.armstrongrelocation.com\/\" target=\"_blank\" rel=\"noopener\">https:\/\/www.armstrongrelocation.com\/<\/a><\/p>\n<h2><span class=\"ez-toc-section\" id=\"4_Beltmann_Moving_Storage\"><\/span><strong>4. Beltmann kolimine ja ladustamine<\/strong><span class=\"ez-toc-section-end\"><\/span><\/h2>\n<p><img loading=\"lazy\" decoding=\"async\" class=\"alignnone size-full wp-image-11269\" src=\"https:\/\/moverdb.com\/wp-content\/uploads\/Beltmann-Relocation-Group-international-moving-company.png\" alt=\"Beltmann Relocation Group rahvusvaheline kolimisfirma\" width=\"1440\" height=\"682\" data-wp-pid=\"11269\" srcset=\"https:\/\/moverdb.com\/wp-content\/uploads\/Beltmann-Relocation-Group-international-moving-company.png 1440w, https:\/\/moverdb.com\/wp-content\/uploads\/Beltmann-Relocation-Group-international-moving-company-300x142.png 300w, https:\/\/moverdb.com\/wp-content\/uploads\/Beltmann-Relocation-Group-international-moving-company-1024x485.png 1024w, https:\/\/moverdb.com\/wp-content\/uploads\/Beltmann-Relocation-Group-international-moving-company-18x9.png 18w, https:\/\/moverdb.com\/wp-content\/uploads\/Beltmann-Relocation-Group-international-moving-company-600x284.png 600w\" sizes=\"auto, (max-width: 1440px) 100vw, 1440px\" \/><\/p>\n<ul>\n<li>Kohalikud ja pikamaa kolimised<\/li>\n<li>Rahvusvahelised liikumised<\/li>\n<li>Elamu kolimine<\/li>\n<li>Kontori kolimised<\/li>\n<li>Ettev\u00f5tete \u00fcmberpaigutused<\/li>\n<li>Kohandatavad teenused<\/li>\n<li>Liigu konsultant<\/li>\n<li>Pakkimisteenus<\/li>\n<li>Transpordi korraldus<\/li>\n<li>Turvaline ladustamine<\/li>\n<\/ul>\n<p>Beltmann Moving &amp; Storage on 1923. aastal asutatud kolimisfirma, millel on 11 tegevuskohta \u00fcle kogu USA, sealhulgas Atlanta. Nad on seotud North American Van Lines'iga, mis tagab neile suurema katvuse ja rahvusvahelise v\u00f5rgustiku. Nad on IAMi liige 24-aastase kogemusega.<\/p>\n<p>Beltmann Moving &amp; Storage pakub individuaalseid pakette, nii et maksate ainult vajaminevate teenuste eest ja saate j\u00e4\u00e4da eelarve piiridesse. Nad pakuvad personaalset tuge ja k\u00f5ikeh\u00f5lmavaid pakette, mis v\u00f5ivad hoolitseda k\u00f5ige eest, v\u00f5i v\u00f5ite valida \u00fcksikuid teenuseid. Nende kolimiskonsultant korraldab teie kolimise, sealhulgas pakkimise ja transpordi sihtkohta.<\/p>\n<p>Veebileht: <a href=\"http:\/\/www.beltmann.com\/\" target=\"_blank\" rel=\"noopener\">http:\/\/www.beltmann.com\/<\/a><\/p>\n<h2><span class=\"ez-toc-section\" id=\"5_Hilldrup\"><\/span><strong>5. Hilldrup<\/strong><span class=\"ez-toc-section-end\"><\/span><\/h2>\n<p><img loading=\"lazy\" decoding=\"async\" class=\"alignnone size-full wp-image-11339\" src=\"https:\/\/moverdb.com\/wp-content\/uploads\/Hilldrup-international-moving-company.png\" alt=\"Hilldrup rahvusvaheline kolimisfirma\" width=\"1440\" height=\"674\" data-wp-pid=\"11339\" srcset=\"https:\/\/moverdb.com\/wp-content\/uploads\/Hilldrup-international-moving-company.png 1440w, https:\/\/moverdb.com\/wp-content\/uploads\/Hilldrup-international-moving-company-300x140.png 300w, https:\/\/moverdb.com\/wp-content\/uploads\/Hilldrup-international-moving-company-1024x479.png 1024w, https:\/\/moverdb.com\/wp-content\/uploads\/Hilldrup-international-moving-company-18x8.png 18w, https:\/\/moverdb.com\/wp-content\/uploads\/Hilldrup-international-moving-company-600x281.png 600w\" sizes=\"auto, (max-width: 1440px) 100vw, 1440px\" \/><\/p>\n<ul>\n<li>Kohalikud ja pikamaa kolimised<\/li>\n<li>Rahvusvahelised liikumised<\/li>\n<li>Elamu kolimine<\/li>\n<li>Ettev\u00f5tte liikumine<\/li>\n<li>Kolimispakettide valik<\/li>\n<li>Liikumisn\u00f5ustaja<\/li>\n<li>Pakkimisteenus<\/li>\n<li>Transpordikorraldus<\/li>\n<li>J\u00e4lgimisuuendused<\/li>\n<li>L\u00fchi- ja pikaajaline ladustamine<\/li>\n<\/ul>\n<p>Hilldrup on 1903. aastal asutatud kolimis- ja ladustamisettev\u00f5te, millel on 10 filiaali USA kagu- ja kesk-Atlandi piirkonnas, sealhulgas \u00fcks Atlanta linnas. Neil on rahvusvahelised sidemed juhtivate organisatsioonidega, et toetada oma kliente ja pakkuda rahvusvahelisi teenuseid, mille hulka kuuluvad United Van Lines ja Mayflower Transit. Nad on akrediteeritud FIDI poolt.<\/p>\n<p>Hilldrup pakub kolimisn\u00f5ustajat, kes juhib teie kolimist ja pakub erinevaid kolimispakette alates DIY-st kuni t\u00e4isteenuse pakkimiseni. Nad pakuvad virtuaalset kolimisuuringut, et hinnata teie vajadusi ja koostada hinnapakkumine. Nad kasutavad parimaid pakkimismaterjale, et kaitsta teie asju transportimisel, ning pakuvad habraste esemete jaoks kohandatud pakkimis- ja pakkimisv\u00f5imalusi.<\/p>\n<p>Veebileht: <a href=\"https:\/\/www.hilldrup.com\/\" target=\"_blank\" rel=\"noopener\">https:\/\/www.hilldrup.com\/<\/a><\/p>","protected":false},"excerpt":{"rendered":"<p>When you are moving there is a lot to do such as planning and organising the move, selecting a transportation provider and packing your belongings, and if you are moving abroad handling customs too. Many of these activities can be completed by a moving company. Below we have compiled a list of Georgia based removal [&hellip;]<\/p>\n","protected":false},"author":4,"featured_media":11236,"parent":190,"menu_order":0,"comment_status":"closed","ping_status":"closed","template":"","meta":{"_genesis_hide_title":false,"_genesis_hide_breadcrumbs":false,"_genesis_hide_singular_image":false,"_genesis_hide_footer_widgets":false,"_genesis_custom_body_class":"","_genesis_custom_post_class":"","_genesis_layout":"","footnotes":""},"class_list":{"0":"post-11566","1":"page","2":"type-page","3":"status-publish","4":"has-post-thumbnail","6":"entry"},"_links":{"self":[{"href":"https:\/\/moverdb.com\/et\/wp-json\/wp\/v2\/pages\/11566","targetHints":{"allow":["GET"]}}],"collection":[{"href":"https:\/\/moverdb.com\/et\/wp-json\/wp\/v2\/pages"}],"about":[{"href":"https:\/\/moverdb.com\/et\/wp-json\/wp\/v2\/types\/page"}],"author":[{"embeddable":true,"href":"https:\/\/moverdb.com\/et\/wp-json\/wp\/v2\/users\/4"}],"replies":[{"embeddable":true,"href":"https:\/\/moverdb.com\/et\/wp-json\/wp\/v2\/comments?post=11566"}],"version-history":[{"count":3,"href":"https:\/\/moverdb.com\/et\/wp-json\/wp\/v2\/pages\/11566\/revisions"}],"predecessor-version":[{"id":11570,"href":"https:\/\/moverdb.com\/et\/wp-json\/wp\/v2\/pages\/11566\/revisions\/11570"}],"up":[{"embeddable":true,"href":"https:\/\/moverdb.com\/et\/wp-json\/wp\/v2\/pages\/190"}],"wp:featuredmedia":[{"embeddable":true,"href":"https:\/\/moverdb.com\/et\/wp-json\/wp\/v2\/media\/11236"}],"wp:attachment":[{"href":"https:\/\/moverdb.com\/et\/wp-json\/wp\/v2\/media?parent=11566"}],"curies":[{"name":"wp","href":"https:\/\/api.w.org\/{rel}","templated":true}]}}