{"id":11564,"date":"2023-11-29T10:35:03","date_gmt":"2023-11-29T10:35:03","guid":{"rendered":"https:\/\/moverdb.com\/?page_id=11564"},"modified":"2026-01-08T15:24:15","modified_gmt":"2026-01-08T15:24:15","slug":"moving-companies-us-gaithersburg","status":"publish","type":"page","link":"https:\/\/moverdb.com\/et\/moving-companies\/moving-companies-us-gaithersburg\/","title":{"rendered":"3 parimat rahvusvahelist kolimisfirmat Gaithersburgis"},"content":{"rendered":"<p>Kodu v\u00f5i ettev\u00f5tte kolimisel on palju teha, seega on teenusepakkuja teenuste kaasamine v\u00e4ga oluline. <a href=\"https:\/\/moverdb.com\/et\/moving-companies\/\" data-internallinksmanager029f6b8e52c=\"79\" title=\"Top 25 rahvusvahelist kolimisfirmat Internetis\">kolimisfirma<\/a> v\u00f5ib aidata teil v\u00e4hendada t\u00f6\u00f6koormust, et saaksite keskenduda oma kolimise muudele aspektidele. See v\u00f5ib h\u00f5lmata pakkimist, transpordi korraldamist ja rahvusvaheliste kolimiste puhul tolliga tegelemist. Allpool oleme koostanud nimekirja Gaithersburgis asuvatest ettev\u00f5tetest. <a href=\"https:\/\/moverdb.com\/et\/international-removals\/\" data-internallinksmanager029f6b8e52c=\"27\" title=\"36 Parimad rahvusvahelised kolimisfirmad \u00dchendkuningriigis\">kolimisfirmad<\/a> mis on liikmed <a href=\"https:\/\/moverdb.com\/et\/iam\/\" data-internallinksmanager029f6b8e52c=\"23\" title=\"Rahvusvaheline kolijate assotsiatsioon (IAM) Selgitatud\">Rahvusvaheline kolijate assotsiatsioon<\/a> (IAM) ja\/v\u00f5i <a href=\"https:\/\/moverdb.com\/et\/fidi-faim\/\" data-internallinksmanager029f6b8e52c=\"16\" title=\"FIDI &amp; FAIM (FIDI akrediteeritud rahvusvaheline kolija) selgitatud\">FIDI<\/a> Akrediteeritud rahvusvaheline kolija (FAIM), kes v\u00f5iks teid kolimisel aidata.<\/p>\n<h2><strong>1. Laevanduslahendused kogu maailmas<\/strong><\/h2>\n<p><img loading=\"lazy\" decoding=\"async\" class=\"alignnone size-full wp-image-11442\" src=\"https:\/\/moverdb.com\/wp-content\/uploads\/Shipping-Solutions-Worldwide-international-moving-company.png\" alt=\"Laevanduslahendused \u00dclemaailmne rahvusvaheline kolimisfirma\" width=\"1440\" height=\"680\" data-wp-pid=\"11442\" srcset=\"https:\/\/moverdb.com\/wp-content\/uploads\/Shipping-Solutions-Worldwide-international-moving-company.png 1440w, https:\/\/moverdb.com\/wp-content\/uploads\/Shipping-Solutions-Worldwide-international-moving-company-300x142.png 300w, https:\/\/moverdb.com\/wp-content\/uploads\/Shipping-Solutions-Worldwide-international-moving-company-1024x484.png 1024w, https:\/\/moverdb.com\/wp-content\/uploads\/Shipping-Solutions-Worldwide-international-moving-company-18x9.png 18w, https:\/\/moverdb.com\/wp-content\/uploads\/Shipping-Solutions-Worldwide-international-moving-company-600x283.png 600w\" sizes=\"auto, (max-width: 1440px) 100vw, 1440px\" \/><\/p>\n<ul>\n<li>Kohalikud ja riiklikud liikumised<\/li>\n<li>Rahvusvahelised liikumised<\/li>\n<li>Elamu kolimine<\/li>\n<li>\u00c4ri- ja kontorik\u00e4igud<\/li>\n<li>Isikup\u00e4rastatud teenus<\/li>\n<li>Pakkimisteenus<\/li>\n<li>Maismaa-, \u00f5hu- ja meretransport<\/li>\n<li>Dokumentatsiooni tugi<\/li>\n<li><a href=\"https:\/\/moverdb.com\/et\/car-transport-shipping\/\" data-internallinksmanager029f6b8e52c=\"2\" title=\"2026 Rahvusvaheline autoveo ja s\u00f5idukite veo hinnapakkumised\">S\u00f5iduki saatmine<\/a><\/li>\n<li>Saadetise j\u00e4lgimine<\/li>\n<\/ul>\n<p>Shipping Solutions Worldwide on \u00fcle 30-aastase kogemusega \u00fclemaailmne kolimisfirma, mis asub Gaithersburgis. Nad teevad koost\u00f6\u00f6d \u00fclemaailmsete kolimisettev\u00f5tete v\u00f5rgustikuga, et pakkuda teenuseid kogu maailmas. Nad on IAMi liige.<\/p>\n<p>Shipping Solutions Worldwide pakub teie vajadustele kohandatud kolimisteenust. Nad pakuvad pakkimisteenust, mis tagab, et teie esemed reisivad turvaliselt veotingimustes koos t\u00e4ieliku inventariga. Nad korraldavad transpordi maismaa-, \u00f5hu- v\u00f5i meretranspordi ning menetlevad ka k\u00f5ik transpordiks vajalikud dokumendid ja j\u00e4lgivad teie saadetist.<\/p>\n<p>Veebileht: <a href=\"https:\/\/shippingsolutionsworldwide.com\/\" target=\"_blank\" rel=\"noopener\">https:\/\/shippingsolutionsworldwide.com\/<\/a><\/p>\n<h2><strong>2. Town &amp; Country Movers<\/strong><\/h2>\n<p><img loading=\"lazy\" decoding=\"async\" class=\"alignnone size-full wp-image-11458\" src=\"https:\/\/moverdb.com\/wp-content\/uploads\/Town-Country-Movers-international-moving-company.png\" alt=\"Town &amp; Country Movers rahvusvaheline kolimisfirma\" width=\"1440\" height=\"681\" data-wp-pid=\"11458\" srcset=\"https:\/\/moverdb.com\/wp-content\/uploads\/Town-Country-Movers-international-moving-company.png 1440w, https:\/\/moverdb.com\/wp-content\/uploads\/Town-Country-Movers-international-moving-company-300x142.png 300w, https:\/\/moverdb.com\/wp-content\/uploads\/Town-Country-Movers-international-moving-company-1024x484.png 1024w, https:\/\/moverdb.com\/wp-content\/uploads\/Town-Country-Movers-international-moving-company-18x9.png 18w, https:\/\/moverdb.com\/wp-content\/uploads\/Town-Country-Movers-international-moving-company-600x284.png 600w\" sizes=\"auto, (max-width: 1440px) 100vw, 1440px\" \/><\/p>\n<ul>\n<li>Kohalikud ja riiklikud liikumised<\/li>\n<li>Rahvusvahelised liikumised<\/li>\n<li>Kodumajapidamiste kolimised<\/li>\n<li>Ettev\u00f5tte liikumine<\/li>\n<li>Ukselt-uksele ja ukselt-uksele<a href=\"https:\/\/moverdb.com\/et\/top-49-container-ports\/\" data-internallinksmanager029f6b8e52c=\"80\" title=\"Top 49 suurimat ja tihedaima liiklusega konteinersadamat 2025. aastal\">sadam<\/a> valikud<\/li>\n<li>Pakkimisteenus<\/li>\n<li>Transpordi korraldamine<\/li>\n<li>Tollivormistus<\/li>\n<li>S\u00f5iduki transport<\/li>\n<li>Turvaline l\u00fchi- ja pikaajaline ladustamine<\/li>\n<\/ul>\n<p>Town &amp; Country Movers on 1977. aastal asutatud kolimis- ja ladustamisettev\u00f5te, mis asub Gaithersburgis ja teenindab <a href=\"https:\/\/moverdb.com\/et\/moving-to-the-united-states\/moving-to-maryland\/\" data-internallinksmanager029f6b8e52c=\"467\" title=\"Kolimine Marylandi? 2024 elamiskulud ja kolimisn\u00f5uanded\">Maryland<\/a> ja <a href=\"https:\/\/moverdb.com\/et\/moving-to-the-united-states\/moving-to-virginia\/\" data-internallinksmanager029f6b8e52c=\"442\" title=\"Elamiskulud ja kolimisn\u00f5uanded 2023 Virginia?\">Virginia<\/a> kohalike, riiklike ja rahvusvaheliste kolimistega. Nad teevad koost\u00f6\u00f6d usaldusv\u00e4\u00e4rsete rahvusvaheliste ekspediitoritega, et pakkuda oma teenuseid kogu maailmas. Nad on IAMi liige 46-aastase kogemusega.<\/p>\n<p>Town &amp; Country Movers pakub teie kolimiseks tasuta hinnangut ja kohandab oma teenuse teie vajadustele vastavaks. Nad aitavad teil leida teie vajadustele ja eelarvele parimad transpordiv\u00f5imalused. Nad pakuvad professionaalset pakkimisteenust, et kaitsta teie esemeid, mis v\u00f5ib h\u00f5lmata ka kohandatud pakkimist.<\/p>\n<p>Veebileht: <a href=\"https:\/\/townandcountrymovers.com\/\" target=\"_blank\" rel=\"noopener\">https:\/\/townandcountrymovers.com\/<\/a><\/p>\n<h2><strong>3. Universaalsed \u00fcmberpaigutused<\/strong><\/h2>\n<p><img loading=\"lazy\" decoding=\"async\" class=\"alignnone size-full wp-image-11469\" src=\"https:\/\/moverdb.com\/wp-content\/uploads\/Universal-Relocations-international-moving-company-1.png\" alt=\"Universal Relocations rahvusvaheline kolimisfirma\" width=\"1440\" height=\"680\" data-wp-pid=\"11469\" srcset=\"https:\/\/moverdb.com\/wp-content\/uploads\/Universal-Relocations-international-moving-company-1.png 1440w, https:\/\/moverdb.com\/wp-content\/uploads\/Universal-Relocations-international-moving-company-1-300x142.png 300w, https:\/\/moverdb.com\/wp-content\/uploads\/Universal-Relocations-international-moving-company-1-1024x484.png 1024w, https:\/\/moverdb.com\/wp-content\/uploads\/Universal-Relocations-international-moving-company-1-18x9.png 18w, https:\/\/moverdb.com\/wp-content\/uploads\/Universal-Relocations-international-moving-company-1-600x283.png 600w\" sizes=\"auto, (max-width: 1440px) 100vw, 1440px\" \/><\/p>\n<ul>\n<li>Riiklikud \u00fcmberpaigutused<\/li>\n<li>Rahvusvahelised \u00fcmberpaigutused<\/li>\n<li>Kodumajapidamiste \u00fcmberpaigutamine<\/li>\n<li>Ettev\u00f5tete \u00fcmberpaigutamine<\/li>\n<li>Ukselt-uksele teenus<\/li>\n<li>Pakkimisteenus<\/li>\n<li>Tollimaaklerlus<\/li>\n<li>Lemmikloomade ja autode vedu<\/li>\n<li>Abi kodu otsimisel<\/li>\n<li>Ladustamisv\u00f5imalused<\/li>\n<\/ul>\n<p>Universal Relocations on rahvusvaheline kolimis- ja \u00fcmberpaigutamisettev\u00f5te, mis on asutatud aastal <a href=\"https:\/\/moverdb.com\/et\/moving-to-india\/\" data-internallinksmanager029f6b8e52c=\"356\" title=\"Kolimine Indiasse? 2023 elamiskulud ja kolimisn\u00f5uanded\">India<\/a> 1998. aastal, millel on kontorid ka <a href=\"https:\/\/moverdb.com\/et\/moving-to-the-united-states\/\" data-internallinksmanager029f6b8e52c=\"94\" title=\"Kolimine Ameerika \u00dchendriikidesse? 2022 Elamiskulud ja kolimisn\u00f5uanded\">USA<\/a> Gaithersburgis, <a href=\"https:\/\/moverdb.com\/et\/moving-to-the-united-states\/moving-to-new-jersey\/\" data-internallinksmanager029f6b8e52c=\"417\" title=\"Kolimine New Jersey&#039;sse? 2023 elamiskulud ja kolimisn\u00f5uanded\">New Jersey<\/a>, <a href=\"https:\/\/moverdb.com\/et\/moving-to-the-united-states\/moving-to-california\/\" data-internallinksmanager029f6b8e52c=\"330\" title=\"Elamiskulud ja kolimisn\u00f5uanded 2023 California?\">California<\/a>, <a href=\"https:\/\/moverdb.com\/et\/moving-to-the-united-states\/moving-to-texas\/\" data-internallinksmanager029f6b8e52c=\"397\" title=\"Elamiskulud ja kolimisn\u00f5uanded 2023 Texases?\">Texas<\/a> ja <a href=\"https:\/\/moverdb.com\/et\/moving-to-the-united-states\/moving-to-georgia\/\" data-internallinksmanager029f6b8e52c=\"402\" title=\"Gruusiasse kolimine? 2023 elamiskulud ja kolimisn\u00f5uanded\">Gruusia<\/a>. Neil on \u00fcleilmne 160 partneragendi v\u00f5rgustik, mis toetab neid rahvusvaheliste teenustega. Nad on IAMi liige seitsmeaastase kogemusega.<\/p>\n<p>Universal Relocations pakub kodumajapidamistele ja ettev\u00f5tetele uksest-ukseni kolimisteenust. Nad pakuvad turvalist pakkimisteenust, et kaitsta teie asju transportimisel, ning nad v\u00f5ivad transportida ka teie lemmikloomi ja s\u00f5idukeid. Nad pakuvad ka lisateenuseid, mis h\u00f5lmavad abi kodu otsimisel, ladustamisv\u00f5imalusi ja kindlustust.<\/p>\n<p>Veebileht: <a href=\"https:\/\/universalrelocations.com\/\" target=\"_blank\" rel=\"noopener\">https:\/\/universalrelocations.com\/<\/a><\/p>","protected":false},"excerpt":{"rendered":"<p>When you are moving home or your business there is a lot to do so engaging the services of a moving company can assist you in reducing the workload so you can focus on other aspects of your move. This can include packing, arranging transport and handling customs for international moves. Below we have compiled [&hellip;]<\/p>\n","protected":false},"author":4,"featured_media":11442,"parent":190,"menu_order":0,"comment_status":"closed","ping_status":"closed","template":"","meta":{"_genesis_hide_title":false,"_genesis_hide_breadcrumbs":false,"_genesis_hide_singular_image":false,"_genesis_hide_footer_widgets":false,"_genesis_custom_body_class":"","_genesis_custom_post_class":"","_genesis_layout":"","footnotes":""},"class_list":{"0":"post-11564","1":"page","2":"type-page","3":"status-publish","4":"has-post-thumbnail","6":"entry"},"_links":{"self":[{"href":"https:\/\/moverdb.com\/et\/wp-json\/wp\/v2\/pages\/11564","targetHints":{"allow":["GET"]}}],"collection":[{"href":"https:\/\/moverdb.com\/et\/wp-json\/wp\/v2\/pages"}],"about":[{"href":"https:\/\/moverdb.com\/et\/wp-json\/wp\/v2\/types\/page"}],"author":[{"embeddable":true,"href":"https:\/\/moverdb.com\/et\/wp-json\/wp\/v2\/users\/4"}],"replies":[{"embeddable":true,"href":"https:\/\/moverdb.com\/et\/wp-json\/wp\/v2\/comments?post=11564"}],"version-history":[{"count":1,"href":"https:\/\/moverdb.com\/et\/wp-json\/wp\/v2\/pages\/11564\/revisions"}],"predecessor-version":[{"id":11565,"href":"https:\/\/moverdb.com\/et\/wp-json\/wp\/v2\/pages\/11564\/revisions\/11565"}],"up":[{"embeddable":true,"href":"https:\/\/moverdb.com\/et\/wp-json\/wp\/v2\/pages\/190"}],"wp:featuredmedia":[{"embeddable":true,"href":"https:\/\/moverdb.com\/et\/wp-json\/wp\/v2\/media\/11442"}],"wp:attachment":[{"href":"https:\/\/moverdb.com\/et\/wp-json\/wp\/v2\/media?parent=11564"}],"curies":[{"name":"wp","href":"https:\/\/api.w.org\/{rel}","templated":true}]}}