{"id":11558,"date":"2023-11-29T10:29:34","date_gmt":"2023-11-29T10:29:34","guid":{"rendered":"https:\/\/moverdb.com\/?page_id=11558"},"modified":"2026-01-08T15:24:12","modified_gmt":"2026-01-08T15:24:12","slug":"moving-companies-us-danbury","status":"publish","type":"page","link":"https:\/\/moverdb.com\/et\/moving-companies\/moving-companies-us-danbury\/","title":{"rendered":"3 parimat rahvusvahelist kolimisfirmat Danburys"},"content":{"rendered":"<p>Kolimise planeerimine ja juhtimine v\u00f5ib olla stressirohke, seega on kolimise <a href=\"https:\/\/moverdb.com\/et\/moving-companies\/\" data-internallinksmanager029f6b8e52c=\"79\" title=\"Top 25 rahvusvahelist kolimisfirmat Internetis\">kolimisfirma<\/a> oma asjade pakkimiseks ja transportimiseks v\u00f5ib leevendada survet. Allpool oleme koostanud nimekirja Danbury's asuvatest <a href=\"https:\/\/moverdb.com\/et\/international-removals\/\" data-internallinksmanager029f6b8e52c=\"27\" title=\"36 Parimad rahvusvahelised kolimisfirmad \u00dchendkuningriigis\">kolimisfirmad<\/a> mis on liikmed <a href=\"https:\/\/moverdb.com\/et\/iam\/\" data-internallinksmanager029f6b8e52c=\"23\" title=\"Rahvusvaheline kolijate assotsiatsioon (IAM) Selgitatud\">Rahvusvaheline kolijate assotsiatsioon<\/a> (IAM) ja\/v\u00f5i <a href=\"https:\/\/moverdb.com\/et\/fidi-faim\/\" data-internallinksmanager029f6b8e52c=\"16\" title=\"FIDI &amp; FAIM (FIDI akrediteeritud rahvusvaheline kolija) selgitatud\">FIDI<\/a> akrediteeritud rahvusvaheline kolija (FAIM), kes v\u00f5iks teid teie kolimisel aidata.<\/p>\n<h2><strong>1. Continuum International<\/strong><\/h2>\n<p><img loading=\"lazy\" decoding=\"async\" class=\"alignnone size-full wp-image-11296\" src=\"https:\/\/moverdb.com\/wp-content\/uploads\/Continuum-International-moving-company.png\" alt=\"Continuum Rahvusvaheline kolimisfirma\" width=\"1440\" height=\"677\" data-wp-pid=\"11296\" srcset=\"https:\/\/moverdb.com\/wp-content\/uploads\/Continuum-International-moving-company.png 1440w, https:\/\/moverdb.com\/wp-content\/uploads\/Continuum-International-moving-company-300x141.png 300w, https:\/\/moverdb.com\/wp-content\/uploads\/Continuum-International-moving-company-1024x481.png 1024w, https:\/\/moverdb.com\/wp-content\/uploads\/Continuum-International-moving-company-18x8.png 18w, https:\/\/moverdb.com\/wp-content\/uploads\/Continuum-International-moving-company-600x282.png 600w\" sizes=\"auto, (max-width: 1440px) 100vw, 1440px\" \/><\/p>\n<ul>\n<li>Riiklikud \u00fcmberpaigutused<\/li>\n<li>Rahvusvahelised \u00fcmberpaigutused<\/li>\n<li>Ettev\u00f5tte \u00fcmberpaigutamine<\/li>\n<li>Ukselt-uksele teenus<\/li>\n<li>Kohandatud teenused<\/li>\n<li>Pakkimisteenus<\/li>\n<li>Transport \u00f5hu-, mere- v\u00f5i veoautoga<\/li>\n<li>Dokumentide ettevalmistamine<\/li>\n<li>Transiidikindlustus<\/li>\n<li>Ladustamisv\u00f5imalused<\/li>\n<\/ul>\n<p>Continuum International on \u00fcle 20 aastat tegutsenud \u00fclemaailmne \u00fcmberpaigutamise ja l\u00e4hetuste haldamise teenuseid pakkuv ettev\u00f5te, millel on tegevuskohad Danburys ja Brookfieldis. Neil on \u00fclemaailmsed partnerlussuhted, mis v\u00f5imaldavad neil pakkuda oma teenuseid rahvusvaheliselt. Nad on IAMi liige 24-aastase kogemusega.<\/p>\n<p>Continuum International pakub kohandatud ukselt-uksele kolimis- ja \u00fcmberpaigutamisteenuseid koos m\u00e4\u00e4ratud \u00fcmberpaigutamisn\u00f5ustajaga. Nad pakuvad kolimiseelset k\u00fcsitlust, et hinnata teie kolimisvajadusi ja koostada kolimisplaan. Nad pakivad teie asjad, tagades, et pakendimaterjalid sobivad transpordiliigi ja sihtkoha jaoks.<\/p>\n<p>Veebileht: <a href=\"https:\/\/www.continuumrelo.com\/\" target=\"_blank\" rel=\"noopener\">https:\/\/www.continuumrelo.com\/<\/a><\/p>\n<h2><strong>2. Interconex<\/strong><\/h2>\n<p><img loading=\"lazy\" decoding=\"async\" class=\"alignnone size-full wp-image-11345\" src=\"https:\/\/moverdb.com\/wp-content\/uploads\/Interconex-international-moving-company.png\" alt=\"Interconex rahvusvaheline kolimisfirma\" width=\"1440\" height=\"678\" data-wp-pid=\"11345\" srcset=\"https:\/\/moverdb.com\/wp-content\/uploads\/Interconex-international-moving-company.png 1440w, https:\/\/moverdb.com\/wp-content\/uploads\/Interconex-international-moving-company-300x141.png 300w, https:\/\/moverdb.com\/wp-content\/uploads\/Interconex-international-moving-company-1024x482.png 1024w, https:\/\/moverdb.com\/wp-content\/uploads\/Interconex-international-moving-company-18x8.png 18w, https:\/\/moverdb.com\/wp-content\/uploads\/Interconex-international-moving-company-600x283.png 600w\" sizes=\"auto, (max-width: 1440px) 100vw, 1440px\" \/><\/p>\n<ul>\n<li>Riiklikud liikumised<\/li>\n<li>Rahvusvahelised liikumised<\/li>\n<li>Kodumajapidamiste kolimised<\/li>\n<li>Ettev\u00f5tte liikumised<\/li>\n<li>Ukselt-uksele teenus<\/li>\n<li>Pakkimisteenus<\/li>\n<li>Transpordi korraldus<\/li>\n<li>Tollivormistus<\/li>\n<li>Lemmikloomade \u00fcmberpaigutamine<\/li>\n<li>Turvalised hoiuteenused<\/li>\n<\/ul>\n<p>Interconex on 1969. aastal asutatud ja Danburys asuv t\u00e4isteenust pakkuv majapidamiskaupade kolimistega tegelev ettev\u00f5te. Nad teevad koost\u00f6\u00f6d k\u00e4sitsi valitud rahvusvaheliste partneritega, et pakkuda oma teenuseid kogu maailmas. Nad on akrediteeritud FIDI poolt.<\/p>\n<p>Interconex pakub esmast \u00fclevaatust, et teha kindlaks teie kolimisvajadused. Nad pakuvad pakkimisteenust, mis kasutab teie asjade kaitsmiseks parima kvaliteediga pakkematerjale ja koolitatud pakendajaid. See v\u00f5ib h\u00f5lmata spetsiaalseid pakkematerjale ja kohandatud kastid. Nad pakuvad lisateenuseid, mille hulka kuuluvad lennujaamatransport, concierge-teenused, abit\u00f6\u00f6line, majutusteenus, ajutine majutus, sihtkohateenused, lemmikloomade \u00fcmberpaigutamine, t\u00e4iskindlustus ja ladustamine.<\/p>\n<p>Veebileht: <a href=\"https:\/\/www.interconex.com\/\" target=\"_blank\" rel=\"noopener\">https:\/\/www.interconex.com\/<\/a><\/p>\n<h2><strong>3. Intermove Ltd<\/strong><\/h2>\n<p><img loading=\"lazy\" decoding=\"async\" class=\"alignnone size-full wp-image-11346\" src=\"https:\/\/moverdb.com\/wp-content\/uploads\/Intermove-Danbury-international-moving-company.png\" alt=\"Intermove Danbury rahvusvaheline kolimisfirma\" width=\"1440\" height=\"680\" data-wp-pid=\"11346\" srcset=\"https:\/\/moverdb.com\/wp-content\/uploads\/Intermove-Danbury-international-moving-company.png 1440w, https:\/\/moverdb.com\/wp-content\/uploads\/Intermove-Danbury-international-moving-company-300x142.png 300w, https:\/\/moverdb.com\/wp-content\/uploads\/Intermove-Danbury-international-moving-company-1024x484.png 1024w, https:\/\/moverdb.com\/wp-content\/uploads\/Intermove-Danbury-international-moving-company-18x9.png 18w, https:\/\/moverdb.com\/wp-content\/uploads\/Intermove-Danbury-international-moving-company-600x283.png 600w\" sizes=\"auto, (max-width: 1440px) 100vw, 1440px\" \/><\/p>\n<ul>\n<li>Rahvusvahelised \u00fcmberpaigutused<\/li>\n<li>Kodumajapidamiste \u00fcmberpaigutamine<\/li>\n<li>Ettev\u00f5tete \u00fcmberpaigutused<\/li>\n<li>Ukselt-uksele teenus<\/li>\n<li>Tasuta hinnang<\/li>\n<li>Virtuaalne ja kohapealne abi<\/li>\n<li>Lennu-, mere- ja maismaatransport<\/li>\n<li>Dokumentatsiooni tugi<\/li>\n<li>Kindlustus<\/li>\n<\/ul>\n<p>Intermove Ltd on 1977. aastal asutatud rahvusvaheline kolimis- ja \u00fcmberpaigutamisettev\u00f5te, mis asub Danburys. Neil on usaldusv\u00e4\u00e4rsete rahvusvaheliste kolimisfirmade v\u00f5rgustik, mis aitab neil pakkuda ukselt-uksele teenuseid kogu maailmas. Nad on IAMi liige 46-aastase kogemusega.<\/p>\n<p>Intermove Ltd pakub tasuta hinnangut koos n\u00f5u ja toetusega oma rahvusvaheliste kolimiste spetsialistide poolt kas virtuaalselt v\u00f5i rahvusvaheliste kolimiste puhul kohapeal. Nad korraldavad teie asjade turvalise transpordi \u00f5hu-, mere- v\u00f5i maismaatranspordi ning abistavad teid dokumentide vormistamisel. Nad pakuvad kindlustuskatet professionaalselt pakitud koormatele.<\/p>\n<p>Veebileht: <a href=\"https:\/\/www.intermove.com\/\" target=\"_blank\" rel=\"noopener\">https:\/\/www.intermove.com\/<\/a><\/p>","protected":false},"excerpt":{"rendered":"<p>Planning and managing your move can be stressful so getting a moving company in to pack and transport your belongings can ease the pressure. Below we have compiled a list of Danbury based removal companies that are members of the International Association of Movers (IAM) and\/or FIDI Accredited International Mover (FAIM) who could assist you [&hellip;]<\/p>\n","protected":false},"author":4,"featured_media":11296,"parent":190,"menu_order":0,"comment_status":"closed","ping_status":"closed","template":"","meta":{"_genesis_hide_title":false,"_genesis_hide_breadcrumbs":false,"_genesis_hide_singular_image":false,"_genesis_hide_footer_widgets":false,"_genesis_custom_body_class":"","_genesis_custom_post_class":"","_genesis_layout":"","footnotes":""},"class_list":{"0":"post-11558","1":"page","2":"type-page","3":"status-publish","4":"has-post-thumbnail","6":"entry"},"_links":{"self":[{"href":"https:\/\/moverdb.com\/et\/wp-json\/wp\/v2\/pages\/11558","targetHints":{"allow":["GET"]}}],"collection":[{"href":"https:\/\/moverdb.com\/et\/wp-json\/wp\/v2\/pages"}],"about":[{"href":"https:\/\/moverdb.com\/et\/wp-json\/wp\/v2\/types\/page"}],"author":[{"embeddable":true,"href":"https:\/\/moverdb.com\/et\/wp-json\/wp\/v2\/users\/4"}],"replies":[{"embeddable":true,"href":"https:\/\/moverdb.com\/et\/wp-json\/wp\/v2\/comments?post=11558"}],"version-history":[{"count":1,"href":"https:\/\/moverdb.com\/et\/wp-json\/wp\/v2\/pages\/11558\/revisions"}],"predecessor-version":[{"id":11559,"href":"https:\/\/moverdb.com\/et\/wp-json\/wp\/v2\/pages\/11558\/revisions\/11559"}],"up":[{"embeddable":true,"href":"https:\/\/moverdb.com\/et\/wp-json\/wp\/v2\/pages\/190"}],"wp:featuredmedia":[{"embeddable":true,"href":"https:\/\/moverdb.com\/et\/wp-json\/wp\/v2\/media\/11296"}],"wp:attachment":[{"href":"https:\/\/moverdb.com\/et\/wp-json\/wp\/v2\/media?parent=11558"}],"curies":[{"name":"wp","href":"https:\/\/api.w.org\/{rel}","templated":true}]}}