{"id":11556,"date":"2023-11-29T10:30:30","date_gmt":"2023-11-29T10:30:30","guid":{"rendered":"https:\/\/moverdb.com\/?page_id=11556"},"modified":"2026-01-08T15:24:11","modified_gmt":"2026-01-08T15:24:11","slug":"moving-companies-us-connecticut","status":"publish","type":"page","link":"https:\/\/moverdb.com\/et\/moving-companies\/moving-companies-us-connecticut\/","title":{"rendered":"3 parimat rahvusvahelist kolimisfirmat Connecticutis"},"content":{"rendered":"<p>Kui te olete kolimas, siis v\u00f5ib olla kasulik, et te kasutaksite <a href=\"https:\/\/moverdb.com\/et\/moving-companies\/\" data-internallinksmanager029f6b8e52c=\"79\" title=\"Top 25 rahvusvahelist kolimisfirmat Internetis\">kolimisfirma<\/a> toetada ja v\u00e4hendada koormust. Nad saavad aidata kolimise planeerimisel, teie asjade pakkimisel, transpordi korraldamisel ja rahvusvahelise kolimise puhul tolliga tegelemisel. Allpool oleme koostanud nimekirja <a href=\"https:\/\/moverdb.com\/et\/moving-to-the-united-states\/moving-to-connecticut\/\" data-internallinksmanager029f6b8e52c=\"444\" title=\"Kolimine Connecticutisse? 2023 elamiskulud ja kolimisn\u00f5uanded\">Connecticut<\/a> p\u00f5hineb <a href=\"https:\/\/moverdb.com\/et\/international-removals\/\" data-internallinksmanager029f6b8e52c=\"27\" title=\"36 Parimad rahvusvahelised kolimisfirmad \u00dchendkuningriigis\">kolimisfirmad<\/a> mis on liikmed <a href=\"https:\/\/moverdb.com\/et\/iam\/\" data-internallinksmanager029f6b8e52c=\"23\" title=\"Rahvusvaheline kolijate assotsiatsioon (IAM) Selgitatud\">Rahvusvaheline kolijate assotsiatsioon<\/a> (IAM) ja\/v\u00f5i <a href=\"https:\/\/moverdb.com\/et\/fidi-faim\/\" data-internallinksmanager029f6b8e52c=\"16\" title=\"FIDI &amp; FAIM (FIDI akrediteeritud rahvusvaheline kolija) selgitatud\">FIDI<\/a> akrediteeritud rahvusvaheline kolija (FAIM), kes v\u00f5iks teid teie kolimisel aidata.<\/p>\n<h2><strong>1. Brimar \u00fcmberpaigutamine<\/strong><\/h2>\n<p><img loading=\"lazy\" decoding=\"async\" class=\"alignnone size-full wp-image-11277\" src=\"https:\/\/moverdb.com\/wp-content\/uploads\/Brimar-Relocations-international-moving-company.png\" alt=\"Brimar Relocations rahvusvaheline kolimisfirma\" width=\"1440\" height=\"679\" data-wp-pid=\"11277\" srcset=\"https:\/\/moverdb.com\/wp-content\/uploads\/Brimar-Relocations-international-moving-company.png 1440w, https:\/\/moverdb.com\/wp-content\/uploads\/Brimar-Relocations-international-moving-company-300x141.png 300w, https:\/\/moverdb.com\/wp-content\/uploads\/Brimar-Relocations-international-moving-company-1024x483.png 1024w, https:\/\/moverdb.com\/wp-content\/uploads\/Brimar-Relocations-international-moving-company-18x8.png 18w, https:\/\/moverdb.com\/wp-content\/uploads\/Brimar-Relocations-international-moving-company-600x283.png 600w\" sizes=\"auto, (max-width: 1440px) 100vw, 1440px\" \/><\/p>\n<ul>\n<li>Riiklikud liikumised<\/li>\n<li>Rahvusvahelised liikumised<\/li>\n<li>Kodumajapidamiste kolimised<\/li>\n<li>Ettev\u00f5tete \u00fcmberpaigutused<\/li>\n<li>Ukselt-uksele teenus<\/li>\n<li>Transpordi korraldus<\/li>\n<li>Tollitoetus<\/li>\n<li>Kaunite kunstide k\u00e4sitlemine<\/li>\n<li>Kindlustus<\/li>\n<li>Ladustamisv\u00f5imalused<\/li>\n<\/ul>\n<p>Brimar Relocations on 2007. aastal asutatud rahvusvaheline kolimisfirma, mis asub Stamfordis ja mille kontor asub ka Stamfordis. <a href=\"https:\/\/moverdb.com\/et\/moving-to-france\/moving-to-paris\/\" data-internallinksmanager029f6b8e52c=\"407\" title=\"Kolimine Pariisi? 2023 elamiskulud ja kolimisn\u00f5uanded\">Pariis<\/a>. Neil on v\u00e4lja t\u00f6\u00f6tatud \u00fclemaailmne agentide v\u00f5rgustik, mis aitab neid rahvusvaheliste kolimiste teostamisel. Nad on IAMi liige 14-aastase kogemusega.<\/p>\n<p>Brimar Relocation pakub riiklikke ja rahvusvahelisi kolimis- ja \u00fcmberpaigutamisteenuseid ning on spetsialiseerunud ettev\u00f5tete \u00fcmberpaigutamistele ja suudab k\u00e4sitleda ka kaunist kunsti. Nad pakuvad ukselt-uksele kolimisteenuseid, mille puhul nad korraldavad teie asjade transportimise sihtkohta, mis v\u00f5ib h\u00f5lmata nii pakkimist ja ladustamist kui ka p\u00f5hilist kindlustuskaitset.<\/p>\n<p>Veebileht: <a href=\"http:\/\/www.brimarrelo.com\" target=\"_blank\" rel=\"noopener\">http:\/\/www.brimarrelo.com<\/a><\/p>\n<h2><strong>2. Meyer<\/strong><\/h2>\n<p><img loading=\"lazy\" decoding=\"async\" class=\"alignnone size-full wp-image-11376\" src=\"https:\/\/moverdb.com\/wp-content\/uploads\/Meyer-international-moving-company.png\" alt=\"Meyer rahvusvaheline kolimisfirma\" width=\"1440\" height=\"680\" data-wp-pid=\"11376\" srcset=\"https:\/\/moverdb.com\/wp-content\/uploads\/Meyer-international-moving-company.png 1440w, https:\/\/moverdb.com\/wp-content\/uploads\/Meyer-international-moving-company-300x142.png 300w, https:\/\/moverdb.com\/wp-content\/uploads\/Meyer-international-moving-company-1024x484.png 1024w, https:\/\/moverdb.com\/wp-content\/uploads\/Meyer-international-moving-company-18x9.png 18w, https:\/\/moverdb.com\/wp-content\/uploads\/Meyer-international-moving-company-600x283.png 600w\" sizes=\"auto, (max-width: 1440px) 100vw, 1440px\" \/><\/p>\n<ul>\n<li>Kohalikud ja pikamaa kolimised<\/li>\n<li>Rahvusvahelised \u00fcmberpaigutused<\/li>\n<li>Eluaseme \u00fcmberpaigutamine<\/li>\n<li>Kontori \u00fcmberpaigutamine<\/li>\n<li>Ettev\u00f5tete \u00fcmberpaigutused<\/li>\n<li>Ukselt-uksele teenus<\/li>\n<li>Spetsiaalne kolimise koordinaator<\/li>\n<li>Pakkimise v\u00f5imalused<\/li>\n<li><a href=\"https:\/\/moverdb.com\/et\/car-transport-shipping\/\" data-internallinksmanager029f6b8e52c=\"2\" title=\"2026 Rahvusvaheline autoveo ja s\u00f5idukite veo hinnapakkumised\">S\u00f5iduki saatmine<\/a><\/li>\n<li>Ladustamislahendused<\/li>\n<\/ul>\n<p>Meyer on 1915. aastal asutatud ja Stratfordis asuv logistika-, kolimis- ja ladustamislahendusi pakkuv ettev\u00f5te. Nad on osa United Van Lines'i v\u00f5rgustikust, mis annab neile juurdep\u00e4\u00e4su kolimisettev\u00f5tetele, mis toetavad neid nende teenuste osutamisel. Nad on IAMi liige 108-aastase kogemusega.<\/p>\n<p>Meyer pakub kolimisn\u00f5ustamist, et hinnata teie kolimisvajadusi ja -mahtu. Nad pakuvad spetsiaalset kolimiskoordinaatorit, kes on teie kolimise k\u00f5iki aspekte haldav kontaktisik. Nad otsivad teie vajadustele parima kolimislahenduse ja pakuvad uksest-ukseni teenust koos t\u00e4ieliku pakkimisteenuse v\u00f5i ise pakkimise v\u00f5imalusega.<\/p>\n<p>Veebileht: <a href=\"http:\/\/www.williambmeyer.com\" target=\"_blank\" rel=\"noopener\">http:\/\/www.williambmeyer.com<\/a><\/p>\n<h2><strong>3. WorldCare Lemmikloomade transport<\/strong><\/h2>\n<p><img loading=\"lazy\" decoding=\"async\" class=\"alignnone size-full wp-image-11481\" src=\"https:\/\/moverdb.com\/wp-content\/uploads\/WorldCare-Pet-Transport-international-moving-company.png\" alt=\"WorldCare Pet Transport rahvusvaheline kolimisfirma\" width=\"1440\" height=\"683\" data-wp-pid=\"11481\" srcset=\"https:\/\/moverdb.com\/wp-content\/uploads\/WorldCare-Pet-Transport-international-moving-company.png 1440w, https:\/\/moverdb.com\/wp-content\/uploads\/WorldCare-Pet-Transport-international-moving-company-300x142.png 300w, https:\/\/moverdb.com\/wp-content\/uploads\/WorldCare-Pet-Transport-international-moving-company-1024x486.png 1024w, https:\/\/moverdb.com\/wp-content\/uploads\/WorldCare-Pet-Transport-international-moving-company-18x9.png 18w, https:\/\/moverdb.com\/wp-content\/uploads\/WorldCare-Pet-Transport-international-moving-company-600x285.png 600w\" sizes=\"auto, (max-width: 1440px) 100vw, 1440px\" \/><\/p>\n<ul>\n<li>\u00dcleriigiline teenus<\/li>\n<li>Rahvusvaheline teenus<\/li>\n<li>Eraldi lemmikloomade liikumine<\/li>\n<li>Ettev\u00f5tete lemmikloomade \u00fcmberpaigutamine<\/li>\n<li>P\u00f5hjalik teenus<\/li>\n<li>Ukselt-uksele teenus<\/li>\n<li>Hoolitseb igat liiki lemmikloomade eest<\/li>\n<li>Korraldamine t\u00f5hus transport<\/li>\n<li>Lennuettev\u00f5tjad<\/li>\n<li>Veterinaarteenused<\/li>\n<\/ul>\n<p>WorldCare Pet Transport on rahvusvaheline lemmikloomade veoga tegelev ettev\u00f5te, mis on tegutsenud juba \u00fcle 10 aasta. Nad teevad koost\u00f6\u00f6d majapidamiskaupade kolijate, \u00fcmberpaigutamisjuhtimisfirmade ja personalit\u00f6\u00f6tajatega. Nad on registreeritud USDA-s vahetu k\u00e4itlejana. Nad on IAMi liige 22-aastase kogemusega.<\/p>\n<p>WorldCare Pet Transport pakub terviklikku lemmikloomade \u00fcmberpaigutamise teenust, mis v\u00f5tab teie lemmiklooma \u00fcles ja toimetab selle kohale k\u00f5ikjal maailmas. Nad korraldavad k\u00f5ik reisikorraldused, tagades k\u00f5ige otsesemad ja kuluefektiivsemad lennud ning pakkudes igas suuruses heakskiidetud lennutranspordivahendeid. Nad korraldavad veterinaarteenuseid, sealhulgas tervisekontrolli, vereproovide v\u00f5tmist, sertifikaate ja mikrokiipide paigaldamist.<\/p>\n<p>Veebileht: <a href=\"http:\/\/www.WorldCarePet.com\" target=\"_blank\" rel=\"noopener\">http:\/\/www.WorldCarePet.com<\/a><\/p>","protected":false},"excerpt":{"rendered":"<p>If you are moving, you may want to employ the services of a moving company to support and lessen the load. They can help with planning the move, packing your belongings, arranging transport and handling customs for international moves. Below we have compiled a list of Connecticut based removal companies that are members of the [&hellip;]<\/p>\n","protected":false},"author":4,"featured_media":11277,"parent":190,"menu_order":0,"comment_status":"closed","ping_status":"closed","template":"","meta":{"_genesis_hide_title":false,"_genesis_hide_breadcrumbs":false,"_genesis_hide_singular_image":false,"_genesis_hide_footer_widgets":false,"_genesis_custom_body_class":"","_genesis_custom_post_class":"","_genesis_layout":"","footnotes":""},"class_list":{"0":"post-11556","1":"page","2":"type-page","3":"status-publish","4":"has-post-thumbnail","6":"entry"},"_links":{"self":[{"href":"https:\/\/moverdb.com\/et\/wp-json\/wp\/v2\/pages\/11556","targetHints":{"allow":["GET"]}}],"collection":[{"href":"https:\/\/moverdb.com\/et\/wp-json\/wp\/v2\/pages"}],"about":[{"href":"https:\/\/moverdb.com\/et\/wp-json\/wp\/v2\/types\/page"}],"author":[{"embeddable":true,"href":"https:\/\/moverdb.com\/et\/wp-json\/wp\/v2\/users\/4"}],"replies":[{"embeddable":true,"href":"https:\/\/moverdb.com\/et\/wp-json\/wp\/v2\/comments?post=11556"}],"version-history":[{"count":1,"href":"https:\/\/moverdb.com\/et\/wp-json\/wp\/v2\/pages\/11556\/revisions"}],"predecessor-version":[{"id":11557,"href":"https:\/\/moverdb.com\/et\/wp-json\/wp\/v2\/pages\/11556\/revisions\/11557"}],"up":[{"embeddable":true,"href":"https:\/\/moverdb.com\/et\/wp-json\/wp\/v2\/pages\/190"}],"wp:featuredmedia":[{"embeddable":true,"href":"https:\/\/moverdb.com\/et\/wp-json\/wp\/v2\/media\/11277"}],"wp:attachment":[{"href":"https:\/\/moverdb.com\/et\/wp-json\/wp\/v2\/media?parent=11556"}],"curies":[{"name":"wp","href":"https:\/\/api.w.org\/{rel}","templated":true}]}}