{"id":11554,"date":"2023-11-29T10:46:40","date_gmt":"2023-11-29T10:46:40","guid":{"rendered":"https:\/\/moverdb.com\/?page_id=11554"},"modified":"2026-01-08T15:25:05","modified_gmt":"2026-01-08T15:25:05","slug":"moving-companies-us-colorado","status":"publish","type":"page","link":"https:\/\/moverdb.com\/et\/moving-companies\/moving-companies-us-colorado\/","title":{"rendered":"5 parimat rahvusvahelist kolimisfirmat Colorados"},"content":{"rendered":"<p>Kolimine v\u00f5ib olla stressirohke aeg, kui palju asju tuleb korraldada ja teha, nii et teenuste kaasamine <a href=\"https:\/\/moverdb.com\/et\/moving-companies\/\" data-internallinksmanager029f6b8e52c=\"79\" title=\"Top 25 rahvusvahelist kolimisfirmat Internetis\">kolimisfirma<\/a> v\u00f5iks aidata koormust v\u00e4hendada. Nad v\u00f5ivad aidata planeerimise, pakkimise, tollikorralduse ja transpordiga. Allpool oleme koostanud nimekirja <a href=\"https:\/\/moverdb.com\/et\/moving-to-the-united-states\/moving-to-colorado\/\" data-internallinksmanager029f6b8e52c=\"399\" title=\"Koloradosse kolimine? 2023 elamiskulud ja kolimisn\u00f5uanded\">Colorado<\/a> p\u00f5hineb <a href=\"https:\/\/moverdb.com\/et\/international-removals\/\" data-internallinksmanager029f6b8e52c=\"27\" title=\"36 Parimad rahvusvahelised kolimisfirmad \u00dchendkuningriigis\">kolimisfirmad<\/a> mis on liikmed <a href=\"https:\/\/moverdb.com\/et\/iam\/\" data-internallinksmanager029f6b8e52c=\"23\" title=\"Rahvusvaheline kolijate assotsiatsioon (IAM) Selgitatud\">Rahvusvaheline kolijate assotsiatsioon<\/a> (IAM) ja\/v\u00f5i <a href=\"https:\/\/moverdb.com\/et\/fidi-faim\/\" data-internallinksmanager029f6b8e52c=\"16\" title=\"FIDI &amp; FAIM (FIDI akrediteeritud rahvusvaheline kolija) selgitatud\">FIDI<\/a> akrediteeritud rahvusvaheline kolija (FAIM), kes v\u00f5iks teid teie kolimisel aidata.<\/p>\n<div id=\"ez-toc-container\" class=\"ez-toc-v2_0_82_2 ez-toc-wrap-left counter-hierarchy ez-toc-counter ez-toc-transparent ez-toc-container-direction\">\n<div class=\"ez-toc-title-container\">\n<p class=\"ez-toc-title\" style=\"cursor:inherit\">Jaotised<\/p>\n<span class=\"ez-toc-title-toggle\"><a href=\"#\" class=\"ez-toc-pull-right ez-toc-btn ez-toc-btn-xs ez-toc-btn-default ez-toc-toggle\" aria-label=\"Sisukorra vaheldumine\"><span class=\"ez-toc-js-icon-con\"><span class=\"\"><span class=\"eztoc-hide\" style=\"display:none;\">Toggle<\/span><span class=\"ez-toc-icon-toggle-span\"><svg style=\"fill: #999;color:#999\" xmlns=\"http:\/\/www.w3.org\/2000\/svg\" class=\"list-377408\" width=\"20px\" height=\"20px\" viewbox=\"0 0 24 24\" fill=\"none\"><path d=\"M6 6H4v2h2V6zm14 0H8v2h12V6zM4 11h2v2H4v-2zm16 0H8v2h12v-2zM4 16h2v2H4v-2zm16 0H8v2h12v-2z\" fill=\"currentColor\"><\/path><\/svg><svg style=\"fill: #999;color:#999\" class=\"arrow-unsorted-368013\" xmlns=\"http:\/\/www.w3.org\/2000\/svg\" width=\"10px\" height=\"10px\" viewbox=\"0 0 24 24\" version=\"1.2\" baseprofile=\"tiny\"><path d=\"M18.2 9.3l-6.2-6.3-6.2 6.3c-.2.2-.3.4-.3.7s.1.5.3.7c.2.2.4.3.7.3h11c.3 0 .5-.1.7-.3.2-.2.3-.5.3-.7s-.1-.5-.3-.7zM5.8 14.7l6.2 6.3 6.2-6.3c.2-.2.3-.5.3-.7s-.1-.5-.3-.7c-.2-.2-.4-.3-.7-.3h-11c-.3 0-.5.1-.7.3-.2.2-.3.5-.3.7s.1.5.3.7z\"\/><\/svg><\/span><\/span><\/span><\/a><\/span><\/div>\n<nav><ul class='ez-toc-list ez-toc-list-level-1 eztoc-toggle-hide-by-default' ><li class='ez-toc-page-1 ez-toc-heading-level-2'><a class=\"ez-toc-link ez-toc-heading-1\" href=\"https:\/\/moverdb.com\/et\/moving-companies\/moving-companies-us-colorado\/#1_Atlantic_Relocation_Systems\" >1. Atlantic Relocation Systems<\/a><\/li><li class='ez-toc-page-1 ez-toc-heading-level-2'><a class=\"ez-toc-link ez-toc-heading-2\" href=\"https:\/\/moverdb.com\/et\/moving-companies\/moving-companies-us-colorado\/#2_Baileys_Moving_Storage\" >2. Bailey kolimine ja ladustamine<\/a><\/li><li class='ez-toc-page-1 ez-toc-heading-level-2'><a class=\"ez-toc-link ez-toc-heading-3\" href=\"https:\/\/moverdb.com\/et\/moving-companies\/moving-companies-us-colorado\/#3_Gallagher_Transport\" >3. Gallagher Transport<\/a><\/li><li class='ez-toc-page-1 ez-toc-heading-level-2'><a class=\"ez-toc-link ez-toc-heading-4\" href=\"https:\/\/moverdb.com\/et\/moving-companies\/moving-companies-us-colorado\/#4_Graebel\" >4. Graebel<\/a><\/li><li class='ez-toc-page-1 ez-toc-heading-level-2'><a class=\"ez-toc-link ez-toc-heading-5\" href=\"https:\/\/moverdb.com\/et\/moving-companies\/moving-companies-us-colorado\/#5_Johnson_Storage_Moving\" >5. Johnson Storage &amp; Moving<\/a><\/li><\/ul><\/nav><\/div>\n<h2><span class=\"ez-toc-section\" id=\"1_Atlantic_Relocation_Systems\"><\/span><strong>1. Atlantic Relocation Systems<\/strong><span class=\"ez-toc-section-end\"><\/span><\/h2>\n<p><img loading=\"lazy\" decoding=\"async\" class=\"alignnone size-full wp-image-11262\" src=\"https:\/\/moverdb.com\/wp-content\/uploads\/Atlantic-Relocation-Systems-international-moving-company.png\" alt=\"Atlantic Relocation Systems rahvusvaheline kolimisfirma\" width=\"1440\" height=\"677\" data-wp-pid=\"11262\" srcset=\"https:\/\/moverdb.com\/wp-content\/uploads\/Atlantic-Relocation-Systems-international-moving-company.png 1440w, https:\/\/moverdb.com\/wp-content\/uploads\/Atlantic-Relocation-Systems-international-moving-company-300x141.png 300w, https:\/\/moverdb.com\/wp-content\/uploads\/Atlantic-Relocation-Systems-international-moving-company-1024x481.png 1024w, https:\/\/moverdb.com\/wp-content\/uploads\/Atlantic-Relocation-Systems-international-moving-company-18x8.png 18w, https:\/\/moverdb.com\/wp-content\/uploads\/Atlantic-Relocation-Systems-international-moving-company-600x282.png 600w\" sizes=\"auto, (max-width: 1440px) 100vw, 1440px\" \/><\/p>\n<ul>\n<li>Kohalikud ja pikamaa kolimised<\/li>\n<li>Rahvusvahelised liikumised<\/li>\n<li>Elamu kolimine<\/li>\n<li>\u00c4ri- ja kontorik\u00e4igud<\/li>\n<li>Rahvusvahelise kolimise koordinaator<\/li>\n<li>Pakkimisteenus<\/li>\n<li>Transport maismaa-, \u00f5hu- ja meretranspordiga<\/li>\n<li>Dokumentatsiooni tugi<\/li>\n<li>Kunstiteoste k\u00e4itlemine<\/li>\n<li>Ladustamisv\u00f5imalused<\/li>\n<\/ul>\n<p>Atlantic Relocation Systems on 1984. aastal asutatud elamu- ja \u00e4rikliendiettev\u00f5te, mis tegutseb aadressil <a href=\"https:\/\/moverdb.com\/et\/moving-to-denver\/\" data-internallinksmanager029f6b8e52c=\"42\" title=\"Kolimine Denverisse? 2022 elamiskulud ja kolimisn\u00f5uanded\">Denver<\/a> asukohtadega <a href=\"https:\/\/moverdb.com\/et\/moving-to-the-united-states\/moving-to-california\/\" data-internallinksmanager029f6b8e52c=\"330\" title=\"Elamiskulud ja kolimisn\u00f5uanded 2023 California?\">California<\/a>, <a href=\"https:\/\/moverdb.com\/et\/moving-to-the-united-states\/moving-to-illinois\/\" data-internallinksmanager029f6b8e52c=\"401\" title=\"Illinois&#039;sse kolimine? 2023 elamiskulud ja kolimisn\u00f5uanded\">Illinois<\/a>, <a href=\"https:\/\/moverdb.com\/et\/moving-to-the-united-states\/moving-to-arizona\/\" data-internallinksmanager029f6b8e52c=\"385\" title=\"Kolimine Arizonasse? 2023 elamiskulud ja kolimisn\u00f5uanded\">Arizona<\/a>, <a href=\"https:\/\/moverdb.com\/et\/moving-to-the-united-states\/moving-to-florida\/\" data-internallinksmanager029f6b8e52c=\"331\" title=\"Elamiskulud ja kolimisn\u00f5uanded 2023 Floridasse?\">Florida<\/a>, <a href=\"https:\/\/moverdb.com\/et\/moving-to-the-united-states\/moving-to-texas\/\" data-internallinksmanager029f6b8e52c=\"397\" title=\"Elamiskulud ja kolimisn\u00f5uanded 2023 Texases?\">Texas<\/a> ja <a href=\"https:\/\/moverdb.com\/et\/moving-to-the-united-states\/moving-to-georgia\/\" data-internallinksmanager029f6b8e52c=\"402\" title=\"Gruusiasse kolimine? 2023 elamiskulud ja kolimisn\u00f5uanded\">Gruusia<\/a>. Nad on Atlas Van Lines'i agent ja neil on rahvusvaheliste kolimisagentide v\u00f5rgustik, mis aitab neid kolimistel siseriiklikult ja rahvusvaheliselt. Nad on IAM-i liige 26-aastase kogemusega.<\/p>\n<p>Atlantic Relocation Systems pakub kohalikele kolimistele tasuta hinnangut ja m\u00e4\u00e4rab rahvusvahelise kolimise koordinaatori rahvusvaheliste kolimiste jaoks. Nende kolimiskoordinaatorid korraldavad kogu teie kolimise logistika, sealhulgas transpordikorralduse ja t\u00f5endavad dokumendid.<\/p>\n<p>Veebileht: <a href=\"http:\/\/www.atlanticrelocation.com\/denver\/\" target=\"_blank\" rel=\"noopener\">http:\/\/www.atlanticrelocation.com\/denver\/<\/a><\/p>\n<h2><span class=\"ez-toc-section\" id=\"2_Baileys_Moving_Storage\"><\/span><strong>2. Bailey kolimine ja ladustamine<\/strong><span class=\"ez-toc-section-end\"><\/span><\/h2>\n<p><img loading=\"lazy\" decoding=\"async\" class=\"alignnone size-full wp-image-11266\" src=\"https:\/\/moverdb.com\/wp-content\/uploads\/Baileys-Moving-Storage-international-moving-company.png\" alt=\"Baileys Moving &amp; Storage rahvusvaheline kolimisfirma\" width=\"1440\" height=\"680\" data-wp-pid=\"11266\" srcset=\"https:\/\/moverdb.com\/wp-content\/uploads\/Baileys-Moving-Storage-international-moving-company.png 1440w, https:\/\/moverdb.com\/wp-content\/uploads\/Baileys-Moving-Storage-international-moving-company-300x142.png 300w, https:\/\/moverdb.com\/wp-content\/uploads\/Baileys-Moving-Storage-international-moving-company-1024x484.png 1024w, https:\/\/moverdb.com\/wp-content\/uploads\/Baileys-Moving-Storage-international-moving-company-18x9.png 18w, https:\/\/moverdb.com\/wp-content\/uploads\/Baileys-Moving-Storage-international-moving-company-600x283.png 600w\" sizes=\"auto, (max-width: 1440px) 100vw, 1440px\" \/><\/p>\n<ul>\n<li>Kohalikud ja pikamaa kolimised<\/li>\n<li>Rahvusvahelised liikumised<\/li>\n<li>Kodumajapidamiste kolimised<\/li>\n<li>Ettev\u00f5tte liikumine<\/li>\n<li>Liikumise juhtimine<\/li>\n<li>Pakkimisteenus<\/li>\n<li>Transpordi korraldus<\/li>\n<li>Tollitoetus<\/li>\n<li>Kindlustus<\/li>\n<li>L\u00fchi- ja pikaajaline turvaline ladustamine<\/li>\n<\/ul>\n<p>Bailey's Moving &amp; Storage on kolimisfirma, mille asukoht on <a href=\"https:\/\/moverdb.com\/et\/moving-to-the-united-states\/moving-to-utah\/\" data-internallinksmanager029f6b8e52c=\"439\" title=\"Kolimine Utah&#039;sse? 2023 elamiskulud ja kolimisn\u00f5uanded\">Utah<\/a> ja Colorado moodustati 1952. aastal. Neil on riiklik ja rahvusvaheline liikuvate agentide v\u00f5rgustik, mis toetab neid nende teenuste osutamisel, ning nad on Allied Van Lines'i agent. Nad on IAMi liige 71-aastase kogemusega.<\/p>\n<p>Bailey's Moving &amp; Storage pakub tasuta kolimise hinnangut ja pakub teile parima v\u00f5imaliku hinnaga kolimist. Nad pakuvad pakkimisteenust professionaalselt koolitatud pakendajatega, kes kasutavad teie esemete kaitsmiseks sobivaid pakkematerjale. Nad korraldavad teie asjade transportimise teie sihtkohta, olgu see siis kohalik, riikidevaheline v\u00f5i rahvusvaheline.<\/p>\n<p>Veebileht: <a href=\"https:\/\/baileysallied.com\" target=\"_blank\" rel=\"noopener\">https:\/\/baileysallied.com<\/a><\/p>\n<h2><span class=\"ez-toc-section\" id=\"3_Gallagher_Transport\"><\/span><strong>3. Gallagher Transport<\/strong><span class=\"ez-toc-section-end\"><\/span><\/h2>\n<p><img loading=\"lazy\" decoding=\"async\" class=\"alignnone size-full wp-image-11324\" src=\"https:\/\/moverdb.com\/wp-content\/uploads\/Gallagher-Transport-international-moving-company.png\" alt=\"Gallagher Transport rahvusvaheline kolimisfirma\" width=\"1440\" height=\"669\" data-wp-pid=\"11324\" srcset=\"https:\/\/moverdb.com\/wp-content\/uploads\/Gallagher-Transport-international-moving-company.png 1440w, https:\/\/moverdb.com\/wp-content\/uploads\/Gallagher-Transport-international-moving-company-300x139.png 300w, https:\/\/moverdb.com\/wp-content\/uploads\/Gallagher-Transport-international-moving-company-1024x476.png 1024w, https:\/\/moverdb.com\/wp-content\/uploads\/Gallagher-Transport-international-moving-company-18x8.png 18w, https:\/\/moverdb.com\/wp-content\/uploads\/Gallagher-Transport-international-moving-company-600x279.png 600w\" sizes=\"auto, (max-width: 1440px) 100vw, 1440px\" \/><\/p>\n<ul>\n<li>Riiklik kaubavedu<\/li>\n<li>Rahvusvaheline kaubavedu<\/li>\n<li>Logistika juhtimine<\/li>\n<li>Isikup\u00e4rastatud lahendused<\/li>\n<li>Kohaletoimetamine ukselt-uksele<\/li>\n<li>Transport \u00f5hu-, maa- ja meretranspordiga<\/li>\n<li>Saadetise j\u00e4lgimine<\/li>\n<li>Tollivormistus<\/li>\n<li>Kindlustus<\/li>\n<li>Ladustamisv\u00f5imalused<\/li>\n<\/ul>\n<p>Gallagher Transport on kohandatud vahendaja ja <a href=\"https:\/\/moverdb.com\/et\/freight-forwarder\/\" data-internallinksmanager029f6b8e52c=\"17\" title=\"Ekspedeerija ja NVOCC rahvusvaheliste kulude ja ettev\u00f5tete juhend\">ekspediitor<\/a> asutati 1990. aastal <a href=\"https:\/\/moverdb.com\/et\/moving-to-the-united-states\/moving-to-oregon\/\" data-internallinksmanager029f6b8e52c=\"395\" title=\"Oregoni kolimine? 2023 elamiskulud ja kolimisn\u00f5uanded\">Oregon<\/a> mille kontorid asuvad Denveris, <a href=\"https:\/\/moverdb.com\/et\/moving-to-houston\/\" data-internallinksmanager029f6b8e52c=\"47\" title=\"Kolimine Houstonisse? 2022 elamiskulud ja kolimisn\u00f5uanded\">Houston<\/a>, <a href=\"https:\/\/moverdb.com\/et\/moving-to-los-angeles\/\" data-internallinksmanager029f6b8e52c=\"51\" title=\"Kolimine Los Angelesse? 2026 LA elamiskulud ja kolimisn\u00f5uanded\">Los Angeles<\/a>, Portland ja <a href=\"https:\/\/moverdb.com\/et\/moving-to-san-francisco\/\" data-internallinksmanager029f6b8e52c=\"63\" title=\"Kolimine San Franciscosse? 2022 elamiskulud ja kolimisn\u00f5uanded\">San Francisco<\/a>. Nad on 29-aastase kogemusega IAMi liige, mis annab neile juurdep\u00e4\u00e4su rahvusvahelisele kolimisteenuste pakkujate v\u00f5rgustikule, et neid aidata.<\/p>\n<p>Gallagher Transport pakub ekspedeerimisteenuseid, mis h\u00f5lmavad tollimaaklerlust, kuid ei sisalda pakkimisteenuseid. Nad korraldavad teie asjade \u00fchest sihtkohast teise viimise logistikat uksest-ukseni maismaa-, \u00f5hu- v\u00f5i meretranspordiga. Nad j\u00e4lgivad saadetist ning tagavad selle tollivormistuse ja kindlustuse.<\/p>\n<p>Veebileht: <a href=\"http:\/\/www.gallaghertransport.com\" target=\"_blank\" rel=\"noopener\">http:\/\/www.gallaghertransport.com<\/a><\/p>\n<h2><span class=\"ez-toc-section\" id=\"4_Graebel\"><\/span><strong>4. Graebel<\/strong><span class=\"ez-toc-section-end\"><\/span><\/h2>\n<p><img loading=\"lazy\" decoding=\"async\" class=\"alignnone size-full wp-image-11333\" src=\"https:\/\/moverdb.com\/wp-content\/uploads\/Graebel-international-moving-company.png\" alt=\"Graebel rahvusvaheline kolimisfirma\" width=\"1440\" height=\"678\" data-wp-pid=\"11333\" srcset=\"https:\/\/moverdb.com\/wp-content\/uploads\/Graebel-international-moving-company.png 1440w, https:\/\/moverdb.com\/wp-content\/uploads\/Graebel-international-moving-company-300x141.png 300w, https:\/\/moverdb.com\/wp-content\/uploads\/Graebel-international-moving-company-1024x482.png 1024w, https:\/\/moverdb.com\/wp-content\/uploads\/Graebel-international-moving-company-18x8.png 18w, https:\/\/moverdb.com\/wp-content\/uploads\/Graebel-international-moving-company-600x283.png 600w\" sizes=\"auto, (max-width: 1440px) 100vw, 1440px\" \/><\/p>\n<ul>\n<li>Rahvusvahelised \u00fcmberpaigutused<\/li>\n<li>Kodumajapidamiste \u00fcmberpaigutamine<\/li>\n<li>Ettev\u00f5tete \u00fcmberpaigutused<\/li>\n<li>Isikup\u00e4rastatud teenus<\/li>\n<li>Pakkimisteenused<\/li>\n<li>V\u00e4ljumisteenused<\/li>\n<li>Sihtkoha teenused<\/li>\n<li>Sisseseadmisteenused<\/li>\n<li>Kodu ja kooli otsingud<\/li>\n<li>Repatrieerimisteenused<\/li>\n<\/ul>\n<p>Graebel on 1950. aastal asutatud t\u00e4isteenust pakkuv \u00fcmberpaigutuste haldamise ettev\u00f5te, millel on 16 tegevuskohta \u00fcle maailma, sealhulgas peakontor Denveris. Nad teevad koost\u00f6\u00f6d mitmete teeninduspartneritega, et kolida kodutarbeid \u00fcle maailma enam kui 165 riiki kuuel kontinendil. Nad on IAMi liige 69-aastase kogemusega.<\/p>\n<p>Graebel on spetsialiseerunud t\u00f6\u00f6tajate \u00fcmberpaigutamisele ja ettev\u00f5tete toetamisele oma \u00fclemaailmsete liikuvusprogrammidega. Nad pakuvad t\u00f6\u00f6tajatele lahkumise teenuseid, sealhulgas haldavad nende kodu m\u00fc\u00fcki v\u00f5i \u00fc\u00fcrilepingu \u00fcles\u00fctlemist, pakkimist, viisa- ja immigratsiooniteenuseid. Nende sihtkohateenused h\u00f5lmavad orienteerumist, kodu ja koolide otsimist, \u00fc\u00fcriteenuseid, sisseseadmist ja lahtipakkimist.<\/p>\n<p>Veebileht: <a href=\"http:\/\/www.graebel.com\" target=\"_blank\" rel=\"noopener\">http:\/\/www.graebel.com<\/a><\/p>\n<h2><span class=\"ez-toc-section\" id=\"5_Johnson_Storage_Moving\"><\/span><strong>5. Johnson Storage &amp; Moving<\/strong><span class=\"ez-toc-section-end\"><\/span><\/h2>\n<p><img loading=\"lazy\" decoding=\"async\" class=\"alignnone size-full wp-image-11356\" src=\"https:\/\/moverdb.com\/wp-content\/uploads\/Johnson-Storage-Moving-international-moving-company.png\" alt=\"Johnson Storage &amp; Moving rahvusvaheline kolimisfirma\" width=\"1440\" height=\"677\" data-wp-pid=\"11356\" srcset=\"https:\/\/moverdb.com\/wp-content\/uploads\/Johnson-Storage-Moving-international-moving-company.png 1440w, https:\/\/moverdb.com\/wp-content\/uploads\/Johnson-Storage-Moving-international-moving-company-300x141.png 300w, https:\/\/moverdb.com\/wp-content\/uploads\/Johnson-Storage-Moving-international-moving-company-1024x481.png 1024w, https:\/\/moverdb.com\/wp-content\/uploads\/Johnson-Storage-Moving-international-moving-company-18x8.png 18w, https:\/\/moverdb.com\/wp-content\/uploads\/Johnson-Storage-Moving-international-moving-company-600x282.png 600w\" sizes=\"auto, (max-width: 1440px) 100vw, 1440px\" \/><\/p>\n<ul>\n<li>Kohalikud ja pikamaa kolimised<\/li>\n<li>Rahvusvahelised liikumised<\/li>\n<li>Elamu kolimine<\/li>\n<li>\u00c4ri- ja kontorik\u00e4igud<\/li>\n<li>Ettev\u00f5tete \u00fcmberpaigutused<\/li>\n<li>Isikliku liikumise konsultant<\/li>\n<li>Pakkimisteenus<\/li>\n<li>Transpordi korraldus<\/li>\n<li>Tollivormistus<\/li>\n<li>Ladustamisv\u00f5imalused<\/li>\n<\/ul>\n<p>Johnson Storage &amp; Moving on 1900. aastal Denveris asutatud \u00fclemaailmne logistikafirma, mille tegevuskohad asuvad Colorados ja Californias, <a href=\"https:\/\/moverdb.com\/et\/moving-to-the-united-states\/moving-to-kansas\/\" data-internallinksmanager029f6b8e52c=\"464\" title=\"Kansasisse kolimine? 2024 elamiskulud ja kolimisn\u00f5uanded\">Kansas<\/a>, <a href=\"https:\/\/moverdb.com\/et\/moving-to-the-united-states\/moving-to-new-mexico\/\" data-internallinksmanager029f6b8e52c=\"455\" title=\"Uus-Mehhikosse kolimine? 2024 elamiskulud ja kolimisn\u00f5uanded\">New Mexico<\/a>, Texas, <a href=\"https:\/\/moverdb.com\/et\/moving-to-the-united-states\/moving-to-wyoming\/\" data-internallinksmanager029f6b8e52c=\"449\" title=\"Kolimine Wyomingi? 2024 elamiskulud ja kolimisn\u00f5uanded\">Wyoming<\/a> ja <a href=\"https:\/\/moverdb.com\/et\/moving-to-the-united-states\/moving-to-missouri\/\" data-internallinksmanager029f6b8e52c=\"460\" title=\"Missouri kolimine? 2024 Elamiskulud ja kolimisn\u00f5uanded\">Missouri<\/a>. Nad on United Van Lines'i ja Mayflower Transit'i liige, mis pakub suuremat katvust \u00fcle kogu <a href=\"https:\/\/moverdb.com\/et\/moving-to-the-united-states\/\" data-internallinksmanager029f6b8e52c=\"94\" title=\"Kolimine Ameerika \u00dchendriikidesse? 2022 Elamiskulud ja kolimisn\u00f5uanded\">USA<\/a>. Nad on 123-aastase kogemusega IAMi liige ja FIDI poolt akrediteeritud.<\/p>\n<p>Johnson Storage &amp; Moving pakub tasuta hinnapakkumist kodus v\u00f5i virtuaalselt ja nad annavad teile isikliku kolimiskonsultandi, kes toetab teid igal sammul. Nad koostavad teie vajadustele vastava isikliku kolimisplaani. Nad pakuvad t\u00e4ielikku pakkimisteenust ja tegelevad tollivormistusega.<\/p>\n<p>Veebileht: <a href=\"https:\/\/www.johnsonstorage.com\" target=\"_blank\" rel=\"noopener\">https:\/\/www.johnsonstorage.com<\/a><\/p>","protected":false},"excerpt":{"rendered":"<p>Moving can be a stressful time with so many things to organise and do, so engaging the services of a moving company could help reduce the load. They can assist with planning, packing, customs arrangements and transportation. Below we have compiled a list of Colorado based removal companies that are members of the International Association [&hellip;]<\/p>\n","protected":false},"author":4,"featured_media":11262,"parent":190,"menu_order":0,"comment_status":"closed","ping_status":"closed","template":"","meta":{"_genesis_hide_title":false,"_genesis_hide_breadcrumbs":false,"_genesis_hide_singular_image":false,"_genesis_hide_footer_widgets":false,"_genesis_custom_body_class":"","_genesis_custom_post_class":"","_genesis_layout":"","footnotes":""},"class_list":{"0":"post-11554","1":"page","2":"type-page","3":"status-publish","4":"has-post-thumbnail","6":"entry"},"_links":{"self":[{"href":"https:\/\/moverdb.com\/et\/wp-json\/wp\/v2\/pages\/11554","targetHints":{"allow":["GET"]}}],"collection":[{"href":"https:\/\/moverdb.com\/et\/wp-json\/wp\/v2\/pages"}],"about":[{"href":"https:\/\/moverdb.com\/et\/wp-json\/wp\/v2\/types\/page"}],"author":[{"embeddable":true,"href":"https:\/\/moverdb.com\/et\/wp-json\/wp\/v2\/users\/4"}],"replies":[{"embeddable":true,"href":"https:\/\/moverdb.com\/et\/wp-json\/wp\/v2\/comments?post=11554"}],"version-history":[{"count":1,"href":"https:\/\/moverdb.com\/et\/wp-json\/wp\/v2\/pages\/11554\/revisions"}],"predecessor-version":[{"id":11555,"href":"https:\/\/moverdb.com\/et\/wp-json\/wp\/v2\/pages\/11554\/revisions\/11555"}],"up":[{"embeddable":true,"href":"https:\/\/moverdb.com\/et\/wp-json\/wp\/v2\/pages\/190"}],"wp:featuredmedia":[{"embeddable":true,"href":"https:\/\/moverdb.com\/et\/wp-json\/wp\/v2\/media\/11262"}],"wp:attachment":[{"href":"https:\/\/moverdb.com\/et\/wp-json\/wp\/v2\/media?parent=11554"}],"curies":[{"name":"wp","href":"https:\/\/api.w.org\/{rel}","templated":true}]}}