{"id":11550,"date":"2023-11-29T10:24:26","date_gmt":"2023-11-29T10:24:26","guid":{"rendered":"https:\/\/moverdb.com\/?page_id=11550"},"modified":"2026-01-08T15:23:37","modified_gmt":"2026-01-08T15:23:37","slug":"moving-companies-us-arizona","status":"publish","type":"page","link":"https:\/\/moverdb.com\/et\/moving-companies\/moving-companies-us-arizona\/","title":{"rendered":"2 parimat rahvusvahelist kolimisfirmat Arizonas"},"content":{"rendered":"<p>Kolimine v\u00f5ib olla \u00fcks k\u00f5ige stressirohkemaid hetki meie elus, seega miks p\u00fc\u00fcda seda k\u00f5ike \u00fcksi teha? <a href=\"https:\/\/moverdb.com\/et\/moving-companies\/\" data-internallinksmanager029f6b8e52c=\"79\" title=\"Top 25 rahvusvahelist kolimisfirmat Internetis\">Kolimisfirmad<\/a> aitab vajaduse korral organiseerimise, pakkimise, transpordi ja tolliga. Allpool oleme koostanud nimekirja <a href=\"https:\/\/moverdb.com\/et\/moving-to-the-united-states\/moving-to-arizona\/\" data-internallinksmanager029f6b8e52c=\"385\" title=\"Kolimine Arizonasse? 2023 elamiskulud ja kolimisn\u00f5uanded\">Arizona<\/a> p\u00f5hineb <a href=\"https:\/\/moverdb.com\/et\/international-removals\/\" data-internallinksmanager029f6b8e52c=\"27\" title=\"36 Parimad rahvusvahelised kolimisfirmad \u00dchendkuningriigis\">kolimisfirmad<\/a> mis on liikmed <a href=\"https:\/\/moverdb.com\/et\/iam\/\" data-internallinksmanager029f6b8e52c=\"23\" title=\"Rahvusvaheline kolijate assotsiatsioon (IAM) Selgitatud\">Rahvusvaheline kolijate assotsiatsioon<\/a> (IAM) ja\/v\u00f5i <a href=\"https:\/\/moverdb.com\/et\/fidi-faim\/\" data-internallinksmanager029f6b8e52c=\"16\" title=\"FIDI &amp; FAIM (FIDI akrediteeritud rahvusvaheline kolija) selgitatud\">FIDI<\/a> akrediteeritud rahvusvaheline kolija (FAIM), kes v\u00f5iks teid teie kolimisel aidata.<\/p>\n<h2><strong>1. Atlantic Relocation Systems<\/strong><\/h2>\n<p><img loading=\"lazy\" decoding=\"async\" class=\"alignnone size-full wp-image-11262\" src=\"https:\/\/moverdb.com\/wp-content\/uploads\/Atlantic-Relocation-Systems-international-moving-company.png\" alt=\"Atlantic Relocation Systems rahvusvaheline kolimisfirma\" width=\"1440\" height=\"677\" data-wp-pid=\"11262\" srcset=\"https:\/\/moverdb.com\/wp-content\/uploads\/Atlantic-Relocation-Systems-international-moving-company.png 1440w, https:\/\/moverdb.com\/wp-content\/uploads\/Atlantic-Relocation-Systems-international-moving-company-300x141.png 300w, https:\/\/moverdb.com\/wp-content\/uploads\/Atlantic-Relocation-Systems-international-moving-company-1024x481.png 1024w, https:\/\/moverdb.com\/wp-content\/uploads\/Atlantic-Relocation-Systems-international-moving-company-18x8.png 18w, https:\/\/moverdb.com\/wp-content\/uploads\/Atlantic-Relocation-Systems-international-moving-company-600x282.png 600w\" sizes=\"auto, (max-width: 1440px) 100vw, 1440px\" \/><\/p>\n<ul>\n<li>Kohalikud ja pikamaa kolimised<\/li>\n<li>Rahvusvahelised liikumised<\/li>\n<li>Elamu kolimine<\/li>\n<li>\u00c4ri- ja kontorik\u00e4igud<\/li>\n<li>Rahvusvahelise \u00fcmberpaigutamise koordinaator<\/li>\n<li>Pakkimisteenused<\/li>\n<li>Maantee-, \u00f5hu- ja meretransport<\/li>\n<li>Toetus koos dokumentatsiooniga<\/li>\n<li>Kaunite kunstide k\u00e4sitlemine<\/li>\n<li>Turvaline ladustamine<\/li>\n<\/ul>\n<p>Atlantic Relocation Systems on 1984. aastal asutatud kolimisfirma, millel on 13 asukohta aadressil <a href=\"https:\/\/moverdb.com\/et\/moving-to-phoenix\/\" data-internallinksmanager029f6b8e52c=\"62\" title=\"Kolimine Phoenixi? 2022 elamiskulud ja kolimisn\u00f5uanded\">Phoenix<\/a> samuti <a href=\"https:\/\/moverdb.com\/et\/moving-to-the-united-states\/moving-to-georgia\/\" data-internallinksmanager029f6b8e52c=\"402\" title=\"Gruusiasse kolimine? 2023 elamiskulud ja kolimisn\u00f5uanded\">Gruusia<\/a>, <a href=\"https:\/\/moverdb.com\/et\/moving-to-the-united-states\/moving-to-florida\/\" data-internallinksmanager029f6b8e52c=\"331\" title=\"Elamiskulud ja kolimisn\u00f5uanded 2023 Floridasse?\">Florida<\/a>, <a href=\"https:\/\/moverdb.com\/et\/moving-to-the-united-states\/moving-to-illinois\/\" data-internallinksmanager029f6b8e52c=\"401\" title=\"Illinois&#039;sse kolimine? 2023 elamiskulud ja kolimisn\u00f5uanded\">Illinois<\/a>, <a href=\"https:\/\/moverdb.com\/et\/moving-to-the-united-states\/moving-to-colorado\/\" data-internallinksmanager029f6b8e52c=\"399\" title=\"Koloradosse kolimine? 2023 elamiskulud ja kolimisn\u00f5uanded\">Colorado<\/a>, <a href=\"https:\/\/moverdb.com\/et\/moving-to-the-united-states\/moving-to-texas\/\" data-internallinksmanager029f6b8e52c=\"397\" title=\"Elamiskulud ja kolimisn\u00f5uanded 2023 Texases?\">Texas<\/a>, <a href=\"https:\/\/moverdb.com\/et\/moving-to-the-united-states\/moving-to-indiana\/\" data-internallinksmanager029f6b8e52c=\"445\" title=\"Indiana&#039;sse kolimine? 2023 elamiskulud ja kolimisn\u00f5uanded\">Indiana<\/a> ja Washington. Nad on osa Atlas Van Lines'ist, mis pakub katvust kogu riigis. <a href=\"https:\/\/moverdb.com\/et\/moving-to-the-united-states\/\" data-internallinksmanager029f6b8e52c=\"94\" title=\"Kolimine Ameerika \u00dchendriikidesse? 2022 Elamiskulud ja kolimisn\u00f5uanded\">USA<\/a> ja neil on rahvusvaheline kolimisagentide v\u00f5rgustik. Nad on IAMi liige 33-aastase kogemusega.<\/p>\n<p>Atlantic Relocation Systems pakub kohalikele kolimistele tasuta hinnangut. Nad pakuvad rahvusvahelise kolimise koordinaatorit v\u00e4lismaale kolimiseks, kes on teie ainus kontaktpunkt ja haldab k\u00f5iki teie kolimise aspekte. Nad korraldavad asjade pakkimise ja laadimise, tagades, et need j\u00f5uavad ohutult teie sihtkohta.<\/p>\n<p>Veebileht: <a href=\"http:\/\/www.atlanticrelocation.com\/phoenix\/\" target=\"_blank\" rel=\"noopener\">http:\/\/www.atlanticrelocation.com\/phoenix\/<\/a><\/p>\n<h2><strong>2. Globaalsed mobiilsuslahendused<\/strong><\/h2>\n<p><img loading=\"lazy\" decoding=\"async\" class=\"alignnone size-full wp-image-11326\" src=\"https:\/\/moverdb.com\/wp-content\/uploads\/Global-Mobility-Solutions-international-moving-company.png\" alt=\"Global Mobility Solutions rahvusvaheline kolimisfirma\" width=\"1440\" height=\"676\" data-wp-pid=\"11326\" srcset=\"https:\/\/moverdb.com\/wp-content\/uploads\/Global-Mobility-Solutions-international-moving-company.png 1440w, https:\/\/moverdb.com\/wp-content\/uploads\/Global-Mobility-Solutions-international-moving-company-300x141.png 300w, https:\/\/moverdb.com\/wp-content\/uploads\/Global-Mobility-Solutions-international-moving-company-1024x481.png 1024w, https:\/\/moverdb.com\/wp-content\/uploads\/Global-Mobility-Solutions-international-moving-company-18x8.png 18w, https:\/\/moverdb.com\/wp-content\/uploads\/Global-Mobility-Solutions-international-moving-company-600x282.png 600w\" sizes=\"auto, (max-width: 1440px) 100vw, 1440px\" \/><\/p>\n<ul>\n<li>Kohalikud ja riikidevahelised \u00fcmberpaigutused<\/li>\n<li>Rahvusvahelised \u00fcmberpaigutused<\/li>\n<li>Ettev\u00f5tete \u00fcmberpaigutused<\/li>\n<li>\u00dclemaailmsed liikuvusprogrammid<\/li>\n<li>Individuaalsed teenused<\/li>\n<li>L\u00e4hetuse eelne toetus<\/li>\n<li>Kolimisteenused<\/li>\n<li>Sisseseadmisteenused<\/li>\n<li>Lemmikloomade transport<\/li>\n<li>J\u00e4litustehnoloogia<\/li>\n<\/ul>\n<p>Global Mobility Solutions on 1987. aastal asutatud ja Scottsdale'is asuv \u00fcmberpaigutuste haldamise ettev\u00f5te. Nad suudavad pakkuda \u00fcmberpaigutamisteenuseid \u00fcle 140 riiki \u00fcle maailma ja nad on 36-aastase kogemusega IAMi liige.<\/p>\n<p>Global Mobility Solutions pakub kohandatud terviklikke kolimisteenuseid. L\u00e4hetuse eelsed teenused h\u00f5lmavad viisa- ja immigratsiooniteenuseid, orienteerumist ja kodu otsimist. Reisieelsed teenused h\u00f5lmavad kultuuri- ja keelekoolitust, lemmikloomade transporti ja kaupade saatmist. Kolimisteenused h\u00f5lmavad sisseelamisteenust, partneri toetust ja koolide vahendamist. Nad pakuvad MyRelocation-tehnoloogiat, mis v\u00f5imaldab t\u00f6\u00f6andjatel \u00fcmberpaigutusi hallata ja j\u00e4lgida ning aitab lihtsustada ettev\u00f5tte \u00fcmberpaigutusi.<\/p>\n<p>Veebileht: <a href=\"https:\/\/gmsmobility.com\/\" target=\"_blank\" rel=\"noopener\">https:\/\/gmsmobility.com\/<\/a><\/p>","protected":false},"excerpt":{"rendered":"<p>Moving can be one of the most stressful times in our lives, so why try to do it all on your own? Moving companies can help with organisation, packing, transportation and customs if required. Below we have compiled a list of Arizona based removal companies that are members of the International Association of Movers (IAM) [&hellip;]<\/p>\n","protected":false},"author":4,"featured_media":11262,"parent":190,"menu_order":0,"comment_status":"closed","ping_status":"closed","template":"","meta":{"_genesis_hide_title":false,"_genesis_hide_breadcrumbs":false,"_genesis_hide_singular_image":false,"_genesis_hide_footer_widgets":false,"_genesis_custom_body_class":"","_genesis_custom_post_class":"","_genesis_layout":"","footnotes":""},"class_list":{"0":"post-11550","1":"page","2":"type-page","3":"status-publish","4":"has-post-thumbnail","6":"entry"},"_links":{"self":[{"href":"https:\/\/moverdb.com\/et\/wp-json\/wp\/v2\/pages\/11550","targetHints":{"allow":["GET"]}}],"collection":[{"href":"https:\/\/moverdb.com\/et\/wp-json\/wp\/v2\/pages"}],"about":[{"href":"https:\/\/moverdb.com\/et\/wp-json\/wp\/v2\/types\/page"}],"author":[{"embeddable":true,"href":"https:\/\/moverdb.com\/et\/wp-json\/wp\/v2\/users\/4"}],"replies":[{"embeddable":true,"href":"https:\/\/moverdb.com\/et\/wp-json\/wp\/v2\/comments?post=11550"}],"version-history":[{"count":1,"href":"https:\/\/moverdb.com\/et\/wp-json\/wp\/v2\/pages\/11550\/revisions"}],"predecessor-version":[{"id":11551,"href":"https:\/\/moverdb.com\/et\/wp-json\/wp\/v2\/pages\/11550\/revisions\/11551"}],"up":[{"embeddable":true,"href":"https:\/\/moverdb.com\/et\/wp-json\/wp\/v2\/pages\/190"}],"wp:featuredmedia":[{"embeddable":true,"href":"https:\/\/moverdb.com\/et\/wp-json\/wp\/v2\/media\/11262"}],"wp:attachment":[{"href":"https:\/\/moverdb.com\/et\/wp-json\/wp\/v2\/media?parent=11550"}],"curies":[{"name":"wp","href":"https:\/\/api.w.org\/{rel}","templated":true}]}}