{"id":11546,"date":"2023-11-29T10:47:36","date_gmt":"2023-11-29T10:47:36","guid":{"rendered":"https:\/\/moverdb.com\/?page_id=11546"},"modified":"2026-01-08T15:25:02","modified_gmt":"2026-01-08T15:25:02","slug":"moving-companies-us-alaska","status":"publish","type":"page","link":"https:\/\/moverdb.com\/et\/moving-companies\/moving-companies-us-alaska\/","title":{"rendered":"5 parimat rahvusvahelist kolimisfirmat Alaskas"},"content":{"rendered":"<p>Kui te elate praegu <a href=\"https:\/\/moverdb.com\/et\/moving-to-the-united-states\/moving-to-alaska\/\" data-internallinksmanager029f6b8e52c=\"384\" title=\"Kolimine Alaskale? 2023 elamiskulud ja kolimisn\u00f5uanded\">Alaska<\/a> ja plaanite kolimist v\u00f5i kolidate v\u00e4lismaalt Alaskale, v\u00f5iksite kasutada kolimisfirma teenuseid, et teid aidata. <a href=\"https:\/\/moverdb.com\/et\/moving-companies\/\" data-internallinksmanager029f6b8e52c=\"79\" title=\"Top 25 rahvusvahelist kolimisfirmat Internetis\">Kolimisfirmad<\/a> v\u00f5ib teie koormust ja survet v\u00e4hendada, pakendades, laadides ja transportides teie asju. Allpool oleme koostanud nimekirja Alaskas asuvatest <a href=\"https:\/\/moverdb.com\/et\/international-removals\/\" data-internallinksmanager029f6b8e52c=\"27\" title=\"36 Parimad rahvusvahelised kolimisfirmad \u00dchendkuningriigis\">kolimisfirmad<\/a> mis on liikmed <a href=\"https:\/\/moverdb.com\/et\/iam\/\" data-internallinksmanager029f6b8e52c=\"23\" title=\"Rahvusvaheline kolijate assotsiatsioon (IAM) Selgitatud\">Rahvusvaheline kolijate assotsiatsioon<\/a> (IAM) ja\/v\u00f5i <a href=\"https:\/\/moverdb.com\/et\/fidi-faim\/\" data-internallinksmanager029f6b8e52c=\"16\" title=\"FIDI &amp; FAIM (FIDI akrediteeritud rahvusvaheline kolija) selgitatud\">FIDI<\/a> Akrediteeritud rahvusvaheline kolija (FAIM), kes v\u00f5iks teid kolimisel aidata.<\/p>\n<div id=\"ez-toc-container\" class=\"ez-toc-v2_0_83 ez-toc-wrap-left counter-hierarchy ez-toc-counter ez-toc-transparent ez-toc-container-direction\">\n<div class=\"ez-toc-title-container\">\n<p class=\"ez-toc-title\" style=\"cursor:inherit\">Jaotised<\/p>\n<span class=\"ez-toc-title-toggle\"><a href=\"#\" class=\"ez-toc-pull-right ez-toc-btn ez-toc-btn-xs ez-toc-btn-default ez-toc-toggle\" aria-label=\"Sisukorra vaheldumine\"><span class=\"ez-toc-js-icon-con\"><span class=\"\"><span class=\"eztoc-hide\" style=\"display:none;\">Toggle<\/span><span class=\"ez-toc-icon-toggle-span\"><svg style=\"fill: #999;color:#999\" xmlns=\"http:\/\/www.w3.org\/2000\/svg\" class=\"list-377408\" width=\"20px\" height=\"20px\" viewbox=\"0 0 24 24\" fill=\"none\"><path d=\"M6 6H4v2h2V6zm14 0H8v2h12V6zM4 11h2v2H4v-2zm16 0H8v2h12v-2zM4 16h2v2H4v-2zm16 0H8v2h12v-2z\" fill=\"currentColor\"><\/path><\/svg><svg style=\"fill: #999;color:#999\" class=\"arrow-unsorted-368013\" xmlns=\"http:\/\/www.w3.org\/2000\/svg\" width=\"10px\" height=\"10px\" viewbox=\"0 0 24 24\" version=\"1.2\" baseprofile=\"tiny\"><path d=\"M18.2 9.3l-6.2-6.3-6.2 6.3c-.2.2-.3.4-.3.7s.1.5.3.7c.2.2.4.3.7.3h11c.3 0 .5-.1.7-.3.2-.2.3-.5.3-.7s-.1-.5-.3-.7zM5.8 14.7l6.2 6.3 6.2-6.3c.2-.2.3-.5.3-.7s-.1-.5-.3-.7c-.2-.2-.4-.3-.7-.3h-11c-.3 0-.5.1-.7.3-.2.2-.3.5-.3.7s.1.5.3.7z\"\/><\/svg><\/span><\/span><\/span><\/a><\/span><\/div>\n<nav><ul class='ez-toc-list ez-toc-list-level-1 eztoc-toggle-hide-by-default' ><li class='ez-toc-page-1 ez-toc-heading-level-2'><a class=\"ez-toc-link ez-toc-heading-1\" href=\"https:\/\/moverdb.com\/et\/moving-companies\/moving-companies-us-alaska\/#1_Alisons_Relocations\" >1. Alisons \u00fcmberpaigutused<\/a><\/li><li class='ez-toc-page-1 ez-toc-heading-level-2'><a class=\"ez-toc-link ez-toc-heading-2\" href=\"https:\/\/moverdb.com\/et\/moving-companies\/moving-companies-us-alaska\/#2_Continental_Van_Lines\" >2. Continental Van Lines<\/a><\/li><li class='ez-toc-page-1 ez-toc-heading-level-2'><a class=\"ez-toc-link ez-toc-heading-3\" href=\"https:\/\/moverdb.com\/et\/moving-companies\/moving-companies-us-alaska\/#3_Golden_North_Van_Lines\" >3. Golden North Van Lines<\/a><\/li><li class='ez-toc-page-1 ez-toc-heading-level-2'><a class=\"ez-toc-link ez-toc-heading-4\" href=\"https:\/\/moverdb.com\/et\/moving-companies\/moving-companies-us-alaska\/#4_Royal_Alaskan_Movers\" >4. Royal Alaskan Movers<\/a><\/li><li class='ez-toc-page-1 ez-toc-heading-level-2'><a class=\"ez-toc-link ez-toc-heading-5\" href=\"https:\/\/moverdb.com\/et\/moving-companies\/moving-companies-us-alaska\/#5_Sourdough_Express\" >5. Sourdough Express<\/a><\/li><\/ul><\/nav><\/div>\n<h2><span class=\"ez-toc-section\" id=\"1_Alisons_Relocations\"><\/span><strong>1. Alisons \u00fcmberpaigutused<\/strong><span class=\"ez-toc-section-end\"><\/span><\/h2>\n<p><img loading=\"lazy\" decoding=\"async\" class=\"alignnone size-full wp-image-11250\" src=\"https:\/\/moverdb.com\/wp-content\/uploads\/Alisons-Relocation-international-moving-company.png\" alt=\"Alisons Relocation rahvusvaheline kolimisfirma\" width=\"1440\" height=\"678\" data-wp-pid=\"11250\" srcset=\"https:\/\/moverdb.com\/wp-content\/uploads\/Alisons-Relocation-international-moving-company.png 1440w, https:\/\/moverdb.com\/wp-content\/uploads\/Alisons-Relocation-international-moving-company-300x141.png 300w, https:\/\/moverdb.com\/wp-content\/uploads\/Alisons-Relocation-international-moving-company-1024x482.png 1024w, https:\/\/moverdb.com\/wp-content\/uploads\/Alisons-Relocation-international-moving-company-18x8.png 18w, https:\/\/moverdb.com\/wp-content\/uploads\/Alisons-Relocation-international-moving-company-600x283.png 600w\" sizes=\"auto, (max-width: 1440px) 100vw, 1440px\" \/><\/p>\n<ul>\n<li>Riiklikud liikumised<\/li>\n<li>Rahvusvahelised liikumised<\/li>\n<li>Elamu kolimine<\/li>\n<li>Kontori- ja t\u00f6\u00f6stuslik kolimine<\/li>\n<li>Ettev\u00f5tte \u00fcmberpaigutamine<\/li>\n<li>Ukselt-uksele teenus<\/li>\n<li>Pakkimise v\u00f5imalused<\/li>\n<li>Transport ookeani, \u00f5hu-, veoauto ja raudteel<\/li>\n<li>Tollimaaklerlus<\/li>\n<li>Ladustamisv\u00f5imalused<\/li>\n<\/ul>\n<p>Alison's Relocations on 1998. aastal Anchorage'is asutatud kolimis- ja ladustamisettev\u00f5te. Nad on IAMi liige 26-aastase kogemusega, mis annab neile rahvusvahelise kolimisagentide v\u00f5rgustiku, mis toetab neid.<\/p>\n<p>Alison's Relocations pakub ukselt-uksele kolimisteenuseid \u00fche kontaktpunktiga. Nad pakuvad erinevaid pakkimisteenuseid, mis h\u00f5lmavad t\u00e4isteenust, osalist pakkimist habraste esemete ja m\u00f6\u00f6bli jaoks, isepakkimist ning isepakkimise ja laadimise v\u00f5imalusi. Nende pakkimisteenus pakib m\u00f6\u00f6blit ja pakib k\u00f5ik pakendatavad kaubad turvaliselt. Nad transpordivad teie esemeid, j\u00e4lgivad nende liikumist nende kolimiskorralduss\u00fcsteemis ja tegelevad tolliga.<\/p>\n<p>Veebileht: <a href=\"https:\/\/alisonsrelo.com\/\" target=\"_blank\" rel=\"noopener\">https:\/\/alisonsrelo.com\/<\/a><\/p>\n<h2><span class=\"ez-toc-section\" id=\"2_Continental_Van_Lines\"><\/span><strong>2. Continental Van Lines<\/strong><span class=\"ez-toc-section-end\"><\/span><\/h2>\n<p><img loading=\"lazy\" decoding=\"async\" class=\"alignnone size-full wp-image-11295\" src=\"https:\/\/moverdb.com\/wp-content\/uploads\/Continental-Van-Lines-moving-company.png\" alt=\"Continental Van Lines kolimisfirma\" width=\"1440\" height=\"680\" data-wp-pid=\"11295\" srcset=\"https:\/\/moverdb.com\/wp-content\/uploads\/Continental-Van-Lines-moving-company.png 1440w, https:\/\/moverdb.com\/wp-content\/uploads\/Continental-Van-Lines-moving-company-300x142.png 300w, https:\/\/moverdb.com\/wp-content\/uploads\/Continental-Van-Lines-moving-company-1024x484.png 1024w, https:\/\/moverdb.com\/wp-content\/uploads\/Continental-Van-Lines-moving-company-18x9.png 18w, https:\/\/moverdb.com\/wp-content\/uploads\/Continental-Van-Lines-moving-company-600x283.png 600w\" sizes=\"auto, (max-width: 1440px) 100vw, 1440px\" \/><\/p>\n<ul>\n<li>Riiklikud liikumised<\/li>\n<li>Rahvusvahelised liikumised<\/li>\n<li>Elamu kolimine<\/li>\n<li>Ettev\u00f5tte liikumine<\/li>\n<li>Ukselt-uksele teenus<\/li>\n<li>Pakkimistoetus<\/li>\n<li>Transpordi korraldamine<\/li>\n<li>Abi tollivormistamisel<\/li>\n<li>S\u00f5iduki transport<\/li>\n<li>Ladustamisv\u00f5imalused<\/li>\n<\/ul>\n<p>Continental Van Lines on 1952. aastal asutatud t\u00e4isteenust pakkuv kolimisfirma, mille tegevuskohad asuvad Anchorage'is, Fife'is ja Tacomas. Nad on IAMi liige 77-aastase kogemusega ja FIDI poolt akrediteeritud. Nad kuuluvad ka v\u00f5rgustikesse, sealhulgas Van Lines, mis annab neile rahvusvahelise kolimisagentide v\u00f5rgustiku, millega nad saavad koost\u00f6\u00f6d teha.<\/p>\n<p>Continental Van Lines'i kolimiskoordinaatorid koostavad teie vajadustele ja eelarvele kohandatud kolimisplaani, olgu see siis DIY-kolimine v\u00f5i t\u00e4ielik valge kinnas lahendus. Nad pakuvad t\u00e4ielikku pakkimis- ja lahtipakkimisteenust, samuti m\u00f6\u00f6bli lahtiv\u00f5tmist ja kokkupanekut ning pakkimisteenust.<\/p>\n<p>Veebileht: <a href=\"https:\/\/www.continentalvan.com\/international-mover\/\" target=\"_blank\" rel=\"noopener\">https:\/\/www.continentalvan.com\/international-mover\/<\/a><\/p>\n<h2><span class=\"ez-toc-section\" id=\"3_Golden_North_Van_Lines\"><\/span><strong>3. Golden North Van Lines<\/strong><span class=\"ez-toc-section-end\"><\/span><\/h2>\n<p><img loading=\"lazy\" decoding=\"async\" class=\"alignnone size-full wp-image-11329\" src=\"https:\/\/moverdb.com\/wp-content\/uploads\/Golden-North-Van-Lines-international-moving-company.png\" alt=\"Golden North Van Lines rahvusvaheline kolimisfirma\" width=\"1440\" height=\"681\" data-wp-pid=\"11329\" srcset=\"https:\/\/moverdb.com\/wp-content\/uploads\/Golden-North-Van-Lines-international-moving-company.png 1440w, https:\/\/moverdb.com\/wp-content\/uploads\/Golden-North-Van-Lines-international-moving-company-300x142.png 300w, https:\/\/moverdb.com\/wp-content\/uploads\/Golden-North-Van-Lines-international-moving-company-1024x484.png 1024w, https:\/\/moverdb.com\/wp-content\/uploads\/Golden-North-Van-Lines-international-moving-company-18x9.png 18w, https:\/\/moverdb.com\/wp-content\/uploads\/Golden-North-Van-Lines-international-moving-company-600x284.png 600w\" sizes=\"auto, (max-width: 1440px) 100vw, 1440px\" \/><\/p>\n<ul>\n<li>Riiklikud liikumised<\/li>\n<li>Rahvusvahelised liikumised<\/li>\n<li>Elamu kolimine<\/li>\n<li>\u00c4ri- ja kontorik\u00e4igud<\/li>\n<li>Individuaalsed teenused<\/li>\n<li>Pakkimisteenus<\/li>\n<li>Transpordi korraldus<\/li>\n<li>Tollitoetus<\/li>\n<li>Concierge teenused<\/li>\n<li>L\u00fchi- ja pikaajaline ladustamine<\/li>\n<\/ul>\n<p>Golden North Van Lines on 1976. aastal asutatud kolimisfirma, mille kontorid asuvad Anchorage'is ja Fairbanksis. Nad on Van Lines'i agent ja neil on juurdep\u00e4\u00e4s rahvusvahelisele kolimisfirmade v\u00f5rgustikule, et aidata neid \u00fclemaailmsete kolimistega. Nad on 49-aastase kogemusega IAMi liige.<\/p>\n<p>Golden North Van Lines pakub kohandatud kolimis- ja \u00fcmberpaigutamisteenuseid nii riigisiseselt kui ka rahvusvaheliselt. Nende kolimisteenused h\u00f5lmavad majapidamiste ja ettev\u00f5tete kolimisteenuseid. Nad pakuvad pakkimisteenust, et kaitsta teie esemeid transpordi ajal, ja korraldavad teie asjade turvalise transpordi sihtkohta.<\/p>\n<p>Veebileht: <a href=\"https:\/\/www.goldennorthvanlines.com\/\" target=\"_blank\" rel=\"noopener\">https:\/\/www.goldennorthvanlines.com\/<\/a><\/p>\n<h2><span class=\"ez-toc-section\" id=\"4_Royal_Alaskan_Movers\"><\/span><strong>4. Royal Alaskan Movers<\/strong><span class=\"ez-toc-section-end\"><\/span><\/h2>\n<p><img loading=\"lazy\" decoding=\"async\" class=\"alignnone size-full wp-image-11428\" src=\"https:\/\/moverdb.com\/wp-content\/uploads\/Royal-Alaskan-Movers-international-moving-company.png\" alt=\"Royal Alaskan Movers rahvusvaheline kolimisfirma\" width=\"1440\" height=\"680\" data-wp-pid=\"11428\" srcset=\"https:\/\/moverdb.com\/wp-content\/uploads\/Royal-Alaskan-Movers-international-moving-company.png 1440w, https:\/\/moverdb.com\/wp-content\/uploads\/Royal-Alaskan-Movers-international-moving-company-300x142.png 300w, https:\/\/moverdb.com\/wp-content\/uploads\/Royal-Alaskan-Movers-international-moving-company-1024x484.png 1024w, https:\/\/moverdb.com\/wp-content\/uploads\/Royal-Alaskan-Movers-international-moving-company-18x9.png 18w, https:\/\/moverdb.com\/wp-content\/uploads\/Royal-Alaskan-Movers-international-moving-company-600x283.png 600w\" sizes=\"auto, (max-width: 1440px) 100vw, 1440px\" \/><\/p>\n<ul>\n<li>Kohalikud ja riiklikud \u00fcmberpaigutused<\/li>\n<li>Rahvusvahelised \u00fcmberpaigutused<\/li>\n<li>Kodumajapidamiste \u00fcmberpaigutamine<\/li>\n<li>Ettev\u00f5tete \u00fcmberpaigutamine<\/li>\n<li>Isikup\u00e4rastatud teenus<\/li>\n<li>Liikumisplaan<\/li>\n<li>Pakkimisteenus<\/li>\n<li>Maismaa-, mere- ja \u00f5hutransport<\/li>\n<li>S\u00f5iduki transport<\/li>\n<li>Ladustamisv\u00f5imalused<\/li>\n<\/ul>\n<p>Royal Alaskan Movers on 2010. aastal asutatud kolimisfirma, mis asub Anchorage'is. Nad on osa The DeWitt Companies'ist, mis annab neile \u00fclemaailmse kolimiskogemuse ja toetuse. Nad on IAM-i liige 13-aastase kogemusega.<\/p>\n<p>Royal Alaskan Movers pakub individuaalset kolimisteenust koos virtuaalse \u00fclevaatusega, et hinnata teie kolimisvajadusi ja anda teile hinnapakkumine. Nad otsivad teie vajadustele k\u00f5ige t\u00f5husama ja soodsama kolimis- ja ladustamisv\u00f5imaluse. Nad pakuvad t\u00e4isteenust pakkimiseks ning pakivad teie m\u00f6\u00f6bli ja pakivad selle saabumisel lahti. Nad annavad inventuuri ja korraldavad transpordi teie sihtkohta.<\/p>\n<p>Veebileht: <a href=\"https:\/\/www.royalalaskanmovers.com\/\" target=\"_blank\" rel=\"noopener\">https:\/\/www.royalalaskanmovers.com\/<\/a><\/p>\n<h2><span class=\"ez-toc-section\" id=\"5_Sourdough_Express\"><\/span><strong>5. Sourdough Express<\/strong><span class=\"ez-toc-section-end\"><\/span><\/h2>\n<p><img loading=\"lazy\" decoding=\"async\" class=\"alignnone size-full wp-image-11447\" src=\"https:\/\/moverdb.com\/wp-content\/uploads\/Sordough-Express-international-moving-company.png\" alt=\"Sourdough Express rahvusvaheline kolimisfirma\" width=\"1440\" height=\"680\" data-wp-pid=\"11447\" srcset=\"https:\/\/moverdb.com\/wp-content\/uploads\/Sordough-Express-international-moving-company.png 1440w, https:\/\/moverdb.com\/wp-content\/uploads\/Sordough-Express-international-moving-company-300x142.png 300w, https:\/\/moverdb.com\/wp-content\/uploads\/Sordough-Express-international-moving-company-1024x484.png 1024w, https:\/\/moverdb.com\/wp-content\/uploads\/Sordough-Express-international-moving-company-18x9.png 18w, https:\/\/moverdb.com\/wp-content\/uploads\/Sordough-Express-international-moving-company-600x283.png 600w\" sizes=\"auto, (max-width: 1440px) 100vw, 1440px\" \/><\/p>\n<ul>\n<li>Kohalikud ja riikidevahelised kolimised<\/li>\n<li>Rahvusvahelised liikumised<\/li>\n<li>Elamu kolimine<\/li>\n<li>Ettev\u00f5tete ja b\u00fcroode kolimine<\/li>\n<li>T\u00f6\u00f6tajate \u00fcmberpaigutamine<\/li>\n<li>Kolimiseelne k\u00fcsitlus<\/li>\n<li>Kohandatud kolimisplaan<\/li>\n<li>Pakkimisteenus<\/li>\n<li>Transpordikorraldus9<\/li>\n<li>Ladustamisv\u00f5imalused<\/li>\n<\/ul>\n<p>Sourdough Express on 1898. aastal asutatud Anchorage'is ja Fairbanksis asuv t\u00e4isteenust pakkuv kolimis- ja ladustamisettev\u00f5te. Nad on 125-aastase kogemusega IAMi liige, mis annab neile juurdep\u00e4\u00e4su \u00fclemaailmsele kolimisettev\u00f5tete v\u00f5rgustikule, mis saab neid aidata.<\/p>\n<p>Sourdough Express viib l\u00e4bi kolimiseelse uuringu, et teha kindlaks teie kolimisvajadused ja seej\u00e4rel koostab kohandatud kolimis- ja pakkimisplaani teie kolimise igaks etapiks. Nad pakuvad pakkimisteenust, mille puhul kasutatakse professionaalseid pakendajaid, kes on koolitatud kaitsma teie asju transpordil. Kontori kolimise puhul pakutakse kolimisn\u00f5ustajat, kes aitab v\u00e4hendada \u00e4ritegevuse seisakuid.<\/p>\n<p>Veebileht: <a href=\"https:\/\/sourdoughexpress.com\/\" target=\"_blank\" rel=\"noopener\">https:\/\/sourdoughexpress.com\/<\/a><\/p>","protected":false},"excerpt":{"rendered":"<p>If you currently live in Alaska and are planning a move or are moving to Alaska from abroad, you might want to engage the services of a moving company to assist you. Moving companies can lighten the load and pressure on you by packing, loading and transporting your belongings. Below we have compiled a list [&hellip;]<\/p>\n","protected":false},"author":4,"featured_media":11250,"parent":190,"menu_order":0,"comment_status":"closed","ping_status":"closed","template":"","meta":{"_genesis_hide_title":false,"_genesis_hide_breadcrumbs":false,"_genesis_hide_singular_image":false,"_genesis_hide_footer_widgets":false,"_genesis_custom_body_class":"","_genesis_custom_post_class":"","_genesis_layout":"","footnotes":""},"class_list":{"0":"post-11546","1":"page","2":"type-page","3":"status-publish","4":"has-post-thumbnail","6":"entry"},"_links":{"self":[{"href":"https:\/\/moverdb.com\/et\/wp-json\/wp\/v2\/pages\/11546","targetHints":{"allow":["GET"]}}],"collection":[{"href":"https:\/\/moverdb.com\/et\/wp-json\/wp\/v2\/pages"}],"about":[{"href":"https:\/\/moverdb.com\/et\/wp-json\/wp\/v2\/types\/page"}],"author":[{"embeddable":true,"href":"https:\/\/moverdb.com\/et\/wp-json\/wp\/v2\/users\/4"}],"replies":[{"embeddable":true,"href":"https:\/\/moverdb.com\/et\/wp-json\/wp\/v2\/comments?post=11546"}],"version-history":[{"count":1,"href":"https:\/\/moverdb.com\/et\/wp-json\/wp\/v2\/pages\/11546\/revisions"}],"predecessor-version":[{"id":11547,"href":"https:\/\/moverdb.com\/et\/wp-json\/wp\/v2\/pages\/11546\/revisions\/11547"}],"up":[{"embeddable":true,"href":"https:\/\/moverdb.com\/et\/wp-json\/wp\/v2\/pages\/190"}],"wp:featuredmedia":[{"embeddable":true,"href":"https:\/\/moverdb.com\/et\/wp-json\/wp\/v2\/media\/11250"}],"wp:attachment":[{"href":"https:\/\/moverdb.com\/et\/wp-json\/wp\/v2\/media?parent=11546"}],"curies":[{"name":"wp","href":"https:\/\/api.w.org\/{rel}","templated":true}]}}