{"id":11544,"date":"2023-11-22T15:47:33","date_gmt":"2023-11-22T15:47:33","guid":{"rendered":"https:\/\/moverdb.com\/?page_id=11544"},"modified":"2026-01-08T15:29:46","modified_gmt":"2026-01-08T15:29:46","slug":"moving-companies-alabama","status":"publish","type":"page","link":"https:\/\/moverdb.com\/et\/moving-companies\/moving-companies-alabama\/","title":{"rendered":"Parimad rahvusvahelised kolimisfirmad Alabamas"},"content":{"rendered":"<p>\u00dcksinda kolimise, eriti rahvusvahelise kolimise korraldamine v\u00f5ib olla \u00fcle j\u00f5u k\u00e4iv. Kaasamine <a href=\"https:\/\/moverdb.com\/et\/moving-companies\/\" data-internallinksmanager029f6b8e52c=\"79\" title=\"Top 25 rahvusvahelist kolimisfirmat Internetis\">kolimisfirma<\/a> teha osa v\u00f5i kogu kolimist teie eest, v\u00f5ib koormust v\u00e4hendada. Allpool oleme koostanud nimekirja <a href=\"https:\/\/moverdb.com\/et\/moving-to-the-united-states\/moving-to-alabama\/\" data-internallinksmanager029f6b8e52c=\"448\" title=\"Kolimine Alabamasse? 2024 elamiskulud ja kolimisn\u00f5uanded\">Alabama<\/a> p\u00f5hineb <a href=\"https:\/\/moverdb.com\/et\/international-removals\/\" data-internallinksmanager029f6b8e52c=\"27\" title=\"36 Parimad rahvusvahelised kolimisfirmad \u00dchendkuningriigis\">kolimisfirmad<\/a> mis on liikmed <a href=\"https:\/\/moverdb.com\/et\/iam\/\" data-internallinksmanager029f6b8e52c=\"23\" title=\"Rahvusvaheline kolijate assotsiatsioon (IAM) Selgitatud\">Rahvusvaheline kolijate assotsiatsioon<\/a> (IAM) ja\/v\u00f5i <a href=\"https:\/\/moverdb.com\/et\/fidi-faim\/\" data-internallinksmanager029f6b8e52c=\"16\" title=\"FIDI &amp; FAIM (FIDI akrediteeritud rahvusvaheline kolija) selgitatud\">FIDI<\/a> Akrediteeritud rahvusvaheline kolija (FAIM), kes v\u00f5iks teid kolimisel aidata.<\/p>\n<p><strong>Coleman Worldwide Moving<\/strong><\/p>\n<p><img loading=\"lazy\" decoding=\"async\" class=\"alignnone size-full wp-image-11289\" src=\"https:\/\/moverdb.com\/wp-content\/uploads\/Coleman-Worldwide-Moving-international-moving-company.png\" alt=\"Coleman Worldwide Moving rahvusvaheline kolimisfirma\" width=\"1440\" height=\"676\" data-wp-pid=\"11289\" srcset=\"https:\/\/moverdb.com\/wp-content\/uploads\/Coleman-Worldwide-Moving-international-moving-company.png 1440w, https:\/\/moverdb.com\/wp-content\/uploads\/Coleman-Worldwide-Moving-international-moving-company-300x141.png 300w, https:\/\/moverdb.com\/wp-content\/uploads\/Coleman-Worldwide-Moving-international-moving-company-1024x481.png 1024w, https:\/\/moverdb.com\/wp-content\/uploads\/Coleman-Worldwide-Moving-international-moving-company-18x8.png 18w, https:\/\/moverdb.com\/wp-content\/uploads\/Coleman-Worldwide-Moving-international-moving-company-600x282.png 600w\" sizes=\"auto, (max-width: 1440px) 100vw, 1440px\" \/><\/p>\n<ul>\n<li>Kohalikud ja pikamaa kolimised<\/li>\n<li>Rahvusvahelised liikumised<\/li>\n<li>Kodumajapidamiste kolimised<\/li>\n<li>\u00c4ri- ja kontorik\u00e4igud<\/li>\n<li>Ettev\u00f5tete \u00fcmberpaigutused<\/li>\n<li>Liikumise koordinaator<\/li>\n<li>Pakkimisteenus<\/li>\n<li>Kaunite kunstiteoste ja antiigi k\u00e4sitlemine<\/li>\n<li><a href=\"https:\/\/moverdb.com\/et\/car-transport-shipping\/\" data-internallinksmanager029f6b8e52c=\"2\" title=\"2026 Rahvusvaheline autoveo ja s\u00f5idukite veo hinnapakkumised\">S\u00f5iduki saatmine<\/a><\/li>\n<li>L\u00fchi- ja pikaajaline ladustamine<\/li>\n<\/ul>\n<p>Coleman Worldwide Moving on 1914. aastal asutatud ja Madisonis asuv kolimisfirma. Nad teenindavad suurt osa <a href=\"https:\/\/moverdb.com\/et\/moving-to-the-united-states\/\" data-internallinksmanager029f6b8e52c=\"94\" title=\"Kolimine Ameerika \u00dchendriikidesse? 2022 Elamiskulud ja kolimisn\u00f5uanded\">USA<\/a> oma ulatusliku kontoriv\u00f5rgustiku kaudu, samuti rahvusvaheliselt 175 riigis t\u00e4nu koost\u00f6\u00f6le Alliediga. Nad on IAMi liige 109-aastase kogemusega.<\/p>\n<p>Coleman Worldwide Moving pakub teie kolimisvajaduste hindamiseks video- v\u00f5i isiklikku \u00fclevaatust koos \u00fche nende kolimisspetsialistiga. Nad kohandavad oma teenuseid vastavalt teie vajadustele. Nad pakuvad t\u00e4ielikku pakkimisteenust koos kohandatud pakkimise ja lahtipakkimisega saabumisel. Nad pakuvad ka lisateenuseid, sealhulgas kunstiteoste k\u00e4itlemist, s\u00f5idukite vedu ja ladustamist.<\/p>\n<p>Veebileht: <a href=\"https:\/\/www.colemanallied.com\/\" target=\"_blank\" rel=\"noopener\">https:\/\/www.colemanallied.com\/<\/a><\/p>","protected":false},"excerpt":{"rendered":"<p>Managing a move on your own, especially an international one, can be overwhelming. Engaging a moving company to do some or all of the move for you can ease the load. Below we have compiled a list of Alabama based removal companies that are members of the International Association of Movers (IAM) and\/or FIDI Accredited [&hellip;]<\/p>\n","protected":false},"author":4,"featured_media":11289,"parent":190,"menu_order":0,"comment_status":"closed","ping_status":"closed","template":"","meta":{"_genesis_hide_title":false,"_genesis_hide_breadcrumbs":false,"_genesis_hide_singular_image":false,"_genesis_hide_footer_widgets":false,"_genesis_custom_body_class":"","_genesis_custom_post_class":"","_genesis_layout":"","footnotes":""},"class_list":{"0":"post-11544","1":"page","2":"type-page","3":"status-publish","4":"has-post-thumbnail","6":"entry"},"_links":{"self":[{"href":"https:\/\/moverdb.com\/et\/wp-json\/wp\/v2\/pages\/11544","targetHints":{"allow":["GET"]}}],"collection":[{"href":"https:\/\/moverdb.com\/et\/wp-json\/wp\/v2\/pages"}],"about":[{"href":"https:\/\/moverdb.com\/et\/wp-json\/wp\/v2\/types\/page"}],"author":[{"embeddable":true,"href":"https:\/\/moverdb.com\/et\/wp-json\/wp\/v2\/users\/4"}],"replies":[{"embeddable":true,"href":"https:\/\/moverdb.com\/et\/wp-json\/wp\/v2\/comments?post=11544"}],"version-history":[{"count":1,"href":"https:\/\/moverdb.com\/et\/wp-json\/wp\/v2\/pages\/11544\/revisions"}],"predecessor-version":[{"id":11545,"href":"https:\/\/moverdb.com\/et\/wp-json\/wp\/v2\/pages\/11544\/revisions\/11545"}],"up":[{"embeddable":true,"href":"https:\/\/moverdb.com\/et\/wp-json\/wp\/v2\/pages\/190"}],"wp:featuredmedia":[{"embeddable":true,"href":"https:\/\/moverdb.com\/et\/wp-json\/wp\/v2\/media\/11289"}],"wp:attachment":[{"href":"https:\/\/moverdb.com\/et\/wp-json\/wp\/v2\/media?parent=11544"}],"curies":[{"name":"wp","href":"https:\/\/api.w.org\/{rel}","templated":true}]}}