{"id":1076,"date":"2016-08-05T14:53:04","date_gmt":"2016-08-05T14:53:04","guid":{"rendered":"http:\/\/moverdb.com\/?page_id=1076"},"modified":"2026-01-08T15:30:39","modified_gmt":"2026-01-08T15:30:39","slug":"wheaton","status":"publish","type":"page","link":"https:\/\/moverdb.com\/et\/wheaton\/","title":{"rendered":"Wheaton World Wide Moving: Wheaton Wideators: International Services &amp; Reviews: International Services &amp; Reviews: International Services &amp; Reviews"},"content":{"rendered":"<p>Wheaton World Wide Moving (endine Wheaton Van Lines) pakub oma klientidele mitmesuguseid teenuseid alates rahvusvahelistest kolimistest kuni kohalike kolimisteni. Need on loetletud allpool koos ettev\u00f5tte profiili ja \u00fclevaatega.<\/p>\n<p><strong>Rahvusvaheline kolimine ja \u00fcmberpaigutamise abi<\/strong><\/p>\n<ul>\n<li> Ukselt uksele liikumine<\/li>\n<li> Pakkimine - tee see ise, \u00f5rnade esemete pakkimine v\u00f5i t\u00e4isteenuse pakkimine<\/li>\n<li> M\u00f6\u00f6bli lahtiv\u00f5tmine ja kokkupanek<\/li>\n<li> Lemmikloomade \u00fcmberpaigutamine<\/li>\n<li> <a href=\"https:\/\/moverdb.com\/et\/autoveo-laevandus\/\">S\u00f5iduki saatmine ja \u00fcmberpaigutamine<\/a><\/li>\n<li> Immigratsiooniteenused<\/li>\n<li> Kultuuridevaheline koolitus<\/li>\n<li> Keelekoolitus<\/li>\n<li> Kodu m\u00fc\u00fcgiteenused<\/li>\n<li> Kinnisvara haldamine<\/li>\n<li> Eelvaade reisiteenuste kohta<\/li>\n<li> Abi kodu leidmisel<\/li>\n<li> Kooli otsing<\/li>\n<li> Saabumisj\u00e4rgne orientatsioon<\/li>\n<li> Partneri karj\u00e4\u00e4ritoetus<\/li>\n<li> K\u00e4sit\u00f6\u00f6liste ja koduabiliste teenused<\/li>\n<li> M\u00f6\u00f6bli rentimine<\/li>\n<li> T\u00f6\u00f6kohustuste t\u00e4itmisel antav tugi<\/li>\n<\/ul>\n<p><strong>Ettev\u00f5tte liikumised<\/strong><\/p>\n<ul>\n<li> Wheatoni partnerid, Crown Relocation, abistavad kolimistes<\/li>\n<\/ul>\n<p><strong>Valitsuse ja s\u00f5jav\u00e4e liikumised<\/strong><\/p>\n<p><strong>Kodumajapidamiste kolimised<\/strong><\/p>\n<ul>\n<li> 350 esindajast koosnev v\u00f5rgustik <a href=\"https:\/\/moverdb.com\/et\/moving-to-the-united-states\/\" data-internallinksmanager029f6b8e52c=\"94\" title=\"Kolimine Ameerika \u00dchendriikidesse? 2022 Elamiskulud ja kolimisn\u00f5uanded\">Ameerika \u00dchendriigid<\/a><\/li>\n<li> Pakkimine ja lahtipakkimine<\/li>\n<li> Spetsiaalne pakend tundliku elektroonika jaoks<\/li>\n<li> Transport<\/li>\n<li> Vajaduse korral ladustamine<\/li>\n<\/ul>\n<p><strong>Spetsialiseeritud ja kaubanduslikud kolimised<\/strong><\/p>\n<ul>\n<li> Kontor ja t\u00f6\u00f6stus<\/li>\n<li> K\u00fclalislahkus<\/li>\n<li> Eriline kaup<\/li>\n<li> Kaubanduslik kolimine<\/li>\n<\/ul>\n<p><strong>Ladustamine<\/strong><\/p>\n<ul>\n<li> Pikaajaline<\/li>\n<li> L\u00fchiajaline<\/li>\n<li> 207 moodsat laohoonet 58 riigis<\/li>\n<\/ul>\n<h2>Wheaton Worldwide Moving Company profiil<\/h2>\n<p>Wheaton Van Lines alustas 1945. aastal Earnest S. Wheaton ja algselt kandis nime Clipper Van Lines. Ettev\u00f5te alustas 22 osariigi teenindamisega USA idaosas, kuid 1950ndatel laienemine t\u00e4hendas, et lisaks kogu riigi katmisele alustati ka rahvusvahelisi kolimisi.<\/p>\n<p>1980. aastatel muutis Wheaton Van Lines oma nime Wheaton Worldwide Moving'iks. Ettev\u00f5tte asukoht on Indianapolis, IN. Wheatoni eesm\u00e4rk on hoida oma standardid erakordselt k\u00f5rgel ning j\u00e4lgida ja anal\u00fc\u00fcsida sellekohaseid andmeid. Nad v\u00f5tavad ka oma klientide hinnanguid v\u00e4ga t\u00f5siselt ja on kogunud klientide tagasisidet juba 25 aastat, et hoida end tipptasemel.<\/p>\n<p>Wheaton Worldwide Moving toetab kogukonda erinevate heategevusorganisatsioonide kaudu. See on ka ettev\u00f5te, mis p\u00fc\u00fcab pidevalt v\u00e4hendada oma s\u00fcsinikujalaj\u00e4lge.<\/p>\n<p>Wheaton Worldwide Movingil on j\u00e4rgmised akrediteeringud ja sidemed:<\/p>\n<ul>\n<li> <a href=\"https:\/\/moverdb.com\/et\/amsa\/\">Ameerika kolimis- ja ladustamis\u00fching<\/a> (<a href=\"https:\/\/moverdb.com\/et\/amsa\/\" data-internallinksmanager029f6b8e52c=\"5\" title=\"Ameerika Kolimis- ja Ladustamisseltsi (AMSA) selgitused\">AMSA<\/a>) - <a href=\"https:\/\/moverdb.com\/et\/rim-promover\/\">ProMover<\/a><\/li>\n<li> Riiklik vanemate kolimisjuhtide \u00fchendus (NASMM)<\/li>\n<li> Better Business Bureau (BBB) akrediteeritud ettev\u00f5te A+<\/li>\n<\/ul>\n<h2>Wheaton Worldwide Moving Arvamused<\/h2>\n<p><strong>Positiivne:<\/strong><\/p>\n<ul>\n<li> \"<em>Hea seltskond. Hea v\u00e4\u00e4rtus. Kasutaks uuesti.\"<\/em> - David X kaudu <a href=\"http:\/\/www.yelp.com\/biz\/wheaton-world-wide-moving-indianapolis-5?hrid=i8pH5fVrzdWhgdFkPaCnlQ&#038;utm_campaign=www_review_share_popup&#038;utm_medium=copy_link&#038;utm_source=(direct)\" target=\"_blank\" rel=\"noopener\">Yelp<\/a><\/li>\n<li> \"<em>Wheatoni t\u00f6\u00f6tajad <a href=\"https:\/\/moverdb.com\/et\/kolivad-houston\/\">Houston<\/a> said minu ingliteks v\u00e4ga raskel ajal minu elus.\"<\/em> - Bonnie M kaudu <a href=\"http:\/\/www.bbb.org\/indy\/business-reviews\/movers\/wheaton-world-wide-moving-in-indianapolis-in-22485\/customer-reviews\" target=\"_blank\" rel=\"noopener\">BBB<\/a> <\/li>\n<li> \"<em>Nad olid algusest l\u00f5puni parimad.\"<\/em> - Judith kaudu <a href=\"http:\/\/www.mymovingreviews.com\/movers\/wheaton-van-lines-255#54528\" target=\"_blank\" rel=\"noopener\">MyMovingReviews.com<\/a><\/li>\n<li> \"<em>Oleme varemgi kasutanud Wheatoni kolimist ja meil oli v\u00e4ga hea kolimine, nii et kui tuli aeg uuesti kolida, teadsime, kellele helistada.\"<\/em> - Freddy Lancaster kaudu <a href=\"http:\/\/reviewamover.com\/review\/Moving-Companies-Reviews\/WHEATON-WORLD-WIDE-53.php?PHPSESSID=a21a9bd572e803d73fcb5f1f02487590\" target=\"_blank\" rel=\"noopener\">Review-A-Mover<\/a> <\/li>\n<\/ul>\n<p><strong>Negatiivne:<\/strong><\/p>\n<ul>\n<li> <em>\"Wheaton keeldub taas vastutuse v\u00f5tmisest h\u00e4vitatud esemete eest. Nad viskavad v\u00e4lja \u00fche vabanduse teise j\u00e4rel ja iga vabandus on v\u00e4hem m\u00f5istlik kui eelmine.\"<\/em> - Amy T kaudu <a href=\"http:\/\/www.yelp.com\/biz\/wheaton-world-wide-moving-indianapolis-5?hrid=vRowN7GuFHy3k0yM5ijpgA&#038;utm_campaign=www_review_share_popup&#038;utm_medium=copy_link&#038;utm_source=(direct)\" target=\"_blank\" rel=\"noopener\">Yelp<\/a> <\/li>\n<li> \"<em>Algusest l\u00f5puni oli see ettev\u00f5te k\u00f5ige hullem <a href=\"https:\/\/moverdb.com\/et\/moving-companies\/\" data-internallinksmanager029f6b8e52c=\"79\" title=\"Top 25 rahvusvahelist kolimisfirmat Internetis\">kolimisfirma<\/a> kellega me oleme kunagi kokku puutunud ja meil on olnud \u00fcle 6 professionaalse kolimise meie abielu jooksul.\"<\/em> - Nikki F kaudu <a href=\"http:\/\/www.bbb.org\/indy\/business-reviews\/movers\/wheaton-world-wide-moving-in-indianapolis-in-22485\/customer-reviews\" target=\"_blank\" rel=\"noopener\">BBB<\/a><\/li>\n<li> \"<em>Meile \u00f6eldi, et meie majapidamise mahu t\u00f5ttu oli vaja kogu haagist ja selle eest neile maksti. Selle asemel surusid nad teise koorma koos meie koormaga sisse, mille tulemusel j\u00e4id esemed maha ning konteinerid ja seadmed purustati, kahjustati, kaotati ja h\u00e4vitati...\".<\/em> - Anthony kaudu <a href=\"http:\/\/www.mymovingreviews.com\/movers\/wheaton-van-lines-255#51475\" target=\"_blank\" rel=\"noopener\">MyMovingReviews.com<\/a> <\/li>\n<li> <em>\"Olge ettevaatlik, p\u00f5genege enne selle firma palkamist.\"<\/em> - David Gutierrez kaudu <a href=\"http:\/\/reviewamover.com\/review\/reviewer\/davidrafael770.php?PHPSESSID=e2ea8ab20529fed2960f446a83923af0\" target=\"_blank\" rel=\"noopener\">Review-A-Mover<\/a> <\/li>\n<\/ul>\n<div itemprop=\"review\" itemscope itemtype=\"http:\/\/schema.org\/Review\">\n<span itemprop=\"author\" itemscope=\"\" itemtype=\"http:\/\/schema.org\/Organization\"><span itemprop=\"name\">MoverDB.com<\/span><\/span> Veebilehe \u00fclevaatus veebisaidi jaoks <span itemprop=\"itemreviewed\" itemscope=\"\" itemtype=\"http:\/\/schema.org\/Brand\"><span itemprop=\"name\">Wheaton Worldwide Moving<\/span><\/span>:<\/p>\n<ol>\n<li> Selged kontaktandmed veebisaidil (sh telefoninumber): <strong>Jah<\/strong><\/li>\n<li> Lihtne saada <a href=\"https:\/\/moverdb.com\/et\/tsitaadid\/\">rahvusvahelised liikuvad hinnapakkumised<\/a>? (veebip\u00f5hine hinnangu taotluse vorm): <strong>Jah<\/strong><\/li>\n<li> Selge teave veebilehel: <strong>Jah,<\/strong> veebilehel on palju juhendeid ja ressursse.<\/li>\n<li> Liikmelisus rahvusvahelistes tunnustatud liikumisorganisatsioonides: <strong>Jah<\/strong>, vt eespool<\/li>\n<li> Klientide ja\/v\u00f5i varasemate klientide soovitused. <strong>Jah,<\/strong> Klientide hinnangud ja iseloomustused on ettev\u00f5tte jaoks v\u00e4ga olulised.<\/li>\n<\/ol>\n<div itemprop=\"reviewRating\" itemscope itemtype=\"http:\/\/schema.org\/Rating\"><meta itemprop=\"worstRating\" content = \"0\" \/><meta itemprop=\"bestRating\" content=\"5\" \/><meta itemprop=\"ratingValue\" content=\"5\"><\/div>\n<p><strong>\u00dcldine hinne: 5\/5<\/strong><br \/>\n<strong>L\u00e4bivaatamise kuup\u00e4ev:<\/strong> <span itemprop=\"datePublished\" content=\"2016-08-05\">05\/08\/2016<\/span>\n<\/div>\n<p>Loe l\u00e4hemalt <a href=\"https:\/\/moverdb.com\/et\/kolimisfirmad\/\">rahvusvahelised kolimisfirmad<\/a>, <a href=\"https:\/\/moverdb.com\/et\/us-canada-movers\/\">USA ja Kanada kolimisfirmad<\/a> ja meie <a href=\"https:\/\/moverdb.com\/et\/arvustused\/\">l\u00e4bivaatamisprotsess<\/a>.<\/p>\n<p><strong>Veebileht:<\/strong> <a href=\"https:\/\/www.wheatonworldwide.com\/\" target=\"_blank\" rel=\"noopener\">https:\/\/www.wheatonworldwide.com<\/a><\/p>","protected":false},"excerpt":{"rendered":"<p>Wheaton World Wide Moving (formerly Wheaton Van Lines) offers its clients a range of services from international moves to local moves. These are listed below, together with a company profile and reviews. International Moves and Relocation Assistance Door to door moving Packing &#8211; do it yourself, fragile items or full service packing Disassembling and reassembling [&hellip;]<\/p>\n","protected":false},"author":1,"featured_media":0,"parent":0,"menu_order":0,"comment_status":"closed","ping_status":"closed","template":"","meta":{"_genesis_hide_title":false,"_genesis_hide_breadcrumbs":false,"_genesis_hide_singular_image":false,"_genesis_hide_footer_widgets":false,"_genesis_custom_body_class":"","_genesis_custom_post_class":"","_genesis_layout":"","footnotes":""},"class_list":{"0":"post-1076","1":"page","2":"type-page","3":"status-publish","5":"entry"},"_links":{"self":[{"href":"https:\/\/moverdb.com\/et\/wp-json\/wp\/v2\/pages\/1076","targetHints":{"allow":["GET"]}}],"collection":[{"href":"https:\/\/moverdb.com\/et\/wp-json\/wp\/v2\/pages"}],"about":[{"href":"https:\/\/moverdb.com\/et\/wp-json\/wp\/v2\/types\/page"}],"author":[{"embeddable":true,"href":"https:\/\/moverdb.com\/et\/wp-json\/wp\/v2\/users\/1"}],"replies":[{"embeddable":true,"href":"https:\/\/moverdb.com\/et\/wp-json\/wp\/v2\/comments?post=1076"}],"version-history":[{"count":7,"href":"https:\/\/moverdb.com\/et\/wp-json\/wp\/v2\/pages\/1076\/revisions"}],"predecessor-version":[{"id":6251,"href":"https:\/\/moverdb.com\/et\/wp-json\/wp\/v2\/pages\/1076\/revisions\/6251"}],"wp:attachment":[{"href":"https:\/\/moverdb.com\/et\/wp-json\/wp\/v2\/media?parent=1076"}],"curies":[{"name":"wp","href":"https:\/\/api.w.org\/{rel}","templated":true}]}}