{"id":1075,"date":"2016-08-04T14:25:42","date_gmt":"2016-08-04T14:25:42","guid":{"rendered":"http:\/\/moverdb.com\/?page_id=1075"},"modified":"2026-01-08T15:20:29","modified_gmt":"2026-01-08T15:20:29","slug":"north-american-van-lines","status":"publish","type":"page","link":"https:\/\/moverdb.com\/et\/north-american-van-lines\/","title":{"rendered":"North American Van Lines: American American American Americans: International Moving Reviews"},"content":{"rendered":"<p>North American Van Lines pakub oma klientidele teenuseid rahvusvaheliste, ettev\u00f5tete ja riigisiseste kolimiste puhul. J\u00e4rgneb nende teenuste loetelu koos ettev\u00f5tte profiili ja \u00fclevaatega.<\/p>\n<p><strong>Rahvusvaheline kolimine eraisikutele ja ettev\u00f5tetele<\/strong><\/p>\n<ul>\n<li> Teenus ukselt uksele<\/li>\n<li> Pakkimine, polsterdamine ja asjade kaitsmine<\/li>\n<li> M\u00f6\u00f6bli lahtiv\u00f5tmine<\/li>\n<li> <a href=\"https:\/\/moverdb.com\/et\/konteiner-laevandus\/\">Laevakonteinerid<\/a> iga rakenduse puhul<\/li>\n<li> N\u00f5uanded selle kohta, mida pakendada ja mida m\u00fc\u00fca kulut\u00f5hususe tagamiseks<\/li>\n<li> Abi tollivormistusega<\/li>\n<li> M\u00f6\u00f6bli tarnimine ja kokkupanek<\/li>\n<li> 24\/7 online laevanduse j\u00e4lgimine<\/li>\n<li> Hindamiskaitse programm<\/li>\n<li> L\u00fchiajaline ja pikaajaline ladustamine<\/li>\n<\/ul>\n<p><strong>\u00dcmberpaigutamise eriteenused<\/strong><\/p>\n<ul>\n<li> Kodu ostmine ja ajutine elamisabi<\/li>\n<li> Finants- ja kindlustusandja abi<\/li>\n<li> Kultuuridevaheline koolitus<\/li>\n<li> Keelekoolitus<\/li>\n<li> Lapsehooldus ja koolide suunamine<\/li>\n<li> Arstiabi ja retseptide asendamine<\/li>\n<li> Autode ostmine ja teenused<\/li>\n<li> S\u00f5idu\u00f5petus<\/li>\n<\/ul>\n<p><strong>Ettev\u00f5tte liikumised<\/strong><\/p>\n<ul>\n<li> Pakkimine ja pakkimine<\/li>\n<li> Ladustamine<\/li>\n<li> Saadetis<\/li>\n<li> Isikliku \u00fcmberpaigutamise koordinaator<\/li>\n<li> Kodu m\u00fc\u00fcgi- ja ostuabi<\/li>\n<li> Ala orientatsioon<\/li>\n<li> Abikaasa abi<\/li>\n<li> H\u00fcpoteegiteenused<\/li>\n<li> Teenuste sisseseadmine<\/li>\n<\/ul>\n<p><strong>Kolimisteenused<\/strong><\/p>\n<ul>\n<li> Pakkimine ja lahtipakkimine - tee see ise, ainult habras esemed v\u00f5i t\u00e4ielik pakkimine<\/li>\n<li> Suur valik pakkematerjale<\/li>\n<li> M\u00f6\u00f6bli lahtiv\u00f5tmine ja kokkupanek<\/li>\n<li> Mahalaadimine<\/li>\n<li> Vajaduse korral lahtipakkimine<\/li>\n<li> Prahi k\u00f5rvaldamine<\/li>\n<li> Pikaajaline ja l\u00fchiajaline ladustamine<\/li>\n<li> Kodumajapidamiste kolimine<\/li>\n<li> Kohalik kolimine<\/li>\n<li> Pikaajaline liikumine<\/li>\n<li> S\u00f5jaline kolimine<\/li>\n<li> Maadevaheline kolimine<\/li>\n<li> Riikidevaheline kolimine<\/li>\n<li> V\u00e4ikesed ekspresssaadetised<\/li>\n<li> Riiklikud kolijad<\/li>\n<\/ul>\n<p><strong>Spetsialiseeritud liikumised<\/strong><\/p>\n<ul>\n<li> Klaverid<\/li>\n<li> Kunst ja antiik<\/li>\n<li> Paadid<\/li>\n<li> <a href=\"https:\/\/moverdb.com\/et\/autoveo-laevandus\/\">S\u00f5idukid<\/a><\/li>\n<li> Konteinerid<\/li>\n<\/ul>\n<h2>North American Van Lines Ettev\u00f5tte profiil<\/h2>\n<p>North American Van Lines alustas oma veoettev\u00f5tlust 1933. aastal 12 agendiga. Viis aastat hiljem oli \u00fcle 120 agendi. Ettev\u00f5te tegeleb kodu ja kontori kolimistega nii kohalikul, riiklikul kui ka rahvusvahelisel tasandil. North American Van Linesist sai 1998. aastal SIRVA Inc. t\u00fctarettev\u00f5te. <\/p>\n<p>Ettev\u00f5ttel on peaaegu 8000 t\u00f6\u00f6tajat ja ta tegutseb <strong>1,694 veoautot<\/strong>. Hinnanguliselt on nende s\u00f5idukid s\u00f5itnud <strong>37 256 707 miili<\/strong>.<\/p>\n<p>North American Van Linesil on P\u00f5hja-Ameerikas \u00fcle 500 agendi. Neil on satelliitj\u00e4lgimine, et k\u00f5ik saadetised alati t\u00e4pselt kindlaks teha. Nad kasutavad ka kraanaautosid, mis v\u00f5imaldab neil laadida ja lossida suuri esemeid ilma laadimisdokita. <\/p>\n<p>Ettev\u00f5te on rakendanud kvaliteediprogrammi, et koolitada k\u00f5iki t\u00f6\u00f6tajaid ja agente v\u00f5imalikult k\u00f5rgele tasemele.<\/p>\n<p>North American Van Lines akrediteeringud ja sidemed:<\/p>\n<ul>\n<li> Terrorismivastane tolli- ja kaubanduspartnerlus (C-TPAT)<\/li>\n<li> <a href=\"https:\/\/moverdb.com\/et\/amsa\/\">Ameerika kolimis- ja ladustamis\u00fching<\/a> (<a href=\"https:\/\/moverdb.com\/et\/amsa\/\" data-internallinksmanager029f6b8e52c=\"5\" title=\"Ameerika Kolimis- ja Ladustamisseltsi (AMSA) selgitused\">AMSA<\/a>) - <a href=\"https:\/\/moverdb.com\/et\/rim-promover\/\">ProMover<\/a><\/li>\n<li> BBB akrediteeritud ettev\u00f5te<\/li>\n<li> <a href=\"https:\/\/moverdb.com\/et\/kanada-association-of-movers\/\">Kanada kolijate \u00fchendus<\/a> (<a href=\"https:\/\/moverdb.com\/et\/canadian-association-of-movers\/\" data-internallinksmanager029f6b8e52c=\"11\" title=\"Kanada kolijate assotsiatsioon (CAM) Selgitatud\">CAM<\/a>)<\/li>\n<\/ul>\n<h2>North American Van Lines Arvamused<\/h2>\n<p><strong>Positiivne:<\/strong><\/p>\n<ul>\n<li>  <em>\"Me kolime kogu aeg ja see oli parim kolimine, mis meil kunagi oli. Meil ei ole kunagi olnud kolimist, kus k\u00f5ik oleks nii h\u00e4sti l\u00e4inud. K\u00f5ik oli lihtsalt suurep\u00e4rane.\"<\/em> - Justin P klient <a href=\"https:\/\/www.northamerican.com\/\" target=\"_blank\" rel=\"noopener\">iseloomustus nende veebisaidilt<\/a>.<\/li>\n<li> <em>\"Alati \u00f5igeaegne, t\u00f5hus, s\u00f5bralik ja v\u00e4ga abivalmis. Olime meeldivalt \u00fcllatunud, et p\u00e4rast meie vigurite laadimist ja kaalumist maksti meile tegelikult v\u00e4hem kui pakutud summa! Soovitan neid kindlasti!<\/em>\" - Candace via <a href=\"http:\/\/www.bbb.org\/northernindiana\/business-reviews\/movers\/north-american-van-lines-in-fort-wayne-in-90077877\/customer-reviews\" target=\"_blank\" rel=\"noopener\">BBB<\/a><\/li>\n<li> <em>\"Kolimine \u00fchest pika, tuulise ja kitsa sisses\u00f5iduteega majast teise, sadu kilomeetreid eemal asuvasse majja ei olnud \u00fchegi kolija jaoks lihtne \u00fclesanne. Kuid North American Van Lines pakkus imelist kogemust, mis muutis kolimise v\u00e4hem stressirohkeks... ja julgen \u00f6elda, et l\u00f5busaks?\"<\/em> - Phyllis kaudu <a href=\"https:\/\/www.facebook.com\/northAmericanVL\/reviews#\" target=\"_blank\" rel=\"noopener\">Facebook<\/a><\/li>\n<\/ul>\n<p><strong>Negatiivne:<\/strong><\/p>\n<ul>\n<li> <em>\"Kohutav kogemus selle ettev\u00f5ttega. Kasutasin neid, et kolida Baltimore'ist kuni <a href=\"https:\/\/moverdb.com\/et\/kolimine-san-francisco\/\">San Francisco<\/a>.  Nad kasutavad kohalikke <a href=\"https:\/\/moverdb.com\/et\/moving-companies\/\" data-internallinksmanager029f6b8e52c=\"79\" title=\"Top 25 rahvusvahelist kolimisfirmat Internetis\">kolimisfirmad<\/a> s\u00f5lmisid lepingu North Americaniga, et oma asjad k\u00e4tte ja v\u00e4lja viia.\"<\/em> - Nick kaudu <a href=\"http:\/\/www.mymovingreviews.com\/movers\/north-american-van-lines-287#33438\" target=\"_blank\" rel=\"noopener\">MyMovingReviews<\/a><\/li>\n<li> <em>\"Liikumine <a href=\"https:\/\/moverdb.com\/et\/moving-companies\/moving-companies-peru\/\" data-internallinksmanager029f6b8e52c=\"273\" title=\"9 parimat rahvusvahelist kolimisfirmat Peruus\">Peruu<\/a> aadressile <a href=\"https:\/\/moverdb.com\/et\/moving-to-the-united-states\/moving-to-iowa\/\" data-internallinksmanager029f6b8e52c=\"463\" title=\"Kolimine Iowasse? 2024 elamiskulud ja kolimisn\u00f5uanded\">Iowa<\/a> oli \u00f5udusunen\u00e4gu. K\u00f5ige hullem oli see, et North American Van Lines'i \"professionaalid\" laadisid veoauto maha.\"<\/em> - Arthur kaudu <a href=\"https:\/\/www.consumeraffairs.com\/movers\/north_american.htm\" target=\"_blank\" rel=\"noopener\">Tarbijakaitse<\/a><\/li>\n<li> <em>\"On m\u00f6\u00f6dunud 10 p\u00e4eva sellest, kui minu asjad v\u00f5eti \u00e4ra <a href=\"https:\/\/moverdb.com\/et\/moving-to-the-united-states\/moving-to-oklahoma\/\" data-internallinksmanager029f6b8e52c=\"453\" title=\"Kolimine Oklahoma? 2024 elamiskulud ja kolimisn\u00f5uanded\">Oklahoma<\/a>.tarneaknast on j\u00e4\u00e4nud vaid 2 t\u00f6\u00f6p\u00e4eva ja nad said just teada, et KULLER EI SAA MINU KODU KORRALIKKU V\u00c4LJA.\"<\/em> - kaudu. <a href=\"http:\/\/north-american-van-lines.pissedconsumer.com\/left-my-stuff-behind-20160401821464.html\" target=\"_blank\" rel=\"noopener\">Pissed tarbija<\/a><\/li>\n<\/ul>\n<div itemprop=\"review\" itemscope itemtype=\"http:\/\/schema.org\/Review\">\n<span itemprop=\"author\" itemscope=\"\" itemtype=\"http:\/\/schema.org\/Organization\"><span itemprop=\"name\">MoverDB.com<\/span><\/span> Veebilehe \u00fclevaatus veebisaidi jaoks <span itemprop=\"itemreviewed\" itemscope=\"\" itemtype=\"http:\/\/schema.org\/Brand\"><span itemprop=\"name\">North American Van Lines<\/span><\/span>:<\/p>\n<ol>\n<li> Selged kontaktandmed veebisaidil (sh telefoninumber): <strong>Jah<\/strong><\/li>\n<li> Lihtne saada <a href=\"https:\/\/moverdb.com\/et\/tsitaadid\/\">rahvusvahelised liikuvad hinnapakkumised<\/a>? (veebip\u00f5hine hinnangu taotluse vorm): <strong>Jah<\/strong><\/li>\n<li> Selge teave veebilehel: <strong>Jah<\/strong>palju teavet riigisiseste ja rahvusvaheliste kolimiste kohta.<\/li>\n<li> Liikmelisus rahvusvahelistes tunnustatud liikumisorganisatsioonides: <strong>Jah<\/strong>, vt eespool<\/li>\n<li> Klientide ja\/v\u00f5i varasemate klientide soovitused. <strong>Jah,<\/strong> lehel on palju iseloomustusi, kuid enamik neist on \u00fcsna l\u00fchikesed.<\/li>\n<\/ol>\n<div itemprop=\"reviewRating\" itemscope itemtype=\"http:\/\/schema.org\/Rating\"><meta itemprop=\"worstRating\" content = \"0\" \/><meta itemprop=\"bestRating\" content=\"4.5\" \/><meta itemprop=\"ratingValue\" content=\"5\"><\/div>\n<p><strong>\u00dcldine hinne: 4.5\/5<\/strong><br \/>\n<strong>L\u00e4bivaatamise kuup\u00e4ev:<\/strong> <span itemprop=\"datePublished\" content=\"2016-08-24\">04\/08\/2016<\/span>\n<\/div>\n<p>Loe l\u00e4hemalt <a href=\"https:\/\/moverdb.com\/et\/kolimisfirmad\/\">rahvusvahelised kolijad<\/a>, <a href=\"https:\/\/moverdb.com\/et\/us-canada-movers\/\">Kanada ja USA kolijad<\/a> ja meie <a href=\"https:\/\/moverdb.com\/et\/arvustused\/\">liikuv l\u00e4bivaatamisprotsess<\/a>.<\/p>\n<p><strong>Veebilehed:<\/strong><br \/>\n<a href=\"https:\/\/moverdb.com\/et\/moving-to-the-united-states\/\" data-internallinksmanager029f6b8e52c=\"94\" title=\"Kolimine Ameerika \u00dchendriikidesse? 2022 Elamiskulud ja kolimisn\u00f5uanded\">USA<\/a>: <a href=\"https:\/\/www.northamerican.com\/\" target=\"_blank\" rel=\"noopener\">https:\/\/www.northamerican.com\/<\/a><br \/>\n<a href=\"https:\/\/moverdb.com\/et\/moving-to-canada\/\" data-internallinksmanager029f6b8e52c=\"265\" title=\"Kanadasse kolimine? 2023 elamiskulud ja kolimisn\u00f5uanded\">Kanada<\/a>: <a href=\"http:\/\/www.northamericanvanlines.ca\/\" target=\"_blank\" rel=\"noopener\">http:\/\/www.northamericanvanlines.ca\/<\/a><\/p>","protected":false},"excerpt":{"rendered":"<p>North American Van Lines offer their customers services for international, corporate and domestic moves. A list of these services follows, together with a company profile and reviews. International Moving for Individuals and Companies Door to door service Packing, padding and protecting belongings Disassembling furniture Ship containers for every application Advice on what to pack and [&hellip;]<\/p>\n","protected":false},"author":1,"featured_media":0,"parent":0,"menu_order":0,"comment_status":"closed","ping_status":"closed","template":"","meta":{"_genesis_hide_title":false,"_genesis_hide_breadcrumbs":false,"_genesis_hide_singular_image":false,"_genesis_hide_footer_widgets":false,"_genesis_custom_body_class":"","_genesis_custom_post_class":"","_genesis_layout":"","footnotes":""},"class_list":{"0":"post-1075","1":"page","2":"type-page","3":"status-publish","5":"entry"},"_links":{"self":[{"href":"https:\/\/moverdb.com\/et\/wp-json\/wp\/v2\/pages\/1075","targetHints":{"allow":["GET"]}}],"collection":[{"href":"https:\/\/moverdb.com\/et\/wp-json\/wp\/v2\/pages"}],"about":[{"href":"https:\/\/moverdb.com\/et\/wp-json\/wp\/v2\/types\/page"}],"author":[{"embeddable":true,"href":"https:\/\/moverdb.com\/et\/wp-json\/wp\/v2\/users\/1"}],"replies":[{"embeddable":true,"href":"https:\/\/moverdb.com\/et\/wp-json\/wp\/v2\/comments?post=1075"}],"version-history":[{"count":11,"href":"https:\/\/moverdb.com\/et\/wp-json\/wp\/v2\/pages\/1075\/revisions"}],"predecessor-version":[{"id":6227,"href":"https:\/\/moverdb.com\/et\/wp-json\/wp\/v2\/pages\/1075\/revisions\/6227"}],"wp:attachment":[{"href":"https:\/\/moverdb.com\/et\/wp-json\/wp\/v2\/media?parent=1075"}],"curies":[{"name":"wp","href":"https:\/\/api.w.org\/{rel}","templated":true}]}}