{"id":1064,"date":"2016-08-12T14:50:41","date_gmt":"2016-08-12T14:50:41","guid":{"rendered":"http:\/\/moverdb.com\/?page_id=1064"},"modified":"2026-01-08T13:18:24","modified_gmt":"2026-01-08T13:18:24","slug":"graebel-van-lines","status":"publish","type":"page","link":"https:\/\/moverdb.com\/et\/graebel-van-lines\/","title":{"rendered":"Graebel Van Lines: Graelel Graebel Moving Services: International Moving Services &amp; Reviews"},"content":{"rendered":"<p>Graebel Van Linesi peakorter asub Aurora, CO. Ettev\u00f5te pakub oma klientidele laia valikut teenuseid, mis on loetletud allpool. Samuti j\u00e4rgneb ettev\u00f5tte profiil ja \u00fclevaated.<\/p>\n<p><strong>Rahvusvaheline kolimine<\/strong><\/p>\n<ul>\n<li> M\u00e4\u00e4ratud on spetsiaalne klienditeeninduskoordinaator<\/li>\n<li> \u00dcksikasjalik kodune uuring<\/li>\n<li> Kohandatud kolimisplaan<\/li>\n<li> Ukselt uksele<\/li>\n<li> Rahvusvaheliselt koolitatud pakendajad ja laadijad<\/li>\n<li> Parima kvaliteediga pakkematerjalid<\/li>\n<li> Kohandatud pakkimine<\/li>\n<li> Koosk\u00f5lastamine juhtivate litsentseeritud \u00fclemaailmsete lennuettev\u00f5tjatega<\/li>\n<li> Laoruumid - m\u00f5ned kliimakontrolli all olevad<\/li>\n<li> Tollivormistus<\/li>\n<li> Kohaletoimetamine ja lahtipakkimine<\/li>\n<\/ul>\n<p><strong>Elamu kolimine<\/strong><\/p>\n<ul>\n<li> Teenus ukselt uksele<\/li>\n<li> \u00dcks kontaktpunkt kogu kolimise ajal<\/li>\n<li> Vajaduse korral pakkimine ja lahtipakkimine<\/li>\n<li> Kohalikud, pikamaa- ja rahvusvahelised kolimised<\/li>\n<li> Pika- ja l\u00fchiajalised ladustamisv\u00f5imalused<\/li>\n<\/ul>\n<p><strong>T\u00f6\u00f6ruumide \u00fcmberpaigutused<\/strong><\/p>\n<ul>\n<li> Enne ja p\u00e4rast p\u00f5randaplaan<\/li>\n<li> \u00dcksikasjalik inventuur<\/li>\n<li> Pika- ja l\u00fchiajaline ladustamine<\/li>\n<li> Arvutis\u00fcsteemide lahti- ja taas\u00fchendamine<\/li>\n<li> M\u00f6\u00f6bli lahtiv\u00f5tmine ja kokkupanek<\/li>\n<li> Vastutustundlik varade k\u00e4sutamine<\/li>\n<li> Ettev\u00f5tte peakontori, kontori ja \u00fchekordsed kontori kolimised.<\/li>\n<li> allt\u00f6\u00f6v\u00f5tja, andmete, telefoni ja elektri koordineerimine.<\/li>\n<li> T\u00e4psed hinnangud seadmete, inimeste, materjalide ja kogukulude kohta kontori kolimisel.<\/li>\n<li> Move-Add-Change (MAC) haldamine.<\/li>\n<li> T\u00f5estatud kontori kolimise kontrollnimekirjad, planeerimine ja protsessid.<\/li>\n<li> Dokumentide s\u00e4ilitamine ja h\u00e4vitamine.<\/li>\n<li> Suure tihedusega arhiveerimiss\u00fcsteemid ja hoiulahendused.<\/li>\n<li> <a href=\"https:\/\/moverdb.com\/et\/british-association-of-removers\/\" data-internallinksmanager029f6b8e52c=\"9\" title=\"Briti kolijate assotsiatsioon (BAR) Selgitatud\">Baar<\/a>-kodeeritud varude haldamine.<\/li>\n<li> \u00dclemaailmsed veod, sealhulgas veoautodest v\u00e4hem kui veoauto koormaga, veoauto koormaga ja pakiautodega teenused.<\/li>\n<li> Lao- ja jaotusteenused.<\/li>\n<li> Just-In-Time tarne teenused.<\/li>\n<li> Logistikateenused ja haldamine \u00fchest allikast.<\/li>\n<li> S\u00fcsteemide m\u00f6\u00f6bli transport, tarnimine, paigaldamine ja \u00fcmberkonfigureerimine.<\/li>\n<li> Hotelli- ja toitlustussektori m\u00f6\u00f6bli, sisseseade ja seadmete teenused.<\/li>\n<li> Tervishoiut\u00f6\u00f6stuse kolimisteenused.<\/li>\n<\/ul>\n<p><strong>Ettev\u00f5tete, valitsuste ja s\u00f5jav\u00e4e liikumised<\/strong><\/p>\n<ul>\n<li> Vanglate b\u00fcroo<\/li>\n<li> Marssalide teenistus<\/li>\n<li> Narkootikumide j\u00e4relevalveamet (DEA)<\/li>\n<li> Veteranide osakond (VA)<\/li>\n<li> F\u00f6deraalne Juurdlusb\u00fcroo (FBI)<\/li>\n<li> Rahvaloenduse b\u00fcroo<\/li>\n<li> Haiguste kontrolli ja ennetamise keskused (CDC)<\/li>\n<li> Maksuamet (IRS)<\/li>\n<\/ul>\n<h2>Graebel Van Lines Ettev\u00f5tte profiil<\/h2>\n<p>Graebel Van Lines on suurim eraomanduses olev <a href=\"https:\/\/moverdb.com\/et\/moving-companies\/\" data-internallinksmanager029f6b8e52c=\"79\" title=\"Top 25 rahvusvahelist kolimisfirmat Internetis\">kolimisfirma<\/a> aastal <a href=\"https:\/\/moverdb.com\/et\/moving-to-the-united-states\/\" data-internallinksmanager029f6b8e52c=\"94\" title=\"Kolimine Ameerika \u00dchendriikidesse? 2022 Elamiskulud ja kolimisn\u00f5uanded\">Ameerika \u00dchendriigid<\/a> ja selle peakorter asub Aurora, CO. Ettev\u00f5te on 66 aastat vedanud peresid, ettev\u00f5tteid, valitsuse ja s\u00f5jav\u00e4elasi \u00fcle maailma ja USA piires. <\/p>\n<p>Ettev\u00f5te pakub t\u00e4isteenuslahendusi iga kliendi vajadusele, olenemata sellest, kas tegemist on v\u00e4ikese t\u00f6\u00f6ga, nagu kontori renoveerimine, v\u00f5i mahuka \u00fclesandega, nagu haigla kolimine uutesse ruumidesse.<\/p>\n<p>Graebel Van Linesil on 4 miljonit ruutmeetrit ladustamispinda \u00fcle kogu riigi ja tal on 828 kolimisautot. K\u00f5ik ettev\u00f5tte t\u00f6\u00f6tajad on koolitatud vastavalt k\u00f5rgeimatele standarditele.<\/p>\n<p>Graebel Van Lines'i sidemed ja akrediteeringud:<\/p>\n<ul>\n<li> <a href=\"https:\/\/moverdb.com\/et\/rim-promover\/\">ProMover<\/a><\/li>\n<li> <a href=\"https:\/\/moverdb.com\/et\/amsa\/\" target=\"_blank\" rel=\"noopener\">Ameerika kolimis- ja ladustamis\u00fching<\/a> (<a href=\"https:\/\/moverdb.com\/et\/amsa\/\" data-internallinksmanager029f6b8e52c=\"5\" title=\"Ameerika Kolimis- ja Ladustamisseltsi (AMSA) selgitused\">AMSA<\/a>)<\/li>\n<li> Rahvusvaheline kontori kolimisinstituut (IOMI)<\/li>\n<\/ul>\n<h2>Graebel Van Lines Arvamused<\/h2>\n<p><strong>Positiivne:<\/strong><\/p>\n<ul>\n<li> <em>\"Graebel Van Lines tegi minu kolimisega silmapaistvat t\u00f6\u00f6d. Nad kolisid mind l\u00fchikese etteteatamisega, \u00f5igeaegselt ja k\u00f5ik j\u00f5udis sinna, kuhu ma vajasin.\" <\/em> - Michelle T kaudu <a href=\"https:\/\/www.yelp.com\/biz\/graebel-van-lines-kent\" target=\"_blank\" rel=\"noopener\">Yelp<\/a><\/li>\n<li>  <em>\"Ma postitan selle, sest olen n\u00e4inud palju halbu kommentaare Graebel'i kohta ja minu kogemus oli positiivne.\"<\/em> - Sue Sok kaudu <a href=\"http:\/\/www.mymovingreviews.com\/movers\/graebel-406#28293\" target=\"_blank\" rel=\"noopener\">MyMovingReviews.com<\/a><\/li>\n<\/ul>\n<p><strong>Negatiivne:<\/strong><\/p>\n<ul>\n<li> \"<em>Olen kasutanud Graebelit kolmel kolimisel ja iga kord on see kogemus \u00fcha hullem.\"<\/em> - Michael C kaudu <a href=\"http:\/\/www.yelp.com\/biz\/graebel-van-lines-san-jose?hrid=KdToWSepoqbs7wLCd4UE0A&#038;utm_campaign=www_review_share_popup&#038;utm_medium=copy_link&#038;utm_source=(direct)\" target=\"_blank\" rel=\"noopener\">Yelp<\/a> <\/li>\n<li> \"<em>Ma ei soovita seda firmat!!!\"<\/em> Don Mcnasby kaudu <a href=\"http:\/\/www.mymovingreviews.com\/movers\/graebel-406#47223\" target=\"_blank\" rel=\"noopener\">MyMovingReviews.com<\/a><\/li>\n<\/ul>\n<div itemprop=\"review\" itemscope itemtype=\"http:\/\/schema.org\/Review\">\n<span itemprop=\"author\" itemscope=\"\" itemtype=\"http:\/\/schema.org\/Organization\"><span itemprop=\"name\">MoverDB.com<\/span><\/span> Veebilehe \u00fclevaatus veebisaidi jaoks <span itemprop=\"itemreviewed\" itemscope=\"\" itemtype=\"http:\/\/schema.org\/Brand\"><span itemprop=\"name\">Graebel Van Lines<\/span><\/span>:<\/p>\n<ol>\n<li> Selged kontaktandmed veebisaidil (sh telefoninumber): <strong>Jah<\/strong><\/li>\n<li> Lihtne saada <a href=\"https:\/\/moverdb.com\/et\/tsitaadid\/\">rahvusvahelised liikuvad hinnapakkumised<\/a>? (veebip\u00f5hine hinnangu taotluse vorm): <strong>Jah<\/strong><\/li>\n<li> Selge teave veebilehel: <strong>M\u00f5ned<\/strong>, Koduleht ei sisalda palju \u00fcksikasjalikku teavet. Eeldatakse, et see esitatakse koos kohandatud plaaniga.<\/li>\n<li> Liikmelisus rahvusvahelistes tunnustatud liikumisorganisatsioonides: <strong>Jah<\/strong>, (vt eespool)<\/li>\n<li> Klientide ja\/v\u00f5i varasemate klientide soovitused: <strong>Ei<\/strong> Kodulehel on aga m\u00e4rgitud, et nad on valitsuse ja Fortune 500 ettev\u00f5tete lemmikliikurid.<\/li>\n<\/ol>\n<div itemprop=\"reviewRating\" itemscope itemtype=\"http:\/\/schema.org\/Rating\"><meta itemprop=\"worstRating\" content = \"0\" \/><meta itemprop=\"bestRating\" content=\"5\" \/><meta itemprop=\"ratingValue\" content=\"3.5\"><\/div>\n<p><strong>\u00dcldine hinne: 3.5\/5<\/strong><br \/>\n<strong>L\u00e4bivaatamise kuup\u00e4ev:<\/strong> <span itemprop=\"datePublished\" content=\"2016-08-11\">11\/08\/2016<\/span>\n<\/div>\n<p>Loe l\u00e4hemalt <a href=\"https:\/\/moverdb.com\/et\/kolimisfirmad\/\">rahvusvahelised kolijad<\/a>, <a href=\"https:\/\/moverdb.com\/et\/us-canada-movers\/\">Ameerika kolimisfirmad<\/a> ja meie <a href=\"https:\/\/moverdb.com\/et\/arvustused\/\">l\u00e4bivaatamisprotsess<\/a>.<\/p>\n<p><strong>Veebileht:<\/strong> <a href=\"https:\/\/www.graebelmoving.com\" target=\"_blank\" rel=\"noopener\">https:\/\/www.graebelmoving.com<\/a><\/p>","protected":false},"excerpt":{"rendered":"<p>Graebel Van Lines is headquartered in Aurora, CO. The company offers its customers a wide range of services which are listed below. There also follows a company profile and reviews. International Moving A dedicated customer service coordinator is assigned Detailed in-home survey Customised move plan Door to door Internationally trained packers and loaders Finest quality [&hellip;]<\/p>\n","protected":false},"author":1,"featured_media":0,"parent":0,"menu_order":0,"comment_status":"closed","ping_status":"closed","template":"","meta":{"_genesis_hide_title":false,"_genesis_hide_breadcrumbs":false,"_genesis_hide_singular_image":false,"_genesis_hide_footer_widgets":false,"_genesis_custom_body_class":"","_genesis_custom_post_class":"","_genesis_layout":"","footnotes":""},"class_list":{"0":"post-1064","1":"page","2":"type-page","3":"status-publish","5":"entry"},"_links":{"self":[{"href":"https:\/\/moverdb.com\/et\/wp-json\/wp\/v2\/pages\/1064","targetHints":{"allow":["GET"]}}],"collection":[{"href":"https:\/\/moverdb.com\/et\/wp-json\/wp\/v2\/pages"}],"about":[{"href":"https:\/\/moverdb.com\/et\/wp-json\/wp\/v2\/types\/page"}],"author":[{"embeddable":true,"href":"https:\/\/moverdb.com\/et\/wp-json\/wp\/v2\/users\/1"}],"replies":[{"embeddable":true,"href":"https:\/\/moverdb.com\/et\/wp-json\/wp\/v2\/comments?post=1064"}],"version-history":[{"count":6,"href":"https:\/\/moverdb.com\/et\/wp-json\/wp\/v2\/pages\/1064\/revisions"}],"predecessor-version":[{"id":6216,"href":"https:\/\/moverdb.com\/et\/wp-json\/wp\/v2\/pages\/1064\/revisions\/6216"}],"wp:attachment":[{"href":"https:\/\/moverdb.com\/et\/wp-json\/wp\/v2\/media?parent=1064"}],"curies":[{"name":"wp","href":"https:\/\/api.w.org\/{rel}","templated":true}]}}