{"id":1062,"date":"2016-08-21T19:46:49","date_gmt":"2016-08-21T19:46:49","guid":{"rendered":"http:\/\/moverdb.com\/?page_id=1062"},"modified":"2026-01-08T14:47:31","modified_gmt":"2026-01-08T14:47:31","slug":"amj-campbell-van-lines","status":"publish","type":"page","link":"https:\/\/moverdb.com\/et\/amj-campbell-van-lines\/","title":{"rendered":"AMJ Campbell Van Lines: Campbell Campbell International Moving Services: International Moving Services &amp; Reviews"},"content":{"rendered":"<p>AMJ Campbell Van Lines asub <a href=\"https:\/\/moverdb.com\/et\/kolimine-toronto\/\">Toronto<\/a>, <a href=\"https:\/\/moverdb.com\/et\/moving-to-canada\/\" data-internallinksmanager029f6b8e52c=\"265\" title=\"Kanadasse kolimine? 2023 elamiskulud ja kolimisn\u00f5uanded\">Kanada<\/a> ja pakub oma klientidele erinevaid kolimis- ja ladustamisteenuseid, mis on loetletud allpool. Samuti on olemas ettev\u00f5tte profiil ja arvustused teie teavitamiseks.<\/p>\n<p><strong>Rahvusvaheline kolimine<\/strong><\/p>\n<ul>\n<li> T\u00e4ielik teenindus uksest ukseni<\/li>\n<li> Professionaalne pakkimine ja lahtipakkimine<\/li>\n<li> K\u00f5rgeima kvaliteediga pakkematerjalid<\/li>\n<li> Varude haldamine<\/li>\n<li> <a href=\"https:\/\/moverdb.com\/et\/konteiner-laevandus\/\">Maantee-, mere- ja \u00f5huvedu<\/a><\/li>\n<li> Tipptasemel liikumise juhtimise s\u00fcsteemid<\/li>\n<\/ul>\n<p><strong>Piiri\u00fclese \u00fcmberpaigutamise teenused<\/strong><\/p>\n<ul>\n<li> Kanadasse, et <a href=\"https:\/\/moverdb.com\/et\/moving-to-the-united-states\/\" data-internallinksmanager029f6b8e52c=\"94\" title=\"Kolimine Ameerika \u00dchendriikidesse? 2022 Elamiskulud ja kolimisn\u00f5uanded\">USA<\/a> ja vastupidi<\/li>\n<\/ul>\n<p><strong>Elamu kolimine - kohalik v\u00f5i pikamaa kolimine<\/strong><\/p>\n<ul>\n<li> \u00d5igeaegne t\u00e4itmine<\/li>\n<li> Kirjalik tsitaat<\/li>\n<li> Telefonik\u00f5ne p\u00e4ev enne kolimist, et kinnitada \u00fcksikasjad.<\/li>\n<li> Kahjun\u00f5uete lahendamine 30 p\u00e4eva jooksul<\/li>\n<li> Kaitse kogu teie pehme m\u00f6\u00f6blile<\/li>\n<li> Mis tahes lahtiv\u00f5etud m\u00f6\u00f6bli uuesti kokkupanek.<\/li>\n<li> P\u00f5randa ja k\u00e4sipuude kaitse<\/li>\n<li> Professionaalsed, viisakad t\u00f6\u00f6meeskonnad<\/li>\n<li> Suurep\u00e4rane klienditeenindus<\/li>\n<\/ul>\n<p><strong>Ettev\u00f5tte \u00fcmberpaigutamise teenused<\/strong><\/p>\n<ul>\n<li> T\u00e4ielik pakkimine<\/li>\n<li> Mahalaadimine<\/li>\n<li> T\u00e4ielik teenindatud lahtipakkimine<\/li>\n<\/ul>\n<p><strong>Kontori kolimine<\/strong><\/p>\n<ul>\n<li> Liikumise planeerimise teenus<\/li>\n<li> K\u00f5ikide esemete hoolikas m\u00e4rgistamine<\/li>\n<li> Ekspertide pakkimine<\/li>\n<li> Tundlike seadmete ja arvutite asjatundlik teisaldamine<\/li>\n<\/ul>\n<p><strong>Spetsialistide teenused<\/strong><\/p>\n<ul>\n<li> Kontori interj\u00f6\u00f6rid<\/li>\n<li> Lao \u00fcmberpaigutamine<\/li>\n<li> M\u00f6\u00f6bli paigaldamine<\/li>\n<li> Purustamine<\/li>\n<\/ul>\n<p><strong>Ladustamine<\/strong><\/p>\n<ul>\n<li> L\u00fchiajaline kuni 60 p\u00e4eva<\/li>\n<li> Pikaajaline<\/li>\n<li> Puhtad, turvalised ja h\u00e4sti juhitud rajatised<\/li>\n<li> Keerukad j\u00e4lgimisseadmed<\/li>\n<li> Self-storage<\/li>\n<li> Kommertsdokumentide ladustamine<\/li>\n<\/ul>\n<h2>AMJ Campbell Van Lines Ettev\u00f5tte profiil<\/h2>\n<p>AMJ Campbell Van Lines avas oma uksed 1934. aastal MJ Campbell and Moving nime all ja oli pereettev\u00f5te. Ettev\u00f5te keskendus inimeste kolimisele Kanada provintside vahel ning USA ja Kanada vahel. Sellest ajast alates on see kasvanud suurimaks <a href=\"https:\/\/moverdb.com\/et\/moving-companies\/\" data-internallinksmanager029f6b8e52c=\"79\" title=\"Top 25 rahvusvahelist kolimisfirmat Internetis\">kolimisfirma<\/a> Kanadas, liigutades inimesi kohalikul ja rahvusvahelisel tasandil.<\/p>\n<p>Campbell's annab t\u00f6\u00f6d \u00fcle 2800 inimesele, kes t\u00f6\u00f6tavad 50 erinevas asukohas Kanadas. Praegu on tegemist eraettev\u00f5ttega, mis l\u00e4ks b\u00f6rsile 1980ndatel aastatel ja on mitmemiljoniline ettev\u00f5te. <\/p>\n<p>AMJ Campbelli akrediteeringud ja sidemed:<\/p>\n<ul>\n<li> <a href=\"https:\/\/moverdb.com\/et\/fidi-faim\/\">FIDI<\/a><\/li>\n<li> <a href=\"https:\/\/moverdb.com\/et\/fidi-faim\/\" data-internallinksmanager029f6b8e52c=\"16\" title=\"FIDI &amp; FAIM (FIDI akrediteeritud rahvusvaheline kolija) selgitatud\">FAIM<\/a><\/li>\n<li> <a href=\"https:\/\/moverdb.com\/et\/kanada-association-of-movers\/\">Kanada \u00fclemeremaade kolijate assotsiatsioon<\/a> (COMA) <\/li>\n<li> <a href=\"https:\/\/moverdb.com\/et\/lacma\/\">Ladina-Ameerika ja Kariibi mere piirkonna kolijate \u00fchendus<\/a> (<a href=\"https:\/\/moverdb.com\/et\/lacma\/\" data-internallinksmanager029f6b8e52c=\"28\" title=\"Ladina-Ameerika ja Kariibi mere piirkonna rahvusvaheliste kolijate assotsiatsioon (LACMA)\">LACMA<\/a>)<\/li>\n<li> Householders Goods Forwarders of America (HAGFAA)<\/li>\n<li> BBB akrediteeritud ettev\u00f5te A+<\/li>\n<\/ul>\n<h2>AMJ Campbell Van Lines Arvamused<\/h2>\n<p><strong>Positiivne:<\/strong><\/p>\n<ul>\n<li> <em>Meile avaldas v\u00e4ga suurt muljet suhtumine, koost\u00f6\u00f6 ja \u00fcldine r\u00f5\u00f5m t\u00f6\u00f6tada sellise suurep\u00e4raste inimestega.<\/em> - AMJ Campbelli kaudu <a href=\"http:\/\/www.amjcampbell.com\/about-us-2\/customer-reviews\/\" target=\"_blank\" rel=\"noopener\">klientide hinnangud<\/a><\/li>\n<li> <em>\"V\u00f5tsin AMJ-ga \u00fchendust oma linnast linna kolimiseks ja j\u00e4in kogu kogemusega v\u00e4ga rahule.\"<\/em> - Rebecca G kaudu <a href=\"https:\/\/homestars.com\/companies\/195139-amj-campbell\/reviews\/309471\" target=\"_blank\" rel=\"noopener\">HomeStars<\/a><\/li>\n<li> <em>\"Ma valisin AMJ Campbelli, et kolida oma m\u00f6\u00f6blit alates <a href=\"https:\/\/moverdb.com\/et\/moving-to-toronto\/\" data-internallinksmanager029f6b8e52c=\"71\" title=\"Kolimine Torontosse? 2022 Elamiskulud ja kolimisn\u00f5uanded\">Toronto<\/a> aadressile <a href=\"https:\/\/moverdb.com\/et\/moving-to-canada\/moving-to-montreal\/\" data-internallinksmanager029f6b8e52c=\"410\" title=\"Kolimine Montreali? 2023 elamiskulud ja kolimisn\u00f5uanded\">Montreal<\/a> 2013. aastal. Ma ei arvanud, et kolimine on nii lihtne, kui nad seda tegid.\"<\/em> - Reem kaudu <a href=\"http:\/\/www.mymovingreviews.com\/movers\/amj-campbell-van-lines-1281#15661\" target=\"_blank\" rel=\"noopener\">MyMovingReviews.com<\/a> <\/li>\n<li> <em>AMJ aitas minu abikaasal ja minul kolida Kanada p\u00e4eval - nii et kuigi me maksime lisatasu selle eest, et kolime riigip\u00fchal, oli see iga penni v\u00e4\u00e4rt.<\/em> - Renee M. kaudu <a href=\"http:\/\/www.yelp.co.uk\/biz\/amj-campbell-van-lines-vancouver?hrid=g252Zt8_i0oO1eStByhl0A&#038;utm_campaign=www_review_share_popup&#038;utm_medium=copy_link&#038;utm_source=(direct)\" target=\"_blank\" rel=\"noopener\">Yelp<\/a><\/li>\n<\/ul>\n<p><strong>Negatiivne:<\/strong><\/p>\n<ul>\n<li> <em>\"S\u00e4\u00e4sta oma m\u00f5istust ja raha. Kogu AMJ Campbelli meeskond on absoluutselt halvim.\"<\/em> - V\u00e4ga rahulolematu <a href=\"https:\/\/moverdb.com\/et\/moving-to-canada\/moving-to-vancouver\/\" data-internallinksmanager029f6b8e52c=\"438\" title=\"Kolimine Vancouverisse? 2023 elamiskulud ja kolimisn\u00f5uanded\">Vancouver<\/a> kaudu. <a href=\"https:\/\/homestars.com\/companies\/195139-amj-campbell\/reviews\/450056\" target=\"_blank\" rel=\"noopener\">HomeStars<\/a><\/li>\n<li> <em>\"See oli t\u00f5eliselt kahetsusv\u00e4\u00e4rne, et selle ebaausa ettev\u00f5ttega tegemist oli.\"<\/em> - Maher kaudu <a href=\"http:\/\/www.mymovingreviews.com\/movers\/amj-campbell-van-lines-1281#54125\" target=\"_blank\" rel=\"noopener\">MyMovingReviews.com<\/a> <\/li>\n<li> <em>Nende juht oli \u00e4\u00e4rmiselt ebaprofessionaalne ja ebaprofessionaalne.<\/em> - SA S. kaudu <a href=\"http:\/\/www.yelp.co.uk\/biz\/amj-campbell-van-lines-vancouver?hrid=8M5PJ1TTLqQx72k6lEsKLA&#038;utm_campaign=www_review_share_popup&#038;utm_medium=copy_link&#038;utm_source=(direct)\" target=\"_blank\" rel=\"noopener\">Yelp<\/a><\/li>\n<\/ul>\n<div itemprop=\"review\" itemscope itemtype=\"http:\/\/schema.org\/Review\">\n<span itemprop=\"author\" itemscope=\"\" itemtype=\"http:\/\/schema.org\/Organization\"><span itemprop=\"name\">MoverDB.com<\/span><\/span> Veebilehe \u00fclevaatus veebisaidi jaoks <span itemprop=\"itemreviewed\" itemscope=\"\" itemtype=\"http:\/\/schema.org\/Brand\"><span itemprop=\"name\">AMJ Campbell Van Lines<\/span><\/span>:<\/p>\n<ol>\n<li> Selged kontaktandmed veebisaidil (sh telefoninumber): <strong>Jah<\/strong><\/li>\n<li> Lihtne saada <a href=\"https:\/\/moverdb.com\/et\/tsitaadid\/\">rahvusvahelised liikuvad hinnapakkumised<\/a>? (veebip\u00f5hine hinnangu taotluse vorm): <strong>Jah<\/strong><\/li>\n<li> Selge teave veebilehel: <strong>Jah<\/strong>, kuigi seda ei ole alati k\u00f5ige lihtsam leida.<\/li>\n<li> Liikmelisus rahvusvahelistes tunnustatud liikumisorganisatsioonides: <strong>Jah<\/strong>, (vt eespool)<\/li>\n<li> Klientide ja\/v\u00f5i varasemate klientide soovitused. <strong>Jah,<\/strong> m\u00f5lemad veebisaidid sisaldavad klientide iseloomustusi ja kommentaare.<\/li>\n<\/ol>\n<div itemprop=\"reviewRating\" itemscope itemtype=\"http:\/\/schema.org\/Rating\"><meta itemprop=\"worstRating\" content = \"0\" \/><meta itemprop=\"bestRating\" content=\"5\" \/><meta itemprop=\"ratingValue\" content=\"4.5\"><\/div>\n<p><strong>\u00dcldine hinne: 4.5\/5<\/strong><br \/>\n<strong>L\u00e4bivaatamise kuup\u00e4ev:<\/strong> <span itemprop=\"datePublished\" content=\"2016-08-21\">21\/08\/2016<\/span>\n<\/div>\n<p>Loe l\u00e4hemalt <a href=\"https:\/\/moverdb.com\/et\/kolimisfirmad\/\">rahvusvahelised kolimisfirmad<\/a>, <a href=\"https:\/\/moverdb.com\/et\/us-canada-movers\/\">Kanada liikuvad ettev\u00f5tted<\/a> ja meie <a href=\"https:\/\/moverdb.com\/et\/arvustused\/\">l\u00e4bivaatamisprotsess<\/a>.<\/p>\n<p><strong>Veebileht:<\/strong> Kodumaine: <a href=\"http:\/\/www.amjcampbell.com\" target=\"_blank\" rel=\"noopener\">http:\/\/www.amjcampbell.com<\/a>, rahvusvaheline: <a href=\"http:\/\/amj-international.com\" target=\"_blank\" rel=\"noopener\">http:\/\/amj-international.com<\/a><\/p>","protected":false},"excerpt":{"rendered":"<p>AMJ Campbell Van Lines is based in Toronto, Canada and it offers its customers various moving and storage services which are listed below. There is also a company profile and reviews for your information. International Moving Door to door full service Professional packing and unpacking Highest quality packing materials Inventory management Road, sea and air [&hellip;]<\/p>\n","protected":false},"author":1,"featured_media":0,"parent":0,"menu_order":0,"comment_status":"closed","ping_status":"closed","template":"","meta":{"_genesis_hide_title":false,"_genesis_hide_breadcrumbs":false,"_genesis_hide_singular_image":false,"_genesis_hide_footer_widgets":false,"_genesis_custom_body_class":"","_genesis_custom_post_class":"","_genesis_layout":"","footnotes":""},"class_list":{"0":"post-1062","1":"page","2":"type-page","3":"status-publish","5":"entry"},"_links":{"self":[{"href":"https:\/\/moverdb.com\/et\/wp-json\/wp\/v2\/pages\/1062","targetHints":{"allow":["GET"]}}],"collection":[{"href":"https:\/\/moverdb.com\/et\/wp-json\/wp\/v2\/pages"}],"about":[{"href":"https:\/\/moverdb.com\/et\/wp-json\/wp\/v2\/types\/page"}],"author":[{"embeddable":true,"href":"https:\/\/moverdb.com\/et\/wp-json\/wp\/v2\/users\/1"}],"replies":[{"embeddable":true,"href":"https:\/\/moverdb.com\/et\/wp-json\/wp\/v2\/comments?post=1062"}],"version-history":[{"count":6,"href":"https:\/\/moverdb.com\/et\/wp-json\/wp\/v2\/pages\/1062\/revisions"}],"predecessor-version":[{"id":6172,"href":"https:\/\/moverdb.com\/et\/wp-json\/wp\/v2\/pages\/1062\/revisions\/6172"}],"wp:attachment":[{"href":"https:\/\/moverdb.com\/et\/wp-json\/wp\/v2\/media?parent=1062"}],"curies":[{"name":"wp","href":"https:\/\/api.w.org\/{rel}","templated":true}]}}