{"id":1061,"date":"2016-07-25T20:41:24","date_gmt":"2016-07-25T20:41:24","guid":{"rendered":"http:\/\/moverdb.com\/?page_id=1061"},"modified":"2026-01-08T15:30:30","modified_gmt":"2026-01-08T15:30:30","slug":"u-pack-moving","status":"publish","type":"page","link":"https:\/\/moverdb.com\/et\/u-pack-moving\/","title":{"rendered":"U-Pack Moving: International Moving Services &amp; Arvamused: International Moving Services &amp; Reviews"},"content":{"rendered":"<p>ABF U-Pack Moving pakub oma klientidele mitmesuguseid teenuseid kolimiseks ning ise pakkimiseks ja lahtipakkimiseks raames. <a href=\"https:\/\/moverdb.com\/et\/moving-to-the-united-states\/\" data-internallinksmanager029f6b8e52c=\"94\" title=\"Kolimine Ameerika \u00dchendriikidesse? 2022 Elamiskulud ja kolimisn\u00f5uanded\">USA<\/a>, <a href=\"https:\/\/moverdb.com\/et\/moving-to-canada\/\" data-internallinksmanager029f6b8e52c=\"265\" title=\"Kanadasse kolimine? 2023 elamiskulud ja kolimisn\u00f5uanded\">Kanada<\/a> ja Puerto Rico. <\/p>\n<p>Need teenused on loetletud allpool koos ettev\u00f5tte profiili ja \u00fclevaatega.<\/p>\n<p><strong>Pakutavate liikumiste t\u00fc\u00fcbid<\/strong><\/p>\n<ul>\n<li> Maadevaheline kolimine<\/li>\n<li> Kaugsiirded - USA, Kanada, Puerto Rico<\/li>\n<li> Ukselt uksele liikumine<\/li>\n<li> Iseliikuv<\/li>\n<li> Laadurite rentimine tunni kaupa <\/li>\n<li> S\u00f5jaline kolimine<\/li>\n<li> Kolled\u017ei kolimine<\/li>\n<li> V\u00e4ikesed liigutused<\/li>\n<\/ul>\n<p><strong>Liikuvad seadmed<\/strong><\/p>\n<ul>\n<li> Liikuvad haagised<\/li>\n<li> Liikumine &amp; <a href=\"https:\/\/moverdb.com\/et\/konteiner-laevandus\/\" target=\"_blank\" rel=\"noopener\">Laevakonteinerid<\/a><\/li>\n<\/ul>\n<p><strong>Ladustamine<\/strong><\/p>\n<ul>\n<li> Haagise ladustamine<\/li>\n<li> ReloCube ladustamine<\/li>\n<li> Kohapealne ladustamine<\/li>\n<li> Kaasaskantav ladustamine<\/li>\n<\/ul>\n<h2>U-Pack kolimisfirma profiil<\/h2>\n<p>ABF U-Pack avas oma tegevuse 1. m\u00e4rtsil.<sup>st<\/sup> oktoober 1997 ja on osa ABF Freight'ist. Ettev\u00f5tte eesm\u00e4rk oli muuta kolimine taskukohasemaks, pakkudes klientidele v\u00f5imalust \"teie pakite, meie s\u00f5idame\". Kliendid pakivad oma asjad ise ja laadivad need ettev\u00f5tte poolt pakutavasse haagisesse v\u00f5i konteinerisse. <\/p>\n<p>Seej\u00e4rel viib U-Packi juht kauba sihtkohta, kus klient selle maha laadib ja lahti pakib. Kliendid saavad oma kaupa j\u00e4lgida veebip\u00f5hise j\u00e4lgimiss\u00fcsteemi kaudu.<\/p>\n<p>Alates oma loomisest 1997. aastal on ABF Moving U-Pack vedanud \u00fcle 850 000 perekonna ja l\u00e4binud \u00fcle 1 miljardi miili. Ettev\u00f5te pakub otsesidet peaaegu igasse \u00fcle 30 000 elanikuga linna Ameerika \u00dchendriikides, Kanadas ja Puerto Ricos, mis teeb kokku 44 000 erinevat kogukonda.<\/p>\n<p><strong>AFB U-Pack akrediteeringud ja sidemed:<\/strong><\/p>\n<ul>\n<li> BBB akrediteeritud ettev\u00f5te A+<\/li>\n<\/ul>\n<h2>U-Pack Moving Arvamused<\/h2>\n<p><strong>Positiivne<\/strong><\/p>\n<ul>\n<li> \"<em>Piiri\u00fcleste (USA\/Kanada) vedude puhul soovitan v\u00e4ga U-Packi.\"<\/em> - Laura J kaudu <a href=\"http:\/\/www.yelp.com\/user_details?userid=MFsoomxJ9wmWksnuhEbsWQ\" target=\"_blank\" rel=\"noopener\">Yelp<\/a> <\/li>\n<li> \"<em>Kui kaaluda minu v\u00f5imalusi Upack vs. Uhaul koos autoveoautoga, siis kahtlemata on Upack parim viis.\"<\/em> - Lee kaudu <a href=\"http:\/\/www.mymovingreviews.com\/movers\/u-pack-2041#54792\" target=\"_blank\" rel=\"noopener\">MyMovingReviews.com<\/a><\/li>\n<li> \"<em>Suurep\u00e4rane \u00fcldine kliendi rahulolu koos parima hinna, \u00f5igeaegsuse ja professionaalsusega.\"<\/em> - B Anderson kaudu <a href=\"https:\/\/www.trustpilot.com\/users\/563a175f0000ff0001e81099\" target=\"_blank\" rel=\"noopener\">Trustpilot<\/a> <\/li>\n<li> \"<em>Parim <a href=\"https:\/\/moverdb.com\/et\/moving-companies\/\" data-internallinksmanager029f6b8e52c=\"79\" title=\"Top 25 rahvusvahelist kolimisfirmat Internetis\">kolimisfirma<\/a> Soovitan k\u00f5igile.\"<\/em> - Beatrice F kaudu <a href=\"https:\/\/www.sitejabber.com\/reviews\/www.upack.com#6\" target=\"_blank\" rel=\"noopener\">SiteJabber<\/a> <\/li>\n<\/ul>\n<p><strong>Negatiivne<\/strong><\/p>\n<ul>\n<li> \"<em>\u00c4rge kasutage seda ettev\u00f5tet. Te kahetsete seda. K\u00f5ige hullem viga, mille ma tegin. Maksis mulle rohkem raha, kui ma pidin s\u00e4\u00e4stma.\"<\/em> - Christina kaudu <a href=\"http:\/\/www.yelp.com\/user_details?userid=h6i4pikiNvzwmw8VvAOvrw\" target=\"_blank\" rel=\"noopener\">Yelp<\/a> <\/li>\n<li> \"<em>Me kolisime kogu oma elu \u00fcle kogu Ameerika \u00dchendriikide. Kui me l\u00e4ksime oma asju \u00e4ra v\u00f5tma, oli nii palju kahjustatud, et see oli ebareaalne.\"<\/em> - Sarah kaudu <a href=\"http:\/\/www.mymovingreviews.com\/movers\/u-pack-2041#54608\" target=\"_blank\" rel=\"noopener\">MyMovingReviews.com<\/a> <\/li>\n<li> \"<em>Veoauto pidi tulema kuskil 2-6 \u00f5htul. Palgatud kolijad aitasid kell 17.00. Veoauto ei ilmunud kell 18.00\" <\/em> - Cliff Gragg kaudu <a href=\"https:\/\/www.trustpilot.com\/users\/561008750000ff0001e06238\" target=\"_blank\" rel=\"noopener\">TrustPilot<\/a> <\/li>\n<li> \"<em>Ebaprofessionaalne. Meil on U-Packiga ikka veel k\u00e4imas kolimine.\"<\/em> - Karen W kaudu <a href=\"https:\/\/www.sitejabber.com\/reviews\/www.upack.com#5\" target=\"_blank\" rel=\"noopener\">SiteJabber<\/a> <\/li>\n<\/ul>\n<div itemprop=\"review\" itemscope itemtype=\"http:\/\/schema.org\/Review\">\n<span itemprop=\"author\" itemscope=\"\" itemtype=\"http:\/\/schema.org\/Organization\"><span itemprop=\"name\">MoverDB.com<\/span><\/span> Veebilehe \u00fclevaatus veebisaidi jaoks <span itemprop=\"itemreviewed\" itemscope=\"\" itemtype=\"http:\/\/schema.org\/Brand\"><span itemprop=\"name\">U-Pack kolimine<\/span><\/span>:<\/p>\n<ol>\n<li> Selged kontaktandmed veebisaidil (sh telefoninumber): <strong>Jah<\/strong><\/li>\n<li> Lihtne saada <a href=\"https:\/\/moverdb.com\/et\/tsitaadid\/\">rahvusvahelised liikuvad hinnapakkumised<\/a>? (veebip\u00f5hine hinnangu taotluse vorm): <strong>Jah<\/strong><\/li>\n<li> Selge teave veebilehel: <strong>Jah,<\/strong> Veebileht annab suurep\u00e4rase \u00fclevaate k\u00f5igest, mida ettev\u00f5te pakub.<\/li>\n<li> Liikmelisus rahvusvahelistes tunnustatud liikumisorganisatsioonides: <strong>Jah<\/strong>, vt eespool<\/li>\n<li> Klientide ja\/v\u00f5i varasemate klientide soovitused: <strong>Jah,<\/strong> Saidil on palju klientide kommentaare.<\/li>\n<\/ol>\n<div itemprop=\"reviewRating\" itemscope itemtype=\"http:\/\/schema.org\/Rating\"><meta itemprop=\"worstRating\" content = \"0\" \/><meta itemprop=\"bestRating\" content=\"5\" \/><meta itemprop=\"ratingValue\" content=\"5\"><\/div>\n<p><strong>\u00dcldine hinne: 5\/5<\/strong><br \/>\n<strong>L\u00e4bivaatamise kuup\u00e4ev:<\/strong> <span itemprop=\"datePublished\" content=\"2016-07-25\">25\/07\/2016<\/span>\n<\/div>\n<p>Loe l\u00e4hemalt teiste <a href=\"https:\/\/moverdb.com\/et\/kolimisfirmad\/\">rahvusvahelised kolimisfirmad<\/a>, <a href=\"https:\/\/moverdb.com\/et\/us-canada-movers\/\">USA kolivad ettev\u00f5tted<\/a> ja meie <a href=\"https:\/\/moverdb.com\/et\/arvustused\/\">l\u00e4bivaatamise protsessi selgitus<\/a>.<\/p>\n<p><strong>Veebileht:<\/strong> <a href=\"http:\/\/www.upack.com\" target=\"_blank\" rel=\"noopener\">http:\/\/www.upack.com<\/a><\/p>","protected":false},"excerpt":{"rendered":"<p>ABF U-Pack Moving offers its customers a variety of services for moving and self-packing and unpacking within the US, Canada and Puerto Rico. These services are listed below, together with a company profile and reviews. Types of Moves on Offer Cross-country moving Long distance moving &#8211; US, Canada, Puerto Rico Door to door moving Self-moving [&hellip;]<\/p>\n","protected":false},"author":1,"featured_media":0,"parent":0,"menu_order":0,"comment_status":"closed","ping_status":"closed","template":"","meta":{"_genesis_hide_title":false,"_genesis_hide_breadcrumbs":false,"_genesis_hide_singular_image":false,"_genesis_hide_footer_widgets":false,"_genesis_custom_body_class":"","_genesis_custom_post_class":"","_genesis_layout":"","footnotes":""},"class_list":{"0":"post-1061","1":"page","2":"type-page","3":"status-publish","5":"entry"},"_links":{"self":[{"href":"https:\/\/moverdb.com\/et\/wp-json\/wp\/v2\/pages\/1061","targetHints":{"allow":["GET"]}}],"collection":[{"href":"https:\/\/moverdb.com\/et\/wp-json\/wp\/v2\/pages"}],"about":[{"href":"https:\/\/moverdb.com\/et\/wp-json\/wp\/v2\/types\/page"}],"author":[{"embeddable":true,"href":"https:\/\/moverdb.com\/et\/wp-json\/wp\/v2\/users\/1"}],"replies":[{"embeddable":true,"href":"https:\/\/moverdb.com\/et\/wp-json\/wp\/v2\/comments?post=1061"}],"version-history":[{"count":6,"href":"https:\/\/moverdb.com\/et\/wp-json\/wp\/v2\/pages\/1061\/revisions"}],"predecessor-version":[{"id":6248,"href":"https:\/\/moverdb.com\/et\/wp-json\/wp\/v2\/pages\/1061\/revisions\/6248"}],"wp:attachment":[{"href":"https:\/\/moverdb.com\/et\/wp-json\/wp\/v2\/media?parent=1061"}],"curies":[{"name":"wp","href":"https:\/\/api.w.org\/{rel}","templated":true}]}}