{"id":1060,"date":"2016-08-21T20:38:32","date_gmt":"2016-08-21T20:38:32","guid":{"rendered":"http:\/\/moverdb.com\/?page_id=1060"},"modified":"2026-01-08T15:20:47","modified_gmt":"2026-01-08T15:20:47","slug":"suddath","status":"publish","type":"page","link":"https:\/\/moverdb.com\/et\/suddath\/","title":{"rendered":"Suddath: International Moving &amp; Relocations Arvamused: International Moving &amp; Relocations"},"content":{"rendered":"<p>Suddath pakub oma klientidele t\u00e4isteenust nii rahvusvahelisel kui ka kohalikul tasandil. Need on loetletud allpool koos ettev\u00f5tte profiili ja \u00fclevaatega.<\/p>\n<p><strong>Rahvusvaheline kolimine ja ladustamine<\/strong><\/p>\n<ul>\n<li> Kodutarvete saatmine<\/li>\n<li> M\u00e4\u00e4ratud liikumisn\u00f5ustaja<\/li>\n<li> Kolimiseelne komplekt<\/li>\n<li> Tollialane teave ja n\u00f5ustamine<\/li>\n<li> Teave sihtkoha kohta<\/li>\n<li> Ladustamisv\u00f5imalused<\/li>\n<li> Hindamine v\u00f5i kindlustusn\u00f5ustamine<\/li>\n<\/ul>\n<p><strong>Ettev\u00f5tte \u00fcmberpaigutamise poliitika ja programmi juhtimine<\/strong><\/p>\n<ul>\n<li> \u00dcmberpaigutamispoliitika l\u00e4bivaatamine ja\/v\u00f5i arendamine<\/li>\n<li> Poliitika haldamine<\/li>\n<li> P\u00fchendunud, kogenud kliendihaldusmeeskond<\/li>\n<li> Kvaliteedi tagamise programm koos m\u00f5\u00f5detavate n\u00e4itajatega<\/li>\n<li> Veebip\u00f5hine juurdep\u00e4\u00e4s v\u00f5i aruandlus ja saadetiste j\u00e4lgimine<\/li>\n<\/ul>\n<p><strong>Muud \u00fclemaailmsed liikuvusteenused<\/strong><\/p>\n<ul>\n<li> \u00dclemaailmne poliitika v\u00f5rdlusuuring, l\u00e4bivaatamine ja arendamine<\/li>\n<li> V\u00e4ljumine ja kodum\u00fc\u00fcgi teenused<\/li>\n<li> Kuluprognoosid<\/li>\n<li> Kandidaatide hindamine<\/li>\n<li> Maksu- ja sotsiaalkindlustusalane n\u00f5ustamine<\/li>\n<li> Jooksvad m\u00e4\u00e4ramisteenused<\/li>\n<li> L\u00e4hetuseelne reis<\/li>\n<li> Kultuuridevaheline, \u00e4riteadlikkus ja keelekoolitus<\/li>\n<li> Auto liisimine v\u00f5i rahastamine<\/li>\n<li> Kooli otsing<\/li>\n<li> Repatrieerimisprogramm<\/li>\n<\/ul>\n<p><strong>\u00dclemaailmne valitsuse kolimine ja ladustamine<\/strong><\/p>\n<ul>\n<li> T\u00e4isteenuse kolimine valitsuse ja s\u00f5jav\u00e4e jaoks<\/li>\n<\/ul>\n<p><strong><a href=\"https:\/\/moverdb.com\/et\/moving-to-the-united-states\/\" data-internallinksmanager029f6b8e52c=\"94\" title=\"Kolimine Ameerika \u00dchendriikidesse? 2022 Elamiskulud ja kolimisn\u00f5uanded\">USA<\/a> Elamu kolimine ja ladustamine<\/strong><\/p>\n<p><strong>Ettev\u00f5tte \u00fcmberpaigutamine<\/strong><\/p>\n<ul>\n<li> Poliitika hindamine ja konsulteerimine<\/li>\n<li> Liikumise juhtimine<\/li>\n<li> R\u00fchma liikumised<\/li>\n<li> \u00dcks kontaktpunkt<\/li>\n<li> Kodutarvete vedu<\/li>\n<li> Muud kolimisteenused (sh kinnisvaraga seotud teenused, h\u00fcpoteegid, kodu leidmine, sihtkoha teenused)<\/li>\n<\/ul>\n<p><strong>Elamu, eraviisiline \u00fcmberpaigutamine<\/strong><\/p>\n<ul>\n<li> Kolimiseelne hinnang<\/li>\n<li> Spetsiaalne kolimise koordinaator<\/li>\n<li> Pakkimisteenused (l\u00e4hte- ja sihtkohas)<\/li>\n<li> Pakkimisvahendid<\/li>\n<li> Saadetise j\u00e4lgimine<\/li>\n<li> Ladustamisteenused<\/li>\n<li> \u00dcmberpaigutamise ja kinnisvaraga seotud teenused<\/li>\n<\/ul>\n<h2>Suddathi ettev\u00f5tte profiil<\/h2>\n<p>Suddath, Suddath Van Lines ja Suddath Relocations Systems on ettev\u00f5tete perekond, mis sai alguse 1919. aastal Jacksonville'is, <a href=\"https:\/\/moverdb.com\/et\/moving-to-the-united-states\/moving-to-florida\/\" data-internallinksmanager029f6b8e52c=\"331\" title=\"Elamiskulud ja kolimisn\u00f5uanded 2023 Floridasse?\">Florida<\/a> Carl Suddath, kes alustas ettev\u00f5tet \u00fche kaubiku, kahe muuli ja kahe reisivaguniga, et teenindada uut filmit\u00f6\u00f6stust. N\u00fc\u00fcdseks on neil kontorid USAs ja <a href=\"https:\/\/moverdb.com\/et\/moving-to-canada\/\" data-internallinksmanager029f6b8e52c=\"265\" title=\"Kanadasse kolimine? 2023 elamiskulud ja kolimisn\u00f5uanded\">Kanada<\/a> ja suur esindajate v\u00f5rgustik kogu maailmas.<\/p>\n<p>Suddath teostab aastas \u00fcle 75 000 rahvusvahelise ja kohaliku kolimise eraisikute, ettev\u00f5tete, valitsuse ja s\u00f5jav\u00e4e jaoks. <\/p>\n<p>Nad uhkeldavad uhkusega, et nende tippklientide hulka kuuluvad m\u00f5ned Fortune 500 ettev\u00f5tted ja USA valitsus. Suddath pakub t\u00e4isteenust alates esimesest hinnapakkumisest kuni lahtipakkimise ja kolimisteenusteni.<\/p>\n<p>Suddathil on j\u00e4rgmised akrediteeringud ja sidemed:<\/p>\n<ul>\n<li> <a href=\"https:\/\/moverdb.com\/et\/fidi-faim\/\">FIDI<\/a><\/li>\n<li> Overseas Moving Network International (OMNI)<\/li>\n<li> <a href=\"https:\/\/moverdb.com\/et\/olen\/\">Rahvusvaheline kolijate assotsiatsioon<\/a> (<a href=\"https:\/\/moverdb.com\/et\/iam\/\" data-internallinksmanager029f6b8e52c=\"23\" title=\"Rahvusvaheline kolijate assotsiatsioon (IAM) Selgitatud\">IAM<\/a>)<\/li>\n<li> <a href=\"https:\/\/moverdb.com\/et\/lacma\/\" target=\"_blank\" rel=\"noopener\">Ladina-Ameerika ja Kariibi mere piirkonna rahvusvaheliste kolijate assotsiatsioon<\/a> (<a href=\"https:\/\/moverdb.com\/et\/lacma\/\" data-internallinksmanager029f6b8e52c=\"28\" title=\"Ladina-Ameerika ja Kariibi mere piirkonna rahvusvaheliste kolijate assotsiatsioon (LACMA)\">LACMA<\/a>)<\/li>\n<li> Pan American International Movers Association (PAIMA)<\/li>\n<li> <a href=\"https:\/\/moverdb.com\/et\/british-association-of-removers\/\" target=\"_blank\" rel=\"noopener\">Briti kolijate \u00fchendus<\/a> (<a href=\"https:\/\/moverdb.com\/et\/british-association-of-removers\/\" data-internallinksmanager029f6b8e52c=\"9\" title=\"Briti kolijate assotsiatsioon (BAR) Selgitatud\">BAR<\/a>)<\/li>\n<li> <a href=\"https:\/\/moverdb.com\/et\/tootajate-umberpaigutamise-noukogu\/\" target=\"_blank\" rel=\"noopener\">\u00dclemaailmne ERC<\/a><\/li>\n<li> Inimressursside juhtimise \u00fching (SHRM)<\/li>\n<li> Klientide terrorismivastane kaubanduspartnerlus (C-TPAT)<\/li>\n<li> <a href=\"https:\/\/moverdb.com\/et\/iata\/\" target=\"_blank\" rel=\"noopener\">IATA<\/a><\/li>\n<li> Better Business Bureau (BBB)<\/li>\n<li> ISO 9001-2008<\/li>\n<li> Brookfield Global Relocation Services<\/li>\n<li> <a href=\"https:\/\/moverdb.com\/et\/fidi-faim\/\" data-internallinksmanager029f6b8e52c=\"16\" title=\"FIDI &amp; FAIM (FIDI akrediteeritud rahvusvaheline kolija) selgitatud\">FAIM<\/a> Plus<\/li>\n<li> Sertifitseeritud kontorikorraldaja - International Office Moving Institute<\/li>\n<li> <a href=\"https:\/\/moverdb.com\/et\/rim-promover\/\" target=\"_blank\" rel=\"noopener\">ProMover<\/a><\/li>\n<li> General Services Administration (GSA)<\/li>\n<\/ul>\n<p><strong>Suddath Moving Arvamused<\/strong><\/p>\n<p><strong>Positiivne:<\/strong><\/p>\n<ul>\n<li> <em>\"Nad aitasid mind kolimisprotsessi igal sammul.\"<\/em> - Alan H kaudu <a href=\"http:\/\/www.yelp.com\/biz\/suddath-relocation-systems-jacksonville-3?hrid=aZPhVuYjTxAl3ImKZTmp1A&#038;utm_campaign=www_review_share_popup&#038;utm_medium=copy_link&#038;utm_source=(direct)\" target=\"_blank\" rel=\"noopener\">Yelp<\/a><\/li>\n<li> <em>\"Suddath tegi algusest l\u00f5puni suurep\u00e4rast t\u00f6\u00f6d - alates kontakti v\u00f5tmisest kuni \u00fclevaatamiseni, laadimisest kuni mahalaadimiseni ja nad olid graafikus. Eriline t\u00e4nu kuulub 4 mehele ja juhile, kes teevad rasket t\u00f6\u00f6d.\"<\/em> - Wayne Ernest kaudu <a href=\"http:\/\/reviews.birdeye.com\/suddath-relocation-systems-388913888\" target=\"_blank\" rel=\"noopener\">BirdEye<\/a> <\/li>\n<\/ul>\n<p><strong>Negatiivne:<\/strong><\/p>\n<ul>\n<li> <em>\"P\u00e4rast mitmeid e-kirju pakkusid Suddathi toredad inimesed mulle $2,350 minu $7,500 v\u00e4\u00e4rtuses puuduvate esemete eest.\" <\/em>Aaron C kaudu <a href=\"http:\/\/www.yelp.com\/biz\/suddath-relocation-systems-jacksonville-3?hrid=NyswOKGKwwPmsuorvGtzew&#038;utm_campaign=www_review_share_popup&#038;utm_medium=copy_link&#038;utm_source=(direct)\" target=\"_blank\" rel=\"noopener\">Yelp<\/a> <\/li>\n<li> \"Olen viimase 15 aasta jooksul mitu korda \u00fcmber kolinud ja see oli absoluutselt halvim. <a href=\"https:\/\/moverdb.com\/et\/moving-companies\/\" data-internallinksmanager029f6b8e52c=\"79\" title=\"Top 25 rahvusvahelist kolimisfirmat Internetis\">kolimisfirma<\/a> kellega ma olen kunagi kokku puutunud.\" - Peter Burgess kaudu <a href=\"http:\/\/www.mymovingreviews.com\/movers\/suddath-120#26803\" target=\"_blank\" rel=\"noopener\">MyMovingReviews.com<\/a><\/li>\n<\/ul>\n<div itemprop=\"review\" itemscope itemtype=\"http:\/\/schema.org\/Review\">\n<span itemprop=\"author\" itemscope=\"\" itemtype=\"http:\/\/schema.org\/Organization\"><span itemprop=\"name\">MoverDB.com<\/span><\/span> Veebilehe \u00fclevaatus veebisaidi jaoks <span itemprop=\"itemreviewed\" itemscope=\"\" itemtype=\"http:\/\/schema.org\/Brand\"><span itemprop=\"name\">Suddath<\/span><\/span>:<\/p>\n<ol>\n<li> Selged kontaktandmed veebisaidil (sh telefoninumber): <strong>Jah<\/strong><\/li>\n<li> Lihtne saada <a href=\"https:\/\/moverdb.com\/et\/tsitaadid\/\">rahvusvahelised liikuvad hinnapakkumised<\/a>? (veebip\u00f5hine hinnangu taotluse vorm): <strong>Jah<\/strong><\/li>\n<li> Selge teave veebilehel: <strong>Osaline<\/strong>, Veebilehel on palju lehek\u00fclgi, kuid enamik teavet on \u00fcsna \u00fcldine.<\/li>\n<li> Liikmelisus rahvusvahelistes tunnustatud liikumisorganisatsioonides: <strong>Jah<\/strong>, palju, vt eespool<\/li>\n<li> Klientide ja\/v\u00f5i varasemate klientide soovitused: <strong>M\u00f5ned,<\/strong> on juhtumiuuringud, kuid mitte \u00fcksikasjalikud \u00fclevaated v\u00f5i iseloomustused.<\/li>\n<\/ol>\n<div itemprop=\"reviewRating\" itemscope itemtype=\"http:\/\/schema.org\/Rating\"><meta itemprop=\"worstRating\" content = \"0\" \/><meta itemprop=\"bestRating\" content=\"5\" \/><meta itemprop=\"ratingValue\" content=\"4\"><\/div>\n<p><strong>\u00dcldine hinne: 4\/5<\/strong><br \/>\n<strong>L\u00e4bivaatamise kuup\u00e4ev:<\/strong> <span itemprop=\"datePublished\" content=\"2016-08-21\">21\/08\/2016<\/span>\n<\/div>\n<p>Loe l\u00e4hemalt <a href=\"https:\/\/moverdb.com\/et\/kolimisfirmad\/\">rahvusvahelised kolijad<\/a>, <a href=\"https:\/\/moverdb.com\/et\/us-canada-movers\/\">P\u00f5hja-Ameerika kolijad<\/a> ja meie <a href=\"https:\/\/moverdb.com\/et\/arvustused\/\">l\u00e4bivaatamisprotsess<\/a>.<\/p>\n<p><strong>Veebileht:<\/strong> <a href=\"http:\/\/suddath.com\" target=\"_blank\" rel=\"noopener\">http:\/\/suddath.com<\/a><\/p>","protected":false},"excerpt":{"rendered":"<p>Suddath offers its clients full service moving and storage both internationally and locally. These are listed below, together with a company profile and reviews. International Moving and Storage Shipment of household goods Assigned move counsellor Pre-move kit Customs information and counselling Destination information Storage facilities Valuation or insurance counselling Corporate relocation policy and program management [&hellip;]<\/p>\n","protected":false},"author":1,"featured_media":0,"parent":0,"menu_order":0,"comment_status":"closed","ping_status":"closed","template":"","meta":{"_genesis_hide_title":false,"_genesis_hide_breadcrumbs":false,"_genesis_hide_singular_image":false,"_genesis_hide_footer_widgets":false,"_genesis_custom_body_class":"","_genesis_custom_post_class":"","_genesis_layout":"","footnotes":""},"class_list":{"0":"post-1060","1":"page","2":"type-page","3":"status-publish","5":"entry"},"_links":{"self":[{"href":"https:\/\/moverdb.com\/et\/wp-json\/wp\/v2\/pages\/1060","targetHints":{"allow":["GET"]}}],"collection":[{"href":"https:\/\/moverdb.com\/et\/wp-json\/wp\/v2\/pages"}],"about":[{"href":"https:\/\/moverdb.com\/et\/wp-json\/wp\/v2\/types\/page"}],"author":[{"embeddable":true,"href":"https:\/\/moverdb.com\/et\/wp-json\/wp\/v2\/users\/1"}],"replies":[{"embeddable":true,"href":"https:\/\/moverdb.com\/et\/wp-json\/wp\/v2\/comments?post=1060"}],"version-history":[{"count":6,"href":"https:\/\/moverdb.com\/et\/wp-json\/wp\/v2\/pages\/1060\/revisions"}],"predecessor-version":[{"id":6242,"href":"https:\/\/moverdb.com\/et\/wp-json\/wp\/v2\/pages\/1060\/revisions\/6242"}],"wp:attachment":[{"href":"https:\/\/moverdb.com\/et\/wp-json\/wp\/v2\/media?parent=1060"}],"curies":[{"name":"wp","href":"https:\/\/api.w.org\/{rel}","templated":true}]}}