{"id":1058,"date":"2016-07-25T21:05:23","date_gmt":"2016-07-25T21:05:23","guid":{"rendered":"http:\/\/moverdb.com\/?page_id=1058"},"modified":"2026-01-08T14:40:09","modified_gmt":"2026-01-08T14:40:09","slug":"mayflower-transit","status":"publish","type":"page","link":"https:\/\/moverdb.com\/et\/mayflower-transit\/","title":{"rendered":"Mayflower Transit: Transflower Powerway: Rahvusvahelised kolimisteenused ja \u00fclevaated"},"content":{"rendered":"<p>Mayflower Transit pakub oma klientidele mitmesuguseid riigisiseseid ja rahvusvahelisi kolimisteenuseid, mis on loetletud allpool. Samuti j\u00e4rgneb ettev\u00f5tte profiil ja \u00fclevaated.<\/p>\n<p><strong>Rahvusvahelised kolijad<\/strong><\/p>\n<p>L\u00e4hetuse eelsed teenused<\/p>\n<ul>\n<li> Viisa- ja sisser\u00e4ndeteenused<\/li>\n<li> Esialgne reis ja piirkondliku orienteerumise v\u00f5imalus<\/li>\n<li> Teave riigi ja kultuuri kohta<\/li>\n<\/ul>\n<p>Kolimisteenused<\/p>\n<ul>\n<li> Kolimiseelne planeerimine<\/li>\n<li> Asjade transportimine<\/li>\n<li> Kolimise haldamine<\/li>\n<li> Saadetise j\u00e4lgimine<\/li>\n<\/ul>\n<p>Rahvusvahelised sihtkohateenused<\/p>\n<ul>\n<li> Kultuuri- ja keelekoolitus<\/li>\n<li> Kooliabi<\/li>\n<li> Partneri\/abikaasa toetus<\/li>\n<li> Teenuse sisseseadmine<\/li>\n<li> V\u00e4ljas\u00f5iduabi<\/li>\n<\/ul>\n<p>Kaitseteenused<\/p>\n<ul>\n<li> Kaalukordaja<\/li>\n<li> K\u00f5rge v\u00e4\u00e4rtusega inventar<\/li>\n<li> Individuaalselt hinnatud inventar<\/li>\n<\/ul>\n<p>Eluasemetoetus<\/p>\n<ul>\n<li> Kodu leidmise teenused<\/li>\n<li> Ajutine majutus<\/li>\n<li> Kinnisvara ja \u00fc\u00fcrilepingute haldamine<\/li>\n<\/ul>\n<p><strong><a href=\"https:\/\/moverdb.com\/et\/moving-to-canada\/\" data-internallinksmanager029f6b8e52c=\"265\" title=\"Kanadasse kolimine? 2023 elamiskulud ja kolimisn\u00f5uanded\">Kanadasse kolimine<\/a><\/strong><\/p>\n<ul>\n<li> N\u00f5utavad dokumendid ja eeskirjad<\/li>\n<li> Teave esemete saatmise kohta<\/li>\n<li> Teave <a href=\"https:\/\/moverdb.com\/et\/autoveo-laevandus\/\">transpordivahendid<\/a><\/li>\n<\/ul>\n<p><strong>Liigutuste t\u00fc\u00fcbid<\/strong><\/p>\n<ul>\n<li> Kodumajapidamiste kolijad - l\u00fchi- ja pikamaa<\/li>\n<li> Kohalikud kolijad<\/li>\n<li> Ettev\u00f5tte kolijad<\/li>\n<li> S\u00f5jav\u00e4e ja valitsuse liiklejad<\/li>\n<li> <a href=\"https:\/\/moverdb.com\/et\/kolimisfirmad\/\" target=\"_blank\" rel=\"noopener\">Rahvusvahelised kolijad<\/a><\/li>\n<\/ul>\n<p><strong>Kolimisteenused<\/strong><\/p>\n<ul>\n<li> Pakkimine ja lahtipakkimine<\/li>\n<li> Liikuv kaitse<\/li>\n<li> Autotransport<\/li>\n<li> Ladustamine<\/li>\n<li> Puhastusteenus<\/li>\n<li> Prahi kogumine<\/li>\n<li> Kodukinos\u00fcsteemi ja\/v\u00f5i arvutite paigaldamine<\/li>\n<li> Aiapidamisteenus<\/li>\n<li> Kinnisvarateenused<\/li>\n<\/ul>\n<h2>Mayflower Transit Ettev\u00f5tte profiil<\/h2>\n<p>Mayflower Transit asutati 1927. aastal Conrad M. Gentry ja Don F. Kenworthy poolt Indianapolises. Asutajaliikmed soovisid pakkuda inimestele alternatiivi oma asjade raudteel liikumisele. <\/p>\n<p>Teise maailmas\u00f5ja l\u00f5puks oli ettev\u00f5te laienenud ja h\u00f5lmas n\u00fc\u00fcd selliseid teenuseid nagu ettev\u00f5tte t\u00f6\u00f6tajate \u00fcmberpaigutamine ja kolimine ning messide korraldamine. <\/p>\n<p>1995. aastal liitus Mayflower Transit UniGroupiga, mis on <strong>$1,7 miljardit<\/strong> ettev\u00f5te, mis pakub kolimist, transporti ja ladustamist kogu maailmas. Mayflower Transit pakub mitmesuguseid teenuseid alates kolimisest ja ladustamisest kuni t\u00e4isteenuse osutamiseni. <\/p>\n<p><strong>Mayflower Transiti sidemed ja akrediteeringud:<\/strong><\/p>\n<ul>\n<li> Riiklik kvaliteedi tagamine <a href=\"https:\/\/moverdb.com\/et\/moving-to-the-united-states\/\" data-internallinksmanager029f6b8e52c=\"94\" title=\"Kolimine Ameerika \u00dchendriikidesse? 2022 Elamiskulud ja kolimisn\u00f5uanded\">USA<\/a> (NQA) ISO 9001:2008<\/li>\n<li> <a href=\"https:\/\/moverdb.com\/et\/amsa\/\">Ameerika kolimis- ja ladustamis\u00fching<\/a> (<a href=\"https:\/\/moverdb.com\/et\/amsa\/\" data-internallinksmanager029f6b8e52c=\"5\" title=\"Ameerika Kolimis- ja Ladustamisseltsi (AMSA) selgitused\">AMSA<\/a>) - <a href=\"https:\/\/moverdb.com\/et\/rim-promover\/\">ProMover<\/a><\/li>\n<\/ul>\n<h2>Mayflower Transit Arvamused<\/h2>\n<p><strong>Positiivne:<\/strong><\/p>\n<ul>\n<li> \"<em>Nad tulid \u00f5igeaegselt kohale, j\u00f5udsid meie uuele aadressile \u00f5igeaegselt ja l\u00f5plik hind, mida me maksime, oli t\u00e4pselt see, mida nad meile algusest peale pakkusid!!! \"<\/em> - Paul I kaudu <a href=\"http:\/\/www.mymovingreviews.com\/movers\/mayflower-movers-181#38117\" target=\"_blank\" rel=\"noopener\">MyMovingReviews.com<\/a> <\/li>\n<li> \"<em>Nad tegid meie jaoks suurep\u00e4rast t\u00f6\u00f6d, panid voodid p\u00fcsti, panid kokku m\u00f6\u00f6bli, mis tuli pakkimiseks lahti v\u00f5tta. Minu naine ja mina olime m\u00f5lemad v\u00e4ga rahul sellega, kuidas meid \u00fcmber paigutati.\"<\/em> - Jon kaudu <a href=\"https:\/\/www.consumeraffairs.com\/movers\/mayflower.html?page=3\" target=\"_blank\" rel=\"noopener\">Tarbijakaitse<\/a> <\/li>\n<\/ul>\n<p><strong>Negatiivne:<\/strong><\/p>\n<ul>\n<li> \"<em>Kui ma saaksin anda 0 t\u00e4rni, siis annaksin seda kindlasti.\"<\/em> - Bill M. kaudu <a href=\"http:\/\/www.mymovingreviews.com\/movers\/mayflower-movers-181#41675\" target=\"_blank\" rel=\"noopener\">MyMovingReviews.com<\/a><\/li>\n<li> \"<em>Ma soovin, et me oleksime enne meie kolimist lugenud kommentaare. Kogemus oli kohutav algusest l\u00f5puni\" <\/em> - Alison kaudu <a href=\"https:\/\/www.consumeraffairs.com\/movers\/mayflower.html?page=3\" target=\"_blank\" rel=\"noopener\">Tarbijakaitse<\/a><\/li>\n<\/ul>\n<div itemprop=\"review\" itemscope itemtype=\"http:\/\/schema.org\/Review\">\n<span itemprop=\"author\" itemscope=\"\" itemtype=\"http:\/\/schema.org\/Organization\"><span itemprop=\"name\">MoverDB.com<\/span><\/span> Veebilehe \u00fclevaatus veebisaidi jaoks <span itemprop=\"itemreviewed\" itemscope=\"\" itemtype=\"http:\/\/schema.org\/Brand\"><span itemprop=\"name\">Mayflower Transit<\/span><\/span>:<\/p>\n<ol>\n<li> Selged kontaktandmed veebisaidil (sh telefoninumber): <strong>Jah<\/strong><\/li>\n<li> Lihtne saada <a href=\"https:\/\/moverdb.com\/et\/tsitaadid\/\">rahvusvahelised liikuvad hinnapakkumised<\/a>? (veebip\u00f5hine hinnangu taotluse vorm): <strong>Jah<\/strong><\/li>\n<li> Selge teave veebilehel: <strong>Jah.<\/strong> Veebisait sisaldab palju teavet ja rohkem teavet on saadaval, kui k\u00fcsite hinnapakkumist.<\/li>\n<li> Liikmelisus rahvusvahelistes tunnustatud liikumisorganisatsioonides: <strong>Jah<\/strong>, vt eespool.<\/li>\n<li> Klientide ja\/v\u00f5i varasemate klientide soovitused: <strong>Jah<\/strong>, seal on palju positiivseid kliendikokkuv\u00f5tteid.<\/li>\n<\/ol>\n<div itemprop=\"reviewRating\" itemscope itemtype=\"http:\/\/schema.org\/Rating\"><meta itemprop=\"worstRating\" content = \"0\" \/><meta itemprop=\"bestRating\" content=\"5\" \/><meta itemprop=\"ratingValue\" content=\"4.5\"><\/div>\n<p><strong>\u00dcldine hinne: 4.5\/5<\/strong><br \/>\n<strong>L\u00e4bivaatamise kuup\u00e4ev:<\/strong> <span itemprop=\"datePublished\" content=\"2016-07-25\">25\/07\/2016<\/span>\n<\/div>\n<p>Loe l\u00e4hemalt <a href=\"https:\/\/moverdb.com\/et\/kolimisfirmad\/\">rahvusvahelised kolimisfirmad<\/a>, <a href=\"https:\/\/moverdb.com\/et\/us-canada-movers\/\">USA kodumaised kolijad<\/a> ja \u00f5ppida rohkem meie <a href=\"https:\/\/moverdb.com\/et\/arvustused\/\">l\u00e4bivaatamisprotsess<\/a>.<\/p>\n<p><strong>Veebileht:<\/strong> <a href=\"http:\/\/www.mayflower.com\/\" target=\"_blank\" rel=\"noopener\">http:\/\/www.mayflower.com<\/a><\/p>","protected":false},"excerpt":{"rendered":"<p>Mayflower Transit offers its customers a range of domestic and international moving services, which are listed below. There also follows a company profile and reviews. International Movers Pre-assignment Services Visa and immigration services Preview trip and area orientation Country and culture information Moving Services Pre-move planning Transportation of belongings Managing the move Shipment tracking International [&hellip;]<\/p>\n","protected":false},"author":1,"featured_media":0,"parent":0,"menu_order":0,"comment_status":"closed","ping_status":"closed","template":"","meta":{"_genesis_hide_title":false,"_genesis_hide_breadcrumbs":false,"_genesis_hide_singular_image":false,"_genesis_hide_footer_widgets":false,"_genesis_custom_body_class":"","_genesis_custom_post_class":"","_genesis_layout":"","footnotes":""},"class_list":{"0":"post-1058","1":"page","2":"type-page","3":"status-publish","5":"entry"},"_links":{"self":[{"href":"https:\/\/moverdb.com\/et\/wp-json\/wp\/v2\/pages\/1058","targetHints":{"allow":["GET"]}}],"collection":[{"href":"https:\/\/moverdb.com\/et\/wp-json\/wp\/v2\/pages"}],"about":[{"href":"https:\/\/moverdb.com\/et\/wp-json\/wp\/v2\/types\/page"}],"author":[{"embeddable":true,"href":"https:\/\/moverdb.com\/et\/wp-json\/wp\/v2\/users\/1"}],"replies":[{"embeddable":true,"href":"https:\/\/moverdb.com\/et\/wp-json\/wp\/v2\/comments?post=1058"}],"version-history":[{"count":7,"href":"https:\/\/moverdb.com\/et\/wp-json\/wp\/v2\/pages\/1058\/revisions"}],"predecessor-version":[{"id":13174,"href":"https:\/\/moverdb.com\/et\/wp-json\/wp\/v2\/pages\/1058\/revisions\/13174"}],"wp:attachment":[{"href":"https:\/\/moverdb.com\/et\/wp-json\/wp\/v2\/media?parent=1058"}],"curies":[{"name":"wp","href":"https:\/\/api.w.org\/{rel}","templated":true}]}}