{"id":1057,"date":"2016-08-21T14:07:37","date_gmt":"2016-08-21T14:07:37","guid":{"rendered":"http:\/\/moverdb.com\/?page_id=1057"},"modified":"2026-01-08T15:20:46","modified_gmt":"2026-01-08T15:20:46","slug":"stevens-worldwide-van-lines","status":"publish","type":"page","link":"https:\/\/moverdb.com\/et\/stevens-worldwide-van-lines\/","title":{"rendered":"Stevens Worldwide Van Lines: International Moving Reviews"},"content":{"rendered":"<p>Stevens Worldwide Van Lines asub Saginaw MI-s. Ettev\u00f5te pakub oma klientidele laia valikut teenuseid, mis on loetletud allpool. Samuti j\u00e4rgneb ettev\u00f5tte profiil ja \u00fclevaated.<\/p>\n<p><strong>Rahvusvaheline kolimine<\/strong><\/p>\n<ul>\n<li> Isikliku majapidamise kolimine<\/li>\n<li> DOD rahvusvaheline liikumine<\/li>\n<li> GSA rahvusvaheline kolimine<\/li>\n<li> Ettev\u00f5tte kolimine<\/li>\n<li> <a href=\"https:\/\/moverdb.com\/et\/ekspediitor\/\">Kaubaveo ekspedeerimine<\/a><\/li>\n<li> T\u00e4ielik ukselt-uksele teenus<\/li>\n<li> Stevensi rahvusvahelise \u00fcmberpaigutamise spetsialistid iga riigi jaoks.<\/li>\n<li> Aidata kindlaks teha kliendi vajadused<\/li>\n<li> Selgitage k\u00f5iki k\u00e4ttesaadavaid rahvusvahelisi kolimis- ja \u00fcmberpaigutamisteenuseid, nagu pakkimine, kolimine, ekspedeerimine, <a href=\"https:\/\/moverdb.com\/et\/konteiner-laevandus\/\">saatmine<\/a>, ladustamine ja kindlustus<\/li>\n<li> Kirjeldada Stevens Internationali kohustusi ja kliendi kohustusi enne \u00fcmberpaigutamist, selle ajal ja p\u00e4rast seda.<\/li>\n<li> Esitage <a href=\"https:\/\/moverdb.com\/et\/tsitaadid\/\">t\u00e4pne hinnang<\/a><\/li>\n<li> Planeeri kogu kolimise logistika<\/li>\n<li> L\u00e4bir\u00e4\u00e4kimised <a href=\"https:\/\/moverdb.com\/et\/kolimiskulud\/\">parimad hinnad<\/a><\/li>\n<li> teostab j\u00e4relevalvet kasutatud vedajate ja agentide \u00fcle ning j\u00e4lgib iga \u00fcmberpaigutamise etappi.<\/li>\n<li> Veenduge, et k\u00f5ik dokumendid on t\u00e4idetud ja esitatud t\u00e4pselt ja \u00f5igeaegselt.<\/li>\n<li> J\u00e4tkuvalt vastutab saadetise teenindamise eest vastavalt laevanduskonsultandi v\u00f5i v\u00e4lismaise agendi juhistele.<\/li>\n<li> l\u00e4hetada asjakohaseid materjale, t\u00f6\u00f6j\u00f5udu ja seadmeid<\/li>\n<\/ul>\n<p><strong>Stevensi rahvusvahelise \u00fcmberpaigutamise koordinaatorid<\/strong><\/p>\n<ul>\n<li> omavad kogemusi rahvusvahelise ekspedeerimise ja \u00fcmberpaigutamise valdkonnas.<\/li>\n<li> omavad mitmekeelset v\u00f5imekust<\/li>\n<li> on kursis tollieeskirjade ja muu olulise teabega ning oskavad aidata dokumentide k\u00e4sitlemisel ja t\u00f6\u00f6tlemisel.<\/li>\n<li> Tagada \u00fche teenistuse kontroll<\/li>\n<li> pakkuda kolimiseelset ja pidevat n\u00f5ustamist<\/li>\n<li> Saab aidata sihtriigi ja tollialase teabega<\/li>\n<li> Pideva teabevahetuse ja teenuse j\u00e4relevalve tagamine<\/li>\n<li> J\u00e4rgida selgelt m\u00e4\u00e4ratletud ettevalmistus- ja k\u00e4itlemisprotseduure<\/li>\n<li> Kasutage terviklikku, kiirendatud ja \u00f5iglast n\u00f5uete lahendamise tava.<\/li>\n<\/ul>\n<p><strong>Kodumajapidamiste kolimine<\/strong><\/p>\n<ul>\n<li> Kohalik kolimine<\/li>\n<li> V\u00e4ljaspool riiki kolimine<\/li>\n<li> Pikaajaline liikumine<\/li>\n<li> Riikidevaheline kolimine<\/li>\n<li> Maadevaheline kolimine<\/li>\n<li> V\u00e4ike kolimisprogramm<\/li>\n<li> Pakkimine ja lahtipakkimine<\/li>\n<li> Pakendatud kastid ja pakkematerjalid<\/li>\n<li> L\u00fchi- ja pikaajaline ladustamine<\/li>\n<\/ul>\n<p><strong>Ettev\u00f5tte kolimine<\/strong><\/p>\n<ul>\n<li> T\u00e4ielik teenus on saadaval<\/li>\n<li> Spetsiaalne \u00fcmberpaigutamise konsultant<\/li>\n<li> Arvutis\u00fcsteemide \u00fcmberpaigutamine<\/li>\n<li> Projektijuhtimine<\/li>\n<li> Kontori- ja t\u00f6\u00f6stuslik kolimine<\/li>\n<li> Varade haldamine\/ ladustamine<\/li>\n<li> Siseriikliku kolimise juhtimine<\/li>\n<li> MAC teenused<\/li>\n<li> Dokumentide haldamine<\/li>\n<li> Seadmete liikumine<\/li>\n<li> Faili \u00fcmberpaigutamine<\/li>\n<li> Laboratooriumi liikumised<\/li>\n<\/ul>\n<p><strong>Valitsuse ja s\u00f5jav\u00e4e kolimine<\/strong><\/p>\n<p><strong>Vaimulikkonna kolimine<\/strong><\/p>\n<h2>Stevens Worldwide Van Lines Ettev\u00f5tte profiil<\/h2>\n<p>Frederick H. Stevens Jr. alustas 1905. aastal ettev\u00f5tet Stevens Worldwide Van Lines. Ta kasutas \u00fchte hobust ja vankrit, et transportida pagasit alates <a href=\"https:\/\/moverdb.com\/et\/moving-to-the-united-states\/moving-to-michigan\/\" data-internallinksmanager029f6b8e52c=\"414\" title=\"Michiganisse kolimine? 2023 elamiskulud ja kolimisn\u00f5uanded\">Michigan<\/a> Keskreisijate depoo Saginaw's. T\u00e4nap\u00e4eval on Stevensile 125 esindajat, kes asuvad \u00fcle kogu <a href=\"https:\/\/moverdb.com\/et\/moving-to-the-united-states\/\" data-internallinksmanager029f6b8e52c=\"94\" title=\"Kolimine Ameerika \u00dchendriikidesse? 2022 Elamiskulud ja kolimisn\u00f5uanded\">Ameerika \u00dchendriigid<\/a> ja ulatuslik rahvusvaheline osakond. Ettev\u00f5ttes on neljanda ja viienda p\u00f5lvkonna Stevenid juhtivatel ametikohtadel.<\/p>\n<p>Stevens Worldwide Van Lines kolib kodumajapidamisi, ettev\u00f5tteid, valitsuse ja s\u00f5jav\u00e4elasi ning vaimulikke Ameerika \u00dchendriikides ja kogu maailmas. Ettev\u00f5te on rakendanud mitmeid keskkonnas\u00f5bralikke algatusi, et v\u00e4hendada oma s\u00fcsinikujalaj\u00e4lge. Samuti toetab ettev\u00f5te erinevaid heategevusorganisatsioone nii rahvusvaheliselt kui ka kohalikul tasandil.<\/p>\n<p>Stevens Worldwide Van Linesil on j\u00e4rgmised akrediteeringud ja sidemed:<\/p>\n<ul>\n<li> ISO 9001<\/li>\n<li> <a href=\"https:\/\/moverdb.com\/et\/fidi-faim\/\">FIDI<\/a><\/li>\n<li> <a href=\"https:\/\/moverdb.com\/et\/fidi-faim\/\" data-internallinksmanager029f6b8e52c=\"16\" title=\"FIDI &amp; FAIM (FIDI akrediteeritud rahvusvaheline kolija) selgitatud\">FAIM<\/a><\/li>\n<li> <a href=\"https:\/\/moverdb.com\/et\/olen\/\">Rahvusvaheline kolijate assotsiatsioon<\/a> (<a href=\"https:\/\/moverdb.com\/et\/iam\/\" data-internallinksmanager029f6b8e52c=\"23\" title=\"Rahvusvaheline kolijate assotsiatsioon (IAM) Selgitatud\">IAM<\/a>)<\/li>\n<li> <a href=\"https:\/\/moverdb.com\/et\/lacma\/\">Ladina-Ameerika ja Kariibi mere piirkonna rahvusvaheliste kolijate assotsiatsioon<\/a> (<a href=\"https:\/\/moverdb.com\/et\/lacma\/\" data-internallinksmanager029f6b8e52c=\"28\" title=\"Ladina-Ameerika ja Kariibi mere piirkonna rahvusvaheliste kolijate assotsiatsioon (LACMA)\">LACMA<\/a>)<\/li>\n<li> <a href=\"https:\/\/moverdb.com\/et\/amsa\/\">Ameerika kolimis- ja ladustamis\u00fching<\/a> (<a href=\"https:\/\/moverdb.com\/et\/amsa\/\" data-internallinksmanager029f6b8e52c=\"5\" title=\"Ameerika Kolimis- ja Ladustamisseltsi (AMSA) selgitused\">AMSA<\/a>) - <a href=\"https:\/\/moverdb.com\/et\/rim-promover\/\">ProMover<\/a><\/li>\n<li> BBB A+<\/li>\n<\/ul>\n<h2>Stevens Worldwide Van Lines Arvamused<\/h2>\n<p><strong>Positiivne:<\/strong><\/p>\n<ul>\n<li> <em>\"Meie kolimiskogemus Stevensi juures oli algusest l\u00f5puni suurep\u00e4rane!\"<\/em> - Martin kaudu <a href=\"http:\/\/stevensworldwide.com\/testimonials\" target=\"_blank\" rel=\"noopener\">Stevensi klientide iseloomustused<\/a><\/li>\n<li> \"<em>Meie kogemus Stevens Worldwide'iga oli algusest l\u00f5puni tipptasemel.\" <\/em> - Michael kaudu <a href=\"http:\/\/www.yelp.com\/biz\/stevens-worldwide-van-lines-saginaw-4?hrid=IQoARxOFSez8PQ9c5gUSmQ&#038;utm_campaign=www_review_share_popup&#038;utm_medium=copy_link&#038;utm_source=(direct)\" target=\"_blank\" rel=\"noopener\">Yelp<\/a><\/li>\n<li> \"<em>Kogemus \u00fcletas ootusi. V\u00e4ga oluline on see, et m\u00fc\u00fcgipakkumine vastas tegelikule hinnale. Teiseks, me olime pakkimisega \u00fclekoormatud. Kolija palus meil eelmisel p\u00e4eval neile oma vajadused \u00f6elda ja nad pakkusid t\u00f6\u00f6j\u00f5udu, et k\u00f5ik \u00e4ra teha. \"<\/em> - Bill Counts kaudu <a href=\"http:\/\/www.mymovingreviews.com\/movers\/stevens-van-lines-825#49902\" target=\"_blank\" rel=\"noopener\">MyMovingReviews.com<\/a><\/li>\n<li> \"<em>V\u00e4ga s\u00f5bralik personal.\"<\/em> - Google kasutaja kaudu <a href=\"http:\/\/reviews.birdeye.com\/stevens-worldwide-van-lines-951509696\" target=\"_blank\" rel=\"noopener\">BirdEye<\/a> <\/li>\n<\/ul>\n<p><strong>Negatiivne:<\/strong><\/p>\n<ul>\n<li> <em>\"\u00dcks t\u00e4ht on neile isegi liiga palju.\"<\/em> - Michael M kaudu <a href=\"http:\/\/www.yelp.com\/biz\/stevens-worldwide-van-lines-saginaw-4?hrid=7erY_4bReACOHR_0idQdUQ&#038;utm_campaign=www_review_share_popup&#038;utm_medium=copy_link&#038;utm_source=(direct)\" target=\"_blank\" rel=\"noopener\">Yelp<\/a><\/li>\n<li> <em>\"Amat\u00f6\u00f6rjuhil koos 3 kasutu abilisega kulus 14 tundi 2-toalise keldriga maja laadimiseks.\"<\/em> - Steve kaudu <a href=\"http:\/\/www.mymovingreviews.com\/movers\/stevens-van-lines-825#55538\" target=\"_blank\" rel=\"noopener\">MyMovingReviews.com<\/a> <\/li>\n<li> \"<em>Meil ei oleks saanud olla ebameeldivamat kogemust.\"<\/em> - Brian Gibson kaudu <a href=\"http:\/\/reviews.birdeye.com\/stevens-worldwide-van-lines-951509696\" target=\"_blank\" rel=\"noopener\">BirdEye<\/a> <\/li>\n<\/ul>\n<div itemprop=\"review\" itemscope itemtype=\"http:\/\/schema.org\/Review\">\n<span itemprop=\"author\" itemscope=\"\" itemtype=\"http:\/\/schema.org\/Organization\"><span itemprop=\"name\">MoverDB.com<\/span><\/span> Veebilehe \u00fclevaatus veebisaidi jaoks <span itemprop=\"itemreviewed\" itemscope=\"\" itemtype=\"http:\/\/schema.org\/Brand\"><span itemprop=\"name\">Stevens Worldwide Van Lines<\/span><\/span>:<\/p>\n<ol>\n<li> Selged kontaktandmed veebisaidil (sh telefoninumber): <strong>Jah<\/strong><\/li>\n<li> Lihtne saada <a href=\"https:\/\/moverdb.com\/et\/tsitaadid\/\">rahvusvahelised liikuvad hinnapakkumised<\/a>? (veebip\u00f5hine hinnangu taotluse vorm): <strong>Jah<\/strong><\/li>\n<li> Selge teave veebilehel: <strong>Jah,<\/strong> hea hulk teavet selle kohta, mida teha enne kolimist.<\/li>\n<li> Liikmelisus rahvusvahelistes tunnustatud liikumisorganisatsioonides: <strong>Jah<\/strong>, paljud vt eespool<\/li>\n<li> Klientide ja\/v\u00f5i varasemate klientide soovitused. <strong>Jah,<\/strong> Saidil on palju positiivseid klientide kommentaare ja iseloomustusi.<\/li>\n<\/ol>\n<div itemprop=\"reviewRating\" itemscope itemtype=\"http:\/\/schema.org\/Rating\"><meta itemprop=\"worstRating\" content = \"0\" \/><meta itemprop=\"bestRating\" content=\"5\" \/><meta itemprop=\"ratingValue\" content=\"4.5\"><\/div>\n<p><strong>\u00dcldine hinne: 4.5\/5<\/strong><br \/>\n<strong>L\u00e4bivaatamise kuup\u00e4ev:<\/strong> <span itemprop=\"datePublished\" content=\"2016-08-21\">21\/08\/2016<\/span>\n<\/div>\n<p>Loe l\u00e4hemalt <a href=\"https:\/\/moverdb.com\/et\/kolimisfirmad\/\">rahvusvahelised kolimisfirmad<\/a>, <a href=\"https:\/\/moverdb.com\/et\/us-canada-movers\/\">USA kolivad ettev\u00f5tted<\/a> ja meie <a href=\"https:\/\/moverdb.com\/et\/arvustused\/\">l\u00e4bivaatamisprotsessi selgitamine<\/a>.<\/p>\n<p><strong>Veebileht:<\/strong> <a href=\"http:\/\/stevensworldwide.com\/\" target=\"_blank\" rel=\"noopener\">http:\/\/stevensworldwide.com<\/a><\/p>","protected":false},"excerpt":{"rendered":"<p>Stevens Worldwide Van Lines is based in Saginaw MI. The company offers its customers a wide range of services which are listed below. There also follows a company profile and reviews. International Moving Personal household moving DOD international moving GSA international moving Corporate moving Freight forwarding Full door to door service Stevens International relocation specialists [&hellip;]<\/p>\n","protected":false},"author":1,"featured_media":0,"parent":0,"menu_order":0,"comment_status":"closed","ping_status":"closed","template":"","meta":{"_genesis_hide_title":false,"_genesis_hide_breadcrumbs":false,"_genesis_hide_singular_image":false,"_genesis_hide_footer_widgets":false,"_genesis_custom_body_class":"","_genesis_custom_post_class":"","_genesis_layout":"","footnotes":""},"class_list":{"0":"post-1057","1":"page","2":"type-page","3":"status-publish","5":"entry"},"_links":{"self":[{"href":"https:\/\/moverdb.com\/et\/wp-json\/wp\/v2\/pages\/1057","targetHints":{"allow":["GET"]}}],"collection":[{"href":"https:\/\/moverdb.com\/et\/wp-json\/wp\/v2\/pages"}],"about":[{"href":"https:\/\/moverdb.com\/et\/wp-json\/wp\/v2\/types\/page"}],"author":[{"embeddable":true,"href":"https:\/\/moverdb.com\/et\/wp-json\/wp\/v2\/users\/1"}],"replies":[{"embeddable":true,"href":"https:\/\/moverdb.com\/et\/wp-json\/wp\/v2\/comments?post=1057"}],"version-history":[{"count":7,"href":"https:\/\/moverdb.com\/et\/wp-json\/wp\/v2\/pages\/1057\/revisions"}],"predecessor-version":[{"id":6241,"href":"https:\/\/moverdb.com\/et\/wp-json\/wp\/v2\/pages\/1057\/revisions\/6241"}],"wp:attachment":[{"href":"https:\/\/moverdb.com\/et\/wp-json\/wp\/v2\/media?parent=1057"}],"curies":[{"name":"wp","href":"https:\/\/api.w.org\/{rel}","templated":true}]}}