{"id":1039,"date":"2016-10-26T05:36:32","date_gmt":"2016-10-26T05:36:32","guid":{"rendered":"http:\/\/moverdb.com\/?page_id=1039"},"modified":"2026-01-08T15:30:40","modified_gmt":"2026-01-08T15:30:40","slug":"williams-moving-storage","status":"publish","type":"page","link":"https:\/\/moverdb.com\/et\/williams-moving-storage\/","title":{"rendered":"Williams Moving &amp; Storage: Williams Williams Williams: International Moving: International Moving Reviews"},"content":{"rendered":"<p>Williams Moving &amp; Storage Ltd asub Lethbridge'is, <a href=\"https:\/\/moverdb.com\/et\/moving-to-canada\/\" data-internallinksmanager029f6b8e52c=\"265\" title=\"Kanadasse kolimine? 2023 elamiskulud ja kolimisn\u00f5uanded\">Kanada<\/a>. Ettev\u00f5te pakub oma klientidele erinevaid kolimisteenuseid, mis on loetletud allpool koos ettev\u00f5tte profiili ja \u00fclevaatega.<\/p>\n<p><strong>Rahvusvahelised liikumised<\/strong><\/p>\n<ul>\n<li> Liikumine raudtee-, laeva- v\u00f5i \u00f5hutranspordiga<\/li>\n<li> M\u00e4\u00e4ratud kolimise juht<\/li>\n<li> Ukselt-uksele teenus kogu maailmas<\/li>\n<li> Pakkimine - t\u00e4isteenus, \u00f5rnade esemete pakkimine v\u00f5i ise pakkimine<\/li>\n<li> Pakkimisvahendid<\/li>\n<li> Tollivormistus<\/li>\n<li> V\u00e4ljapakkimine - t\u00e4isteenus, habras esemed v\u00f5i ise lahtipakkimine<\/li>\n<li> Pika- ja l\u00fchiajaline ladustamine<\/li>\n<\/ul>\n<p><strong>Ettev\u00f5tete ja \u00e4ritegevuse \u00fcmberpaigutused<\/strong><\/p>\n<ul>\n<li> Ukselt-uksele<\/li>\n<li> M\u00e4\u00e4ratud kolimise juht<\/li>\n<li> Tundlike materjalide jaoks m\u00e4\u00e4ratud meeskond<\/li>\n<li> M\u00e4\u00e4ratud paigaldusmeeskond<\/li>\n<\/ul>\n<p><strong>Elamu kolimine<\/strong><\/p>\n<ul>\n<li> T\u00e4ielik teenus on saadaval<\/li>\n<li> M\u00e4\u00e4ratud kolimise juht<\/li>\n<li> Tarnitud pakkematerjalid<\/li>\n<li> Pakkimine - t\u00e4isteenus, \u00f5rnad esemed v\u00f5i tee-see-oma-pakkimine<\/li>\n<li> V\u00e4ljapakkimine - t\u00e4isteenus, \u00f5rnad esemed v\u00f5i tee-see-oma-t\u00f6\u00f6<\/li>\n<\/ul>\n<p><strong>Do-it-yourself liigutused<\/strong><\/p>\n<ul>\n<li> Veoauto ja pakkimismaterjalid tarnitakse<\/li>\n<li> 8 tundi pakkimiseks ja laadimiseks<\/li>\n<li> Viidi \u00fcle depoosse<\/li>\n<li> Sihtkohas - 8 tundi mahalaadimiseks<\/li>\n<\/ul>\n<h2>Williams Moving &amp; Storage ettev\u00f5tte profiil<\/h2>\n<p><em><strong>Palun v\u00f5tke arvesse<\/strong> et Williams Moving &amp; Storage <a href=\"http:\/\/globalnews.ca\/news\/1787201\/after-86-years-williams-moving-and-storage-files-for-bankruptcy\/\" target=\"_blank\" rel=\"noopener\">esitas 2015. aastal pankrotiavalduse<\/a>. Williams Moving &amp; Storage (Cranbrook) Ltd. tegutseb siiski veel ja on allpool esitatud.<\/em><\/p>\n<p>Williams Moving and Storage asutati 1929. aastal. See kolib \u00fcksikisikuid ja ettev\u00f5tteid nii kohalikul kui ka rahvusvahelisel tasandil. Ettev\u00f5te on spetsialiseerunud ettev\u00f5tete ja \u00e4ritegevuse, elamute ja <a href=\"https:\/\/moverdb.com\/et\/konteiner-laevandus\/\">rahvusvahelised kolimised<\/a>. <\/p>\n<p>\u00dcks selle uuenduslik teenus on tee-see-oma-kolimine, mis sobib ideaalselt kitsas eelarves olevatele klientidele. <\/p>\n<p>Williams Moving &amp; Storage'il on k\u00f5rgelt spetsialiseerunud kolimisseadmed, millega nad garanteerivad, et teie asjad liiguvad h\u00f5lpsasti, kiiresti ja neid kahjustamata.<\/p>\n<p>Williams Moving &amp; Storage'il on j\u00e4rgmised akrediteeringud ja sidemed:<\/p>\n<ul>\n<li> <a href=\"https:\/\/moverdb.com\/et\/fidi-faim\/\">Rahvusvaheliste kolijate f\u00f6deratsioon<\/a> (<a href=\"https:\/\/moverdb.com\/et\/fidi-faim\/\" data-internallinksmanager029f6b8e52c=\"16\" title=\"FIDI &amp; FAIM (FIDI akrediteeritud rahvusvaheline kolija) selgitatud\">FIDI<\/a>)<\/li>\n<li> <a href=\"https:\/\/moverdb.com\/et\/fidi-faim\/\">FIDI akrediteeritud rahvusvahelised kolijad<\/a> (FAIM)<\/li>\n<li> <a href=\"https:\/\/moverdb.com\/et\/olen\/\">Rahvusvaheline kolijate assotsiatsioon<\/a> (<a href=\"https:\/\/moverdb.com\/et\/iam\/\" data-internallinksmanager029f6b8e52c=\"23\" title=\"Rahvusvaheline kolijate assotsiatsioon (IAM) Selgitatud\">IAM<\/a>)<\/li>\n<li> Overseas Moving Network International (OMNI)<\/li>\n<li> Hotelli- ja toitlustussektori v\u00f5rgustik (NEWH)<\/li>\n<li> Commercial Relocation Network (CRN)<\/li>\n<li> <a href=\"https:\/\/moverdb.com\/et\/united-van-lines\/\">United Van Lines<\/a> (Kanada)<\/li>\n<\/ul>\n<h2>Williams kolimine ja ladustamine Arvamused<\/h2>\n<p><strong>Positiivne:<\/strong><\/p>\n<ul>\n<li> \"<em>See oli suurep\u00e4rane ettev\u00f5te, kellega suhelda, algusest l\u00f5puni. Hindaja oli v\u00e4ga professionaalne ja vastas v\u00e4ga kannatlikult k\u00f5igile minu k\u00fcsimustele. Asjad l\u00e4ksid kolimise p\u00e4eval v\u00e4ga sujuvalt. Kolijate meeskond oli t\u00f5hus ja v\u00e4ga ettevaatlik minu asjadega.\"<\/em> - Shairoz kaudu <a href=\"https:\/\/homestars.com\/companies\/229930-williams-moving-and-storage\/reviews\/61856\" target=\"_blank\" rel=\"noopener\">HomeStars<\/a> <\/li>\n<\/ul>\n<p><strong>Negatiivne:<\/strong><\/p>\n<ul>\n<li> <em>\"Williams Moving and Storage peaks end h\u00e4benema. Nad ilmuvad kohale juhut\u00f6\u00f6listega, kes ei hooli v\u00e4hem teie meelerahust ja ei tunne, et nad t\u00f6\u00f6taksid.\"<\/em> - Julie B. kaudu <a href=\"http:\/\/www.bbb.org\/calgary\/business-reviews\/movers\/williams-moving-and-storage-lethbridge-in-lethbridge-ab-36707\/customer-reviews\" target=\"_blank\" rel=\"noopener\">BBB<\/a><\/li>\n<\/ul>\n<div itemprop=\"review\" itemscope itemtype=\"http:\/\/schema.org\/Review\">\n<span itemprop=\"author\" itemscope=\"\" itemtype=\"http:\/\/schema.org\/Organization\"><span itemprop=\"name\">MoverDB.com<\/span><\/span> Veebilehe \u00fclevaatus veebisaidi jaoks <span itemprop=\"itemreviewed\" itemscope=\"\" itemtype=\"http:\/\/schema.org\/Brand\"><span itemprop=\"name\">Williams kolimine ja ladustamine<\/span><\/span>:<\/p>\n<ol>\n<li> Selged kontaktandmed veebisaidil (sh telefoninumber): <strong>Jah<\/strong><\/li>\n<li> Lihtne saada <a href=\"https:\/\/moverdb.com\/et\/tsitaadid\/\">rahvusvahelised liikuvad hinnapakkumised<\/a>? (veebip\u00f5hine hinnangu taotluse vorm): <strong>Jah<\/strong><\/li>\n<li> Selge teave veebilehel: <strong>Ei<\/strong>, Veebileht r\u00e4\u00e4gib v\u00e4ga v\u00e4he ettev\u00f5tte v\u00f5i pakutavate teenuste kohta.<\/li>\n<li> Liikmelisus rahvusvahelistes tunnustatud liikumisorganisatsioonides: <strong>Jah<\/strong>, palju, vt eespool<\/li>\n<li> Klientide ja\/v\u00f5i varasemate klientide soovitused: <strong>Ei,<\/strong> ja arvustused veebis on \u00fcsna erinevad.<\/li>\n<\/ol>\n<div itemprop=\"reviewRating\" itemscope itemtype=\"http:\/\/schema.org\/Rating\"><meta itemprop=\"worstRating\" content = \"0\" \/><meta itemprop=\"bestRating\" content=\"5\" \/><meta itemprop=\"ratingValue\" content=\"3\"><\/div>\n<p><strong>\u00dcldine hinne: 3\/5<\/strong><br \/>\n<strong>L\u00e4bivaatamise kuup\u00e4ev:<\/strong> <span itemprop=\"datePublished\" content=\"2016-10-26\">21\/08\/2016<\/span>\n<\/div>\n<p>Loe l\u00e4hemalt <a href=\"https:\/\/moverdb.com\/et\/kolimisfirmad\/\">Parimad kolimisfirmad<\/a>, <a href=\"https:\/\/moverdb.com\/et\/us-canada-movers\/\">Kanada liikuvad ettev\u00f5tted<\/a> ja meie <a href=\"https:\/\/moverdb.com\/et\/arvustused\/\">l\u00e4bivaatamisprotsess<\/a>.<\/p>\n<p><strong>Veebileht:<\/strong> <a href=\"http:\/\/williamsmovingltd.com\/\" target=\"_blank\" rel=\"noopener\">http:\/\/williamsmovingltd.com\/<\/a><\/p>","protected":false},"excerpt":{"rendered":"<p>Williams Moving &#038; Storage Ltd is located in Lethbridge, Canada. The company offers its customers a range of moving services which are listed below, together with a company profile and reviews. International Moves Move by rail, ship or air Assigned move manager Door-to-door service worldwide Packing &#8211; full service, fragile items or self-pack Packing supplies [&hellip;]<\/p>\n","protected":false},"author":1,"featured_media":0,"parent":0,"menu_order":0,"comment_status":"closed","ping_status":"closed","template":"","meta":{"_genesis_hide_title":false,"_genesis_hide_breadcrumbs":false,"_genesis_hide_singular_image":false,"_genesis_hide_footer_widgets":false,"_genesis_custom_body_class":"","_genesis_custom_post_class":"","_genesis_layout":"","footnotes":""},"class_list":{"0":"post-1039","1":"page","2":"type-page","3":"status-publish","5":"entry"},"_links":{"self":[{"href":"https:\/\/moverdb.com\/et\/wp-json\/wp\/v2\/pages\/1039","targetHints":{"allow":["GET"]}}],"collection":[{"href":"https:\/\/moverdb.com\/et\/wp-json\/wp\/v2\/pages"}],"about":[{"href":"https:\/\/moverdb.com\/et\/wp-json\/wp\/v2\/types\/page"}],"author":[{"embeddable":true,"href":"https:\/\/moverdb.com\/et\/wp-json\/wp\/v2\/users\/1"}],"replies":[{"embeddable":true,"href":"https:\/\/moverdb.com\/et\/wp-json\/wp\/v2\/comments?post=1039"}],"version-history":[{"count":4,"href":"https:\/\/moverdb.com\/et\/wp-json\/wp\/v2\/pages\/1039\/revisions"}],"predecessor-version":[{"id":6252,"href":"https:\/\/moverdb.com\/et\/wp-json\/wp\/v2\/pages\/1039\/revisions\/6252"}],"wp:attachment":[{"href":"https:\/\/moverdb.com\/et\/wp-json\/wp\/v2\/media?parent=1039"}],"curies":[{"name":"wp","href":"https:\/\/api.w.org\/{rel}","templated":true}]}}