{"id":1037,"date":"2016-11-21T06:45:07","date_gmt":"2016-11-21T06:45:07","guid":{"rendered":"http:\/\/moverdb.com\/?page_id=1037"},"modified":"2026-01-08T14:47:47","modified_gmt":"2026-01-08T14:47:47","slug":"bergeriga-seotud","status":"publish","type":"page","link":"https:\/\/moverdb.com\/et\/berger-allied\/","title":{"rendered":"Berger Allied (Transfer &amp; Storage): Allied Allied Allied: International Moving Reviews"},"content":{"rendered":"<p>Berger Allied (ametlikult Berger Transfer &amp; Storage) asub St. Paulis, MN. See pakub oma klientidele mitmesuguseid kolimisteenuseid, mis on loetletud allpool koos ettev\u00f5tte profiili ja \u00fclevaatega.<\/p>\n<p><strong>Rahvusvaheline kolimine<\/strong><\/p>\n<ul>\n<li> Liikumise ettevalmistamine<\/li>\n<li> Konsultatsioon ja uuring<\/li>\n<li> Dokumentatsioon<\/li>\n<li> Ohutusega seotud kaalutlused<\/li>\n<li> Pakkimine ja laadimine<\/li>\n<li> Live laadib teie esemed otse laevakonteinerisse<\/li>\n<li> Tollivormistus<\/li>\n<li> Kohaletoimetamine ja lahtipakkimine<\/li>\n<\/ul>\n<p><strong>Elamu kolimine<\/strong><\/p>\n<ul>\n<li> Liikumise planeerimine<\/li>\n<li> Kaugliinide kolimine<\/li>\n<li> T\u00e4isteenuse pakkimine<\/li>\n<li> Isepakendav<\/li>\n<li> <a href=\"https:\/\/moverdb.com\/et\/autoveo-laevandus\/\">S\u00f5iduk<\/a>, paatide ja mootorrataste vedu<\/li>\n<li> Kokkupanek\/ lahtiv\u00f5tmine<\/li>\n<li> Seadmete taas\u00fchendamine\/v\u00e4ljal\u00fclitamine<\/li>\n<li> V\u00e4ljapakkimine ja prahi eemaldamine<\/li>\n<li> Online saadetise j\u00e4lgimine<\/li>\n<li> Vanemate kolimisteenused<\/li>\n<\/ul>\n<p><strong>Ettev\u00f5tte \u00fcmberpaigutamise teenused<\/strong><\/p>\n<ul>\n<li> \u00dcmberpaigutamise konsultandid<\/li>\n<li> \u00fcmberpaigutamisprogramm, mis sobib teie ettev\u00f5tte unikaalse kultuuri, poliitika ja eelarve-eesm\u00e4rkidega.<\/li>\n<li> Spetsiaalsed kolimiskoordinaatorid <\/li>\n<\/ul>\n<p><strong>Kommertskolimisteenused<\/strong><\/p>\n<ul>\n<li> Kontori kolimine<\/li>\n<li> Salvestusruumid<\/li>\n<li> Ladustamine<\/li>\n<li> Spetsialiseeritud transport<\/li>\n<li> Varade haldamine<\/li>\n<li> CAD ruumide planeerimine<\/li>\n<li> Projektijuhtimine kohapeal<\/li>\n<\/ul>\n<h2>Berger Allied Ettev\u00f5tte profiil<\/h2>\n<p>Berger Transfer and Storage on tegutsenud alates 1910. aastast. Nad t\u00f6\u00f6tavad eraisikute, ettev\u00f5tete ja valitsusasutustega. Nad usuvad, et nende suurimaks tugevuseks on keskendumine kvaliteetsele klienditeenindusele.<\/p>\n<p>Neil on \u00fcle 600 kaubiku ja veoauto ning nad koordineerivad aastas umbes 24 000 perekonna kolimist. Samuti aitavad nad koguda raha United Way, Junior Achievements, Boy Scouts ja Girl Scouts of America, March of Dimes, Special Olympics ja Move For Hunger jaoks.<\/p>\n<p>Berger Transfer and Storage'il on j\u00e4rgmised akrediteeringud ja sidemed:<\/p>\n<ul>\n<li> <a href=\"https:\/\/moverdb.com\/et\/amsa\/\">AMSA<\/a><\/li>\n<li> AHFA<\/li>\n<li> <a href=\"https:\/\/moverdb.com\/et\/olen\/\">IAM<\/a><\/li>\n<li> ATA<\/li>\n<li> <a href=\"https:\/\/moverdb.com\/et\/rim-promover\/\">Promover<\/a><\/li>\n<li> <a href=\"https:\/\/moverdb.com\/et\/tootajate-umberpaigutamise-noukogu\/\">\u00dclemaailmne ERC<\/a><\/li>\n<li> PSA<\/li>\n<li> Move for Hunger<\/li>\n<li> BBB akrediteeritud ettev\u00f5te<\/li>\n<\/ul>\n<h2>Berger Allied (Transfeer ja ladustamine) Arvamused<\/h2>\n<p><strong>Positiivne:<\/strong><\/p>\n<ul>\n<li> <em>\"Meie kolimiskogemus Berger Alliediga oli nii hea kui v\u00f5imalik!\"<\/em> - Paul M kaudu <a href=\"https:\/\/www.yelp.com\/biz\/berger-allied-van-lines-austin?hrid=r3MbhX4j_6c1VOPPSbKe_g&#038;utm_campaign=www_review_share_popup&#038;utm_medium=copy_link&#038;utm_source=(direct)\" target=\"_blank\" rel=\"noopener\">Yelp<\/a> <\/li>\n<li> <em>\"Bergeri meeskond Las Vegases on lihtsalt h\u00e4mmastav. Nad ei ole mitte ainult p\u00e4devad ja meeldivad, vaid nende klienditeenindus on t\u00f5en\u00e4oliselt parim, millega ma olen kunagi kokku puutunud.\"<\/em> - Viki kaudu <a href=\"https:\/\/www.facebook.com\/pg\/bergermoving\/reviews\/\" target=\"_blank\" rel=\"noopener\">Facebook<\/a><\/li>\n<li> <em>\"Nad tulid \u00f5igeaegselt kohale. Pakkusid kogu m\u00f6\u00f6bli sisse ja v\u00f5tsid lisaaega, et veenduda, et k\u00f5ik on tehtud \u00f5igesti. Nad v\u00f5tsid aega, et veenduda, et \u00fckski sein ei ole kahjustatud.\"<\/em> - Daniel kaudu <a href=\"http:\/\/www.movingcompanyreviews.com\/MN\/St-Paul\/berger-transfer-storage-60973\" target=\"_blank\" rel=\"noopener\">MovingCompanyReviews.com<\/a><\/li>\n<\/ul>\n<p><strong>Negatiivne:<\/strong><\/p>\n<ul>\n<li> <em>\"Soovitusel palkasin Bergeri kolimiseks alates <a href=\"https:\/\/moverdb.com\/et\/moving-to-the-united-states\/moving-to-minnesota\/\" data-internallinksmanager029f6b8e52c=\"443\" title=\"Minnesotasse kolimine? 2023 elamiskulud ja kolimisn\u00f5uanded\">Minnesota<\/a> aadressile <a href=\"https:\/\/moverdb.com\/et\/moving-to-the-united-states\/moving-to-california\/\" data-internallinksmanager029f6b8e52c=\"330\" title=\"Elamiskulud ja kolimisn\u00f5uanded 2023 California?\">California<\/a>. Olin otsinud teisi ettev\u00f5tteid ja hinnanguid, kahjuks valisin Bergeri hinnangu koostanud isiku p\u00f5hjal.\"<\/em> - Via <a href=\"https:\/\/www.bbb.org\/minnesota\/business-reviews\/movers\/berger-transfer-storage-inc-in-saint-paul-mn-103\/reviews-and-complaints\" target=\"_blank\" rel=\"noopener\">BBB wesbite<\/a><\/li>\n<li> <em>\"K\u00f5ige halvem klienditeenindus. P\u00e4rast kuus kuud valesti arveldamist ja lugematuid e-kirju ja telefonik\u00f5nesid, et p\u00fc\u00fcda lahendada, \u00f6eldi mulle, et minu esemed pannakse oksjonile.\"<\/em> - Kyle vi <a href=\"https:\/\/www.facebook.com\/pg\/bergermoving\/reviews\/\" target=\"_blank\" rel=\"noopener\">Facebook<\/a><\/li>\n<\/li>\n<li> <em>\"Berger Allied Van Lines tegi halvimat pakkimis-, kolimis- ja ladustamist\u00f6\u00f6d. <a href=\"https:\/\/moverdb.com\/et\/moving-to-the-united-states\/\" data-internallinksmanager029f6b8e52c=\"94\" title=\"Kolimine Ameerika \u00dchendriikidesse? 2022 Elamiskulud ja kolimisn\u00f5uanded\">us<\/a>.\"<\/em> - Letty kaudu <a href=\"https:\/\/www.yelp.com\/biz\/berger-allied-van-lines-austin?hrid=AMtotqlDmWIUelyZT7YKAw&#038;utm_campaign=www_review_share_popup&#038;utm_medium=copy_link&#038;utm_source=(direct)\" target=\"_blank\" rel=\"noopener\">Yelp<\/a><\/li>\n<\/ul>\n<div itemprop=\"review\" itemscope itemtype=\"http:\/\/schema.org\/Review\">\n<span itemprop=\"author\" itemscope=\"\" itemtype=\"http:\/\/schema.org\/Organization\"><span itemprop=\"name\">MoverDB.com<\/span><\/span> Veebilehe \u00fclevaatus veebisaidi jaoks <span itemprop=\"itemreviewed\" itemscope=\"\" itemtype=\"http:\/\/schema.org\/Brand\"><span itemprop=\"name\">Berger Allied<\/span><\/span>:<\/p>\n<ol>\n<li> Selged kontaktandmed veebisaidil (sh telefoninumber): <strong>Jah<\/strong><\/li>\n<li> Lihtne saada <a href=\"https:\/\/moverdb.com\/et\/tsitaadid\/\">rahvusvahelised liikuvad hinnapakkumised<\/a>? (veebip\u00f5hine hinnangu taotluse vorm): <strong>Jah<\/strong><\/li>\n<li> Selge teave veebilehel: <strong>Osaline<\/strong>, seal on hea kogus \u00fcldist liikumisalast teavet, kuid mitte midagi liiga spetsiifilist.<\/li>\n<li> Liikmelisus rahvusvahelistes tunnustatud liikumisorganisatsioonides: <strong>Jah<\/strong>, palju, vt eespool<\/li>\n<li> Klientide ja\/v\u00f5i varasemate klientide soovitused: <strong>Ei<\/strong>, kodulehel ei ole \u00fchtegi iseloomustust, mida me leidsime, ja arvustused kogu veebist on natuke segased. <\/li>\n<\/ol>\n<div itemprop=\"reviewRating\" itemscope itemtype=\"http:\/\/schema.org\/Rating\"><meta itemprop=\"worstRating\" content = \"0\" \/><meta itemprop=\"bestRating\" content=\"5\" \/><meta itemprop=\"ratingValue\" content=\"3.5\"><\/div>\n<p><strong>\u00dcldine hinne: 3.5\/5<\/strong><br \/>\n<strong>L\u00e4bivaatamise kuup\u00e4ev:<\/strong> <span itemprop=\"datePublished\" content=\"2016-11-21\">21\/11\/2016<\/span>\n<\/div>\n<p>Loe l\u00e4hemalt <a href=\"https:\/\/moverdb.com\/et\/kolimisfirmad\/\">rahvusvahelised kolimisfirmad<\/a>, <a href=\"https:\/\/moverdb.com\/et\/us-canada-movers\/\">USA kolijad<\/a> ja meie <a href=\"https:\/\/moverdb.com\/et\/arvustused\/\">l\u00e4bivaatamisprotsess<\/a>.<\/p>\n<p><strong>Veebileht:<\/strong> <a href=\"https:\/\/www.bergerallied.com\" target=\"_blank\" rel=\"noopener\">https:\/\/www.bergerallied.com<\/a><\/p>","protected":false},"excerpt":{"rendered":"<p>Berger Allied (officially Berger Transfer &#038; Storage) is based in St. Paul, MN. It offers its customers a range of moving services which are listed below, together with a company profile and reviews. International Moving Move Preparation Consultation and Survey Documentation Safety Considerations Packing and Loading Live loads your items directly into a shipping container [&hellip;]<\/p>\n","protected":false},"author":1,"featured_media":0,"parent":0,"menu_order":0,"comment_status":"closed","ping_status":"closed","template":"","meta":{"_genesis_hide_title":false,"_genesis_hide_breadcrumbs":false,"_genesis_hide_singular_image":false,"_genesis_hide_footer_widgets":false,"_genesis_custom_body_class":"","_genesis_custom_post_class":"","_genesis_layout":"","footnotes":""},"class_list":{"0":"post-1037","1":"page","2":"type-page","3":"status-publish","5":"entry"},"_links":{"self":[{"href":"https:\/\/moverdb.com\/et\/wp-json\/wp\/v2\/pages\/1037","targetHints":{"allow":["GET"]}}],"collection":[{"href":"https:\/\/moverdb.com\/et\/wp-json\/wp\/v2\/pages"}],"about":[{"href":"https:\/\/moverdb.com\/et\/wp-json\/wp\/v2\/types\/page"}],"author":[{"embeddable":true,"href":"https:\/\/moverdb.com\/et\/wp-json\/wp\/v2\/users\/1"}],"replies":[{"embeddable":true,"href":"https:\/\/moverdb.com\/et\/wp-json\/wp\/v2\/comments?post=1037"}],"version-history":[{"count":6,"href":"https:\/\/moverdb.com\/et\/wp-json\/wp\/v2\/pages\/1037\/revisions"}],"predecessor-version":[{"id":6183,"href":"https:\/\/moverdb.com\/et\/wp-json\/wp\/v2\/pages\/1037\/revisions\/6183"}],"wp:attachment":[{"href":"https:\/\/moverdb.com\/et\/wp-json\/wp\/v2\/media?parent=1037"}],"curies":[{"name":"wp","href":"https:\/\/api.w.org\/{rel}","templated":true}]}}