{"id":1036,"date":"2016-11-05T16:39:46","date_gmt":"2016-11-05T16:39:46","guid":{"rendered":"http:\/\/moverdb.com\/?page_id=1036"},"modified":"2026-01-08T14:47:46","modified_gmt":"2026-01-08T14:47:46","slug":"beltmann-relokatsioon","status":"publish","type":"page","link":"https:\/\/moverdb.com\/et\/beltmann-relocation\/","title":{"rendered":"Beltmann Relocation Group: Beltmann Beltmann Moving: International Moving Reviews"},"content":{"rendered":"<p>Beltmann Relocation Group pakub oma klientidele erinevaid kolimisteenuseid nii rahvusvaheliselt kui ka kohalikul tasandil. Need teenused on loetletud allpool koos ettev\u00f5tte profiili ja \u00fclevaatega.<\/p>\n<p><strong>Rahvusvahelised liikumised<\/strong><\/p>\n<ul>\n<li> Rahvusvahelised ettev\u00f5tete kolimised<\/li>\n<li> Individuaalsed liigutused<\/li>\n<li> \u00dchinenud Rahvaste Organisatsioon<\/li>\n<li> Abi ja juhendamine tolli ja sisser\u00e4nde k\u00fcsimustes<\/li>\n<li> Abi lemmiklooma \u00fcmberpaigutamisel<\/li>\n<li> Ukselt-uksele<\/li>\n<li> Move manager eraldatud<\/li>\n<li> T\u00e4ielik teenus on saadaval<\/li>\n<li> Korraldatud kindlustus<\/li>\n<\/ul>\n<p><strong>Kontori- ja t\u00f6\u00f6stusk\u00e4igud<\/strong><\/p>\n<ul>\n<li> Kohaliku ja pikamaa kontori \u00fcmberpaigutamine<\/li>\n<li> Osakondadevaheline liikumine<\/li>\n<li> Arvuti ja elektroonika liikumine<\/li>\n<li> Ruumide planeerimine ja projekteerimine<\/li>\n<li> kolimiseelsed planeerimiskoosolekud<\/li>\n<li> Kohapealne j\u00e4relevalve<\/li>\n<li> Kolimisj\u00e4rgsed teenused<\/li>\n<li> T\u00f6\u00f6stuslik kolimisabi<\/li>\n<li> K\u00f5rge turvalisusega liikuv<\/li>\n<li> Tundliku teabe liikumine<\/li>\n<li> Korraldatud kindlustus<\/li>\n<\/ul>\n<p><strong>Ettev\u00f5tte \u00fcmberpaigutamine<\/strong><\/p>\n<ul>\n<li> Juhtkonna \u00fcmberpaigutamisteenused tipptaseme juhtidele<\/li>\n<li> Move manager <\/li>\n<li> Ukselt-uksele<\/li>\n<li> Pakkimine ja lahtipakkimine<\/li>\n<li> Saadetise j\u00e4lgimine<\/li>\n<li> Korraldatud kindlustus<\/li>\n<\/ul>\n<p><strong>Kodumajapidamiste kolimised<\/strong><\/p>\n<ul>\n<li> Kohalikud kolimised<\/li>\n<li> Kaugliinide \u00fcmberpaigutamine<\/li>\n<li> Ukselt-uksele<\/li>\n<li> Pakkimine ja lahtipakkimine<\/li>\n<li> Korraldatud kindlustus<\/li>\n<\/ul>\n<p><strong>Ladustamine<\/strong><\/p>\n<ul>\n<li> Pika- v\u00f5i l\u00fchiajaline<\/li>\n<li> Soojendatud ladu <\/li>\n<li> Hoiustatakse suletud hoidlas<\/li>\n<li> CCTV<\/li>\n<li> Tule- ja kahjurit\u00f5rje<\/li>\n<\/ul>\n<h2>Beltmann Relocation Ettev\u00f5tte profiil<\/h2>\n<p>Beltmann Groupi asutas perekond Battina 1955. aastal ning see on endiselt perefirma. See on \u00fcks suurimaid ja vanimaid agente, kes esindab <a href=\"https:\/\/moverdb.com\/et\/north-american-van-lines\/\">North American Van Lines<\/a> ja selle peakorter asub <a href=\"https:\/\/moverdb.com\/et\/kolimine-new-yorki\/\">Minneapolis<\/a>. <\/p>\n<p>Beltmann Groupil on \u00fcle 700 erineva kirjeldusega transpordivahendi ja 14 filiaali.<\/p>\n<p>Beltmanni lubadus on \"Ole klient\". Iga t\u00f6\u00f6tajat julgustatakse asetuma kliendi olukorda ja kohtlema teda nii, nagu ta ise sooviks, et teda koheldaks. Ettev\u00f5te on uhke Habitat for Humanity toetaja.<\/p>\n<p>Beltmann Relocationil on j\u00e4rgmised sidemed ja akrediteeringud:<\/p>\n<ul>\n<li> <a href=\"https:\/\/moverdb.com\/et\/rim-promover\/\">Registreeritud rahvusvaheline kolija<\/a> (<a href=\"https:\/\/moverdb.com\/et\/rim-promover\/\" data-internallinksmanager029f6b8e52c=\"76\" title=\"RIM International ProMoveri sertifitseerimise selgitused\">RIM<\/a>)<\/li>\n<li> <a href=\"https:\/\/moverdb.com\/et\/rim-promover\/\">ProMover<\/a><\/li>\n<li> <a href=\"https:\/\/moverdb.com\/et\/amsa\/\">Ameerika kolimis- ja ladustamis\u00fching<\/a> (<a href=\"https:\/\/moverdb.com\/et\/amsa\/\" data-internallinksmanager029f6b8e52c=\"5\" title=\"Ameerika Kolimis- ja Ladustamisseltsi (AMSA) selgitused\">AMSA<\/a>)<\/li>\n<li> P\u00f5hja-Ameerika kvaliteediauhinna v\u00f5itja<\/li>\n<li> Better Business Bureau akrediteeritud (BBB)<\/li>\n<\/ul>\n<p><strong>Beltmanni \u00fcmberpaigutamine Arvamused<\/strong><\/p>\n<p><strong>Positiivne:<\/strong><\/p>\n<ul>\n<li> <em>\"Meie kolimisega l\u00e4ks k\u00f5ik suurep\u00e4raselt. Autojuht ja meeskond m\u00f5lemal pool t\u00f6\u00f6tas h\u00e4sti.\"<\/em> - Craig Beltmanni soovituste lehe kaudu<\/li>\n<li> <em>\"Oleme aastate jooksul mitu korda \u00fcmber kolinud ja pean \u00fctlema, et Beltman oli kaugelt parim. Hoolsus, millega nad meie asjade pakkimise ja laadimise ning kohaletoimetamise juures tegutsesid, oli t\u00e4helepanuv\u00e4\u00e4rne.\"<\/em> - Abby kaudu <a href=\"https:\/\/www.facebook.com\/pg\/BeltmannRelocation\/reviews\/\" target=\"_blank\" rel=\"noopener\">Facebook<\/a><\/li>\n<\/ul>\n<p><strong>Negatiivne:<\/strong><\/p>\n<ul>\n<li> <em>\"Me ei ole isegi 1\/3 ulatuses lahtipakkimist l\u00f5petanud ja meil on juba v\u00e4hemalt 15 asja pikk nimekiri, mis on kahjustatud v\u00f5i katki. M\u00f5ne kasti on asjad lihtsalt sisse visatud, ei ole pakitud ega kinnitatud.\"<\/em> Amy kaudu <a href=\"https:\/\/www.facebook.com\/pg\/BeltmannRelocation\/reviews\/\" target=\"_blank\" rel=\"noopener\">Facebook<\/a><\/li>\n<li> <em>\"Tee endale teene. \u00c4rge kasutage seda ettev\u00f5tet. Kustutage nende number, blokeerige neile helistamine. Tsitaadi osa (teate, kus nad \u00fcritavad teie \u00e4ri v\u00f5ita) oli suurep\u00e4rane. Kauba k\u00e4ttesaamine- p\u00f6idlad \u00fcles. kraami kohaletoimetamine- suur p\u00f6idlad alla.\"<\/em> - Kim kaudu <a href=\"https:\/\/www.yelp.com\/biz\/beltmann-relocation-group-glendale-heights?hrid=tJAoAv--s6WetooAeYOQew&#038;utm_campaign=www_review_share_popup&#038;utm_medium=copy_link&#038;utm_source=(direct)\" target=\"_blank\" rel=\"noopener\">Yelp<\/a><\/li>\n<\/ul>\n<div itemprop=\"review\" itemscope itemtype=\"http:\/\/schema.org\/Review\">\n<span itemprop=\"author\" itemscope=\"\" itemtype=\"http:\/\/schema.org\/Organization\"><span itemprop=\"name\">MoverDB.com<\/span><\/span> Veebilehe \u00fclevaatus veebisaidi jaoks <span itemprop=\"itemreviewed\" itemscope=\"\" itemtype=\"http:\/\/schema.org\/Brand\"><span itemprop=\"name\">Beltmann Relocation Group<\/span><\/span>:<\/p>\n<ol>\n<li> Selged kontaktandmed veebisaidil (sh telefoninumber): <strong>Jah<\/strong><\/li>\n<li> Lihtne saada <a href=\"https:\/\/moverdb.com\/et\/tsitaadid\/\">rahvusvahelised liikuvad hinnapakkumised<\/a>? (veebip\u00f5hine hinnangu taotluse vorm): <strong>Jah<\/strong><\/li>\n<li> Selge teave veebilehel: <strong>Jah<\/strong>, Veebisaidil on kasulikud vahendid kolimiste jaoks, sealhulgas KKK-d ja n\u00f5uanded.<\/li>\n<li> Liikmelisus rahvusvahelistes tunnustatud liikumisorganisatsioonides: <strong>Jah<\/strong>, palju, vt eespool<\/li>\n<li> Klientide ja\/v\u00f5i varasemate klientide soovitused: <strong>Jah,<\/strong> seal on positiivseid iseloomustusi veebilehel, kuid \u00fclevaateid kogu veebist a re natuke rohkem segatud.<\/li>\n<\/ol>\n<div itemprop=\"reviewRating\" itemscope itemtype=\"http:\/\/schema.org\/Rating\"><meta itemprop=\"worstRating\" content = \"0\" \/><meta itemprop=\"bestRating\" content=\"5\" \/><meta itemprop=\"ratingValue\" content=\"4.5\"><\/div>\n<p><strong>\u00dcldine hinne: 4.5\/5<\/strong><br \/>\n<strong>L\u00e4bivaatamise kuup\u00e4ev:<\/strong> <span itemprop=\"datePublished\" content=\"2016-11-05\">05\/11\/2016<\/span>\n<\/div>\n<p>Loe l\u00e4hemalt <a href=\"https:\/\/moverdb.com\/et\/kolimisfirmad\/\">rahvusvahelised kolijad<\/a>, <a href=\"https:\/\/moverdb.com\/et\/us-canada-movers\/\">USA kodumaised kolijad<\/a> ja meie <a href=\"https:\/\/moverdb.com\/et\/arvustused\/\">l\u00e4bivaatamisprotsess<\/a>.<\/p>\n<p><strong>Veebileht:<\/strong> <a href=\"http:\/\/www.beltmann.com\/\" target=\"_blank\" rel=\"noopener\">http:\/\/www.beltmann.com\/<\/a><\/p>","protected":false},"excerpt":{"rendered":"<p>The Beltmann Relocation Group offers its customers a variety of moving services internationally and locally. These services are listed below together with a company profile and reviews. International Moves International corporate moves Individual moves United Nations Assistance and guidance with customs and immigration Assistance with pet relocation Door-to-door Move manager allocated Full service available Insurance [&hellip;]<\/p>\n","protected":false},"author":1,"featured_media":0,"parent":0,"menu_order":0,"comment_status":"closed","ping_status":"closed","template":"","meta":{"_genesis_hide_title":false,"_genesis_hide_breadcrumbs":false,"_genesis_hide_singular_image":false,"_genesis_hide_footer_widgets":false,"_genesis_custom_body_class":"","_genesis_custom_post_class":"","_genesis_layout":"","footnotes":""},"class_list":{"0":"post-1036","1":"page","2":"type-page","3":"status-publish","5":"entry"},"_links":{"self":[{"href":"https:\/\/moverdb.com\/et\/wp-json\/wp\/v2\/pages\/1036","targetHints":{"allow":["GET"]}}],"collection":[{"href":"https:\/\/moverdb.com\/et\/wp-json\/wp\/v2\/pages"}],"about":[{"href":"https:\/\/moverdb.com\/et\/wp-json\/wp\/v2\/types\/page"}],"author":[{"embeddable":true,"href":"https:\/\/moverdb.com\/et\/wp-json\/wp\/v2\/users\/1"}],"replies":[{"embeddable":true,"href":"https:\/\/moverdb.com\/et\/wp-json\/wp\/v2\/comments?post=1036"}],"version-history":[{"count":6,"href":"https:\/\/moverdb.com\/et\/wp-json\/wp\/v2\/pages\/1036\/revisions"}],"predecessor-version":[{"id":6182,"href":"https:\/\/moverdb.com\/et\/wp-json\/wp\/v2\/pages\/1036\/revisions\/6182"}],"wp:attachment":[{"href":"https:\/\/moverdb.com\/et\/wp-json\/wp\/v2\/media?parent=1036"}],"curies":[{"name":"wp","href":"https:\/\/api.w.org\/{rel}","templated":true}]}}