{"id":1034,"date":"2017-01-10T06:29:27","date_gmt":"2017-01-10T06:29:27","guid":{"rendered":"http:\/\/moverdb.com\/?page_id=1034"},"modified":"2026-01-08T13:18:31","modified_gmt":"2026-01-08T13:18:31","slug":"hilldrup-moving-storage","status":"publish","type":"page","link":"https:\/\/moverdb.com\/et\/hilldrup-moving-storage\/","title":{"rendered":"Hilldrup Moving &amp; Storage: Hilldrup Hillrup Hillrup: International Moving: International Moving Reviews"},"content":{"rendered":"<p>Hilldrup Moving and Storage asub Stafford VA-s. Ettev\u00f5te pakub oma klientidele erinevaid teenuseid, mis on loetletud allpool koos ettev\u00f5tte profiili ja \u00fclevaatega.<\/p>\n<p><strong>Rahvusvahelised kolimisteenused<\/strong><\/p>\n<p>\u00dcmberpaigutamise abi<\/p>\n<ul>\n<li> Personalialane n\u00f5ustamine ja strateegiline planeerimine<\/li>\n<li> Turundusabi<\/li>\n<li> Kodum\u00fc\u00fcgi programm<\/li>\n<li> Kulude haldamine<\/li>\n<li> Ajutine elukorraldus<\/li>\n<li> Rahvusvahelised l\u00e4hetusteenused<\/li>\n<li> Sihtkoha ja sisseelamise teenused<\/li>\n<li> Liikumise juhtimise programmid<\/li>\n<li> T\u00f6\u00f6tasu, maksude ja palgaarvestusega seotud kaalutlused<\/li>\n<li> Kohandatud aruandlus<\/li>\n<li> Kindlasummaline haldamine<\/li>\n<\/ul>\n<p>Liikumise juhtimine<\/p>\n<ul>\n<li> Spetsiaalne rahvusvaheline kolimisn\u00f5ustaja<\/li>\n<li> Kogu sisemaa- ja mere-\/\u00f5hutranspordi haldamine.<\/li>\n<li> Abi passi, viisade ja tolliga seotud k\u00fcsimustes<\/li>\n<\/ul>\n<p>Ladustamisv\u00f5imalused<\/p>\n<ul>\n<li> Pikaajaline ja l\u00fchiajaline ladustamine<\/li>\n<li> Piiramatu juurdep\u00e4\u00e4s ladudele \u00fcle kogu maailma<\/li>\n<li> 24\/7 turvalisus<\/li>\n<li> Sprinklerid ja tulekustutuss\u00fcsteemid<\/li>\n<li> DOD sertifitseeritud<\/li>\n<li> 200,000 ruutmeetrit kliimakontrollitud laoruumi saadaval<\/li>\n<li> Autod, paadid ja matkaautod<\/li>\n<li> Pikaajaliselt ladustatud s\u00f5idukite hooldus.<\/li>\n<\/ul>\n<p><strong>Ettev\u00f5tete kolimine - rahvusvaheline ja kohalik<\/strong><\/p>\n<p>V\u00e4ljumine Teenused<\/p>\n<ul>\n<li> Koduturunduse abi<\/li>\n<li> Kinnisvara haldamine<\/li>\n<li> Kodutarvete saatmine<\/li>\n<li> Reisiabi<\/li>\n<\/ul>\n<p>Sihtkoha teenused<\/p>\n<ul>\n<li> Sihtkoha orienteerumine<\/li>\n<li> Kodu leidmise abi<\/li>\n<li> H\u00fcpoteegiabi<\/li>\n<li> Ajutine majutus<\/li>\n<li> \u00dc\u00fcriabi<\/li>\n<li> Perekonna \u00fcleminekuabi<\/li>\n<\/ul>\n<p>\u00dclemaailmne \u00fclesanne<\/p>\n<ul>\n<li> Ala orientatsioon<\/li>\n<li> Ajutine elamine<\/li>\n<li> Keelekoolitus<\/li>\n<li> Viisa- ja sisser\u00e4ndeteenused<\/li>\n<li> \u00dc\u00fcrilepingu haldamine<\/li>\n<li> Kuluprognoosid<\/li>\n<li> Kodu leidmine<\/li>\n<li> Teenuste sisseseadmine<\/li>\n<li> Kultuuridevaheline koolitus<\/li>\n<li> Kooli ja hariduse otsinguabi<\/li>\n<li> Abikaasa\/partneri toetusprogrammid<\/li>\n<\/ul>\n<p><strong>Valitsus ja s\u00f5jav\u00e4gi<\/strong><\/p>\n<ul>\n<li> CHAMP<\/li>\n<li> DOD majapidamiste kolimine<\/li>\n<li> T\u00e4ielik \u00fcmberpaigutamise f\u00f6deraalne tarneplaan<\/li>\n<li> B\u00fcroo \u00fcmberpaigutamise f\u00f6deraalne tarneplaan<\/li>\n<\/ul>\n<p><strong>Elamute kolimisteenused<\/strong><\/p>\n<ul>\n<li> Ukselt-uksele<\/li>\n<li> T\u00e4ielik teenus on saadaval<\/li>\n<li> Pika- ja l\u00fchiajaline ladustamine<\/li>\n<li> Pakkimine ja lahtipakkimine<\/li>\n<li> Korraldatud kindlustus<\/li>\n<li> Autotransport<\/li>\n<\/ul>\n<p><strong>Kommertskolimisteenused<\/strong><\/p>\n<ul>\n<li> \u00dclemaailmne \u00fcmberpaigutamise juhtimine<\/li>\n<li> \u00dcleriigilised kontori \u00fcmberpaigutused<\/li>\n<li> \u00dclikoolilinnaku seaded<\/li>\n<li> Eelarve\/kulude anal\u00fc\u00fcs<\/li>\n<li> Paigaldamine<\/li>\n<li> \u00dcmberkonfigureerimine<\/li>\n<li> Varade haldamine<\/li>\n<li> Ladustamine<\/li>\n<li> IT-\u00fchenduse katkestamine\/tagasi\u00fchendamine<\/li>\n<li> Kohandatud disainivajaduste anal\u00fc\u00fcs IT jaoks<\/li>\n<li> Veebip\u00f5hine likvideerimine<\/li>\n<\/ul>\n<h2>Hilldrup Moving &amp; Storage Ettev\u00f5tte profiil<\/h2>\n<p>H\u00e4rra R. G. Hilldrup alustas 1903. aastal ettev\u00f5tet, mis n\u00fc\u00fcd on Hilldrup Moving and Storage Company. 1940. aastatel m\u00fc\u00fcdi ettev\u00f5te \u00fchele selle t\u00f6\u00f6tajale - hr C. B. McDanielile. 1964. aastal s\u00f5lmis Hilldrup partnerluse <a href=\"https:\/\/moverdb.com\/et\/united-van-lines\/\">United Van Lines<\/a> mis v\u00f5imaldas ettev\u00f5ttel oma teenuseid m\u00e4rkimisv\u00e4\u00e4rselt laiendada. Ettev\u00f5te pakub n\u00fc\u00fcd kohalikke, riiklikke ja rahvusvahelisi kolimisi eraisikutele ja \u00e4riklientidele ning ulatuslikke laoplatse. <\/p>\n<p>Hilldrupit juhivad n\u00fc\u00fcd McDanielid kolmandas p\u00f5lvkonnas ja ettev\u00f5te usub kindlalt perekonna tugevusse. See on eetos, mida nad kannavad edasi oma klientidele. Hilldrupile meeldib anda tagasi ja ta toetab mitmeid heategevusorganisatsioone oma kogukonnas.<\/p>\n<p>Hilldrup Moving and Storage omab j\u00e4rgmisi akrediteeringuid ja sidemeid:<\/p>\n<ul>\n<li> <a href=\"https:\/\/moverdb.com\/et\/amsa\/\">Ameerika kolimis- ja ladustamis\u00fching<\/a> (<a href=\"https:\/\/moverdb.com\/et\/amsa\/\" data-internallinksmanager029f6b8e52c=\"5\" title=\"Ameerika Kolimis- ja Ladustamisseltsi (AMSA) selgitused\">AMSA<\/a>)<\/li>\n<li> <a href=\"https:\/\/moverdb.com\/et\/rim-promover\/\">AMSA registreeritud rahvusvahelise liikleja (RIM) sertifitseerimine<\/a><\/li>\n<li> Ameerika Autovedajate Liit (ATA)<\/li>\n<li> Better Business Bureau k\u00f5igi filiaalide jaoks<\/li>\n<li> Rahvusvaheliste l\u00e4hetuste haldamise keskus (CIAM)<\/li>\n<li> Kodumajapidamiste kaubaveo tsentraliseeritud haldamise programm (CHAMP)<\/li>\n<li> Sertifitseeritud \u00fcmberpaigutamise spetsialist (CRP) nimetused<\/li>\n<li> CoreNet Global<\/li>\n<li> <a href=\"https:\/\/moverdb.com\/et\/tootajate-umberpaigutamise-noukogu\/\">T\u00f6\u00f6tajate \u00fcmberpaigutamise n\u00f5ukogu<\/a> (<a href=\"https:\/\/moverdb.com\/et\/employee-relocation-council\/\" data-internallinksmanager029f6b8e52c=\"83\" title=\"\u00dclemaailmne t\u00f6\u00f6tajate \u00fcmberpaigutamise n\u00f5ukogu (ERC) selgitused\">ERC<\/a>)<\/li>\n<li> F\u00f6deraalne merenduskomisjon<\/li>\n<li> <a href=\"https:\/\/moverdb.com\/et\/fidi-faim\/\">F\u00e9d\u00e9ration Internationale des D\u00e9m\u00e9nageurs Internationaux \/ Rahvusvaheliste kolimisfirmade f\u00f6deratsioon<\/a> (<a href=\"https:\/\/moverdb.com\/et\/fidi-faim\/\" data-internallinksmanager029f6b8e52c=\"16\" title=\"FIDI &amp; FAIM (FIDI akrediteeritud rahvusvaheline kolija) selgitatud\">FIDI<\/a>)<\/li>\n<li> FIDI FAIM\/ISO sertifitseerimine<\/li>\n<li> \u00dclemaailmse liikuvuse spetsialist (GMS) nimetused<\/li>\n<li> <a href=\"https:\/\/moverdb.com\/et\/hgfaa\/\">Kodukaupade ekspediitorite \u00fchendus<\/a> (HHGFA)<\/li>\n<li> <a href=\"https:\/\/moverdb.com\/et\/iata\/\">Rahvusvaheline Lennutranspordi Assotsiatsioon<\/a> (<a href=\"https:\/\/moverdb.com\/et\/iata\/\" data-internallinksmanager029f6b8e52c=\"22\" title=\"Rahvusvahelise Lennutranspordi Assotsiatsiooni (IATA) selgitused\">IATA<\/a>)<\/li>\n<li> <a href=\"https:\/\/moverdb.com\/et\/olen\/\">Rahvusvaheline kolijate assotsiatsioon<\/a> (<a href=\"https:\/\/moverdb.com\/et\/iam\/\" data-internallinksmanager029f6b8e52c=\"23\" title=\"Rahvusvaheline kolijate assotsiatsioon (IAM) Selgitatud\">IAM<\/a>)<\/li>\n<li> Rahvusvaheline rajatiste haldamise assotsiatsioon (IFMA)<\/li>\n<li> ISO 9001:2000 sertifitseerimine<\/li>\n<li> <a href=\"https:\/\/moverdb.com\/et\/lacma\/\">Ladina-Ameerika ja Kariibi mere piirkonna kolijate \u00fchendus<\/a> (<a href=\"https:\/\/moverdb.com\/et\/lacma\/\" data-internallinksmanager029f6b8e52c=\"28\" title=\"Ladina-Ameerika ja Kariibi mere piirkonna rahvusvaheliste kolijate assotsiatsioon (LACMA)\">LACMA<\/a>)<\/li>\n<li> Professional Employee Relocation Council International (PERC International)<\/li>\n<li> <a href=\"https:\/\/moverdb.com\/et\/rim-promover\/\">ProMover<\/a><\/li>\n<li> UniGroup Worldwide sertifitseeritud rahvusvaheline ekspediitor<\/li>\n<li> UniGroup Worldwide UTS Agent Forwarder<\/li>\n<\/ul>\n<h2>Hilldrup kolimine ja ladustamine Arvamused<\/h2>\n<p><strong>Positiivne:<\/strong><\/p>\n<ul>\n<li> <em>\"Nad viisid k\u00f5ik sisse ja tegid suurep\u00e4rast t\u00f6\u00f6d.  Ka tagakontor oli p\u00e4ris imeline, vastasid k\u00fcsimustele ja hoolitsesid selle eest, et me teaksime k\u00f5ike kolimise kohta.\"<\/em> - Michael S. kaudu <a href=\"https:\/\/www.yelp.co.uk\/biz\/hilldrup-moving-and-storage-stafford?hrid=hESxKCc7GvTBdlp-kN4udw&#038;utm_campaign=www_review_share_popup&#038;utm_medium=copy_link&#038;utm_source=(direct)\" target=\"_blank\" rel=\"noopener\">Yelp<\/a>.<\/li>\n<li> <em>\"Me ei oleks v\u00f5inud olla selle ettev\u00f5ttega \u00f5nnelikumad, alates hinnangust kuni l\u00f5pliku tarnimiseni olid nad \u00f5igeaegsed, professionaalsed, viisakad ja v\u00e4ga s\u00f5bralikud.\"<\/em> - The Yarbs kaudu <a href=\"https:\/\/www.bbb.org\/richmond\/business-reviews\/movers\/hilldrup-moving-storage-in-stafford-va-37026248\/reviews-and-complaints\" target=\"_blank\" rel=\"noopener\">BBB<\/a><\/li>\n<\/ul>\n<p><strong>Negatiivne:<\/strong><\/p>\n<ul>\n<li> <em>\"Need poisid on kohutavad. Ma tean, et kui sa v\u00f5tad professionaalse kolija, siis ootad, et m\u00f5ned asjad l\u00e4hevad katki, see on lihtsalt osa protsessist. Probleem on selles, et me leidsime asju, mis olid katki, sest tegid t\u00f5esti rumalaid vigu.\"<\/em> - Nick T. kaudu <a href=\"https:\/\/www.yelp.co.uk\/biz\/hilldrup-moving-and-storage-stafford?hrid=tgu5ZfofrNJ6h_HXaIX9PQ&#038;utm_campaign=www_review_share_popup&#038;utm_medium=copy_link&#038;utm_source=(direct)\" target=\"_blank\" rel=\"noopener\">Yelp<\/a><\/li>\n<li> <em>\"Nii et Hilldrupist tulnud autojuhil puudus igasugune kogemus mahalaadimisel ja ta toob kraami k\u00f5rghoonete juurde. See on v\u00e4ga halb ja nii ebaprofessionaalne.\"<\/em> - Sharad kaudu <a href=\"https:\/\/www.mymovingreviews.com\/movers\/hilldrup-3657\" target=\"_blank\" rel=\"noopener\">MyMoingReviews.com<\/a><\/li>\n<\/ul>\n<div itemprop=\"review\" itemscope itemtype=\"http:\/\/schema.org\/Review\">\n<span itemprop=\"author\" itemscope=\"\" itemtype=\"http:\/\/schema.org\/Organization\"><span itemprop=\"name\">MoverDB.com<\/span><\/span> Veebilehe \u00fclevaatus veebisaidi jaoks <span itemprop=\"itemreviewed\" itemscope=\"\" itemtype=\"http:\/\/schema.org\/Brand\"><span itemprop=\"name\">Hilldrup kolimine ja ladustamine<\/span><\/span>:<\/p>\n<ol>\n<li> Selged kontaktandmed veebisaidil (sh telefoninumber): <strong>Jah<\/strong><\/li>\n<li> Lihtne saada <a href=\"https:\/\/moverdb.com\/et\/tsitaadid\/\">rahvusvahelised liikuvad hinnapakkumised<\/a>? (veebip\u00f5hine hinnangu taotluse vorm): <strong>Jah<\/strong><\/li>\n<li> Selge teave veebilehel: <strong>Jah,<\/strong> Veebileht on h\u00e4sti kujundatud ja kirjeldab selgelt pakutavaid tooteid ja teenuseid.<\/li>\n<li> Liikmelisus rahvusvahelistes tunnustatud liikumisorganisatsioonides: <strong>Jah<\/strong>, palju, vt eespool<\/li>\n<li> Klientide ja\/v\u00f5i varasemate klientide soovitused. <strong>Jah,<\/strong> kuigi nad loetlevad oma auhindu ja sidemeid oma veebilehel, ei leidnud me klientide iseloomustuste nimekirja. Siiski on neil \u00fcldiselt postie hinnanguid kogu veebist.<\/li>\n<\/ol>\n<div itemprop=\"reviewRating\" itemscope itemtype=\"http:\/\/schema.org\/Rating\"><meta itemprop=\"worstRating\" content = \"0\" \/><meta itemprop=\"bestRating\" content=\"5\" \/><meta itemprop=\"ratingValue\" content=\"4.5\"><\/div>\n<p><strong>\u00dcldine hinne: 4.5\/5<\/strong><br \/>\n<strong>L\u00e4bivaatamise kuup\u00e4ev:<\/strong> <span itemprop=\"datePublished\" content=\"2017-01-10\">10\/01\/2017<\/span>\n<\/div>\n<p>Loe l\u00e4hemalt <a href=\"https:\/\/moverdb.com\/et\/kolimisfirmad\/\">rahvusvahelised kolimisfirmad<\/a>, <a href=\"https:\/\/moverdb.com\/et\/us-canada-movers\/\">kodumaised kolimisfirmad<\/a> ja meie <a href=\"https:\/\/moverdb.com\/et\/arvustused\/\">l\u00e4bivaatamisprotsessi selgitamine<\/a>.<\/p>\n<p><strong>Veebileht:<\/strong> <a href=\"https:\/\/www.hilldrup.com\/\" target=\"_blank\" rel=\"noopener\">https:\/\/www.hilldrup.com\/<\/a><\/p>","protected":false},"excerpt":{"rendered":"<p>Hilldrup Moving and Storage is based in Stafford VA. The company offers its client a variety of services which are listed below, together with a company profile and reviews. International Moving Services Relocation Assistance Human Resource Consulting and Strategic Planning Marketing Assistance Home Sales Program Expense Administration Temporary Living Arrangement International Assignment Services Destination and [&hellip;]<\/p>\n","protected":false},"author":1,"featured_media":0,"parent":0,"menu_order":0,"comment_status":"closed","ping_status":"closed","template":"","meta":{"_genesis_hide_title":false,"_genesis_hide_breadcrumbs":false,"_genesis_hide_singular_image":false,"_genesis_hide_footer_widgets":false,"_genesis_custom_body_class":"","_genesis_custom_post_class":"","_genesis_layout":"","footnotes":""},"class_list":{"0":"post-1034","1":"page","2":"type-page","3":"status-publish","5":"entry"},"_links":{"self":[{"href":"https:\/\/moverdb.com\/et\/wp-json\/wp\/v2\/pages\/1034","targetHints":{"allow":["GET"]}}],"collection":[{"href":"https:\/\/moverdb.com\/et\/wp-json\/wp\/v2\/pages"}],"about":[{"href":"https:\/\/moverdb.com\/et\/wp-json\/wp\/v2\/types\/page"}],"author":[{"embeddable":true,"href":"https:\/\/moverdb.com\/et\/wp-json\/wp\/v2\/users\/1"}],"replies":[{"embeddable":true,"href":"https:\/\/moverdb.com\/et\/wp-json\/wp\/v2\/comments?post=1034"}],"version-history":[{"count":3,"href":"https:\/\/moverdb.com\/et\/wp-json\/wp\/v2\/pages\/1034\/revisions"}],"predecessor-version":[{"id":6220,"href":"https:\/\/moverdb.com\/et\/wp-json\/wp\/v2\/pages\/1034\/revisions\/6220"}],"wp:attachment":[{"href":"https:\/\/moverdb.com\/et\/wp-json\/wp\/v2\/media?parent=1034"}],"curies":[{"name":"wp","href":"https:\/\/api.w.org\/{rel}","templated":true}]}}