{"id":10257,"date":"2023-06-22T15:34:17","date_gmt":"2023-06-22T15:34:17","guid":{"rendered":"https:\/\/moverdb.com\/?page_id=10257"},"modified":"2026-01-08T15:29:05","modified_gmt":"2026-01-08T15:29:05","slug":"moving-companies-vietnam","status":"publish","type":"page","link":"https:\/\/moverdb.com\/et\/moving-companies\/moving-companies-vietnam\/","title":{"rendered":"5 parimat rahvusvahelist kolimisfirmat Vietnamis"},"content":{"rendered":"<p>Kas te m\u00f5tlete kolida, sealt v\u00f5i seespoolt <a href=\"https:\/\/moverdb.com\/et\/moving-to-vietnam\/\" data-internallinksmanager029f6b8e52c=\"390\" title=\"Kolimine Vietnami? 2023 elamiskulud ja kolimisn\u00f5uanded\">Vietnam<\/a>? Kuidas saada <a href=\"https:\/\/moverdb.com\/et\/moving-companies\/\" data-internallinksmanager029f6b8e52c=\"79\" title=\"Top 25 rahvusvahelist kolimisfirmat Internetis\">kolimisfirma<\/a> aidata teid, sest nad saavad teie asjad kokku pakkida, transportida ja tolliprotseduure korraldada. Allpool oleme koostanud nimekirja Vietnamis asuvatest ettev\u00f5tetest. <a href=\"https:\/\/moverdb.com\/et\/international-removals\/\" data-internallinksmanager029f6b8e52c=\"27\" title=\"36 Parimad rahvusvahelised kolimisfirmad \u00dchendkuningriigis\">kolimisfirmad<\/a> mis on liikmed <a href=\"https:\/\/moverdb.com\/et\/iam\/\" data-internallinksmanager029f6b8e52c=\"23\" title=\"Rahvusvaheline kolijate assotsiatsioon (IAM) Selgitatud\">Rahvusvaheline kolijate assotsiatsioon<\/a> (IAM) ja\/v\u00f5i <a href=\"https:\/\/moverdb.com\/et\/fidi-faim\/\" data-internallinksmanager029f6b8e52c=\"16\" title=\"FIDI &amp; FAIM (FIDI akrediteeritud rahvusvaheline kolija) selgitatud\">FIDI<\/a> Akrediteeritud rahvusvaheline kolija (FAIM), kes v\u00f5iks teid kolimisel aidata.<\/p>\n<div id=\"ez-toc-container\" class=\"ez-toc-v2_0_82_2 ez-toc-wrap-left counter-hierarchy ez-toc-counter ez-toc-transparent ez-toc-container-direction\">\n<div class=\"ez-toc-title-container\">\n<p class=\"ez-toc-title\" style=\"cursor:inherit\">Jaotised<\/p>\n<span class=\"ez-toc-title-toggle\"><a href=\"#\" class=\"ez-toc-pull-right ez-toc-btn ez-toc-btn-xs ez-toc-btn-default ez-toc-toggle\" aria-label=\"Sisukorra vaheldumine\"><span class=\"ez-toc-js-icon-con\"><span class=\"\"><span class=\"eztoc-hide\" style=\"display:none;\">Toggle<\/span><span class=\"ez-toc-icon-toggle-span\"><svg style=\"fill: #999;color:#999\" xmlns=\"http:\/\/www.w3.org\/2000\/svg\" class=\"list-377408\" width=\"20px\" height=\"20px\" viewbox=\"0 0 24 24\" fill=\"none\"><path d=\"M6 6H4v2h2V6zm14 0H8v2h12V6zM4 11h2v2H4v-2zm16 0H8v2h12v-2zM4 16h2v2H4v-2zm16 0H8v2h12v-2z\" fill=\"currentColor\"><\/path><\/svg><svg style=\"fill: #999;color:#999\" class=\"arrow-unsorted-368013\" xmlns=\"http:\/\/www.w3.org\/2000\/svg\" width=\"10px\" height=\"10px\" viewbox=\"0 0 24 24\" version=\"1.2\" baseprofile=\"tiny\"><path d=\"M18.2 9.3l-6.2-6.3-6.2 6.3c-.2.2-.3.4-.3.7s.1.5.3.7c.2.2.4.3.7.3h11c.3 0 .5-.1.7-.3.2-.2.3-.5.3-.7s-.1-.5-.3-.7zM5.8 14.7l6.2 6.3 6.2-6.3c.2-.2.3-.5.3-.7s-.1-.5-.3-.7c-.2-.2-.4-.3-.7-.3h-11c-.3 0-.5.1-.7.3-.2.2-.3.5-.3.7s.1.5.3.7z\"\/><\/svg><\/span><\/span><\/span><\/a><\/span><\/div>\n<nav><ul class='ez-toc-list ez-toc-list-level-1 eztoc-toggle-hide-by-default' ><li class='ez-toc-page-1 ez-toc-heading-level-2'><a class=\"ez-toc-link ez-toc-heading-1\" href=\"https:\/\/moverdb.com\/et\/moving-companies\/moving-companies-vietnam\/#1_EVo_Moves\" >1. EVo liigub<\/a><\/li><li class='ez-toc-page-1 ez-toc-heading-level-2'><a class=\"ez-toc-link ez-toc-heading-2\" href=\"https:\/\/moverdb.com\/et\/moving-companies\/moving-companies-vietnam\/#2_Prime_Relocations_Asia\" >2. Prime Relocations Aasia<\/a><\/li><li class='ez-toc-page-1 ez-toc-heading-level-2'><a class=\"ez-toc-link ez-toc-heading-3\" href=\"https:\/\/moverdb.com\/et\/moving-companies\/moving-companies-vietnam\/#3_Logical_Moves\" >3. Loogilised liigutused<\/a><\/li><li class='ez-toc-page-1 ez-toc-heading-level-2'><a class=\"ez-toc-link ez-toc-heading-4\" href=\"https:\/\/moverdb.com\/et\/moving-companies\/moving-companies-vietnam\/#4_Santa_Fe_Relocation\" >4. Santa Fe \u00fcmberpaigutamine<\/a><\/li><li class='ez-toc-page-1 ez-toc-heading-level-2'><a class=\"ez-toc-link ez-toc-heading-5\" href=\"https:\/\/moverdb.com\/et\/moving-companies\/moving-companies-vietnam\/#5_Saigon_Van\" >5. Saigon Van<\/a><\/li><li class='ez-toc-page-1 ez-toc-heading-level-2'><a class=\"ez-toc-link ez-toc-heading-6\" href=\"https:\/\/moverdb.com\/et\/moving-companies\/moving-companies-vietnam\/#Other_Useful_Guides_to_Vietnam\" >Muud kasulikud reisijuhid Vietnami kohta<\/a><\/li><\/ul><\/nav><\/div>\n<h2><span class=\"ez-toc-section\" id=\"1_EVo_Moves\"><\/span><strong>1. EVo liigub<\/strong><span class=\"ez-toc-section-end\"><\/span><\/h2>\n<p><img loading=\"lazy\" decoding=\"async\" class=\"alignnone size-full wp-image-10115\" src=\"https:\/\/moverdb.com\/wp-content\/uploads\/EVo-Moves-international-moving-company.png\" alt=\"EVo Moves rahvusvaheline kolimisfirma\" width=\"1440\" height=\"683\" data-wp-pid=\"10115\" srcset=\"https:\/\/moverdb.com\/wp-content\/uploads\/EVo-Moves-international-moving-company.png 1440w, https:\/\/moverdb.com\/wp-content\/uploads\/EVo-Moves-international-moving-company-300x142.png 300w, https:\/\/moverdb.com\/wp-content\/uploads\/EVo-Moves-international-moving-company-1024x486.png 1024w, https:\/\/moverdb.com\/wp-content\/uploads\/EVo-Moves-international-moving-company-18x9.png 18w, https:\/\/moverdb.com\/wp-content\/uploads\/EVo-Moves-international-moving-company-600x285.png 600w\" sizes=\"auto, (max-width: 1440px) 100vw, 1440px\" \/><\/p>\n<ul>\n<li>Riiklikud liikumised<\/li>\n<li>Rahvusvahelised liikumised<\/li>\n<li>Kodumajapidamiste kolimised<\/li>\n<li>Kontori kolimised<\/li>\n<li>Ukselt-uksele teenus<\/li>\n<li>Ekspordipakend<\/li>\n<li>Tollivormistus<\/li>\n<li>Lemmikloomade transport<\/li>\n<li>Kindlustus<\/li>\n<li>L\u00fchi- ja pikaajaline ladustamine<\/li>\n<\/ul>\n<p>EVo Moves on rahvusvaheline kolimisfirma, mille asukoht on Ho Chi Minh City. Nad on IAMi liige nelja-aastase kogemusega, mis t\u00e4hendab, et neil on juurdep\u00e4\u00e4s rahvusvahelisele kolimisettev\u00f5tete v\u00f5rgustikule, mis saab neid aidata.<\/p>\n<p>EVo Moves pakub Vietnami elanikele tasuta kolimiseelset k\u00fcsitlust, et hinnata nende kolimisvajadusi, ja nad teevad hinnapakkumise ukselt-uksele. Nad pakuvad pakkimisteenust, mis vastab rahvusvahelistele standarditele ja kvaliteedile, et kaitsta teie esemeid transpordi ajal. Nad korraldavad rahvusvahelise mere- v\u00f5i \u00f5hutranspordi koos k\u00f5igi riskide merekindlustuse ja tollivormistusega. Lisateenused h\u00f5lmavad lemmikloomade transporti, fumigatsiooni ja ladustamist.<\/p>\n<p>Veebileht: <a href=\"http:\/\/www.evomoves.com\" target=\"_blank\" rel=\"noopener\">http:\/\/www.evomoves.com<\/a><\/p>\n<h2><span class=\"ez-toc-section\" id=\"2_Prime_Relocations_Asia\"><\/span><strong>2. Prime Relocations Aasia<\/strong><span class=\"ez-toc-section-end\"><\/span><\/h2>\n<p><img loading=\"lazy\" decoding=\"async\" class=\"alignnone size-full wp-image-10170\" src=\"https:\/\/moverdb.com\/wp-content\/uploads\/Prime-Relocations-Asia-international-moving-company.png\" alt=\"Prime Relocations Aasia rahvusvaheline kolimisfirma\" width=\"1440\" height=\"680\" data-wp-pid=\"10170\" srcset=\"https:\/\/moverdb.com\/wp-content\/uploads\/Prime-Relocations-Asia-international-moving-company.png 1440w, https:\/\/moverdb.com\/wp-content\/uploads\/Prime-Relocations-Asia-international-moving-company-300x142.png 300w, https:\/\/moverdb.com\/wp-content\/uploads\/Prime-Relocations-Asia-international-moving-company-1024x484.png 1024w, https:\/\/moverdb.com\/wp-content\/uploads\/Prime-Relocations-Asia-international-moving-company-18x9.png 18w, https:\/\/moverdb.com\/wp-content\/uploads\/Prime-Relocations-Asia-international-moving-company-600x283.png 600w\" sizes=\"auto, (max-width: 1440px) 100vw, 1440px\" \/><\/p>\n<ul>\n<li>Kohalikud ja riiklikud kolimised<\/li>\n<li>Rahvusvahelised kolimised<\/li>\n<li>Kodumajapidamiste kolimine<\/li>\n<li>\u00c4ri\u00fchingute kolimine<\/li>\n<li>Ukselt-uksele teenus<\/li>\n<li>T\u00e4ielik kolimispakett<\/li>\n<li>Lemmikloomade ja s\u00f5idukite \u00fcmberpaigutamine<\/li>\n<li>K\u00e4sit\u00f6\u00f6liste teenus<\/li>\n<li>Kindlustus<\/li>\n<li>L\u00fchi- ja pikaajalised ladustamisv\u00f5imalused<\/li>\n<\/ul>\n<p>Prime Relocations Asia on rahvusvaheline kolimisfirma, millel on Vietnami kontorid Hanois ja Ho Chi Minh City's, samuti kontorid Laoses ja Laosis. <a href=\"https:\/\/moverdb.com\/et\/moving-to-cambodia\/\" data-internallinksmanager029f6b8e52c=\"340\" title=\"Kambod\u017easse kolimine? 2023 elamiskulud ja kolimisn\u00f5uanded\">Kambod\u017ea<\/a>. Neil on eelistatud partnerite ja sidusettev\u00f5tete v\u00f5rgustik, et pakkuda v\u00e4lismaa kolimisi ja hallata tollieeskirju. Nad on 15-aastase kogemusega IAMi liige.<\/p>\n<p>Prime Relocations Asia pakub \u00fchtset kontaktpunkti teie kolimise haldamiseks, mis v\u00f5ib h\u00f5lmata teie kodu v\u00f5i ettev\u00f5tte, lemmikloomade ja s\u00f5idukite kolimist koos p\u00f5hjaliku transiidikindlustusega. Nad pakuvad lisateenuseid, mille hulka kuuluvad k\u00e4sit\u00f6\u00f6liste teenus, parkimisteenus, majutusteenus, majutuse leidmine, orienteerumine, lahkumis- ja saabumistugi.<\/p>\n<p>Veebileht: <a href=\"http:\/\/www.primerelo.asia\" target=\"_blank\" rel=\"noopener\">http:\/\/www.primerelo.asia<\/a><\/p>\n<h2><span class=\"ez-toc-section\" id=\"3_Logical_Moves\"><\/span><strong>3. Loogilised liigutused<\/strong><span class=\"ez-toc-section-end\"><\/span><\/h2>\n<p><img loading=\"lazy\" decoding=\"async\" class=\"alignnone size-full wp-image-10149\" src=\"https:\/\/moverdb.com\/wp-content\/uploads\/Logical-Moves-international-moving-company.png\" alt=\"Logical Moves rahvusvaheline kolimisfirma\" width=\"1440\" height=\"670\" data-wp-pid=\"10149\" srcset=\"https:\/\/moverdb.com\/wp-content\/uploads\/Logical-Moves-international-moving-company.png 1440w, https:\/\/moverdb.com\/wp-content\/uploads\/Logical-Moves-international-moving-company-300x140.png 300w, https:\/\/moverdb.com\/wp-content\/uploads\/Logical-Moves-international-moving-company-1024x476.png 1024w, https:\/\/moverdb.com\/wp-content\/uploads\/Logical-Moves-international-moving-company-18x8.png 18w, https:\/\/moverdb.com\/wp-content\/uploads\/Logical-Moves-international-moving-company-600x279.png 600w\" sizes=\"auto, (max-width: 1440px) 100vw, 1440px\" \/><\/p>\n<ul>\n<li>Kohalikud kolimised<\/li>\n<li>Rahvusvahelised liikumised<\/li>\n<li>Kodumajapidamiste kolimised<\/li>\n<li>Ettev\u00f5tte liikumised<\/li>\n<li>\u00dcmberpaigutamise teenused<\/li>\n<li>Pakkimisteenus<\/li>\n<li>Tollivormistus<\/li>\n<li>V\u00e4ljas\u00f5idu- ja sisseseadmisteenused<\/li>\n<li>Lemmikloomade liikumine<\/li>\n<li>Turvaline ladustamine<\/li>\n<\/ul>\n<p>Logical Moves on 2005. aastal asutatud s\u00f5ltumatu rahvusvaheline kolimisfirma, mille asukoht on Ho Chi Minh City. Neil on \u00fclemaailmne v\u00f5rgustik ja kohalikud ressursid, mis v\u00f5imaldavad neil pakkuda kvaliteetset teenust nii kohalike kui ka rahvusvaheliste kolimiste puhul. Nad on IAMi liige 18-aastase kogemusega.<\/p>\n<p>Logical Moves pakub kolimiseelset konsultatsiooni ja kodu\u00fclevaadet, et teha kindlaks teie kolimisvajadused. Nad pakuvad pakkimisteenust, et tagada teie asjade turvaline kohaletoimetamine, ning pakuvad saadetise kaitset ja tollivormistust, ning saabumisel pakivad nad teie asjad lahti. Nad pakuvad lisateenuseid, sealhulgas viisa- ja immigratsioonitoetust, kodu ja koolide otsimist, lahkumistoetust, k\u00e4sit\u00f6\u00f6liste teenust ja sisseelamisteenust.<\/p>\n<p>Veebileht: <a href=\"http:\/\/www.logicalmoves.net\" target=\"_blank\" rel=\"noopener\">http:\/\/www.logicalmoves.net<\/a><\/p>\n<h2><span class=\"ez-toc-section\" id=\"4_Santa_Fe_Relocation\"><\/span><strong>4. Santa Fe \u00fcmberpaigutamine<\/strong><span class=\"ez-toc-section-end\"><\/span><\/h2>\n<p><img loading=\"lazy\" decoding=\"async\" class=\"alignnone size-full wp-image-10181\" src=\"https:\/\/moverdb.com\/wp-content\/uploads\/Santa-Fe-Relocations-Vietnam-international-moving-company.png\" alt=\"Santa Fe Relocations Vietnami rahvusvaheline kolimisfirma\" width=\"1440\" height=\"681\" data-wp-pid=\"10181\" srcset=\"https:\/\/moverdb.com\/wp-content\/uploads\/Santa-Fe-Relocations-Vietnam-international-moving-company.png 1440w, https:\/\/moverdb.com\/wp-content\/uploads\/Santa-Fe-Relocations-Vietnam-international-moving-company-300x142.png 300w, https:\/\/moverdb.com\/wp-content\/uploads\/Santa-Fe-Relocations-Vietnam-international-moving-company-1024x484.png 1024w, https:\/\/moverdb.com\/wp-content\/uploads\/Santa-Fe-Relocations-Vietnam-international-moving-company-18x9.png 18w, https:\/\/moverdb.com\/wp-content\/uploads\/Santa-Fe-Relocations-Vietnam-international-moving-company-600x284.png 600w\" sizes=\"auto, (max-width: 1440px) 100vw, 1440px\" \/><\/p>\n<ul>\n<li>Kohalikud ja riiklikud \u00fcmberpaigutused<\/li>\n<li>Rahvusvahelised \u00fcmberpaigutused<\/li>\n<li>Kodumajapidamiste \u00fcmberpaigutamine<\/li>\n<li>Ettev\u00f5tete \u00fcmberpaigutused<\/li>\n<li>Ukselt-uksele teenus<\/li>\n<li>Spetsiaalne pakendamine<\/li>\n<li>Tollivormistus<\/li>\n<li>Viisa ja sisser\u00e4nne<\/li>\n<li>Sihtkoha teenused<\/li>\n<li>Turvaline ladustamine<\/li>\n<\/ul>\n<p>Santa Fe Relocation on \u00fcle 130-aastase kogemusega rahvusvaheline kolimis- ja \u00fcmberpaigutamisettev\u00f5te, millel on 64 kontorit 38 riigis, sealhulgas Hanoi ja Ho Chi Minh City Vietnamis. Nad on 17-aastase kogemusega IAMi liige ja FIDI poolt akrediteeritud.<\/p>\n<p>Santa Fe Relocation pakub ukselt-uksele kolimisteenuseid koos professionaalse meeskonnaga, kes toetab teid kogu kolimise ajal. Nad pakuvad spetsiaalset pakkimisteenust, et kaitsta teie asju kolimise ajal, kuid pakuvad ka p\u00f5hjalikke saadetise kaitseplaane. Nad pakuvad lisateenuseid, mis h\u00f5lmavad viisade ja sisser\u00e4nde teenuseid, koduotsingut ja muid sihtkoha teenuseid.<\/p>\n<p>Veebileht: <a href=\"https:\/\/www.santaferelo.com\/en\/contact\/our-offices\/vietnam-ho-chi-minh\/\" target=\"_blank\" rel=\"noopener\">https:\/\/www.santaferelo.com\/en\/contact\/our-offices\/vietnam-ho-chi-minh\/<\/a><\/p>\n<h2><span class=\"ez-toc-section\" id=\"5_Saigon_Van\"><\/span><strong>5. Saigon Van<\/strong><span class=\"ez-toc-section-end\"><\/span><\/h2>\n<p><img loading=\"lazy\" decoding=\"async\" class=\"alignnone size-full wp-image-10258\" src=\"https:\/\/moverdb.com\/wp-content\/uploads\/Saigon-Van-international-moving-company.png\" alt=\"Saigon Van rahvusvaheline kolimisfirma\" width=\"1440\" height=\"700\" data-wp-pid=\"10258\" srcset=\"https:\/\/moverdb.com\/wp-content\/uploads\/Saigon-Van-international-moving-company.png 1440w, https:\/\/moverdb.com\/wp-content\/uploads\/Saigon-Van-international-moving-company-300x146.png 300w, https:\/\/moverdb.com\/wp-content\/uploads\/Saigon-Van-international-moving-company-1024x498.png 1024w, https:\/\/moverdb.com\/wp-content\/uploads\/Saigon-Van-international-moving-company-18x9.png 18w, https:\/\/moverdb.com\/wp-content\/uploads\/Saigon-Van-international-moving-company-600x292.png 600w\" sizes=\"auto, (max-width: 1440px) 100vw, 1440px\" \/><\/p>\n<ul>\n<li>Kohalikud ja riiklikud liikumised<\/li>\n<li>Rahvusvahelised liikumised<\/li>\n<li>Kodumajapidamiste kolimised<\/li>\n<li>Kontori kolimised<\/li>\n<li>Pakkimisteenus<\/li>\n<li>Tollivormistus<\/li>\n<li>Lemmikloomade \u00fcmberpaigutamine<\/li>\n<li>K\u00e4sit\u00f6\u00f6liste teenus<\/li>\n<li>Kindlustus<\/li>\n<li>Ladustamine<\/li>\n<\/ul>\n<p>Saigon Van on 1990. aastal asutatud rahvusvaheline kolimisfirma, mille asukoht on Ho Chi Minh City ja filiaal Ha Nois. Nad teevad koost\u00f6\u00f6d rahvusvaheliste kolleegidega, et aidata neil pakkuda teenuseid v\u00e4ljaspool Vietnami. Nad on 33-aastase kogemusega IAMi liige ja FIDI poolt akrediteeritud.<\/p>\n<p>Saigon Van pakub kohalikke, riiklikke ja rahvusvahelisi kolimis- ja \u00fcmberpaigutamisteenuseid, mis algavad kolimiseelse \u00fclevaatusega. Nad pakuvad kogenud pakkimismeeskonda, kes pakib ja kaitseb teie asju. Nad korraldavad transpordi koos tollivormistuse ja kindlustusega. Nende kolimisteenused h\u00f5lmavad viisasid, koolide sissekirjutamist, k\u00e4sit\u00f6\u00f6teenuseid, puhastusteenuseid ja ladustamist.<\/p>\n<p>Veebileht: <a href=\"http:\/\/www.saigonvan.com\/\" target=\"_blank\" rel=\"noopener\">http:\/\/www.saigonvan.com\/<\/a><\/p>\n<h2><span class=\"ez-toc-section\" id=\"Other_Useful_Guides_to_Vietnam\"><\/span>Muud kasulikud reisijuhid Vietnami kohta<span class=\"ez-toc-section-end\"><\/span><\/h2>\n<ul>\n<li> <a href=\"https:\/\/moverdb.com\/et\/konteiner-laevandus\/vietnam\/\">2024 Mereveo konteinerite veohinnad Vietnami ja Vietnamist<\/a><\/li>\n<li> <a href=\"https:\/\/moverdb.com\/et\/moving-to-vietnam\/\">Kolimine Vietnami? 2023 elamiskulud ja kolimisn\u00f5uanded<\/a><\/li>\n<li> <a href=\"https:\/\/moverdb.com\/et\/moving-to-vietnam\/best-places-to-live-vietnam\/\">12 Parimad kohad Vietnamis elamiseks<\/a><\/li>\n<\/ul>","protected":false},"excerpt":{"rendered":"<p>Are you thinking of moving to, from or within Vietnam? Getting a moving company to assist you can help ease the process as they can pack your effects, arrange transportation and manage customs procedures. Below we have compiled a list of Vietnam based removal companies that are members of the International Association of Movers (IAM) [&hellip;]<\/p>\n","protected":false},"author":4,"featured_media":10115,"parent":190,"menu_order":0,"comment_status":"closed","ping_status":"closed","template":"","meta":{"_genesis_hide_title":false,"_genesis_hide_breadcrumbs":false,"_genesis_hide_singular_image":false,"_genesis_hide_footer_widgets":false,"_genesis_custom_body_class":"","_genesis_custom_post_class":"","_genesis_layout":"","footnotes":""},"class_list":{"0":"post-10257","1":"page","2":"type-page","3":"status-publish","4":"has-post-thumbnail","6":"entry"},"_links":{"self":[{"href":"https:\/\/moverdb.com\/et\/wp-json\/wp\/v2\/pages\/10257","targetHints":{"allow":["GET"]}}],"collection":[{"href":"https:\/\/moverdb.com\/et\/wp-json\/wp\/v2\/pages"}],"about":[{"href":"https:\/\/moverdb.com\/et\/wp-json\/wp\/v2\/types\/page"}],"author":[{"embeddable":true,"href":"https:\/\/moverdb.com\/et\/wp-json\/wp\/v2\/users\/4"}],"replies":[{"embeddable":true,"href":"https:\/\/moverdb.com\/et\/wp-json\/wp\/v2\/comments?post=10257"}],"version-history":[{"count":3,"href":"https:\/\/moverdb.com\/et\/wp-json\/wp\/v2\/pages\/10257\/revisions"}],"predecessor-version":[{"id":16500,"href":"https:\/\/moverdb.com\/et\/wp-json\/wp\/v2\/pages\/10257\/revisions\/16500"}],"up":[{"embeddable":true,"href":"https:\/\/moverdb.com\/et\/wp-json\/wp\/v2\/pages\/190"}],"wp:featuredmedia":[{"embeddable":true,"href":"https:\/\/moverdb.com\/et\/wp-json\/wp\/v2\/media\/10115"}],"wp:attachment":[{"href":"https:\/\/moverdb.com\/et\/wp-json\/wp\/v2\/media?parent=10257"}],"curies":[{"name":"wp","href":"https:\/\/api.w.org\/{rel}","templated":true}]}}