{"id":10255,"date":"2023-11-22T15:17:48","date_gmt":"2023-11-22T15:17:48","guid":{"rendered":"https:\/\/moverdb.com\/?page_id=10255"},"modified":"2026-01-08T15:29:27","modified_gmt":"2026-01-08T15:29:27","slug":"moving-companies-venezuela","status":"publish","type":"page","link":"https:\/\/moverdb.com\/et\/moving-companies\/moving-companies-venezuela\/","title":{"rendered":"6 parimat rahvusvahelist kolimisfirmat Venezuelas"},"content":{"rendered":"<p>Kolimine v\u00f5ib olla keeruline, eriti kui te kolite maale. Seega, kui te plaanite kolida Venezuelas, sinna v\u00f5i sealt, siis v\u00f5ite soovida kaasata <a href=\"https:\/\/moverdb.com\/et\/moving-companies\/\" data-internallinksmanager029f6b8e52c=\"79\" title=\"Top 25 rahvusvahelist kolimisfirmat Internetis\">kolimisfirma<\/a> et aidata teid kolimisel. Allpool oleme koostanud nimekirja Venezuelas asuvatest <a href=\"https:\/\/moverdb.com\/et\/international-removals\/\" data-internallinksmanager029f6b8e52c=\"27\" title=\"36 Parimad rahvusvahelised kolimisfirmad \u00dchendkuningriigis\">kolimisfirmad<\/a> mis on liikmed <a href=\"https:\/\/moverdb.com\/et\/iam\/\" data-internallinksmanager029f6b8e52c=\"23\" title=\"Rahvusvaheline kolijate assotsiatsioon (IAM) Selgitatud\">Rahvusvaheline kolijate assotsiatsioon<\/a> (IAM) ja\/v\u00f5i <a href=\"https:\/\/moverdb.com\/et\/fidi-faim\/\" data-internallinksmanager029f6b8e52c=\"16\" title=\"FIDI &amp; FAIM (FIDI akrediteeritud rahvusvaheline kolija) selgitatud\">FIDI<\/a> Akrediteeritud rahvusvaheline kolija (FAIM), kes v\u00f5iks teid kolimisel aidata.<\/p>\n<div id=\"ez-toc-container\" class=\"ez-toc-v2_0_82_2 ez-toc-wrap-left counter-hierarchy ez-toc-counter ez-toc-transparent ez-toc-container-direction\">\n<div class=\"ez-toc-title-container\">\n<p class=\"ez-toc-title\" style=\"cursor:inherit\">Jaotised<\/p>\n<span class=\"ez-toc-title-toggle\"><a href=\"#\" class=\"ez-toc-pull-right ez-toc-btn ez-toc-btn-xs ez-toc-btn-default ez-toc-toggle\" aria-label=\"Sisukorra vaheldumine\"><span class=\"ez-toc-js-icon-con\"><span class=\"\"><span class=\"eztoc-hide\" style=\"display:none;\">Toggle<\/span><span class=\"ez-toc-icon-toggle-span\"><svg style=\"fill: #999;color:#999\" xmlns=\"http:\/\/www.w3.org\/2000\/svg\" class=\"list-377408\" width=\"20px\" height=\"20px\" viewbox=\"0 0 24 24\" fill=\"none\"><path d=\"M6 6H4v2h2V6zm14 0H8v2h12V6zM4 11h2v2H4v-2zm16 0H8v2h12v-2zM4 16h2v2H4v-2zm16 0H8v2h12v-2z\" fill=\"currentColor\"><\/path><\/svg><svg style=\"fill: #999;color:#999\" class=\"arrow-unsorted-368013\" xmlns=\"http:\/\/www.w3.org\/2000\/svg\" width=\"10px\" height=\"10px\" viewbox=\"0 0 24 24\" version=\"1.2\" baseprofile=\"tiny\"><path d=\"M18.2 9.3l-6.2-6.3-6.2 6.3c-.2.2-.3.4-.3.7s.1.5.3.7c.2.2.4.3.7.3h11c.3 0 .5-.1.7-.3.2-.2.3-.5.3-.7s-.1-.5-.3-.7zM5.8 14.7l6.2 6.3 6.2-6.3c.2-.2.3-.5.3-.7s-.1-.5-.3-.7c-.2-.2-.4-.3-.7-.3h-11c-.3 0-.5.1-.7.3-.2.2-.3.5-.3.7s.1.5.3.7z\"\/><\/svg><\/span><\/span><\/span><\/a><\/span><\/div>\n<nav><ul class='ez-toc-list ez-toc-list-level-1 eztoc-toggle-hide-by-default' ><li class='ez-toc-page-1 ez-toc-heading-level-2'><a class=\"ez-toc-link ez-toc-heading-1\" href=\"https:\/\/moverdb.com\/et\/moving-companies\/moving-companies-venezuela\/#1_AMP_Movers_International\" >1. AMP Movers International<\/a><\/li><li class='ez-toc-page-1 ez-toc-heading-level-2'><a class=\"ez-toc-link ez-toc-heading-2\" href=\"https:\/\/moverdb.com\/et\/moving-companies\/moving-companies-venezuela\/#2_Clover_International\" >2. Clover International<\/a><\/li><li class='ez-toc-page-1 ez-toc-heading-level-2'><a class=\"ez-toc-link ez-toc-heading-3\" href=\"https:\/\/moverdb.com\/et\/moving-companies\/moving-companies-venezuela\/#3_Equixpress\" >3. Equixpress<\/a><\/li><li class='ez-toc-page-1 ez-toc-heading-level-2'><a class=\"ez-toc-link ez-toc-heading-4\" href=\"https:\/\/moverdb.com\/et\/moving-companies\/moving-companies-venezuela\/#4_JJ_Mari_International_Movers\" >4. JJ Mari International Movers<\/a><\/li><li class='ez-toc-page-1 ez-toc-heading-level-2'><a class=\"ez-toc-link ez-toc-heading-5\" href=\"https:\/\/moverdb.com\/et\/moving-companies\/moving-companies-venezuela\/#5_Moving_Life\" >5. Liikuv elu<\/a><\/li><li class='ez-toc-page-1 ez-toc-heading-level-2'><a class=\"ez-toc-link ez-toc-heading-6\" href=\"https:\/\/moverdb.com\/et\/moving-companies\/moving-companies-venezuela\/#6_Mudanzas_Internacionales_Global\" >6. Mudanzas Internacionales Global<\/a><\/li><\/ul><\/nav><\/div>\n<h2><span class=\"ez-toc-section\" id=\"1_AMP_Movers_International\"><\/span><strong>1. AMP Movers International<\/strong><span class=\"ez-toc-section-end\"><\/span><\/h2>\n<p><img loading=\"lazy\" decoding=\"async\" class=\"alignnone size-full wp-image-10077\" src=\"https:\/\/moverdb.com\/wp-content\/uploads\/AMP-Movers-International-moving-company.png\" alt=\"AMP Movers rahvusvaheline kolimisfirma\" width=\"1440\" height=\"680\" data-wp-pid=\"10077\" srcset=\"https:\/\/moverdb.com\/wp-content\/uploads\/AMP-Movers-International-moving-company.png 1440w, https:\/\/moverdb.com\/wp-content\/uploads\/AMP-Movers-International-moving-company-300x142.png 300w, https:\/\/moverdb.com\/wp-content\/uploads\/AMP-Movers-International-moving-company-1024x484.png 1024w, https:\/\/moverdb.com\/wp-content\/uploads\/AMP-Movers-International-moving-company-18x9.png 18w, https:\/\/moverdb.com\/wp-content\/uploads\/AMP-Movers-International-moving-company-600x283.png 600w\" sizes=\"auto, (max-width: 1440px) 100vw, 1440px\" \/><\/p>\n<ul>\n<li>Riiklikud liikumised<\/li>\n<li>Rahvusvahelised liikumised<\/li>\n<li>Kodumajapidamiste kolimised<\/li>\n<li>Pakkimisteenus<\/li>\n<li>Transpordi korraldamine<\/li>\n<li>Tolliprotseduurid<\/li>\n<li>Kunstiteoste k\u00e4sitlemine<\/li>\n<li>S\u00f5iduki transport<\/li>\n<li>Kindlustus<\/li>\n<li>Ladustamisv\u00f5imalused<\/li>\n<\/ul>\n<p>AMP Movers International on \u00fcle 10-aastase kogemusega riiklik ja rahvusvaheline kolimisfirma, mille asukoht on Caracas. Neil on kolimisagentide v\u00f5rgustik kogu maailmas, mis toetab neid nende teenuse osutamisel rahvusvaheliselt. Nad on IAMi liige.<\/p>\n<p>AMP Movers International pakub individuaalset kolimistuge, mis algab kolimiseelse uuringu ja hinnapakkumisega. Nad pakuvad professionaalset pakkimisteenust, mille puhul kasutatakse spetsiaalseid pakendimaterjale, mis on m\u00f5eldud sisu jaoks, sealhulgas lisakaitset habrastele esemetele. Saabumisel aitavad nad lahtipakkimisel, m\u00f6\u00f6bli paigutamisel ja materjalide eemaldamisel. Nad pakuvad ka teenuseid kunstiteoste ja antiikm\u00f6\u00f6bli k\u00e4sitlemiseks, s\u00f5idukite \u00fcmberpaigutamiseks ja ladustamiseks.<\/p>\n<p>Veebileht: <a href=\"http:\/\/www.ampmovers.com\" target=\"_blank\" rel=\"noopener\">http:\/\/www.ampmovers.com<\/a><\/p>\n<h2><span class=\"ez-toc-section\" id=\"2_Clover_International\"><\/span><strong>2. Clover International<\/strong><span class=\"ez-toc-section-end\"><\/span><\/h2>\n<p><img loading=\"lazy\" decoding=\"async\" class=\"alignnone size-full wp-image-10094\" src=\"https:\/\/moverdb.com\/wp-content\/uploads\/Clover-International-moving-company.png\" alt=\"Clover International kolimisfirma\" width=\"1440\" height=\"684\" data-wp-pid=\"10094\" srcset=\"https:\/\/moverdb.com\/wp-content\/uploads\/Clover-International-moving-company.png 1440w, https:\/\/moverdb.com\/wp-content\/uploads\/Clover-International-moving-company-300x143.png 300w, https:\/\/moverdb.com\/wp-content\/uploads\/Clover-International-moving-company-1024x486.png 1024w, https:\/\/moverdb.com\/wp-content\/uploads\/Clover-International-moving-company-18x9.png 18w, https:\/\/moverdb.com\/wp-content\/uploads\/Clover-International-moving-company-600x285.png 600w\" sizes=\"auto, (max-width: 1440px) 100vw, 1440px\" \/><\/p>\n<ul>\n<li>Riiklikud liikumised<\/li>\n<li>Rahvusvahelised liikumised<\/li>\n<li>Elamu kolimine<\/li>\n<li>Ettev\u00f5tete ja b\u00fcroode kolimine<\/li>\n<li>Pakkimisteenus<\/li>\n<li>Tolli haldamine<\/li>\n<li>Lemmikloomade ja s\u00f5idukite vedu<\/li>\n<li>Puhastusteenused<\/li>\n<li>Kindlustus<\/li>\n<li>Ladustamisv\u00f5imalused<\/li>\n<\/ul>\n<p>Clover International on logistika- ja kolimisfirma, millel on peaaegu 60-aastane kogemus ja mille asukoht on Caracas. Nad on 59-aastase kogemusega IAMi liige ja FIDI poolt akrediteeritud, mis t\u00e4hendab, et nad t\u00f6\u00f6tavad k\u00f5rgete standardite kohaselt ning neil on olemas ka sellel tasemel tegutsevate kolimisagentide v\u00f5rgustik, kellega nad saavad koost\u00f6\u00f6d teha.<\/p>\n<p>Clover International pakub spetsialiseerunud kolimisteenuseid kodu- ja \u00e4ritarvete, samuti lemmikloomade ja s\u00f5idukite jaoks Venezuelas, Venezuelasse ja sealt v\u00e4lja. Nad korraldavad teie esemete transpordi ja tollihalduse teie sihtkohta koos kindlustusega. Nad kasutavad teie esemete kaitsmiseks kvaliteetseid materjale ja ohutusstandardeid.<\/p>\n<p>Veebileht: <a href=\"https:\/\/www.cloverve.com\/\" target=\"_blank\" rel=\"noopener\">https:\/\/www.cloverve.com\/<\/a><\/p>\n<h2><span class=\"ez-toc-section\" id=\"3_Equixpress\"><\/span><strong>3. Equixpress<\/strong><span class=\"ez-toc-section-end\"><\/span><\/h2>\n<p><img loading=\"lazy\" decoding=\"async\" class=\"alignnone size-full wp-image-10112\" src=\"https:\/\/moverdb.com\/wp-content\/uploads\/Equixpress-international-moving-company.png\" alt=\"Equixpress rahvusvaheline kolimisfirma\" width=\"1440\" height=\"680\" data-wp-pid=\"10112\" srcset=\"https:\/\/moverdb.com\/wp-content\/uploads\/Equixpress-international-moving-company.png 1440w, https:\/\/moverdb.com\/wp-content\/uploads\/Equixpress-international-moving-company-300x142.png 300w, https:\/\/moverdb.com\/wp-content\/uploads\/Equixpress-international-moving-company-1024x484.png 1024w, https:\/\/moverdb.com\/wp-content\/uploads\/Equixpress-international-moving-company-18x9.png 18w, https:\/\/moverdb.com\/wp-content\/uploads\/Equixpress-international-moving-company-600x283.png 600w\" sizes=\"auto, (max-width: 1440px) 100vw, 1440px\" \/><\/p>\n<ul>\n<li>Riiklikud liikumised<\/li>\n<li>Rahvusvahelised liikumised<\/li>\n<li>Kodumajapidamiste kolimised<\/li>\n<li>Kaubanduslik logistika<\/li>\n<li>Pakkimisteenus<\/li>\n<li>Lennu-, mere- ja maismaatransport<\/li>\n<li>Tollimaaklerlus<\/li>\n<li><a href=\"https:\/\/moverdb.com\/et\/car-transport-shipping\/\" data-internallinksmanager029f6b8e52c=\"2\" title=\"2026 Rahvusvaheline autoveo ja s\u00f5idukite veo hinnapakkumised\">S\u00f5iduki saatmine<\/a><\/li>\n<li>T\u00e4ielik riskikindlustus<\/li>\n<li>Ladustamisv\u00f5imalused<\/li>\n<\/ul>\n<p>Equixpress on 1963. aastal asutatud rahvusvaheline kolimisfirma, mille asukoht on Caracas. Nad on IAMi liige, kellel on 60-aastane kogemus, mis v\u00f5imaldab neil kasutada rahvusvahelist kolimisagentide v\u00f5rgustikku, et pakkuda teenuseid k\u00f5ikjal maailmas.<\/p>\n<p>Equixpress pakub individuaalset kolimisteenust, mis h\u00f5lmab k\u00f5iki kolimisprotsessi aspekte. Nad pakivad teie asjad turvaliselt ja korraldavad transpordi teie sihtkohta \u00f5hu-, mere- v\u00f5i maanteetranspordiga koos tollimaaklerlusega ja k\u00f5ik riskid sisaldava kindlustusega. Nad kasutavad k\u00f5ige k\u00f5rgema kvaliteediga pakkematerjale ja -karpe ning hoolitsevad eriti tundlike esemete eest, sealhulgas valmistavad eritellimusel valmistatud puidust kastid.<\/p>\n<p>Veebileht: <a href=\"http:\/\/www.equixpress.com\" target=\"_blank\" rel=\"noopener\">http:\/\/www.equixpress.com<\/a><\/p>\n<h2><span class=\"ez-toc-section\" id=\"4_JJ_Mari_International_Movers\"><\/span><strong>4. JJ Mari International Movers<\/strong><span class=\"ez-toc-section-end\"><\/span><\/h2>\n<p><img loading=\"lazy\" decoding=\"async\" class=\"alignnone size-full wp-image-10142\" src=\"https:\/\/moverdb.com\/wp-content\/uploads\/JJ-Mari-International-Movers-moving-company.png\" alt=\"JJ Mari International Movers kolimisfirma\" width=\"1440\" height=\"680\" data-wp-pid=\"10142\" srcset=\"https:\/\/moverdb.com\/wp-content\/uploads\/JJ-Mari-International-Movers-moving-company.png 1440w, https:\/\/moverdb.com\/wp-content\/uploads\/JJ-Mari-International-Movers-moving-company-300x142.png 300w, https:\/\/moverdb.com\/wp-content\/uploads\/JJ-Mari-International-Movers-moving-company-1024x484.png 1024w, https:\/\/moverdb.com\/wp-content\/uploads\/JJ-Mari-International-Movers-moving-company-18x9.png 18w, https:\/\/moverdb.com\/wp-content\/uploads\/JJ-Mari-International-Movers-moving-company-600x283.png 600w\" sizes=\"auto, (max-width: 1440px) 100vw, 1440px\" \/><\/p>\n<ul>\n<li>Kohalikud kolimised<\/li>\n<li>Rahvusvahelised liikumised<\/li>\n<li>Kodumajapidamiste kolimised<\/li>\n<li>Ettev\u00f5tte kolimised<\/li>\n<li>Pakkimisteenus<\/li>\n<li>\u00d5hu- ja meretransport<\/li>\n<li>Tollimaaklerlus<\/li>\n<li>Kunstiteoste k\u00e4sitlemine<\/li>\n<li>S\u00f5iduki \u00fcleandmine<\/li>\n<li>Ladustamisv\u00f5imalused<\/li>\n<\/ul>\n<p>JJ Mari International Movers on rahvusvaheline logistika- ja transpordiettev\u00f5te, millel on \u00fcle 35 aasta kogemust ja mille asukoht on Caracas. Nad on 23-aastase kogemusega IAMi liige ja FIDI poolt akrediteeritud, mis annab neile juurdep\u00e4\u00e4su k\u00f5rgetele standarditele vastavate rahvusvaheliste kolimisagentide v\u00f5rgustikele.<\/p>\n<p>JJ Mari International Movers pakub kodumajapidamistele, ettev\u00f5tetele ja diplomaatidele uksest-ukseni kolimisteenuseid. Nad pakuvad k\u00f5rgelt koolitatud t\u00f6\u00f6tajaid, kes pakivad ja pakivad teie asjad v\u00e4lja ning hoolitsevad eriti hoolikalt habraste esemete, sealhulgas kunsti ja antiikm\u00f6\u00f6bli eest. Nad korraldavad rahvusvahelise \u00f5hu- v\u00f5i meretranspordi koos tollimaaklerlusega, mis v\u00f5ib h\u00f5lmata ka s\u00f5idukite \u00fcmberpaigutamist.<\/p>\n<p>Veebileht: <a href=\"http:\/\/www.jjmarimovers.net\" target=\"_blank\" rel=\"noopener\">http:\/\/www.jjmarimovers.net<\/a><\/p>\n<h2><span class=\"ez-toc-section\" id=\"5_Moving_Life\"><\/span><strong>5. Liikuv elu<\/strong><span class=\"ez-toc-section-end\"><\/span><\/h2>\n<p><img loading=\"lazy\" decoding=\"async\" class=\"alignnone size-full wp-image-10160\" src=\"https:\/\/moverdb.com\/wp-content\/uploads\/Moving-Life-international-moving-company.png\" alt=\"Moving Life rahvusvaheline kolimisfirma\" width=\"1440\" height=\"679\" data-wp-pid=\"10160\" srcset=\"https:\/\/moverdb.com\/wp-content\/uploads\/Moving-Life-international-moving-company.png 1440w, https:\/\/moverdb.com\/wp-content\/uploads\/Moving-Life-international-moving-company-300x141.png 300w, https:\/\/moverdb.com\/wp-content\/uploads\/Moving-Life-international-moving-company-1024x483.png 1024w, https:\/\/moverdb.com\/wp-content\/uploads\/Moving-Life-international-moving-company-18x8.png 18w, https:\/\/moverdb.com\/wp-content\/uploads\/Moving-Life-international-moving-company-600x283.png 600w\" sizes=\"auto, (max-width: 1440px) 100vw, 1440px\" \/><\/p>\n<ul>\n<li>Kohalikud ja riiklikud liikumised<\/li>\n<li>Rahvusvahelised liikumised<\/li>\n<li>Kodumajapidamiste kolimised<\/li>\n<li>Kontori kolimised<\/li>\n<li>Ukselt-uksele teenus<\/li>\n<li>Pakkimisteenus<\/li>\n<li>Lennu- ja meretransport<\/li>\n<li>Tolliprotseduurid<\/li>\n<li>Kunsti k\u00e4sitlemine<\/li>\n<li>S\u00f5iduki \u00fcleandmine<\/li>\n<\/ul>\n<p>Moving Life on rahvusvaheline kolimisfirma, millel on \u00fcle 19 aasta kogemust ja mille asukoht on Caracas. Neid toetab \u00fcle 2000 liikme v\u00f5rgustik, mis h\u00f5lmab 170 riiki ja pakub teenuseid kogu maailmas. Nad on IAMi liige kaheksa-aastase kogemusega.<\/p>\n<p>Moving Life pakub ukselt-uksele kolimisteenust, mis algab kolimiseelse k\u00fclastusega, et selgitada v\u00e4lja teie kolimisvajadused. Nad pakivad teie asjad, kasutades rahvusvaheliselt tunnustatud professionaalseid tehnikaid, ja koostavad inventuuri. Nad laadivad teie pakitud esemed \u00f5hutranspordi jaoks kohandatud puidust kaubikutesse v\u00f5i meretranspordi jaoks metallkonteineritesse ja viivad l\u00e4bi tolliprotseduurid.<\/p>\n<p>Veebileht: <a href=\"http:\/\/www.movinglife.com.ve\" target=\"_blank\" rel=\"noopener\">http:\/\/www.movinglife.com.ve<\/a><\/p>\n<h2><span class=\"ez-toc-section\" id=\"6_Mudanzas_Internacionales_Global\"><\/span><strong>6. Mudanzas Internacionales Global<\/strong><span class=\"ez-toc-section-end\"><\/span><\/h2>\n<p><img loading=\"lazy\" decoding=\"async\" class=\"alignnone size-full wp-image-10162\" src=\"https:\/\/moverdb.com\/wp-content\/uploads\/Mudanzas-Internacionales-Global-moving-company.png\" alt=\"Mudanzas Internacionales \u00dclemaailmne kolimisfirma\" width=\"1440\" height=\"682\" data-wp-pid=\"10162\" srcset=\"https:\/\/moverdb.com\/wp-content\/uploads\/Mudanzas-Internacionales-Global-moving-company.png 1440w, https:\/\/moverdb.com\/wp-content\/uploads\/Mudanzas-Internacionales-Global-moving-company-300x142.png 300w, https:\/\/moverdb.com\/wp-content\/uploads\/Mudanzas-Internacionales-Global-moving-company-1024x485.png 1024w, https:\/\/moverdb.com\/wp-content\/uploads\/Mudanzas-Internacionales-Global-moving-company-18x9.png 18w, https:\/\/moverdb.com\/wp-content\/uploads\/Mudanzas-Internacionales-Global-moving-company-600x284.png 600w\" sizes=\"auto, (max-width: 1440px) 100vw, 1440px\" \/><\/p>\n<ul>\n<li>Kohalikud ja riiklikud liikumised<\/li>\n<li>Rahvusvahelised liikumised<\/li>\n<li>Elamu kolimine<\/li>\n<li>Kolimiseelne k\u00fcsitlus<\/li>\n<li>Pakkimisteenus<\/li>\n<li>Transpordikorraldus<\/li>\n<li>Tollitoetus<\/li>\n<li>Liikumise j\u00e4lgimine<\/li>\n<li>Vastavad rahvusvahelistele standarditele<\/li>\n<li>Ajutine ladustamine<\/li>\n<\/ul>\n<p>Mudanzas Internacionales Global on 1988. aastal asutatud kolimisfirma, mille asukoht on Caracas. Nad on 35-aastase kogemusega IAMi liige ja FIDI poolt akrediteeritud. Need liikmesused v\u00f5imaldavad neil teha koost\u00f6\u00f6d rahvusvaheliste kolimisettev\u00f5tete v\u00f5rgustikuga, et toetada neid kolimistel \u00fcle kogu maailma.<\/p>\n<p>Mudanzas Internacionales Global pakub individuaalset kolimisteenust, mis vastab rahvusvahelistele standarditele. Nad pakuvad esialgset uuringut, et hinnata teie kolimisvajadusi ja anda soovitusi parimate kolimisv\u00f5imaluste kohta. Nende kogenud pakendajad kasutavad teie esemete kaitsmiseks parima kvaliteediga pakkematerjale, mis vastavad rahvusvahelistele eeskirjadele.<\/p>\n<p>Veebileht: <a href=\"http:\/\/www.miglobal.com\" target=\"_blank\" rel=\"noopener\">http:\/\/www.miglobal.com<\/a><\/p>","protected":false},"excerpt":{"rendered":"<p>Moving can be complex especially if you are moving country. So, if you are planning on moving within, to or from Venezuela, then you may want to engage a moving company to assist you with your move. Below we have compiled a list of Venezuela based removal companies that are members of the International Association [&hellip;]<\/p>\n","protected":false},"author":4,"featured_media":10077,"parent":190,"menu_order":0,"comment_status":"closed","ping_status":"closed","template":"","meta":{"_genesis_hide_title":false,"_genesis_hide_breadcrumbs":false,"_genesis_hide_singular_image":false,"_genesis_hide_footer_widgets":false,"_genesis_custom_body_class":"","_genesis_custom_post_class":"","_genesis_layout":"","footnotes":""},"class_list":{"0":"post-10255","1":"page","2":"type-page","3":"status-publish","4":"has-post-thumbnail","6":"entry"},"_links":{"self":[{"href":"https:\/\/moverdb.com\/et\/wp-json\/wp\/v2\/pages\/10255","targetHints":{"allow":["GET"]}}],"collection":[{"href":"https:\/\/moverdb.com\/et\/wp-json\/wp\/v2\/pages"}],"about":[{"href":"https:\/\/moverdb.com\/et\/wp-json\/wp\/v2\/types\/page"}],"author":[{"embeddable":true,"href":"https:\/\/moverdb.com\/et\/wp-json\/wp\/v2\/users\/4"}],"replies":[{"embeddable":true,"href":"https:\/\/moverdb.com\/et\/wp-json\/wp\/v2\/comments?post=10255"}],"version-history":[{"count":1,"href":"https:\/\/moverdb.com\/et\/wp-json\/wp\/v2\/pages\/10255\/revisions"}],"predecessor-version":[{"id":10256,"href":"https:\/\/moverdb.com\/et\/wp-json\/wp\/v2\/pages\/10255\/revisions\/10256"}],"up":[{"embeddable":true,"href":"https:\/\/moverdb.com\/et\/wp-json\/wp\/v2\/pages\/190"}],"wp:featuredmedia":[{"embeddable":true,"href":"https:\/\/moverdb.com\/et\/wp-json\/wp\/v2\/media\/10077"}],"wp:attachment":[{"href":"https:\/\/moverdb.com\/et\/wp-json\/wp\/v2\/media?parent=10255"}],"curies":[{"name":"wp","href":"https:\/\/api.w.org\/{rel}","templated":true}]}}