{"id":10253,"date":"2023-06-22T15:36:35","date_gmt":"2023-06-22T15:36:35","guid":{"rendered":"https:\/\/moverdb.com\/?page_id=10253"},"modified":"2026-01-08T15:23:53","modified_gmt":"2026-01-08T15:23:53","slug":"moving-companies-uzbekistan","status":"publish","type":"page","link":"https:\/\/moverdb.com\/et\/moving-companies\/moving-companies-uzbekistan\/","title":{"rendered":"2 parimat rahvusvahelist kolimisfirmat Usbekistanis"},"content":{"rendered":"<p>Kas te kavatsete kolida Usbekistani sees, sinna v\u00f5i sealt? Siis on vaja kaasata <a href=\"https:\/\/moverdb.com\/et\/moving-companies\/\" data-internallinksmanager029f6b8e52c=\"79\" title=\"Top 25 rahvusvahelist kolimisfirmat Internetis\">kolimisfirma<\/a> kes saab teid aidata pakkimisel, transpordi korraldamisel ja rahvusvaheliste kolimiste tolliprotseduuridega tegelemisel, v\u00f5ib teie kolimist t\u00f5eliselt lihtsustada. Allpool oleme koostanud nimekirja Usbekistanis asuvatest <a href=\"https:\/\/moverdb.com\/et\/international-removals\/\" data-internallinksmanager029f6b8e52c=\"27\" title=\"36 Parimad rahvusvahelised kolimisfirmad \u00dchendkuningriigis\">kolimisfirmad<\/a> mis on liikmed <a href=\"https:\/\/moverdb.com\/et\/iam\/\" data-internallinksmanager029f6b8e52c=\"23\" title=\"Rahvusvaheline kolijate assotsiatsioon (IAM) Selgitatud\">Rahvusvaheline kolijate assotsiatsioon<\/a> (IAM) ja\/v\u00f5i <a href=\"https:\/\/moverdb.com\/et\/fidi-faim\/\" data-internallinksmanager029f6b8e52c=\"16\" title=\"FIDI &amp; FAIM (FIDI akrediteeritud rahvusvaheline kolija) selgitatud\">FIDI<\/a> Akrediteeritud rahvusvaheline kolija (FAIM), kes v\u00f5iks teid kolimisel aidata.<\/p>\n<h2><strong>1. Liigu \u00fcks<\/strong><\/h2>\n<p><img loading=\"lazy\" decoding=\"async\" class=\"alignnone size-full wp-image-10159\" src=\"https:\/\/moverdb.com\/wp-content\/uploads\/Move-One-international-moving-company-1.png\" alt=\"Move One rahvusvaheline kolimisfirma\" width=\"1440\" height=\"676\" data-wp-pid=\"10159\" srcset=\"https:\/\/moverdb.com\/wp-content\/uploads\/Move-One-international-moving-company-1.png 1440w, https:\/\/moverdb.com\/wp-content\/uploads\/Move-One-international-moving-company-1-300x141.png 300w, https:\/\/moverdb.com\/wp-content\/uploads\/Move-One-international-moving-company-1-1024x481.png 1024w, https:\/\/moverdb.com\/wp-content\/uploads\/Move-One-international-moving-company-1-18x8.png 18w, https:\/\/moverdb.com\/wp-content\/uploads\/Move-One-international-moving-company-1-600x282.png 600w\" sizes=\"auto, (max-width: 1440px) 100vw, 1440px\" \/><\/p>\n<ul>\n<li>Riiklikud liikumised<\/li>\n<li>Rahvusvahelised liikumised<\/li>\n<li>Kodumajapidamiste kolimised<\/li>\n<li>Kaubanduslik logistika<\/li>\n<li>\u00dcmberpaigutamise teenused<\/li>\n<li>Pakkimisteenus<\/li>\n<li>Transpordi korraldus<\/li>\n<li>Tollitoetus<\/li>\n<li>Lemmikloomade ja s\u00f5idukite vedu<\/li>\n<li>Ladustamisv\u00f5imalused<\/li>\n<\/ul>\n<p>Move One on 1992. aastal asutatud logistika-, kolimis- ja globaalsete liikuvuslahenduste ettev\u00f5te, millel on \u00fcle 80 kontori kogu Ida-Euroopas, Aafrikas, L\u00e4his-Idas, Balkanil ja SR\u00dcs. Nende Usbekistani kontor asub Ta\u0161kendis. Neil on rahvusvaheliste teenuste osutamiseks kontorite ja esindajate v\u00f5rgustik. Nad on IAMi liige, kes on olnud seitse aastat IAMi liige.<\/p>\n<p>Move One koordineerib teie kolimist, tagades selle sujuva kulgemise, pakkudes pakkimisteenust, transpordikorraldust ja tolliabi. Nad pakuvad lisateenuseid, sealhulgas lubade ja viisade, loomade veo, autode veo, liigse pagasi ja ladustamise teenuseid. \u00dcmberpaigutamisteenused h\u00f5lmavad kodu ja koolide otsinguid, ajutist majutust, orienteerumist ja sisseelamist.<\/p>\n<p>Veebileht: <a href=\"https:\/\/www.moveoneinc.com\" target=\"_blank\" rel=\"noopener\">https:\/\/www.moveoneinc.com<\/a><\/p>\n<h2><strong>2. Gosselin<\/strong><\/h2>\n<p><img loading=\"lazy\" decoding=\"async\" class=\"alignnone size-full wp-image-10132\" src=\"https:\/\/moverdb.com\/wp-content\/uploads\/Gosselin-Uzbekistan-international-moving-company.png\" alt=\"Gosselin Usbekistan rahvusvaheline kolimisfirma\" width=\"1440\" height=\"680\" data-wp-pid=\"10132\" srcset=\"https:\/\/moverdb.com\/wp-content\/uploads\/Gosselin-Uzbekistan-international-moving-company.png 1440w, https:\/\/moverdb.com\/wp-content\/uploads\/Gosselin-Uzbekistan-international-moving-company-300x142.png 300w, https:\/\/moverdb.com\/wp-content\/uploads\/Gosselin-Uzbekistan-international-moving-company-1024x484.png 1024w, https:\/\/moverdb.com\/wp-content\/uploads\/Gosselin-Uzbekistan-international-moving-company-18x9.png 18w, https:\/\/moverdb.com\/wp-content\/uploads\/Gosselin-Uzbekistan-international-moving-company-600x283.png 600w\" sizes=\"auto, (max-width: 1440px) 100vw, 1440px\" \/><\/p>\n<ul>\n<li>Riiklikud liikumised<\/li>\n<li>Rahvusvahelised liikumised<\/li>\n<li>Kodumajapidamiste kolimised<\/li>\n<li>Kontori kolimised<\/li>\n<li>Ukselt-uksele teenus<\/li>\n<li>Pakkimisteenus<\/li>\n<li>Transpordikorraldus<\/li>\n<li>Fine art liigub<\/li>\n<li>Auto ja lemmikloomade liikumine<\/li>\n<li>Ladustamislahendused<\/li>\n<\/ul>\n<p>Gosselin on 1930. aastal asutatud rahvusvaheline kolimisfirma, millel on esindused 34 riigis Euroopas, Kaukaasias ja Kesk-Aasias, sealhulgas Ta\u0161kentis Usbekistanis. Nad kasutavad oma kontoreid ja kolimispartnerite v\u00f5rgustikku \u00fcle maailma, et pakkuda rahvusvahelisi teenuseid. Nad on IAMi liige.<\/p>\n<p>Gosselin pakub ukselt-uksele kolimisteenust koos professionaalsete kolijatega, et aidata teil kolida k\u00f5ikjal maailmas. Nad pakivad teie asjad turvaliselt kokku, demonteerivad ja panevad m\u00f6\u00f6bli kokku ning pakivad selle saabumisel lahti. Nad kasutavad keskkonnas\u00f5bralikke pakkematerjale ja pakuvad transpordikindlustust. Nad pakuvad lisateenuseid, sealhulgas kunstiteoste k\u00e4itlemist, <a href=\"https:\/\/moverdb.com\/et\/car-transport-shipping\/\" data-internallinksmanager029f6b8e52c=\"2\" title=\"2026 Rahvusvaheline autoveo ja s\u00f5idukite veo hinnapakkumised\">autoveod<\/a>, lemmikloomade kolimis- ja ladustamislahendused.<\/p>\n<p>Veebileht: <a href=\"https:\/\/gosselin-moving.com\/uzbekistan\" target=\"_blank\" rel=\"noopener\">https:\/\/gosselin-moving.com\/uzbekistan<\/a><\/p>","protected":false},"excerpt":{"rendered":"<p>Are you planning on moving within, to or from Uzbekistan? Then engaging a moving company who can assist you with packing, arranging transport and handling customs for international moves can really ease your move. Below we have compiled a list of Uzbekistan based removal companies that are members of the International Association of Movers (IAM) [&hellip;]<\/p>\n","protected":false},"author":4,"featured_media":10159,"parent":190,"menu_order":0,"comment_status":"closed","ping_status":"closed","template":"","meta":{"_genesis_hide_title":false,"_genesis_hide_breadcrumbs":false,"_genesis_hide_singular_image":false,"_genesis_hide_footer_widgets":false,"_genesis_custom_body_class":"","_genesis_custom_post_class":"","_genesis_layout":"","footnotes":""},"class_list":{"0":"post-10253","1":"page","2":"type-page","3":"status-publish","4":"has-post-thumbnail","6":"entry"},"_links":{"self":[{"href":"https:\/\/moverdb.com\/et\/wp-json\/wp\/v2\/pages\/10253","targetHints":{"allow":["GET"]}}],"collection":[{"href":"https:\/\/moverdb.com\/et\/wp-json\/wp\/v2\/pages"}],"about":[{"href":"https:\/\/moverdb.com\/et\/wp-json\/wp\/v2\/types\/page"}],"author":[{"embeddable":true,"href":"https:\/\/moverdb.com\/et\/wp-json\/wp\/v2\/users\/4"}],"replies":[{"embeddable":true,"href":"https:\/\/moverdb.com\/et\/wp-json\/wp\/v2\/comments?post=10253"}],"version-history":[{"count":1,"href":"https:\/\/moverdb.com\/et\/wp-json\/wp\/v2\/pages\/10253\/revisions"}],"predecessor-version":[{"id":10254,"href":"https:\/\/moverdb.com\/et\/wp-json\/wp\/v2\/pages\/10253\/revisions\/10254"}],"up":[{"embeddable":true,"href":"https:\/\/moverdb.com\/et\/wp-json\/wp\/v2\/pages\/190"}],"wp:featuredmedia":[{"embeddable":true,"href":"https:\/\/moverdb.com\/et\/wp-json\/wp\/v2\/media\/10159"}],"wp:attachment":[{"href":"https:\/\/moverdb.com\/et\/wp-json\/wp\/v2\/media?parent=10253"}],"curies":[{"name":"wp","href":"https:\/\/api.w.org\/{rel}","templated":true}]}}