{"id":10249,"date":"2023-06-22T15:38:39","date_gmt":"2023-06-22T15:38:39","guid":{"rendered":"https:\/\/moverdb.com\/?page_id=10249"},"modified":"2026-01-08T15:24:29","modified_gmt":"2026-01-08T15:24:29","slug":"moving-companies-uruguay","status":"publish","type":"page","link":"https:\/\/moverdb.com\/et\/moving-companies\/moving-companies-uruguay\/","title":{"rendered":"3 parimat rahvusvahelist kolimisfirmat Uruguais"},"content":{"rendered":"<p>Kodu v\u00f5i ettev\u00f5tte kolimine v\u00f5ib olla hektiline ja stressirohke aeg, mil tuleb palju teha ja korraldada. See on koht, kus <a href=\"https:\/\/moverdb.com\/et\/moving-companies\/\" data-internallinksmanager029f6b8e52c=\"79\" title=\"Top 25 rahvusvahelist kolimisfirmat Internetis\">kolimisfirma<\/a> v\u00f5ib teid aidata, v\u00f5ttes enda peale paljud \u00fclesanded, nagu pakkimine, transpordi korraldamine ja tollikorralduse korraldamine riikidevaheliste kolimiste puhul. Allpool oleme koostanud nimekirja Uruguaias asuvatest <a href=\"https:\/\/moverdb.com\/et\/international-removals\/\" data-internallinksmanager029f6b8e52c=\"27\" title=\"36 Parimad rahvusvahelised kolimisfirmad \u00dchendkuningriigis\">kolimisfirmad<\/a> mis on liikmed <a href=\"https:\/\/moverdb.com\/et\/iam\/\" data-internallinksmanager029f6b8e52c=\"23\" title=\"Rahvusvaheline kolijate assotsiatsioon (IAM) Selgitatud\">Rahvusvaheline kolijate assotsiatsioon<\/a> (IAM) ja\/v\u00f5i <a href=\"https:\/\/moverdb.com\/et\/fidi-faim\/\" data-internallinksmanager029f6b8e52c=\"16\" title=\"FIDI &amp; FAIM (FIDI akrediteeritud rahvusvaheline kolija) selgitatud\">FIDI<\/a> akrediteeritud rahvusvaheline kolija (FAIM), kes v\u00f5iks teid teie kolimisel aidata.<\/p>\n<h2><strong>1. AB Liikumine<\/strong><\/h2>\n<p><img loading=\"lazy\" decoding=\"async\" class=\"alignnone size-full wp-image-10064\" src=\"https:\/\/moverdb.com\/wp-content\/uploads\/AB-Moving-international-moving-company.png\" alt=\"AB Moving rahvusvaheline kolimisfirma\" width=\"1440\" height=\"679\" data-wp-pid=\"10064\" srcset=\"https:\/\/moverdb.com\/wp-content\/uploads\/AB-Moving-international-moving-company.png 1440w, https:\/\/moverdb.com\/wp-content\/uploads\/AB-Moving-international-moving-company-300x141.png 300w, https:\/\/moverdb.com\/wp-content\/uploads\/AB-Moving-international-moving-company-1024x483.png 1024w, https:\/\/moverdb.com\/wp-content\/uploads\/AB-Moving-international-moving-company-18x8.png 18w, https:\/\/moverdb.com\/wp-content\/uploads\/AB-Moving-international-moving-company-600x283.png 600w\" sizes=\"auto, (max-width: 1440px) 100vw, 1440px\" \/><\/p>\n<ul>\n<li>Riiklikud liikumised<\/li>\n<li>Rahvusvahelised liikumised<\/li>\n<li>Kodumajapidamiste kolimised<\/li>\n<li>Ettev\u00f5tte liikumine<\/li>\n<li>\u00dcmberpaigutamise teenused<\/li>\n<li>Professionaalne pakend<\/li>\n<li>Lennu-, mere- ja maismaatransport<\/li>\n<li>Kunsti k\u00e4sitlemine<\/li>\n<li>Lemmikloomade \u00fcmberpaigutamine<\/li>\n<li>Turvaline ladustamine<\/li>\n<\/ul>\n<p>AB Moving on \u00fcle 25-aastase kogemusega rahvusvaheline kolimis- ja \u00fcmberpaigutamisfirma, mis asub Montevideos. Neil on esindajate v\u00f5rgustik \u00fcle kogu maailma, mis v\u00f5imaldab neil pakkuda kolimisi k\u00f5ikjal maailmas. Nad on IAMi liige, kellel on 15-aastane kogemus.<\/p>\n<p>AB Moving pakub individuaalseid teenuseid, mis on kohandatud teie vajadustele ja pakuvad uksest-ukseni teenust. Nad pakuvad professionaalset pakkimisteenust, mis kasutab teie esemete kaitsmiseks kvaliteetseid materjale ja eritellimusel p\u00f5hinevaid puust skelette. Nad korraldavad transpordi \u00f5hu-, mere- v\u00f5i maanteetranspordi koos k\u00f5igi vajalike dokumentidega.<\/p>\n<p>Veebileht: <a href=\"http:\/\/www.ab.com.uy\" target=\"_blank\" rel=\"noopener\">http:\/\/www.ab.com.uy<\/a><\/p>\n<h2><strong>2. Autogiro<\/strong><\/h2>\n<p><img loading=\"lazy\" decoding=\"async\" class=\"alignnone size-full wp-image-10085\" src=\"https:\/\/moverdb.com\/wp-content\/uploads\/Autogiro-international-moving-company.png\" alt=\"Autogiro rahvusvaheline kolimisfirma\" width=\"1440\" height=\"682\" data-wp-pid=\"10085\" srcset=\"https:\/\/moverdb.com\/wp-content\/uploads\/Autogiro-international-moving-company.png 1440w, https:\/\/moverdb.com\/wp-content\/uploads\/Autogiro-international-moving-company-300x142.png 300w, https:\/\/moverdb.com\/wp-content\/uploads\/Autogiro-international-moving-company-1024x485.png 1024w, https:\/\/moverdb.com\/wp-content\/uploads\/Autogiro-international-moving-company-18x9.png 18w, https:\/\/moverdb.com\/wp-content\/uploads\/Autogiro-international-moving-company-600x284.png 600w\" sizes=\"auto, (max-width: 1440px) 100vw, 1440px\" \/><\/p>\n<ul>\n<li>Riiklikud liikumised<\/li>\n<li>Rahvusvahelised liikumised<\/li>\n<li>Elamu kolimine<\/li>\n<li>Ettev\u00f5tte kolimised<\/li>\n<li>\u00dcmberpaigutamise teenused<\/li>\n<li>Pakkimisteenus<\/li>\n<li>Transpordi korraldus<\/li>\n<li>Kunstiteoste k\u00e4itlemine<\/li>\n<li>Lemmikloomade transport<\/li>\n<li>Turvaline ladustamine<\/li>\n<\/ul>\n<p>Autogiro on 1925. aastal asutatud kolimis- ja kaubaveoettev\u00f5te, mis asub Montevideos. Nad on loonud sidemed agentidega \u00fcle kogu maailma, kes osutavad k\u00f5rgeid standardeid, et aidata neil pakkuda rahvusvahelisi teenuseid. Nad on IAMi liige, kellel on 98 aastat teenistust ja kes on akrediteeritud FIDI poolt.<\/p>\n<p>Autogiro hindab k\u00f5igepealt teie kolimise mahtu ja annab hinnapakkumise ukselt-uksele kolimise kohta koos tollialaste n\u00f5uannetega. Nad pakivad teie asjad ja kaitsevad neid MDF-sahtlitesse ning t\u00e4idavad rahvusvahelisi standardeid habraste esemete kohta. Nad laadivad need kas konteinerisse v\u00f5i puukastidesse ja transpordivad need teie sihtkohta, esitades inventari.<\/p>\n<p>Veebileht: <a href=\"http:\/\/www.autogiro.com.uy\" target=\"_blank\" rel=\"noopener\">http:\/\/www.autogiro.com.uy<\/a><\/p>\n<h2><strong>3. Uruvan<\/strong><\/h2>\n<p><img loading=\"lazy\" decoding=\"async\" class=\"alignnone size-full wp-image-10251\" src=\"https:\/\/moverdb.com\/wp-content\/uploads\/Uruvan-international-moving-company-1.png\" alt=\"Uruvan rahvusvaheline kolimisfirma\" width=\"1440\" height=\"709\" data-wp-pid=\"10251\" srcset=\"https:\/\/moverdb.com\/wp-content\/uploads\/Uruvan-international-moving-company-1.png 1440w, https:\/\/moverdb.com\/wp-content\/uploads\/Uruvan-international-moving-company-1-300x148.png 300w, https:\/\/moverdb.com\/wp-content\/uploads\/Uruvan-international-moving-company-1-1024x504.png 1024w, https:\/\/moverdb.com\/wp-content\/uploads\/Uruvan-international-moving-company-1-18x9.png 18w, https:\/\/moverdb.com\/wp-content\/uploads\/Uruvan-international-moving-company-1-600x295.png 600w\" sizes=\"auto, (max-width: 1440px) 100vw, 1440px\" \/><\/p>\n<ul>\n<li>Riiklikud kolimised<\/li>\n<li>Rahvusvahelised kolimised<\/li>\n<li>Kodumajapidamiste kolimised<\/li>\n<li>Ettev\u00f5tte kolimised<\/li>\n<li>\u00dcmberpaigutamise teenused<\/li>\n<li>Pakkimisteenus<\/li>\n<li>Tollivormistus<\/li>\n<li>Kunstiline transport<\/li>\n<li>Lemmikloomade transport<\/li>\n<li>Ladustamisv\u00f5imalused<\/li>\n<\/ul>\n<p>Uruvan on 1982. aastal asutatud riiklik ja rahvusvaheline kolimisfirma, mis pakub ekspedeerimis- ja ladustamisteenuseid ning mille asukoht on Montevideos ja kontor asub Punta del Etse linnas. Nad teevad koost\u00f6\u00f6d agentuuridega kogu maailmas, et pakkuda teenuseid Uruguays ja rahvusvaheliselt. Nad on IAMi liige, kellel on 41-aastane tegevusperiood ja kes on akrediteeritud FIDI poolt.<\/p>\n<p>Uruvan pakub ukselt-uksele kolimisteenust, mis algab kodu \u00fclevaatusega, et hinnata teie vajadusi ja koostada hinnapakkumine. Nad koordineerivad teie kolimist ning korraldavad transpordi, pakkimise ja tollivormistuse. Nende professionaalne kolimismeeskond pakib teie asjad sobivate pakkematerjalidega, et kaitsta neid uude koju transportimisel.<\/p>\n<p>Veebileht: <a href=\"http:\/\/www.uruvan.com.uy\" target=\"_blank\" rel=\"noopener\">http:\/\/www.uruvan.com.uy<\/a><\/p>","protected":false},"excerpt":{"rendered":"<p>Moving home or your business can be a hectic and stressful time with a lot to do and arrange. This is where a moving company can help you by taking on many of the tasks such as packing, arranging transportation and handling customs arrangements for inter-country moves. Below we have compiled a list of Uruguay [&hellip;]<\/p>\n","protected":false},"author":4,"featured_media":10064,"parent":190,"menu_order":0,"comment_status":"closed","ping_status":"closed","template":"","meta":{"_genesis_hide_title":false,"_genesis_hide_breadcrumbs":false,"_genesis_hide_singular_image":false,"_genesis_hide_footer_widgets":false,"_genesis_custom_body_class":"","_genesis_custom_post_class":"","_genesis_layout":"","footnotes":""},"class_list":{"0":"post-10249","1":"page","2":"type-page","3":"status-publish","4":"has-post-thumbnail","6":"entry"},"_links":{"self":[{"href":"https:\/\/moverdb.com\/et\/wp-json\/wp\/v2\/pages\/10249","targetHints":{"allow":["GET"]}}],"collection":[{"href":"https:\/\/moverdb.com\/et\/wp-json\/wp\/v2\/pages"}],"about":[{"href":"https:\/\/moverdb.com\/et\/wp-json\/wp\/v2\/types\/page"}],"author":[{"embeddable":true,"href":"https:\/\/moverdb.com\/et\/wp-json\/wp\/v2\/users\/4"}],"replies":[{"embeddable":true,"href":"https:\/\/moverdb.com\/et\/wp-json\/wp\/v2\/comments?post=10249"}],"version-history":[{"count":1,"href":"https:\/\/moverdb.com\/et\/wp-json\/wp\/v2\/pages\/10249\/revisions"}],"predecessor-version":[{"id":10252,"href":"https:\/\/moverdb.com\/et\/wp-json\/wp\/v2\/pages\/10249\/revisions\/10252"}],"up":[{"embeddable":true,"href":"https:\/\/moverdb.com\/et\/wp-json\/wp\/v2\/pages\/190"}],"wp:featuredmedia":[{"embeddable":true,"href":"https:\/\/moverdb.com\/et\/wp-json\/wp\/v2\/media\/10064"}],"wp:attachment":[{"href":"https:\/\/moverdb.com\/et\/wp-json\/wp\/v2\/media?parent=10249"}],"curies":[{"name":"wp","href":"https:\/\/api.w.org\/{rel}","templated":true}]}}