{"id":10244,"date":"2023-06-22T15:42:03","date_gmt":"2023-06-22T15:42:03","guid":{"rendered":"https:\/\/moverdb.com\/?page_id=10244"},"modified":"2026-01-08T15:24:55","modified_gmt":"2026-01-08T15:24:55","slug":"moving-companies-ukraine","status":"publish","type":"page","link":"https:\/\/moverdb.com\/et\/moving-companies\/moving-companies-ukraine\/","title":{"rendered":"4 parimat rahvusvahelist kolimisfirmat Ukrainas"},"content":{"rendered":"<p>Kolimine on igal ajal keeruline, nii et kui te plaanite kolida Ukrainast, Ukrainasse v\u00f5i Ukraina piires, v\u00f5iksite kaaluda, kas teil on vaja saada <a href=\"https:\/\/moverdb.com\/et\/moving-companies\/\" data-internallinksmanager029f6b8e52c=\"79\" title=\"Top 25 rahvusvahelist kolimisfirmat Internetis\">kolimisfirma<\/a>. Nad saavad aidata planeerimise, pakkimise ja logistika osas. Allpool oleme koostanud nimekirja Ukraina <a href=\"https:\/\/moverdb.com\/et\/international-removals\/\" data-internallinksmanager029f6b8e52c=\"27\" title=\"36 Parimad rahvusvahelised kolimisfirmad \u00dchendkuningriigis\">kolimisfirmad<\/a> mis on liikmed <a href=\"https:\/\/moverdb.com\/et\/iam\/\" data-internallinksmanager029f6b8e52c=\"23\" title=\"Rahvusvaheline kolijate assotsiatsioon (IAM) Selgitatud\">Rahvusvaheline kolijate assotsiatsioon<\/a> (IAM) ja\/v\u00f5i <a href=\"https:\/\/moverdb.com\/et\/fidi-faim\/\" data-internallinksmanager029f6b8e52c=\"16\" title=\"FIDI &amp; FAIM (FIDI akrediteeritud rahvusvaheline kolija) selgitatud\">FIDI<\/a> akrediteeritud rahvusvaheline kolija (FAIM), kes v\u00f5iks teid teie kolimisel aidata.<\/p>\n<div id=\"ez-toc-container\" class=\"ez-toc-v2_0_82_2 ez-toc-wrap-left counter-hierarchy ez-toc-counter ez-toc-transparent ez-toc-container-direction\">\n<div class=\"ez-toc-title-container\">\n<p class=\"ez-toc-title\" style=\"cursor:inherit\">Jaotised<\/p>\n<span class=\"ez-toc-title-toggle\"><a href=\"#\" class=\"ez-toc-pull-right ez-toc-btn ez-toc-btn-xs ez-toc-btn-default ez-toc-toggle\" aria-label=\"Sisukorra vaheldumine\"><span class=\"ez-toc-js-icon-con\"><span class=\"\"><span class=\"eztoc-hide\" style=\"display:none;\">Toggle<\/span><span class=\"ez-toc-icon-toggle-span\"><svg style=\"fill: #999;color:#999\" xmlns=\"http:\/\/www.w3.org\/2000\/svg\" class=\"list-377408\" width=\"20px\" height=\"20px\" viewbox=\"0 0 24 24\" fill=\"none\"><path d=\"M6 6H4v2h2V6zm14 0H8v2h12V6zM4 11h2v2H4v-2zm16 0H8v2h12v-2zM4 16h2v2H4v-2zm16 0H8v2h12v-2z\" fill=\"currentColor\"><\/path><\/svg><svg style=\"fill: #999;color:#999\" class=\"arrow-unsorted-368013\" xmlns=\"http:\/\/www.w3.org\/2000\/svg\" width=\"10px\" height=\"10px\" viewbox=\"0 0 24 24\" version=\"1.2\" baseprofile=\"tiny\"><path d=\"M18.2 9.3l-6.2-6.3-6.2 6.3c-.2.2-.3.4-.3.7s.1.5.3.7c.2.2.4.3.7.3h11c.3 0 .5-.1.7-.3.2-.2.3-.5.3-.7s-.1-.5-.3-.7zM5.8 14.7l6.2 6.3 6.2-6.3c.2-.2.3-.5.3-.7s-.1-.5-.3-.7c-.2-.2-.4-.3-.7-.3h-11c-.3 0-.5.1-.7.3-.2.2-.3.5-.3.7s.1.5.3.7z\"\/><\/svg><\/span><\/span><\/span><\/a><\/span><\/div>\n<nav><ul class='ez-toc-list ez-toc-list-level-1 eztoc-toggle-hide-by-default' ><li class='ez-toc-page-1 ez-toc-heading-level-2'><a class=\"ez-toc-link ez-toc-heading-1\" href=\"https:\/\/moverdb.com\/et\/moving-companies\/moving-companies-ukraine\/#1_Eurodean_International_Movers\" >1. Eurodean International Movers<\/a><\/li><li class='ez-toc-page-1 ez-toc-heading-level-2'><a class=\"ez-toc-link ez-toc-heading-2\" href=\"https:\/\/moverdb.com\/et\/moving-companies\/moving-companies-ukraine\/#2_Gosselin\" >2. Gosselin<\/a><\/li><li class='ez-toc-page-1 ez-toc-heading-level-2'><a class=\"ez-toc-link ez-toc-heading-3\" href=\"https:\/\/moverdb.com\/et\/moving-companies\/moving-companies-ukraine\/#3_KLS\" >3. KLS<\/a><\/li><li class='ez-toc-page-1 ez-toc-heading-level-2'><a class=\"ez-toc-link ez-toc-heading-4\" href=\"https:\/\/moverdb.com\/et\/moving-companies\/moving-companies-ukraine\/#4_Santa_Fe_Relocation\" >4. Santa Fe \u00fcmberpaigutamine<\/a><\/li><\/ul><\/nav><\/div>\n<h2><span class=\"ez-toc-section\" id=\"1_Eurodean_International_Movers\"><\/span><strong>1. Eurodean International Movers<\/strong><span class=\"ez-toc-section-end\"><\/span><\/h2>\n<p><img loading=\"lazy\" decoding=\"async\" class=\"alignnone size-full wp-image-10114\" src=\"https:\/\/moverdb.com\/wp-content\/uploads\/Eurodean-International-Movers-moving-company.png\" alt=\"Eurodean International Movers kolimisfirma\" width=\"1440\" height=\"680\" data-wp-pid=\"10114\" srcset=\"https:\/\/moverdb.com\/wp-content\/uploads\/Eurodean-International-Movers-moving-company.png 1440w, https:\/\/moverdb.com\/wp-content\/uploads\/Eurodean-International-Movers-moving-company-300x142.png 300w, https:\/\/moverdb.com\/wp-content\/uploads\/Eurodean-International-Movers-moving-company-1024x484.png 1024w, https:\/\/moverdb.com\/wp-content\/uploads\/Eurodean-International-Movers-moving-company-18x9.png 18w, https:\/\/moverdb.com\/wp-content\/uploads\/Eurodean-International-Movers-moving-company-600x283.png 600w\" sizes=\"auto, (max-width: 1440px) 100vw, 1440px\" \/><\/p>\n<ul>\n<li>Rahvusvahelised liikumised<\/li>\n<li>Kodumajapidamiste kolimised<\/li>\n<li>Kontori kolimised<\/li>\n<li>Pakkimisteenus<\/li>\n<li>Maismaa-, mere- ja \u00f5huvedu<\/li>\n<li>Tolliteenistus<\/li>\n<li>Kunstiteoste k\u00e4itlemine<\/li>\n<li>Lemmikloomade \u00fcmberpaigutamine<\/li>\n<li>Kindlustus<\/li>\n<li>Ladustamisv\u00f5imalused<\/li>\n<\/ul>\n<p>Eurodean International Movers on rahvusvaheline kolimisfirma, mis on tegutsenud Ukrainas alates 2000. aastast. Nad on IAMi liige, kellel on 16-aastane kogemus, mis t\u00e4hendab, et neil on juurdep\u00e4\u00e4s rahvusvahelisele kolimisfirmade v\u00f5rgustikule, mis toetab \u00fclemaailmseid kolimisi.<\/p>\n<p>Eurodean International Movers pakub ukselt-uksele kolimisteenuseid, sealhulgas pakub k\u00f5rgelt kvalifitseeritud pakendajaid, kes kasutavad spetsiaalselt esemetele m\u00f5eldud pakendeid. Samuti valmistavad nad hapraste esemete jaoks kohandatud puidust kastid. Nad korraldavad teie asjade transpordi maismaal, merel v\u00f5i \u00f5hus koos tollivormistuse ja lubade menetlemisega. Nad pakuvad lisateenuseid, sealhulgas lemmikloomade \u00fcmberpaigutamist ja kunstiteoste k\u00e4itlemist.<\/p>\n<p>Veebileht: <a href=\"https:\/\/eurodean.ua\/\" target=\"_blank\" rel=\"noopener\">https:\/\/eurodean.ua\/<\/a><\/p>\n<h2><span class=\"ez-toc-section\" id=\"2_Gosselin\"><\/span><strong>2. Gosselin<\/strong><span class=\"ez-toc-section-end\"><\/span><\/h2>\n<p><img loading=\"lazy\" decoding=\"async\" class=\"alignnone size-full wp-image-10131\" src=\"https:\/\/moverdb.com\/wp-content\/uploads\/Gosselin-Ukraine-international-moving-company.png\" alt=\"Gosselin Ukraina rahvusvaheline kolimisfirma\" width=\"1440\" height=\"681\" data-wp-pid=\"10131\" srcset=\"https:\/\/moverdb.com\/wp-content\/uploads\/Gosselin-Ukraine-international-moving-company.png 1440w, https:\/\/moverdb.com\/wp-content\/uploads\/Gosselin-Ukraine-international-moving-company-300x142.png 300w, https:\/\/moverdb.com\/wp-content\/uploads\/Gosselin-Ukraine-international-moving-company-1024x484.png 1024w, https:\/\/moverdb.com\/wp-content\/uploads\/Gosselin-Ukraine-international-moving-company-18x9.png 18w, https:\/\/moverdb.com\/wp-content\/uploads\/Gosselin-Ukraine-international-moving-company-600x284.png 600w\" sizes=\"auto, (max-width: 1440px) 100vw, 1440px\" \/><\/p>\n<ul>\n<li>Rahvusvahelised liikumised<\/li>\n<li>Elamu kolimine<\/li>\n<li>Ettev\u00f5tte liikumised<\/li>\n<li>Ukselt-uksele teenus<\/li>\n<li>Pakkimisteenus<\/li>\n<li>Transpordi korraldamine<\/li>\n<li>Tollik\u00e4itlus<\/li>\n<li>Lemmikloomad ja <a href=\"https:\/\/moverdb.com\/et\/car-transport-shipping\/\" data-internallinksmanager029f6b8e52c=\"2\" title=\"2026 Rahvusvaheline autoveo ja s\u00f5idukite veo hinnapakkumised\">autotransport<\/a><\/li>\n<li>Transpordikindlustus<\/li>\n<li>Ladustamisteenus<\/li>\n<\/ul>\n<p>Gosselin on rahvusvaheline kolimisfirma, millel on kontorid 34 riigis Euroopas, Kaukaasias ja Kesk-Aasias, nende Ukraina kontor asub Kiievis. Neil on ka kvaliteetsete kolimispartnerite v\u00f5rgustik, mis t\u00e4iendab nende enda v\u00f5rgustikku, et pakkuda kolimisi peaaegu k\u00f5ikjale. Nad on IAMi liige.<\/p>\n<p>Gosselin pakub uksest-ukseni kolimisteenust Ukrainasse ja Ukrainast v\u00e4lja professionaalsete kolijate abil. Nende pakkimisteenus h\u00f5lmab teie asjade turvalist pakkimist transpordiks, m\u00f6\u00f6bli lahtiv\u00f5tmist ja kokkupanekut ning lahtipakkimist saabumisel. Nad kasutavad keskkonnas\u00f5bralikke pakkematerjale ning pakuvad transpordikindlustust ja tuge tolliprotseduuride puhul.<\/p>\n<p>Veebileht: <a href=\"https:\/\/gosselin-moving.com\/en\/moving-to-ukraine\" target=\"_blank\" rel=\"noopener\">https:\/\/gosselin-moving.com\/en\/moving-to-ukraine<\/a><\/p>\n<h2><span class=\"ez-toc-section\" id=\"3_KLS\"><\/span><strong>3. KLS<\/strong><span class=\"ez-toc-section-end\"><\/span><\/h2>\n<p><img loading=\"lazy\" decoding=\"async\" class=\"alignnone size-full wp-image-10147\" src=\"https:\/\/moverdb.com\/wp-content\/uploads\/KLS-Ukraine-international-moving-company.png\" alt=\"KLS Ukraina rahvusvaheline kolimisfirma\" width=\"1440\" height=\"683\" data-wp-pid=\"10147\" srcset=\"https:\/\/moverdb.com\/wp-content\/uploads\/KLS-Ukraine-international-moving-company.png 1440w, https:\/\/moverdb.com\/wp-content\/uploads\/KLS-Ukraine-international-moving-company-300x142.png 300w, https:\/\/moverdb.com\/wp-content\/uploads\/KLS-Ukraine-international-moving-company-1024x486.png 1024w, https:\/\/moverdb.com\/wp-content\/uploads\/KLS-Ukraine-international-moving-company-18x9.png 18w, https:\/\/moverdb.com\/wp-content\/uploads\/KLS-Ukraine-international-moving-company-600x285.png 600w\" sizes=\"auto, (max-width: 1440px) 100vw, 1440px\" \/><\/p>\n<ul>\n<li>Kohalikud ja riiklikud liikumised<\/li>\n<li>Rahvusvahelised \u00fcmberpaigutused<\/li>\n<li>Elamute vedu<\/li>\n<li>Kontoritransport<\/li>\n<li>Ukselt-uksele transport<\/li>\n<li>Pakkimisteenused<\/li>\n<li>Maantee-, mere- ja \u00f5hutransport<\/li>\n<li>Tollimaaklerlus<\/li>\n<li>Puhastusteenused<\/li>\n<li>Ladustamisv\u00f5imalused<\/li>\n<\/ul>\n<p>KLS on kolimisspetsialist, mis asub Kiievis ja omab esindusi teistes Ukraina piirkondades ja pealinnades \u00fcle maailma. Neil on strateegilised partnerid \u00fcle kogu maailma, kes toetavad neid nende teenuste osutamisel. Nad on IAMi liige 22-aastase tegevusega.<\/p>\n<p>KLS hindab ja planeerib teie kolimise koos \u00fche oma spetsialistide lahkumise ja pakub uksest-ukseni teenust, mida toetab isiklik juht. Nad pakuvad pakkimisteenust, mis h\u00f5lmab teie asjade turvalist pakkimist, m\u00f6\u00f6bli lahtiv\u00f5tmist ning saabumisel m\u00f6\u00f6bli kokkupanekut ja lahtipakkimist. Nad korraldavad transpordi maantee-, mere- v\u00f5i \u00f5hutranspordi koos tollimaakleriga.<\/p>\n<p>Veebileht: <a href=\"http:\/\/www.kls.ua\/\" target=\"_blank\" rel=\"noopener\">http:\/\/www.kls.ua\/<\/a><\/p>\n<h2><span class=\"ez-toc-section\" id=\"4_Santa_Fe_Relocation\"><\/span><strong>4. Santa Fe \u00fcmberpaigutamine<\/strong><span class=\"ez-toc-section-end\"><\/span><\/h2>\n<p><img loading=\"lazy\" decoding=\"async\" class=\"alignnone size-full wp-image-10179\" src=\"https:\/\/moverdb.com\/wp-content\/uploads\/Santa-Fe-Relocation-Ukraine-international-moving-company.png\" alt=\"Santa Fe Relocation Ukraina rahvusvaheline kolimisfirma\" width=\"1440\" height=\"681\" data-wp-pid=\"10179\" srcset=\"https:\/\/moverdb.com\/wp-content\/uploads\/Santa-Fe-Relocation-Ukraine-international-moving-company.png 1440w, https:\/\/moverdb.com\/wp-content\/uploads\/Santa-Fe-Relocation-Ukraine-international-moving-company-300x142.png 300w, https:\/\/moverdb.com\/wp-content\/uploads\/Santa-Fe-Relocation-Ukraine-international-moving-company-1024x484.png 1024w, https:\/\/moverdb.com\/wp-content\/uploads\/Santa-Fe-Relocation-Ukraine-international-moving-company-18x9.png 18w, https:\/\/moverdb.com\/wp-content\/uploads\/Santa-Fe-Relocation-Ukraine-international-moving-company-600x284.png 600w\" sizes=\"auto, (max-width: 1440px) 100vw, 1440px\" \/><\/p>\n<ul>\n<li>Kohalikud ja riiklikud liikumised<\/li>\n<li>Rahvusvahelised \u00fcmberpaigutused<\/li>\n<li>Kodumajapidamiste kolimised<\/li>\n<li>Ettev\u00f5tete \u00fcmberpaigutused<\/li>\n<li>Ukselt-uksele teenus<\/li>\n<li>Pakkimisteenus<\/li>\n<li>Transpordikorraldus<\/li>\n<li>Tollivormistus<\/li>\n<li>Viisa- ja sisser\u00e4ndeteenused<\/li>\n<li>Ladustamisv\u00f5imalused<\/li>\n<\/ul>\n<p>Santa Fe Relocation on rahvusvaheline kolimisfirma, millel on 64 kontorit 38 riigis, sealhulgas 2002. aastal avatud kontor Kiievis, kuid nad on Ukrainas teenuseid pakkunud juba 1992. aastast. Nende v\u00f5rgustik ulatub paljudesse riikidesse ja neil on partnerid, kes toetavad neid teenuste osutamisel teistes riikides. Nad on akrediteeritud FIDI poolt.<\/p>\n<p>Santa Fe Relocation pakub ukselt-uksele kolimis- ja \u00fcmberpaigutamisteenuseid Ukrainas, Ukrainasse ja Ukrainast. Nad pakuvad pakkimisteenust, et kaitsta teie asju transpordil ja korraldada teie asjade transport koos tollivormistusega. Nad saavad aidata ka viisade, t\u00f6\u00f6lubade ja muude dokumentidega.<\/p>\n<p>Veebileht: <a href=\"https:\/\/www.santaferelo.com\/en\/contact\/our-offices\/ukraine-kyiv\/\" target=\"_blank\" rel=\"noopener\">https:\/\/www.santaferelo.com\/en\/contact\/our-offices\/ukraine-kyiv\/<\/a><\/p>","protected":false},"excerpt":{"rendered":"<p>Moving is complex at any time so if you are planning a move from, to or within the Ukraine, you may want to consider getting a moving company. They can assist with planning, packing and logistics. Below we have compiled a list of Ukrainian removal companies that are members of the International Association of Movers [&hellip;]<\/p>\n","protected":false},"author":4,"featured_media":10114,"parent":190,"menu_order":0,"comment_status":"closed","ping_status":"closed","template":"","meta":{"_genesis_hide_title":false,"_genesis_hide_breadcrumbs":false,"_genesis_hide_singular_image":false,"_genesis_hide_footer_widgets":false,"_genesis_custom_body_class":"","_genesis_custom_post_class":"","_genesis_layout":"","footnotes":""},"class_list":{"0":"post-10244","1":"page","2":"type-page","3":"status-publish","4":"has-post-thumbnail","6":"entry"},"_links":{"self":[{"href":"https:\/\/moverdb.com\/et\/wp-json\/wp\/v2\/pages\/10244","targetHints":{"allow":["GET"]}}],"collection":[{"href":"https:\/\/moverdb.com\/et\/wp-json\/wp\/v2\/pages"}],"about":[{"href":"https:\/\/moverdb.com\/et\/wp-json\/wp\/v2\/types\/page"}],"author":[{"embeddable":true,"href":"https:\/\/moverdb.com\/et\/wp-json\/wp\/v2\/users\/4"}],"replies":[{"embeddable":true,"href":"https:\/\/moverdb.com\/et\/wp-json\/wp\/v2\/comments?post=10244"}],"version-history":[{"count":1,"href":"https:\/\/moverdb.com\/et\/wp-json\/wp\/v2\/pages\/10244\/revisions"}],"predecessor-version":[{"id":10245,"href":"https:\/\/moverdb.com\/et\/wp-json\/wp\/v2\/pages\/10244\/revisions\/10245"}],"up":[{"embeddable":true,"href":"https:\/\/moverdb.com\/et\/wp-json\/wp\/v2\/pages\/190"}],"wp:featuredmedia":[{"embeddable":true,"href":"https:\/\/moverdb.com\/et\/wp-json\/wp\/v2\/media\/10114"}],"wp:attachment":[{"href":"https:\/\/moverdb.com\/et\/wp-json\/wp\/v2\/media?parent=10244"}],"curies":[{"name":"wp","href":"https:\/\/api.w.org\/{rel}","templated":true}]}}